{"id":113,"date":"2018-11-06T09:19:58","date_gmt":"2018-11-06T09:19:58","guid":{"rendered":"https:\/\/lindy.com\/de\/?page_id=113"},"modified":"2026-01-05T10:52:32","modified_gmt":"2026-01-05T10:52:32","slug":"management","status":"publish","type":"page","link":"https:\/\/lindy.com\/de\/management\/","title":{"rendered":"Globales Management Team"},"content":{"rendered":"\n<section class=\"wp-block-lindy-full-width-image section section--full-width-image full-width-image theme--dark align--left font--size-medium\" style=\"background-image:url(https:\/\/lindy.com\/de\/wp-content\/uploads\/sites\/3\/2025\/09\/Management-Team.jpg)\"><img decoding=\"async\" class=\"full-width-image__image\" src=\"https:\/\/lindy.com\/de\/wp-content\/uploads\/sites\/3\/2025\/09\/Management-Team.jpg\"\/><div class=\"contained\"><div class=\"full-width-image__content\"><h2 class=\"section__heading\"><span><br\/><br\/><br\/><br\/><br\/><br\/><\/span><\/h2><h2 class=\"section__subheading section__subheading__title\"><br\/><\/h2><\/div><\/div><\/section>\n\n\n\n<section class=\"wp-block-lindy-image-text-module section section--full-width-image full-width-image--with-text theme--light section--animation-none align--center  font--size-large\" style=\"background-image:url()\"><img decoding=\"async\" class=\"full-width-image__image\" src=\"\"\/><div class=\"contained\"><div class=\"full-width-image__content\"><h2 class=\"section__heading\"><span>VIER FAMILIEN.<\/span><\/h2><h2 class=\"section__subheading section__subheading__title\">EINE GRUPPE.<\/h2><p class=\"section__paragraph\"><br\/><br\/>Die Lindy Group besteht aus den Unternehmen Lindy Elektronik GmbH, gegr\u00fcndet 1932 von Kurt Lindenberg, der Lindy Electronics Ltd., gegr\u00fcndet von Gerry Casey, sowie Lindy Taiwan, Lindy Australia und weiterer Tochterunternehmen. Sie befindet sich heute im Besitz der Familien Lindenberg, Casey, Chen und Jamieson.<br\/><br\/>Als Familienunternehmen haben wir ein pers\u00f6nliches Interesse am Erfolg und Gedeihen unseres Unternehmens. Und wir teilen gerne unsere Leidenschaft, unsere Kreativit\u00e4t und unser Engagement. Denn unser Ziel ist es, Menschen auf der ganzen Welt zu begeistern. Wir streben danach, bei allem, was wir tun, das Beste zu erreichen.<br\/><br\/>Die Marke Lindy expandiert weiterhin global und so m\u00fcssen wir den Blick nach au\u00dfen richten, um sicherzustellen, dass unsere L\u00f6sungen den Bed\u00fcrfnissen der Kunden auf der ganzen Welt entsprechen. Ebenso wichtig ist es uns jedoch, unsere Familienwerte widerzuspiegeln und die gleiche hervorragende Servicequalit\u00e4t und technische Kompetenz beizubehalten, die uns dorthin gebracht hat, wo wir heute stehen. Wir legen Wert auf den Aufbau langfristiger Beziehungen, um unseren Gesch\u00e4ftspartnern bei der Entwicklung einzigartiger Connectivity-L\u00f6sungen weltweit zu helfen.<br\/><\/p><\/div><\/div><\/section>\n\n\n\n<section class=\"wp-block-lindy-paragraph-and-images full-width-image--with-text section section--paragraph-image  theme--light font--camber font--size-small\"><div class=\"grid-noBottom-middle\"><div class=\"col-6_sm-12 full-width-image__content section section--animation-none align--right \"><div class=\"content--animate\"><div class=\"contained\"><h2 class=\"section__heading\"><span> <br\/>PETER LINDENBERG <\/span><\/h2><p class=\"section__paragraph\"><br\/>Als praktizierender Arzt schafft es Peter Lindenberg, seine medizinische Berufung mit der T\u00e4tigkeit des Gesch\u00e4ftsf\u00fchrers von Lindy in Einklang zu bringen und baute zun\u00e4chst den Standort in Italien auf. Er geh\u00f6rt bereits seit 1986 zum Unternehmen und f\u00fchrte es gemeinsam mit Vater Klaus und seinem Bruder J\u00fcrgen Lindenberg in die Zukunft. Seit einigen Jahren hat er die Gesch\u00e4ftsf\u00fchrerrolle in Deutschland ganz \u00fcbernommen und k\u00fcmmert sich neben allen globalen, strategischen und internationalen Themen zus\u00e4tzlich am Standort Mannheim um die F\u00fchrung der Fachabteilungen IT.<\/p><\/div><\/div><\/div><div class=\"col-6_sm-12 full-width-image--with-text align--right\" style=\"background-image:url(https:\/\/lindy.com\/de\/wp-content\/uploads\/sites\/3\/2024\/10\/Peter-Lindenberg.png)\"><img decoding=\"async\" src=\"https:\/\/lindy.com\/de\/wp-content\/uploads\/sites\/3\/2024\/10\/Peter-Lindenberg.png\"\/><\/div><\/div><\/section>\n\n\n\n<section class=\"wp-block-lindy-paragraph-and-images full-width-image--with-text section section--paragraph-image  theme--light font--camber font--size-small\"><div class=\"grid-noBottom-middle-reverse\"><div class=\"col-6_sm-12 full-width-image__content section section--animation-none align--left \"><div class=\"content--animate\"><div class=\"contained\"><h2 class=\"section__heading\"><span> <br\/>DARREN CASEY <\/span><\/h2><p class=\"section__paragraph\"><br\/>Darren Casey trat in die Fu\u00dfstapfen seines Vaters Gerry Casey und begann seine Karriere im Familienunternehmen 1992. Aufgrund seiner Marketing-Ausbildung war Darrens erste Aufgabe, das Marketing und Branding des Unternehmens zu entwickeln. Im Jahr 1995 wurde er Gesch\u00e4ftsf\u00fchrer von Lindy UK. Neben dieser operativen Funktion leitet er auch das globale Marketing der Lindy Group.<br\/><\/p><\/div><\/div><\/div><div class=\"col-6_sm-12 full-width-image--with-text align--left\" style=\"background-image:url(https:\/\/lindy.com\/de\/wp-content\/uploads\/sites\/3\/2024\/08\/Darren-Casey.png)\"><img decoding=\"async\" src=\"https:\/\/lindy.com\/de\/wp-content\/uploads\/sites\/3\/2024\/08\/Darren-Casey.png\"\/><\/div><\/div><\/section>\n\n\n\n<section class=\"wp-block-lindy-paragraph-and-images full-width-image--with-text section section--paragraph-image  theme--light font--camber font--size-small\"><div class=\"grid-noBottom-middle\"><div class=\"col-6_sm-12 full-width-image__content section section--animation-none align--right \"><div class=\"content--animate\"><div class=\"contained\"><h2 class=\"section__heading\"><span>tony jamieson<\/span><\/h2><p class=\"section__paragraph\"><br\/>Tony Jamieson legte 2004 den Grundstein f\u00fcr Lindy Australien und baute es zu dem auf, was es heute ist. Er leitet das Unternehmen und verk\u00f6rpert den \u201eCan Do Spirit\u201c Australiens. Er besitzt umfassende Erfahrung in den Bereichen E-Commerce, Produktmanagement und Vertrieb.<\/p><\/div><\/div><\/div><div class=\"col-6_sm-12 full-width-image--with-text align--right\" style=\"background-image:url(https:\/\/lindy.com\/de\/wp-content\/uploads\/sites\/3\/2024\/08\/Tony-Jamieson.png)\"><img decoding=\"async\" src=\"https:\/\/lindy.com\/de\/wp-content\/uploads\/sites\/3\/2024\/08\/Tony-Jamieson.png\"\/><\/div><\/div><\/section>\n\n\n\n<section class=\"wp-block-lindy-paragraph-and-images full-width-image--with-text section section--paragraph-image  theme--light font--camber font--size-small\"><div class=\"grid-noBottom-middle-reverse\"><div class=\"col-6_sm-12 full-width-image__content section section--animation-none align--left \"><div class=\"content--animate\"><div class=\"contained\"><h2 class=\"section__heading\"><span> <br\/>SHEAU CHEN <\/span><\/h2><p class=\"section__paragraph\"><br\/>Sheau Chen ist Gesch\u00e4ftsf\u00fchrer von Lindy Asien. In dieser Funktion ist er verantwortlich f\u00fcr die M\u00e4rkte Taiwan, Indonesien und Japan. Er ist ein f\u00fchrender Branchenexperte f\u00fcr Fibre-Optic-Technologien. Kenntnisse, die er bei der Entwicklung von Erweiterungsl\u00f6sungen von Lindy mit gro\u00dfem Erfolg einsetzt. Sheau Chen ist f\u00fcr Taiwan und Nordkalifornien t\u00e4tig, wo er derzeit auch die Entwicklung des US-Gesch\u00e4fts von Lindy leitet.<\/p><\/div><\/div><\/div><div class=\"col-6_sm-12 full-width-image--with-text align--left\" style=\"background-image:url(https:\/\/lindy.com\/de\/wp-content\/uploads\/sites\/3\/2024\/08\/Sheau-Chen.png)\"><img decoding=\"async\" src=\"https:\/\/lindy.com\/de\/wp-content\/uploads\/sites\/3\/2024\/08\/Sheau-Chen.png\"\/><\/div><\/div><\/section>\n\n\n\n<section class=\"wp-block-lindy-paragraph-one-col section section--horizontal-content section--horizontal-content--one-column font--size-small theme--light align--left  section--animation-none\"><div class=\"contained\"><\/div><\/section>\n","protected":false},"excerpt":{"rendered":"","protected":false},"author":15,"featured_media":0,"parent":0,"menu_order":0,"comment_status":"closed","ping_status":"closed","template":"page-templates\/template-landing.php","meta":{"_acf_changed":false,"footnotes":""},"class_list":["post-113","page","type-page","status-publish","hentry"],"acf":[],"yoast_head":"<!-- This site is optimized with the Yoast SEO plugin v26.6 - https:\/\/yoast.com\/wordpress\/plugins\/seo\/ -->\n<title>Globales Management Team - Lindy - German<\/title>\n<meta name=\"robots\" content=\"index, follow, max-snippet:-1, max-image-preview:large, max-video-preview:-1\" \/>\n<link rel=\"canonical\" href=\"https:\/\/lindy.com\/de\/management\/\" \/>\n<meta property=\"og:locale\" content=\"de_DE\" \/>\n<meta property=\"og:type\" content=\"article\" \/>\n<meta property=\"og:title\" content=\"Globales Management Team - Lindy - German\" \/>\n<meta property=\"og:url\" content=\"https:\/\/lindy.com\/de\/management\/\" \/>\n<meta property=\"og:site_name\" content=\"Lindy - German\" \/>\n<meta property=\"article:modified_time\" content=\"2026-01-05T10:52:32+00:00\" \/>\n<meta property=\"og:image\" content=\"https:\/\/lindy.com\/de\/wp-content\/uploads\/sites\/3\/2025\/09\/Management-Team.jpg\" \/>\n<meta name=\"twitter:card\" content=\"summary_large_image\" \/>\n<meta name=\"twitter:label1\" content=\"Gesch\u00e4tzte Lesezeit\" \/>\n\t<meta name=\"twitter:data1\" content=\"4 Minuten\" \/>\n<script type=\"application\/ld+json\" class=\"yoast-schema-graph\">{\"@context\":\"https:\/\/schema.org\",\"@graph\":[{\"@type\":\"WebPage\",\"@id\":\"https:\/\/lindy.com\/de\/management\/\",\"url\":\"https:\/\/lindy.com\/de\/management\/\",\"name\":\"Globales Management Team - Lindy - German\",\"isPartOf\":{\"@id\":\"https:\/\/lindy.com\/de\/#website\"},\"primaryImageOfPage\":{\"@id\":\"https:\/\/lindy.com\/de\/management\/#primaryimage\"},\"image\":{\"@id\":\"https:\/\/lindy.com\/de\/management\/#primaryimage\"},\"thumbnailUrl\":\"https:\/\/lindy.com\/de\/wp-content\/uploads\/sites\/3\/2025\/09\/Management-Team.jpg\",\"datePublished\":\"2018-11-06T09:19:58+00:00\",\"dateModified\":\"2026-01-05T10:52:32+00:00\",\"breadcrumb\":{\"@id\":\"https:\/\/lindy.com\/de\/management\/#breadcrumb\"},\"inLanguage\":\"de-DE\",\"potentialAction\":[{\"@type\":\"ReadAction\",\"target\":[\"https:\/\/lindy.com\/de\/management\/\"]}]},{\"@type\":\"ImageObject\",\"inLanguage\":\"de-DE\",\"@id\":\"https:\/\/lindy.com\/de\/management\/#primaryimage\",\"url\":\"https:\/\/lindy.com\/de\/wp-content\/uploads\/sites\/3\/2025\/09\/Management-Team.jpg\",\"contentUrl\":\"https:\/\/lindy.com\/de\/wp-content\/uploads\/sites\/3\/2025\/09\/Management-Team.jpg\",\"width\":1920,\"height\":957},{\"@type\":\"BreadcrumbList\",\"@id\":\"https:\/\/lindy.com\/de\/management\/#breadcrumb\",\"itemListElement\":[{\"@type\":\"ListItem\",\"position\":1,\"name\":\"Home\",\"item\":\"https:\/\/lindy.com\/de\/\"},{\"@type\":\"ListItem\",\"position\":2,\"name\":\"Globales Management Team\"}]},{\"@type\":\"WebSite\",\"@id\":\"https:\/\/lindy.com\/de\/#website\",\"url\":\"https:\/\/lindy.com\/de\/\",\"name\":\"Lindy - German\",\"description\":\"Connection Perfection\",\"potentialAction\":[{\"@type\":\"SearchAction\",\"target\":{\"@type\":\"EntryPoint\",\"urlTemplate\":\"https:\/\/lindy.com\/de\/?s={search_term_string}\"},\"query-input\":{\"@type\":\"PropertyValueSpecification\",\"valueRequired\":true,\"valueName\":\"search_term_string\"}}],\"inLanguage\":\"de-DE\"}]}<\/script>\n<!-- \/ Yoast SEO plugin. -->","yoast_head_json":{"title":"Globales Management Team - Lindy - German","robots":{"index":"index","follow":"follow","max-snippet":"max-snippet:-1","max-image-preview":"max-image-preview:large","max-video-preview":"max-video-preview:-1"},"canonical":"https:\/\/lindy.com\/de\/management\/","og_locale":"de_DE","og_type":"article","og_title":"Globales Management Team - Lindy - German","og_url":"https:\/\/lindy.com\/de\/management\/","og_site_name":"Lindy - German","article_modified_time":"2026-01-05T10:52:32+00:00","og_image":[{"url":"https:\/\/lindy.com\/de\/wp-content\/uploads\/sites\/3\/2025\/09\/Management-Team.jpg","type":"","width":"","height":""}],"twitter_card":"summary_large_image","twitter_misc":{"Gesch\u00e4tzte Lesezeit":"4 Minuten"},"schema":{"@context":"https:\/\/schema.org","@graph":[{"@type":"WebPage","@id":"https:\/\/lindy.com\/de\/management\/","url":"https:\/\/lindy.com\/de\/management\/","name":"Globales Management Team - Lindy - German","isPartOf":{"@id":"https:\/\/lindy.com\/de\/#website"},"primaryImageOfPage":{"@id":"https:\/\/lindy.com\/de\/management\/#primaryimage"},"image":{"@id":"https:\/\/lindy.com\/de\/management\/#primaryimage"},"thumbnailUrl":"https:\/\/lindy.com\/de\/wp-content\/uploads\/sites\/3\/2025\/09\/Management-Team.jpg","datePublished":"2018-11-06T09:19:58+00:00","dateModified":"2026-01-05T10:52:32+00:00","breadcrumb":{"@id":"https:\/\/lindy.com\/de\/management\/#breadcrumb"},"inLanguage":"de-DE","potentialAction":[{"@type":"ReadAction","target":["https:\/\/lindy.com\/de\/management\/"]}]},{"@type":"ImageObject","inLanguage":"de-DE","@id":"https:\/\/lindy.com\/de\/management\/#primaryimage","url":"https:\/\/lindy.com\/de\/wp-content\/uploads\/sites\/3\/2025\/09\/Management-Team.jpg","contentUrl":"https:\/\/lindy.com\/de\/wp-content\/uploads\/sites\/3\/2025\/09\/Management-Team.jpg","width":1920,"height":957},{"@type":"BreadcrumbList","@id":"https:\/\/lindy.com\/de\/management\/#breadcrumb","itemListElement":[{"@type":"ListItem","position":1,"name":"Home","item":"https:\/\/lindy.com\/de\/"},{"@type":"ListItem","position":2,"name":"Globales Management Team"}]},{"@type":"WebSite","@id":"https:\/\/lindy.com\/de\/#website","url":"https:\/\/lindy.com\/de\/","name":"Lindy - German","description":"Connection Perfection","potentialAction":[{"@type":"SearchAction","target":{"@type":"EntryPoint","urlTemplate":"https:\/\/lindy.com\/de\/?s={search_term_string}"},"query-input":{"@type":"PropertyValueSpecification","valueRequired":true,"valueName":"search_term_string"}}],"inLanguage":"de-DE"}]}},"_links":{"self":[{"href":"https:\/\/lindy.com\/de\/wp-json\/wp\/v2\/pages\/113","targetHints":{"allow":["GET"]}}],"collection":[{"href":"https:\/\/lindy.com\/de\/wp-json\/wp\/v2\/pages"}],"about":[{"href":"https:\/\/lindy.com\/de\/wp-json\/wp\/v2\/types\/page"}],"author":[{"embeddable":true,"href":"https:\/\/lindy.com\/de\/wp-json\/wp\/v2\/users\/15"}],"replies":[{"embeddable":true,"href":"https:\/\/lindy.com\/de\/wp-json\/wp\/v2\/comments?post=113"}],"version-history":[{"count":14,"href":"https:\/\/lindy.com\/de\/wp-json\/wp\/v2\/pages\/113\/revisions"}],"predecessor-version":[{"id":19073,"href":"https:\/\/lindy.com\/de\/wp-json\/wp\/v2\/pages\/113\/revisions\/19073"}],"wp:attachment":[{"href":"https:\/\/lindy.com\/de\/wp-json\/wp\/v2\/media?parent=113"}],"curies":[{"name":"wp","href":"https:\/\/api.w.org\/{rel}","templated":true}]}}