{"id":11460,"date":"2024-12-11T16:21:48","date_gmt":"2024-12-11T16:21:48","guid":{"rendered":"https:\/\/lindy.com\/de\/?page_id=11460"},"modified":"2026-03-05T12:15:48","modified_gmt":"2026-03-05T12:15:48","slug":"csr-ecovadis","status":"publish","type":"page","link":"https:\/\/lindy.com\/de\/csr-ecovadis\/","title":{"rendered":"CSR EcoVadis"},"content":{"rendered":"\n<section class=\"wp-block-lindy-image-text-module section section--full-width-image full-width-image--with-text theme--light section--animation-none align--left  font--size-medium width--half\" style=\"background-image:url()\"><img decoding=\"async\" class=\"full-width-image__image\" src=\"\"\/><div class=\"contained\"><div class=\"full-width-image__content\"><h2 class=\"section__heading\"><span>EcoVadis<\/span><\/h2><h2 class=\"section__subheading section__subheading__title\">BEWERTUNG &amp; AUSZEICHNUNG<\/h2><p class=\"section__paragraph\"><br\/><br\/>Durch die Auszeichnung mit der EcoVadis-Silbermedallie geh\u00f6rt die Lindy-Elektronik GmbH zu den besten 15% der weltweit von EcoVadis bewerteten Unternehmen, was unser gro\u00dfes Engagement f\u00fcr Nachhaltigkeit und verantwortungsvolle Gesch\u00e4ftspraktiken unterstreicht.\u00a0<br\/><br\/><strong>Fortschritt &amp; Verbesserung<\/strong>: Im Jahr 2025 konnte Lindy mit einem EcoVadis-Score von 73 Punkten eine weitere Verbesserung erzielen. Dies entspricht dem 90. Perzentil weltweit. Damit geh\u00f6ren wir weiterhin zu den besten 15 % aller weltweit von EcoVadis bewerteten Unternehmen und werden daf\u00fcr mit einer Silbermedaille ausgezeichnet.<br\/>\u00a0<br\/>Seit 2023 zeigt unsere Entwicklung einen klaren, kontinuierlichen Aufw\u00e4rtstrend:<br\/>\u2022 <strong>2023:<\/strong> 52 Punkte \u2013 55. Perzentil \u2013 Bronze<br\/><strong>\u2022<\/strong> <strong>2024:<\/strong> 67 Punkte \u2013 87. Perzentil \u2013 Silber<br\/>\u2022 <strong>2025:<\/strong> 73 Punkte \u2013 90. Perzentil \u2013 Silber<br\/><br\/>Dieser deutliche Fortschritt unterstreicht eindrucksvoll unser Engagement f\u00fcr Nachhaltigkeit und verantwortungsvolle Gesch\u00e4ftspraktiken sowie die konsequente Weiterentwicklung unseres Nachhaltigkeitsmanagements.<br\/><\/p><a href=\"https:\/\/recognition.ecovadis.com\/kpqMbRhG80ex3TYHp0SOsw\" class=\"button button--dark\" target=\"_blank\" rel=\"noopener noreferrer\">Zur Auszeichnung<\/a><\/div><\/div><\/section>\n\n\n\n<section class=\"wp-block-lindy-image-text-module section section--full-width-image full-width-image--with-text theme--light section--animation-none align--left  font--size-medium width--half\" style=\"background-image:url(https:\/\/lindy.com\/de\/wp-content\/uploads\/sites\/3\/2025\/10\/25-09-Ecovadis-Award2.png)\"><img decoding=\"async\" class=\"full-width-image__image\" src=\"https:\/\/lindy.com\/de\/wp-content\/uploads\/sites\/3\/2025\/10\/25-09-Ecovadis-Award2.png\"\/><div class=\"contained\"><div class=\"full-width-image__content\"><\/div><\/div><\/section>\n\n\n\n<section class=\"wp-block-lindy-image-text-module section section--full-width-image full-width-image--with-text theme--dark section--animation-none align--right  font--size-medium width--half\" style=\"background-image:url()\"><img decoding=\"async\" class=\"full-width-image__image\" src=\"\"\/><div class=\"contained\"><div class=\"full-width-image__content\"><h2 class=\"section__heading\"><span>Schwerpunkt<\/span><\/h2><h2 class=\"section__subheading section__subheading__title\">bereiche<\/h2><p class=\"section__paragraph\"><br\/><br\/>Unsere Fortschritte wurden durch starke Leistungen in vier ESG-Themenbereichen erzielt: Umwelt, Arbeit und Menschenrechte, Ethik und nachhaltige Beschaffung. Jeder Bereich steht f\u00fcr unser Engagement f\u00fcr eine bessere, nachhaltigere Zukunft.\u00a0<br\/><br\/><br\/><\/p><a href=\".\/csr#ecovadis\" class=\"button button--white-transparent\" target=\"_self\" rel=\"noopener noreferrer\">Zur Startseite<\/a><\/div><\/div><\/section>\n\n\n\n<section class=\"wp-block-lindy-image-text-module section section--full-width-image full-width-image--with-text theme--light section--animation-none align--left  font--size-medium width--half\" style=\"background-image:url()\"><img decoding=\"async\" class=\"full-width-image__image\" src=\"\"\/><div class=\"contained\"><div class=\"full-width-image__content\"><h2 class=\"section__heading\"><span>Nachhaltige <\/span><\/h2><h2 class=\"section__subheading section__subheading__title\">Entwicklung<\/h2><p class=\"section__paragraph\"><br\/><br\/>Diese Medaillen sind mehr als nur Auszeichnungen &#8211; sie spiegeln unser Engagement f\u00fcr nachhaltige Praktiken wider, die unsere Marke st\u00e4rken und uns in einem hart umk\u00e4mpften Markt auszeichnen. Sie liefern uns auch wertvolle Erkenntnisse f\u00fcr weitere Fortschritte auf unserem Weg der nachhaltigen Entwicklung.\u00a0<br\/><br\/>\u2022   <strong><a href=\"https:\/\/recognition.ecovadis.com\/kpqMbRhG80ex3TYHp0SOsw\" target=\"_blank\" rel=\"noreferrer noopener\">EcoVadis Silbermedaille 2025<\/a><\/strong><br\/>\u2022  <strong><a href=\"https:\/\/lindy.com\/de\/wp-content\/uploads\/sites\/3\/2025\/10\/LINDY-ELEKTRONIK_GMBH_CSR_Performance_Overview_Details_2025_09_10-1.pdf\" target=\"_blank\" rel=\"noreferrer noopener\">EcoVadis \u00dcberblick Nachhaltigkeitsrating 2025<\/a><\/strong><br\/>\u2022   <strong><a href=\"https:\/\/lindy.com\/de\/wp-content\/uploads\/sites\/3\/2024\/12\/LINDY-ELEKTRONIK_GMBH_CSR_Performance_Overview_2024_09_19.pdf\" target=\"_blank\" rel=\"noreferrer noopener\">EcoVadis \u00dcberblick Nachhaltigkeitsrating 2024<\/a>\u00a0<\/strong><\/p><\/div><\/div><\/section>\n","protected":false},"excerpt":{"rendered":"","protected":false},"author":21,"featured_media":0,"parent":0,"menu_order":0,"comment_status":"closed","ping_status":"closed","template":"page-templates\/template-landing.php","meta":{"_acf_changed":false,"footnotes":""},"class_list":["post-11460","page","type-page","status-publish","hentry"],"acf":[],"yoast_head":"<!-- This site is optimized with the Yoast SEO plugin v26.6 - https:\/\/yoast.com\/wordpress\/plugins\/seo\/ -->\n<title>CSR EcoVadis - Lindy - German<\/title>\n<meta name=\"robots\" content=\"index, follow, max-snippet:-1, max-image-preview:large, max-video-preview:-1\" \/>\n<link rel=\"canonical\" href=\"https:\/\/lindy.com\/de\/csr-ecovadis\/\" \/>\n<meta property=\"og:locale\" content=\"de_DE\" \/>\n<meta property=\"og:type\" content=\"article\" \/>\n<meta property=\"og:title\" content=\"CSR EcoVadis - Lindy - German\" \/>\n<meta property=\"og:url\" content=\"https:\/\/lindy.com\/de\/csr-ecovadis\/\" \/>\n<meta property=\"og:site_name\" content=\"Lindy - German\" \/>\n<meta property=\"article:modified_time\" content=\"2026-03-05T12:15:48+00:00\" \/>\n<meta property=\"og:image\" content=\"https:\/\/lindy.com\/de\/wp-content\/uploads\/sites\/3\/2025\/10\/25-09-Ecovadis-Award2.png\" \/>\n<meta name=\"twitter:card\" content=\"summary_large_image\" \/>\n<meta name=\"twitter:label1\" content=\"Gesch\u00e4tzte Lesezeit\" \/>\n\t<meta name=\"twitter:data1\" content=\"3 Minuten\" \/>\n<script type=\"application\/ld+json\" class=\"yoast-schema-graph\">{\"@context\":\"https:\/\/schema.org\",\"@graph\":[{\"@type\":\"WebPage\",\"@id\":\"https:\/\/lindy.com\/de\/csr-ecovadis\/\",\"url\":\"https:\/\/lindy.com\/de\/csr-ecovadis\/\",\"name\":\"CSR EcoVadis - Lindy - German\",\"isPartOf\":{\"@id\":\"https:\/\/lindy.com\/de\/#website\"},\"primaryImageOfPage\":{\"@id\":\"https:\/\/lindy.com\/de\/csr-ecovadis\/#primaryimage\"},\"image\":{\"@id\":\"https:\/\/lindy.com\/de\/csr-ecovadis\/#primaryimage\"},\"thumbnailUrl\":\"https:\/\/lindy.com\/de\/wp-content\/uploads\/sites\/3\/2025\/10\/25-09-Ecovadis-Award2.png\",\"datePublished\":\"2024-12-11T16:21:48+00:00\",\"dateModified\":\"2026-03-05T12:15:48+00:00\",\"breadcrumb\":{\"@id\":\"https:\/\/lindy.com\/de\/csr-ecovadis\/#breadcrumb\"},\"inLanguage\":\"de-DE\",\"potentialAction\":[{\"@type\":\"ReadAction\",\"target\":[\"https:\/\/lindy.com\/de\/csr-ecovadis\/\"]}]},{\"@type\":\"ImageObject\",\"inLanguage\":\"de-DE\",\"@id\":\"https:\/\/lindy.com\/de\/csr-ecovadis\/#primaryimage\",\"url\":\"https:\/\/lindy.com\/de\/wp-content\/uploads\/sites\/3\/2025\/10\/25-09-Ecovadis-Award2.png\",\"contentUrl\":\"https:\/\/lindy.com\/de\/wp-content\/uploads\/sites\/3\/2025\/10\/25-09-Ecovadis-Award2.png\",\"width\":1080,\"height\":1080},{\"@type\":\"BreadcrumbList\",\"@id\":\"https:\/\/lindy.com\/de\/csr-ecovadis\/#breadcrumb\",\"itemListElement\":[{\"@type\":\"ListItem\",\"position\":1,\"name\":\"Home\",\"item\":\"https:\/\/lindy.com\/de\/\"},{\"@type\":\"ListItem\",\"position\":2,\"name\":\"CSR EcoVadis\"}]},{\"@type\":\"WebSite\",\"@id\":\"https:\/\/lindy.com\/de\/#website\",\"url\":\"https:\/\/lindy.com\/de\/\",\"name\":\"Lindy - German\",\"description\":\"Connection Perfection\",\"potentialAction\":[{\"@type\":\"SearchAction\",\"target\":{\"@type\":\"EntryPoint\",\"urlTemplate\":\"https:\/\/lindy.com\/de\/?s={search_term_string}\"},\"query-input\":{\"@type\":\"PropertyValueSpecification\",\"valueRequired\":true,\"valueName\":\"search_term_string\"}}],\"inLanguage\":\"de-DE\"}]}<\/script>\n<!-- \/ Yoast SEO plugin. -->","yoast_head_json":{"title":"CSR EcoVadis - Lindy - German","robots":{"index":"index","follow":"follow","max-snippet":"max-snippet:-1","max-image-preview":"max-image-preview:large","max-video-preview":"max-video-preview:-1"},"canonical":"https:\/\/lindy.com\/de\/csr-ecovadis\/","og_locale":"de_DE","og_type":"article","og_title":"CSR EcoVadis - Lindy - German","og_url":"https:\/\/lindy.com\/de\/csr-ecovadis\/","og_site_name":"Lindy - German","article_modified_time":"2026-03-05T12:15:48+00:00","og_image":[{"url":"https:\/\/lindy.com\/de\/wp-content\/uploads\/sites\/3\/2025\/10\/25-09-Ecovadis-Award2.png","type":"","width":"","height":""}],"twitter_card":"summary_large_image","twitter_misc":{"Gesch\u00e4tzte Lesezeit":"3 Minuten"},"schema":{"@context":"https:\/\/schema.org","@graph":[{"@type":"WebPage","@id":"https:\/\/lindy.com\/de\/csr-ecovadis\/","url":"https:\/\/lindy.com\/de\/csr-ecovadis\/","name":"CSR EcoVadis - Lindy - German","isPartOf":{"@id":"https:\/\/lindy.com\/de\/#website"},"primaryImageOfPage":{"@id":"https:\/\/lindy.com\/de\/csr-ecovadis\/#primaryimage"},"image":{"@id":"https:\/\/lindy.com\/de\/csr-ecovadis\/#primaryimage"},"thumbnailUrl":"https:\/\/lindy.com\/de\/wp-content\/uploads\/sites\/3\/2025\/10\/25-09-Ecovadis-Award2.png","datePublished":"2024-12-11T16:21:48+00:00","dateModified":"2026-03-05T12:15:48+00:00","breadcrumb":{"@id":"https:\/\/lindy.com\/de\/csr-ecovadis\/#breadcrumb"},"inLanguage":"de-DE","potentialAction":[{"@type":"ReadAction","target":["https:\/\/lindy.com\/de\/csr-ecovadis\/"]}]},{"@type":"ImageObject","inLanguage":"de-DE","@id":"https:\/\/lindy.com\/de\/csr-ecovadis\/#primaryimage","url":"https:\/\/lindy.com\/de\/wp-content\/uploads\/sites\/3\/2025\/10\/25-09-Ecovadis-Award2.png","contentUrl":"https:\/\/lindy.com\/de\/wp-content\/uploads\/sites\/3\/2025\/10\/25-09-Ecovadis-Award2.png","width":1080,"height":1080},{"@type":"BreadcrumbList","@id":"https:\/\/lindy.com\/de\/csr-ecovadis\/#breadcrumb","itemListElement":[{"@type":"ListItem","position":1,"name":"Home","item":"https:\/\/lindy.com\/de\/"},{"@type":"ListItem","position":2,"name":"CSR EcoVadis"}]},{"@type":"WebSite","@id":"https:\/\/lindy.com\/de\/#website","url":"https:\/\/lindy.com\/de\/","name":"Lindy - German","description":"Connection Perfection","potentialAction":[{"@type":"SearchAction","target":{"@type":"EntryPoint","urlTemplate":"https:\/\/lindy.com\/de\/?s={search_term_string}"},"query-input":{"@type":"PropertyValueSpecification","valueRequired":true,"valueName":"search_term_string"}}],"inLanguage":"de-DE"}]}},"_links":{"self":[{"href":"https:\/\/lindy.com\/de\/wp-json\/wp\/v2\/pages\/11460","targetHints":{"allow":["GET"]}}],"collection":[{"href":"https:\/\/lindy.com\/de\/wp-json\/wp\/v2\/pages"}],"about":[{"href":"https:\/\/lindy.com\/de\/wp-json\/wp\/v2\/types\/page"}],"author":[{"embeddable":true,"href":"https:\/\/lindy.com\/de\/wp-json\/wp\/v2\/users\/21"}],"replies":[{"embeddable":true,"href":"https:\/\/lindy.com\/de\/wp-json\/wp\/v2\/comments?post=11460"}],"version-history":[{"count":42,"href":"https:\/\/lindy.com\/de\/wp-json\/wp\/v2\/pages\/11460\/revisions"}],"predecessor-version":[{"id":19511,"href":"https:\/\/lindy.com\/de\/wp-json\/wp\/v2\/pages\/11460\/revisions\/19511"}],"wp:attachment":[{"href":"https:\/\/lindy.com\/de\/wp-json\/wp\/v2\/media?parent=11460"}],"curies":[{"name":"wp","href":"https:\/\/api.w.org\/{rel}","templated":true}]}}