{"id":11588,"date":"2024-12-12T16:47:10","date_gmt":"2024-12-12T16:47:10","guid":{"rendered":"https:\/\/lindy.com\/de\/?page_id=11588"},"modified":"2025-04-09T12:14:30","modified_gmt":"2025-04-09T12:14:30","slug":"csr-ma","status":"publish","type":"page","link":"https:\/\/lindy.com\/de\/csr-ma\/","title":{"rendered":"CSR-MA"},"content":{"rendered":"\n<section id=\"inhalt\" class=\"wp-block-lindy-anchor-section section section--anchor\"><\/section>\n\n\n\n<section class=\"wp-block-lindy-image-text-module section section--full-width-image full-width-image--with-text theme--light section--animation-none align--left  font--size-medium width--half\" style=\"background-image:url()\"><img decoding=\"async\" class=\"full-width-image__image\" src=\"\"\/><div class=\"contained\"><div class=\"full-width-image__content\"><h2 class=\"section__heading\"><span>Nachhaltige<\/span><\/h2><h2 class=\"section__subheading section__subheading__title\">Geb\u00e4udetechnologie<\/h2><p class=\"section__paragraph\"><br\/><br\/>Im Headquarter in Mannheim setzt Lindy auf umwelt- und sozialvertr\u00e4gliche L\u00f6sungen. Unser modernes B\u00fcrogeb\u00e4ude ist mit einem Blockheizkraftwerk (BHKW) und einer Photovoltaikanlage (PV-Anlage) ausgestattet.<br\/><br\/>\u2022  <strong><a href=\"#bhkw\">BHKW<\/a><\/strong><br\/>\u2022  <strong><a href=\"#pv\">Photovoltaik<\/a><\/strong><br\/>\u2022  <strong><a href=\"#e-mobil\">Ladestationen<\/a><\/strong><br\/>\u2022  <strong><a href=\"#lebensraum\">Biodiversit\u00e4t<\/a><\/strong><\/p><a href=\".\/CSR-HF#environment\" class=\"button button--dark\" target=\"_self\" rel=\"noopener noreferrer\">Zur\u00fcck<\/a><\/div><\/div><\/section>\n\n\n\n<section class=\"wp-block-lindy-image-text-module section section--full-width-image full-width-image--with-text theme--light section--animation-none align--left  font--size-medium width--half\" style=\"background-image:url(https:\/\/lindy.com\/de\/wp-content\/uploads\/sites\/3\/2024\/12\/Solar-Panels.png)\"><img decoding=\"async\" class=\"full-width-image__image\" src=\"https:\/\/lindy.com\/de\/wp-content\/uploads\/sites\/3\/2024\/12\/Solar-Panels.png\"\/><div class=\"contained\"><div class=\"full-width-image__content\"><\/div><\/div><\/section>\n\n\n\n<section id=\"bhkw\" class=\"wp-block-lindy-anchor-section section section--anchor\"><\/section>\n\n\n\n<section class=\"wp-block-lindy-image-text-module section section--full-width-image full-width-image--with-text theme--dark section--animation-none align--left  font--size-large width--half\" style=\"background-image:url(https:\/\/lindy.com\/de\/wp-content\/uploads\/sites\/3\/2024\/12\/BHKW-1.png)\"><img decoding=\"async\" class=\"full-width-image__image\" src=\"https:\/\/lindy.com\/de\/wp-content\/uploads\/sites\/3\/2024\/12\/BHKW-1.png\"\/><div class=\"contained\"><div class=\"full-width-image__content\"><\/div><\/div><\/section>\n\n\n\n<section class=\"wp-block-lindy-image-text-module section section--full-width-image full-width-image--with-text theme--light section--animation-none align--left  font--size-medium width--half\" style=\"background-image:url()\"><img decoding=\"async\" class=\"full-width-image__image\" src=\"\"\/><div class=\"contained\"><div class=\"full-width-image__content\"><h2 class=\"section__subheading section__subheading__title\">Gekoppelt<\/h2><p class=\"section__paragraph\"><br\/><br\/>Das Blockheizkraftwerk arbeitet nach dem Prinzip der Kraft-W\u00e4rme-Kopplung, nutzt Erdgas effizient zur thermischen  Stromerzeugung und die resultierende Abw\u00e4rme zum Heizen. So wird der CO\u2082-Aussto\u00df  gegen\u00fcber herk\u00f6mmlichen Heiz- und Stromerzeugungsmethoden um rund 30 Prozent reduziert. Das BHKW allein generiert bereits knapp 10% mehr Energie, als im Jahresmittel von uns ben\u00f6tigt. Zusammen mit unserer Photovoltaikanlage (siehe n\u00e4chster Abschnitt) erzeugen wir somit einen signifikanten Energie-\u00dcberschuss.   <br\/><br\/><br\/><\/p><a href=\"#inhalt\" class=\"button button--dark\" target=\"_self\" rel=\"noopener noreferrer\">Zum Seitenanfang<\/a><\/div><\/div><\/section>\n\n\n\n<section id=\"pv\" class=\"wp-block-lindy-anchor-section section section--anchor\"><\/section>\n\n\n\n<section class=\"wp-block-lindy-image-text-module section section--full-width-image full-width-image--with-text theme--light section--animation-none align--left  font--size-medium width--half\" style=\"background-image:url()\"><img decoding=\"async\" class=\"full-width-image__image\" src=\"\"\/><div class=\"contained\"><div class=\"full-width-image__content\"><h2 class=\"section__subheading section__subheading__title\">Einspeisung<\/h2><p class=\"section__paragraph\"><br\/><br\/><br\/><br\/>Die Photovoltaikanlage auf dem Glasdach wandelt Sonnenenergie in umweltfreundlichen Strom um. Ca. 55% unseres Energiebedarfes werden im Jahresmittel aus der PV-Anlage gedeckt. Der zusammen mit dem Blockheizkraftwerk erzeugte Energie\u00fcberschuss liegt bei insgesamt ca. 63% unseres eigenen Jahresverbrauches und wird ins Strom- versorgungsnetz eingespeist. Die Anlage bedeckt knapp 22% der Dachfl\u00e4che unseres Hauptgeb\u00e4udes und erzeugt 55,3kW<sub>p<\/sub>.<br\/><br\/><br\/><br\/><br\/><\/p><a href=\"#inhalt\" class=\"button button--dark\" target=\"_self\" rel=\"noopener noreferrer\">Zum Seitenanfang<\/a><\/div><\/div><\/section>\n\n\n\n<section class=\"wp-block-lindy-image-text-module section section--full-width-image full-width-image--with-text theme--light section--animation-none align--left  font--size-medium width--half\" style=\"background-image:url(https:\/\/lindy.com\/de\/wp-content\/uploads\/sites\/3\/2024\/12\/PV-MA.png)\"><img decoding=\"async\" class=\"full-width-image__image\" src=\"https:\/\/lindy.com\/de\/wp-content\/uploads\/sites\/3\/2024\/12\/PV-MA.png\"\/><div class=\"contained\"><div class=\"full-width-image__content\"><\/div><\/div><\/section>\n\n\n\n<section id=\"e-mobil\" class=\"wp-block-lindy-anchor-section section section--anchor\"><\/section>\n\n\n\n<section class=\"wp-block-lindy-image-text-module section section--full-width-image full-width-image--with-text theme--light section--animation-none align--left  font--size-medium width--half\" style=\"background-image:url(https:\/\/lindy.com\/de\/wp-content\/uploads\/sites\/3\/2024\/12\/E-Mobilitaet.png)\"><img decoding=\"async\" class=\"full-width-image__image\" src=\"https:\/\/lindy.com\/de\/wp-content\/uploads\/sites\/3\/2024\/12\/E-Mobilitaet.png\"\/><div class=\"contained\"><div class=\"full-width-image__content\"><\/div><\/div><\/section>\n\n\n\n<section class=\"wp-block-lindy-image-text-module section section--full-width-image full-width-image--with-text theme--dark section--animation-none align--left  font--size-medium width--half\" style=\"background-image:url()\"><img decoding=\"async\" class=\"full-width-image__image\" src=\"\"\/><div class=\"contained\"><div class=\"full-width-image__content\"><h2 class=\"section__subheading section__subheading__title\">Elektrisch Mobil<\/h2><p class=\"section__paragraph\"><br\/><br\/><br\/>E-Mobilit\u00e4t f\u00f6rdern wir mit Ladestationen f\u00fcr Elektrofahrzeuge auf dem Firmengel\u00e4nde. <br\/><br\/>Lindy-Mitarbeitende k\u00f6nnen die Akkus ihrer E-Fahrzeuge hier kosteng\u00fcnstig laden. Ein Teil der Lindy-Fahrzeugflotte ist bereits auf E-Mobilit\u00e4t umgestellt. <br\/><br\/><br\/><br\/><\/p><a href=\"#inhalt\" class=\"button button--white-transparent\" target=\"_self\" rel=\"noopener noreferrer\">Zum Seitenanfang<\/a><\/div><\/div><\/section>\n\n\n\n<section id=\"lebensraum\" class=\"wp-block-lindy-anchor-section section section--anchor\"><\/section>\n\n\n\n<section class=\"wp-block-lindy-image-text-module section section--full-width-image full-width-image--with-text theme--light section--animation-none align--left  font--size-medium width--half\" style=\"background-image:url()\"><img decoding=\"async\" class=\"full-width-image__image\" src=\"\"\/><div class=\"contained\"><div class=\"full-width-image__content\"><h2 class=\"section__subheading section__subheading__title\">Lebensr\u00e4ume<\/h2><p class=\"section__paragraph\"><br\/><br\/><br\/>Unsere Gr\u00fcnfl\u00e4chen tragen mit insektenfreundlichen Bl\u00fchwiesen und Lavendelhecken zur Biodiversit\u00e4t bei. Sie schaffen Lebensraum f\u00fcr Wildtiere und f\u00f6rdern die Artenvielfalt.\u00a0<br\/><br\/><br\/><\/p><a href=\"#inhalt\" class=\"button button--dark\" target=\"_self\" rel=\"noopener noreferrer\">Zum Seitenanfang<\/a><\/div><\/div><\/section>\n\n\n\n<section class=\"wp-block-lindy-image-text-module section section--full-width-image full-width-image--with-text theme--light section--animation-none align--left  font--size-medium width--half\" style=\"background-image:url(https:\/\/lindy.com\/de\/wp-content\/uploads\/sites\/3\/2024\/12\/Insektenwiese.png)\"><img decoding=\"async\" class=\"full-width-image__image\" src=\"https:\/\/lindy.com\/de\/wp-content\/uploads\/sites\/3\/2024\/12\/Insektenwiese.png\"\/><div class=\"contained\"><div class=\"full-width-image__content\"><\/div><\/div><\/section>\n","protected":false},"excerpt":{"rendered":"","protected":false},"author":21,"featured_media":0,"parent":0,"menu_order":0,"comment_status":"closed","ping_status":"closed","template":"page-templates\/template-landing.php","meta":{"_acf_changed":false,"footnotes":""},"class_list":["post-11588","page","type-page","status-publish","hentry"],"acf":[],"yoast_head":"<!-- This site is optimized with the Yoast SEO plugin v26.6 - https:\/\/yoast.com\/wordpress\/plugins\/seo\/ -->\n<title>Lindy - CSR - Geb\u00e4ude<\/title>\n<meta name=\"description\" content=\"Im Headquarter in Mannheim setzt Lindy mit Blockheizkraftwerk, Photovoltaik und Ladestationen auf umweltvertr\u00e4gliche L\u00f6sungen.\" \/>\n<meta name=\"robots\" content=\"index, follow, max-snippet:-1, max-image-preview:large, max-video-preview:-1\" \/>\n<link rel=\"canonical\" href=\"https:\/\/lindy.com\/de\/csr-ma\/\" \/>\n<meta property=\"og:locale\" content=\"de_DE\" \/>\n<meta property=\"og:type\" content=\"article\" \/>\n<meta property=\"og:title\" content=\"Lindy - CSR - Geb\u00e4ude\" \/>\n<meta property=\"og:description\" content=\"Im Headquarter in Mannheim setzt Lindy mit Blockheizkraftwerk, Photovoltaik und Ladestationen auf umweltvertr\u00e4gliche L\u00f6sungen.\" \/>\n<meta property=\"og:url\" content=\"https:\/\/lindy.com\/de\/csr-ma\/\" \/>\n<meta property=\"og:site_name\" content=\"Lindy - German\" \/>\n<meta property=\"article:modified_time\" content=\"2025-04-09T12:14:30+00:00\" \/>\n<meta property=\"og:image\" content=\"https:\/\/lindy.com\/de\/wp-content\/uploads\/sites\/3\/2024\/12\/Solar-Panels.png\" \/>\n<meta name=\"twitter:card\" content=\"summary_large_image\" \/>\n<meta name=\"twitter:label1\" content=\"Gesch\u00e4tzte Lesezeit\" \/>\n\t<meta name=\"twitter:data1\" content=\"4 Minuten\" \/>\n<script type=\"application\/ld+json\" class=\"yoast-schema-graph\">{\"@context\":\"https:\/\/schema.org\",\"@graph\":[{\"@type\":\"WebPage\",\"@id\":\"https:\/\/lindy.com\/de\/csr-ma\/\",\"url\":\"https:\/\/lindy.com\/de\/csr-ma\/\",\"name\":\"Lindy - CSR - Geb\u00e4ude\",\"isPartOf\":{\"@id\":\"https:\/\/lindy.com\/de\/#website\"},\"primaryImageOfPage\":{\"@id\":\"https:\/\/lindy.com\/de\/csr-ma\/#primaryimage\"},\"image\":{\"@id\":\"https:\/\/lindy.com\/de\/csr-ma\/#primaryimage\"},\"thumbnailUrl\":\"https:\/\/lindy.com\/de\/wp-content\/uploads\/sites\/3\/2024\/12\/Solar-Panels.png\",\"datePublished\":\"2024-12-12T16:47:10+00:00\",\"dateModified\":\"2025-04-09T12:14:30+00:00\",\"description\":\"Im Headquarter in Mannheim setzt Lindy mit Blockheizkraftwerk, Photovoltaik und Ladestationen auf umweltvertr\u00e4gliche L\u00f6sungen.\",\"breadcrumb\":{\"@id\":\"https:\/\/lindy.com\/de\/csr-ma\/#breadcrumb\"},\"inLanguage\":\"de-DE\",\"potentialAction\":[{\"@type\":\"ReadAction\",\"target\":[\"https:\/\/lindy.com\/de\/csr-ma\/\"]}]},{\"@type\":\"ImageObject\",\"inLanguage\":\"de-DE\",\"@id\":\"https:\/\/lindy.com\/de\/csr-ma\/#primaryimage\",\"url\":\"https:\/\/lindy.com\/de\/wp-content\/uploads\/sites\/3\/2024\/12\/Solar-Panels.png\",\"contentUrl\":\"https:\/\/lindy.com\/de\/wp-content\/uploads\/sites\/3\/2024\/12\/Solar-Panels.png\",\"width\":1337,\"height\":1045},{\"@type\":\"BreadcrumbList\",\"@id\":\"https:\/\/lindy.com\/de\/csr-ma\/#breadcrumb\",\"itemListElement\":[{\"@type\":\"ListItem\",\"position\":1,\"name\":\"Home\",\"item\":\"https:\/\/lindy.com\/de\/\"},{\"@type\":\"ListItem\",\"position\":2,\"name\":\"CSR-MA\"}]},{\"@type\":\"WebSite\",\"@id\":\"https:\/\/lindy.com\/de\/#website\",\"url\":\"https:\/\/lindy.com\/de\/\",\"name\":\"Lindy - German\",\"description\":\"Connection Perfection\",\"potentialAction\":[{\"@type\":\"SearchAction\",\"target\":{\"@type\":\"EntryPoint\",\"urlTemplate\":\"https:\/\/lindy.com\/de\/?s={search_term_string}\"},\"query-input\":{\"@type\":\"PropertyValueSpecification\",\"valueRequired\":true,\"valueName\":\"search_term_string\"}}],\"inLanguage\":\"de-DE\"}]}<\/script>\n<!-- \/ Yoast SEO plugin. -->","yoast_head_json":{"title":"Lindy - CSR - Geb\u00e4ude","description":"Im Headquarter in Mannheim setzt Lindy mit Blockheizkraftwerk, Photovoltaik und Ladestationen auf umweltvertr\u00e4gliche L\u00f6sungen.","robots":{"index":"index","follow":"follow","max-snippet":"max-snippet:-1","max-image-preview":"max-image-preview:large","max-video-preview":"max-video-preview:-1"},"canonical":"https:\/\/lindy.com\/de\/csr-ma\/","og_locale":"de_DE","og_type":"article","og_title":"Lindy - CSR - Geb\u00e4ude","og_description":"Im Headquarter in Mannheim setzt Lindy mit Blockheizkraftwerk, Photovoltaik und Ladestationen auf umweltvertr\u00e4gliche L\u00f6sungen.","og_url":"https:\/\/lindy.com\/de\/csr-ma\/","og_site_name":"Lindy - German","article_modified_time":"2025-04-09T12:14:30+00:00","og_image":[{"url":"https:\/\/lindy.com\/de\/wp-content\/uploads\/sites\/3\/2024\/12\/Solar-Panels.png","type":"","width":"","height":""}],"twitter_card":"summary_large_image","twitter_misc":{"Gesch\u00e4tzte Lesezeit":"4 Minuten"},"schema":{"@context":"https:\/\/schema.org","@graph":[{"@type":"WebPage","@id":"https:\/\/lindy.com\/de\/csr-ma\/","url":"https:\/\/lindy.com\/de\/csr-ma\/","name":"Lindy - CSR - Geb\u00e4ude","isPartOf":{"@id":"https:\/\/lindy.com\/de\/#website"},"primaryImageOfPage":{"@id":"https:\/\/lindy.com\/de\/csr-ma\/#primaryimage"},"image":{"@id":"https:\/\/lindy.com\/de\/csr-ma\/#primaryimage"},"thumbnailUrl":"https:\/\/lindy.com\/de\/wp-content\/uploads\/sites\/3\/2024\/12\/Solar-Panels.png","datePublished":"2024-12-12T16:47:10+00:00","dateModified":"2025-04-09T12:14:30+00:00","description":"Im Headquarter in Mannheim setzt Lindy mit Blockheizkraftwerk, Photovoltaik und Ladestationen auf umweltvertr\u00e4gliche L\u00f6sungen.","breadcrumb":{"@id":"https:\/\/lindy.com\/de\/csr-ma\/#breadcrumb"},"inLanguage":"de-DE","potentialAction":[{"@type":"ReadAction","target":["https:\/\/lindy.com\/de\/csr-ma\/"]}]},{"@type":"ImageObject","inLanguage":"de-DE","@id":"https:\/\/lindy.com\/de\/csr-ma\/#primaryimage","url":"https:\/\/lindy.com\/de\/wp-content\/uploads\/sites\/3\/2024\/12\/Solar-Panels.png","contentUrl":"https:\/\/lindy.com\/de\/wp-content\/uploads\/sites\/3\/2024\/12\/Solar-Panels.png","width":1337,"height":1045},{"@type":"BreadcrumbList","@id":"https:\/\/lindy.com\/de\/csr-ma\/#breadcrumb","itemListElement":[{"@type":"ListItem","position":1,"name":"Home","item":"https:\/\/lindy.com\/de\/"},{"@type":"ListItem","position":2,"name":"CSR-MA"}]},{"@type":"WebSite","@id":"https:\/\/lindy.com\/de\/#website","url":"https:\/\/lindy.com\/de\/","name":"Lindy - German","description":"Connection Perfection","potentialAction":[{"@type":"SearchAction","target":{"@type":"EntryPoint","urlTemplate":"https:\/\/lindy.com\/de\/?s={search_term_string}"},"query-input":{"@type":"PropertyValueSpecification","valueRequired":true,"valueName":"search_term_string"}}],"inLanguage":"de-DE"}]}},"_links":{"self":[{"href":"https:\/\/lindy.com\/de\/wp-json\/wp\/v2\/pages\/11588","targetHints":{"allow":["GET"]}}],"collection":[{"href":"https:\/\/lindy.com\/de\/wp-json\/wp\/v2\/pages"}],"about":[{"href":"https:\/\/lindy.com\/de\/wp-json\/wp\/v2\/types\/page"}],"author":[{"embeddable":true,"href":"https:\/\/lindy.com\/de\/wp-json\/wp\/v2\/users\/21"}],"replies":[{"embeddable":true,"href":"https:\/\/lindy.com\/de\/wp-json\/wp\/v2\/comments?post=11588"}],"version-history":[{"count":59,"href":"https:\/\/lindy.com\/de\/wp-json\/wp\/v2\/pages\/11588\/revisions"}],"predecessor-version":[{"id":14359,"href":"https:\/\/lindy.com\/de\/wp-json\/wp\/v2\/pages\/11588\/revisions\/14359"}],"wp:attachment":[{"href":"https:\/\/lindy.com\/de\/wp-json\/wp\/v2\/media?parent=11588"}],"curies":[{"name":"wp","href":"https:\/\/api.w.org\/{rel}","templated":true}]}}