{"id":1163,"date":"2020-01-09T08:45:08","date_gmt":"2020-01-09T08:45:08","guid":{"rendered":"https:\/\/lindy.com\/de\/?page_id=1163"},"modified":"2020-02-18T08:49:54","modified_gmt":"2020-02-18T08:49:54","slug":"schulungs-und-trainingsumgebungen","status":"publish","type":"page","link":"https:\/\/lindy.com\/de\/schulungs-und-trainingsumgebungen\/","title":{"rendered":"Schulungs- und Trainingsumgebungen"},"content":{"rendered":"\n<section class=\"wp-block-lindy-parallax-hero section parallax-hero theme--light align--center  font--size-large\" style=\"background-image:url(https:\/\/lindy.com\/de\/wp-content\/uploads\/sites\/3\/2019\/12\/class-room_layer.jpg)\"><div class=\"contained contained--full-width\"><div class=\"parallax-hero__content\"><div class=\"parallax-hero__content-wrapper align--center\"><h2 class=\"section__heading\"><span>ANWENDUNGEN F\u00dcR  <\/span><\/h2><h2 class=\"section__subheading section__subheading__title\">SCHULUNGS- &amp; <br\/>TRAININGSUMGEBUNGEN  <\/h2><\/div><\/div><\/div><\/section>\n\n\n\n<section class=\"wp-block-lindy-parallax-hero section parallax-hero theme--light align--left  font--size-medium\" style=\"background-image:url(https:\/\/lindy.com\/de\/wp-content\/uploads\/sites\/3\/2019\/12\/class-room.jpg)\"><div class=\"contained contained--full-width\"><div class=\"parallax-hero__content\"><div class=\"parallax-hero__content-wrapper align--left\"><\/div><\/div><\/div><\/section>\n\n\n\n<section class=\"wp-block-lindy-parallax-hero section parallax-hero theme--light align--center font--camber font--size-medium\" style=\"background-image:url(https:\/\/lindy.com\/de\/wp-content\/uploads\/sites\/3\/2019\/12\/class-room_layer.jpg)\"><div class=\"contained contained--full-width\"><div class=\"parallax-hero__content\"><div class=\"parallax-hero__content-wrapper align--center\"><h2 class=\"section__heading\"><span>E-Learning &amp; Lernen 2.0<\/span><\/h2><h2 class=\"section__subheading section__subheading__title\">Zukunft macht schule<\/h2><p class=\"section__paragraph\"><br\/>Im Zeitalter von E-Learning und Lernen 2.0 werden interaktive Schulungsumgebungen mit Unterst\u00fctzung durch multimediale AV-Medien zunehmend wichtiger. Interaktive Smartboards mit hochaufl\u00f6senden Displays, Touch-Screen- und Zeichenfunktion l\u00f6sen herk\u00f6mmliche Schultafeln, Whiteboards und Projektoren\u00a0ab. <br\/><br\/>Audiosignale m\u00fcssen wahlweise von den AV-Inhalten extrahiert, oder die per Raummikrofon abgenommenen Vortr\u00e4ge der Dozenten und Teilnehmer \u00fcber die Raumlautsprecher wiedergegeben werden k\u00f6nnen. Das Ganze muss sich  in einfacher und intuitiver Weise steuern lassen, damit die Inhalte und nicht komplizierte Bedienkonzepte den Vortrag gestalten.  <\/p><\/div><\/div><\/div><\/section>\n\n\n\n<section class=\"wp-block-lindy-heading-text section section--heading-text theme--dark align--center  font--size-medium section--animation-none\"><div class=\"contained\"><h2 class=\"section__heading\"><span><br\/> MULTIFUNKTIONALES EDUCATION SYSTEM <\/span><\/h2><h2 class=\"section__subheading section__subheading__title\">  AV-STEUERUNG UND MEHR <\/h2><\/div><\/section>\n\n\n\n<section class=\"wp-block-lindy-full-width-image section section--full-width-image full-width-image theme--light align--left font--size-medium\" style=\"background-image:url(https:\/\/lindy.com\/de\/wp-content\/uploads\/sites\/3\/2020\/01\/38288_-Animation.gif)\"><img decoding=\"async\" class=\"full-width-image__image\" src=\"https:\/\/lindy.com\/de\/wp-content\/uploads\/sites\/3\/2020\/01\/38288_-Animation.gif\"\/><div class=\"contained\"><div class=\"full-width-image__content\"><\/div><\/div><\/section>\n\n\n\n<section class=\"wp-block-lindy-paragraph-one-col section section--horizontal-content section--horizontal-content--one-column font--size-small theme--dark align--center  section--animation-up\"><div class=\"contained\"><p class=\"section__paragraph\">In der f\u00fcr solche Szenarien kreierten interaktiven Schulungsrauml\u00f6sung lassen sich vom Dozentenpult aus \u00fcber ein einbauf\u00e4higes (Desktop oder Wand) Transmittermodul via HDBaseT Extension \u00fcber ein Cat.-Kabel an das Receivermodul im zentralen Vortragsbereich am Smartboard \u00fcbertragen. Am Transmitter sind als Eingangssignale zwei AV-Quellen &#8211; etwa ein Dozenten-Notebook und ein fest installierter Schulungsraum-PC &#8211; wahlweise umschaltbar.<br\/><br\/><\/p><\/div><\/section>\n\n\n\n<section class=\"wp-block-lindy-heading-text section section--heading-text theme--dark align--center font--camber font--size-medium section--animation-none\"><div class=\"contained\"><h2 class=\"section__heading\"><span>Schulungsraumszenario <\/span><\/h2><h2 class=\"section__subheading section__subheading__title\">mit zwei AV-Quellger\u00e4ten<\/h2><\/div><\/section>\n\n\n\n<section class=\"wp-block-lindy-zoom-image section section--zoom-image zoom-image align--center theme--dark\"><div class=\"contained\"><div class=\"zoom-image-wrapper\"><img decoding=\"async\" class=\"zoomable\" src=\"https:\/\/lindy.com\/de\/wp-content\/uploads\/sites\/3\/2020\/01\/38288_zoom-2.jpg\" data-zoom-img=\"https:\/\/lindy.com\/de\/wp-content\/uploads\/sites\/3\/2020\/01\/38288_zoom-2.jpg\"\/><\/div><span class=\"zoom-image__description\">Click to zoom<\/span><\/div><\/section>\n\n\n\n<section class=\"wp-block-lindy-paragraph-one-col section section--horizontal-content section--horizontal-content--one-column font--size-small theme--dark align--center font--camber section--animation-up\"><div class=\"contained\"><p class=\"section__paragraph\">\u00dcber ein (ebenfalls einbauf\u00e4higes) Tableau kann das System die eigentliche \u00dcbertragung der AV-Inhalte, k\u00f6nnen aber auch zus\u00e4tzliche Parameter wie die Audiolautst\u00e4rke, Raumbeleuchtung oder aber das Ein- und Ausfahren einer etwa vorhandenen Projektorleinwand gesteuert werden. Das USB-Signal f\u00fcr die Touch-Screen-Funktion des Smartboards wird dabei dauerhaft an den Schulungsraum-PC zur\u00fcck \u00fcbertragen. Das System macht sich hierbei das 5Play-Konzept des HDBaseT-Standards zunutze, dem zufolge USB- und andere Signale \u00fcber das Cat.-Kabel zusammen mit den AV-Signalen transportiert werden k\u00f6nnen. <br\/><br\/> Das Zusammenspiel der drei Komponenten (Tableau, Transmitter und Receiver) erfolgt per RS232-Daten. \u00dcber einen USB-Typ-C-Multiport-Konverter mit Splitter-Funktion kann das Notebook des Dozenten mit einem 2. Bildschirm versehen werden &#8211; z.B. um auf dem Notebook-Bildschirm die Moderatoren-Ansicht von Pr\u00e4sentationen anzuzeigen und auf dem 2. Bildschirm die Pr\u00e4sentations-Ansicht &#8211; f\u00fcr die maximale Flexibilit\u00e4t des Dozenten in seinem Vortrag.<\/p><\/div><\/section>\n\n\n\n<section class=\"wp-block-lindy-heading-text section section--heading-text theme--light align--center  font--size-medium section--animation-none\"><div class=\"contained\"><h2 class=\"section__heading\"><span><br\/><br\/>PRESENTATION SYSTEM  <\/span><\/h2><h2 class=\"section__subheading section__subheading__title\">mit intuitivem bedienkonzept<br\/><\/h2><p class=\"section__strapline\"><br\/><\/p><\/div><\/section>\n\n\n\n<section class=\"wp-block-lindy-image-text-module section section--full-width-image full-width-image--with-text theme--light section--animation-none align--left font--camber font--size-medium\" style=\"background-image:url(https:\/\/lindy.com\/de\/wp-content\/uploads\/sites\/3\/2019\/12\/38288_FW_collection-1.jpg)\"><img decoding=\"async\" class=\"full-width-image__image\" src=\"https:\/\/lindy.com\/de\/wp-content\/uploads\/sites\/3\/2019\/12\/38288_FW_collection-1.jpg\"\/><div class=\"contained\"><div class=\"full-width-image__content\"><\/div><\/div><\/section>\n\n\n\n<section class=\"wp-block-lindy-paragraph-one-col section section--horizontal-content section--horizontal-content--one-column font--size-small theme--light align--center  section--animation-up\"><div class=\"contained\"><p class=\"section__paragraph\"> Das HDBaseT Presentation System stellt ein Schulungsraumsystem mit gro\u00dfem Funktionsumfang dar. Es besteht aus drei \u00fcber RS232 miteinander kommunizierenden Komponenten, einem Anschlussfeld, einem Schalt-Tableau (beides f\u00fcr Wand- oder Tischmontage) und einer Stand-Alone-Receivereinheit. Letztere bildet die Kern-Komponente. Sie schaltet s\u00e4mtliche In- und Outputs an die entsprechende Peripherie, sprich: AV-Inhalte auf die Displays, Audio-Inhalte auf die Audio-Line-Ausg\u00e4nge oder \u00fcber die integrierte Endstufe direkt an passive Boxen. <br\/><br\/>Als HDMI Display ist der Anschluss eines Smartboards mit Touch-Screen vorgesehen. F\u00fcr die Daten der Touch-Screen-Funktion ist die Receivereinheit mit einem USB-Eingang ausgestattet. <br\/><br\/><br\/><\/p><\/div><\/section>\n\n\n\n<section class=\"wp-block-lindy-full-width-image section section--full-width-image full-width-image theme--light align--left font--size-medium width--half\" style=\"background-image:url(https:\/\/lindy.com\/de\/wp-content\/uploads\/sites\/3\/2019\/12\/38288_HW_back-closeup.jpg)\"><img decoding=\"async\" class=\"full-width-image__image\" src=\"https:\/\/lindy.com\/de\/wp-content\/uploads\/sites\/3\/2019\/12\/38288_HW_back-closeup.jpg\"\/><div class=\"contained\"><div class=\"full-width-image__content\"><\/div><\/div><\/section>\n\n\n\n<section class=\"wp-block-lindy-image-text-module section section--full-width-image full-width-image--with-text theme--light section--animation-up align--left font--camber font--size-medium width--half\" style=\"background-image:url()\"><img decoding=\"async\" class=\"full-width-image__image\" src=\"\"\/><div class=\"contained\"><div class=\"full-width-image__content\"><p class=\"section__paragraph\">Das Anschlussfeld beherbergt die AV-Eing\u00e4nge des Systems sowie einen Switch, der das Umschalten entweder zwischen zwei HDMI-Eingangsquellen oder einer HDMI- und einer VGA-Quelle erm\u00f6glicht. Im letzteren Fall kann ein analoges Audio-Signal separat eingespeist werden, da VGA Audiosignale per se nicht mit \u00fcbertr\u00e4gt.<br\/><br\/>Die Verbindung zwischen Anschlussfeld und Receivereinheit wird per HDBaseT Connection mit Hilfe eines Cat.-Kabels hergestellt. Dank des bei HDBaseT implementierten 5Play-Konzeptes k\u00f6nnen hier\u00fcber auch s\u00e4mtliche RS232-Steuersignale sowie der USB-R\u00fcckkanal f\u00fcr die TouchScreen-Funktion des Smartboards transportiert werden. <\/p><\/div><\/div><\/section>\n\n\n\n<section class=\"wp-block-lindy-image-text-module section section--full-width-image full-width-image--with-text theme--light section--animation-up align--left font--camber font--size-medium width--half\" style=\"background-image:url()\"><img decoding=\"async\" class=\"full-width-image__image\" src=\"\"\/><div class=\"contained\"><div class=\"full-width-image__content\"><p class=\"section__paragraph\">Die Verbindung zwischen Anschlussfeld und Schalt-Tableau erfolgt ebenfalls per Cat.-Kabel, es handelt sich hier jedoch nicht um eine HDBaseT- sondern um eine reine RS-232-Verbindung.  \u00dcber das Schalt-Tableau schlie\u00dflich k\u00f6nnen Eingangsquelle und Audiolautst\u00e4rke eingestellt sowie das Display ein- und ausgeschaltet werden. Die Receivereinheit versorgt sowohl Anschlussfeld als auch Schalttableau \u00fcber die Cat.-Kabel mit Spannung. Das System l\u00e4sst sich in sehr einfacher Weise per WebGUI konfigurieren und administrieren. <\/p><a href=\"https:\/\/www.lindy.de\/HDBaseT-Praesentations-System-mit-Schalt-Tableau-.htm?websale8=ld0101&amp;pi=38288&amp;ci=20\" class=\"button button--dark\" target=\"_blank\" rel=\"noopener noreferrer\">Mehr erfahren<\/a><\/div><\/div><\/section>\n\n\n\n<section class=\"wp-block-lindy-image-text-module section section--full-width-image full-width-image--with-text theme--light section--animation-none align--left font--camber font--size-medium width--half\" style=\"background-image:url(https:\/\/lindy.com\/de\/wp-content\/uploads\/sites\/3\/2019\/12\/38288_in-use-Animation.gif)\"><img decoding=\"async\" class=\"full-width-image__image\" src=\"https:\/\/lindy.com\/de\/wp-content\/uploads\/sites\/3\/2019\/12\/38288_in-use-Animation.gif\"\/><div class=\"contained\"><div class=\"full-width-image__content\"><\/div><\/div><\/section>\n\n\n\n<section class=\"wp-block-lindy-heading-text section section--heading-text theme--dark align--center  font--size-medium section--animation-none\"><div class=\"contained\"><h2 class=\"section__heading\"><span><br\/>18G AV SPLITTER  <\/span><\/h2><h2 class=\"section__subheading section__subheading__title\">F\u00dcR 4K-AV-INHALTE <\/h2><\/div><\/section>\n\n\n\n<section class=\"wp-block-lindy-image-text-module section section--full-width-image full-width-image--with-text theme--dark section--animation-none align--left font--camber font--size-medium width--half\" style=\"background-image:url(https:\/\/lindy.com\/de\/wp-content\/uploads\/sites\/3\/2020\/01\/38230_HW_front-close-up_new-1.jpg)\"><img decoding=\"async\" class=\"full-width-image__image\" src=\"https:\/\/lindy.com\/de\/wp-content\/uploads\/sites\/3\/2020\/01\/38230_HW_front-close-up_new-1.jpg\"\/><div class=\"contained\"><div class=\"full-width-image__content\"><\/div><\/div><\/section>\n\n\n\n<section class=\"wp-block-lindy-image-text-module section section--full-width-image full-width-image--with-text theme--dark section--animation-up align--left font--camber font--size-medium width--half\" style=\"background-image:url()\"><img decoding=\"async\" class=\"full-width-image__image\" src=\"\"\/><div class=\"contained\"><div class=\"full-width-image__content\"><h2 class=\"section__heading\"><span> <br\/><\/span><\/h2><p class=\"section__paragraph\"><br\/><br\/>Der Lindy 2 Port HDMI 2.0 18G Splitter mit Audio stellt eine multifunktionale L\u00f6sung zum Verteilen hochaufl\u00f6sender HDMI-AV-Inhalte simultan auf zwei Displays. Mit einer Bandbreite von 18Gbit\/s \u00fcbertr\u00e4gt er m\u00fchelos 4K-UHD-Aufl\u00f6sungen bis 4096&#215;2160@60Hz 4:4:4 8Bit und unterst\u00fctzt f\u00fcr die \u00dcbertragung auch kopiergesch\u00fctzter Inhalte HDCP 2.2. <\/p><\/div><\/div><\/section>\n\n\n\n<section class=\"wp-block-lindy-image-text-module section section--full-width-image full-width-image--with-text theme--dark section--animation-up align--left font--camber font--size-medium width--half\" style=\"background-image:url()\"><img decoding=\"async\" class=\"full-width-image__image\" src=\"\"\/><div class=\"contained\"><div class=\"full-width-image__content\"><p class=\"section__paragraph\">Das im Datenstrom am Eingang eingebettete Audiosignal l\u00e4sst sich entweder \u00fcber die HDMI-Ausg\u00e4nge auch wieder herausf\u00fchren oder extrahiert \u00fcber einen separaten optischen S\/PDIF-Ausgang bis 7.1 Kanal digital oder per Analog-Audio-Buchse als LPCM 2-Kanal-Signal separat auskoppeln. Beispielsweise, um eine externe Audio-Anlage, Soundbar oder \u00e4hnlich damit zu beschicken und so ein immersives AV-Erlebnis mit Mehrkanal-Audio zu generieren. Zus\u00e4tzlich beherbergt der Splitter eine Downscaler-Funktion, die es erm\u00f6glicht, ein 4K-Eingangssignal auf 2 x Full HD herunterzuskalieren, etwa, falls vor Ort in der Anwendung zwar ein 4K-Grafikkarte, jedoch kein oder nur ein 4K Display vorhanden w\u00e4re.<\/p><a href=\"https:\/\/www.lindy.de\/2-Port-HDMI-2-0-18G-Splitter-mit-Audio.htm?websale8=ld0101&amp;pi=38230&amp;ci=20\" class=\"button button--white-transparent\" target=\"_blank\" rel=\"noopener noreferrer\">shop online<\/a><\/div><\/div><\/section>\n\n\n\n<section class=\"wp-block-lindy-image-text-module section section--full-width-image full-width-image--with-text theme--light section--animation-none align--left font--camber font--size-medium width--half\" style=\"background-image:url(https:\/\/lindy.com\/de\/wp-content\/uploads\/sites\/3\/2020\/01\/38230_HW_back-close-up_new.jpg)\"><img decoding=\"async\" class=\"full-width-image__image\" src=\"https:\/\/lindy.com\/de\/wp-content\/uploads\/sites\/3\/2020\/01\/38230_HW_back-close-up_new.jpg\"\/><div class=\"contained\"><div class=\"full-width-image__content\"><\/div><\/div><\/section>\n","protected":false},"excerpt":{"rendered":"","protected":false},"author":11,"featured_media":0,"parent":0,"menu_order":0,"comment_status":"closed","ping_status":"closed","template":"page-templates\/template-landing.php","meta":{"_acf_changed":false,"footnotes":""},"class_list":["post-1163","page","type-page","status-publish","hentry"],"acf":[],"yoast_head":"<!-- This site is optimized with the Yoast SEO plugin v26.6 - https:\/\/yoast.com\/wordpress\/plugins\/seo\/ -->\n<title>Schulungs- und Trainingsumgebungen - E-Learning &amp; Lernen 2.0: Zukunft macht Schule<\/title>\n<meta name=\"description\" content=\"Im Zeitalter von E-Learning und Lernen 2.0 werden interaktive Schulungsumgebungen mit Unterst\u00fctzung durch multimediale AV-Medien zunehmend wichtiger.\" \/>\n<meta name=\"robots\" content=\"index, follow, max-snippet:-1, max-image-preview:large, max-video-preview:-1\" \/>\n<link rel=\"canonical\" href=\"https:\/\/lindy.com\/de\/schulungs-und-trainingsumgebungen\/\" \/>\n<meta property=\"og:locale\" content=\"de_DE\" \/>\n<meta property=\"og:type\" content=\"article\" \/>\n<meta property=\"og:title\" content=\"Schulungs- und Trainingsumgebungen - E-Learning &amp; Lernen 2.0: Zukunft macht Schule\" \/>\n<meta property=\"og:description\" content=\"Im Zeitalter von E-Learning und Lernen 2.0 werden interaktive Schulungsumgebungen mit Unterst\u00fctzung durch multimediale AV-Medien zunehmend wichtiger.\" \/>\n<meta property=\"og:url\" content=\"https:\/\/lindy.com\/de\/schulungs-und-trainingsumgebungen\/\" \/>\n<meta property=\"og:site_name\" content=\"Lindy - German\" \/>\n<meta property=\"article:modified_time\" content=\"2020-02-18T08:49:54+00:00\" \/>\n<meta property=\"og:image\" content=\"https:\/\/lindy.com\/de\/wp-content\/uploads\/sites\/3\/2020\/01\/38288_-Animation.gif\" \/>\n<meta name=\"twitter:card\" content=\"summary_large_image\" \/>\n<meta name=\"twitter:label1\" content=\"Gesch\u00e4tzte Lesezeit\" \/>\n\t<meta name=\"twitter:data1\" content=\"4 Minuten\" \/>\n<script type=\"application\/ld+json\" class=\"yoast-schema-graph\">{\"@context\":\"https:\/\/schema.org\",\"@graph\":[{\"@type\":\"WebPage\",\"@id\":\"https:\/\/lindy.com\/de\/schulungs-und-trainingsumgebungen\/\",\"url\":\"https:\/\/lindy.com\/de\/schulungs-und-trainingsumgebungen\/\",\"name\":\"Schulungs- und Trainingsumgebungen - E-Learning & Lernen 2.0: Zukunft macht Schule\",\"isPartOf\":{\"@id\":\"https:\/\/lindy.com\/de\/#website\"},\"primaryImageOfPage\":{\"@id\":\"https:\/\/lindy.com\/de\/schulungs-und-trainingsumgebungen\/#primaryimage\"},\"image\":{\"@id\":\"https:\/\/lindy.com\/de\/schulungs-und-trainingsumgebungen\/#primaryimage\"},\"thumbnailUrl\":\"https:\/\/lindy.com\/de\/wp-content\/uploads\/sites\/3\/2020\/01\/38288_-Animation.gif\",\"datePublished\":\"2020-01-09T08:45:08+00:00\",\"dateModified\":\"2020-02-18T08:49:54+00:00\",\"description\":\"Im Zeitalter von E-Learning und Lernen 2.0 werden interaktive Schulungsumgebungen mit Unterst\u00fctzung durch multimediale AV-Medien zunehmend wichtiger.\",\"breadcrumb\":{\"@id\":\"https:\/\/lindy.com\/de\/schulungs-und-trainingsumgebungen\/#breadcrumb\"},\"inLanguage\":\"de-DE\",\"potentialAction\":[{\"@type\":\"ReadAction\",\"target\":[\"https:\/\/lindy.com\/de\/schulungs-und-trainingsumgebungen\/\"]}]},{\"@type\":\"ImageObject\",\"inLanguage\":\"de-DE\",\"@id\":\"https:\/\/lindy.com\/de\/schulungs-und-trainingsumgebungen\/#primaryimage\",\"url\":\"https:\/\/lindy.com\/de\/wp-content\/uploads\/sites\/3\/2020\/01\/38288_-Animation.gif\",\"contentUrl\":\"https:\/\/lindy.com\/de\/wp-content\/uploads\/sites\/3\/2020\/01\/38288_-Animation.gif\",\"width\":1920,\"height\":1080},{\"@type\":\"BreadcrumbList\",\"@id\":\"https:\/\/lindy.com\/de\/schulungs-und-trainingsumgebungen\/#breadcrumb\",\"itemListElement\":[{\"@type\":\"ListItem\",\"position\":1,\"name\":\"Home\",\"item\":\"https:\/\/lindy.com\/de\/\"},{\"@type\":\"ListItem\",\"position\":2,\"name\":\"Schulungs- und Trainingsumgebungen\"}]},{\"@type\":\"WebSite\",\"@id\":\"https:\/\/lindy.com\/de\/#website\",\"url\":\"https:\/\/lindy.com\/de\/\",\"name\":\"Lindy - German\",\"description\":\"Connection Perfection\",\"potentialAction\":[{\"@type\":\"SearchAction\",\"target\":{\"@type\":\"EntryPoint\",\"urlTemplate\":\"https:\/\/lindy.com\/de\/?s={search_term_string}\"},\"query-input\":{\"@type\":\"PropertyValueSpecification\",\"valueRequired\":true,\"valueName\":\"search_term_string\"}}],\"inLanguage\":\"de-DE\"}]}<\/script>\n<!-- \/ Yoast SEO plugin. -->","yoast_head_json":{"title":"Schulungs- und Trainingsumgebungen - E-Learning & Lernen 2.0: Zukunft macht Schule","description":"Im Zeitalter von E-Learning und Lernen 2.0 werden interaktive Schulungsumgebungen mit Unterst\u00fctzung durch multimediale AV-Medien zunehmend wichtiger.","robots":{"index":"index","follow":"follow","max-snippet":"max-snippet:-1","max-image-preview":"max-image-preview:large","max-video-preview":"max-video-preview:-1"},"canonical":"https:\/\/lindy.com\/de\/schulungs-und-trainingsumgebungen\/","og_locale":"de_DE","og_type":"article","og_title":"Schulungs- und Trainingsumgebungen - E-Learning & Lernen 2.0: Zukunft macht Schule","og_description":"Im Zeitalter von E-Learning und Lernen 2.0 werden interaktive Schulungsumgebungen mit Unterst\u00fctzung durch multimediale AV-Medien zunehmend wichtiger.","og_url":"https:\/\/lindy.com\/de\/schulungs-und-trainingsumgebungen\/","og_site_name":"Lindy - German","article_modified_time":"2020-02-18T08:49:54+00:00","og_image":[{"url":"https:\/\/lindy.com\/de\/wp-content\/uploads\/sites\/3\/2020\/01\/38288_-Animation.gif","type":"","width":"","height":""}],"twitter_card":"summary_large_image","twitter_misc":{"Gesch\u00e4tzte Lesezeit":"4 Minuten"},"schema":{"@context":"https:\/\/schema.org","@graph":[{"@type":"WebPage","@id":"https:\/\/lindy.com\/de\/schulungs-und-trainingsumgebungen\/","url":"https:\/\/lindy.com\/de\/schulungs-und-trainingsumgebungen\/","name":"Schulungs- und Trainingsumgebungen - E-Learning & Lernen 2.0: Zukunft macht Schule","isPartOf":{"@id":"https:\/\/lindy.com\/de\/#website"},"primaryImageOfPage":{"@id":"https:\/\/lindy.com\/de\/schulungs-und-trainingsumgebungen\/#primaryimage"},"image":{"@id":"https:\/\/lindy.com\/de\/schulungs-und-trainingsumgebungen\/#primaryimage"},"thumbnailUrl":"https:\/\/lindy.com\/de\/wp-content\/uploads\/sites\/3\/2020\/01\/38288_-Animation.gif","datePublished":"2020-01-09T08:45:08+00:00","dateModified":"2020-02-18T08:49:54+00:00","description":"Im Zeitalter von E-Learning und Lernen 2.0 werden interaktive Schulungsumgebungen mit Unterst\u00fctzung durch multimediale AV-Medien zunehmend wichtiger.","breadcrumb":{"@id":"https:\/\/lindy.com\/de\/schulungs-und-trainingsumgebungen\/#breadcrumb"},"inLanguage":"de-DE","potentialAction":[{"@type":"ReadAction","target":["https:\/\/lindy.com\/de\/schulungs-und-trainingsumgebungen\/"]}]},{"@type":"ImageObject","inLanguage":"de-DE","@id":"https:\/\/lindy.com\/de\/schulungs-und-trainingsumgebungen\/#primaryimage","url":"https:\/\/lindy.com\/de\/wp-content\/uploads\/sites\/3\/2020\/01\/38288_-Animation.gif","contentUrl":"https:\/\/lindy.com\/de\/wp-content\/uploads\/sites\/3\/2020\/01\/38288_-Animation.gif","width":1920,"height":1080},{"@type":"BreadcrumbList","@id":"https:\/\/lindy.com\/de\/schulungs-und-trainingsumgebungen\/#breadcrumb","itemListElement":[{"@type":"ListItem","position":1,"name":"Home","item":"https:\/\/lindy.com\/de\/"},{"@type":"ListItem","position":2,"name":"Schulungs- und Trainingsumgebungen"}]},{"@type":"WebSite","@id":"https:\/\/lindy.com\/de\/#website","url":"https:\/\/lindy.com\/de\/","name":"Lindy - German","description":"Connection Perfection","potentialAction":[{"@type":"SearchAction","target":{"@type":"EntryPoint","urlTemplate":"https:\/\/lindy.com\/de\/?s={search_term_string}"},"query-input":{"@type":"PropertyValueSpecification","valueRequired":true,"valueName":"search_term_string"}}],"inLanguage":"de-DE"}]}},"_links":{"self":[{"href":"https:\/\/lindy.com\/de\/wp-json\/wp\/v2\/pages\/1163","targetHints":{"allow":["GET"]}}],"collection":[{"href":"https:\/\/lindy.com\/de\/wp-json\/wp\/v2\/pages"}],"about":[{"href":"https:\/\/lindy.com\/de\/wp-json\/wp\/v2\/types\/page"}],"author":[{"embeddable":true,"href":"https:\/\/lindy.com\/de\/wp-json\/wp\/v2\/users\/11"}],"replies":[{"embeddable":true,"href":"https:\/\/lindy.com\/de\/wp-json\/wp\/v2\/comments?post=1163"}],"version-history":[{"count":0,"href":"https:\/\/lindy.com\/de\/wp-json\/wp\/v2\/pages\/1163\/revisions"}],"wp:attachment":[{"href":"https:\/\/lindy.com\/de\/wp-json\/wp\/v2\/media?parent=1163"}],"curies":[{"name":"wp","href":"https:\/\/api.w.org\/{rel}","templated":true}]}}