{"id":11691,"date":"2024-12-17T16:20:01","date_gmt":"2024-12-17T16:20:01","guid":{"rendered":"https:\/\/lindy.com\/de\/?page_id=11691"},"modified":"2025-01-08T10:47:33","modified_gmt":"2025-01-08T10:47:33","slug":"csr-vielfalt","status":"publish","type":"page","link":"https:\/\/lindy.com\/de\/csr-vielfalt\/","title":{"rendered":"CSR-Vielfalt"},"content":{"rendered":"\n<section class=\"wp-block-lindy-image-text-module section section--full-width-image full-width-image--with-text theme--dark section--animation-none align--left  font--size-medium width--half\" style=\"background-image:url(https:\/\/lindy.com\/de\/wp-content\/uploads\/sites\/3\/2024\/12\/Welcome.png)\"><img decoding=\"async\" class=\"full-width-image__image\" src=\"https:\/\/lindy.com\/de\/wp-content\/uploads\/sites\/3\/2024\/12\/Welcome.png\"\/><div class=\"contained\"><div class=\"full-width-image__content\"><\/div><\/div><\/section>\n\n\n\n<section class=\"wp-block-lindy-image-text-module section section--full-width-image full-width-image--with-text theme--light section--animation-none align--left  font--size-medium width--half\" style=\"background-image:url()\"><img decoding=\"async\" class=\"full-width-image__image\" src=\"\"\/><div class=\"contained\"><div class=\"full-width-image__content\"><h2 class=\"section__heading\"><span>Chancengleichheit<\/span><\/h2><h2 class=\"section__subheading section__subheading__title\">und Vielfalt<\/h2><p class=\"section__paragraph\"><br\/><img decoding=\"async\" src=\"\"\/>Wir sehen die Vielfalt der Menschen bei Lindy als gro\u00dfe Bereicherung und Schl\u00fcssel f\u00fcr erfolgreiche Teams. Wir sch\u00e4tzen es, wenn unsere Mitarbeitenden ihre einzigartigen Perspektiven, F\u00e4higkeiten und Erfahrungen aktiv in unser Unternehmen einbringen.\u00a0<br\/><br\/><br\/><br\/><\/p><\/div><\/div><\/section>\n\n\n\n<section class=\"wp-block-lindy-image-text-module section section--full-width-image full-width-image--with-text theme--light section--animation-none align--right  font--size-medium width--half\" style=\"background-image:url()\"><img decoding=\"async\" class=\"full-width-image__image\" src=\"\"\/><div class=\"contained\"><div class=\"full-width-image__content\"><p class=\"section__paragraph\"><br\/><br\/>Chancengleichheit und Vielfalt sind bei Lindy gelebte Werte, die sich in einem respektvollen, fairen und offenen Miteinander widerspiegeln. Von allen Mitarbeitenden erwarten wir, dass sie diese Werte teilen und ein Arbeitsklima f\u00f6rdern, das von gegenseitiger Wertsch\u00e4tzung gepr\u00e4gt ist. Unsere F\u00fchrungskr\u00e4fte tragen eine besondere Verantwortung: Sie sind Vorbilder und setzen sich in ihrem Bereich aktiv f\u00fcr die Umsetzung und F\u00f6rderung unserer Werte ein.\u00a0<br\/><br\/><\/p><a href=\".\/CSR-HF#employees\" class=\"button button--dark\" target=\"_self\" rel=\"noopener noreferrer\">Zur\u00fcck<\/a><\/div><\/div><\/section>\n\n\n\n<section class=\"wp-block-lindy-image-text-module section section--full-width-image full-width-image--with-text theme--dark section--animation-none align--left  font--size-medium width--half\" style=\"background-image:url(https:\/\/lindy.com\/de\/wp-content\/uploads\/sites\/3\/2024\/12\/Schuhe.jpg)\"><img decoding=\"async\" class=\"full-width-image__image\" src=\"https:\/\/lindy.com\/de\/wp-content\/uploads\/sites\/3\/2024\/12\/Schuhe.jpg\"\/><div class=\"contained\"><div class=\"full-width-image__content\"><\/div><\/div><\/section>\n\n\n\n<section class=\"wp-block-lindy-image-text-module section section--full-width-image full-width-image--with-text theme--light section--animation-none align--left  font--size-medium width--half\" style=\"background-image:url(https:\/\/lindy.com\/de\/wp-content\/uploads\/sites\/3\/2024\/12\/Vilefalt.png)\"><img decoding=\"async\" class=\"full-width-image__image\" src=\"https:\/\/lindy.com\/de\/wp-content\/uploads\/sites\/3\/2024\/12\/Vilefalt.png\"\/><div class=\"contained\"><div class=\"full-width-image__content\"><\/div><\/div><\/section>\n\n\n\n<section class=\"wp-block-lindy-image-text-module section section--full-width-image full-width-image--with-text theme--dark section--animation-none align--left  font--size-medium width--half\" style=\"background-image:url()\"><img decoding=\"async\" class=\"full-width-image__image\" src=\"\"\/><div class=\"contained\"><div class=\"full-width-image__content\"><p class=\"section__paragraph\"><br\/><br\/><br\/>Wir positionieren uns klar gegen jede Form von Diskriminierung. Dazu geh\u00f6ren unter anderem Benachteiligungen aufgrund von Geschlecht, geschlechtlicher Identit\u00e4t, sexueller Orientierung, Alter, Religionszugeh\u00f6rigkeit, ethnischer Herkunft, Nationalit\u00e4t, Krankheit oder Behinderung. Bei Lindy steht der Mensch im Mittelpunkt \u2013 mit all seinen Facetten und St\u00e4rken.\u00a0<br\/><br\/><\/p><\/div><\/div><\/section>\n\n\n\n<section class=\"wp-block-lindy-image-text-module section section--full-width-image full-width-image--with-text theme--dark section--animation-none align--right  font--size-medium width--half\" style=\"background-image:url()\"><img decoding=\"async\" class=\"full-width-image__image\" src=\"\"\/><div class=\"contained\"><div class=\"full-width-image__content\"><h2 class=\"section__heading\"><span>Frauen in<\/span><\/h2><h2 class=\"section__subheading section__subheading__title\">F\u00fchrungspositionen<\/h2><p class=\"section__paragraph\"><br\/>Wir freuen uns, dass in unserem deutschen Team 44% unserer F\u00fchrungskr\u00e4fte Frauen sind, w\u00e4hrend der nationale Durchschnitt in Deutschland bei nur 28% liegt. Dies zeigt sowohl unser Engagement f\u00fcr die F\u00f6rderung von Frauen in F\u00fchrungspositionen als auch die Vielfalt und St\u00e4rke unserer Organisation. (Stand 04\/2024)\u00a0<\/p><a href=\".\/CSR\" class=\"button button--white-transparent\" target=\"_self\" rel=\"noopener noreferrer\">Startseite<\/a><\/div><\/div><\/section>\n\n\n\n<section class=\"wp-block-lindy-image-text-module section section--full-width-image full-width-image--with-text theme--light section--animation-none align--left  font--size-medium width--half\" style=\"background-image:url(https:\/\/lindy.com\/de\/wp-content\/uploads\/sites\/3\/2024\/12\/Weltfrauentag_2.png)\"><img decoding=\"async\" class=\"full-width-image__image\" src=\"https:\/\/lindy.com\/de\/wp-content\/uploads\/sites\/3\/2024\/12\/Weltfrauentag_2.png\"\/><div class=\"contained\"><div class=\"full-width-image__content\"><\/div><\/div><\/section>\n","protected":false},"excerpt":{"rendered":"","protected":false},"author":21,"featured_media":0,"parent":0,"menu_order":0,"comment_status":"closed","ping_status":"closed","template":"page-templates\/template-landing.php","meta":{"_acf_changed":false,"footnotes":""},"class_list":["post-11691","page","type-page","status-publish","hentry"],"acf":[],"yoast_head":"<!-- This site is optimized with the Yoast SEO plugin v26.6 - https:\/\/yoast.com\/wordpress\/plugins\/seo\/ -->\n<title>CSR-Vielfalt - Lindy - German<\/title>\n<meta name=\"robots\" content=\"index, follow, max-snippet:-1, max-image-preview:large, max-video-preview:-1\" \/>\n<link rel=\"canonical\" href=\"https:\/\/lindy.com\/de\/csr-vielfalt\/\" \/>\n<meta property=\"og:locale\" content=\"de_DE\" \/>\n<meta property=\"og:type\" content=\"article\" \/>\n<meta property=\"og:title\" content=\"CSR-Vielfalt - Lindy - German\" \/>\n<meta property=\"og:url\" content=\"https:\/\/lindy.com\/de\/csr-vielfalt\/\" \/>\n<meta property=\"og:site_name\" content=\"Lindy - German\" \/>\n<meta property=\"article:modified_time\" content=\"2025-01-08T10:47:33+00:00\" \/>\n<meta property=\"og:image\" content=\"https:\/\/lindy.com\/de\/wp-content\/uploads\/sites\/3\/2024\/12\/Welcome.png\" \/>\n<meta name=\"twitter:card\" content=\"summary_large_image\" \/>\n<meta name=\"twitter:label1\" content=\"Gesch\u00e4tzte Lesezeit\" \/>\n\t<meta name=\"twitter:data1\" content=\"3 Minuten\" \/>\n<script type=\"application\/ld+json\" class=\"yoast-schema-graph\">{\"@context\":\"https:\/\/schema.org\",\"@graph\":[{\"@type\":\"WebPage\",\"@id\":\"https:\/\/lindy.com\/de\/csr-vielfalt\/\",\"url\":\"https:\/\/lindy.com\/de\/csr-vielfalt\/\",\"name\":\"CSR-Vielfalt - Lindy - German\",\"isPartOf\":{\"@id\":\"https:\/\/lindy.com\/de\/#website\"},\"primaryImageOfPage\":{\"@id\":\"https:\/\/lindy.com\/de\/csr-vielfalt\/#primaryimage\"},\"image\":{\"@id\":\"https:\/\/lindy.com\/de\/csr-vielfalt\/#primaryimage\"},\"thumbnailUrl\":\"https:\/\/lindy.com\/de\/wp-content\/uploads\/sites\/3\/2024\/12\/Welcome.png\",\"datePublished\":\"2024-12-17T16:20:01+00:00\",\"dateModified\":\"2025-01-08T10:47:33+00:00\",\"breadcrumb\":{\"@id\":\"https:\/\/lindy.com\/de\/csr-vielfalt\/#breadcrumb\"},\"inLanguage\":\"de-DE\",\"potentialAction\":[{\"@type\":\"ReadAction\",\"target\":[\"https:\/\/lindy.com\/de\/csr-vielfalt\/\"]}]},{\"@type\":\"ImageObject\",\"inLanguage\":\"de-DE\",\"@id\":\"https:\/\/lindy.com\/de\/csr-vielfalt\/#primaryimage\",\"url\":\"https:\/\/lindy.com\/de\/wp-content\/uploads\/sites\/3\/2024\/12\/Welcome.png\",\"contentUrl\":\"https:\/\/lindy.com\/de\/wp-content\/uploads\/sites\/3\/2024\/12\/Welcome.png\",\"width\":1080,\"height\":1080},{\"@type\":\"BreadcrumbList\",\"@id\":\"https:\/\/lindy.com\/de\/csr-vielfalt\/#breadcrumb\",\"itemListElement\":[{\"@type\":\"ListItem\",\"position\":1,\"name\":\"Home\",\"item\":\"https:\/\/lindy.com\/de\/\"},{\"@type\":\"ListItem\",\"position\":2,\"name\":\"CSR-Vielfalt\"}]},{\"@type\":\"WebSite\",\"@id\":\"https:\/\/lindy.com\/de\/#website\",\"url\":\"https:\/\/lindy.com\/de\/\",\"name\":\"Lindy - German\",\"description\":\"Connection Perfection\",\"potentialAction\":[{\"@type\":\"SearchAction\",\"target\":{\"@type\":\"EntryPoint\",\"urlTemplate\":\"https:\/\/lindy.com\/de\/?s={search_term_string}\"},\"query-input\":{\"@type\":\"PropertyValueSpecification\",\"valueRequired\":true,\"valueName\":\"search_term_string\"}}],\"inLanguage\":\"de-DE\"}]}<\/script>\n<!-- \/ Yoast SEO plugin. -->","yoast_head_json":{"title":"CSR-Vielfalt - Lindy - German","robots":{"index":"index","follow":"follow","max-snippet":"max-snippet:-1","max-image-preview":"max-image-preview:large","max-video-preview":"max-video-preview:-1"},"canonical":"https:\/\/lindy.com\/de\/csr-vielfalt\/","og_locale":"de_DE","og_type":"article","og_title":"CSR-Vielfalt - Lindy - German","og_url":"https:\/\/lindy.com\/de\/csr-vielfalt\/","og_site_name":"Lindy - German","article_modified_time":"2025-01-08T10:47:33+00:00","og_image":[{"url":"https:\/\/lindy.com\/de\/wp-content\/uploads\/sites\/3\/2024\/12\/Welcome.png","type":"","width":"","height":""}],"twitter_card":"summary_large_image","twitter_misc":{"Gesch\u00e4tzte Lesezeit":"3 Minuten"},"schema":{"@context":"https:\/\/schema.org","@graph":[{"@type":"WebPage","@id":"https:\/\/lindy.com\/de\/csr-vielfalt\/","url":"https:\/\/lindy.com\/de\/csr-vielfalt\/","name":"CSR-Vielfalt - Lindy - German","isPartOf":{"@id":"https:\/\/lindy.com\/de\/#website"},"primaryImageOfPage":{"@id":"https:\/\/lindy.com\/de\/csr-vielfalt\/#primaryimage"},"image":{"@id":"https:\/\/lindy.com\/de\/csr-vielfalt\/#primaryimage"},"thumbnailUrl":"https:\/\/lindy.com\/de\/wp-content\/uploads\/sites\/3\/2024\/12\/Welcome.png","datePublished":"2024-12-17T16:20:01+00:00","dateModified":"2025-01-08T10:47:33+00:00","breadcrumb":{"@id":"https:\/\/lindy.com\/de\/csr-vielfalt\/#breadcrumb"},"inLanguage":"de-DE","potentialAction":[{"@type":"ReadAction","target":["https:\/\/lindy.com\/de\/csr-vielfalt\/"]}]},{"@type":"ImageObject","inLanguage":"de-DE","@id":"https:\/\/lindy.com\/de\/csr-vielfalt\/#primaryimage","url":"https:\/\/lindy.com\/de\/wp-content\/uploads\/sites\/3\/2024\/12\/Welcome.png","contentUrl":"https:\/\/lindy.com\/de\/wp-content\/uploads\/sites\/3\/2024\/12\/Welcome.png","width":1080,"height":1080},{"@type":"BreadcrumbList","@id":"https:\/\/lindy.com\/de\/csr-vielfalt\/#breadcrumb","itemListElement":[{"@type":"ListItem","position":1,"name":"Home","item":"https:\/\/lindy.com\/de\/"},{"@type":"ListItem","position":2,"name":"CSR-Vielfalt"}]},{"@type":"WebSite","@id":"https:\/\/lindy.com\/de\/#website","url":"https:\/\/lindy.com\/de\/","name":"Lindy - German","description":"Connection Perfection","potentialAction":[{"@type":"SearchAction","target":{"@type":"EntryPoint","urlTemplate":"https:\/\/lindy.com\/de\/?s={search_term_string}"},"query-input":{"@type":"PropertyValueSpecification","valueRequired":true,"valueName":"search_term_string"}}],"inLanguage":"de-DE"}]}},"_links":{"self":[{"href":"https:\/\/lindy.com\/de\/wp-json\/wp\/v2\/pages\/11691","targetHints":{"allow":["GET"]}}],"collection":[{"href":"https:\/\/lindy.com\/de\/wp-json\/wp\/v2\/pages"}],"about":[{"href":"https:\/\/lindy.com\/de\/wp-json\/wp\/v2\/types\/page"}],"author":[{"embeddable":true,"href":"https:\/\/lindy.com\/de\/wp-json\/wp\/v2\/users\/21"}],"replies":[{"embeddable":true,"href":"https:\/\/lindy.com\/de\/wp-json\/wp\/v2\/comments?post=11691"}],"version-history":[{"count":34,"href":"https:\/\/lindy.com\/de\/wp-json\/wp\/v2\/pages\/11691\/revisions"}],"predecessor-version":[{"id":11990,"href":"https:\/\/lindy.com\/de\/wp-json\/wp\/v2\/pages\/11691\/revisions\/11990"}],"wp:attachment":[{"href":"https:\/\/lindy.com\/de\/wp-json\/wp\/v2\/media?parent=11691"}],"curies":[{"name":"wp","href":"https:\/\/api.w.org\/{rel}","templated":true}]}}