{"id":12131,"date":"2025-03-10T15:16:22","date_gmt":"2025-03-10T15:16:22","guid":{"rendered":"https:\/\/lindy.com\/de\/?page_id=12131"},"modified":"2026-04-02T07:43:45","modified_gmt":"2026-04-02T07:43:45","slug":"usb-4","status":"publish","type":"page","link":"https:\/\/lindy.com\/de\/usb-4\/","title":{"rendered":"USB 4"},"content":{"rendered":"\n<section class=\"wp-block-lindy-image-text-module section section--full-width-image full-width-image--with-text theme--dark section--animation-none align--center  font--size-large\" style=\"background-image:url(https:\/\/lindy.com\/fr\/wp-content\/uploads\/sites\/4\/2025\/01\/Landing-page-USB-4-2.jpg)\"><img decoding=\"async\" class=\"full-width-image__image\" src=\"https:\/\/lindy.com\/fr\/wp-content\/uploads\/sites\/4\/2025\/01\/Landing-page-USB-4-2.jpg\"\/><div class=\"contained\"><div class=\"full-width-image__content\"><h2 class=\"section__heading\"><span>USB4<\/span><\/h2><h2 class=\"section__subheading section__subheading__title\">Einen Gang <br\/>H\u00f6her <\/h2><\/div><\/div><\/section>\n\n\n\n<section class=\"wp-block-lindy-image-text-module section section--full-width-image full-width-image--with-text theme--dark section--animation-up align--center  font--size-medium\" style=\"background-image:url()\"><img decoding=\"async\" class=\"full-width-image__image\" src=\"\"\/><div class=\"contained\"><div class=\"full-width-image__content\"><h2 class=\"section__heading\"><span>Der neue Standard <\/span><\/h2><h2 class=\"section__subheading section__subheading__title\">F\u00dcR Maximale LEISTUNG<\/h2><p class=\"section__paragraph\"><br\/>Seit 1996 ist USB (<strong>U<\/strong>niversal <strong>S<\/strong>erial <strong>B<\/strong>us) in der Tat die universelle Schnittstelle f\u00fcr Computerperipherie. Fr\u00fchere Konkurrenten wie Firewire oder Thunderbolt konnten sich wegen USBs breiter Marktakzeptanz nicht durchsetzen und die meisten sind l\u00e4ngst verschwunden (z.B. ADB, PS\/2, SCSI, LVD, IEEE 1284 etc). Andere, etwa RS-232, f\u00fchren nur noch ein Nischendasein im industriellen Sektor. Mit USB4 wird nun auch Thunderbolt 3 offiziell integriert, wodurch ein neuer, noch leistungsf\u00e4higerer Standard entstand.<br\/><\/p><a href=\"https:\/\/www.lindy.de\/htm?websale8=ld0101.ld011101&amp;ci=800510&amp;etcc_cmp=LP-USB4&amp;etcc_med=WebSite-DE\" class=\"button button--white-transparent\" target=\"_blank\" rel=\"noopener noreferrer\">Produktpalette entdecken<\/a><\/div><\/div><\/section>\n\n\n\n<section class=\"wp-block-lindy-heading-text section section--heading-text theme--dark align--center  font--size-medium section--animation-none\"><div class=\"contained\"><\/div><\/section>\n\n\n\n<section class=\"wp-block-lindy-image-text-module section section--full-width-image full-width-image--with-text theme--dark section--animation-none align--left  font--size-medium width--half\" style=\"background-image:url()\"><img decoding=\"async\" class=\"full-width-image__image\" src=\"\"\/><div class=\"contained\"><div class=\"full-width-image__content\"><h2 class=\"section__heading\"><span>Erfolgs<\/span><\/h2><h2 class=\"section__subheading section__subheading__title\">geschichte<strong> <\/strong><\/h2><p class=\"section__paragraph\"><br\/>Mit USB 1.0 entstand erstmals die Idee, s\u00e4mtliche Peripherie \u00fcber einen einzigen Standardport anzubinden \u2013 damals eine revolution\u00e4re Vision. Dank Plug &amp; Play, Hot-Plugging und \u2013 f\u00fcr diese Zeit \u2013 hoher Datenraten (12 Mbit\/s) setzte sich USB schnell durch.<br\/><br\/>Sp\u00e4tere Versionen steigerten die \u00dcbertragungsgeschwindigkeit massiv: USB 2.0 auf 480 Mbit\/s, USB 3.0 auf 5 Gbit\/s, USB 3.1 auf 10 Gbit\/s und USB 3.2 auf 20 Gbit\/s. Damit konnten alternative Schnittstellen weitgehend verdr\u00e4ngt werden, nur Echtzeitanwendungen blieben Spezialf\u00e4lle.<\/p><\/div><\/div><\/section>\n\n\n\n<section class=\"wp-block-lindy-image-text-module section section--full-width-image full-width-image--with-text theme--light section--animation-none align--left  font--size-medium width--half\" style=\"background-image:url(https:\/\/lindy.com\/de\/wp-content\/uploads\/sites\/3\/2025\/03\/USB4-success-story.jpg)\"><img decoding=\"async\" class=\"full-width-image__image\" src=\"https:\/\/lindy.com\/de\/wp-content\/uploads\/sites\/3\/2025\/03\/USB4-success-story.jpg\"\/><div class=\"contained\"><div class=\"full-width-image__content\"><\/div><\/div><\/section>\n\n\n\n<section class=\"wp-block-lindy-image-text-module section section--full-width-image full-width-image--with-text theme--light section--animation-none align--left  font--size-medium width--half\" style=\"background-image:url(https:\/\/lindy.com\/de\/wp-content\/uploads\/sites\/3\/2025\/06\/USB4-Thunderbolt-2.jpg)\"><img decoding=\"async\" class=\"full-width-image__image\" src=\"https:\/\/lindy.com\/de\/wp-content\/uploads\/sites\/3\/2025\/06\/USB4-Thunderbolt-2.jpg\"\/><div class=\"contained\"><div class=\"full-width-image__content\"><\/div><\/div><\/section>\n\n\n\n<section class=\"wp-block-lindy-image-text-module section section--full-width-image full-width-image--with-text theme--light section--animation-none align--left  font--size-medium width--half\" style=\"background-image:url()\"><img decoding=\"async\" class=\"full-width-image__image\" src=\"\"\/><div class=\"contained\"><div class=\"full-width-image__content\"><h2 class=\"section__heading\"><span><strong>Blitz und<\/strong><\/span><\/h2><h2 class=\"section__subheading section__subheading__title\">Donnerkeil<\/h2><p class=\"section__paragraph\"><br\/>2011 wurde Thunderbolt von Intel und Apple vorgestellt. Es basiert auf DisplayPort und nutzt einen bidirektionalen PCIe-Datenkanal, was h\u00f6here Geschwindigkeiten erm\u00f6glichte. Thunderbolt 3 f\u00fchrte den USB-C-Stecker ein. Zu Beginn war Thunderbolt mit einer doppelten Geschwindigkeit von USB 3.0 ein gewichtiger und ernstzunehmender Konkurrent. Dennoch konnte es sich aufgrund der weiten Verbreitung von USB und der kosteng\u00fcnstigeren Produktion von USB-Hardware nicht durchsetzen, auch nicht durch die Einf\u00fchrung der Abw\u00e4rtskompatibilit\u00e4t zu USB 3.1.<\/p><\/div><\/div><\/section>\n\n\n\n<section class=\"wp-block-lindy-image-text-module section section--full-width-image full-width-image--with-text theme--dark section--animation-none align--left  font--size-medium width--half\" style=\"background-image:url()\"><img decoding=\"async\" class=\"full-width-image__image\" src=\"\"\/><div class=\"contained\"><div class=\"full-width-image__content\"><h2 class=\"section__heading\"><span><strong>Aus zwei<\/strong><\/span><\/h2><h2 class=\"section__subheading section__subheading__title\">Mach&#8216; Eins<\/h2><p class=\"section__paragraph\"><br\/>Mit USB4 wurden erstmals die St\u00e4rken von USB und Thunderbolt vereint. Der neue Standard bietet \u00dcbertragungsraten bis zu 40\u202fGbit\/s \u2013 doppelt so schnell wie USB 3.2 \u2013 und kombiniert die Flexibilit\u00e4t von USB-Hubs mit der Performance von Thunderbolt. Dank der Integration von PCIe, DisplayPort (Alternate Mode) und USB\u202f2.0 ist USB4 besonders vielseitig \u2013 ideal f\u00fcr schnelle Datentransfers, AV-Signale und den Anschluss verschiedenster Ger\u00e4te.<\/p><\/div><\/div><\/section>\n\n\n\n<section class=\"wp-block-lindy-image-text-module section section--full-width-image full-width-image--with-text theme--dark section--animation-none align--left  font--size-medium width--half\" style=\"background-image:url(https:\/\/lindy.com\/de\/wp-content\/uploads\/sites\/3\/2026\/04\/USB4_Landing-Page_Speed-USB_DE.png)\"><img decoding=\"async\" class=\"full-width-image__image\" src=\"https:\/\/lindy.com\/de\/wp-content\/uploads\/sites\/3\/2026\/04\/USB4_Landing-Page_Speed-USB_DE.png\"\/><div class=\"contained\"><div class=\"full-width-image__content\"><\/div><\/div><\/section>\n\n\n\n<section class=\"wp-block-lindy-image-text-module section section--full-width-image full-width-image--with-text theme--dark section--animation-none align--center  font--size-medium\" style=\"background-image:url()\"><img decoding=\"async\" class=\"full-width-image__image\" src=\"\"\/><div class=\"contained\"><div class=\"full-width-image__content\"><h2 class=\"section__heading\"><span>Das Ganze<\/span><\/h2><h2 class=\"section__subheading section__subheading__title\">und die Summe seiner Teile<\/h2><p class=\"section__paragraph\"><br\/>USB4 vereint verschiedene Protokolle wie USB 2.0, Enhanced Superspeed, PCIe und DisplayPort. M\u00f6glich wird das durch eine clevere interne Architektur mit Controllern, Switches und einem sogenannten Router, der die Kommunikation koordiniert. Der USB-C-Stecker bleibt zentral \u2013 er erm\u00f6glicht \u00fcber den DisplayPort Alternate Mode nicht nur Daten-, sondern auch AV-\u00dcbertragung, etwa zu Monitoren oder Beamern. Beim Anschlie\u00dfen neuer Ger\u00e4te wird zun\u00e4chst automatisch verhandelt, welche Protokolle und Geschwindigkeiten verwendet werden. Zwar sind bis zu 40\u202fGbit\/s m\u00f6glich, jedoch garantiert USB4 laut Spezifikation nur 20\u202fGbit\/s \u2013 je nach Host k\u00f6nnen Thunderbolt-3-Ger\u00e4te also langsamer arbeiten. Ein Blick auf die Hardware-Spezifikationen lohnt sich.<\/p><\/div><\/div><\/section>\n\n\n\n<section class=\"wp-block-lindy-parallax-hero section parallax-hero theme--dark align--right  font--size-medium\" style=\"background-image:url(https:\/\/lindy.com\/fr\/wp-content\/uploads\/sites\/4\/2025\/01\/USB-4-Parallex.jpg)\"><div class=\"contained contained--full-width\"><div class=\"parallax-hero__content\"><div class=\"parallax-hero__content-wrapper align--right\"><h2 class=\"section__heading\"><span><br\/><br\/><br\/><\/span><\/h2><\/div><\/div><\/div><\/section>\n\n\n\n<section class=\"wp-block-lindy-image-text-module section section--full-width-image full-width-image--with-text theme--dark section--animation-none align--left  font--size-medium width--half\" style=\"background-image:url()\"><img decoding=\"async\" class=\"full-width-image__image\" src=\"\"\/><div class=\"contained\"><div class=\"full-width-image__content\"><h2 class=\"section__heading\"><span><strong>Babylon<\/strong><\/span><\/h2><h2 class=\"section__subheading section__subheading__title\">l\u00e4sst gr\u00fc\u00dfen<\/h2><p class=\"section__paragraph\"><br\/>Seit USB 3.1 sorgt die Namensgebung f\u00fcr Verwirrung: Aus USB 3.0 (5\u202fGbit\/s) wurde USB 3.1 Gen\u202f1, aus USB 3.1 (10\u202fGbit\/s) wurde USB 3.1 Gen\u202f2. Mit USB 3.2 kamen weitere Varianten:<br\/><strong>USB 3.2 Gen 1<\/strong> = 5\u202fGbit\/s<br\/><strong>USB 3.2 Gen 2<\/strong> = 10\u202fGbit\/s<br\/><strong>USB 3.2 Gen 2\u00d72<\/strong> = 20\u202fGbit\/s<br\/><br\/>USB4 setzt diese Logik fort:<br\/><strong>USB4 Gen 2\u00d72<\/strong> = 20\u202fGbit\/s<br\/><strong>USB4 Gen 3\u00d72<\/strong> = 40\u202fGbit\/s<br\/><br\/>Ob \u00e4ltere USB-Versionen k\u00fcnftig noch einmal umbenannt werden, bleibt offen \u2013 klar ist: Wer kauft, sollte genau auf die Bezeichnungen achten.<\/p><\/div><\/div><\/section>\n\n\n\n<section class=\"wp-block-lindy-image-text-module section section--full-width-image full-width-image--with-text theme--light section--animation-none align--left  font--size-medium width--half\" style=\"background-image:url(https:\/\/lindy.com\/de\/wp-content\/uploads\/sites\/3\/2025\/06\/USB-4-Symbole-EN-HW-1.png)\"><img decoding=\"async\" class=\"full-width-image__image\" src=\"https:\/\/lindy.com\/de\/wp-content\/uploads\/sites\/3\/2025\/06\/USB-4-Symbole-EN-HW-1.png\"\/><div class=\"contained\"><div class=\"full-width-image__content\"><\/div><\/div><\/section>\n\n\n\n<section class=\"wp-block-lindy-image-text-module section section--full-width-image full-width-image--with-text theme--dark section--animation-none align--center  font--size-medium width--half\" style=\"background-image:url(https:\/\/lindy.com\/de\/wp-content\/uploads\/sites\/3\/2025\/03\/e-without-icon-1.jpg)\"><img decoding=\"async\" class=\"full-width-image__image\" src=\"https:\/\/lindy.com\/de\/wp-content\/uploads\/sites\/3\/2025\/03\/e-without-icon-1.jpg\"\/><div class=\"contained\"><div class=\"full-width-image__content\"><h2 class=\"section__subheading section__subheading__title\"><br\/><br\/><\/h2><p class=\"section__paragraph\"><br\/><br\/><br\/><\/p><\/div><\/div><\/section>\n\n\n\n<section class=\"wp-block-lindy-image-text-module section section--full-width-image full-width-image--with-text theme--dark section--animation-none align--left  font--size-medium width--half\" style=\"background-image:url()\"><img decoding=\"async\" class=\"full-width-image__image\" src=\"\"\/><div class=\"contained\"><div class=\"full-width-image__content\"><h2 class=\"section__heading\"><span>Volle \u00dcbernahme<\/span><\/h2><h2 class=\"section__subheading section__subheading__title\">Power Delivery<\/h2><p class=\"section__paragraph\"><br\/>USB4 \u00fcbernimmt vollst\u00e4ndig den Power-Delivery-Standard, der die Stromversorgung zwischen Host, Hubs und Ger\u00e4ten regelt \u2013 inklusive Richtungswechsel und verschiedener Leistungsprofile, bei PD 3.0  bis zu <strong>20\u202fV \/ 5\u202fA (100\u202fW)<\/strong> und nach dem neuesten Power Delivery-Standard (PD3.1) sogar bis <strong>240W<\/strong> mit 48<strong>\u202fV \/ 5\u202fA<\/strong>.<br\/> <br\/>Dank E-Marker-Chip erkennen Kabel automatisch, welche Stromst\u00e4rke sie unterst\u00fctzen. So kann z.\u202fB. ein Notebook \u00fcber ein einziges USB-C-Kabel gleichzeitig geladen und mit Daten versorgt werden \u2013 ideal f\u00fcr Docking-Stations und ein aufger\u00e4umtes Setup.<\/p><\/div><\/div><\/section>\n\n\n\n<section class=\"wp-block-lindy-image-text-module section section--full-width-image full-width-image--with-text theme--light section--animation-none align--left  font--size-medium width--half\" style=\"background-image:url()\"><img decoding=\"async\" class=\"full-width-image__image\" src=\"\"\/><div class=\"contained\"><div class=\"full-width-image__content\"><h2 class=\"section__heading\"><span><strong>Was bedeutet dAs<\/strong><\/span><\/h2><h2 class=\"section__subheading section__subheading__title\">f\u00fcr den Anwender?<\/h2><p class=\"section__paragraph\"><br\/>USB4 vereinfacht vieles: h\u00f6here Bandbreiten, einheitliche Standards und ein gemeinsamer Steckertyp \u2013 <strong>USB-C<\/strong>. Wer Ger\u00e4te besitzt, die die volle USB4-Funktionalit\u00e4t mit <strong>40\u202fGbit\/s<\/strong> und <strong>Power Delivery<\/strong> unterst\u00fctzen, profitiert von maximaler Leistung bei minimalem Kabelchaos. Fr\u00fcher war es n\u00f6tig, Logos und Spezifikationen genau zu pr\u00fcfen \u2013 heute sorgt USB4 f\u00fcr mehr Kompatibilit\u00e4t.<br\/><br\/>Dennoch bleibt  Aufmerksamkeit gefragt: <br\/>Nicht jeder USB-C-Anschluss bietet automatisch die volle USB4-Leistung. Beim Kauf sollte man daher auf <strong>Geschwindigkeit (Gen-Bezeichnung)<\/strong> und <strong>PD-Unterst\u00fctzung<\/strong> achten.<br\/><br\/>Die neue <strong>USB4 Version 2.0<\/strong> bringt bereits den n\u00e4chsten Entwicklungsschritt: Denn mit <strong>bis zu 80\u202fGbit\/s<\/strong> und der dadurch m\u00f6glichen Kompatibilit\u00e4t zu DisplayPort 2.1 im DisplayPort Alternate Mode verdoppelt sich die Datenrate erneut \u2013 ideal f\u00fcr High-End-Peripherie wie 8K-Displays oder besonders schnelle SSDs. Dank Abw\u00e4rtskompatibilit\u00e4t bleibt der Anschluss gleich, doch auch hier gilt: Nur passende Kabel und Ger\u00e4te k\u00f6nnen das volle Potenzial aussch\u00f6pfen.<\/p><\/div><\/div><\/section>\n\n\n\n<section class=\"wp-block-lindy-image-text-module section section--full-width-image full-width-image--with-text theme--light section--animation-none align--left  font--size-medium width--half\" style=\"background-image:url(https:\/\/lindy.com\/de\/wp-content\/uploads\/sites\/3\/2025\/03\/USB4-power-delivery.jpg)\"><img decoding=\"async\" class=\"full-width-image__image\" src=\"https:\/\/lindy.com\/de\/wp-content\/uploads\/sites\/3\/2025\/03\/USB4-power-delivery.jpg\"\/><div class=\"contained\"><div class=\"full-width-image__content\"><\/div><\/div><\/section>\n\n\n\n<section class=\"wp-block-lindy-image-text-module section section--full-width-image full-width-image--with-text theme--dark section--animation-none align--center  font--size-medium\" style=\"background-image:url(https:\/\/lindy.com\/de\/wp-content\/uploads\/sites\/3\/2024\/10\/Sales-Background.png)\"><img decoding=\"async\" class=\"full-width-image__image\" src=\"https:\/\/lindy.com\/de\/wp-content\/uploads\/sites\/3\/2024\/10\/Sales-Background.png\"\/><div class=\"contained\"><div class=\"full-width-image__content\"><h2 class=\"section__heading\"><span><br\/><strong>H<\/strong>aben Sie Fragen oder w\u00fcnschen Sie eine pers\u00f6nliche Beratung?<\/span><\/h2><h2 class=\"section__subheading section__subheading__title\">Sprechen Sie mit unserEn Experten<\/h2><p class=\"section__paragraph\"><br\/><\/p><a href=\"https:\/\/lindy.com\/de\/kontakt\/\" class=\"button button--white-transparent\" target=\"_self\" rel=\"noopener noreferrer\">Kontakt aufnehmen<\/a><\/div><\/div><\/section>\n","protected":false},"excerpt":{"rendered":"","protected":false},"author":21,"featured_media":0,"parent":0,"menu_order":0,"comment_status":"closed","ping_status":"closed","template":"page-templates\/template-landing.php","meta":{"_acf_changed":false,"footnotes":""},"class_list":["post-12131","page","type-page","status-publish","hentry"],"acf":[],"yoast_head":"<!-- This site is optimized with the Yoast SEO plugin v26.6 - https:\/\/yoast.com\/wordpress\/plugins\/seo\/ -->\n<title>USB 4 - Lindy - German<\/title>\n<meta name=\"description\" content=\"Seit seiner Einf\u00fchrung im Jahr1996 hat sich USB mut USB4 zur universellen, IT-Schnittstelle f\u00fcr jegliche Rechnerperipherie etabliert.\" \/>\n<meta name=\"robots\" content=\"index, follow, max-snippet:-1, max-image-preview:large, max-video-preview:-1\" \/>\n<link rel=\"canonical\" href=\"https:\/\/lindy.com\/de\/usb-4\/\" \/>\n<meta property=\"og:locale\" content=\"de_DE\" \/>\n<meta property=\"og:type\" content=\"article\" \/>\n<meta property=\"og:title\" content=\"USB 4 - Lindy - German\" \/>\n<meta property=\"og:description\" content=\"Seit seiner Einf\u00fchrung im Jahr1996 hat sich USB mut USB4 zur universellen, IT-Schnittstelle f\u00fcr jegliche Rechnerperipherie etabliert.\" \/>\n<meta property=\"og:url\" content=\"https:\/\/lindy.com\/de\/usb-4\/\" \/>\n<meta property=\"og:site_name\" content=\"Lindy - German\" \/>\n<meta property=\"article:modified_time\" content=\"2026-04-02T07:43:45+00:00\" \/>\n<meta property=\"og:image\" content=\"https:\/\/lindy.com\/fr\/wp-content\/uploads\/sites\/4\/2025\/01\/Landing-page-USB-4-2.jpg\" \/>\n<meta name=\"twitter:card\" content=\"summary_large_image\" \/>\n<meta name=\"twitter:label1\" content=\"Gesch\u00e4tzte Lesezeit\" \/>\n\t<meta name=\"twitter:data1\" content=\"8 Minuten\" \/>\n<script type=\"application\/ld+json\" class=\"yoast-schema-graph\">{\"@context\":\"https:\/\/schema.org\",\"@graph\":[{\"@type\":\"WebPage\",\"@id\":\"https:\/\/lindy.com\/de\/usb-4\/\",\"url\":\"https:\/\/lindy.com\/de\/usb-4\/\",\"name\":\"USB 4 - Lindy - German\",\"isPartOf\":{\"@id\":\"https:\/\/lindy.com\/de\/#website\"},\"primaryImageOfPage\":{\"@id\":\"https:\/\/lindy.com\/de\/usb-4\/#primaryimage\"},\"image\":{\"@id\":\"https:\/\/lindy.com\/de\/usb-4\/#primaryimage\"},\"thumbnailUrl\":\"https:\/\/lindy.com\/fr\/wp-content\/uploads\/sites\/4\/2025\/01\/Landing-page-USB-4-2.jpg\",\"datePublished\":\"2025-03-10T15:16:22+00:00\",\"dateModified\":\"2026-04-02T07:43:45+00:00\",\"description\":\"Seit seiner Einf\u00fchrung im Jahr1996 hat sich USB mut USB4 zur universellen, IT-Schnittstelle f\u00fcr jegliche Rechnerperipherie etabliert.\",\"breadcrumb\":{\"@id\":\"https:\/\/lindy.com\/de\/usb-4\/#breadcrumb\"},\"inLanguage\":\"de-DE\",\"potentialAction\":[{\"@type\":\"ReadAction\",\"target\":[\"https:\/\/lindy.com\/de\/usb-4\/\"]}]},{\"@type\":\"ImageObject\",\"inLanguage\":\"de-DE\",\"@id\":\"https:\/\/lindy.com\/de\/usb-4\/#primaryimage\",\"url\":\"https:\/\/lindy.com\/fr\/wp-content\/uploads\/sites\/4\/2025\/01\/Landing-page-USB-4-2.jpg\",\"contentUrl\":\"https:\/\/lindy.com\/fr\/wp-content\/uploads\/sites\/4\/2025\/01\/Landing-page-USB-4-2.jpg\"},{\"@type\":\"BreadcrumbList\",\"@id\":\"https:\/\/lindy.com\/de\/usb-4\/#breadcrumb\",\"itemListElement\":[{\"@type\":\"ListItem\",\"position\":1,\"name\":\"Home\",\"item\":\"https:\/\/lindy.com\/de\/\"},{\"@type\":\"ListItem\",\"position\":2,\"name\":\"USB 4\"}]},{\"@type\":\"WebSite\",\"@id\":\"https:\/\/lindy.com\/de\/#website\",\"url\":\"https:\/\/lindy.com\/de\/\",\"name\":\"Lindy - German\",\"description\":\"Connection Perfection\",\"potentialAction\":[{\"@type\":\"SearchAction\",\"target\":{\"@type\":\"EntryPoint\",\"urlTemplate\":\"https:\/\/lindy.com\/de\/?s={search_term_string}\"},\"query-input\":{\"@type\":\"PropertyValueSpecification\",\"valueRequired\":true,\"valueName\":\"search_term_string\"}}],\"inLanguage\":\"de-DE\"}]}<\/script>\n<!-- \/ Yoast SEO plugin. -->","yoast_head_json":{"title":"USB 4 - Lindy - German","description":"Seit seiner Einf\u00fchrung im Jahr1996 hat sich USB mut USB4 zur universellen, IT-Schnittstelle f\u00fcr jegliche Rechnerperipherie etabliert.","robots":{"index":"index","follow":"follow","max-snippet":"max-snippet:-1","max-image-preview":"max-image-preview:large","max-video-preview":"max-video-preview:-1"},"canonical":"https:\/\/lindy.com\/de\/usb-4\/","og_locale":"de_DE","og_type":"article","og_title":"USB 4 - Lindy - German","og_description":"Seit seiner Einf\u00fchrung im Jahr1996 hat sich USB mut USB4 zur universellen, IT-Schnittstelle f\u00fcr jegliche Rechnerperipherie etabliert.","og_url":"https:\/\/lindy.com\/de\/usb-4\/","og_site_name":"Lindy - German","article_modified_time":"2026-04-02T07:43:45+00:00","og_image":[{"url":"https:\/\/lindy.com\/fr\/wp-content\/uploads\/sites\/4\/2025\/01\/Landing-page-USB-4-2.jpg","type":"","width":"","height":""}],"twitter_card":"summary_large_image","twitter_misc":{"Gesch\u00e4tzte Lesezeit":"8 Minuten"},"schema":{"@context":"https:\/\/schema.org","@graph":[{"@type":"WebPage","@id":"https:\/\/lindy.com\/de\/usb-4\/","url":"https:\/\/lindy.com\/de\/usb-4\/","name":"USB 4 - Lindy - German","isPartOf":{"@id":"https:\/\/lindy.com\/de\/#website"},"primaryImageOfPage":{"@id":"https:\/\/lindy.com\/de\/usb-4\/#primaryimage"},"image":{"@id":"https:\/\/lindy.com\/de\/usb-4\/#primaryimage"},"thumbnailUrl":"https:\/\/lindy.com\/fr\/wp-content\/uploads\/sites\/4\/2025\/01\/Landing-page-USB-4-2.jpg","datePublished":"2025-03-10T15:16:22+00:00","dateModified":"2026-04-02T07:43:45+00:00","description":"Seit seiner Einf\u00fchrung im Jahr1996 hat sich USB mut USB4 zur universellen, IT-Schnittstelle f\u00fcr jegliche Rechnerperipherie etabliert.","breadcrumb":{"@id":"https:\/\/lindy.com\/de\/usb-4\/#breadcrumb"},"inLanguage":"de-DE","potentialAction":[{"@type":"ReadAction","target":["https:\/\/lindy.com\/de\/usb-4\/"]}]},{"@type":"ImageObject","inLanguage":"de-DE","@id":"https:\/\/lindy.com\/de\/usb-4\/#primaryimage","url":"https:\/\/lindy.com\/fr\/wp-content\/uploads\/sites\/4\/2025\/01\/Landing-page-USB-4-2.jpg","contentUrl":"https:\/\/lindy.com\/fr\/wp-content\/uploads\/sites\/4\/2025\/01\/Landing-page-USB-4-2.jpg"},{"@type":"BreadcrumbList","@id":"https:\/\/lindy.com\/de\/usb-4\/#breadcrumb","itemListElement":[{"@type":"ListItem","position":1,"name":"Home","item":"https:\/\/lindy.com\/de\/"},{"@type":"ListItem","position":2,"name":"USB 4"}]},{"@type":"WebSite","@id":"https:\/\/lindy.com\/de\/#website","url":"https:\/\/lindy.com\/de\/","name":"Lindy - German","description":"Connection Perfection","potentialAction":[{"@type":"SearchAction","target":{"@type":"EntryPoint","urlTemplate":"https:\/\/lindy.com\/de\/?s={search_term_string}"},"query-input":{"@type":"PropertyValueSpecification","valueRequired":true,"valueName":"search_term_string"}}],"inLanguage":"de-DE"}]}},"_links":{"self":[{"href":"https:\/\/lindy.com\/de\/wp-json\/wp\/v2\/pages\/12131","targetHints":{"allow":["GET"]}}],"collection":[{"href":"https:\/\/lindy.com\/de\/wp-json\/wp\/v2\/pages"}],"about":[{"href":"https:\/\/lindy.com\/de\/wp-json\/wp\/v2\/types\/page"}],"author":[{"embeddable":true,"href":"https:\/\/lindy.com\/de\/wp-json\/wp\/v2\/users\/21"}],"replies":[{"embeddable":true,"href":"https:\/\/lindy.com\/de\/wp-json\/wp\/v2\/comments?post=12131"}],"version-history":[{"count":91,"href":"https:\/\/lindy.com\/de\/wp-json\/wp\/v2\/pages\/12131\/revisions"}],"predecessor-version":[{"id":20156,"href":"https:\/\/lindy.com\/de\/wp-json\/wp\/v2\/pages\/12131\/revisions\/20156"}],"wp:attachment":[{"href":"https:\/\/lindy.com\/de\/wp-json\/wp\/v2\/media?parent=12131"}],"curies":[{"name":"wp","href":"https:\/\/api.w.org\/{rel}","templated":true}]}}