{"id":12730,"date":"2025-03-05T15:08:05","date_gmt":"2025-03-05T15:08:05","guid":{"rendered":"https:\/\/lindy.com\/de\/?page_id=12730"},"modified":"2025-10-24T10:35:18","modified_gmt":"2025-10-24T10:35:18","slug":"stromversorgung","status":"publish","type":"page","link":"https:\/\/lindy.com\/de\/stromversorgung\/","title":{"rendered":"Stromversorgung"},"content":{"rendered":"\n<section class=\"wp-block-lindy-parallax-hero section parallax-hero theme--dark align--center  font--size-medium\" style=\"background-image:url(https:\/\/lindy.com\/de\/wp-content\/uploads\/sites\/3\/2025\/03\/Landing-page-alimentation-accueil_layer.png)\"><div class=\"contained contained--full-width\"><div class=\"parallax-hero__content\"><div class=\"parallax-hero__content-wrapper align--center\"><h2 class=\"section__heading\"><span>Zuverl\u00e4ssige Stromversorgung<\/span><\/h2><h2 class=\"section__subheading section__subheading__title\">f\u00fcr Smartphones, Tablets <br\/>UND andere Ger\u00e4te<\/h2><\/div><\/div><\/div><\/section>\n\n\n\n<section class=\"wp-block-lindy-parallax-hero section parallax-hero theme--light align--left  font--size-medium\" style=\"background-image:url(https:\/\/lindy.com\/de\/wp-content\/uploads\/sites\/3\/2025\/03\/Landing-page-alimentation-accueil.jpg)\"><div class=\"contained contained--full-width\"><div class=\"parallax-hero__content\"><div class=\"parallax-hero__content-wrapper align--left\"><\/div><\/div><\/div><\/section>\n\n\n\n<section class=\"wp-block-lindy-parallax-hero section parallax-hero theme--dark align--center  font--size-medium\" style=\"background-image:url(https:\/\/lindy.com\/de\/wp-content\/uploads\/sites\/3\/2025\/03\/Landing-page-alimentation-accueil_layer.png)\"><div class=\"contained contained--full-width\"><div class=\"parallax-hero__content\"><div class=\"parallax-hero__content-wrapper align--center\"><h2 class=\"section__heading\"><span>optimale  LADELEISTung<\/span><\/h2><h2 class=\"section__subheading section__subheading__title\">JEDERZEIT &amp; \u00dcBERALL<\/h2><p class=\"section__paragraph\"><br\/>Ob unterwegs oder zu Hause \u2013 wir bieten eine Auswahl an leistungsstarken USB-Ladeger\u00e4ten und Ladestationen. Egal, ob Sie Ihr Smartphone, Tablet oder andere elektronische Ger\u00e4te aufladen m\u00fcssen, unsere Ladeger\u00e4te liefern die n\u00f6tige Energie, damit Ihre Ger\u00e4te in k\u00fcrzester Zeit einsatzbereit sind. Dank intelligenter Ladetechnologie erkennen sie automatisch den optimalen Strombedarf jedes angeschlossenen Ger\u00e4ts und sorgen f\u00fcr ein schnelles und sicheres Laden.<\/p><\/div><\/div><\/div><\/section>\n\n\n\n<section class=\"wp-block-lindy-paragraph-and-images full-width-image--with-text section section--paragraph-image  theme--light font--size-medium\"><div class=\"grid-noBottom-middle\"><div class=\"col-6_sm-12 full-width-image__content section section--animation-up align--right \"><div class=\"content--animate\"><div class=\"contained\"><h2 class=\"section__heading\"><span> USB-Ladestationen<\/span><\/h2><h2 class=\"section__subheading section__subheading__title\">Gleichzeitiges Laden mehrerer Ger\u00e4te<\/h2><p class=\"section__paragraph\"><br\/>Unsere Ladestationen erm\u00f6glichen das gleichzeitige Laden von bis zu zehn Ger\u00e4ten. Dank der intelligenten Ladefunktion (\u201eSmart Charging\u201c) und der Unterst\u00fctzung verschiedener Ladeprotokolle wie QC 3.0, QC 4.0, Samsung AFC und Apple 5V 2.4A erkennen sie das angeschlossene Ger\u00e4t und passen Stromst\u00e4rke sowie Ladespannung automatisch an, um ein schnelles und sicheres Laden zu gew\u00e4hrleisten.<\/p><div class=\"section__button\"><a href=\"https:\/\/www.lindy.de\/?websale8=ld0101.ld011101&amp;ci=208&amp;etcc_cmp=LP-Stromversorgung&amp;etcc_med=WebSite-DE\" class=\"button button--dark\" target=\"_blank\">Produkte Entdecken<\/a><\/div><\/div><\/div><\/div><div class=\"col-6_sm-12 full-width-image--with-text align--right\" style=\"background-image:url(https:\/\/lindy.com\/fr\/wp-content\/uploads\/sites\/4\/2024\/08\/Landing-page-alimentation-contenu-1-1.jpg)\"><img decoding=\"async\" src=\"https:\/\/lindy.com\/fr\/wp-content\/uploads\/sites\/4\/2024\/08\/Landing-page-alimentation-contenu-1-1.jpg\"\/><\/div><\/div><\/section>\n\n\n\n<section class=\"wp-block-lindy-paragraph-and-images full-width-image--with-text section section--paragraph-image  theme--dark font--size-medium\"><div class=\"grid-noBottom-middle-reverse\"><div class=\"col-6_sm-12 full-width-image__content section section--animation-none align--left \"><div class=\"content--animate\"><div class=\"contained\"><h2 class=\"section__heading\"><span>USB-Ladeger\u00e4tE<\/span><\/h2><h2 class=\"section__subheading section__subheading__title\">ohne LiMit<\/h2><p class=\"section__paragraph\"><br\/>F\u00fcr den Einsatz unterwegs oder zu Hause bieten wir eine gro\u00dfe Auswahl an leistungsstarken USB-Ladeger\u00e4ten. Dank modernster GaN-Halbleitertechnologie (<strong>Ga<\/strong>llium-<strong>N<\/strong>itrid), einer Ladeleistung bis 65 W und PPS (Programmable Power Supply) werden angeschlossene Ger\u00e4te intelligenter und schneller geladen als mit einem herk\u00f6mmlichen USB-Typ-A- oder Typ-C-Ladeger\u00e4t. Die Ladeger\u00e4te passen Spannung und Stromst\u00e4rke in Echtzeit  dem Ladebedarf an und liefern so eine optimale Ladeleistung entsprechend dem Ladezustand des angeschlossenen Ger\u00e4ts.<\/p><div class=\"section__button\"><a href=\"https:\/\/www.lindy.de\/?websale8=ld0101.ld011101&amp;ci=209&amp;etcc_cmp=LP-Stromversorgung&amp;etcc_med=WebSite-DE\" class=\"button button--white-transparent\" target=\"_blank\">PRODUKTE ENTDECKEN<\/a><\/div><\/div><\/div><\/div><div class=\"col-6_sm-12 full-width-image--with-text align--left\" style=\"background-image:url(https:\/\/lindy.com\/fr\/wp-content\/uploads\/sites\/4\/2024\/08\/Landing-page-alimentation-chargeur-usb.jpg)\"><img decoding=\"async\" src=\"https:\/\/lindy.com\/fr\/wp-content\/uploads\/sites\/4\/2024\/08\/Landing-page-alimentation-chargeur-usb.jpg\"\/><\/div><\/div><\/section>\n\n\n\n<section class=\"wp-block-lindy-paragraph-and-images full-width-image--with-text section section--paragraph-image  theme--light font--size-medium\"><div class=\"grid-noBottom-middle\"><div class=\"col-6_sm-12 full-width-image__content section section--animation-none align--right \"><div class=\"content--animate\"><div class=\"contained\"><h2 class=\"section__heading\"><span>Steckdosenleisten<\/span><\/h2><h2 class=\"section__subheading section__subheading__title\">F\u00fcr eine optimierte Stromverteilung<\/h2><p class=\"section__paragraph\"><br\/>Unsere Steckdosenleisten erm\u00f6glichen den gleichzeitigen Anschluss mehrerer Ger\u00e4te \u2013 ohne Kompromisse bei Sicherheit und Qualit\u00e4t. Dazu geh\u00f6ren beispielsweise rackmontierbare PDUs (Power Distribution Units) sowie Schuko-Steckdosenleisten mit 6 oder 8 Anschl\u00fcssen, erh\u00e4ltlich in Wei\u00df oder Schwarz. Dank ihrer hohen Temperaturbest\u00e4ndigkeit sind sie auch in nicht klimatisierten Umgebungen problemlos einsetzbar.<\/p><div class=\"section__button\"><a href=\"https:\/\/www.lindy.de\/?websale8=ld0101.ld011101&amp;ci=210&amp;etcc_cmp=LP-Stromversorgung&amp;etcc_med=WebSite-DE\" class=\"button button--dark\" target=\"_blank\">Produkte Entdecken<\/a><\/div><\/div><\/div><\/div><div class=\"col-6_sm-12 full-width-image--with-text align--right\" style=\"background-image:url(https:\/\/lindy.com\/fr\/wp-content\/uploads\/sites\/4\/2024\/08\/Landing-page-alimentation-multiprises.jpg)\"><img decoding=\"async\" src=\"https:\/\/lindy.com\/fr\/wp-content\/uploads\/sites\/4\/2024\/08\/Landing-page-alimentation-multiprises.jpg\"\/><\/div><\/div><\/section>\n\n\n\n<section class=\"wp-block-lindy-image-text-module section section--full-width-image full-width-image--with-text theme--dark section--animation-none align--center  font--size-medium\" style=\"background-image:url(https:\/\/lindy.com\/de\/wp-content\/uploads\/sites\/3\/2024\/10\/Sales-Background.png)\"><img decoding=\"async\" class=\"full-width-image__image\" src=\"https:\/\/lindy.com\/de\/wp-content\/uploads\/sites\/3\/2024\/10\/Sales-Background.png\"\/><div class=\"contained\"><div class=\"full-width-image__content\"><h2 class=\"section__heading\"><span>Haben SIE Fragen oder<br\/>w\u00fcnschen SIe eine<br\/>pers\u00f6nliche Beratung?<\/span><\/h2><h2 class=\"section__subheading section__subheading__title\">Sprechen Sie mit unseren Experten!<\/h2><p class=\"section__paragraph\"><br\/><\/p><a href=\"https:\/\/lindy.com\/de\/kontakt\/\" class=\"button button--white-transparent\" target=\"_self\" rel=\"noopener noreferrer\">Kontakt aufnehmen<\/a><\/div><\/div><\/section>\n","protected":false},"excerpt":{"rendered":"","protected":false},"author":21,"featured_media":0,"parent":0,"menu_order":0,"comment_status":"closed","ping_status":"closed","template":"page-templates\/template-landing.php","meta":{"_acf_changed":false,"footnotes":""},"class_list":["post-12730","page","type-page","status-publish","hentry"],"acf":[],"yoast_head":"<!-- This site is optimized with the Yoast SEO plugin v26.6 - https:\/\/yoast.com\/wordpress\/plugins\/seo\/ -->\n<title>Stromversorgung - Lindy - German<\/title>\n<meta name=\"robots\" content=\"index, follow, max-snippet:-1, max-image-preview:large, max-video-preview:-1\" \/>\n<link rel=\"canonical\" href=\"https:\/\/lindy.com\/de\/stromversorgung\/\" \/>\n<meta property=\"og:locale\" content=\"de_DE\" \/>\n<meta property=\"og:type\" content=\"article\" \/>\n<meta property=\"og:title\" content=\"Stromversorgung - Lindy - German\" \/>\n<meta property=\"og:url\" content=\"https:\/\/lindy.com\/de\/stromversorgung\/\" \/>\n<meta property=\"og:site_name\" content=\"Lindy - German\" \/>\n<meta property=\"article:modified_time\" content=\"2025-10-24T10:35:18+00:00\" \/>\n<meta property=\"og:image\" content=\"https:\/\/lindy.com\/fr\/wp-content\/uploads\/sites\/4\/2024\/08\/Landing-page-alimentation-contenu-1-1.jpg\" \/>\n<meta name=\"twitter:card\" content=\"summary_large_image\" \/>\n<meta name=\"twitter:label1\" content=\"Gesch\u00e4tzte Lesezeit\" \/>\n\t<meta name=\"twitter:data1\" content=\"3 Minuten\" \/>\n<script type=\"application\/ld+json\" class=\"yoast-schema-graph\">{\"@context\":\"https:\/\/schema.org\",\"@graph\":[{\"@type\":\"WebPage\",\"@id\":\"https:\/\/lindy.com\/de\/stromversorgung\/\",\"url\":\"https:\/\/lindy.com\/de\/stromversorgung\/\",\"name\":\"Stromversorgung - Lindy - German\",\"isPartOf\":{\"@id\":\"https:\/\/lindy.com\/de\/#website\"},\"primaryImageOfPage\":{\"@id\":\"https:\/\/lindy.com\/de\/stromversorgung\/#primaryimage\"},\"image\":{\"@id\":\"https:\/\/lindy.com\/de\/stromversorgung\/#primaryimage\"},\"thumbnailUrl\":\"https:\/\/lindy.com\/fr\/wp-content\/uploads\/sites\/4\/2024\/08\/Landing-page-alimentation-contenu-1-1.jpg\",\"datePublished\":\"2025-03-05T15:08:05+00:00\",\"dateModified\":\"2025-10-24T10:35:18+00:00\",\"breadcrumb\":{\"@id\":\"https:\/\/lindy.com\/de\/stromversorgung\/#breadcrumb\"},\"inLanguage\":\"de-DE\",\"potentialAction\":[{\"@type\":\"ReadAction\",\"target\":[\"https:\/\/lindy.com\/de\/stromversorgung\/\"]}]},{\"@type\":\"ImageObject\",\"inLanguage\":\"de-DE\",\"@id\":\"https:\/\/lindy.com\/de\/stromversorgung\/#primaryimage\",\"url\":\"https:\/\/lindy.com\/fr\/wp-content\/uploads\/sites\/4\/2024\/08\/Landing-page-alimentation-contenu-1-1.jpg\",\"contentUrl\":\"https:\/\/lindy.com\/fr\/wp-content\/uploads\/sites\/4\/2024\/08\/Landing-page-alimentation-contenu-1-1.jpg\"},{\"@type\":\"BreadcrumbList\",\"@id\":\"https:\/\/lindy.com\/de\/stromversorgung\/#breadcrumb\",\"itemListElement\":[{\"@type\":\"ListItem\",\"position\":1,\"name\":\"Home\",\"item\":\"https:\/\/lindy.com\/de\/\"},{\"@type\":\"ListItem\",\"position\":2,\"name\":\"Stromversorgung\"}]},{\"@type\":\"WebSite\",\"@id\":\"https:\/\/lindy.com\/de\/#website\",\"url\":\"https:\/\/lindy.com\/de\/\",\"name\":\"Lindy - German\",\"description\":\"Connection Perfection\",\"potentialAction\":[{\"@type\":\"SearchAction\",\"target\":{\"@type\":\"EntryPoint\",\"urlTemplate\":\"https:\/\/lindy.com\/de\/?s={search_term_string}\"},\"query-input\":{\"@type\":\"PropertyValueSpecification\",\"valueRequired\":true,\"valueName\":\"search_term_string\"}}],\"inLanguage\":\"de-DE\"}]}<\/script>\n<!-- \/ Yoast SEO plugin. -->","yoast_head_json":{"title":"Stromversorgung - Lindy - German","robots":{"index":"index","follow":"follow","max-snippet":"max-snippet:-1","max-image-preview":"max-image-preview:large","max-video-preview":"max-video-preview:-1"},"canonical":"https:\/\/lindy.com\/de\/stromversorgung\/","og_locale":"de_DE","og_type":"article","og_title":"Stromversorgung - Lindy - German","og_url":"https:\/\/lindy.com\/de\/stromversorgung\/","og_site_name":"Lindy - German","article_modified_time":"2025-10-24T10:35:18+00:00","og_image":[{"url":"https:\/\/lindy.com\/fr\/wp-content\/uploads\/sites\/4\/2024\/08\/Landing-page-alimentation-contenu-1-1.jpg","type":"","width":"","height":""}],"twitter_card":"summary_large_image","twitter_misc":{"Gesch\u00e4tzte Lesezeit":"3 Minuten"},"schema":{"@context":"https:\/\/schema.org","@graph":[{"@type":"WebPage","@id":"https:\/\/lindy.com\/de\/stromversorgung\/","url":"https:\/\/lindy.com\/de\/stromversorgung\/","name":"Stromversorgung - Lindy - German","isPartOf":{"@id":"https:\/\/lindy.com\/de\/#website"},"primaryImageOfPage":{"@id":"https:\/\/lindy.com\/de\/stromversorgung\/#primaryimage"},"image":{"@id":"https:\/\/lindy.com\/de\/stromversorgung\/#primaryimage"},"thumbnailUrl":"https:\/\/lindy.com\/fr\/wp-content\/uploads\/sites\/4\/2024\/08\/Landing-page-alimentation-contenu-1-1.jpg","datePublished":"2025-03-05T15:08:05+00:00","dateModified":"2025-10-24T10:35:18+00:00","breadcrumb":{"@id":"https:\/\/lindy.com\/de\/stromversorgung\/#breadcrumb"},"inLanguage":"de-DE","potentialAction":[{"@type":"ReadAction","target":["https:\/\/lindy.com\/de\/stromversorgung\/"]}]},{"@type":"ImageObject","inLanguage":"de-DE","@id":"https:\/\/lindy.com\/de\/stromversorgung\/#primaryimage","url":"https:\/\/lindy.com\/fr\/wp-content\/uploads\/sites\/4\/2024\/08\/Landing-page-alimentation-contenu-1-1.jpg","contentUrl":"https:\/\/lindy.com\/fr\/wp-content\/uploads\/sites\/4\/2024\/08\/Landing-page-alimentation-contenu-1-1.jpg"},{"@type":"BreadcrumbList","@id":"https:\/\/lindy.com\/de\/stromversorgung\/#breadcrumb","itemListElement":[{"@type":"ListItem","position":1,"name":"Home","item":"https:\/\/lindy.com\/de\/"},{"@type":"ListItem","position":2,"name":"Stromversorgung"}]},{"@type":"WebSite","@id":"https:\/\/lindy.com\/de\/#website","url":"https:\/\/lindy.com\/de\/","name":"Lindy - German","description":"Connection Perfection","potentialAction":[{"@type":"SearchAction","target":{"@type":"EntryPoint","urlTemplate":"https:\/\/lindy.com\/de\/?s={search_term_string}"},"query-input":{"@type":"PropertyValueSpecification","valueRequired":true,"valueName":"search_term_string"}}],"inLanguage":"de-DE"}]}},"_links":{"self":[{"href":"https:\/\/lindy.com\/de\/wp-json\/wp\/v2\/pages\/12730","targetHints":{"allow":["GET"]}}],"collection":[{"href":"https:\/\/lindy.com\/de\/wp-json\/wp\/v2\/pages"}],"about":[{"href":"https:\/\/lindy.com\/de\/wp-json\/wp\/v2\/types\/page"}],"author":[{"embeddable":true,"href":"https:\/\/lindy.com\/de\/wp-json\/wp\/v2\/users\/21"}],"replies":[{"embeddable":true,"href":"https:\/\/lindy.com\/de\/wp-json\/wp\/v2\/comments?post=12730"}],"version-history":[{"count":32,"href":"https:\/\/lindy.com\/de\/wp-json\/wp\/v2\/pages\/12730\/revisions"}],"predecessor-version":[{"id":17706,"href":"https:\/\/lindy.com\/de\/wp-json\/wp\/v2\/pages\/12730\/revisions\/17706"}],"wp:attachment":[{"href":"https:\/\/lindy.com\/de\/wp-json\/wp\/v2\/media?parent=12730"}],"curies":[{"name":"wp","href":"https:\/\/api.w.org\/{rel}","templated":true}]}}