{"id":1423,"date":"2020-01-09T08:47:34","date_gmt":"2020-01-09T08:47:34","guid":{"rendered":"https:\/\/lindy.com\/de\/?page_id=1423"},"modified":"2020-02-17T15:32:39","modified_gmt":"2020-02-17T15:32:39","slug":"mediales-zuhause-smart-home","status":"publish","type":"page","link":"https:\/\/lindy.com\/de\/mediales-zuhause-smart-home\/","title":{"rendered":"Mediales Zuhause &#038; Smart Home"},"content":{"rendered":"\n<section class=\"wp-block-lindy-parallax-hero section parallax-hero theme--light align--center  font--size-large\" style=\"background-image:url(https:\/\/lindy.com\/de\/wp-content\/uploads\/sites\/3\/2019\/12\/Connected-home-layer.jpg)\"><div class=\"contained contained--full-width\"><div class=\"parallax-hero__content\"><div class=\"parallax-hero__content-wrapper align--center\"><h2 class=\"section__heading\"><span>Anwendungen f\u00fcrs<\/span><\/h2><h2 class=\"section__subheading section__subheading__title\"> MEDIALE ZUHAUSE &amp;<br\/>SMART HOME <\/h2><\/div><\/div><\/div><\/section>\n\n\n\n<section class=\"wp-block-lindy-parallax-hero section parallax-hero theme--light align--left  font--size-medium\" style=\"background-image:url(https:\/\/lindy.com\/de\/wp-content\/uploads\/sites\/3\/2019\/12\/Connected-home.jpg)\"><div class=\"contained contained--full-width\"><div class=\"parallax-hero__content\"><div class=\"parallax-hero__content-wrapper align--left\"><\/div><\/div><\/div><\/section>\n\n\n\n<section class=\"wp-block-lindy-parallax-hero section parallax-hero theme--light align--center font--camber font--size-medium\" style=\"background-image:url(https:\/\/lindy.com\/de\/wp-content\/uploads\/sites\/3\/2019\/12\/Connected-home-layer.jpg)\"><div class=\"contained contained--full-width\"><div class=\"parallax-hero__content\"><div class=\"parallax-hero__content-wrapper align--center\"><h2 class=\"section__heading\"><span> AV-VERTEILUNG <\/span><\/h2><h2 class=\"section__subheading section__subheading__title\"> in Haus &amp; Wohnung<\/h2><p class=\"section__paragraph\"><br\/>Das vernetzte Haus, Smart Home und seine Technologie werden im Zuge der voranschreitenden Entwicklung des Konzeptes Smart City immer mehr zum verbreiteten Standard in Wohnh\u00e4usern. Dabei geht es nicht nur ums Steuern und Schalten von Beleuchtung, Roll\u00e4den, Fenster und T\u00fcren sondern auch um das Monitoring dieser genannten Vorg\u00e4nge auf im Haus verteilten Displays sowie das Routing und die Steuerung und Verteilung der daf\u00fcr notwendigen hochaufl\u00f6senden AV-Inhalte selbst. Multiple Displays, verteilt \u00fcber verschiedene R\u00e4ume, gespeist von einer Vielzahl unterschiedlicher Quellen machen eine AV-Schaltzentrale erforderlich, um f\u00fcr den Benutzer eine effektive und nahtlose Steuerung sicherzustellen.<\/p><\/div><\/div><\/div><\/section>\n\n\n\n<section class=\"wp-block-lindy-heading-text section section--heading-text theme--dark align--center  font--size-medium section--animation-none\"><div class=\"contained\"><h2 class=\"section__heading\"><span><br\/>AV-Schaltzentrale<\/span><\/h2><h2 class=\"section__subheading section__subheading__title\">Im modularen Aufbau<\/h2><\/div><\/section>\n\n\n\n<section class=\"wp-block-lindy-image-text-module section section--full-width-image full-width-image--with-text theme--light section--animation-none align--left  font--size-medium\" style=\"background-image:url(https:\/\/lindy.com\/de\/wp-content\/uploads\/sites\/3\/2019\/12\/38350_Front.jpg)\"><img decoding=\"async\" class=\"full-width-image__image\" src=\"https:\/\/lindy.com\/de\/wp-content\/uploads\/sites\/3\/2019\/12\/38350_Front.jpg\"\/><div class=\"contained\"><div class=\"full-width-image__content\"><\/div><\/div><\/section>\n\n\n\n<section class=\"wp-block-lindy-paragraph-one-col section section--horizontal-content section--horizontal-content--one-column font--size-small theme--dark align--center  section--animation-none\"><div class=\"contained\"><p class=\"section__paragraph\">In dieser L\u00f6sung kommt der 12 Slot Seamless Modular Matrix als zentrale Schalt- und Management-Einheit f\u00fcr s\u00e4mtliche AV-Inhalte bis 4k 60Hz sowie einzelne HDBaseT Transmitter und Receiver zum Einsatz. Der Matrix Switch kann mit bis zu 12 unterschiedlichen Ein- und Ausgangsboards best\u00fcckt werden. <br\/><br\/>In diesem Szenario mit einem HDBaseT- und 2 HDMI-Eing\u00e4ngen sowie 4 HDBaseT-Ausg\u00e4ngen und einem lokalen HDMI-Ausgang ausgestattet. Durch die Verwendung von HDBaseT-Boards m\u00fcssen nicht im ganzen Haus teure AV-Kabel in \u00dcberl\u00e4nge verlegt, sondern vielmehr k\u00f6nnen stattdessen kosteng\u00fcnstige Cat.-Kabel verwendet werden. Vor Ort werden dann die separaten HDBaseT Receiver bzw. Transmitter zum decodieren bzw. codieren des HDBaseT Streams eingesetzt. <br\/><br\/>Die Audio-Daten k\u00f6nnen entweder  im HDMI- bzw. HDBase-T Datenstrom eingebettet sein oder &#8211; z.B. per S\/PDIF-Ausgang &#8211; separat dem Home-Theater zugef\u00fchrt werden. Konfiguriert und administriert wird das System via Ethernet und per WebGUI von im Heimnetzwerk verf\u00fcgbaren Rechner aus. <\/p><\/div><\/section>\n\n\n\n<section class=\"wp-block-lindy-heading-text section section--heading-text theme--dark align--center font--camber font--size-medium section--animation-none\"><div class=\"contained\"><h2 class=\"section__heading\"><span>Smart-Home-Szenario<\/span><\/h2><h2 class=\"section__subheading section__subheading__title\">Mit verteilten Displays<\/h2><\/div><\/section>\n\n\n\n<section class=\"wp-block-lindy-zoom-image section section--zoom-image zoom-image align--center theme--dark\"><div class=\"contained\"><div class=\"zoom-image-wrapper\"><img decoding=\"async\" class=\"zoomable\" src=\"https:\/\/lindy.com\/de\/wp-content\/uploads\/sites\/3\/2020\/01\/38350_zoom-2-scaled.jpg\" data-zoom-img=\"https:\/\/lindy.com\/de\/wp-content\/uploads\/sites\/3\/2020\/01\/38350_zoom-2-scaled.jpg\"\/><\/div><span class=\"zoom-image__description\">Click to zoom<\/span><\/div><\/section>\n\n\n\n<section class=\"wp-block-lindy-heading-text section section--heading-text theme--light align--center  font--size-medium section--animation-none\"><div class=\"contained\"><h2 class=\"section__heading\"><span><br\/> 12 SLOT SEAMLESS MODULAR MATRIX <\/span><\/h2><h2 class=\"section__subheading section__subheading__title\">f\u00fcr HDMI und hDbaset<\/h2><\/div><\/section>\n\n\n\n<section class=\"wp-block-lindy-paragraph-one-col section section--horizontal-content section--horizontal-content--one-column font--size-small theme--light align--center  section--animation-none\"><div class=\"contained\"><p class=\"section__paragraph\">Der modular aufgebaute Matrix Switch kann durch individuelle Best\u00fcckung mit bis zu 12 HDMI- oder HDBaseT-Ein- bzw. -Ausgangsboards flexibel an die Erfordernisse f\u00fcr seine Einsatzbestimmung angepasst werden. Von einem Eingang und elf Ausg\u00e4ngen bis zu elf Eing\u00e4ngen und einem Ausgang ist jede denkbare Kombination realisierbar.  <br\/><br\/><\/p><\/div><\/section>\n\n\n\n<section class=\"wp-block-lindy-image-text-module section section--full-width-image full-width-image--with-text theme--light section--animation-none align--left  font--size-medium\" style=\"background-image:url(https:\/\/lindy.com\/de\/wp-content\/uploads\/sites\/3\/2019\/12\/38350_front-and-back-1.jpg)\"><img decoding=\"async\" class=\"full-width-image__image\" src=\"https:\/\/lindy.com\/de\/wp-content\/uploads\/sites\/3\/2019\/12\/38350_front-and-back-1.jpg\"\/><div class=\"contained\"><div class=\"full-width-image__content\"><\/div><\/div><\/section>\n\n\n\n<section class=\"wp-block-lindy-image-text-module section section--full-width-image full-width-image--with-text theme--light section--animation-none align--left  font--size-medium width--half\" style=\"background-image:url(https:\/\/lindy.com\/de\/wp-content\/uploads\/sites\/3\/2019\/12\/38350_boards-detail.jpg)\"><img decoding=\"async\" class=\"full-width-image__image\" src=\"https:\/\/lindy.com\/de\/wp-content\/uploads\/sites\/3\/2019\/12\/38350_boards-detail.jpg\"\/><div class=\"contained\"><div class=\"full-width-image__content\"><\/div><\/div><\/section>\n\n\n\n<section class=\"wp-block-lindy-image-text-module section section--full-width-image full-width-image--with-text theme--light section--animation-none align--left  font--size-medium width--half\" style=\"background-image:url()\"><img decoding=\"async\" class=\"full-width-image__image\" src=\"\"\/><div class=\"contained\"><div class=\"full-width-image__content\"><p class=\"section__paragraph\">Die HDMI Boards unterst\u00fctzen hierbei 18G-Aufl\u00f6sungen bis 4096&#215;2160@60Hz 4:4:4 8Bit, die HDBaseT Boards gem\u00e4\u00df HDBaseT-Spezifiation 10.2G-Aufl\u00f6sungen bis 4096&#215;2160@60Hz 4:2:0 8Bit, bzw. 4096&#215;2160@30Hz 4:4:4 8Bit. Wenn f\u00fcr die HDBaseT-\u00dcbertragungen mindestens Cat 6A-Kabel verwendet werden, dann k\u00f6nnen bis zu 100m Distanz \u00fcberbr\u00fcckt werden, bei Verwendung von Cat.5e- oder Cat.6-Kabeln sind es 70m. Audiosignale k\u00f6nnen wahlweise entweder standardm\u00e4\u00dfig mit den HDMI bzw. HDBaseT Stream an die Eing\u00e4nge geschickt werden oder aber als separate Audiosignale, die dann im Eingangsboard in den ger\u00e4teinternen AV-Datenstrom eingebettet werden. In gleicher Weise k\u00f6nnen Sie an den Ausg\u00e4ngen bis PCM 2.0 wieder ausgekoppelt oder eingebettet an das Display, bzw. den HDBaseT Receiver geschickt werden. F\u00fcr die \u00dcbertragung kopiergesch\u00fctzter Inhalte unterst\u00fctzt der Switch HDCP 2.2. Alle HDBaseT Ports unterst\u00fctzen PoH, k\u00f6nnen also PoH-f\u00e4hige HDBaseT Transmitter oder Receiver \u00fcber das verbindende Cat.-Kabel mit Spannung versorgen. <\/p><a href=\"https:\/\/www.lindy.de\/12-Slot-Seamless-Modulares-Matrixgehaeuse.htm?websale8=ld0101&amp;pi=38350&amp;ci=20\" class=\"button button--dark\" target=\"_blank\" rel=\"noopener noreferrer\">Mehr erfahren<\/a><\/div><\/div><\/section>\n\n\n\n<section class=\"wp-block-lindy-heading-text section section--heading-text theme--dark align--center  font--size-medium section--animation-none\"><div class=\"contained\"><h2 class=\"section__heading\"><span><br\/>HDBaseT 18G Extender<\/span><\/h2><h2 class=\"section__subheading section__subheading__title\">distanzen bis 70m<\/h2><\/div><\/section>\n\n\n\n<section class=\"wp-block-lindy-image-text-module section section--full-width-image full-width-image--with-text theme--dark section--animation-none align--left  font--size-medium width--half\" style=\"background-image:url(https:\/\/lindy.com\/de\/wp-content\/uploads\/sites\/3\/2020\/01\/38213_HW_new.jpg)\"><img decoding=\"async\" class=\"full-width-image__image\" src=\"https:\/\/lindy.com\/de\/wp-content\/uploads\/sites\/3\/2020\/01\/38213_HW_new.jpg\"\/><div class=\"contained\"><div class=\"full-width-image__content\"><\/div><\/div><\/section>\n\n\n\n<section class=\"wp-block-lindy-image-text-module section section--full-width-image full-width-image--with-text theme--dark section--animation-none align--left  font--size-medium width--half\" style=\"background-image:url()\"><img decoding=\"async\" class=\"full-width-image__image\" src=\"\"\/><div class=\"contained\"><div class=\"full-width-image__content\"><p class=\"section__paragraph\">Das 18G-f\u00e4hige HDBaseT-Extendersystem unterst\u00fctzt Aufl\u00f6sungen bis 3840&#215;2160@60Hz 4:4:4 8Bit oder bis 4:2:2 10\/12Bit mit HDR-Unterst\u00fctzung bis zu einer Distanz von 40m oder 1920&#215;1080@60Hz 4:4:4 8Bit \u00fcber bis zu 70m. Es verf\u00fcgt \u00fcber je zwei IR Receiver und Emitter f\u00fcr die bidirektionale CEC-Steuerung per IR-Signal.  Transmitter und Receiver unterst\u00fctzen die Stromversorgung via PoH. Es muss also jeweils nur ein Ger\u00e4t einer Installation \u00fcber ein Netzteil mit Spannung versorgt werden, das jeweils andere erh\u00e4lt seine Versorgungspannung \u00fcber das Cat.-Kabel.   <\/p><a href=\"https:\/\/www.lindy.de\/?websale8=ld0101&amp;ci=261\" class=\"button button--white-transparent\" target=\"_blank\" rel=\"noopener noreferrer\">Mehr erfahren<\/a><\/div><\/div><\/section>\n","protected":false},"excerpt":{"rendered":"","protected":false},"author":20,"featured_media":0,"parent":0,"menu_order":0,"comment_status":"closed","ping_status":"closed","template":"page-templates\/template-landing.php","meta":{"_acf_changed":false,"footnotes":""},"class_list":["post-1423","page","type-page","status-publish","hentry"],"acf":[],"yoast_head":"<!-- This site is optimized with the Yoast SEO plugin v26.6 - https:\/\/yoast.com\/wordpress\/plugins\/seo\/ -->\n<title>Mediales Zuhause &amp; Smart Home - AV-Verteilung in Haus &amp; Wohnung<\/title>\n<meta name=\"description\" content=\"Das vernetzte Haus, Smart Home und seine Technologie werden im Zuge der voranschreitenden Entwicklung des Konzeptes Smart City immer mehr zum verbreiteten Standard in Wohnh\u00e4usern.\" \/>\n<meta name=\"robots\" content=\"index, follow, max-snippet:-1, max-image-preview:large, max-video-preview:-1\" \/>\n<link rel=\"canonical\" href=\"https:\/\/lindy.com\/de\/mediales-zuhause-smart-home\/\" \/>\n<meta property=\"og:locale\" content=\"de_DE\" \/>\n<meta property=\"og:type\" content=\"article\" \/>\n<meta property=\"og:title\" content=\"Mediales Zuhause &amp; Smart Home - AV-Verteilung in Haus &amp; Wohnung\" \/>\n<meta property=\"og:description\" content=\"Das vernetzte Haus, Smart Home und seine Technologie werden im Zuge der voranschreitenden Entwicklung des Konzeptes Smart City immer mehr zum verbreiteten Standard in Wohnh\u00e4usern.\" \/>\n<meta property=\"og:url\" content=\"https:\/\/lindy.com\/de\/mediales-zuhause-smart-home\/\" \/>\n<meta property=\"og:site_name\" content=\"Lindy - German\" \/>\n<meta property=\"article:modified_time\" content=\"2020-02-17T15:32:39+00:00\" \/>\n<meta property=\"og:image\" content=\"https:\/\/lindy.com\/de\/wp-content\/uploads\/sites\/3\/2019\/12\/38350_Front.jpg\" \/>\n<meta name=\"twitter:card\" content=\"summary_large_image\" \/>\n<meta name=\"twitter:label1\" content=\"Gesch\u00e4tzte Lesezeit\" \/>\n\t<meta name=\"twitter:data1\" content=\"3 Minuten\" \/>\n<script type=\"application\/ld+json\" class=\"yoast-schema-graph\">{\"@context\":\"https:\/\/schema.org\",\"@graph\":[{\"@type\":\"WebPage\",\"@id\":\"https:\/\/lindy.com\/de\/mediales-zuhause-smart-home\/\",\"url\":\"https:\/\/lindy.com\/de\/mediales-zuhause-smart-home\/\",\"name\":\"Mediales Zuhause & Smart Home - AV-Verteilung in Haus & Wohnung\",\"isPartOf\":{\"@id\":\"https:\/\/lindy.com\/de\/#website\"},\"primaryImageOfPage\":{\"@id\":\"https:\/\/lindy.com\/de\/mediales-zuhause-smart-home\/#primaryimage\"},\"image\":{\"@id\":\"https:\/\/lindy.com\/de\/mediales-zuhause-smart-home\/#primaryimage\"},\"thumbnailUrl\":\"https:\/\/lindy.com\/de\/wp-content\/uploads\/sites\/3\/2019\/12\/38350_Front.jpg\",\"datePublished\":\"2020-01-09T08:47:34+00:00\",\"dateModified\":\"2020-02-17T15:32:39+00:00\",\"description\":\"Das vernetzte Haus, Smart Home und seine Technologie werden im Zuge der voranschreitenden Entwicklung des Konzeptes Smart City immer mehr zum verbreiteten Standard in Wohnh\u00e4usern.\",\"breadcrumb\":{\"@id\":\"https:\/\/lindy.com\/de\/mediales-zuhause-smart-home\/#breadcrumb\"},\"inLanguage\":\"de-DE\",\"potentialAction\":[{\"@type\":\"ReadAction\",\"target\":[\"https:\/\/lindy.com\/de\/mediales-zuhause-smart-home\/\"]}]},{\"@type\":\"ImageObject\",\"inLanguage\":\"de-DE\",\"@id\":\"https:\/\/lindy.com\/de\/mediales-zuhause-smart-home\/#primaryimage\",\"url\":\"https:\/\/lindy.com\/de\/wp-content\/uploads\/sites\/3\/2019\/12\/38350_Front.jpg\",\"contentUrl\":\"https:\/\/lindy.com\/de\/wp-content\/uploads\/sites\/3\/2019\/12\/38350_Front.jpg\",\"width\":1920,\"height\":1080},{\"@type\":\"BreadcrumbList\",\"@id\":\"https:\/\/lindy.com\/de\/mediales-zuhause-smart-home\/#breadcrumb\",\"itemListElement\":[{\"@type\":\"ListItem\",\"position\":1,\"name\":\"Home\",\"item\":\"https:\/\/lindy.com\/de\/\"},{\"@type\":\"ListItem\",\"position\":2,\"name\":\"Mediales Zuhause &#038; Smart Home\"}]},{\"@type\":\"WebSite\",\"@id\":\"https:\/\/lindy.com\/de\/#website\",\"url\":\"https:\/\/lindy.com\/de\/\",\"name\":\"Lindy - German\",\"description\":\"Connection Perfection\",\"potentialAction\":[{\"@type\":\"SearchAction\",\"target\":{\"@type\":\"EntryPoint\",\"urlTemplate\":\"https:\/\/lindy.com\/de\/?s={search_term_string}\"},\"query-input\":{\"@type\":\"PropertyValueSpecification\",\"valueRequired\":true,\"valueName\":\"search_term_string\"}}],\"inLanguage\":\"de-DE\"}]}<\/script>\n<!-- \/ Yoast SEO plugin. -->","yoast_head_json":{"title":"Mediales Zuhause & Smart Home - AV-Verteilung in Haus & Wohnung","description":"Das vernetzte Haus, Smart Home und seine Technologie werden im Zuge der voranschreitenden Entwicklung des Konzeptes Smart City immer mehr zum verbreiteten Standard in Wohnh\u00e4usern.","robots":{"index":"index","follow":"follow","max-snippet":"max-snippet:-1","max-image-preview":"max-image-preview:large","max-video-preview":"max-video-preview:-1"},"canonical":"https:\/\/lindy.com\/de\/mediales-zuhause-smart-home\/","og_locale":"de_DE","og_type":"article","og_title":"Mediales Zuhause & Smart Home - AV-Verteilung in Haus & Wohnung","og_description":"Das vernetzte Haus, Smart Home und seine Technologie werden im Zuge der voranschreitenden Entwicklung des Konzeptes Smart City immer mehr zum verbreiteten Standard in Wohnh\u00e4usern.","og_url":"https:\/\/lindy.com\/de\/mediales-zuhause-smart-home\/","og_site_name":"Lindy - German","article_modified_time":"2020-02-17T15:32:39+00:00","og_image":[{"url":"https:\/\/lindy.com\/de\/wp-content\/uploads\/sites\/3\/2019\/12\/38350_Front.jpg","type":"","width":"","height":""}],"twitter_card":"summary_large_image","twitter_misc":{"Gesch\u00e4tzte Lesezeit":"3 Minuten"},"schema":{"@context":"https:\/\/schema.org","@graph":[{"@type":"WebPage","@id":"https:\/\/lindy.com\/de\/mediales-zuhause-smart-home\/","url":"https:\/\/lindy.com\/de\/mediales-zuhause-smart-home\/","name":"Mediales Zuhause & Smart Home - AV-Verteilung in Haus & Wohnung","isPartOf":{"@id":"https:\/\/lindy.com\/de\/#website"},"primaryImageOfPage":{"@id":"https:\/\/lindy.com\/de\/mediales-zuhause-smart-home\/#primaryimage"},"image":{"@id":"https:\/\/lindy.com\/de\/mediales-zuhause-smart-home\/#primaryimage"},"thumbnailUrl":"https:\/\/lindy.com\/de\/wp-content\/uploads\/sites\/3\/2019\/12\/38350_Front.jpg","datePublished":"2020-01-09T08:47:34+00:00","dateModified":"2020-02-17T15:32:39+00:00","description":"Das vernetzte Haus, Smart Home und seine Technologie werden im Zuge der voranschreitenden Entwicklung des Konzeptes Smart City immer mehr zum verbreiteten Standard in Wohnh\u00e4usern.","breadcrumb":{"@id":"https:\/\/lindy.com\/de\/mediales-zuhause-smart-home\/#breadcrumb"},"inLanguage":"de-DE","potentialAction":[{"@type":"ReadAction","target":["https:\/\/lindy.com\/de\/mediales-zuhause-smart-home\/"]}]},{"@type":"ImageObject","inLanguage":"de-DE","@id":"https:\/\/lindy.com\/de\/mediales-zuhause-smart-home\/#primaryimage","url":"https:\/\/lindy.com\/de\/wp-content\/uploads\/sites\/3\/2019\/12\/38350_Front.jpg","contentUrl":"https:\/\/lindy.com\/de\/wp-content\/uploads\/sites\/3\/2019\/12\/38350_Front.jpg","width":1920,"height":1080},{"@type":"BreadcrumbList","@id":"https:\/\/lindy.com\/de\/mediales-zuhause-smart-home\/#breadcrumb","itemListElement":[{"@type":"ListItem","position":1,"name":"Home","item":"https:\/\/lindy.com\/de\/"},{"@type":"ListItem","position":2,"name":"Mediales Zuhause &#038; Smart Home"}]},{"@type":"WebSite","@id":"https:\/\/lindy.com\/de\/#website","url":"https:\/\/lindy.com\/de\/","name":"Lindy - German","description":"Connection Perfection","potentialAction":[{"@type":"SearchAction","target":{"@type":"EntryPoint","urlTemplate":"https:\/\/lindy.com\/de\/?s={search_term_string}"},"query-input":{"@type":"PropertyValueSpecification","valueRequired":true,"valueName":"search_term_string"}}],"inLanguage":"de-DE"}]}},"_links":{"self":[{"href":"https:\/\/lindy.com\/de\/wp-json\/wp\/v2\/pages\/1423","targetHints":{"allow":["GET"]}}],"collection":[{"href":"https:\/\/lindy.com\/de\/wp-json\/wp\/v2\/pages"}],"about":[{"href":"https:\/\/lindy.com\/de\/wp-json\/wp\/v2\/types\/page"}],"author":[{"embeddable":true,"href":"https:\/\/lindy.com\/de\/wp-json\/wp\/v2\/users\/20"}],"replies":[{"embeddable":true,"href":"https:\/\/lindy.com\/de\/wp-json\/wp\/v2\/comments?post=1423"}],"version-history":[{"count":0,"href":"https:\/\/lindy.com\/de\/wp-json\/wp\/v2\/pages\/1423\/revisions"}],"wp:attachment":[{"href":"https:\/\/lindy.com\/de\/wp-json\/wp\/v2\/media?parent=1423"}],"curies":[{"name":"wp","href":"https:\/\/api.w.org\/{rel}","templated":true}]}}