{"id":1427,"date":"2020-01-09T08:43:38","date_gmt":"2020-01-09T08:43:38","guid":{"rendered":"https:\/\/lindy.com\/de\/?page_id=1427"},"modified":"2020-02-17T15:22:39","modified_gmt":"2020-02-17T15:22:39","slug":"industrie-leitstaende-monitoring-kotrollraeume","status":"publish","type":"page","link":"https:\/\/lindy.com\/de\/industrie-leitstaende-monitoring-kotrollraeume\/","title":{"rendered":"Industrie-Leitst\u00e4nde &#038; Monitoring"},"content":{"rendered":"\n<section class=\"wp-block-lindy-parallax-hero section parallax-hero theme--light align--center  font--size-large\" style=\"background-image:url(https:\/\/lindy.com\/de\/wp-content\/uploads\/sites\/3\/2019\/12\/Control-room-layer-1.jpg)\"><div class=\"contained contained--full-width\"><div class=\"parallax-hero__content\"><div class=\"parallax-hero__content-wrapper align--center\"><h2 class=\"section__heading\"><span>Anwendungen f\u00fcr <\/span><\/h2><h2 class=\"section__subheading section__subheading__title\">Industrie-Leitst\u00e4ndE &amp; <br\/>Monitoring<\/h2><\/div><\/div><\/div><\/section>\n\n\n\n<section class=\"wp-block-lindy-parallax-hero section parallax-hero theme--light align--left  font--size-medium\" style=\"background-image:url(https:\/\/lindy.com\/de\/wp-content\/uploads\/sites\/3\/2019\/12\/Control-room.jpg)\"><div class=\"contained contained--full-width\"><div class=\"parallax-hero__content\"><div class=\"parallax-hero__content-wrapper align--left\"><\/div><\/div><\/div><\/section>\n\n\n\n<section class=\"wp-block-lindy-parallax-hero section parallax-hero theme--light align--center font--camber font--size-medium\" style=\"background-image:url(https:\/\/lindy.com\/de\/wp-content\/uploads\/sites\/3\/2019\/12\/Control-room-layer-1.jpg)\"><div class=\"contained contained--full-width\"><div class=\"parallax-hero__content\"><div class=\"parallax-hero__content-wrapper align--center\"><h2 class=\"section__heading\"><span>Production Line<\/span><\/h2><h2 class=\"section__subheading section__subheading__title\">F\u00fcr Industrie 4.0<\/h2><p class=\"section__paragraph\"> <br\/>Monitoring \u00dcberwachung, interaktive Steuerung und Regelung automatisierter Produktionsprozesse bilden die grundlegendsten und wichtigsten Funktionsbausteine in Industrie-4.0-Umgebungen. Dem Monitoring  kommt als Lieferant von Stellgr\u00f6\u00dfenwerten in den Regelkreisen solcher Umgebungen zentrale Bedeutung zu. <br\/><br\/>Da die Displays und Zugriffsonsolen der Rechnersysteme f\u00fcr die gesamte Steuereung stets zentralisiert in gesch\u00fctzten Kontrollr\u00e4umen oder Leitst\u00e4nden positioniert sind, bedeutet dies, dass eine hochzuverl\u00e4ssige KVM \u00dcbertragung  an die Steuerrechner der Produktionsstra\u00dfen und \u00dcberwachungskameras \u00fcber gro\u00dfe Distanzen hinweg in diesen Produktionsszenarien unumg\u00e4nglich ist. <\/p><\/div><\/div><\/div><\/section>\n\n\n\n<section class=\"wp-block-lindy-heading-text section section--heading-text theme--dark align--center  font--size-medium section--animation-none\"><div class=\"contained\"><h2 class=\"section__heading\"><span><br\/>Vielfacher AV-Inhalt<\/span><\/h2><h2 class=\"section__subheading section__subheading__title\">\u00dcbertragen per IP-Netzwerk<\/h2><\/div><\/section>\n\n\n\n<section class=\"wp-block-lindy-full-width-image section section--full-width-image full-width-image theme--dark align--left font--size-medium\" style=\"background-image:url(https:\/\/lindy.com\/de\/wp-content\/uploads\/sites\/3\/2020\/01\/38264_5_1_new.jpg)\"><img decoding=\"async\" class=\"full-width-image__image\" src=\"https:\/\/lindy.com\/de\/wp-content\/uploads\/sites\/3\/2020\/01\/38264_5_1_new.jpg\"\/><div class=\"contained\"><div class=\"full-width-image__content\"><h2 class=\"section__subheading section__subheading__title\"> <\/h2><\/div><\/div><\/section>\n\n\n\n<section class=\"wp-block-lindy-image-text-module section section--full-width-image full-width-image--with-text theme--dark section--animation-none align--center  font--size-medium\" style=\"background-image:url()\"><img decoding=\"async\" class=\"full-width-image__image\" src=\"\"\/><div class=\"contained\"><div class=\"full-width-image__content\"><p class=\"section__paragraph\"> In Szenarien wie dem hier gezeigten, in denen die Notwendigkeit der Verwendung mehrerer Quellen die \u00dcbertragung multipler AV-Inhalte erforderlich macht, ist es bei der Wahl des \u00dcbertragungsmediums immer sinnvoll, IP-basierte L\u00f6sungen in Betracht zu ziehen. Sie erlauben auf einfachem Wege, mit Hilfe kosteneffizienter und vor Ort meist schon vorhandener Kabelinfrastruktur gro\u00dfe Distanzen zu \u00fcberbr\u00fccken und multiple Verbindungen zu etablieren. <br\/><br\/>Das KVM over IP Extender System erm\u00f6glicht die \u00dcbermittlung von HDMI-1.4-AV-Inhalten bis 4K (3840x2160p@30Hz) \u00fcber Distanzen bis 150m und nutzt dabei ein bestehendes Gigabit-Netzwerk. Es erlaubt ferner in seiner Eigenschaft als KVM-Extender, per USB den volle Keyboard- und Mouse-Zugriff \u00fcber das Quellger\u00e4t. Durch das integrierte HDCP 1.4 sind auch kopiergesch\u00fctzte Inhalte nicht von der \u00dcbertragung ausgeschlossen. Je nach Anforderung der Installation k\u00f6nnen entweder direkte Punkt-zu-Punkt- oder Punkt-zu-Multipunkt-Anwendungen realisiert werden.  <br\/><br\/>Nat\u00fcrlich ist die Verwendung bestehender Netzwerke nicht zwingend erforderlich, genauso gut kann &#8211; wie in dieser L\u00f6sung gezeigt &#8211; ein f\u00fcr den Anwendungszweck dediziertes IP-Netzwerk mit Hilfe eines Gigabit Switches neu aufgesetzt werden.   <\/p><a href=\"https:\/\/www.lindy.de\/?websale8=ld0101&amp;ci=260\" class=\"button button--white-transparent\" target=\"_blank\" rel=\"noopener noreferrer\">Shop Online<\/a><\/div><\/div><\/section>\n\n\n\n<section class=\"wp-block-lindy-heading-text section section--heading-text theme--dark align--center font--camber font--size-small section--animation-none\"><div class=\"contained\"><h2 class=\"section__heading\"><span>IndustrieSzenario &#8211; PRODUCTION LINE <\/span><\/h2><h2 class=\"section__subheading section__subheading__title\"> STEUERUNG und monitoring <\/h2><\/div><\/section>\n\n\n\n<section class=\"wp-block-lindy-zoom-image section section--zoom-image zoom-image align--center theme--dark\"><div class=\"contained\"><div class=\"zoom-image-wrapper\"><img decoding=\"async\" class=\"zoomable\" src=\"https:\/\/lindy.com\/de\/wp-content\/uploads\/sites\/3\/2020\/01\/38264_zoom-1.jpg\" data-zoom-img=\"https:\/\/lindy.com\/de\/wp-content\/uploads\/sites\/3\/2020\/01\/38264_zoom-1.jpg\"\/><\/div><span class=\"zoom-image__description\">Click to zoom<\/span><\/div><\/section>\n\n\n\n<section class=\"wp-block-lindy-image-text-module section section--full-width-image full-width-image--with-text theme--dark section--animation-none align--center  font--size-medium\" style=\"background-image:url()\"><img decoding=\"async\" class=\"full-width-image__image\" src=\"\"\/><div class=\"contained\"><div class=\"full-width-image__content\"><h2 class=\"section__heading\"><span>ALLE DATEN IM BLICK   <\/span><\/h2><h2 class=\"section__subheading section__subheading__title\">DUAL-HEAD-KOMPONENTEN   <\/h2><p class=\"section__paragraph\"><br\/>  In der f\u00fcr diese Szenarien zusammengestellten L\u00f6sung werden insgesamt vier Produktionsstra\u00dfen und zwei (oder mehr) \u00dcberwachungskameras von je einem Rechnersystem per USB-Verbindung gesteuert. Monitoring-Daten der Produktionsstra\u00dfen und Bilder der Kameras sollen wegen der gro\u00dfen Anzahl der zu \u00fcberwachenden Parameter auf  zwei Displays pro Rechnersystem dargestellt werden. Je zwei Rechnersysteme sollen wechselweise schaltbar \u00fcber einen KVM-Switch im Konsolenzugriff sein. Damit die von jedem Rechner kommenden Inhalte zweier Displays geschaltet werden k\u00f6nnen, ist der Switch jeweils als Dual-Head-Version mit zwei AV-Kan\u00e4len ausgef\u00fchrt. <br\/><br\/>Wegen der Signalkompatibilit\u00e4t k\u00f6nnen die HDMI-Signale aus den Rechnersystemen direkt an den KVM-Switches mit Hilfe einfacher Adapter auf die f\u00fcr die KVM-Switches erfoderlichen DVI-Steckverbinder und direkt hinter dem Switch wieder zur\u00fcck auf HDMI umgesetzt werden. Bei den nachgeschalteten Extendersystemen, die f\u00fcr die AV- und Konsolenverbindung \u00fcber die gro\u00dfe Distanz zwischen Produktionsstra\u00dfen und Kontrollraum sorgen, handelt es sich um IP-basierte KVM-Systeme. Diese transportieren neben den beiden AV-Kan\u00e4len aufgrund ihrer KVM-F\u00e4higkeit auch die USB-Signale f\u00fcr Keyboard und Mouse.  <\/p><\/div><\/div><\/section>\n\n\n\n<section class=\"wp-block-lindy-heading-text section section--heading-text theme--light align--center  font--size-medium section--animation-none\"><div class=\"contained\"><h2 class=\"section__heading\"><span><br\/>DOPPELSCHALTER  <\/span><\/h2><h2 class=\"section__subheading section__subheading__title\">DUAL HEAD KVM-SWITCH  <\/h2><\/div><\/section>\n\n\n\n<section class=\"wp-block-lindy-full-width-image section section--full-width-image full-width-image theme--dark align--left font--size-medium width--half\" style=\"background-image:url(https:\/\/lindy.com\/de\/wp-content\/uploads\/sites\/3\/2020\/01\/39300_HW.jpg)\"><img decoding=\"async\" class=\"full-width-image__image\" src=\"https:\/\/lindy.com\/de\/wp-content\/uploads\/sites\/3\/2020\/01\/39300_HW.jpg\"\/><div class=\"contained\"><div class=\"full-width-image__content\"><\/div><\/div><\/section>\n\n\n\n<section class=\"wp-block-lindy-image-text-module section section--full-width-image full-width-image--with-text theme--light section--animation-none align--left  font--size-medium width--half\" style=\"background-image:url()\"><img decoding=\"async\" class=\"full-width-image__image\" src=\"\"\/><div class=\"contained\"><div class=\"full-width-image__content\"><p class=\"section__paragraph\">Der 2 Port DVI Dual Head KVM Switch schaltet die USB-, Audio- und zwei DVI-I-Signale zweier Rechnersyseme per Tastendruck am Ger\u00e4t oder per Tastatur-Hotkey auf einen kompletten Arbeitsplatz mit Keyboard, Maus, Audio-Ausgabe und 2 Displays. Er unterst\u00fctzt dabei DVI-Single-Link-Aufl\u00f6sungen bis 1920 x 1200 bei 60Hz. Die Umschaltung per Tastatur-Hotkey er\u00f6ffnet die M\u00f6glichkeit, den Arbeitsplatz wie in der gezeigten L\u00f6sung  mit hilfe eines geeigneten Extender-Systemes \u00fcber gr\u00f6\u00dfere Distanzen von den Rechnersystemen abzusetzen. <br\/><br\/>Ein integrierter USB-2.0-Hub erlaubt auch das Anschlie\u00dfen weiterer USB- Peripherie, die &#8211; ebenso wie der Audiokanal &#8211; wahlweise mit jedem Schaltvorgang mitgeschaltet, oder aber dauerhaft einem der beiden angeschlossenen Rechnersystemen zugewiesen bleiben kann. Dies erlaubt flexible Konfigurations- und Einsatzm\u00f6glichkeiten. <\/p><a href=\"https:\/\/www.lindy.de\/2-Port-DVI-Dual-Head-KVM-Switch-Pro-Audio-USB-2-0.htm?websale8=ld0101&amp;pi=39300&amp;ci=30\" class=\"button button--dark\" target=\"_blank\" rel=\"noopener noreferrer\">shop online<\/a><\/div><\/div><\/section>\n","protected":false},"excerpt":{"rendered":"","protected":false},"author":20,"featured_media":0,"parent":0,"menu_order":0,"comment_status":"closed","ping_status":"closed","template":"page-templates\/template-landing.php","meta":{"_acf_changed":false,"footnotes":""},"class_list":["post-1427","page","type-page","status-publish","hentry"],"acf":[],"yoast_head":"<!-- This site is optimized with the Yoast SEO plugin v26.6 - https:\/\/yoast.com\/wordpress\/plugins\/seo\/ -->\n<title>Industrie-Leitst\u00e4nde &amp; Monitoring f\u00fcr Industrie 4.0<\/title>\n<meta name=\"description\" content=\"Monitoring \u00dcberwachung, interaktive Steuerung &amp; Regelung automatisierter Produktionsprozesse bilden die wichtigsten Funktionsbausteine in Industrie-4.0-Umgebungen.\" \/>\n<meta name=\"robots\" content=\"index, follow, max-snippet:-1, max-image-preview:large, max-video-preview:-1\" \/>\n<link rel=\"canonical\" href=\"https:\/\/lindy.com\/de\/industrie-leitstaende-monitoring-kotrollraeume\/\" \/>\n<meta property=\"og:locale\" content=\"de_DE\" \/>\n<meta property=\"og:type\" content=\"article\" \/>\n<meta property=\"og:title\" content=\"Industrie-Leitst\u00e4nde &amp; Monitoring f\u00fcr Industrie 4.0\" \/>\n<meta property=\"og:description\" content=\"Monitoring \u00dcberwachung, interaktive Steuerung &amp; Regelung automatisierter Produktionsprozesse bilden die wichtigsten Funktionsbausteine in Industrie-4.0-Umgebungen.\" \/>\n<meta property=\"og:url\" content=\"https:\/\/lindy.com\/de\/industrie-leitstaende-monitoring-kotrollraeume\/\" \/>\n<meta property=\"og:site_name\" content=\"Lindy - German\" \/>\n<meta property=\"article:modified_time\" content=\"2020-02-17T15:22:39+00:00\" \/>\n<meta property=\"og:image\" content=\"https:\/\/lindy.com\/de\/wp-content\/uploads\/sites\/3\/2020\/01\/38264_5_1_new.jpg\" \/>\n<meta name=\"twitter:card\" content=\"summary_large_image\" \/>\n<meta name=\"twitter:label1\" content=\"Gesch\u00e4tzte Lesezeit\" \/>\n\t<meta name=\"twitter:data1\" content=\"3 Minuten\" \/>\n<script type=\"application\/ld+json\" class=\"yoast-schema-graph\">{\"@context\":\"https:\/\/schema.org\",\"@graph\":[{\"@type\":\"WebPage\",\"@id\":\"https:\/\/lindy.com\/de\/industrie-leitstaende-monitoring-kotrollraeume\/\",\"url\":\"https:\/\/lindy.com\/de\/industrie-leitstaende-monitoring-kotrollraeume\/\",\"name\":\"Industrie-Leitst\u00e4nde & Monitoring f\u00fcr Industrie 4.0\",\"isPartOf\":{\"@id\":\"https:\/\/lindy.com\/de\/#website\"},\"primaryImageOfPage\":{\"@id\":\"https:\/\/lindy.com\/de\/industrie-leitstaende-monitoring-kotrollraeume\/#primaryimage\"},\"image\":{\"@id\":\"https:\/\/lindy.com\/de\/industrie-leitstaende-monitoring-kotrollraeume\/#primaryimage\"},\"thumbnailUrl\":\"https:\/\/lindy.com\/de\/wp-content\/uploads\/sites\/3\/2020\/01\/38264_5_1_new.jpg\",\"datePublished\":\"2020-01-09T08:43:38+00:00\",\"dateModified\":\"2020-02-17T15:22:39+00:00\",\"description\":\"Monitoring \u00dcberwachung, interaktive Steuerung & Regelung automatisierter Produktionsprozesse bilden die wichtigsten Funktionsbausteine in Industrie-4.0-Umgebungen.\",\"breadcrumb\":{\"@id\":\"https:\/\/lindy.com\/de\/industrie-leitstaende-monitoring-kotrollraeume\/#breadcrumb\"},\"inLanguage\":\"de-DE\",\"potentialAction\":[{\"@type\":\"ReadAction\",\"target\":[\"https:\/\/lindy.com\/de\/industrie-leitstaende-monitoring-kotrollraeume\/\"]}]},{\"@type\":\"ImageObject\",\"inLanguage\":\"de-DE\",\"@id\":\"https:\/\/lindy.com\/de\/industrie-leitstaende-monitoring-kotrollraeume\/#primaryimage\",\"url\":\"https:\/\/lindy.com\/de\/wp-content\/uploads\/sites\/3\/2020\/01\/38264_5_1_new.jpg\",\"contentUrl\":\"https:\/\/lindy.com\/de\/wp-content\/uploads\/sites\/3\/2020\/01\/38264_5_1_new.jpg\",\"width\":1920,\"height\":1080},{\"@type\":\"BreadcrumbList\",\"@id\":\"https:\/\/lindy.com\/de\/industrie-leitstaende-monitoring-kotrollraeume\/#breadcrumb\",\"itemListElement\":[{\"@type\":\"ListItem\",\"position\":1,\"name\":\"Home\",\"item\":\"https:\/\/lindy.com\/de\/\"},{\"@type\":\"ListItem\",\"position\":2,\"name\":\"Industrie-Leitst\u00e4nde &#038; Monitoring\"}]},{\"@type\":\"WebSite\",\"@id\":\"https:\/\/lindy.com\/de\/#website\",\"url\":\"https:\/\/lindy.com\/de\/\",\"name\":\"Lindy - German\",\"description\":\"Connection Perfection\",\"potentialAction\":[{\"@type\":\"SearchAction\",\"target\":{\"@type\":\"EntryPoint\",\"urlTemplate\":\"https:\/\/lindy.com\/de\/?s={search_term_string}\"},\"query-input\":{\"@type\":\"PropertyValueSpecification\",\"valueRequired\":true,\"valueName\":\"search_term_string\"}}],\"inLanguage\":\"de-DE\"}]}<\/script>\n<!-- \/ Yoast SEO plugin. -->","yoast_head_json":{"title":"Industrie-Leitst\u00e4nde & Monitoring f\u00fcr Industrie 4.0","description":"Monitoring \u00dcberwachung, interaktive Steuerung & Regelung automatisierter Produktionsprozesse bilden die wichtigsten Funktionsbausteine in Industrie-4.0-Umgebungen.","robots":{"index":"index","follow":"follow","max-snippet":"max-snippet:-1","max-image-preview":"max-image-preview:large","max-video-preview":"max-video-preview:-1"},"canonical":"https:\/\/lindy.com\/de\/industrie-leitstaende-monitoring-kotrollraeume\/","og_locale":"de_DE","og_type":"article","og_title":"Industrie-Leitst\u00e4nde & Monitoring f\u00fcr Industrie 4.0","og_description":"Monitoring \u00dcberwachung, interaktive Steuerung & Regelung automatisierter Produktionsprozesse bilden die wichtigsten Funktionsbausteine in Industrie-4.0-Umgebungen.","og_url":"https:\/\/lindy.com\/de\/industrie-leitstaende-monitoring-kotrollraeume\/","og_site_name":"Lindy - German","article_modified_time":"2020-02-17T15:22:39+00:00","og_image":[{"url":"https:\/\/lindy.com\/de\/wp-content\/uploads\/sites\/3\/2020\/01\/38264_5_1_new.jpg","type":"","width":"","height":""}],"twitter_card":"summary_large_image","twitter_misc":{"Gesch\u00e4tzte Lesezeit":"3 Minuten"},"schema":{"@context":"https:\/\/schema.org","@graph":[{"@type":"WebPage","@id":"https:\/\/lindy.com\/de\/industrie-leitstaende-monitoring-kotrollraeume\/","url":"https:\/\/lindy.com\/de\/industrie-leitstaende-monitoring-kotrollraeume\/","name":"Industrie-Leitst\u00e4nde & Monitoring f\u00fcr Industrie 4.0","isPartOf":{"@id":"https:\/\/lindy.com\/de\/#website"},"primaryImageOfPage":{"@id":"https:\/\/lindy.com\/de\/industrie-leitstaende-monitoring-kotrollraeume\/#primaryimage"},"image":{"@id":"https:\/\/lindy.com\/de\/industrie-leitstaende-monitoring-kotrollraeume\/#primaryimage"},"thumbnailUrl":"https:\/\/lindy.com\/de\/wp-content\/uploads\/sites\/3\/2020\/01\/38264_5_1_new.jpg","datePublished":"2020-01-09T08:43:38+00:00","dateModified":"2020-02-17T15:22:39+00:00","description":"Monitoring \u00dcberwachung, interaktive Steuerung & Regelung automatisierter Produktionsprozesse bilden die wichtigsten Funktionsbausteine in Industrie-4.0-Umgebungen.","breadcrumb":{"@id":"https:\/\/lindy.com\/de\/industrie-leitstaende-monitoring-kotrollraeume\/#breadcrumb"},"inLanguage":"de-DE","potentialAction":[{"@type":"ReadAction","target":["https:\/\/lindy.com\/de\/industrie-leitstaende-monitoring-kotrollraeume\/"]}]},{"@type":"ImageObject","inLanguage":"de-DE","@id":"https:\/\/lindy.com\/de\/industrie-leitstaende-monitoring-kotrollraeume\/#primaryimage","url":"https:\/\/lindy.com\/de\/wp-content\/uploads\/sites\/3\/2020\/01\/38264_5_1_new.jpg","contentUrl":"https:\/\/lindy.com\/de\/wp-content\/uploads\/sites\/3\/2020\/01\/38264_5_1_new.jpg","width":1920,"height":1080},{"@type":"BreadcrumbList","@id":"https:\/\/lindy.com\/de\/industrie-leitstaende-monitoring-kotrollraeume\/#breadcrumb","itemListElement":[{"@type":"ListItem","position":1,"name":"Home","item":"https:\/\/lindy.com\/de\/"},{"@type":"ListItem","position":2,"name":"Industrie-Leitst\u00e4nde &#038; Monitoring"}]},{"@type":"WebSite","@id":"https:\/\/lindy.com\/de\/#website","url":"https:\/\/lindy.com\/de\/","name":"Lindy - German","description":"Connection Perfection","potentialAction":[{"@type":"SearchAction","target":{"@type":"EntryPoint","urlTemplate":"https:\/\/lindy.com\/de\/?s={search_term_string}"},"query-input":{"@type":"PropertyValueSpecification","valueRequired":true,"valueName":"search_term_string"}}],"inLanguage":"de-DE"}]}},"_links":{"self":[{"href":"https:\/\/lindy.com\/de\/wp-json\/wp\/v2\/pages\/1427","targetHints":{"allow":["GET"]}}],"collection":[{"href":"https:\/\/lindy.com\/de\/wp-json\/wp\/v2\/pages"}],"about":[{"href":"https:\/\/lindy.com\/de\/wp-json\/wp\/v2\/types\/page"}],"author":[{"embeddable":true,"href":"https:\/\/lindy.com\/de\/wp-json\/wp\/v2\/users\/20"}],"replies":[{"embeddable":true,"href":"https:\/\/lindy.com\/de\/wp-json\/wp\/v2\/comments?post=1427"}],"version-history":[{"count":1,"href":"https:\/\/lindy.com\/de\/wp-json\/wp\/v2\/pages\/1427\/revisions"}],"predecessor-version":[{"id":9776,"href":"https:\/\/lindy.com\/de\/wp-json\/wp\/v2\/pages\/1427\/revisions\/9776"}],"wp:attachment":[{"href":"https:\/\/lindy.com\/de\/wp-json\/wp\/v2\/media?parent=1427"}],"curies":[{"name":"wp","href":"https:\/\/api.w.org\/{rel}","templated":true}]}}