{"id":1433,"date":"2020-01-09T08:46:20","date_gmt":"2020-01-09T08:46:20","guid":{"rendered":"https:\/\/lindy.com\/de\/?page_id=1433"},"modified":"2020-02-17T15:45:11","modified_gmt":"2020-02-17T15:45:11","slug":"events-av-anwendungen","status":"publish","type":"page","link":"https:\/\/lindy.com\/de\/events-av-anwendungen\/","title":{"rendered":"Events-AV-Anwendungen"},"content":{"rendered":"\n<section class=\"wp-block-lindy-parallax-hero section parallax-hero theme--light align--center  font--size-large\" style=\"background-image:url(https:\/\/lindy.com\/de\/wp-content\/uploads\/sites\/3\/2019\/12\/Presentation-layer.jpg)\"><div class=\"contained contained--full-width\"><div class=\"parallax-hero__content\"><div class=\"parallax-hero__content-wrapper align--center\"><h2 class=\"section__heading\"><span>AV-Anwendungen <\/span><\/h2><h2 class=\"section__subheading section__subheading__title\"> F\u00dcR Events<\/h2><\/div><\/div><\/div><\/section>\n\n\n\n<section class=\"wp-block-lindy-parallax-hero section parallax-hero theme--light align--left  font--size-medium\" style=\"background-image:url(https:\/\/lindy.com\/de\/wp-content\/uploads\/sites\/3\/2019\/12\/Presentation.jpg)\"><div class=\"contained contained--full-width\"><div class=\"parallax-hero__content\"><div class=\"parallax-hero__content-wrapper align--left\"><\/div><\/div><\/div><\/section>\n\n\n\n<section class=\"wp-block-lindy-parallax-hero section parallax-hero theme--light align--center font--camber font--size-medium\" style=\"background-image:url(https:\/\/lindy.com\/de\/wp-content\/uploads\/sites\/3\/2019\/12\/Presentation-layer.jpg)\"><div class=\"contained contained--full-width\"><div class=\"parallax-hero__content\"><div class=\"parallax-hero__content-wrapper align--center\"><h2 class=\"section__heading\"><span>Info on the Fly<\/span><\/h2><h2 class=\"section__subheading section__subheading__title\">Schnell und nahtlos<\/h2><p class=\"section__paragraph\"><br\/>An einer Vielzahl unterschiedlicher Hot Spots im \u00f6ffentlichen Raum m\u00fcssen wichtige Informationen &#8211; egal ob es beispielsweise um eine Vorstellung neuer Produkte geht, um Sportereignisse oder die neuesten Nachrichten &#8211; immer in hochaufl\u00f6senden AV-Formaten und kristallklarer Qualit\u00e4t zum richtigen Zeitpunkt verf\u00fcgbar sein, damit maximale Aufmerksamkeit und Verst\u00e4ndnis f\u00fcr die Themen zu jeder Zeit gew\u00e4hrleistet sind. Daf\u00fcr m\u00fcssen Inhalte schnell und unkompliziert zwischen einzelnen Displays oder sogar zwischen einzelnen Displays und einer Video Wall umgeschaltet werden k\u00f6nnen.<\/p><\/div><\/div><\/div><\/section>\n\n\n\n<section class=\"wp-block-lindy-heading-text section section--heading-text theme--dark align--center  font--size-medium section--animation-none\"><div class=\"contained\"><h2 class=\"section__heading\"><span><br\/>Video Wall &amp; Matrix Switch in Einem<\/span><\/h2><h2 class=\"section__subheading section__subheading__title\">Flexibel definierbar <\/h2><\/div><\/section>\n\n\n\n<section class=\"wp-block-lindy-image-text-module section section--full-width-image full-width-image--with-text theme--light section--animation-none align--left  font--size-medium\" style=\"background-image:url(https:\/\/lindy.com\/de\/wp-content\/uploads\/sites\/3\/2020\/01\/38260_FW_new.jpg)\"><img decoding=\"async\" class=\"full-width-image__image\" src=\"https:\/\/lindy.com\/de\/wp-content\/uploads\/sites\/3\/2020\/01\/38260_FW_new.jpg\"\/><div class=\"contained\"><div class=\"full-width-image__content\"><\/div><\/div><\/section>\n\n\n\n<section class=\"wp-block-lindy-paragraph-one-col section section--horizontal-content section--horizontal-content--one-column font--size-small theme--dark align--center  section--animation-none\"><div class=\"contained\"><p class=\"section__paragraph\">Die Technik hinter der L\u00f6sung f\u00fcr diese Anforderung beherbergt einen zentralen 8&#215;8 Matrix Switch, der hochaufl\u00f6sende 18G-AV-Inhalte beliebig von den Zuspielger\u00e4ten auf die Displays schalten kann. AV-Inhalte aus den Zuspielger\u00e4ten k\u00f6nnen entweder auf Einzeldisplays erscheinen oder aber auf mehrere Ausg\u00e4nge verteilt eine Video Wall ansteuern.<\/p><\/div><\/section>\n\n\n\n<section class=\"wp-block-lindy-heading-text section section--heading-text theme--dark align--center font--camber font--size-medium section--animation-none\"><div class=\"contained\"><h2 class=\"section__heading\"><span>Pr\u00e4sentastionsszenario<\/span><\/h2><h2 class=\"section__subheading section__subheading__title\">In einer Retail-umgebung<\/h2><\/div><\/section>\n\n\n\n<section class=\"wp-block-lindy-zoom-image section section--zoom-image zoom-image align--center theme--dark\"><div class=\"contained\"><div class=\"zoom-image-wrapper\"><img decoding=\"async\" class=\"zoomable\" src=\"https:\/\/lindy.com\/de\/wp-content\/uploads\/sites\/3\/2020\/01\/38260_zoom.jpg\" data-zoom-img=\"https:\/\/lindy.com\/de\/wp-content\/uploads\/sites\/3\/2020\/01\/38260_zoom.jpg\"\/><\/div><span class=\"zoom-image__description\">Click to zoom<\/span><\/div><\/section>\n\n\n\n<section class=\"wp-block-lindy-paragraph-one-col section section--horizontal-content section--horizontal-content--one-column font--size-small theme--dark align--center  section--animation-none\"><div class=\"contained\"><p class=\"section__paragraph\">In Kombination mit einer Zusammenstellung aus Extender-Systemen zur \u00dcberbr\u00fcckung gro\u00dfer Distanzen k\u00f6nnen bei dieser L\u00f6sung mit denselben Inhalten aber wahlweise auch im Geb\u00e4ude verteilte Displays beschickt werden, beispielsweise f\u00fcr Digital-Signage-, Info- oder Werbezwecke. <br\/> Angefangen von einem kosteneffizienten hochqualitativen 50m Cat.-System \u00fcber ein in L\u00e4ngen von 10m &#8211; 100m verf\u00fcgbares Hybrid-Kabel bis hin zum kabelmontierten LWL-Extendersystem mit maximaler Reichweite von 300m werden alle geb\u00e4udeintern \u00fcblichen \u00dcberbr\u00fcckungsdistanzen abgedeckt.<br\/><br\/> Dieses Anwendungsszenario ist sehr verbreitet, beispielsweise im Retailing-Bereich, wo Produktbilder und -beschreibungen abwechselnd auf einer Video Wall und auf im Verkaufsareal verteilte Displays geschickt werden sollen. Vor allem aber in Wettb\u00fcros und Sportsbars, wo mit dieser Anordnung die aktuell interessantesten Sportereignisse auf der Video Wall, die eher nebens\u00e4chlichen auf den im Lokal verteilten einzelnen Displays gezeigt werden k\u00f6nnen. <\/p><\/div><\/section>\n\n\n\n<section class=\"wp-block-lindy-heading-text section section--heading-text theme--light align--center  font--size-medium section--animation-none\"><div class=\"contained\"><h2 class=\"section__heading\"><span><br\/>8&#215;8 HDMI 18G Matrix <\/span><\/h2><h2 class=\"section__subheading section__subheading__title\">Mit Video Wall<\/h2><\/div><\/section>\n\n\n\n<section class=\"wp-block-lindy-image-text-module section section--full-width-image full-width-image--with-text theme--light section--animation-none align--left  font--size-medium width--half\" style=\"background-image:url()\"><img decoding=\"async\" class=\"full-width-image__image\" src=\"\"\/><div class=\"contained\"><div class=\"full-width-image__content\"><p class=\"section__paragraph\">Der hochperformante 8&#215;8 Seamless Matrix Switch f\u00fcr Aufl\u00f6sungen bis 4K UHD (3840&#215;2160@60Hz), der mit einigen zus\u00e4tzlichen Features aufwarten kann, die \u00fcber die allgemein \u00fcbliche Funktionalit\u00e4t eines Matrix-Umschalters weit hinausgehen. So lassen sich beliebig w\u00e4hlbare Ausg\u00e4nge miteinander verkn\u00fcpfen, die dann schaltbar eines der 8 Eingangssignale als Teilbilder einer Video-Wall mit n * m Displays ausgeben k\u00f6nnen. Dabei sind f\u00fcr n * m beliebige Kombinationen mit n + m kleiner oder gleich 8.<br\/><br\/>Bis zu 2 Video Walls lassen sich aus den verf\u00fcgbaren 8 Ausg\u00e4ngen definieren. Jedes der 8 Eingangssignale kann so entweder auf eine Video Wall oder &#8211; falls nicht alle 8 Ausg\u00e4nge f\u00fcr Video Walls verwendet werden &#8211; auf einen der verbleibenden Ausg\u00e4nge gelegt werden. <br\/><\/p><\/div><\/div><\/section>\n\n\n\n<section class=\"wp-block-lindy-image-text-module section section--full-width-image full-width-image--with-text theme--light section--animation-none align--left  font--size-medium width--half\" style=\"background-image:url(https:\/\/lindy.com\/de\/wp-content\/uploads\/sites\/3\/2020\/01\/38260_2.jpg)\"><img decoding=\"async\" class=\"full-width-image__image\" src=\"https:\/\/lindy.com\/de\/wp-content\/uploads\/sites\/3\/2020\/01\/38260_2.jpg\"\/><div class=\"contained\"><div class=\"full-width-image__content\"><\/div><\/div><\/section>\n\n\n\n<section class=\"wp-block-lindy-image-text-module section section--full-width-image full-width-image--with-text theme--light section--animation-none align--left  font--size-medium width--half\" style=\"background-image:url(https:\/\/lindy.com\/de\/wp-content\/uploads\/sites\/3\/2020\/01\/38260_3_new.jpg)\"><img decoding=\"async\" class=\"full-width-image__image\" src=\"https:\/\/lindy.com\/de\/wp-content\/uploads\/sites\/3\/2020\/01\/38260_3_new.jpg\"\/><div class=\"contained\"><div class=\"full-width-image__content\"><\/div><\/div><\/section>\n\n\n\n<section class=\"wp-block-lindy-image-text-module section section--full-width-image full-width-image--with-text theme--light section--animation-none align--left  font--size-medium width--half\" style=\"background-image:url()\"><img decoding=\"async\" class=\"full-width-image__image\" src=\"\"\/><div class=\"contained\"><div class=\"full-width-image__content\"><p class=\"section__paragraph\">Je nach verwendetem Bildschirmtyp kann in der Konfigurations-Software die Rahmenkompensation (Bezel Correction) definiert werden. Audio-Signale k\u00f6nnen f\u00fcr jeden Ein- und Ausgang separat eingespeist bzw. ausgekoppelt werden. Somit lassen sich sowohl externe Audio-Signale in den HDMI-Datenstrom einbetten, als auch eigebettete Audio-Daten auf externen Audio-Ger\u00e4ten wiedergeben. <br\/><br\/>F\u00fcr Demo- und Pr\u00e4sentationszwecke k\u00f6nnen beliebige Eing\u00e4nge in beliebiger Reihenfolge zeitgesteuert mit einstellbarem Timeout nacheinander auf beliebige Ausg\u00e4nge geschickt werden. <br\/><br\/>Konfiguriert und administriert wird das System via IP-Netzwerk \u00fcber eine Software oder \u00fcber eine WebGUI, in der sich alle Einstellungen detailliert festlegen lassen. Einmal eingestellte Routings lassen sich als Presets abspeichern &#8211; bis zu 8 an der Zahl. Die wichtigsten Einstellungen lassen sich auch \u00fcber die Front-Tasten direkt am Ger\u00e4t im Schnellzugriff vornehmen. <\/p><a href=\"https:\/\/www.lindy.de\/8x8-HDMI-18G-Matrix-mit-Video-Wall-Scaling.htm?websale8=ld0101&amp;pi=38260&amp;ci=20\" class=\"button button--dark\" target=\"_blank\" rel=\"noopener noreferrer\">Mehr erfahren<\/a><\/div><\/div><\/section>\n\n\n\n<section class=\"wp-block-lindy-heading-text section section--heading-text theme--dark align--center  font--size-medium section--animation-none\"><div class=\"contained\"><h2 class=\"section__heading\"><span><br\/>Optische Verbindung<\/span><\/h2><h2 class=\"section__subheading section__subheading__title\">Der Superlative<\/h2><\/div><\/section>\n\n\n\n<section class=\"wp-block-lindy-image-text-module section section--full-width-image full-width-image--with-text theme--light section--animation-none align--left  font--size-medium width--half\" style=\"background-image:url(https:\/\/lindy.com\/de\/wp-content\/uploads\/sites\/3\/2020\/01\/38179_HW-1.jpg)\"><img decoding=\"async\" class=\"full-width-image__image\" src=\"https:\/\/lindy.com\/de\/wp-content\/uploads\/sites\/3\/2020\/01\/38179_HW-1.jpg\"\/><div class=\"contained\"><div class=\"full-width-image__content\"><\/div><\/div><\/section>\n\n\n\n<section class=\"wp-block-lindy-image-text-module section section--full-width-image full-width-image--with-text theme--dark section--animation-none align--left  font--size-medium width--half\" style=\"background-image:url()\"><img decoding=\"async\" class=\"full-width-image__image\" src=\"\"\/><div class=\"contained\"><div class=\"full-width-image__content\"><p class=\"section__paragraph\">Der Fibre Optic HDMI 18G Extender verwendet ein Standard-Fibre-Optic-Multimode-Kabel der Klasse OM3 mit LC-Duplex-Konnektoren. Das FO-\u00dcbertragungsmedium kann also bis zur maximalen \u00dcbertragungsdistanz von 300m in der ben\u00f6tigten L\u00e4nge frei gew\u00e4hlt werden. Der Extender \u00fcbertr\u00e4gt AV-Signale mit einer Bandbreite von 18GBit\/s und unterst\u00fctzt somit 4K Ultra-HD-Aufl\u00f6sungen 3840&#215;2160@60Hz 4:4:4 8Bit. Er kann mit Farbtiefen bis 12 Bit problemlos umgehen und beherrscht neben mehreren HDR-Formaten wie HDR 10, Dolby Vision, HLG und verschiedene Mehrkanal-Audioformate wie Dolby Atmos, True HD und 7.1 mit einer Samplingtiefe von 24Bit und einer Samplingrate von 192kHz. Die jeweils HDMI-seitig an RX und TX fest montierten Anschlusskabel (fly leads) sorgen f\u00fcr erh\u00f6hte Zuverl\u00e4ssigkeit durch die sparsame Verwendung von galvanischen Steckverbindungen.<\/p><a href=\"https:\/\/www.lindy.de\/300m-Fibre-Optic-HDMI-18G-Extender.htm?websale8=ld0101&amp;pi=38179&amp;ci=200202\" class=\"button button--white-transparent\" target=\"_blank\" rel=\"noopener noreferrer\">Mehr erfahren<\/a><\/div><\/div><\/section>\n\n\n\n<section class=\"wp-block-lindy-heading-text section section--heading-text theme--light align--center  font--size-medium section--animation-none\"><div class=\"contained\"><h2 class=\"section__heading\"><span><br\/>Cat.6 Extender<\/span><\/h2><h2 class=\"section__subheading section__subheading__title\">F\u00fcr 18G HDMI und IR<\/h2><\/div><\/section>\n\n\n\n<section class=\"wp-block-lindy-image-text-module section section--full-width-image full-width-image--with-text theme--light section--animation-none align--left  font--size-medium width--half\" style=\"background-image:url(https:\/\/lindy.com\/de\/wp-content\/uploads\/sites\/3\/2020\/01\/38205_HW.jpg)\"><img decoding=\"async\" class=\"full-width-image__image\" src=\"https:\/\/lindy.com\/de\/wp-content\/uploads\/sites\/3\/2020\/01\/38205_HW.jpg\"\/><div class=\"contained\"><div class=\"full-width-image__content\"><\/div><\/div><\/section>\n\n\n\n<section class=\"wp-block-lindy-image-text-module section section--full-width-image full-width-image--with-text theme--light section--animation-none align--left  font--size-medium width--half\" style=\"background-image:url()\"><img decoding=\"async\" class=\"full-width-image__image\" src=\"\"\/><div class=\"contained\"><div class=\"full-width-image__content\"><p class=\"section__paragraph\">Der Cat.6 HDMI 18G &amp; IR Extender transportiert HDMI-AV-Signale mit Aufl\u00f6sungen bis 4k UHD (3840&#215;2160@60Hz 4:4:4 8Bit) \u00fcber Distanzen bis 50m. Er verwendet als \u00dcbertragungsmedium ein gew\u00f6hnliches kosteng\u00fcnstiges Cat.6-Kabel. Er kommt mit HDR-Formaten wie HLG, HDR10, HDR10+ und Dolby Vision ebenso zurecht, wie mit den unterschiedlichsten Audio-Formaten, z.B. Dolby Atmos, DTS-X, LPCM, Dolby Digital\/Plus\/EX, Dolby True HD, und viele mehr. Zus\u00e4tzlich zu den HDMI-Signalen werden in der Richtung vom Receiver zum Transmitter auch IR-Steuersignale \u00fcbertragen, so kann vom Display aus das Zuspielger\u00e4t per IR-Fernbedienung gesteuert werden. F\u00fcrs Monitoring steht am Transmitter ein HDMI-Loop-Out-Anschluss zur Verf\u00fcgung, so dass die \u00fcbertragenen Inhalte auch direkt vor Ort am Quellger\u00e4t sichtbar sind. Die Stromversorgung des Receivers erfolgt per PoC \u00fcber das Cat.-Kabel aus dem Transmitter, so dass displayseitig am Receiver kein zus\u00e4tzliches Netzteil ben\u00f6tigt wird.<\/p><a href=\"https:\/\/www.lindy.de\/100m-C6-HDBaseT-2-0-HDMI-USB-KVM-Extender.htm?websale8=ld0101&amp;pi=38205\" class=\"button button--dark\" target=\"_blank\" rel=\"noopener noreferrer\">shop online<\/a><\/div><\/div><\/section>\n\n\n\n<section class=\"wp-block-lindy-heading-text section section--heading-text theme--dark align--center  font--size-medium section--animation-none\"><div class=\"contained\"><h2 class=\"section__heading\"><span><br\/>Flexible Langstreckenleitung<\/span><\/h2><h2 class=\"section__subheading section__subheading__title\">18G-Hybridkabel f\u00fcr HDMI und DVI<\/h2><\/div><\/section>\n\n\n\n<section class=\"wp-block-lindy-image-text-module section section--full-width-image full-width-image--with-text theme--dark section--animation-none align--left  font--size-medium width--half\" style=\"background-image:url()\"><img decoding=\"async\" class=\"full-width-image__image\" src=\"\"\/><div class=\"contained\"><div class=\"full-width-image__content\"><p class=\"section__paragraph\">Das Micro-HDMI-Fibre-Optic-Hybridkabel, verf\u00fcgbar in den L\u00e4ngen 10m, 20m, 30m, 40m, 50m, 70m und 100m verwendet die ausgefeilte Hybridkabel-Technologie, welche die bandbreitenhungrigen AV-Signale kabelintern \u00fcber Fiber-Optic-Fasern, die gen\u00fcgsameren Steuersignale aber \u00fcber konventionelle Kupferadern transportiert. Das modulare Konzept des Kabels verschafft ihm das R\u00fcstzeug f\u00fcr ein weites Anwendungsfeld: Die eigentlichen Steckverbinder sind als Micro-HDMI ausgef\u00fchrt. Mit Hilfe der beiliegenden HDMI- und DVI-Adapteraufs\u00e4tze kann das Kabel als reines Micro-HDMI-, HDMI-, DVI- oder als Adapterkabel zwischen zwei der genannten Schnittstellen verwendet werden. <br\/><br\/>Durch die Bandbreite von 18GBit\/s \u00fcbertr\u00e4gt das Kabel mit HDMI 2.0 Aufl\u00f6sungen bis 3840&#215;2160@60Hz 4:4:4 8Bit. DVI-Aufl\u00f6sungen k\u00f6nnen mit bis zu 1920&#215;1200 transportiert werden. F\u00fcr die \u00dcbermittlung auch kopiergesch\u00fctzter Inhalte wird HDCP 2.2 unterst\u00fctzt. Das Kabel versorgt sich komplett aus der AV-Schnittstelle des Quell- bzw. Zielger\u00e4tes mit Spannung. Ein Netzteil wird nicht ben\u00f6tigt.  <br\/><br\/><\/p><a href=\"https:\/\/www.lindy.de\/?websale8=ld0101&amp;ci=259\" class=\"button button--white-transparent\" target=\"_blank\" rel=\"noopener noreferrer\">shop online<\/a><\/div><\/div><\/section>\n\n\n\n<section class=\"wp-block-lindy-image-text-module section section--full-width-image full-width-image--with-text theme--light section--animation-none align--left  font--size-medium width--half\" style=\"background-image:url(https:\/\/lindy.com\/de\/wp-content\/uploads\/sites\/3\/2020\/01\/38320_HW-1.jpg)\"><img decoding=\"async\" class=\"full-width-image__image\" src=\"https:\/\/lindy.com\/de\/wp-content\/uploads\/sites\/3\/2020\/01\/38320_HW-1.jpg\"\/><div class=\"contained\"><div class=\"full-width-image__content\"><\/div><\/div><\/section>\n","protected":false},"excerpt":{"rendered":"","protected":false},"author":20,"featured_media":0,"parent":0,"menu_order":0,"comment_status":"closed","ping_status":"closed","template":"page-templates\/template-landing.php","meta":{"_acf_changed":false,"footnotes":""},"class_list":["post-1433","page","type-page","status-publish","hentry"],"acf":[],"yoast_head":"<!-- This site is optimized with the Yoast SEO plugin v26.6 - https:\/\/yoast.com\/wordpress\/plugins\/seo\/ -->\n<title>Events-AV-Anwendungen - Info on the fly: schnell &amp; nahtlos<\/title>\n<meta name=\"description\" content=\"In einer Vielzahl unterschiedlicher Hot Spots im \u00f6ffentlichen Raum m\u00fcssen wichtige Informationen immer in hochaufl\u00f6senden AV-Formaten &amp; kristallklarer Qualit\u00e4t zum richtigen Zeitpunkt verf\u00fcgbar sein.\" \/>\n<meta name=\"robots\" content=\"index, follow, max-snippet:-1, max-image-preview:large, max-video-preview:-1\" \/>\n<link rel=\"canonical\" href=\"https:\/\/lindy.com\/de\/events-av-anwendungen\/\" \/>\n<meta property=\"og:locale\" content=\"de_DE\" \/>\n<meta property=\"og:type\" content=\"article\" \/>\n<meta property=\"og:title\" content=\"Events-AV-Anwendungen - Info on the fly: schnell &amp; nahtlos\" \/>\n<meta property=\"og:description\" content=\"In einer Vielzahl unterschiedlicher Hot Spots im \u00f6ffentlichen Raum m\u00fcssen wichtige Informationen immer in hochaufl\u00f6senden AV-Formaten &amp; kristallklarer Qualit\u00e4t zum richtigen Zeitpunkt verf\u00fcgbar sein.\" \/>\n<meta property=\"og:url\" content=\"https:\/\/lindy.com\/de\/events-av-anwendungen\/\" \/>\n<meta property=\"og:site_name\" content=\"Lindy - German\" \/>\n<meta property=\"article:modified_time\" content=\"2020-02-17T15:45:11+00:00\" \/>\n<meta property=\"og:image\" content=\"https:\/\/lindy.com\/de\/wp-content\/uploads\/sites\/3\/2020\/01\/38260_FW_new.jpg\" \/>\n<meta name=\"twitter:card\" content=\"summary_large_image\" \/>\n<meta name=\"twitter:label1\" content=\"Gesch\u00e4tzte Lesezeit\" \/>\n\t<meta name=\"twitter:data1\" content=\"5 Minuten\" \/>\n<script type=\"application\/ld+json\" class=\"yoast-schema-graph\">{\"@context\":\"https:\/\/schema.org\",\"@graph\":[{\"@type\":\"WebPage\",\"@id\":\"https:\/\/lindy.com\/de\/events-av-anwendungen\/\",\"url\":\"https:\/\/lindy.com\/de\/events-av-anwendungen\/\",\"name\":\"Events-AV-Anwendungen - Info on the fly: schnell & nahtlos\",\"isPartOf\":{\"@id\":\"https:\/\/lindy.com\/de\/#website\"},\"primaryImageOfPage\":{\"@id\":\"https:\/\/lindy.com\/de\/events-av-anwendungen\/#primaryimage\"},\"image\":{\"@id\":\"https:\/\/lindy.com\/de\/events-av-anwendungen\/#primaryimage\"},\"thumbnailUrl\":\"https:\/\/lindy.com\/de\/wp-content\/uploads\/sites\/3\/2020\/01\/38260_FW_new.jpg\",\"datePublished\":\"2020-01-09T08:46:20+00:00\",\"dateModified\":\"2020-02-17T15:45:11+00:00\",\"description\":\"In einer Vielzahl unterschiedlicher Hot Spots im \u00f6ffentlichen Raum m\u00fcssen wichtige Informationen immer in hochaufl\u00f6senden AV-Formaten & kristallklarer Qualit\u00e4t zum richtigen Zeitpunkt verf\u00fcgbar sein.\",\"breadcrumb\":{\"@id\":\"https:\/\/lindy.com\/de\/events-av-anwendungen\/#breadcrumb\"},\"inLanguage\":\"de-DE\",\"potentialAction\":[{\"@type\":\"ReadAction\",\"target\":[\"https:\/\/lindy.com\/de\/events-av-anwendungen\/\"]}]},{\"@type\":\"ImageObject\",\"inLanguage\":\"de-DE\",\"@id\":\"https:\/\/lindy.com\/de\/events-av-anwendungen\/#primaryimage\",\"url\":\"https:\/\/lindy.com\/de\/wp-content\/uploads\/sites\/3\/2020\/01\/38260_FW_new.jpg\",\"contentUrl\":\"https:\/\/lindy.com\/de\/wp-content\/uploads\/sites\/3\/2020\/01\/38260_FW_new.jpg\",\"width\":1920,\"height\":1080},{\"@type\":\"BreadcrumbList\",\"@id\":\"https:\/\/lindy.com\/de\/events-av-anwendungen\/#breadcrumb\",\"itemListElement\":[{\"@type\":\"ListItem\",\"position\":1,\"name\":\"Home\",\"item\":\"https:\/\/lindy.com\/de\/\"},{\"@type\":\"ListItem\",\"position\":2,\"name\":\"Events-AV-Anwendungen\"}]},{\"@type\":\"WebSite\",\"@id\":\"https:\/\/lindy.com\/de\/#website\",\"url\":\"https:\/\/lindy.com\/de\/\",\"name\":\"Lindy - German\",\"description\":\"Connection Perfection\",\"potentialAction\":[{\"@type\":\"SearchAction\",\"target\":{\"@type\":\"EntryPoint\",\"urlTemplate\":\"https:\/\/lindy.com\/de\/?s={search_term_string}\"},\"query-input\":{\"@type\":\"PropertyValueSpecification\",\"valueRequired\":true,\"valueName\":\"search_term_string\"}}],\"inLanguage\":\"de-DE\"}]}<\/script>\n<!-- \/ Yoast SEO plugin. -->","yoast_head_json":{"title":"Events-AV-Anwendungen - Info on the fly: schnell & nahtlos","description":"In einer Vielzahl unterschiedlicher Hot Spots im \u00f6ffentlichen Raum m\u00fcssen wichtige Informationen immer in hochaufl\u00f6senden AV-Formaten & kristallklarer Qualit\u00e4t zum richtigen Zeitpunkt verf\u00fcgbar sein.","robots":{"index":"index","follow":"follow","max-snippet":"max-snippet:-1","max-image-preview":"max-image-preview:large","max-video-preview":"max-video-preview:-1"},"canonical":"https:\/\/lindy.com\/de\/events-av-anwendungen\/","og_locale":"de_DE","og_type":"article","og_title":"Events-AV-Anwendungen - Info on the fly: schnell & nahtlos","og_description":"In einer Vielzahl unterschiedlicher Hot Spots im \u00f6ffentlichen Raum m\u00fcssen wichtige Informationen immer in hochaufl\u00f6senden AV-Formaten & kristallklarer Qualit\u00e4t zum richtigen Zeitpunkt verf\u00fcgbar sein.","og_url":"https:\/\/lindy.com\/de\/events-av-anwendungen\/","og_site_name":"Lindy - German","article_modified_time":"2020-02-17T15:45:11+00:00","og_image":[{"url":"https:\/\/lindy.com\/de\/wp-content\/uploads\/sites\/3\/2020\/01\/38260_FW_new.jpg","type":"","width":"","height":""}],"twitter_card":"summary_large_image","twitter_misc":{"Gesch\u00e4tzte Lesezeit":"5 Minuten"},"schema":{"@context":"https:\/\/schema.org","@graph":[{"@type":"WebPage","@id":"https:\/\/lindy.com\/de\/events-av-anwendungen\/","url":"https:\/\/lindy.com\/de\/events-av-anwendungen\/","name":"Events-AV-Anwendungen - Info on the fly: schnell & nahtlos","isPartOf":{"@id":"https:\/\/lindy.com\/de\/#website"},"primaryImageOfPage":{"@id":"https:\/\/lindy.com\/de\/events-av-anwendungen\/#primaryimage"},"image":{"@id":"https:\/\/lindy.com\/de\/events-av-anwendungen\/#primaryimage"},"thumbnailUrl":"https:\/\/lindy.com\/de\/wp-content\/uploads\/sites\/3\/2020\/01\/38260_FW_new.jpg","datePublished":"2020-01-09T08:46:20+00:00","dateModified":"2020-02-17T15:45:11+00:00","description":"In einer Vielzahl unterschiedlicher Hot Spots im \u00f6ffentlichen Raum m\u00fcssen wichtige Informationen immer in hochaufl\u00f6senden AV-Formaten & kristallklarer Qualit\u00e4t zum richtigen Zeitpunkt verf\u00fcgbar sein.","breadcrumb":{"@id":"https:\/\/lindy.com\/de\/events-av-anwendungen\/#breadcrumb"},"inLanguage":"de-DE","potentialAction":[{"@type":"ReadAction","target":["https:\/\/lindy.com\/de\/events-av-anwendungen\/"]}]},{"@type":"ImageObject","inLanguage":"de-DE","@id":"https:\/\/lindy.com\/de\/events-av-anwendungen\/#primaryimage","url":"https:\/\/lindy.com\/de\/wp-content\/uploads\/sites\/3\/2020\/01\/38260_FW_new.jpg","contentUrl":"https:\/\/lindy.com\/de\/wp-content\/uploads\/sites\/3\/2020\/01\/38260_FW_new.jpg","width":1920,"height":1080},{"@type":"BreadcrumbList","@id":"https:\/\/lindy.com\/de\/events-av-anwendungen\/#breadcrumb","itemListElement":[{"@type":"ListItem","position":1,"name":"Home","item":"https:\/\/lindy.com\/de\/"},{"@type":"ListItem","position":2,"name":"Events-AV-Anwendungen"}]},{"@type":"WebSite","@id":"https:\/\/lindy.com\/de\/#website","url":"https:\/\/lindy.com\/de\/","name":"Lindy - German","description":"Connection Perfection","potentialAction":[{"@type":"SearchAction","target":{"@type":"EntryPoint","urlTemplate":"https:\/\/lindy.com\/de\/?s={search_term_string}"},"query-input":{"@type":"PropertyValueSpecification","valueRequired":true,"valueName":"search_term_string"}}],"inLanguage":"de-DE"}]}},"_links":{"self":[{"href":"https:\/\/lindy.com\/de\/wp-json\/wp\/v2\/pages\/1433","targetHints":{"allow":["GET"]}}],"collection":[{"href":"https:\/\/lindy.com\/de\/wp-json\/wp\/v2\/pages"}],"about":[{"href":"https:\/\/lindy.com\/de\/wp-json\/wp\/v2\/types\/page"}],"author":[{"embeddable":true,"href":"https:\/\/lindy.com\/de\/wp-json\/wp\/v2\/users\/20"}],"replies":[{"embeddable":true,"href":"https:\/\/lindy.com\/de\/wp-json\/wp\/v2\/comments?post=1433"}],"version-history":[{"count":0,"href":"https:\/\/lindy.com\/de\/wp-json\/wp\/v2\/pages\/1433\/revisions"}],"wp:attachment":[{"href":"https:\/\/lindy.com\/de\/wp-json\/wp\/v2\/media?parent=1433"}],"curies":[{"name":"wp","href":"https:\/\/api.w.org\/{rel}","templated":true}]}}