{"id":14971,"date":"2025-10-01T08:19:12","date_gmt":"2025-10-01T08:19:12","guid":{"rendered":"https:\/\/lindy.com\/de\/?page_id=14971"},"modified":"2025-10-08T07:52:07","modified_gmt":"2025-10-08T07:52:07","slug":"csr-packaging","status":"publish","type":"page","link":"https:\/\/lindy.com\/de\/csr-packaging\/","title":{"rendered":"CSR &#8211; Packaging"},"content":{"rendered":"\n<section class=\"wp-block-lindy-full-width-image section section--full-width-image full-width-image theme--dark align--right font--size-large\" style=\"background-image:url(https:\/\/lindy.com\/en\/wp-content\/uploads\/sites\/2\/2024\/07\/AdobeStock_276327214-scaled.jpeg)\"><img decoding=\"async\" class=\"full-width-image__image\" src=\"https:\/\/lindy.com\/en\/wp-content\/uploads\/sites\/2\/2024\/07\/AdobeStock_276327214-scaled.jpeg\"\/><div class=\"contained\"><div class=\"full-width-image__content\"><h2 class=\"section__heading\"><span>Unser Engagement f\u00fcr Nachhaltigkeit<\/span><\/h2><h2 class=\"section__subheading section__subheading__title\">GRS-zertifizierte <br\/>recycelte <br\/>Verpackung<br\/><\/h2><p class=\"section__strapline\"><br\/>Gemeinsam f\u00fcr eine nachhaltigere Zukunft<\/p><\/div><\/div><\/section>\n\n\n\n<section class=\"wp-block-lindy-image-text-module section section--full-width-image full-width-image--with-text theme--dark section--animation-none align--left  font--size-medium\" style=\"background-image:url()\"><img decoding=\"async\" class=\"full-width-image__image\" src=\"\"\/><div class=\"contained\"><div class=\"full-width-image__content\"><p class=\"section__paragraph\"><strong>Diese Seite in anderen L\u00e4ndern \/ Sprachen<\/strong><br\/><br\/>EU <mark style=\"background-color:rgba(0, 0, 0, 0);color:#FFFFFF\" class=\"has-inline-color\">&#8211; <a href=\"http:\/\/lindy.com\/eu\/csr-packaging\/\" target=\"_blank\" rel=\"noreferrer noopener\">Discover our sustainable packaging<\/a><br\/>F<\/mark>R <mark style=\"background-color:rgba(0, 0, 0, 0);color:#FFFFFF\" class=\"has-inline-color\">&#8211; <a href=\"https:\/\/lindy.com\/fr\/csr-packaging\/\" target=\"_blank\" rel=\"noreferrer noopener\">D\u00e9couvrez notre emballage durable<\/a><\/mark><br\/>ES &#8211; <a href=\"https:\/\/lindy.com\/es\/csr-packaging\/\" target=\"_blank\" rel=\"noreferrer noopener\">Descubre nuestro embalaje sostenible<\/a><br\/>UK &#8211; <a href=\"https:\/\/lindy.com\/en\/packaging-info\/\">Discover our sustainable packaging<\/a><\/p><a href=\"https:\/\/lindy.com\/de\/csr-hf\/#environment\" class=\"button button--white-transparent\" target=\"_self\" rel=\"noopener noreferrer\">Zur\u00fcck<\/a><\/div><\/div><\/section>\n\n\n\n<section class=\"wp-block-lindy-parallax-hero section parallax-hero theme--light align--center  font--size-medium\" style=\"background-image:url(https:\/\/lindy.com\/de\/wp-content\/uploads\/sites\/3\/2025\/08\/greenscreen_layer-1.png)\"><div class=\"contained contained--full-width\"><div class=\"parallax-hero__content\"><div class=\"parallax-hero__content-wrapper align--center\"><h2 class=\"section__heading\"><span><strong>WARUM GRS-ZERTIFIZIERTE<\/strong><\/span><\/h2><h2 class=\"section__subheading section__subheading__title\"><span style=\"color: inherit; font-size: 2.8125rem;\">RECYCELTE VERPACKUNGEN?<\/span><\/h2><p class=\"section__paragraph\"><br\/>Wir bei Lindy sind bestrebt, unseren \u00f6kologischen Fu\u00dfabdruck stetig zu verringern und Nachhaltigkeit in allen Bereichen unseres Unternehmens zu f\u00f6rdern. Im Rahmen dieses Engagements freuen wir uns, Ihnen unsere neuen GRS- (<strong>Gl<\/strong>obal <strong>R<\/strong>ecycled <strong>S<\/strong>tandard) zertifizierten recycelten Polybeutel vorzustellen.<\/p><\/div><\/div><\/div><\/section>\n\n\n\n<hr class=\"wp-block-separator aligncenter has-alpha-channel-opacity is-style-default\"\/>\n\n\n\n<section class=\"wp-block-lindy-parallax-hero section parallax-hero theme--light align--left  font--size-medium\" style=\"background-image:url(https:\/\/lindy.com\/de\/wp-content\/uploads\/sites\/3\/2025\/08\/greenscreen.jpg)\"><div class=\"contained contained--full-width\"><div class=\"parallax-hero__content\"><div class=\"parallax-hero__content-wrapper align--left\"><\/div><\/div><\/div><\/section>\n\n\n\n<section class=\"wp-block-lindy-parallax-hero section parallax-hero theme--light align--center  font--size-small\" style=\"background-image:url(https:\/\/lindy.com\/de\/wp-content\/uploads\/sites\/3\/2025\/08\/greenscreen_layer-1.png)\"><div class=\"contained contained--full-width\"><div class=\"parallax-hero__content\"><div class=\"parallax-hero__content-wrapper align--center\"><h2 class=\"section__heading\"><span><strong><strong>Global Recycled Standard <\/strong><\/strong><\/span><\/h2><h2 class=\"section__subheading section__subheading__title\">Zertifizierung<\/h2><p class=\"section__paragraph\"><br\/><br\/>Unsere recycelten Polybeutel sind GRS-zertifiziert und erf\u00fcllen strenge Umwelt-, Sozial- und Chemikalienanforderungen. Diese Zertifizierung garantiert, dass unsere Beutel aus recycelten Materialien hergestellt und verantwortungsvollen Produktionspraktiken folgen.<br\/><br\/><br\/><\/p><\/div><\/div><\/div><\/section>\n\n\n\n<section class=\"wp-block-lindy-image-text-module section section--full-width-image full-width-image--with-text theme--light section--animation-none align--left  font--size-small width--half\" style=\"background-image:url()\"><img decoding=\"async\" class=\"full-width-image__image\" src=\"\"\/><div class=\"contained\"><div class=\"full-width-image__content\"><h2 class=\"section__heading\"><span><br\/><br\/><strong>U<\/strong>mweltfreundliche<strong> <\/strong><\/span><\/h2><h2 class=\"section__subheading section__subheading__title\">Materialien<\/h2><p class=\"section__paragraph\"><br\/>Die Polybeutel werden aus recycelten Kunststoffen hergestellt, die nach dem Verbrauch gesammelt wurden. Dies hilft, Abfall zu reduzieren und die Nachfrage nach neuen Materialien zu verringern. Durch die Wahl recycelter Materialien tragen wir zu einer Kreislaufwirtschaft bei, in der Produkte wiederverwendet und umfunktioniert werden, um ihren \u00f6kologischen Fu\u00dfabdruck zu minimieren.<br\/><br\/><strong><mark style=\"background-color:rgba(0, 0, 0, 0)\" class=\"has-inline-color has-white-color\">Nachhaltige Produktion<\/mark><\/strong><br\/>Der Produktionsprozess unserer recycelten Polybeutel ist darauf ausgelegt, den Energieverbrauch zu minimieren und die Treibhausgasemissionen zu reduzieren. Wir arbeiten mit Lieferanten zusammen, die unser Engagement f\u00fcr nachhaltige Praktiken teilen, um sicherzustellen, dass unsere Produkte von Anfang bis Ende umweltfreundlich sind.<br\/><br\/><strong>Qualit\u00e4t<\/strong> <strong>und Haltbarkeit<\/strong><br\/>Unsere GRS-recycelten Polybeutel entsprechen den gleichen hohen Qualit\u00e4tsstandards wie unsere herk\u00f6mmlichen Beutel. Sie sind langlebig, zuverl\u00e4ssig und perfekt, um Ihre Produkte zu sch\u00fctzen und gleichzeitig umweltfreundlich zu sein.<br\/><\/p><\/div><\/div><\/section>\n\n\n\n<section class=\"wp-block-lindy-image-text-module section section--full-width-image full-width-image--with-text theme--light section--animation-none align--left  font--size-medium width--half\" style=\"background-image:url(https:\/\/lindy.com\/de\/wp-content\/uploads\/sites\/3\/2025\/09\/Polybags-Sustainability-scaled.jpg)\"><img decoding=\"async\" class=\"full-width-image__image\" src=\"https:\/\/lindy.com\/de\/wp-content\/uploads\/sites\/3\/2025\/09\/Polybags-Sustainability-scaled.jpg\"\/><div class=\"contained\"><div class=\"full-width-image__content\"><\/div><\/div><\/section>\n\n\n\n<section class=\"wp-block-lindy-parallax-hero section parallax-hero theme--dark align--left  font--size-medium\" style=\"background-image:url(https:\/\/lindy.com\/de\/wp-content\/uploads\/sites\/3\/2025\/09\/2025-05_Lindy-Sustainability-Strategy_Middle-East_China.pptx-2.png)\"><div class=\"contained contained--full-width\"><div class=\"parallax-hero__content\"><div class=\"parallax-hero__content-wrapper align--left\"><h2 class=\"section__heading\"><span><strong><h2>Wie SIe helfen k\u00f6nnen<\/h2><\/strong><\/span><\/h2><p class=\"section__paragraph\"><strong>Wiederverwenden<\/strong> <strong>und Recyceln<\/strong><br\/>Wir m\u00f6chten Sie ermutigen, unsere Polybeutel so oft wie m\u00f6glich wiederzuverwenden. Wenn sie das Ende ihres Lebenszyklus erreichen, recyceln Sie sie bitte ordnungsgem\u00e4\u00df, um sicherzustellen, dass sie weiterhin zu einer nachhaltigen Zukunft beitragen.<br\/><br\/><strong>Die Idee verbreiten<\/strong><br\/>Teilen Sie unser Engagement f\u00fcr Nachhaltigkeit mit Ihren Freunden und Ihrer Familie. Durch die Wahl von Produkten aus recycelten Materialien unterst\u00fctzen Sie eine gr\u00fcnere, nachhaltigere Welt.<\/p><\/div><\/div><\/div><\/section>\n\n\n\n<section class=\"wp-block-lindy-image-text-module section section--full-width-image full-width-image--with-text theme--light section--animation-none align--center  font--size-medium\" style=\"background-image:url()\"><img decoding=\"async\" class=\"full-width-image__image\" src=\"\"\/><div class=\"contained\"><div class=\"full-width-image__content\"><h2 class=\"section__heading\"><span><strong><h2>Gemeinsam f\u00fcr eine <br\/>nachhaltige Zukunft<span style=\"background-color: rgba(255, 255, 255, 0.2); color: inherit; font-size: 2.8125rem;\">!<\/span><\/h2><\/strong><\/span><\/h2><a href=\"https:\/\/lindy.com\/de\/csr-hf\/#environment\" class=\"button button--dark\" target=\"_self\" rel=\"noopener noreferrer\">Zur\u00fcck<\/a><\/div><\/div><\/section>\n\n\n\n<p><\/p>\n","protected":false},"excerpt":{"rendered":"","protected":false},"author":21,"featured_media":16899,"parent":0,"menu_order":0,"comment_status":"closed","ping_status":"closed","template":"page-templates\/template-landing.php","meta":{"_acf_changed":false,"footnotes":""},"class_list":["post-14971","page","type-page","status-publish","has-post-thumbnail","hentry"],"acf":[],"yoast_head":"<!-- This site is optimized with the Yoast SEO plugin v26.6 - https:\/\/yoast.com\/wordpress\/plugins\/seo\/ -->\n<title>CSR - Packaging - Lindy - German<\/title>\n<meta name=\"robots\" content=\"index, follow, max-snippet:-1, max-image-preview:large, max-video-preview:-1\" \/>\n<link rel=\"canonical\" href=\"https:\/\/lindy.com\/de\/csr-packaging\/\" \/>\n<meta property=\"og:locale\" content=\"de_DE\" \/>\n<meta property=\"og:type\" content=\"article\" \/>\n<meta property=\"og:title\" content=\"CSR - Packaging - Lindy - German\" \/>\n<meta property=\"og:url\" content=\"https:\/\/lindy.com\/de\/csr-packaging\/\" \/>\n<meta property=\"og:site_name\" content=\"Lindy - German\" \/>\n<meta property=\"article:modified_time\" content=\"2025-10-08T07:52:07+00:00\" \/>\n<meta property=\"og:image\" content=\"https:\/\/lindy.com\/de\/wp-content\/uploads\/sites\/3\/2025\/09\/plant1920-700.jpg\" \/>\n\t<meta property=\"og:image:width\" content=\"1920\" \/>\n\t<meta property=\"og:image:height\" content=\"707\" \/>\n\t<meta property=\"og:image:type\" content=\"image\/jpeg\" \/>\n<meta name=\"twitter:card\" content=\"summary_large_image\" \/>\n<meta name=\"twitter:label1\" content=\"Gesch\u00e4tzte Lesezeit\" \/>\n\t<meta name=\"twitter:data1\" content=\"3 Minuten\" \/>\n<script type=\"application\/ld+json\" class=\"yoast-schema-graph\">{\"@context\":\"https:\/\/schema.org\",\"@graph\":[{\"@type\":\"WebPage\",\"@id\":\"https:\/\/lindy.com\/de\/csr-packaging\/\",\"url\":\"https:\/\/lindy.com\/de\/csr-packaging\/\",\"name\":\"CSR - Packaging - Lindy - German\",\"isPartOf\":{\"@id\":\"https:\/\/lindy.com\/de\/#website\"},\"primaryImageOfPage\":{\"@id\":\"https:\/\/lindy.com\/de\/csr-packaging\/#primaryimage\"},\"image\":{\"@id\":\"https:\/\/lindy.com\/de\/csr-packaging\/#primaryimage\"},\"thumbnailUrl\":\"https:\/\/lindy.com\/de\/wp-content\/uploads\/sites\/3\/2025\/09\/plant1920-700.jpg\",\"datePublished\":\"2025-10-01T08:19:12+00:00\",\"dateModified\":\"2025-10-08T07:52:07+00:00\",\"breadcrumb\":{\"@id\":\"https:\/\/lindy.com\/de\/csr-packaging\/#breadcrumb\"},\"inLanguage\":\"de-DE\",\"potentialAction\":[{\"@type\":\"ReadAction\",\"target\":[\"https:\/\/lindy.com\/de\/csr-packaging\/\"]}]},{\"@type\":\"ImageObject\",\"inLanguage\":\"de-DE\",\"@id\":\"https:\/\/lindy.com\/de\/csr-packaging\/#primaryimage\",\"url\":\"https:\/\/lindy.com\/de\/wp-content\/uploads\/sites\/3\/2025\/09\/plant1920-700.jpg\",\"contentUrl\":\"https:\/\/lindy.com\/de\/wp-content\/uploads\/sites\/3\/2025\/09\/plant1920-700.jpg\",\"width\":1920,\"height\":707},{\"@type\":\"BreadcrumbList\",\"@id\":\"https:\/\/lindy.com\/de\/csr-packaging\/#breadcrumb\",\"itemListElement\":[{\"@type\":\"ListItem\",\"position\":1,\"name\":\"Home\",\"item\":\"https:\/\/lindy.com\/de\/\"},{\"@type\":\"ListItem\",\"position\":2,\"name\":\"CSR &#8211; Packaging\"}]},{\"@type\":\"WebSite\",\"@id\":\"https:\/\/lindy.com\/de\/#website\",\"url\":\"https:\/\/lindy.com\/de\/\",\"name\":\"Lindy - German\",\"description\":\"Connection Perfection\",\"potentialAction\":[{\"@type\":\"SearchAction\",\"target\":{\"@type\":\"EntryPoint\",\"urlTemplate\":\"https:\/\/lindy.com\/de\/?s={search_term_string}\"},\"query-input\":{\"@type\":\"PropertyValueSpecification\",\"valueRequired\":true,\"valueName\":\"search_term_string\"}}],\"inLanguage\":\"de-DE\"}]}<\/script>\n<!-- \/ Yoast SEO plugin. -->","yoast_head_json":{"title":"CSR - Packaging - Lindy - German","robots":{"index":"index","follow":"follow","max-snippet":"max-snippet:-1","max-image-preview":"max-image-preview:large","max-video-preview":"max-video-preview:-1"},"canonical":"https:\/\/lindy.com\/de\/csr-packaging\/","og_locale":"de_DE","og_type":"article","og_title":"CSR - Packaging - Lindy - German","og_url":"https:\/\/lindy.com\/de\/csr-packaging\/","og_site_name":"Lindy - German","article_modified_time":"2025-10-08T07:52:07+00:00","og_image":[{"width":1920,"height":707,"url":"https:\/\/lindy.com\/de\/wp-content\/uploads\/sites\/3\/2025\/09\/plant1920-700.jpg","type":"image\/jpeg"}],"twitter_card":"summary_large_image","twitter_misc":{"Gesch\u00e4tzte Lesezeit":"3 Minuten"},"schema":{"@context":"https:\/\/schema.org","@graph":[{"@type":"WebPage","@id":"https:\/\/lindy.com\/de\/csr-packaging\/","url":"https:\/\/lindy.com\/de\/csr-packaging\/","name":"CSR - Packaging - Lindy - German","isPartOf":{"@id":"https:\/\/lindy.com\/de\/#website"},"primaryImageOfPage":{"@id":"https:\/\/lindy.com\/de\/csr-packaging\/#primaryimage"},"image":{"@id":"https:\/\/lindy.com\/de\/csr-packaging\/#primaryimage"},"thumbnailUrl":"https:\/\/lindy.com\/de\/wp-content\/uploads\/sites\/3\/2025\/09\/plant1920-700.jpg","datePublished":"2025-10-01T08:19:12+00:00","dateModified":"2025-10-08T07:52:07+00:00","breadcrumb":{"@id":"https:\/\/lindy.com\/de\/csr-packaging\/#breadcrumb"},"inLanguage":"de-DE","potentialAction":[{"@type":"ReadAction","target":["https:\/\/lindy.com\/de\/csr-packaging\/"]}]},{"@type":"ImageObject","inLanguage":"de-DE","@id":"https:\/\/lindy.com\/de\/csr-packaging\/#primaryimage","url":"https:\/\/lindy.com\/de\/wp-content\/uploads\/sites\/3\/2025\/09\/plant1920-700.jpg","contentUrl":"https:\/\/lindy.com\/de\/wp-content\/uploads\/sites\/3\/2025\/09\/plant1920-700.jpg","width":1920,"height":707},{"@type":"BreadcrumbList","@id":"https:\/\/lindy.com\/de\/csr-packaging\/#breadcrumb","itemListElement":[{"@type":"ListItem","position":1,"name":"Home","item":"https:\/\/lindy.com\/de\/"},{"@type":"ListItem","position":2,"name":"CSR &#8211; Packaging"}]},{"@type":"WebSite","@id":"https:\/\/lindy.com\/de\/#website","url":"https:\/\/lindy.com\/de\/","name":"Lindy - German","description":"Connection Perfection","potentialAction":[{"@type":"SearchAction","target":{"@type":"EntryPoint","urlTemplate":"https:\/\/lindy.com\/de\/?s={search_term_string}"},"query-input":{"@type":"PropertyValueSpecification","valueRequired":true,"valueName":"search_term_string"}}],"inLanguage":"de-DE"}]}},"_links":{"self":[{"href":"https:\/\/lindy.com\/de\/wp-json\/wp\/v2\/pages\/14971","targetHints":{"allow":["GET"]}}],"collection":[{"href":"https:\/\/lindy.com\/de\/wp-json\/wp\/v2\/pages"}],"about":[{"href":"https:\/\/lindy.com\/de\/wp-json\/wp\/v2\/types\/page"}],"author":[{"embeddable":true,"href":"https:\/\/lindy.com\/de\/wp-json\/wp\/v2\/users\/21"}],"replies":[{"embeddable":true,"href":"https:\/\/lindy.com\/de\/wp-json\/wp\/v2\/comments?post=14971"}],"version-history":[{"count":154,"href":"https:\/\/lindy.com\/de\/wp-json\/wp\/v2\/pages\/14971\/revisions"}],"predecessor-version":[{"id":17465,"href":"https:\/\/lindy.com\/de\/wp-json\/wp\/v2\/pages\/14971\/revisions\/17465"}],"wp:featuredmedia":[{"embeddable":true,"href":"https:\/\/lindy.com\/de\/wp-json\/wp\/v2\/media\/16899"}],"wp:attachment":[{"href":"https:\/\/lindy.com\/de\/wp-json\/wp\/v2\/media?parent=14971"}],"curies":[{"name":"wp","href":"https:\/\/api.w.org\/{rel}","templated":true}]}}