{"id":15185,"date":"2025-06-02T14:03:43","date_gmt":"2025-06-02T14:03:43","guid":{"rendered":"https:\/\/lindy.com\/de\/?page_id=15185"},"modified":"2025-08-04T15:09:25","modified_gmt":"2025-08-04T15:09:25","slug":"case-study-golf-tech-systems-av-installation","status":"publish","type":"page","link":"https:\/\/lindy.com\/de\/case-study-golf-tech-systems-av-installation\/","title":{"rendered":"CASE STUDY GOLF TECH SYSTEMS"},"content":{"rendered":"\n<section class=\"wp-block-lindy-image-text-module section section--full-width-image full-width-image--with-text theme--dark section--animation-none align--center  font--size-large\" style=\"background-image:url(https:\/\/lindy.com\/fr\/wp-content\/uploads\/sites\/4\/2025\/05\/Golf-Tech-Systems_header.jpg)\"><img decoding=\"async\" class=\"full-width-image__image\" src=\"https:\/\/lindy.com\/fr\/wp-content\/uploads\/sites\/4\/2025\/05\/Golf-Tech-Systems_header.jpg\"\/><div class=\"contained\"><div class=\"full-width-image__content\"><h2 class=\"section__heading\"><span>FROM TEE TO GREEN<\/span><\/h2><h2 class=\"section__subheading section__subheading__title\">CONNECTION PERFECTION VON LINDY<\/h2><\/div><\/div><\/section>\n\n\n\n<section class=\"wp-block-lindy-image-text-module section section--full-width-image full-width-image--with-text theme--dark section--animation-none align--center font--camber font--size-medium\" style=\"background-image:url()\"><img decoding=\"async\" class=\"full-width-image__image\" src=\"\"\/><div class=\"contained\"><div class=\"full-width-image__content\"><h2 class=\"section__subheading section__subheading__title\">NAHTLOSE AV-INSTALLATION \u2013 BESTES SPIELERLEBNIS<\/h2><p class=\"section__paragraph\"><br\/>Golf Tech Systems, ein f\u00fchrender Anbieter hochwertiger Golfsimulatoren f\u00fcr Profis und Privatkunden, ben\u00f6tigte eine zuverl\u00e4ssige, einheitliche Verkabelungsl\u00f6sung zur Optimierung seiner Installationen. Lindy lieferte leistungsstarke Kabel und Adapter, die eine stabile Signal\u00fcbertragung, h\u00f6chste Zuverl\u00e4ssigkeit innerhalb der AV-Installation und so ein signifikant verbessertes Benutzererlebnis erm\u00f6glichten.<\/p><\/div><\/div><\/section>\n\n\n\n<section class=\"wp-block-lindy-image-text-module section section--full-width-image full-width-image--with-text theme--dark section--animation-none align--left  font--size-medium width--half\" style=\"background-image:url(https:\/\/lindy.com\/fr\/wp-content\/uploads\/sites\/4\/2025\/05\/Challenge_1.jpg)\"><img decoding=\"async\" class=\"full-width-image__image\" src=\"https:\/\/lindy.com\/fr\/wp-content\/uploads\/sites\/4\/2025\/05\/Challenge_1.jpg\"\/><div class=\"contained\"><div class=\"full-width-image__content\"><\/div><\/div><\/section>\n\n\n\n<section class=\"wp-block-lindy-image-text-module section section--full-width-image full-width-image--with-text theme--light section--animation-none align--left  font--size-medium width--half\" style=\"background-image:url()\"><img decoding=\"async\" class=\"full-width-image__image\" src=\"\"\/><div class=\"contained\"><div class=\"full-width-image__content\"><h2 class=\"section__heading\"><span>DIE HERAUSFORDERUNG<\/span><\/h2><p class=\"section__paragraph\"><br\/><strong>Die fehlende Standardisierung der Verkabelung<br\/>stellte ein erhebliches Hindernis bei Installation<br\/>und Fehlerdiagnose dar.<\/strong><br\/><br\/>Da Golf Tech Systems Projekte sowohl in privaten Wohnbereichen als auch in gro\u00df angelegten kommerziellen Installationen realisiert, war die Anforderung klar: Hochleistungsf\u00e4hige HDMI\u00ae- und USB-Kabel, die auch bei gr\u00f6\u00dferen Entfernungen stabile Verbindungen gew\u00e4hrleisten.<\/p><\/div><\/div><\/section>\n\n\n\n<section class=\"wp-block-lindy-image-text-module section section--full-width-image full-width-image--with-text theme--light section--animation-none align--left  font--size-medium width--half\" style=\"background-image:url()\"><img decoding=\"async\" class=\"full-width-image__image\" src=\"\"\/><div class=\"contained\"><div class=\"full-width-image__content\"><h2 class=\"section__heading\"><span>DIE L\u00d6SUNG VON LINDY<\/span><\/h2><p class=\"section__paragraph\"><br\/>Lindy stellte eine Reihe hochwertiger Komponenten zur Verf\u00fcgung \u2013 darunter Kabel, Extender, Matrix- Switches und Adapter \u2013 um eine durchg\u00e4ngige und zuverl\u00e4ssige <br\/>AV-Konnektivit\u00e4t zwischen Monitoren, Projektoren und weiteren Systemkomponenten zu gew\u00e4hrleisten. <br\/>Aufgrund der hohen Qualit\u00e4t und Flexibilit\u00e4t wurden Lindy-Produkte in die Standardkonfiguration von Golf Tech Systems \u00fcbernommen und kommen seither regelm\u00e4\u00dfig in verschiedensten Setups zum Einsatz.<\/p><\/div><\/div><\/section>\n\n\n\n<section class=\"wp-block-lindy-image-text-module section section--full-width-image full-width-image--with-text theme--light section--animation-none align--left  font--size-medium width--half\" style=\"background-image:url(https:\/\/lindy.com\/fr\/wp-content\/uploads\/sites\/4\/2025\/05\/Golf-Tech-SystemsxLindy.png)\"><img decoding=\"async\" class=\"full-width-image__image\" src=\"https:\/\/lindy.com\/fr\/wp-content\/uploads\/sites\/4\/2025\/05\/Golf-Tech-SystemsxLindy.png\"\/><div class=\"contained\"><div class=\"full-width-image__content\"><\/div><\/div><\/section>\n\n\n\n<section class=\"wp-block-lindy-heading-text section section--heading-text theme--dark align--center  font--size-medium section--animation-none\"><div class=\"contained\"><h2 class=\"section__heading\"><span><br\/>H\u00c4UFIG VERWENDETE PRODUKTE<\/span><\/h2><h2 class=\"section__subheading section__subheading__title\"><br\/><\/h2><\/div><\/section>\n\n\n\n<section class=\"wp-block-lindy-image-text-module section section--full-width-image full-width-image--with-text theme--dark section--animation-none align--left  font--size-medium width--half\" style=\"background-image:url()\"><img decoding=\"async\" class=\"full-width-image__image\" src=\"\"\/><div class=\"contained\"><div class=\"full-width-image__content\"><p class=\"section__paragraph\"><strong>No. 41072 &#8211; Aktives 15m HDMI\u00ae 4K60 Kabel<\/strong><br\/><br\/>F\u00fcr hochaufl\u00f6sendes 4K-Streaming \u00fcber gro\u00dfe<br\/>Entfernungen \u2013 ideal f\u00fcr flexible Installationen.<\/p><a href=\"https:\/\/www.lindy.de\/?websale8=ld0101.ld011101&amp;pi=41072&amp;etcc_cmp=LP-GolfTech&amp;etcc_med=WebSite-DE\" class=\"button button--white-transparent\" target=\"_self\" rel=\"noopener noreferrer\">SHOP ONLINE<\/a><\/div><\/div><\/section>\n\n\n\n<section class=\"wp-block-lindy-image-text-module section section--full-width-image full-width-image--with-text theme--dark section--animation-none align--left  font--size-medium width--half\" style=\"background-image:url(https:\/\/lindy.com\/fr\/wp-content\/uploads\/sites\/4\/2025\/05\/41072_HW.jpg)\"><img decoding=\"async\" class=\"full-width-image__image\" src=\"https:\/\/lindy.com\/fr\/wp-content\/uploads\/sites\/4\/2025\/05\/41072_HW.jpg\"\/><div class=\"contained\"><div class=\"full-width-image__content\"><\/div><\/div><\/section>\n\n\n\n<section class=\"wp-block-lindy-image-text-module section section--full-width-image full-width-image--with-text theme--dark section--animation-none align--left  font--size-medium width--half\" style=\"background-image:url(https:\/\/lindy.com\/fr\/wp-content\/uploads\/sites\/4\/2025\/05\/36965_HW.jpg)\"><img decoding=\"async\" class=\"full-width-image__image\" src=\"https:\/\/lindy.com\/fr\/wp-content\/uploads\/sites\/4\/2025\/05\/36965_HW.jpg\"\/><div class=\"contained\"><div class=\"full-width-image__content\"><\/div><\/div><\/section>\n\n\n\n<section class=\"wp-block-lindy-image-text-module section section--full-width-image full-width-image--with-text theme--light section--animation-none align--left  font--size-medium width--half\" style=\"background-image:url()\"><img decoding=\"async\" class=\"full-width-image__image\" src=\"\"\/><div class=\"contained\"><div class=\"full-width-image__content\"><p class=\"section__paragraph\"><strong>No. 36965 &#8211; 5m HDMI\u00ae High Speed Kabel, Anthra Line<\/strong><br\/><br\/>Verbindung zu hochaufl\u00f6senden Bildschirmen f\u00fcr hochperformante AV-Anwendungen<\/p><a href=\"https:\/\/www.lindy.de\/?websale8=ld0101.ld011101&amp;pi=36965&amp;etcc_cmp=LP-GolfTech&amp;etcc_med=WebSite-DE\" class=\"button button--dark\" target=\"_self\" rel=\"noopener noreferrer\">SHOP ONLINE<\/a><\/div><\/div><\/section>\n\n\n\n<section class=\"wp-block-lindy-image-text-module section section--full-width-image full-width-image--with-text theme--dark section--animation-none align--left  font--size-medium width--half\" style=\"background-image:url()\"><img decoding=\"async\" class=\"full-width-image__image\" src=\"\"\/><div class=\"contained\"><div class=\"full-width-image__content\"><p class=\"section__paragraph\"><strong>No. 43157 &#8211; 10m USB 3.0 Aktivverl\u00e4ngerung Pro<\/strong><br\/><br\/>Hochleistungsf\u00e4hige USB-Verl\u00e4ngerung mit 5 Gbit\/s \u00dcbertragungsrate, kaskadierbar.<\/p><a href=\"https:\/\/www.lindy.de\/?websale8=ld0101.ld011101&amp;pi=43157&amp;etcc_cmp=LP-GolfTech&amp;etcc_med=WebSite-DE\" class=\"button button--white-transparent\" target=\"_self\" rel=\"noopener noreferrer\">SHOP ONLINE<\/a><\/div><\/div><\/section>\n\n\n\n<section class=\"wp-block-lindy-image-text-module section section--full-width-image full-width-image--with-text theme--dark section--animation-none align--left  font--size-medium width--half\" style=\"background-image:url(https:\/\/lindy.com\/fr\/wp-content\/uploads\/sites\/4\/2025\/05\/43157_HW2.jpg)\"><img decoding=\"async\" class=\"full-width-image__image\" src=\"https:\/\/lindy.com\/fr\/wp-content\/uploads\/sites\/4\/2025\/05\/43157_HW2.jpg\"\/><div class=\"contained\"><div class=\"full-width-image__content\"><\/div><\/div><\/section>\n\n\n\n<section class=\"wp-block-lindy-image-text-module section section--full-width-image full-width-image--with-text theme--dark section--animation-none align--left  font--size-medium width--half\" style=\"background-image:url(https:\/\/lindy.com\/fr\/wp-content\/uploads\/sites\/4\/2025\/05\/38084_HW.jpg)\"><img decoding=\"async\" class=\"full-width-image__image\" src=\"https:\/\/lindy.com\/fr\/wp-content\/uploads\/sites\/4\/2025\/05\/38084_HW.jpg\"\/><div class=\"contained\"><div class=\"full-width-image__content\"><\/div><\/div><\/section>\n\n\n\n<section class=\"wp-block-lindy-image-text-module section section--full-width-image full-width-image--with-text theme--light section--animation-none align--left  font--size-medium width--half\" style=\"background-image:url()\"><img decoding=\"async\" class=\"full-width-image__image\" src=\"\"\/><div class=\"contained\"><div class=\"full-width-image__content\"><p class=\"section__paragraph\"><strong>No. 38084 &#8211; 4&#215;2 HDMI\u00ae 4K60 Matrix<\/strong><br\/><br\/>Flexible Umschaltung zwischen vier HDMI\u00ae-Quellen und zwei Displays, inklusive Audioextraktion.<\/p><a href=\"https:\/\/www.lindy.de\/?websale8=ld0101.ld011101&amp;pi=38084&amp;etcc_cmp=LP-GolfTech&amp;etcc_med=WebSite-DE\" class=\"button button--dark\" target=\"_self\" rel=\"noopener noreferrer\">SHOP ONLINE<\/a><\/div><\/div><\/section>\n\n\n\n<section class=\"wp-block-lindy-parallax-hero section parallax-hero theme--dark align--left font--camber font--size-medium\" style=\"background-image:url(https:\/\/lindy.com\/fr\/wp-content\/uploads\/sites\/4\/2025\/05\/1906021.jpg)\"><div class=\"contained contained--full-width\"><div class=\"parallax-hero__content\"><div class=\"parallax-hero__content-wrapper align--left\"><h2 class=\"section__subheading section__subheading__title\">\u201cINTEGRATING LINDY&#8217;S HIGH-QUALITY CABLES INTO OUR SETUP GIVES BOTH US AND OUR CLIENTS CONFIDENCE IN THE CONNECTIVITY OF ALL HIGH-END COMPONENTS IN A GOLF SIMULATOR;\u201d<\/h2><p class=\"section__paragraph\"><br\/>Neil Millin, Golf Tech Systems, Project Manager<\/p><\/div><\/div><\/div><\/section>\n\n\n\n<section class=\"wp-block-lindy-heading-text section section--heading-text theme--light align--center  font--size-medium section--animation-none\"><div class=\"contained\"><h2 class=\"section__heading\"><span>ERGEBNISSE UND VORTEILE<\/span><\/h2><\/div><\/section>\n\n\n\n<section class=\"wp-block-lindy-key-info section section--key-info theme--light section--animation-none\"><div class=\"contained\"><div class=\"grid-2_sm-1-center\"><div class=\"col left_item\"><div class=\"box\"><h3 class=\"section__heading\"><\/h3><div class=\"section__content\"><p class=\"section__content\">Die Nutzung von Lindy-Kabeln erm\u00f6glichte eine zuverl\u00e4ssige Signal\u00fcbertragung \u00fcber weite<br\/>Strecken hinweg \u2013 ohne Qualit\u00e4tsverlust.<br\/>Hochaufl\u00f6sende Videoausgabe und nahtlose Kommunikation zwischen Monitoren, Projektoren und s\u00e4mtlichen anderen Komponenten wurden dadurch m\u00f6glich und boten so dem Kunden ein fl\u00fcssiges und immersives Golfsimulationserlebnis.<\/p><\/div><\/div><\/div><div class=\"col right_item\"><div class=\"box\"><h3 class=\"section__heading\"><\/h3><div class=\"section__content\"><p class=\"section__content\">Dar\u00fcber hinaus \u00fcberzeugte die L\u00f6sung durch:<br\/><br\/>\u2022 Vereinfachte Installationsprozesse<br\/>\u2022 Reduzierte Gesamtkosten f\u00fcr Installationen<br\/>\u2022 Skalierbarkeit &amp; Flexibilit\u00e4t f\u00fcr unterschiedliche Raumgr\u00f6\u00dfen und Systemanforderungen<br\/>\u2022 Hohe Kundenzufriedenheit<\/p><\/div><\/div><\/div><\/div><\/div><\/section>\n\n\n\n<section class=\"wp-block-lindy-parallax-hero section parallax-hero theme--light align--left  font--size-medium\" style=\"background-image:url(https:\/\/lindy.com\/de\/wp-content\/uploads\/sites\/3\/2025\/05\/DE_Golf.png)\"><div class=\"contained contained--full-width\"><div class=\"parallax-hero__content\"><div class=\"parallax-hero__content-wrapper align--left\"><\/div><\/div><\/div><\/section>\n\n\n\n<section class=\"wp-block-lindy-heading-text section section--heading-text theme--light align--center  font--size-medium section--animation-none\"><div class=\"contained\"><h2 class=\"section__heading\"><span>fazit<\/span><\/h2><\/div><\/section>\n\n\n\n<section class=\"wp-block-lindy-key-info section section--key-info theme--light section--animation-none\"><div class=\"contained\"><div class=\"grid-2_sm-1-center\"><div class=\"col left_item\"><div class=\"box\"><h3 class=\"section__heading\">ERFOLGREICHE PROJEKTUMSETZUNG<\/h3><div class=\"section__content\"><p class=\"section__content\">Dank der hochwertigen Verkabelungsl\u00f6sungen von Lindy konnte Golf Tech Systems seine Systemkonfigurationen standardisieren, die Effizienz steigern und die Verl\u00e4sslichkeit der Simulator-Installationen deutlich verbessern.<\/p><\/div><\/div><\/div><div class=\"col right_item\"><div class=\"box\"><h3 class=\"section__heading\">Branchenrelevanz<\/h3><div class=\"section__content\"><p class=\"section__content\">Diese Case Study verdeutlicht, wie Lindy durch technisches Know-how und Produktqualit\u00e4t den Anforderungen spezialisierter AV-Installationen gerecht wird. Die Flexibilit\u00e4t der Komponenten erm\u00f6glicht ma\u00dfgeschneiderte L\u00f6sungen f\u00fcr unterschiedlichste Raumkonzepte \u2013 eine ideale Wahl f\u00fcr Unternehmen, welche auf eine robuste, skalierbare und zukunftssichere AV-Infrastruktur<br\/>angewiesen sind.<\/p><\/div><\/div><\/div><\/div><\/div><\/section>\n\n\n\n<section class=\"wp-block-lindy-image-text-module section section--full-width-image full-width-image--with-text theme--dark section--animation-none align--left  font--size-medium width--half\" style=\"background-image:url(https:\/\/lindy.com\/de\/wp-content\/uploads\/sites\/3\/2025\/06\/Mock-up-case-sudy-Golftech.jpg)\"><img decoding=\"async\" class=\"full-width-image__image\" src=\"https:\/\/lindy.com\/de\/wp-content\/uploads\/sites\/3\/2025\/06\/Mock-up-case-sudy-Golftech.jpg\"\/><div class=\"contained\"><div class=\"full-width-image__content\"><\/div><\/div><\/section>\n\n\n\n<section class=\"wp-block-lindy-image-text-module section section--full-width-image full-width-image--with-text theme--dark section--animation-none align--center  font--size-small width--half\" style=\"background-image:url()\"><img decoding=\"async\" class=\"full-width-image__image\" src=\"\"\/><div class=\"contained\"><div class=\"full-width-image__content\"><h2 class=\"section__subheading section__subheading__title\">Hat Sie diese Fallstudie inspiriert oder neue Impulse gegeben?<\/h2><p class=\"section__paragraph\"><br\/><strong>Laden Sie die PDF-Version ganz einfach <\/strong><br\/><strong>mit einem Klick herunter.<\/strong><\/p><a href=\"https:\/\/lindy.com\/de\/wp-content\/uploads\/sites\/3\/2025\/05\/Lindy-x-Golf-Tech-Systems-Case-Study-DE-1.pdf\" class=\"button button--white-transparent\" target=\"_blank\" rel=\"noopener noreferrer\">\ud83d\udce5 Jetzt herunterladen<\/a><\/div><\/div><\/section>\n","protected":false},"excerpt":{"rendered":"","protected":false},"author":28,"featured_media":0,"parent":0,"menu_order":0,"comment_status":"closed","ping_status":"closed","template":"page-templates\/template-landing.php","meta":{"_acf_changed":false,"footnotes":""},"class_list":["post-15185","page","type-page","status-publish","hentry"],"acf":[],"yoast_head":"<!-- This site is optimized with the Yoast SEO plugin v26.6 - https:\/\/yoast.com\/wordpress\/plugins\/seo\/ -->\n<title>CASE STUDY GOLF TECH SYSTEMS - Lindy - German \u2013 AV-Installation<\/title>\n<meta name=\"description\" content=\"Lindy liefert leistungsstarke Kabel und Adapter, die eine stabile AV-\u00dcbertragung, und ein signifikant besseres Benutzererlebnis erm\u00f6glichen.\" \/>\n<meta name=\"robots\" content=\"index, follow, max-snippet:-1, max-image-preview:large, max-video-preview:-1\" \/>\n<link rel=\"canonical\" href=\"https:\/\/lindy.com\/de\/case-study-golf-tech-systems-av-installation\/\" \/>\n<meta property=\"og:locale\" content=\"de_DE\" \/>\n<meta property=\"og:type\" content=\"article\" \/>\n<meta property=\"og:title\" content=\"CASE STUDY GOLF TECH SYSTEMS - Lindy - German \u2013 AV-Installation\" \/>\n<meta property=\"og:description\" content=\"Lindy liefert leistungsstarke Kabel und Adapter, die eine stabile AV-\u00dcbertragung, und ein signifikant besseres Benutzererlebnis erm\u00f6glichen.\" \/>\n<meta property=\"og:url\" content=\"https:\/\/lindy.com\/de\/case-study-golf-tech-systems-av-installation\/\" \/>\n<meta property=\"og:site_name\" content=\"Lindy - German\" \/>\n<meta property=\"article:modified_time\" content=\"2025-08-04T15:09:25+00:00\" \/>\n<meta property=\"og:image\" content=\"https:\/\/lindy.com\/fr\/wp-content\/uploads\/sites\/4\/2025\/05\/Golf-Tech-Systems_header.jpg\" \/>\n<meta name=\"twitter:card\" content=\"summary_large_image\" \/>\n<meta name=\"twitter:label1\" content=\"Gesch\u00e4tzte Lesezeit\" \/>\n\t<meta name=\"twitter:data1\" content=\"6 Minuten\" \/>\n<script type=\"application\/ld+json\" class=\"yoast-schema-graph\">{\"@context\":\"https:\/\/schema.org\",\"@graph\":[{\"@type\":\"WebPage\",\"@id\":\"https:\/\/lindy.com\/de\/case-study-golf-tech-systems-av-installation\/\",\"url\":\"https:\/\/lindy.com\/de\/case-study-golf-tech-systems-av-installation\/\",\"name\":\"CASE STUDY GOLF TECH SYSTEMS - Lindy - German \u2013 AV-Installation\",\"isPartOf\":{\"@id\":\"https:\/\/lindy.com\/de\/#website\"},\"primaryImageOfPage\":{\"@id\":\"https:\/\/lindy.com\/de\/case-study-golf-tech-systems-av-installation\/#primaryimage\"},\"image\":{\"@id\":\"https:\/\/lindy.com\/de\/case-study-golf-tech-systems-av-installation\/#primaryimage\"},\"thumbnailUrl\":\"https:\/\/lindy.com\/fr\/wp-content\/uploads\/sites\/4\/2025\/05\/Golf-Tech-Systems_header.jpg\",\"datePublished\":\"2025-06-02T14:03:43+00:00\",\"dateModified\":\"2025-08-04T15:09:25+00:00\",\"description\":\"Lindy liefert leistungsstarke Kabel und Adapter, die eine stabile AV-\u00dcbertragung, und ein signifikant besseres Benutzererlebnis erm\u00f6glichen.\",\"breadcrumb\":{\"@id\":\"https:\/\/lindy.com\/de\/case-study-golf-tech-systems-av-installation\/#breadcrumb\"},\"inLanguage\":\"de-DE\",\"potentialAction\":[{\"@type\":\"ReadAction\",\"target\":[\"https:\/\/lindy.com\/de\/case-study-golf-tech-systems-av-installation\/\"]}]},{\"@type\":\"ImageObject\",\"inLanguage\":\"de-DE\",\"@id\":\"https:\/\/lindy.com\/de\/case-study-golf-tech-systems-av-installation\/#primaryimage\",\"url\":\"https:\/\/lindy.com\/fr\/wp-content\/uploads\/sites\/4\/2025\/05\/Golf-Tech-Systems_header.jpg\",\"contentUrl\":\"https:\/\/lindy.com\/fr\/wp-content\/uploads\/sites\/4\/2025\/05\/Golf-Tech-Systems_header.jpg\"},{\"@type\":\"BreadcrumbList\",\"@id\":\"https:\/\/lindy.com\/de\/case-study-golf-tech-systems-av-installation\/#breadcrumb\",\"itemListElement\":[{\"@type\":\"ListItem\",\"position\":1,\"name\":\"Home\",\"item\":\"https:\/\/lindy.com\/de\/\"},{\"@type\":\"ListItem\",\"position\":2,\"name\":\"CASE STUDY GOLF TECH SYSTEMS\"}]},{\"@type\":\"WebSite\",\"@id\":\"https:\/\/lindy.com\/de\/#website\",\"url\":\"https:\/\/lindy.com\/de\/\",\"name\":\"Lindy - German\",\"description\":\"Connection Perfection\",\"potentialAction\":[{\"@type\":\"SearchAction\",\"target\":{\"@type\":\"EntryPoint\",\"urlTemplate\":\"https:\/\/lindy.com\/de\/?s={search_term_string}\"},\"query-input\":{\"@type\":\"PropertyValueSpecification\",\"valueRequired\":true,\"valueName\":\"search_term_string\"}}],\"inLanguage\":\"de-DE\"}]}<\/script>\n<!-- \/ Yoast SEO plugin. -->","yoast_head_json":{"title":"CASE STUDY GOLF TECH SYSTEMS - Lindy - German \u2013 AV-Installation","description":"Lindy liefert leistungsstarke Kabel und Adapter, die eine stabile AV-\u00dcbertragung, und ein signifikant besseres Benutzererlebnis erm\u00f6glichen.","robots":{"index":"index","follow":"follow","max-snippet":"max-snippet:-1","max-image-preview":"max-image-preview:large","max-video-preview":"max-video-preview:-1"},"canonical":"https:\/\/lindy.com\/de\/case-study-golf-tech-systems-av-installation\/","og_locale":"de_DE","og_type":"article","og_title":"CASE STUDY GOLF TECH SYSTEMS - Lindy - German \u2013 AV-Installation","og_description":"Lindy liefert leistungsstarke Kabel und Adapter, die eine stabile AV-\u00dcbertragung, und ein signifikant besseres Benutzererlebnis erm\u00f6glichen.","og_url":"https:\/\/lindy.com\/de\/case-study-golf-tech-systems-av-installation\/","og_site_name":"Lindy - German","article_modified_time":"2025-08-04T15:09:25+00:00","og_image":[{"url":"https:\/\/lindy.com\/fr\/wp-content\/uploads\/sites\/4\/2025\/05\/Golf-Tech-Systems_header.jpg","type":"","width":"","height":""}],"twitter_card":"summary_large_image","twitter_misc":{"Gesch\u00e4tzte Lesezeit":"6 Minuten"},"schema":{"@context":"https:\/\/schema.org","@graph":[{"@type":"WebPage","@id":"https:\/\/lindy.com\/de\/case-study-golf-tech-systems-av-installation\/","url":"https:\/\/lindy.com\/de\/case-study-golf-tech-systems-av-installation\/","name":"CASE STUDY GOLF TECH SYSTEMS - Lindy - German \u2013 AV-Installation","isPartOf":{"@id":"https:\/\/lindy.com\/de\/#website"},"primaryImageOfPage":{"@id":"https:\/\/lindy.com\/de\/case-study-golf-tech-systems-av-installation\/#primaryimage"},"image":{"@id":"https:\/\/lindy.com\/de\/case-study-golf-tech-systems-av-installation\/#primaryimage"},"thumbnailUrl":"https:\/\/lindy.com\/fr\/wp-content\/uploads\/sites\/4\/2025\/05\/Golf-Tech-Systems_header.jpg","datePublished":"2025-06-02T14:03:43+00:00","dateModified":"2025-08-04T15:09:25+00:00","description":"Lindy liefert leistungsstarke Kabel und Adapter, die eine stabile AV-\u00dcbertragung, und ein signifikant besseres Benutzererlebnis erm\u00f6glichen.","breadcrumb":{"@id":"https:\/\/lindy.com\/de\/case-study-golf-tech-systems-av-installation\/#breadcrumb"},"inLanguage":"de-DE","potentialAction":[{"@type":"ReadAction","target":["https:\/\/lindy.com\/de\/case-study-golf-tech-systems-av-installation\/"]}]},{"@type":"ImageObject","inLanguage":"de-DE","@id":"https:\/\/lindy.com\/de\/case-study-golf-tech-systems-av-installation\/#primaryimage","url":"https:\/\/lindy.com\/fr\/wp-content\/uploads\/sites\/4\/2025\/05\/Golf-Tech-Systems_header.jpg","contentUrl":"https:\/\/lindy.com\/fr\/wp-content\/uploads\/sites\/4\/2025\/05\/Golf-Tech-Systems_header.jpg"},{"@type":"BreadcrumbList","@id":"https:\/\/lindy.com\/de\/case-study-golf-tech-systems-av-installation\/#breadcrumb","itemListElement":[{"@type":"ListItem","position":1,"name":"Home","item":"https:\/\/lindy.com\/de\/"},{"@type":"ListItem","position":2,"name":"CASE STUDY GOLF TECH SYSTEMS"}]},{"@type":"WebSite","@id":"https:\/\/lindy.com\/de\/#website","url":"https:\/\/lindy.com\/de\/","name":"Lindy - German","description":"Connection Perfection","potentialAction":[{"@type":"SearchAction","target":{"@type":"EntryPoint","urlTemplate":"https:\/\/lindy.com\/de\/?s={search_term_string}"},"query-input":{"@type":"PropertyValueSpecification","valueRequired":true,"valueName":"search_term_string"}}],"inLanguage":"de-DE"}]}},"_links":{"self":[{"href":"https:\/\/lindy.com\/de\/wp-json\/wp\/v2\/pages\/15185","targetHints":{"allow":["GET"]}}],"collection":[{"href":"https:\/\/lindy.com\/de\/wp-json\/wp\/v2\/pages"}],"about":[{"href":"https:\/\/lindy.com\/de\/wp-json\/wp\/v2\/types\/page"}],"author":[{"embeddable":true,"href":"https:\/\/lindy.com\/de\/wp-json\/wp\/v2\/users\/28"}],"replies":[{"embeddable":true,"href":"https:\/\/lindy.com\/de\/wp-json\/wp\/v2\/comments?post=15185"}],"version-history":[{"count":28,"href":"https:\/\/lindy.com\/de\/wp-json\/wp\/v2\/pages\/15185\/revisions"}],"predecessor-version":[{"id":16531,"href":"https:\/\/lindy.com\/de\/wp-json\/wp\/v2\/pages\/15185\/revisions\/16531"}],"wp:attachment":[{"href":"https:\/\/lindy.com\/de\/wp-json\/wp\/v2\/media?parent=15185"}],"curies":[{"name":"wp","href":"https:\/\/api.w.org\/{rel}","templated":true}]}}