{"id":152,"date":"2018-11-13T13:39:24","date_gmt":"2018-11-13T13:39:24","guid":{"rendered":"https:\/\/lindy.com\/de\/?page_id=152"},"modified":"2019-01-09T11:21:04","modified_gmt":"2019-01-09T11:21:04","slug":"compliance","status":"publish","type":"page","link":"https:\/\/lindy.com\/de\/compliance\/","title":{"rendered":"Compliance"},"content":{"rendered":"<h1>RoHS-, WEEE- &amp; EuP-Richtlinie, ElektroG<\/h1>\n<p>Restriction of Hazardous Substances (RoHS)<br \/>\nWaste Electrical and Electronic Equipment (WEEE)<br \/>\nEco-Design Requirements for Energy Using Products (EuP)<br \/>\nGesetz \u00fcber die R\u00fccknahme und umweltvertr\u00e4gliche Entsorgung von Elektro- und Elektronikger\u00e4ten (ElektroG)<\/p>\n<p>Sehr geehrte Damen und Herren, sehr geehrte Kunden,<\/p>\n<p>als eines der renommiertesten Unternehmen in unserem Marktsegment ist es f\u00fcr uns selbstverst\u00e4ndlich, keine Produkte in Verkehr zu bringen, die einschl\u00e4gigen Richtlinien und Gesetzen nicht entsprechen.<\/p>\n<p><strong>Anforderungen des ElektroG \/ RoHS2-Richtlinie:<br \/>\n<\/strong>Nicht RoHS-kompatible Produkte d\u00fcrfen seit dem 1.7.2006 in Europa nicht mehr in Verkehr gebracht werden. Im Januar 2013 trat die RoHS2 Richtlinie in Kraft, die u.a. f\u00fcr bisher von RoHS ausgenommene Produktarten \u00dcbergangsfristen bis 2019 regelt und Kabel mit Steckern definitiv einbezieht. Ab 22. Juli 2019 kommen 4 weitere verbotene RoHS-Substanzen hinzu. Bis zu diesem Datum werden wir unsere Produkte entsprechend angepasst haben. Seit Januar 2013 werden RoHS-Produkte mit dem CE-Logo gekennzeichnet und unsere CE-Konformit\u00e4tserkl\u00e4rung deklarieret auch die RoHS-Kompatibilit\u00e4t. Bei berechtigtem Interesse stellen wir ihnen die Konformit\u00e4tserkl\u00e4rungen auf Anfrage zur Verf\u00fcgung.<\/p>\n<p><strong>Anforderungen der EuP-Richtlinie:<br \/>\n<\/strong>Der EuP-Richtlinie der EU sowie dem deutschen EBPG (Energiebetriebene Produkte-Gesetz) tragen wir bei der Entwicklung unserer Produkte Rechnung und legen grunds\u00e4tzlich eine ressourcenschonende und energieeffiziente Produktgestaltung zu Grunde.<\/p>\n<p><strong>Anforderungen des ElektroG \/ WEEE-Richtlinie:<br \/>\n<\/strong>Wir registrieren alle von uns in Deutschland in Verkehr gebrachten relevanten Produkte bei der Stiftungear in Deutschland und f\u00fchren die Registrierungsnummer in unseren Rechnungen und Lieferscheinen. Sie lautet: DE 64817326. Wir \u00fcbernehmen f\u00fcr alle LINDY-Produkte als Hersteller in Deutschland selbstverst\u00e4ndlich die Recyclingpflichten und stellen dar\u00fcber alle unsere Kunden von diesbez\u00fcglichen Recyclingkosten frei. Wir weisen ausdr\u00fccklich darauf hin, dass laut Gesetz f\u00fcr reine B2B-Produkte eine R\u00fcckgabepflicht durch den gewerblichen Endanwender an den Hersteller besteht! Wir nehmen daher alle LINDY B2B-Produkte nach Ablauf ihres Lebenszyklus kostenlos entgegen und f\u00fchren diese dem Recycling zu. Alternativ steht es dem gewerblichen Anwender frei, die Produkte auf eigene Kosten recyceln zu lassen.<\/p>\n<p>F\u00fcr unsere Kunden in \u00d6sterreich, Luxemburg und der Schweiz \u00fcbernehmen wir ebenfalls die entsprechenden Verpflichtungen. In \u00d6sterreich lautet unsere WEEE-Registriernummer GLN 9008391487746. In der Schweiz sind wir dem SWICO angeschlossen und f\u00fchren die entsprechenden Abgaben f\u00fcr in die Schweiz gelieferte Waren ab. In Luxemburg lauten die Registrierungsnummern bei Ecotrel MA0922 und bei Ecobatterien M0810.<\/p>\n<p>F\u00fcr unsere weiteren europ\u00e4ischen Vertriebsgebiete finden sie entsprechende Angaben auf unseren englischen, franz\u00f6sischen und italienischen Webseiten.<\/p>\n<p>Erl\u00e4uterungen zu weiteren Bereichen<br \/>\n<a href=\"https:\/\/www.lindy.de\/tpl_inhalt-htm.htm?websale8=ld0101&amp;tpl=tpl_inhalt.htm&amp;include_tpl=servicepages\/incl_battery_law.htm\">R\u00fccknahmepflichen nach Batteriegesetz und Verpackungsverordnung<\/a><br \/>\n<a href=\"https:\/\/www.lindy.de\/tpl_inhalt-htm.htm?websale8=ld0101&amp;tpl=tpl_inhalt.htm&amp;include_tpl=servicepages\/incl_Reach.htm\">REACH-Richtlinie &#8211; Chemikalienverordnung<\/a><\/p>\n<p>entnehmen Sie bitte unserer Stellungnahme zu diesen Themenkomplexen, die sie ebenfalls stets in der aktuellen Version auf unserer Webseite finden und dort auch als PDF herunterladen k\u00f6nnen.<\/p>\n<p>Wir hoffen Ihnen hiermit die rechtliche Sicherheit zu geben und Ihre Fragen beantwortet zu haben.<\/p>\n<p>Mit freundlichen Gr\u00fc\u00dfen<\/p>\n<p>LINDY-Elektronik GmbH<br \/>\nISO 9001:2015 Certified<\/p>\n<p>Mannheim, Januar 2018<\/p>\n","protected":false},"excerpt":{"rendered":"<p>RoHS-, WEEE- &amp; EuP-Richtlinie, ElektroG Restriction of Hazardous Substances (RoHS) Waste Electrical and Electronic Equipment (WEEE) Eco-Design Requirements for Energy Using Products (EuP) Gesetz \u00fcber die R\u00fccknahme und umweltvertr\u00e4gliche Entsorgung von Elektro- und Elektronikger\u00e4ten (ElektroG) Sehr geehrte Damen und Herren, sehr geehrte Kunden, als eines der renommiertesten Unternehmen in unserem Marktsegment ist es f\u00fcr uns [&hellip;]<\/p>\n","protected":false},"author":11,"featured_media":0,"parent":0,"menu_order":0,"comment_status":"closed","ping_status":"closed","template":"","meta":{"_acf_changed":false,"footnotes":""},"class_list":["post-152","page","type-page","status-publish","hentry"],"acf":[],"yoast_head":"<!-- This site is optimized with the Yoast SEO plugin v26.6 - https:\/\/yoast.com\/wordpress\/plugins\/seo\/ -->\n<title>Compliance - Lindy - German<\/title>\n<meta name=\"robots\" content=\"index, follow, max-snippet:-1, max-image-preview:large, max-video-preview:-1\" \/>\n<link rel=\"canonical\" href=\"https:\/\/lindy.com\/de\/compliance\/\" \/>\n<meta property=\"og:locale\" content=\"de_DE\" \/>\n<meta property=\"og:type\" content=\"article\" \/>\n<meta property=\"og:title\" content=\"Compliance - Lindy - German\" \/>\n<meta property=\"og:description\" content=\"RoHS-, WEEE- &amp; EuP-Richtlinie, ElektroG Restriction of Hazardous Substances (RoHS) Waste Electrical and Electronic Equipment (WEEE) Eco-Design Requirements for Energy Using Products (EuP) Gesetz \u00fcber die R\u00fccknahme und umweltvertr\u00e4gliche Entsorgung von Elektro- und Elektronikger\u00e4ten (ElektroG) Sehr geehrte Damen und Herren, sehr geehrte Kunden, als eines der renommiertesten Unternehmen in unserem Marktsegment ist es f\u00fcr uns [&hellip;]\" \/>\n<meta property=\"og:url\" content=\"https:\/\/lindy.com\/de\/compliance\/\" \/>\n<meta property=\"og:site_name\" content=\"Lindy - German\" \/>\n<meta property=\"article:modified_time\" content=\"2019-01-09T11:21:04+00:00\" \/>\n<meta name=\"twitter:card\" content=\"summary_large_image\" \/>\n<meta name=\"twitter:label1\" content=\"Gesch\u00e4tzte Lesezeit\" \/>\n\t<meta name=\"twitter:data1\" content=\"2 Minuten\" \/>\n<script type=\"application\/ld+json\" class=\"yoast-schema-graph\">{\"@context\":\"https:\/\/schema.org\",\"@graph\":[{\"@type\":\"WebPage\",\"@id\":\"https:\/\/lindy.com\/de\/compliance\/\",\"url\":\"https:\/\/lindy.com\/de\/compliance\/\",\"name\":\"Compliance - Lindy - German\",\"isPartOf\":{\"@id\":\"https:\/\/lindy.com\/de\/#website\"},\"datePublished\":\"2018-11-13T13:39:24+00:00\",\"dateModified\":\"2019-01-09T11:21:04+00:00\",\"breadcrumb\":{\"@id\":\"https:\/\/lindy.com\/de\/compliance\/#breadcrumb\"},\"inLanguage\":\"de-DE\",\"potentialAction\":[{\"@type\":\"ReadAction\",\"target\":[\"https:\/\/lindy.com\/de\/compliance\/\"]}]},{\"@type\":\"BreadcrumbList\",\"@id\":\"https:\/\/lindy.com\/de\/compliance\/#breadcrumb\",\"itemListElement\":[{\"@type\":\"ListItem\",\"position\":1,\"name\":\"Home\",\"item\":\"https:\/\/lindy.com\/de\/\"},{\"@type\":\"ListItem\",\"position\":2,\"name\":\"Compliance\"}]},{\"@type\":\"WebSite\",\"@id\":\"https:\/\/lindy.com\/de\/#website\",\"url\":\"https:\/\/lindy.com\/de\/\",\"name\":\"Lindy - German\",\"description\":\"Connection Perfection\",\"potentialAction\":[{\"@type\":\"SearchAction\",\"target\":{\"@type\":\"EntryPoint\",\"urlTemplate\":\"https:\/\/lindy.com\/de\/?s={search_term_string}\"},\"query-input\":{\"@type\":\"PropertyValueSpecification\",\"valueRequired\":true,\"valueName\":\"search_term_string\"}}],\"inLanguage\":\"de-DE\"}]}<\/script>\n<!-- \/ Yoast SEO plugin. -->","yoast_head_json":{"title":"Compliance - Lindy - German","robots":{"index":"index","follow":"follow","max-snippet":"max-snippet:-1","max-image-preview":"max-image-preview:large","max-video-preview":"max-video-preview:-1"},"canonical":"https:\/\/lindy.com\/de\/compliance\/","og_locale":"de_DE","og_type":"article","og_title":"Compliance - Lindy - German","og_description":"RoHS-, WEEE- &amp; EuP-Richtlinie, ElektroG Restriction of Hazardous Substances (RoHS) Waste Electrical and Electronic Equipment (WEEE) Eco-Design Requirements for Energy Using Products (EuP) Gesetz \u00fcber die R\u00fccknahme und umweltvertr\u00e4gliche Entsorgung von Elektro- und Elektronikger\u00e4ten (ElektroG) Sehr geehrte Damen und Herren, sehr geehrte Kunden, als eines der renommiertesten Unternehmen in unserem Marktsegment ist es f\u00fcr uns [&hellip;]","og_url":"https:\/\/lindy.com\/de\/compliance\/","og_site_name":"Lindy - German","article_modified_time":"2019-01-09T11:21:04+00:00","twitter_card":"summary_large_image","twitter_misc":{"Gesch\u00e4tzte Lesezeit":"2 Minuten"},"schema":{"@context":"https:\/\/schema.org","@graph":[{"@type":"WebPage","@id":"https:\/\/lindy.com\/de\/compliance\/","url":"https:\/\/lindy.com\/de\/compliance\/","name":"Compliance - Lindy - German","isPartOf":{"@id":"https:\/\/lindy.com\/de\/#website"},"datePublished":"2018-11-13T13:39:24+00:00","dateModified":"2019-01-09T11:21:04+00:00","breadcrumb":{"@id":"https:\/\/lindy.com\/de\/compliance\/#breadcrumb"},"inLanguage":"de-DE","potentialAction":[{"@type":"ReadAction","target":["https:\/\/lindy.com\/de\/compliance\/"]}]},{"@type":"BreadcrumbList","@id":"https:\/\/lindy.com\/de\/compliance\/#breadcrumb","itemListElement":[{"@type":"ListItem","position":1,"name":"Home","item":"https:\/\/lindy.com\/de\/"},{"@type":"ListItem","position":2,"name":"Compliance"}]},{"@type":"WebSite","@id":"https:\/\/lindy.com\/de\/#website","url":"https:\/\/lindy.com\/de\/","name":"Lindy - German","description":"Connection Perfection","potentialAction":[{"@type":"SearchAction","target":{"@type":"EntryPoint","urlTemplate":"https:\/\/lindy.com\/de\/?s={search_term_string}"},"query-input":{"@type":"PropertyValueSpecification","valueRequired":true,"valueName":"search_term_string"}}],"inLanguage":"de-DE"}]}},"_links":{"self":[{"href":"https:\/\/lindy.com\/de\/wp-json\/wp\/v2\/pages\/152","targetHints":{"allow":["GET"]}}],"collection":[{"href":"https:\/\/lindy.com\/de\/wp-json\/wp\/v2\/pages"}],"about":[{"href":"https:\/\/lindy.com\/de\/wp-json\/wp\/v2\/types\/page"}],"author":[{"embeddable":true,"href":"https:\/\/lindy.com\/de\/wp-json\/wp\/v2\/users\/11"}],"replies":[{"embeddable":true,"href":"https:\/\/lindy.com\/de\/wp-json\/wp\/v2\/comments?post=152"}],"version-history":[{"count":0,"href":"https:\/\/lindy.com\/de\/wp-json\/wp\/v2\/pages\/152\/revisions"}],"wp:attachment":[{"href":"https:\/\/lindy.com\/de\/wp-json\/wp\/v2\/media?parent=152"}],"curies":[{"name":"wp","href":"https:\/\/api.w.org\/{rel}","templated":true}]}}