{"id":15202,"date":"2025-06-02T13:35:57","date_gmt":"2025-06-02T13:35:57","guid":{"rendered":"https:\/\/lindy.com\/de\/?page_id=15202"},"modified":"2025-08-04T14:12:02","modified_gmt":"2025-08-04T14:12:02","slug":"case-study-sovcomm-vernetztes-lernen","status":"publish","type":"page","link":"https:\/\/lindy.com\/de\/case-study-sovcomm-vernetztes-lernen\/","title":{"rendered":"CASE STUDY SOVCOMM"},"content":{"rendered":"\n<section class=\"wp-block-lindy-image-text-module section section--full-width-image full-width-image--with-text theme--dark section--animation-none align--center  font--size-large\" style=\"background-image:url(https:\/\/lindy.com\/fr\/wp-content\/uploads\/sites\/4\/2025\/04\/Header-1.png)\"><img decoding=\"async\" class=\"full-width-image__image\" src=\"https:\/\/lindy.com\/fr\/wp-content\/uploads\/sites\/4\/2025\/04\/Header-1.png\"\/><div class=\"contained\"><div class=\"full-width-image__content\"><h2 class=\"section__heading\"><span>NAHTLOSE INTEGRATION<\/span><\/h2><h2 class=\"section__subheading section__subheading__title\">INTELLIGENTERE BILDUNG<\/h2><p class=\"section__paragraph\"><br\/>CONNECTION PERFECTION F\u00dcR ZUKUNFTSF\u00c4HIGE KLASSENR\u00c4UME<\/p><\/div><\/div><\/section>\n\n\n\n<section class=\"wp-block-lindy-image-text-module section section--full-width-image full-width-image--with-text theme--light section--animation-none align--center font--camber font--size-medium\" style=\"background-image:url()\"><img decoding=\"async\" class=\"full-width-image__image\" src=\"\"\/><div class=\"contained\"><div class=\"full-width-image__content\"><h2 class=\"section__subheading section__subheading__title\">VERNETZTES LERNEN F\u00dcR MODERNE BILDUNG<\/h2><p class=\"section__paragraph\"><br\/>SovComm, ein etablierter Handels- und Spezialanbieter f\u00fcr Innenausbau und technische Ausstattungsl\u00f6sungen in gewerblichen Umgebungen f\u00fcr Branchen wie Pharmazie, Verteidigung und allgemeines Bauwesen, nutzte die wachsende Nachfrage nach integrierten AV-L\u00f6sungen im Bildungsbereich f\u00fcr eine strategische Expansion. In Zusammenarbeit mit Lindy konnte das Unternehmen zukunftsf\u00e4hige Lernr\u00e4ume f\u00fcr vernetztes Lernen realisieren und sich erfolgreich im AV-Sektor positionieren.<\/p><\/div><\/div><\/section>\n\n\n\n<section class=\"wp-block-lindy-image-text-module section section--full-width-image full-width-image--with-text theme--dark section--animation-none align--left  font--size-medium width--half\" style=\"background-image:url(https:\/\/lindy.com\/fr\/wp-content\/uploads\/sites\/4\/2025\/05\/Schulung-FW.jpg)\"><img decoding=\"async\" class=\"full-width-image__image\" src=\"https:\/\/lindy.com\/fr\/wp-content\/uploads\/sites\/4\/2025\/05\/Schulung-FW.jpg\"\/><div class=\"contained\"><div class=\"full-width-image__content\"><\/div><\/div><\/section>\n\n\n\n<section class=\"wp-block-lindy-image-text-module section section--full-width-image full-width-image--with-text theme--dark section--animation-none align--left  font--size-medium width--half\" style=\"background-image:url()\"><img decoding=\"async\" class=\"full-width-image__image\" src=\"\"\/><div class=\"contained\"><div class=\"full-width-image__content\"><h2 class=\"section__heading\"><span>DIE HERAUSFORDERUNG<\/span><\/h2><p class=\"section__paragraph\"><br\/>Ein technisches College in Hastings sah sich<br\/>mit der Herausforderung konfrontiert, spezialisierte Lehrkr\u00e4fte \u00fcber mehrere Campi hinweg bereitzustellen. <br\/>Ohne eine zuverl\u00e4ssige AV-Infrastruktur war es kaum m\u00f6glich, allen Studierenden gleichwertige Lernbedingungen zu bieten \u2013 insbesondere im Hinblick auf den Zugang zu fachlich qualifiziertem Unterricht \u00fcber gr\u00f6\u00dfere Distanzen hinweg.<\/p><\/div><\/div><\/section>\n\n\n\n<section class=\"wp-block-lindy-image-text-module section section--full-width-image full-width-image--with-text theme--light section--animation-none align--left  font--size-medium width--half\" style=\"background-image:url()\"><img decoding=\"async\" class=\"full-width-image__image\" src=\"\"\/><div class=\"contained\"><div class=\"full-width-image__content\"><h2 class=\"section__heading\"><span>DIE L\u00d6SUNG VON LINDY<\/span><\/h2><p class=\"section__paragraph\"><br\/>Durch den Einsatz moderner AV-Technologie von Lindy erm\u00f6glichte SovComm die vollst\u00e4ndige Integration audiovisueller Systeme in zw\u00f6lf Klassenzimmer. Mithilfe gro\u00dfformatiger Video-W\u00e4nde (3,5 m \u00d7 2,1 m) f\u00fcr Fernunterricht und interaktiver 98-Zoll-Displays wurden die Lernr\u00e4ume in digitale, interaktive Umgebungen verwandelt.<br\/>Die standardisierten Konnektivit\u00e4tsl\u00f6sungen von Lindy sorgten f\u00fcr eine benutzerfreundliche, stabile Infrastruktur. Die nahtlose Anbindung an Microsoft Teams erlaubte eine schnelle Einf\u00fchrung und intuitive Nutzung durch das Lehrpersonal \u2013 f\u00fcr dynamischen Unterricht auf<br\/>mehreren Campi gleichzeitig.<\/p><\/div><\/div><\/section>\n\n\n\n<section class=\"wp-block-lindy-image-text-module section section--full-width-image full-width-image--with-text theme--light section--animation-none align--left  font--size-medium width--half\" style=\"background-image:url(https:\/\/lindy.com\/fr\/wp-content\/uploads\/sites\/4\/2025\/04\/AV-Extender-Range_without-backrgound.png)\"><img decoding=\"async\" class=\"full-width-image__image\" src=\"https:\/\/lindy.com\/fr\/wp-content\/uploads\/sites\/4\/2025\/04\/AV-Extender-Range_without-backrgound.png\"\/><div class=\"contained\"><div class=\"full-width-image__content\"><\/div><\/div><\/section>\n\n\n\n<section class=\"wp-block-lindy-heading-text section section--heading-text theme--dark align--center  font--size-medium section--animation-none\"><div class=\"contained\"><h2 class=\"section__heading\"><span><br\/>H\u00c4UFIG VERWENDETE PRODUKTE<br\/><\/span><\/h2><h2 class=\"section__subheading section__subheading__title\"><br\/><\/h2><\/div><\/section>\n\n\n\n<section class=\"wp-block-lindy-image-text-module section section--full-width-image full-width-image--with-text theme--dark section--animation-none align--left  font--size-medium width--half\" style=\"background-image:url()\"><img decoding=\"async\" class=\"full-width-image__image\" src=\"\"\/><div class=\"contained\"><div class=\"full-width-image__content\"><p class=\"section__paragraph\"><strong>No. 36967 &#8211; 10m HDMI\u00ae Kabel, Anthra Line<\/strong><br\/><br\/>Robuste 4K-Signal\u00fcbertragung \u00fcber gr\u00f6\u00dfere<br\/>Distanzen f\u00fcr professionelle AV-Umgebungen.<\/p><a href=\"https:\/\/www.lindy.de\/?websale8=ld0101.ld011101&amp;pi=36967&amp;etcc_cmp=LP-SovComm&amp;etcc_med=WebSite-DE\" class=\"button button--white-transparent\" target=\"_blank\" rel=\"noopener noreferrer\">SHOP ONLINE<\/a><\/div><\/div><\/section>\n\n\n\n<section class=\"wp-block-lindy-image-text-module section section--full-width-image full-width-image--with-text theme--dark section--animation-none align--left  font--size-medium width--half\" style=\"background-image:url(https:\/\/lindy.com\/fr\/wp-content\/uploads\/sites\/4\/2025\/05\/36966_HW.jpg)\"><img decoding=\"async\" class=\"full-width-image__image\" src=\"https:\/\/lindy.com\/fr\/wp-content\/uploads\/sites\/4\/2025\/05\/36966_HW.jpg\"\/><div class=\"contained\"><div class=\"full-width-image__content\"><\/div><\/div><\/section>\n\n\n\n<section class=\"wp-block-lindy-image-text-module section section--full-width-image full-width-image--with-text theme--light section--animation-none align--left  font--size-medium width--half\" style=\"background-image:url(https:\/\/lindy.com\/fr\/wp-content\/uploads\/sites\/4\/2025\/05\/43322_HW.jpg)\"><img decoding=\"async\" class=\"full-width-image__image\" src=\"https:\/\/lindy.com\/fr\/wp-content\/uploads\/sites\/4\/2025\/05\/43322_HW.jpg\"\/><div class=\"contained\"><div class=\"full-width-image__content\"><\/div><\/div><\/section>\n\n\n\n<section class=\"wp-block-lindy-image-text-module section section--full-width-image full-width-image--with-text theme--light section--animation-none align--left  font--size-medium width--half\" style=\"background-image:url()\"><img decoding=\"async\" class=\"full-width-image__image\" src=\"\"\/><div class=\"contained\"><div class=\"full-width-image__content\"><p class=\"section__paragraph\"><strong>No. 43322 &#8211; 15m USB 3.0 Aktivverl\u00e4ngerung Slim<\/strong><br\/><br\/>Verl\u00e4ngert USB-Hochgeschwindigkeitsverbindungen<br\/>auf bis zu 15 Meter \u2013 platzsparend und leistungsstark.<\/p><a href=\"https:\/\/www.lindy.de\/?websale8=ld0101.ld011101&amp;pi=43322&amp;etcc_cmp=LP-SovComm&amp;etcc_med=WebSite-DE\" class=\"button button--dark\" target=\"_blank\" rel=\"noopener noreferrer\">SHOP ONLINE<\/a><\/div><\/div><\/section>\n\n\n\n<section class=\"wp-block-lindy-image-text-module section section--full-width-image full-width-image--with-text theme--dark section--animation-none align--left  font--size-medium width--half\" style=\"background-image:url()\"><img decoding=\"async\" class=\"full-width-image__image\" src=\"\"\/><div class=\"contained\"><div class=\"full-width-image__content\"><p class=\"section__paragraph\"><br\/><strong>No. 38385 &#8211; 70m Cat.6 HDMI\u00ae Splitter Extender<\/strong><br\/><br\/>\u00dcbertr\u00e4gt 4K60 HDMI\u00ae- und IR-Signale \u00fcber<br\/>gro\u00dfe Entfernungen via Netzwerkkabel.<br\/><br\/><\/p><a href=\"https:\/\/www.lindy.de\/?websale8=ld0101.ld011101&amp;pi=38385&amp;etcc_cmp=LP-SovComm&amp;etcc_med=WebSite-DE\" class=\"button button--white-transparent\" target=\"_blank\" rel=\"noopener noreferrer\">SHOP ONLINE<\/a><\/div><\/div><\/section>\n\n\n\n<section class=\"wp-block-lindy-image-text-module section section--full-width-image full-width-image--with-text theme--dark section--animation-none align--left  font--size-medium width--half\" style=\"background-image:url(https:\/\/lindy.com\/fr\/wp-content\/uploads\/sites\/4\/2025\/05\/38385_HW.jpg)\"><img decoding=\"async\" class=\"full-width-image__image\" src=\"https:\/\/lindy.com\/fr\/wp-content\/uploads\/sites\/4\/2025\/05\/38385_HW.jpg\"\/><div class=\"contained\"><div class=\"full-width-image__content\"><\/div><\/div><\/section>\n\n\n\n<section class=\"wp-block-lindy-image-text-module section section--full-width-image full-width-image--with-text theme--light section--animation-none align--left  font--size-medium width--half\" style=\"background-image:url(https:\/\/lindy.com\/fr\/wp-content\/uploads\/sites\/4\/2025\/05\/38261_HW.jpg)\"><img decoding=\"async\" class=\"full-width-image__image\" src=\"https:\/\/lindy.com\/fr\/wp-content\/uploads\/sites\/4\/2025\/05\/38261_HW.jpg\"\/><div class=\"contained\"><div class=\"full-width-image__content\"><\/div><\/div><\/section>\n\n\n\n<section class=\"wp-block-lindy-image-text-module section section--full-width-image full-width-image--with-text theme--light section--animation-none align--left  font--size-medium width--half\" style=\"background-image:url()\"><img decoding=\"async\" class=\"full-width-image__image\" src=\"\"\/><div class=\"contained\"><div class=\"full-width-image__content\"><p class=\"section__paragraph\"><strong>No. 38261 &#8211; 9 Port HDMI\u00ae Video Wall Scaler<\/strong><br\/><br\/>Erzeugt skalierbare Multi-Screen-Displays f\u00fcr<br\/>eindrucksvolle Video-W\u00e4nde im Bildungsbereich.<\/p><a href=\"https:\/\/www.lindy.de\/?websale8=ld0101.ld011101&amp;pi=38261&amp;etcc_cmp=LP-SovComm&amp;etcc_med=WebSite-DE\" class=\"button button--dark\" target=\"_blank\" rel=\"noopener noreferrer\">SHOP ONLINE<\/a><\/div><\/div><\/section>\n\n\n\n<section class=\"wp-block-lindy-parallax-hero section parallax-hero theme--dark align--left font--camber font--size-medium\" style=\"background-image:url(https:\/\/lindy.com\/fr\/wp-content\/uploads\/sites\/4\/2025\/04\/Backgroung-quote.png)\"><div class=\"contained contained--full-width\"><div class=\"parallax-hero__content\"><div class=\"parallax-hero__content-wrapper align--left\"><h2 class=\"section__subheading section__subheading__title\">\u201cDie AV-L\u00f6sungen von Lindy \u00f6ffneten Sovcomm die T\u00fcr, um \u00fcber den Bau hinaus zu expandieren, zukunftsf\u00e4hige Lernr\u00e4ume zu schaffen und neues Gesch\u00e4ftspotenzial zu erschlie\u1e9een\u201d<\/h2><p class=\"section__paragraph\"><br\/>Matthew Roberts, SovComm, Kaufm\u00e2nnischer Leiter<\/p><\/div><\/div><\/div><\/section>\n\n\n\n<section class=\"wp-block-lindy-heading-text section section--heading-text theme--light align--center  font--size-medium section--animation-none\"><div class=\"contained\"><h2 class=\"section__heading\"><span>ERGEBNISSE UND VORTEILE<\/span><\/h2><\/div><\/section>\n\n\n\n<section class=\"wp-block-lindy-key-info section section--key-info theme--light section--animation-none\"><div class=\"contained\"><div class=\"grid-2_sm-1-center\"><div class=\"col left_item\"><div class=\"box\"><h3 class=\"section__heading\">Quantitative Ergebnisse<\/h3><div class=\"section__content\"><p class=\"section__content\">Rund 40 % mehr Engagement der<br\/>Studierenden durch verbesserten<br\/>Fernunterricht<br\/><br\/>Bis zu 100 Studierende gleichzeitig \u00fcber mehrere Standorte verbunden<br\/><br\/>12 vollst\u00e4ndig ausgestattete AV-Klassenr\u00e4ume als Grundlage f\u00fcr zuk\u00fcnftige Erweiterungen<\/p><\/div><\/div><\/div><div class=\"col right_item\"><div class=\"box\"><h3 class=\"section__heading\">Qualitative Ergebnisse<\/h3><div class=\"section__content\"><p class=\"section__content\">Gleichwertiger Zugang zu Fachunterricht \u00fcber Campusgrenzen hinweg<br\/><br\/>Stabile, wartungsarme AV-Infrastruktur f\u00fcr den langfristigen Betrieb<br\/><br\/>Erweitertes Leistungsportfolio f\u00fcr SovComm \u2013 mit Potenzial f\u00fcr neue AV-Projekte im Bildungssektor und dar\u00fcber hinaus<\/p><\/div><\/div><\/div><\/div><\/div><\/section>\n\n\n\n<section class=\"wp-block-lindy-parallax-hero section parallax-hero theme--light align--left  font--size-medium\" style=\"background-image:url(https:\/\/lindy.com\/de\/wp-content\/uploads\/sites\/3\/2025\/05\/DE_SovComm.png)\"><div class=\"contained contained--full-width\"><div class=\"parallax-hero__content\"><div class=\"parallax-hero__content-wrapper align--left\"><\/div><\/div><\/div><\/section>\n\n\n\n<section class=\"wp-block-lindy-heading-text section section--heading-text theme--light align--center  font--size-medium section--animation-none\"><div class=\"contained\"><h2 class=\"section__heading\"><span>FAZIT &amp; AUSBLICK<\/span><\/h2><\/div><\/section>\n\n\n\n<section class=\"wp-block-lindy-key-info section section--key-info theme--light section--animation-none\"><div class=\"contained\"><div class=\"grid-2_sm-1-center\"><div class=\"col left_item\"><div class=\"box\"><h3 class=\"section__heading\">Erfolgreiche Projektumsetzung<\/h3><div class=\"section__content\"><p class=\"section__content\">Die AV-L\u00f6sungen von Lindy haben die Fernlernbed\u00fcrfnisse des Colleges erf\u00fcllt und es SovComm erm\u00f6glicht, neue M\u00f6glichkeiten \u00fcber das traditionelle Baugesch\u00e4ft hinaus zu erkunden. Dieser Erfolg zeigt, wie Unternehmer ihr Angebot mit hochwertigen AV-L\u00f6sungen erweitern k\u00f6nnen.<\/p><\/div><\/div><\/div><div class=\"col right_item\"><div class=\"box\"><h3 class=\"section__heading\">Branchenrelevanz<\/h3><div class=\"section__content\"><p class=\"section__content\">SovComms Erfolg verdeutlicht das wachsende Potenzial audiovisueller Technologien im Bildungsbereich. Lindys zuverl\u00e4ssige, einfach integrierbare Produkte schaffen die Basis f\u00fcr durchdachte Raumkonzepte, die sowohl didaktischen als auch technischen Anforderungen gerecht werden. SovComm positioniert sich damit<br\/>als Komplettanbieter f\u00fcr zukunftsorientierte Bildungsl\u00f6sungen.<\/p><\/div><\/div><\/div><\/div><\/div><\/section>\n\n\n\n<section class=\"wp-block-lindy-image-text-module section section--full-width-image full-width-image--with-text theme--dark section--animation-none align--left  font--size-medium width--half\" style=\"background-image:url(https:\/\/lindy.com\/de\/wp-content\/uploads\/sites\/3\/2025\/06\/Mock-up-case-sudy-SovComm.jpg)\"><img decoding=\"async\" class=\"full-width-image__image\" src=\"https:\/\/lindy.com\/de\/wp-content\/uploads\/sites\/3\/2025\/06\/Mock-up-case-sudy-SovComm.jpg\"\/><div class=\"contained\"><div class=\"full-width-image__content\"><\/div><\/div><\/section>\n\n\n\n<section class=\"wp-block-lindy-image-text-module section section--full-width-image full-width-image--with-text theme--dark section--animation-none align--center  font--size-small width--half\" style=\"background-image:url()\"><img decoding=\"async\" class=\"full-width-image__image\" src=\"\"\/><div class=\"contained\"><div class=\"full-width-image__content\"><h2 class=\"section__subheading section__subheading__title\">Hat Sie diese Fallstudie inspiriert oder neue Impulse gegeben?<\/h2><p class=\"section__paragraph\"><br\/><strong>Laden Sie die PDF-Version ganz einfach mit <\/strong><br\/><strong>einem Klick herunter.<\/strong><br\/><\/p><a href=\"https:\/\/lindy.com\/de\/wp-content\/uploads\/sites\/3\/2025\/05\/Lindy-x-SovComm-Case-Study-DE.pdf\" class=\"button button--white-transparent\" target=\"_blank\" rel=\"noopener noreferrer\">\ud83d\udce5 Jetzt herunterladen<\/a><\/div><\/div><\/section>\n","protected":false},"excerpt":{"rendered":"","protected":false},"author":28,"featured_media":0,"parent":0,"menu_order":0,"comment_status":"closed","ping_status":"closed","template":"page-templates\/template-landing.php","meta":{"_acf_changed":false,"footnotes":""},"class_list":["post-15202","page","type-page","status-publish","hentry"],"acf":[],"yoast_head":"<!-- This site is optimized with the Yoast SEO plugin v26.6 - https:\/\/yoast.com\/wordpress\/plugins\/seo\/ -->\n<title>CASE STUDY SOVCOMM - Lindy - German \u2013 Vernetztes Lernen<\/title>\n<meta name=\"description\" content=\"In Zusammenarbeit mit Lindy konnte Sovcomm zukunftsf\u00e4hige Lernr\u00e4ume f\u00fcr vernetztes Lernen realisieren und sich erfolgreich positionieren.\" \/>\n<meta name=\"robots\" content=\"index, follow, max-snippet:-1, max-image-preview:large, max-video-preview:-1\" \/>\n<link rel=\"canonical\" href=\"https:\/\/lindy.com\/de\/case-study-sovcomm-vernetztes-lernen\/\" \/>\n<meta property=\"og:locale\" content=\"de_DE\" \/>\n<meta property=\"og:type\" content=\"article\" \/>\n<meta property=\"og:title\" content=\"CASE STUDY SOVCOMM - Lindy - German \u2013 Vernetztes Lernen\" \/>\n<meta property=\"og:description\" content=\"In Zusammenarbeit mit Lindy konnte Sovcomm zukunftsf\u00e4hige Lernr\u00e4ume f\u00fcr vernetztes Lernen realisieren und sich erfolgreich positionieren.\" \/>\n<meta property=\"og:url\" content=\"https:\/\/lindy.com\/de\/case-study-sovcomm-vernetztes-lernen\/\" \/>\n<meta property=\"og:site_name\" content=\"Lindy - German\" \/>\n<meta property=\"article:modified_time\" content=\"2025-08-04T14:12:02+00:00\" \/>\n<meta property=\"og:image\" content=\"https:\/\/lindy.com\/fr\/wp-content\/uploads\/sites\/4\/2025\/04\/Header-1.png\" \/>\n<meta name=\"twitter:card\" content=\"summary_large_image\" \/>\n<meta name=\"twitter:label1\" content=\"Gesch\u00e4tzte Lesezeit\" \/>\n\t<meta name=\"twitter:data1\" content=\"6 Minuten\" \/>\n<script type=\"application\/ld+json\" class=\"yoast-schema-graph\">{\"@context\":\"https:\/\/schema.org\",\"@graph\":[{\"@type\":\"WebPage\",\"@id\":\"https:\/\/lindy.com\/de\/case-study-sovcomm-vernetztes-lernen\/\",\"url\":\"https:\/\/lindy.com\/de\/case-study-sovcomm-vernetztes-lernen\/\",\"name\":\"CASE STUDY SOVCOMM - Lindy - German \u2013 Vernetztes Lernen\",\"isPartOf\":{\"@id\":\"https:\/\/lindy.com\/de\/#website\"},\"primaryImageOfPage\":{\"@id\":\"https:\/\/lindy.com\/de\/case-study-sovcomm-vernetztes-lernen\/#primaryimage\"},\"image\":{\"@id\":\"https:\/\/lindy.com\/de\/case-study-sovcomm-vernetztes-lernen\/#primaryimage\"},\"thumbnailUrl\":\"https:\/\/lindy.com\/fr\/wp-content\/uploads\/sites\/4\/2025\/04\/Header-1.png\",\"datePublished\":\"2025-06-02T13:35:57+00:00\",\"dateModified\":\"2025-08-04T14:12:02+00:00\",\"description\":\"In Zusammenarbeit mit Lindy konnte Sovcomm zukunftsf\u00e4hige Lernr\u00e4ume f\u00fcr vernetztes Lernen realisieren und sich erfolgreich positionieren.\",\"breadcrumb\":{\"@id\":\"https:\/\/lindy.com\/de\/case-study-sovcomm-vernetztes-lernen\/#breadcrumb\"},\"inLanguage\":\"de-DE\",\"potentialAction\":[{\"@type\":\"ReadAction\",\"target\":[\"https:\/\/lindy.com\/de\/case-study-sovcomm-vernetztes-lernen\/\"]}]},{\"@type\":\"ImageObject\",\"inLanguage\":\"de-DE\",\"@id\":\"https:\/\/lindy.com\/de\/case-study-sovcomm-vernetztes-lernen\/#primaryimage\",\"url\":\"https:\/\/lindy.com\/fr\/wp-content\/uploads\/sites\/4\/2025\/04\/Header-1.png\",\"contentUrl\":\"https:\/\/lindy.com\/fr\/wp-content\/uploads\/sites\/4\/2025\/04\/Header-1.png\"},{\"@type\":\"BreadcrumbList\",\"@id\":\"https:\/\/lindy.com\/de\/case-study-sovcomm-vernetztes-lernen\/#breadcrumb\",\"itemListElement\":[{\"@type\":\"ListItem\",\"position\":1,\"name\":\"Home\",\"item\":\"https:\/\/lindy.com\/de\/\"},{\"@type\":\"ListItem\",\"position\":2,\"name\":\"CASE STUDY SOVCOMM\"}]},{\"@type\":\"WebSite\",\"@id\":\"https:\/\/lindy.com\/de\/#website\",\"url\":\"https:\/\/lindy.com\/de\/\",\"name\":\"Lindy - German\",\"description\":\"Connection Perfection\",\"potentialAction\":[{\"@type\":\"SearchAction\",\"target\":{\"@type\":\"EntryPoint\",\"urlTemplate\":\"https:\/\/lindy.com\/de\/?s={search_term_string}\"},\"query-input\":{\"@type\":\"PropertyValueSpecification\",\"valueRequired\":true,\"valueName\":\"search_term_string\"}}],\"inLanguage\":\"de-DE\"}]}<\/script>\n<!-- \/ Yoast SEO plugin. -->","yoast_head_json":{"title":"CASE STUDY SOVCOMM - Lindy - German \u2013 Vernetztes Lernen","description":"In Zusammenarbeit mit Lindy konnte Sovcomm zukunftsf\u00e4hige Lernr\u00e4ume f\u00fcr vernetztes Lernen realisieren und sich erfolgreich positionieren.","robots":{"index":"index","follow":"follow","max-snippet":"max-snippet:-1","max-image-preview":"max-image-preview:large","max-video-preview":"max-video-preview:-1"},"canonical":"https:\/\/lindy.com\/de\/case-study-sovcomm-vernetztes-lernen\/","og_locale":"de_DE","og_type":"article","og_title":"CASE STUDY SOVCOMM - Lindy - German \u2013 Vernetztes Lernen","og_description":"In Zusammenarbeit mit Lindy konnte Sovcomm zukunftsf\u00e4hige Lernr\u00e4ume f\u00fcr vernetztes Lernen realisieren und sich erfolgreich positionieren.","og_url":"https:\/\/lindy.com\/de\/case-study-sovcomm-vernetztes-lernen\/","og_site_name":"Lindy - German","article_modified_time":"2025-08-04T14:12:02+00:00","og_image":[{"url":"https:\/\/lindy.com\/fr\/wp-content\/uploads\/sites\/4\/2025\/04\/Header-1.png","type":"","width":"","height":""}],"twitter_card":"summary_large_image","twitter_misc":{"Gesch\u00e4tzte Lesezeit":"6 Minuten"},"schema":{"@context":"https:\/\/schema.org","@graph":[{"@type":"WebPage","@id":"https:\/\/lindy.com\/de\/case-study-sovcomm-vernetztes-lernen\/","url":"https:\/\/lindy.com\/de\/case-study-sovcomm-vernetztes-lernen\/","name":"CASE STUDY SOVCOMM - Lindy - German \u2013 Vernetztes Lernen","isPartOf":{"@id":"https:\/\/lindy.com\/de\/#website"},"primaryImageOfPage":{"@id":"https:\/\/lindy.com\/de\/case-study-sovcomm-vernetztes-lernen\/#primaryimage"},"image":{"@id":"https:\/\/lindy.com\/de\/case-study-sovcomm-vernetztes-lernen\/#primaryimage"},"thumbnailUrl":"https:\/\/lindy.com\/fr\/wp-content\/uploads\/sites\/4\/2025\/04\/Header-1.png","datePublished":"2025-06-02T13:35:57+00:00","dateModified":"2025-08-04T14:12:02+00:00","description":"In Zusammenarbeit mit Lindy konnte Sovcomm zukunftsf\u00e4hige Lernr\u00e4ume f\u00fcr vernetztes Lernen realisieren und sich erfolgreich positionieren.","breadcrumb":{"@id":"https:\/\/lindy.com\/de\/case-study-sovcomm-vernetztes-lernen\/#breadcrumb"},"inLanguage":"de-DE","potentialAction":[{"@type":"ReadAction","target":["https:\/\/lindy.com\/de\/case-study-sovcomm-vernetztes-lernen\/"]}]},{"@type":"ImageObject","inLanguage":"de-DE","@id":"https:\/\/lindy.com\/de\/case-study-sovcomm-vernetztes-lernen\/#primaryimage","url":"https:\/\/lindy.com\/fr\/wp-content\/uploads\/sites\/4\/2025\/04\/Header-1.png","contentUrl":"https:\/\/lindy.com\/fr\/wp-content\/uploads\/sites\/4\/2025\/04\/Header-1.png"},{"@type":"BreadcrumbList","@id":"https:\/\/lindy.com\/de\/case-study-sovcomm-vernetztes-lernen\/#breadcrumb","itemListElement":[{"@type":"ListItem","position":1,"name":"Home","item":"https:\/\/lindy.com\/de\/"},{"@type":"ListItem","position":2,"name":"CASE STUDY SOVCOMM"}]},{"@type":"WebSite","@id":"https:\/\/lindy.com\/de\/#website","url":"https:\/\/lindy.com\/de\/","name":"Lindy - German","description":"Connection Perfection","potentialAction":[{"@type":"SearchAction","target":{"@type":"EntryPoint","urlTemplate":"https:\/\/lindy.com\/de\/?s={search_term_string}"},"query-input":{"@type":"PropertyValueSpecification","valueRequired":true,"valueName":"search_term_string"}}],"inLanguage":"de-DE"}]}},"_links":{"self":[{"href":"https:\/\/lindy.com\/de\/wp-json\/wp\/v2\/pages\/15202","targetHints":{"allow":["GET"]}}],"collection":[{"href":"https:\/\/lindy.com\/de\/wp-json\/wp\/v2\/pages"}],"about":[{"href":"https:\/\/lindy.com\/de\/wp-json\/wp\/v2\/types\/page"}],"author":[{"embeddable":true,"href":"https:\/\/lindy.com\/de\/wp-json\/wp\/v2\/users\/28"}],"replies":[{"embeddable":true,"href":"https:\/\/lindy.com\/de\/wp-json\/wp\/v2\/comments?post=15202"}],"version-history":[{"count":35,"href":"https:\/\/lindy.com\/de\/wp-json\/wp\/v2\/pages\/15202\/revisions"}],"predecessor-version":[{"id":16514,"href":"https:\/\/lindy.com\/de\/wp-json\/wp\/v2\/pages\/15202\/revisions\/16514"}],"wp:attachment":[{"href":"https:\/\/lindy.com\/de\/wp-json\/wp\/v2\/media?parent=15202"}],"curies":[{"name":"wp","href":"https:\/\/api.w.org\/{rel}","templated":true}]}}