{"id":15218,"date":"2025-06-02T14:37:13","date_gmt":"2025-06-02T14:37:13","guid":{"rendered":"https:\/\/lindy.com\/de\/?page_id=15218"},"modified":"2026-03-25T12:51:42","modified_gmt":"2026-03-25T12:51:42","slug":"case-studies","status":"publish","type":"page","link":"https:\/\/lindy.com\/de\/case-studies\/","title":{"rendered":"Case studies"},"content":{"rendered":"\n<section class=\"wp-block-lindy-full-width-image section section--full-width-image full-width-image theme--dark align--center font--size-large\" style=\"background-image:url(https:\/\/lindy.com\/de\/wp-content\/uploads\/sites\/3\/2025\/05\/Header-Casestudies.jpg)\"><img decoding=\"async\" class=\"full-width-image__image\" src=\"https:\/\/lindy.com\/de\/wp-content\/uploads\/sites\/3\/2025\/05\/Header-Casestudies.jpg\"\/><div class=\"contained\"><div class=\"full-width-image__content\"><h2 class=\"section__heading\"><span>Case studies<\/span><\/h2><\/div><\/div><\/section>\n\n\n\n<section class=\"wp-block-lindy-image-text-module section section--full-width-image full-width-image--with-text theme--light section--animation-none align--left  font--size-medium width--half\" style=\"background-image:url()\"><img decoding=\"async\" class=\"full-width-image__image\" src=\"\"\/><div class=\"contained\"><div class=\"full-width-image__content\"><h2 class=\"section__heading\"><span>GemeInsam mit Lindy <\/span><\/h2><h2 class=\"section__subheading section__subheading__title\">Auf Erfolgskurs<\/h2><p class=\"section__paragraph\"><br\/>Erfahren Sie in unseren Case Studies, wie wir bei Lindy gemeinsam mit unseren Kunden ma\u00dfgeschneiderte L\u00f6sungen f\u00fcr anspruchsvolle IT- und AV-Infrastrukturen realisieren. Von der individuellen Beratung  bis zur reibungslosen Umsetzung \u2013 erleben Sie, wie unsere Produkte, unsere Erfahrung und unser Know-how den Unterschied machen.<\/p><\/div><\/div><\/section>\n\n\n\n<section class=\"wp-block-lindy-image-text-module section section--full-width-image full-width-image--with-text theme--light section--animation-none align--left  font--size-medium width--half\" style=\"background-image:url()\"><img decoding=\"async\" class=\"full-width-image__image\" src=\"\"\/><div class=\"contained\"><div class=\"full-width-image__content\"><h2 class=\"section__subheading section__subheading__title\">Verf\u00fcgbare <br\/>Case Studies<\/h2><p class=\"section__paragraph\"><br\/>\u2022 <a href=\"https:\/\/lindy.com\/de\/case-study-sovcomm-vernetztes-lernen\/\"><strong>SOVCOMM<\/strong> &#8211; Vernetztes Lernen f\u00fcr moderne Bildung<\/a><br\/>\u2022 <a href=\"https:\/\/lindy.com\/de\/case-study-dagri-av-technologie\/\"><strong>DAGRI<\/strong> &#8211; Der Pulsschlag der AV-Technik in der Chirurgie<\/a><br\/>\u2022 <a href=\"https:\/\/lindy.com\/de\/case-study-golf-tech-systems-av-installation\/\"><strong>GOLF TECH<\/strong> &#8211; From Tee to Green<\/a><br\/>\u2022 <a href=\"https:\/\/lindy.com\/de\/case-study-inogeni-nahtlose-zusammenarbeit\/\"><strong>INOGENI<\/strong> &#8211; Erweiterte Konnektivit\u00e4t f\u00fcr nahtlose Zusammenarbeit<\/a><br\/>\u2022 <a href=\"https:\/\/lindy.com\/de\/nahtlos-case-study-neat-application\/\"><strong>NEAT<\/strong> &#8211; Nahtloses Meeting-Erlebnis<\/a><br\/>\u2022 <a href=\"https:\/\/lindy.com\/de\/case-study-viewsonic\/\"><strong>VIEWSONIC<\/strong> &#8211; Perfekt verbunden. Beeindruckend pr\u00e4sentiert.<\/a><br\/>\u2022 <a href=\"https:\/\/lindy.com\/de\/case-study-foro-italico\/\"><strong>FORO ITALICO<\/strong> &#8211; Starke Bilder, starke Emotionen in der Grand Stand Arena<\/a><br\/>\u2022 <a href=\"https:\/\/lindy.com\/de\/case-study-poga\/\"><strong>POGA<\/strong> &#8211; Die Kraft des Gamings \u2013 verbunden durch Exzellenz<\/a><br\/>\u2022 <a href=\"https:\/\/lindy.com\/de\/case-study-aver\/\"><strong>AVER<\/strong> &#8211; Vision erweitern. Verbindung neu denken.<\/a><\/p><\/div><\/div><\/section>\n\n\n\n<section id=\"sovcomm\" class=\"wp-block-lindy-anchor-section section section--anchor\"><\/section>\n\n\n\n<section class=\"wp-block-lindy-image-text-module section section--full-width-image full-width-image--with-text theme--dark section--animation-none align--left font--camber font--size-medium width--half\" style=\"background-image:url()\"><img decoding=\"async\" class=\"full-width-image__image\" src=\"\"\/><div class=\"contained\"><div class=\"full-width-image__content\"><h2 class=\"section__heading\"><span>Sovcomm<\/span><\/h2><h2 class=\"section__subheading section__subheading__title\">VERNETZTES LERNEN F\u00dcR MODERNE BILDUNG<\/h2><p class=\"section__paragraph\"><br\/>In Zusammenarbeit mit Lindy konnte das Unternehmen zukunftsf\u00e4hige Lernr\u00e4ume realisieren und sich <br\/>erfolgreich im AV-Sektor positionieren.<\/p><a href=\"https:\/\/lindy.com\/de\/case-study-sovcomm-vernetztes-lernen\/\" class=\"button button--white-transparent\" target=\"_self\" rel=\"noopener noreferrer\">Zur Case study<\/a><\/div><\/div><\/section>\n\n\n\n<section class=\"wp-block-lindy-image-text-module section section--full-width-image full-width-image--with-text theme--dark section--animation-none align--left  font--size-medium width--half\" style=\"background-image:url(https:\/\/lindy.com\/de\/wp-content\/uploads\/sites\/3\/2025\/05\/SovComm.jpg)\"><img decoding=\"async\" class=\"full-width-image__image\" src=\"https:\/\/lindy.com\/de\/wp-content\/uploads\/sites\/3\/2025\/05\/SovComm.jpg\"\/><div class=\"contained\"><div class=\"full-width-image__content\"><\/div><\/div><\/section>\n\n\n\n<section id=\"dagri\" class=\"wp-block-lindy-anchor-section section section--anchor\"><\/section>\n\n\n\n<section class=\"wp-block-lindy-image-text-module section section--full-width-image full-width-image--with-text theme--dark section--animation-none align--left font--camber font--size-medium width--half\" style=\"background-image:url(https:\/\/lindy.com\/de\/wp-content\/uploads\/sites\/3\/2025\/05\/Dagri.jpg)\"><img decoding=\"async\" class=\"full-width-image__image\" src=\"https:\/\/lindy.com\/de\/wp-content\/uploads\/sites\/3\/2025\/05\/Dagri.jpg\"\/><div class=\"contained\"><div class=\"full-width-image__content\"><\/div><\/div><\/section>\n\n\n\n<section class=\"wp-block-lindy-image-text-module section section--full-width-image full-width-image--with-text theme--light section--animation-none align--left font--camber font--size-medium width--half\" style=\"background-image:url()\"><img decoding=\"async\" class=\"full-width-image__image\" src=\"\"\/><div class=\"contained\"><div class=\"full-width-image__content\"><h2 class=\"section__heading\"><span>Dagri<\/span><\/h2><h2 class=\"section__subheading section__subheading__title\">DER PULSSCHLAG DER AV-TECHNIK IN DER CHIRURGIE<\/h2><p class=\"section__paragraph\"><br\/>Die Herausforderung: H\u00f6chste Leistung bei gleichzeitig strikter Kostenkontrolle. Die wirtschaftlichen Matrix-Switches, Extender und Kabelprodukte von Lindy erm\u00f6glichten es, diese Anforderungen kompromisslos zu erf\u00fcllen. <\/p><a href=\"https:\/\/lindy.com\/de\/case-study-dagri-av-technologie\/\" class=\"button button--dark\" target=\"_self\" rel=\"noopener noreferrer\">Zur Case study<\/a><\/div><\/div><\/section>\n\n\n\n<section id=\"golftech\" class=\"wp-block-lindy-anchor-section section section--anchor\"><\/section>\n\n\n\n<section class=\"wp-block-lindy-image-text-module section section--full-width-image full-width-image--with-text theme--dark section--animation-none align--left font--camber font--size-medium width--half\" style=\"background-image:url()\"><img decoding=\"async\" class=\"full-width-image__image\" src=\"\"\/><div class=\"contained\"><div class=\"full-width-image__content\"><h2 class=\"section__heading\"><span>Golf tech<\/span><\/h2><h2 class=\"section__subheading section__subheading__title\">FROM TEE TO GREEN<\/h2><p class=\"section__paragraph\"><br\/>F\u00fcr Golf Tech Systems, einen f\u00fchrenden Anbieter hochwertiger Golfsimulatoren liefert Lindy  leistungsstarke Kabel und Adapter, die eine stabile Signal\u00fcbertragung, h\u00f6chste Zuverl\u00e4ssigkeit und ein verbessertes Benutzererlebnis erm\u00f6glichen.<\/p><a href=\"https:\/\/lindy.com\/de\/case-study-golf-tech-systems-av-installation\/\" class=\"button button--white-transparent\" target=\"_self\" rel=\"noopener noreferrer\">Zur Case study<\/a><\/div><\/div><\/section>\n\n\n\n<section class=\"wp-block-lindy-image-text-module section section--full-width-image full-width-image--with-text theme--dark section--animation-none align--left font--camber font--size-medium width--half\" style=\"background-image:url(https:\/\/lindy.com\/de\/wp-content\/uploads\/sites\/3\/2025\/05\/Golf-Tech.jpg)\"><img decoding=\"async\" class=\"full-width-image__image\" src=\"https:\/\/lindy.com\/de\/wp-content\/uploads\/sites\/3\/2025\/05\/Golf-Tech.jpg\"\/><div class=\"contained\"><div class=\"full-width-image__content\"><\/div><\/div><\/section>\n\n\n\n<section id=\"inogeni\" class=\"wp-block-lindy-anchor-section section section--anchor\"><\/section>\n\n\n\n<section class=\"wp-block-lindy-image-text-module section section--full-width-image full-width-image--with-text theme--dark section--animation-none align--left font--camber font--size-medium width--half\" style=\"background-image:url(https:\/\/lindy.com\/de\/wp-content\/uploads\/sites\/3\/2025\/05\/Inogeni.jpg)\"><img decoding=\"async\" class=\"full-width-image__image\" src=\"https:\/\/lindy.com\/de\/wp-content\/uploads\/sites\/3\/2025\/05\/Inogeni.jpg\"\/><div class=\"contained\"><div class=\"full-width-image__content\"><\/div><\/div><\/section>\n\n\n\n<section class=\"wp-block-lindy-image-text-module section section--full-width-image full-width-image--with-text theme--light section--animation-none align--left font--camber font--size-medium width--half\" style=\"background-image:url()\"><img decoding=\"async\" class=\"full-width-image__image\" src=\"\"\/><div class=\"contained\"><div class=\"full-width-image__content\"><h2 class=\"section__heading\"><span>Inogeni<\/span><\/h2><h2 class=\"section__subheading section__subheading__title\">ERWEITERTE KONNEKTIVIT\u00c4T F\u00dcR NAHTLOSE ZUSAMMENARBEIT<\/h2><p class=\"section__paragraph\"><br\/>Die Kombination aus den USB-C-Hybridkabeln von Lindy und den Toggle Rooms \/ XT-L\u00f6sungen von Inogeni sorgt f\u00fcr stabile Verbindungen und reibungsloses Umschalten \u2013 und erm\u00f6glichst so leistungsstarke, zukunftssichere Meeting-Umgebungen.<\/p><a href=\"https:\/\/lindy.com\/de\/case-study-inogeni-nahtlose-zusammenarbeit\/\" class=\"button button--dark\" target=\"_self\" rel=\"noopener noreferrer\">Zur Case study<\/a><\/div><\/div><\/section>\n\n\n\n<section id=\"neat\" class=\"wp-block-lindy-anchor-section section section--anchor\"><\/section>\n\n\n\n<section class=\"wp-block-lindy-image-text-module section section--full-width-image full-width-image--with-text theme--dark section--animation-none align--left  font--size-medium width--half\" style=\"background-image:url()\"><img decoding=\"async\" class=\"full-width-image__image\" src=\"\"\/><div class=\"contained\"><div class=\"full-width-image__content\"><h2 class=\"section__heading\"><span>Neat<\/span><\/h2><h2 class=\"section__subheading section__subheading__title\">nahtloses Meeting-Erlebnis<\/h2><p class=\"section__paragraph\"><br\/>Lindy und Neat verbinden leistungsstarke Konnektivit\u00e4t mit smarter Videotechnologie. Gemeinsam schaffen sie moderne, aufger\u00e4umte Besprechungsr\u00e4ume \u2013 mit zuverl\u00e4ssiger AV-Integration, hoher Reichweite und einfacher Bedienung f\u00fcr hybride Arbeitswelten.<\/p><a href=\"https:\/\/lindy.com\/de\/nahtlos-case-study-neat-application\/\" class=\"button button--white-transparent\" target=\"_self\" rel=\"noopener noreferrer\">Zur Case Study<\/a><\/div><\/div><\/section>\n\n\n\n<section class=\"wp-block-lindy-image-text-module section section--full-width-image full-width-image--with-text theme--dark section--animation-none align--left  font--size-medium width--half\" style=\"background-image:url(https:\/\/lindy.com\/de\/wp-content\/uploads\/sites\/3\/2025\/07\/universal_upscale_0_d4a37ee9-a891-4d93-a856-60e3c63f5286_0.jpg)\"><img decoding=\"async\" class=\"full-width-image__image\" src=\"https:\/\/lindy.com\/de\/wp-content\/uploads\/sites\/3\/2025\/07\/universal_upscale_0_d4a37ee9-a891-4d93-a856-60e3c63f5286_0.jpg\"\/><div class=\"contained\"><div class=\"full-width-image__content\"><\/div><\/div><\/section>\n\n\n\n<section id=\"viewsonic\" class=\"wp-block-lindy-anchor-section section section--anchor\"><\/section>\n\n\n\n<section class=\"wp-block-lindy-image-text-module section section--full-width-image full-width-image--with-text theme--light section--animation-none align--left  font--size-medium width--half\" style=\"background-image:url(https:\/\/lindy.com\/eu\/wp-content\/uploads\/sites\/10\/2025\/09\/Flux_Dev_A_stateoftheart_conference_room_equipped_with_cutting_2.jpeg)\"><img decoding=\"async\" class=\"full-width-image__image\" src=\"https:\/\/lindy.com\/eu\/wp-content\/uploads\/sites\/10\/2025\/09\/Flux_Dev_A_stateoftheart_conference_room_equipped_with_cutting_2.jpeg\"\/><div class=\"contained\"><div class=\"full-width-image__content\"><\/div><\/div><\/section>\n\n\n\n<section class=\"wp-block-lindy-image-text-module section section--full-width-image full-width-image--with-text theme--light section--animation-none align--left font--camber font--size-medium width--half\" style=\"background-image:url()\"><img decoding=\"async\" class=\"full-width-image__image\" src=\"\"\/><div class=\"contained\"><div class=\"full-width-image__content\"><h2 class=\"section__heading\"><span>VIEWSONIC<\/span><\/h2><h2 class=\"section__subheading section__subheading__title\">PERFEKT VERBUNDEN. BEEINDRUCKEND PR\u00c4SENTIERT.<\/h2><p class=\"section__paragraph\"><br\/>Die Zusammenarbeit zwischen Lindy und ViewSonic erm\u00f6glicht die Realisierung optimaler, zuverl\u00e4ssiger und nahtloser \u00a0interaktiver Umgebungen in gr\u00f6\u00dferen kollaborativen Setups wie Klassen- und Schulungsr\u00e4ume, H\u00f6rs\u00e4le und Meeting-Spaces.<br\/><\/p><a href=\"https:\/\/lindy.com\/de\/case-study-viewsonic\/\" class=\"button button--dark\" target=\"_blank\" rel=\"noopener noreferrer\">zur case study<\/a><\/div><\/div><\/section>\n\n\n\n<section id=\"foroitalico\" class=\"wp-block-lindy-anchor-section section section--anchor\"><\/section>\n\n\n\n<section class=\"wp-block-lindy-image-text-module section section--full-width-image full-width-image--with-text theme--dark section--animation-none align--left font--camber font--size-medium width--half\" style=\"background-image:url()\"><img decoding=\"async\" class=\"full-width-image__image\" src=\"\"\/><div class=\"contained\"><div class=\"full-width-image__content\"><h2 class=\"section__heading\"><span>FORO ITALICO<\/span><\/h2><h2 class=\"section__subheading section__subheading__title\">Starke Bilder, starke Emotionen in der Grand Stand Arena<\/h2><p class=\"section__paragraph\"><br\/>Stage Sound &amp; Light hat die Grand Stand Arena in Rom mit zwei riesigen LED-Video-W\u00e4nden ausgestattet.<br\/>In Zusammenarbeit mit Lindy sorgt die Installation f\u00fcr gestochen scharfe, perfekt synchronisierte und zuverl\u00e4ssige Bilder \u2013 f\u00fcr ein intensives Erlebnis w\u00e4hrend der internationalen Turniere.<\/p><a href=\"https:\/\/lindy.com\/de\/case-study-foro-italico\/\" class=\"button button--white-transparent\" target=\"_blank\" rel=\"noopener noreferrer\">zur case study<\/a><\/div><\/div><\/section>\n\n\n\n<section class=\"wp-block-lindy-image-text-module section section--full-width-image full-width-image--with-text theme--dark section--animation-none align--left  font--size-medium width--half\" style=\"background-image:url(https:\/\/lindy.com\/eu\/wp-content\/uploads\/sites\/10\/2025\/09\/Main-image-1.jpg)\"><img decoding=\"async\" class=\"full-width-image__image\" src=\"https:\/\/lindy.com\/eu\/wp-content\/uploads\/sites\/10\/2025\/09\/Main-image-1.jpg\"\/><div class=\"contained\"><div class=\"full-width-image__content\"><\/div><\/div><\/section>\n\n\n\n<section id=\"poga\" class=\"wp-block-lindy-anchor-section section section--anchor\"><\/section>\n\n\n\n<section class=\"wp-block-lindy-image-text-module section section--full-width-image full-width-image--with-text theme--light section--animation-none align--left  font--size-medium width--half\" style=\"background-image:url(https:\/\/lindy.com\/de\/wp-content\/uploads\/sites\/3\/2026\/03\/Poga_Title_Half-Width.png)\"><img decoding=\"async\" class=\"full-width-image__image\" src=\"https:\/\/lindy.com\/de\/wp-content\/uploads\/sites\/3\/2026\/03\/Poga_Title_Half-Width.png\"\/><div class=\"contained\"><div class=\"full-width-image__content\"><\/div><\/div><\/section>\n\n\n\n<section class=\"wp-block-lindy-image-text-module section section--full-width-image full-width-image--with-text theme--light section--animation-none align--left font--camber font--size-medium width--half\" style=\"background-image:url()\"><img decoding=\"async\" class=\"full-width-image__image\" src=\"\"\/><div class=\"contained\"><div class=\"full-width-image__content\"><h2 class=\"section__heading\"><span><strong>POGA<\/strong><\/span><\/h2><h2 class=\"section__subheading section__subheading__title\">Die Kraft des Gamings \u2013 verbunden durch Exzellenz<\/h2><p class=\"section__paragraph\"><br\/>Lindy und POGA b\u00fcndeln ihre Expertise, um ein hochwertiges, reibungsloses und zuverl\u00e4ssiges portables Gaming-Erlebnis zu schaffen. Dank nahtloser Konnektivit\u00e4t und maximaler Performance ist Gaming jederzeit und \u00fcberall m\u00f6glich.<\/p><a href=\"https:\/\/lindy.com\/de\/case-study-poga\/\" class=\"button button--dark\" target=\"_blank\" rel=\"noopener noreferrer\">Zur Case Study<\/a><\/div><\/div><\/section>\n\n\n\n<section id=\"aver\" class=\"wp-block-lindy-anchor-section section section--anchor\"><\/section>\n\n\n\n<section class=\"wp-block-lindy-image-text-module section section--full-width-image full-width-image--with-text theme--dark section--animation-none align--left  font--size-medium width--half\" style=\"background-image:url()\"><img decoding=\"async\" class=\"full-width-image__image\" src=\"\"\/><div class=\"contained\"><div class=\"full-width-image__content\"><h2 class=\"section__heading\"><span>AVER <\/span><\/h2><h2 class=\"section__subheading section__subheading__title\">Vision erweitern. Verbindung neu denken.<\/h2><p class=\"section__paragraph\"><br\/>Die Zusammenarbeit zwischen Lindy und AVer definiert die Grenzen der Konnektivit\u00e4t neu und verwandelt jede Interaktion in ein nahtloses und inspirierendes Erlebnis.<\/p><a href=\"https:\/\/lindy.com\/de\/case-study-aver\/\" class=\"button button--white-transparent\" target=\"_blank\" rel=\"noopener noreferrer\">zur case study<\/a><\/div><\/div><\/section>\n\n\n\n<section class=\"wp-block-lindy-image-text-module section section--full-width-image full-width-image--with-text theme--dark section--animation-none align--left  font--size-medium width--half\" style=\"background-image:url(https:\/\/lindy.com\/de\/wp-content\/uploads\/sites\/3\/2026\/03\/AVer_Half-Width.png)\"><img decoding=\"async\" class=\"full-width-image__image\" src=\"https:\/\/lindy.com\/de\/wp-content\/uploads\/sites\/3\/2026\/03\/AVer_Half-Width.png\"\/><div class=\"contained\"><div class=\"full-width-image__content\"><\/div><\/div><\/section>\n","protected":false},"excerpt":{"rendered":"","protected":false},"author":20,"featured_media":0,"parent":0,"menu_order":0,"comment_status":"closed","ping_status":"closed","template":"page-templates\/template-landing.php","meta":{"_acf_changed":false,"footnotes":""},"class_list":["post-15218","page","type-page","status-publish","hentry"],"acf":[],"yoast_head":"<!-- This site is optimized with the Yoast SEO plugin v26.6 - https:\/\/yoast.com\/wordpress\/plugins\/seo\/ -->\n<title>Case studies - Lindy - German<\/title>\n<meta name=\"description\" content=\"Erfahren Sie in den Lindy Case Studies, wie unsere Produkte, unsere Erfahrung und unser Know-how den Unterschied machen.\" \/>\n<meta name=\"robots\" content=\"index, follow, max-snippet:-1, max-image-preview:large, max-video-preview:-1\" \/>\n<link rel=\"canonical\" href=\"https:\/\/lindy.com\/de\/case-studies\/\" \/>\n<meta property=\"og:locale\" content=\"de_DE\" \/>\n<meta property=\"og:type\" content=\"article\" \/>\n<meta property=\"og:title\" content=\"Case studies - Lindy - German\" \/>\n<meta property=\"og:description\" content=\"Erfahren Sie in den Lindy Case Studies, wie unsere Produkte, unsere Erfahrung und unser Know-how den Unterschied machen.\" \/>\n<meta property=\"og:url\" content=\"https:\/\/lindy.com\/de\/case-studies\/\" \/>\n<meta property=\"og:site_name\" content=\"Lindy - German\" \/>\n<meta property=\"article:modified_time\" content=\"2026-03-25T12:51:42+00:00\" \/>\n<meta property=\"og:image\" content=\"https:\/\/lindy.com\/de\/wp-content\/uploads\/sites\/3\/2025\/05\/Header-Casestudies.jpg\" \/>\n<meta name=\"twitter:card\" content=\"summary_large_image\" \/>\n<meta name=\"twitter:label1\" content=\"Gesch\u00e4tzte Lesezeit\" \/>\n\t<meta name=\"twitter:data1\" content=\"7 Minuten\" \/>\n<script type=\"application\/ld+json\" class=\"yoast-schema-graph\">{\"@context\":\"https:\/\/schema.org\",\"@graph\":[{\"@type\":\"WebPage\",\"@id\":\"https:\/\/lindy.com\/de\/case-studies\/\",\"url\":\"https:\/\/lindy.com\/de\/case-studies\/\",\"name\":\"Case studies - Lindy - German\",\"isPartOf\":{\"@id\":\"https:\/\/lindy.com\/de\/#website\"},\"primaryImageOfPage\":{\"@id\":\"https:\/\/lindy.com\/de\/case-studies\/#primaryimage\"},\"image\":{\"@id\":\"https:\/\/lindy.com\/de\/case-studies\/#primaryimage\"},\"thumbnailUrl\":\"https:\/\/lindy.com\/de\/wp-content\/uploads\/sites\/3\/2025\/05\/Header-Casestudies.jpg\",\"datePublished\":\"2025-06-02T14:37:13+00:00\",\"dateModified\":\"2026-03-25T12:51:42+00:00\",\"description\":\"Erfahren Sie in den Lindy Case Studies, wie unsere Produkte, unsere Erfahrung und unser Know-how den Unterschied machen.\",\"breadcrumb\":{\"@id\":\"https:\/\/lindy.com\/de\/case-studies\/#breadcrumb\"},\"inLanguage\":\"de-DE\",\"potentialAction\":[{\"@type\":\"ReadAction\",\"target\":[\"https:\/\/lindy.com\/de\/case-studies\/\"]}]},{\"@type\":\"ImageObject\",\"inLanguage\":\"de-DE\",\"@id\":\"https:\/\/lindy.com\/de\/case-studies\/#primaryimage\",\"url\":\"https:\/\/lindy.com\/de\/wp-content\/uploads\/sites\/3\/2025\/05\/Header-Casestudies.jpg\",\"contentUrl\":\"https:\/\/lindy.com\/de\/wp-content\/uploads\/sites\/3\/2025\/05\/Header-Casestudies.jpg\",\"width\":1920,\"height\":1080},{\"@type\":\"BreadcrumbList\",\"@id\":\"https:\/\/lindy.com\/de\/case-studies\/#breadcrumb\",\"itemListElement\":[{\"@type\":\"ListItem\",\"position\":1,\"name\":\"Home\",\"item\":\"https:\/\/lindy.com\/de\/\"},{\"@type\":\"ListItem\",\"position\":2,\"name\":\"Case studies\"}]},{\"@type\":\"WebSite\",\"@id\":\"https:\/\/lindy.com\/de\/#website\",\"url\":\"https:\/\/lindy.com\/de\/\",\"name\":\"Lindy - German\",\"description\":\"Connection Perfection\",\"potentialAction\":[{\"@type\":\"SearchAction\",\"target\":{\"@type\":\"EntryPoint\",\"urlTemplate\":\"https:\/\/lindy.com\/de\/?s={search_term_string}\"},\"query-input\":{\"@type\":\"PropertyValueSpecification\",\"valueRequired\":true,\"valueName\":\"search_term_string\"}}],\"inLanguage\":\"de-DE\"}]}<\/script>\n<!-- \/ Yoast SEO plugin. -->","yoast_head_json":{"title":"Case studies - Lindy - German","description":"Erfahren Sie in den Lindy Case Studies, wie unsere Produkte, unsere Erfahrung und unser Know-how den Unterschied machen.","robots":{"index":"index","follow":"follow","max-snippet":"max-snippet:-1","max-image-preview":"max-image-preview:large","max-video-preview":"max-video-preview:-1"},"canonical":"https:\/\/lindy.com\/de\/case-studies\/","og_locale":"de_DE","og_type":"article","og_title":"Case studies - Lindy - German","og_description":"Erfahren Sie in den Lindy Case Studies, wie unsere Produkte, unsere Erfahrung und unser Know-how den Unterschied machen.","og_url":"https:\/\/lindy.com\/de\/case-studies\/","og_site_name":"Lindy - German","article_modified_time":"2026-03-25T12:51:42+00:00","og_image":[{"url":"https:\/\/lindy.com\/de\/wp-content\/uploads\/sites\/3\/2025\/05\/Header-Casestudies.jpg","type":"","width":"","height":""}],"twitter_card":"summary_large_image","twitter_misc":{"Gesch\u00e4tzte Lesezeit":"7 Minuten"},"schema":{"@context":"https:\/\/schema.org","@graph":[{"@type":"WebPage","@id":"https:\/\/lindy.com\/de\/case-studies\/","url":"https:\/\/lindy.com\/de\/case-studies\/","name":"Case studies - Lindy - German","isPartOf":{"@id":"https:\/\/lindy.com\/de\/#website"},"primaryImageOfPage":{"@id":"https:\/\/lindy.com\/de\/case-studies\/#primaryimage"},"image":{"@id":"https:\/\/lindy.com\/de\/case-studies\/#primaryimage"},"thumbnailUrl":"https:\/\/lindy.com\/de\/wp-content\/uploads\/sites\/3\/2025\/05\/Header-Casestudies.jpg","datePublished":"2025-06-02T14:37:13+00:00","dateModified":"2026-03-25T12:51:42+00:00","description":"Erfahren Sie in den Lindy Case Studies, wie unsere Produkte, unsere Erfahrung und unser Know-how den Unterschied machen.","breadcrumb":{"@id":"https:\/\/lindy.com\/de\/case-studies\/#breadcrumb"},"inLanguage":"de-DE","potentialAction":[{"@type":"ReadAction","target":["https:\/\/lindy.com\/de\/case-studies\/"]}]},{"@type":"ImageObject","inLanguage":"de-DE","@id":"https:\/\/lindy.com\/de\/case-studies\/#primaryimage","url":"https:\/\/lindy.com\/de\/wp-content\/uploads\/sites\/3\/2025\/05\/Header-Casestudies.jpg","contentUrl":"https:\/\/lindy.com\/de\/wp-content\/uploads\/sites\/3\/2025\/05\/Header-Casestudies.jpg","width":1920,"height":1080},{"@type":"BreadcrumbList","@id":"https:\/\/lindy.com\/de\/case-studies\/#breadcrumb","itemListElement":[{"@type":"ListItem","position":1,"name":"Home","item":"https:\/\/lindy.com\/de\/"},{"@type":"ListItem","position":2,"name":"Case studies"}]},{"@type":"WebSite","@id":"https:\/\/lindy.com\/de\/#website","url":"https:\/\/lindy.com\/de\/","name":"Lindy - German","description":"Connection Perfection","potentialAction":[{"@type":"SearchAction","target":{"@type":"EntryPoint","urlTemplate":"https:\/\/lindy.com\/de\/?s={search_term_string}"},"query-input":{"@type":"PropertyValueSpecification","valueRequired":true,"valueName":"search_term_string"}}],"inLanguage":"de-DE"}]}},"_links":{"self":[{"href":"https:\/\/lindy.com\/de\/wp-json\/wp\/v2\/pages\/15218","targetHints":{"allow":["GET"]}}],"collection":[{"href":"https:\/\/lindy.com\/de\/wp-json\/wp\/v2\/pages"}],"about":[{"href":"https:\/\/lindy.com\/de\/wp-json\/wp\/v2\/types\/page"}],"author":[{"embeddable":true,"href":"https:\/\/lindy.com\/de\/wp-json\/wp\/v2\/users\/20"}],"replies":[{"embeddable":true,"href":"https:\/\/lindy.com\/de\/wp-json\/wp\/v2\/comments?post=15218"}],"version-history":[{"count":75,"href":"https:\/\/lindy.com\/de\/wp-json\/wp\/v2\/pages\/15218\/revisions"}],"predecessor-version":[{"id":20078,"href":"https:\/\/lindy.com\/de\/wp-json\/wp\/v2\/pages\/15218\/revisions\/20078"}],"wp:attachment":[{"href":"https:\/\/lindy.com\/de\/wp-json\/wp\/v2\/media?parent=15218"}],"curies":[{"name":"wp","href":"https:\/\/api.w.org\/{rel}","templated":true}]}}