{"id":15294,"date":"2025-06-03T14:26:31","date_gmt":"2025-06-03T14:26:31","guid":{"rendered":"https:\/\/lindy.com\/de\/?page_id=15294"},"modified":"2025-10-15T13:50:26","modified_gmt":"2025-10-15T13:50:26","slug":"know-how-technologien","status":"publish","type":"page","link":"https:\/\/lindy.com\/de\/know-how-technologien\/","title":{"rendered":"Technologien"},"content":{"rendered":"\n<section class=\"wp-block-lindy-parallax-hero section parallax-hero theme--dark align--center  font--size-large\" style=\"background-image:url(https:\/\/lindy.com\/de\/wp-content\/uploads\/sites\/3\/2025\/05\/universal_upscale_0_5f62fa1e-823a-49d7-8e3f-a102406c62c1_0.jpg)\"><div class=\"contained contained--full-width\"><div class=\"parallax-hero__content\"><div class=\"parallax-hero__content-wrapper align--center\"><h2 class=\"section__heading\"><span>Technologien<\/span><\/h2><p class=\"section__paragraph\"><br\/>In unserem Bereich \u201eKnow How\u201c finden Sie umfassende Informationen zu den Technologien, Standards und Entwicklungen, die unsere L\u00f6sungen pr\u00e4gen \u2013 von AV-Signal\u00fcbertragung \u00fcber USB-Technologie bis hin zu Netzwerkl\u00f6sungen. Klar erkl\u00e4rt, praxisnah aufbereitet und immer mit dem Blick aufs Wesentliche.<br\/><br\/><br\/><\/p><\/div><\/div><\/div><\/section>\n\n\n\n<section class=\"wp-block-lindy-image-text-module section section--full-width-image full-width-image--with-text theme--light section--animation-none align--left  font--size-medium width--half\" style=\"background-image:url()\"><img decoding=\"async\" class=\"full-width-image__image\" src=\"\"\/><div class=\"contained\"><div class=\"full-width-image__content\"><h2 class=\"section__heading\"><span>Wissen &amp; Know How<\/span><\/h2><h2 class=\"section__subheading section__subheading__title\">aus \u00fcber 90 Jahren<\/h2><p class=\"section__paragraph\"><br\/>Die Welt der Konnektivit\u00e4t ist komplex und st\u00e4ndig im Wandel. Bei Lindy vereinen wir jahrzehntelange Erfahrung mit technischer Innovationskraft, um Ihnen nicht nur hochwertige Produkte, und handfeste L\u00f6sungen sondern auch fundiertes Fachwissen an die Hand zu geben.<\/p><\/div><\/div><\/section>\n\n\n\n<section class=\"wp-block-lindy-image-text-module section section--full-width-image full-width-image--with-text theme--light section--animation-none align--left  font--size-medium width--half\" style=\"background-image:url()\"><img decoding=\"async\" class=\"full-width-image__image\" src=\"\"\/><div class=\"contained\"><div class=\"full-width-image__content\"><h2 class=\"section__subheading section__subheading__title\">THemen<\/h2><p class=\"section__paragraph\"><br\/>\u2022 <a href=\"#hdmi\">HDMI\u00ae 2.1<\/a><br\/>\u2022 <a href=\"#dp\">Displayport\u2122 2.1<\/a><br\/>\u2022 <a href=\"#usb\">USB<\/a><br\/>\u2022 <a href=\"#usb4\">USB4<\/a><\/p><\/div><\/div><\/section>\n\n\n\n<section id=\"hdmi\" class=\"wp-block-lindy-anchor-section section section--anchor\"><\/section>\n\n\n\n<section class=\"wp-block-lindy-image-text-module section section--full-width-image full-width-image--with-text theme--light section--animation-none align--center  font--size-medium width--half\" style=\"background-image:url(https:\/\/lindy.com\/de\/wp-content\/uploads\/sites\/3\/2025\/06\/HDMI-HW.jpg)\"><img decoding=\"async\" class=\"full-width-image__image\" src=\"https:\/\/lindy.com\/de\/wp-content\/uploads\/sites\/3\/2025\/06\/HDMI-HW.jpg\"\/><div class=\"contained\"><div class=\"full-width-image__content\"><\/div><\/div><\/section>\n\n\n\n<section class=\"wp-block-lindy-image-text-module section section--full-width-image full-width-image--with-text theme--dark section--animation-none align--left  font--size-medium width--half\" style=\"background-image:url()\"><img decoding=\"async\" class=\"full-width-image__image\" src=\"\"\/><div class=\"contained\"><div class=\"full-width-image__content\"><h2 class=\"section__heading\"><span>HDMI<strong>\u00ae<\/strong> 2.1<\/span><\/h2><h2 class=\"section__subheading section__subheading__title\">H\u00f6chste Performance f\u00fcr <br\/>AV-\u00dcbertragungen<\/h2><p class=\"section__paragraph\"><br\/>HDMI 2.1 bringt AV-Konnektivit\u00e4t auf ein neues Niveau: Mit h\u00f6heren Bandbreiten, 8K- und 10K-Aufl\u00f6sungen sowie innovativen Features wie VRR und eARC ist dieser Standard ideal f\u00fcr anspruchsvolle Anwendungen \u2013 von Home Entertainment bis Pro AV.<\/p><a href=\"https:\/\/www.lindy.com\/de\/hdmi-2-1-standard\/\" class=\"button button--white-transparent\" target=\"_self\" rel=\"noopener noreferrer\">Zur Know-How-Seite<\/a><\/div><\/div><\/section>\n\n\n\n<section id=\"dp\" class=\"wp-block-lindy-anchor-section section section--anchor\"><\/section>\n\n\n\n<section class=\"wp-block-lindy-image-text-module section section--full-width-image full-width-image--with-text theme--light section--animation-none align--right  font--size-medium width--half\" style=\"background-image:url()\"><img decoding=\"async\" class=\"full-width-image__image\" src=\"\"\/><div class=\"contained\"><div class=\"full-width-image__content\"><h2 class=\"section__heading\"><span>Displayport<strong>\u2122<\/strong> 2.1<\/span><\/h2><h2 class=\"section__subheading section__subheading__title\">Maximale Flexibilit\u00e4t f\u00fcr moderne Displays<\/h2><p class=\"section__paragraph\"><br\/>DisplayPort\u2122 2.1 \u00fcberzeugt mit beeindruckender Bandbreite, Unterst\u00fctzung f\u00fcr 8K+ Aufl\u00f6sungen und optimaler Effizienz auch bei USB-C-\u00dcbertragungen. Ein zukunftssicherer Standard f\u00fcr High-End-Grafikl\u00f6sungen, Multi-Display-Setups und professionelle Anwendungen.<\/p><a href=\"https:\/\/www.lindy.com\/de\/dp-2-1\/\" class=\"button button--dark\" target=\"_self\" rel=\"noopener noreferrer\">Zur Know-How-Seite<\/a><\/div><\/div><\/section>\n\n\n\n<section class=\"wp-block-lindy-image-text-module section section--full-width-image full-width-image--with-text theme--dark section--animation-none align--center  font--size-medium width--half\" style=\"background-image:url(https:\/\/lindy.com\/de\/wp-content\/uploads\/sites\/3\/2025\/06\/DP-HW.jpg)\"><img decoding=\"async\" class=\"full-width-image__image\" src=\"https:\/\/lindy.com\/de\/wp-content\/uploads\/sites\/3\/2025\/06\/DP-HW.jpg\"\/><div class=\"contained\"><div class=\"full-width-image__content\"><\/div><\/div><\/section>\n\n\n\n<section id=\"usb\" class=\"wp-block-lindy-anchor-section section section--anchor\"><\/section>\n\n\n\n<section class=\"wp-block-lindy-image-text-module section section--full-width-image full-width-image--with-text theme--dark section--animation-none align--left  font--size-medium width--half\" style=\"background-image:url(https:\/\/lindy.com\/de\/wp-content\/uploads\/sites\/3\/2025\/06\/USB-HW-1.jpg)\"><img decoding=\"async\" class=\"full-width-image__image\" src=\"https:\/\/lindy.com\/de\/wp-content\/uploads\/sites\/3\/2025\/06\/USB-HW-1.jpg\"\/><div class=\"contained\"><div class=\"full-width-image__content\"><\/div><\/div><\/section>\n\n\n\n<section class=\"wp-block-lindy-image-text-module section section--full-width-image full-width-image--with-text theme--dark section--animation-none align--left  font--size-medium width--half\" style=\"background-image:url()\"><img decoding=\"async\" class=\"full-width-image__image\" src=\"\"\/><div class=\"contained\"><div class=\"full-width-image__content\"><h2 class=\"section__heading\"><span>USB<\/span><\/h2><h2 class=\"section__subheading section__subheading__title\">Universeller Standard f\u00fcr Daten, Video &amp; Power<\/h2><p class=\"section__paragraph\"><br\/>Ob USB-A, USB-C oder USB4 \u2013 die USB-Technologie ist aus der modernen Konnektivit\u00e4t nicht wegzudenken. Sie bietet schnelle Daten\u00fcbertragung, vielseitige Stromversorgung und unterst\u00fctzt Video- sowie Netzwerkverbindungen \u2013 flexibel, zuverl\u00e4ssig und global verbreitet.<\/p><a href=\"https:\/\/www.lindy.com\/de\/technologie\/usb\/\" class=\"button button--white-transparent\" target=\"_self\" rel=\"noopener noreferrer\">Zur Know-How-Seite<\/a><\/div><\/div><\/section>\n\n\n\n<section id=\"usb4\" class=\"wp-block-lindy-anchor-section section section--anchor\"><\/section>\n\n\n\n<section class=\"wp-block-lindy-image-text-module section section--full-width-image full-width-image--with-text theme--light section--animation-none align--left  font--size-medium width--half\" style=\"background-image:url()\"><img decoding=\"async\" class=\"full-width-image__image\" src=\"\"\/><div class=\"contained\"><div class=\"full-width-image__content\"><h2 class=\"section__heading\"><span>USB4<\/span><\/h2><h2 class=\"section__subheading section__subheading__title\">Konnektivit\u00e4t<br\/>NEU ERLEBEN <\/h2><p class=\"section__paragraph\"><br\/>USB4 vereint maximale Daten\u00fcbertragungsraten, Power Delivery und vielseitige Anschlussm\u00f6glichkeiten \u2013 alles in einem Standard. Perfekt f\u00fcr moderne Workflows, leistungsstarke Peripherie und nahtlose Kompatibilit\u00e4t. Mehr Geschwindigkeit, weniger Kabelsalat.<\/p><a href=\"https:\/\/lindy.com\/de\/usb-4\/\" class=\"button button--dark\" target=\"_self\" rel=\"noopener noreferrer\">Zur Know-How-Seite<\/a><\/div><\/div><\/section>\n\n\n\n<section class=\"wp-block-lindy-image-text-module section section--full-width-image full-width-image--with-text theme--light section--animation-none align--left  font--size-medium width--half\" style=\"background-image:url(https:\/\/lindy.com\/de\/wp-content\/uploads\/sites\/3\/2025\/06\/USB-4_dynamic_cutout-1.jpg)\"><img decoding=\"async\" class=\"full-width-image__image\" src=\"https:\/\/lindy.com\/de\/wp-content\/uploads\/sites\/3\/2025\/06\/USB-4_dynamic_cutout-1.jpg\"\/><div class=\"contained\"><div class=\"full-width-image__content\"><\/div><\/div><\/section>\n","protected":false},"excerpt":{"rendered":"","protected":false},"author":20,"featured_media":0,"parent":0,"menu_order":0,"comment_status":"closed","ping_status":"closed","template":"page-templates\/template-landing.php","meta":{"_acf_changed":false,"footnotes":""},"class_list":["post-15294","page","type-page","status-publish","hentry"],"acf":[],"yoast_head":"<!-- This site is optimized with the Yoast SEO plugin v26.6 - https:\/\/yoast.com\/wordpress\/plugins\/seo\/ -->\n<title>Know How - Technologien - Lindy - German<\/title>\n<meta name=\"description\" content=\"Bei Lindy vereinen wir jahrzehntelange Erfahrung mit technischer Innovation, um Ihnen fundiertes Fachwissen und Know How an die Hand zu geben.\" \/>\n<meta name=\"robots\" content=\"index, follow, max-snippet:-1, max-image-preview:large, max-video-preview:-1\" \/>\n<link rel=\"canonical\" href=\"https:\/\/lindy.com\/de\/know-how-technologien\/\" \/>\n<meta property=\"og:locale\" content=\"de_DE\" \/>\n<meta property=\"og:type\" content=\"article\" \/>\n<meta property=\"og:title\" content=\"Know How - Technologien - Lindy - German\" \/>\n<meta property=\"og:description\" content=\"Bei Lindy vereinen wir jahrzehntelange Erfahrung mit technischer Innovation, um Ihnen fundiertes Fachwissen und Know How an die Hand zu geben.\" \/>\n<meta property=\"og:url\" content=\"https:\/\/lindy.com\/de\/know-how-technologien\/\" \/>\n<meta property=\"og:site_name\" content=\"Lindy - German\" \/>\n<meta property=\"article:modified_time\" content=\"2025-10-15T13:50:26+00:00\" \/>\n<meta property=\"og:image\" content=\"https:\/\/lindy.com\/de\/wp-content\/uploads\/sites\/3\/2025\/06\/HDMI-HW.jpg\" \/>\n<meta name=\"twitter:card\" content=\"summary_large_image\" \/>\n<meta name=\"twitter:label1\" content=\"Gesch\u00e4tzte Lesezeit\" \/>\n\t<meta name=\"twitter:data1\" content=\"4 Minuten\" \/>\n<script type=\"application\/ld+json\" class=\"yoast-schema-graph\">{\"@context\":\"https:\/\/schema.org\",\"@graph\":[{\"@type\":\"WebPage\",\"@id\":\"https:\/\/lindy.com\/de\/know-how-technologien\/\",\"url\":\"https:\/\/lindy.com\/de\/know-how-technologien\/\",\"name\":\"Know How - Technologien - Lindy - German\",\"isPartOf\":{\"@id\":\"https:\/\/lindy.com\/de\/#website\"},\"primaryImageOfPage\":{\"@id\":\"https:\/\/lindy.com\/de\/know-how-technologien\/#primaryimage\"},\"image\":{\"@id\":\"https:\/\/lindy.com\/de\/know-how-technologien\/#primaryimage\"},\"thumbnailUrl\":\"https:\/\/lindy.com\/de\/wp-content\/uploads\/sites\/3\/2025\/06\/HDMI-HW.jpg\",\"datePublished\":\"2025-06-03T14:26:31+00:00\",\"dateModified\":\"2025-10-15T13:50:26+00:00\",\"description\":\"Bei Lindy vereinen wir jahrzehntelange Erfahrung mit technischer Innovation, um Ihnen fundiertes Fachwissen und Know How an die Hand zu geben.\",\"breadcrumb\":{\"@id\":\"https:\/\/lindy.com\/de\/know-how-technologien\/#breadcrumb\"},\"inLanguage\":\"de-DE\",\"potentialAction\":[{\"@type\":\"ReadAction\",\"target\":[\"https:\/\/lindy.com\/de\/know-how-technologien\/\"]}]},{\"@type\":\"ImageObject\",\"inLanguage\":\"de-DE\",\"@id\":\"https:\/\/lindy.com\/de\/know-how-technologien\/#primaryimage\",\"url\":\"https:\/\/lindy.com\/de\/wp-content\/uploads\/sites\/3\/2025\/06\/HDMI-HW.jpg\",\"contentUrl\":\"https:\/\/lindy.com\/de\/wp-content\/uploads\/sites\/3\/2025\/06\/HDMI-HW.jpg\",\"width\":950,\"height\":1000},{\"@type\":\"BreadcrumbList\",\"@id\":\"https:\/\/lindy.com\/de\/know-how-technologien\/#breadcrumb\",\"itemListElement\":[{\"@type\":\"ListItem\",\"position\":1,\"name\":\"Home\",\"item\":\"https:\/\/lindy.com\/de\/\"},{\"@type\":\"ListItem\",\"position\":2,\"name\":\"Technologien\"}]},{\"@type\":\"WebSite\",\"@id\":\"https:\/\/lindy.com\/de\/#website\",\"url\":\"https:\/\/lindy.com\/de\/\",\"name\":\"Lindy - German\",\"description\":\"Connection Perfection\",\"potentialAction\":[{\"@type\":\"SearchAction\",\"target\":{\"@type\":\"EntryPoint\",\"urlTemplate\":\"https:\/\/lindy.com\/de\/?s={search_term_string}\"},\"query-input\":{\"@type\":\"PropertyValueSpecification\",\"valueRequired\":true,\"valueName\":\"search_term_string\"}}],\"inLanguage\":\"de-DE\"}]}<\/script>\n<!-- \/ Yoast SEO plugin. -->","yoast_head_json":{"title":"Know How - Technologien - Lindy - German","description":"Bei Lindy vereinen wir jahrzehntelange Erfahrung mit technischer Innovation, um Ihnen fundiertes Fachwissen und Know How an die Hand zu geben.","robots":{"index":"index","follow":"follow","max-snippet":"max-snippet:-1","max-image-preview":"max-image-preview:large","max-video-preview":"max-video-preview:-1"},"canonical":"https:\/\/lindy.com\/de\/know-how-technologien\/","og_locale":"de_DE","og_type":"article","og_title":"Know How - Technologien - Lindy - German","og_description":"Bei Lindy vereinen wir jahrzehntelange Erfahrung mit technischer Innovation, um Ihnen fundiertes Fachwissen und Know How an die Hand zu geben.","og_url":"https:\/\/lindy.com\/de\/know-how-technologien\/","og_site_name":"Lindy - German","article_modified_time":"2025-10-15T13:50:26+00:00","og_image":[{"url":"https:\/\/lindy.com\/de\/wp-content\/uploads\/sites\/3\/2025\/06\/HDMI-HW.jpg","type":"","width":"","height":""}],"twitter_card":"summary_large_image","twitter_misc":{"Gesch\u00e4tzte Lesezeit":"4 Minuten"},"schema":{"@context":"https:\/\/schema.org","@graph":[{"@type":"WebPage","@id":"https:\/\/lindy.com\/de\/know-how-technologien\/","url":"https:\/\/lindy.com\/de\/know-how-technologien\/","name":"Know How - Technologien - Lindy - German","isPartOf":{"@id":"https:\/\/lindy.com\/de\/#website"},"primaryImageOfPage":{"@id":"https:\/\/lindy.com\/de\/know-how-technologien\/#primaryimage"},"image":{"@id":"https:\/\/lindy.com\/de\/know-how-technologien\/#primaryimage"},"thumbnailUrl":"https:\/\/lindy.com\/de\/wp-content\/uploads\/sites\/3\/2025\/06\/HDMI-HW.jpg","datePublished":"2025-06-03T14:26:31+00:00","dateModified":"2025-10-15T13:50:26+00:00","description":"Bei Lindy vereinen wir jahrzehntelange Erfahrung mit technischer Innovation, um Ihnen fundiertes Fachwissen und Know How an die Hand zu geben.","breadcrumb":{"@id":"https:\/\/lindy.com\/de\/know-how-technologien\/#breadcrumb"},"inLanguage":"de-DE","potentialAction":[{"@type":"ReadAction","target":["https:\/\/lindy.com\/de\/know-how-technologien\/"]}]},{"@type":"ImageObject","inLanguage":"de-DE","@id":"https:\/\/lindy.com\/de\/know-how-technologien\/#primaryimage","url":"https:\/\/lindy.com\/de\/wp-content\/uploads\/sites\/3\/2025\/06\/HDMI-HW.jpg","contentUrl":"https:\/\/lindy.com\/de\/wp-content\/uploads\/sites\/3\/2025\/06\/HDMI-HW.jpg","width":950,"height":1000},{"@type":"BreadcrumbList","@id":"https:\/\/lindy.com\/de\/know-how-technologien\/#breadcrumb","itemListElement":[{"@type":"ListItem","position":1,"name":"Home","item":"https:\/\/lindy.com\/de\/"},{"@type":"ListItem","position":2,"name":"Technologien"}]},{"@type":"WebSite","@id":"https:\/\/lindy.com\/de\/#website","url":"https:\/\/lindy.com\/de\/","name":"Lindy - German","description":"Connection Perfection","potentialAction":[{"@type":"SearchAction","target":{"@type":"EntryPoint","urlTemplate":"https:\/\/lindy.com\/de\/?s={search_term_string}"},"query-input":{"@type":"PropertyValueSpecification","valueRequired":true,"valueName":"search_term_string"}}],"inLanguage":"de-DE"}]}},"_links":{"self":[{"href":"https:\/\/lindy.com\/de\/wp-json\/wp\/v2\/pages\/15294","targetHints":{"allow":["GET"]}}],"collection":[{"href":"https:\/\/lindy.com\/de\/wp-json\/wp\/v2\/pages"}],"about":[{"href":"https:\/\/lindy.com\/de\/wp-json\/wp\/v2\/types\/page"}],"author":[{"embeddable":true,"href":"https:\/\/lindy.com\/de\/wp-json\/wp\/v2\/users\/20"}],"replies":[{"embeddable":true,"href":"https:\/\/lindy.com\/de\/wp-json\/wp\/v2\/comments?post=15294"}],"version-history":[{"count":79,"href":"https:\/\/lindy.com\/de\/wp-json\/wp\/v2\/pages\/15294\/revisions"}],"predecessor-version":[{"id":17612,"href":"https:\/\/lindy.com\/de\/wp-json\/wp\/v2\/pages\/15294\/revisions\/17612"}],"wp:attachment":[{"href":"https:\/\/lindy.com\/de\/wp-json\/wp\/v2\/media?parent=15294"}],"curies":[{"name":"wp","href":"https:\/\/api.w.org\/{rel}","templated":true}]}}