{"id":15441,"date":"2025-06-02T13:12:44","date_gmt":"2025-06-02T13:12:44","guid":{"rendered":"https:\/\/lindy.com\/de\/?page_id=15441"},"modified":"2025-08-04T14:18:12","modified_gmt":"2025-08-04T14:18:12","slug":"case-study-dagri-av-technologie","status":"publish","type":"page","link":"https:\/\/lindy.com\/de\/case-study-dagri-av-technologie\/","title":{"rendered":"CASE STUDY DAGRI"},"content":{"rendered":"\n<section class=\"wp-block-lindy-image-text-module section section--full-width-image full-width-image--with-text theme--dark section--animation-none align--center  font--size-large\" style=\"background-image:url(https:\/\/lindy.com\/fr\/wp-content\/uploads\/sites\/4\/2025\/05\/Header.png)\"><img decoding=\"async\" class=\"full-width-image__image\" src=\"https:\/\/lindy.com\/fr\/wp-content\/uploads\/sites\/4\/2025\/05\/Header.png\"\/><div class=\"contained\"><div class=\"full-width-image__content\"><h2 class=\"section__heading\"><span>ZUVERL\u00c4SSIG &amp;<br\/>KOSTENEFFIZIENT<\/span><\/h2><h2 class=\"section__subheading section__subheading__title\">WO ES AM WICHTIGSTEN IST<\/h2><\/div><\/div><\/section>\n\n\n\n<section class=\"wp-block-lindy-image-text-module section section--full-width-image full-width-image--with-text theme--light section--animation-none align--center font--camber font--size-medium\" style=\"background-image:url()\"><img decoding=\"async\" class=\"full-width-image__image\" src=\"\"\/><div class=\"contained\"><div class=\"full-width-image__content\"><h2 class=\"section__subheading section__subheading__title\">DER PULSSCHLAG DER AV-TECHNologie IN DER CHIRURGIE, ANGETRIEBEN VON LINDY<\/h2><p class=\"section__paragraph\"><br\/>Als Dagri Engineering eine Partnerschaft mit Lindy einging, um AV-Routing-L\u00f6sungen f\u00fcr Projekte im Nahen Osten, in Asien und S\u00fcdafrika umzusetzen, war die Herausforderung klar definiert: H\u00f6chste Leistung bei gleichzeitig strikter Kostenkontrolle. Die wirtschaftliche AV-Technologie \u2013 Matrix-Switches, Extender und Kabelprodukte von Lindy erm\u00f6glichte es, diese Anforderungen kompromisslos zu erf\u00fcllen. Sie \u00fcberzeugten durch Zuverl\u00e4ssigkeit, Effizienz und volle Funktionalit\u00e4t \u2013 und zeigten, dass hochwertige technische L\u00f6sungen nicht zwangsl\u00e4ufig mit hohen Kosten verbunden sein m\u00fcssen.<\/p><\/div><\/div><\/section>\n\n\n\n<section class=\"wp-block-lindy-image-text-module section section--full-width-image full-width-image--with-text theme--dark section--animation-none align--left  font--size-medium width--half\" style=\"background-image:url(https:\/\/lindy.com\/fr\/wp-content\/uploads\/sites\/4\/2025\/05\/Challence-720x360-1.png)\"><img decoding=\"async\" class=\"full-width-image__image\" src=\"https:\/\/lindy.com\/fr\/wp-content\/uploads\/sites\/4\/2025\/05\/Challence-720x360-1.png\"\/><div class=\"contained\"><div class=\"full-width-image__content\"><\/div><\/div><\/section>\n\n\n\n<section class=\"wp-block-lindy-image-text-module section section--full-width-image full-width-image--with-text theme--dark section--animation-none align--left  font--size-medium width--half\" style=\"background-image:url()\"><img decoding=\"async\" class=\"full-width-image__image\" src=\"\"\/><div class=\"contained\"><div class=\"full-width-image__content\"><h2 class=\"section__heading\"><span>DIE HERAUSFORDERUNG<\/span><\/h2><p class=\"section__paragraph\"><br\/>Viele kleinere Krankenh\u00e4user und Kliniken<br\/>standen vor einer zentralen H\u00fcrde:<br\/>Budgetbeschr\u00e4nkungen verhinderten die<br\/>Einf\u00fchrung moderner AV-Routing-Systeme.<br\/>Hochwertige L\u00f6sungen waren f\u00fcr zahlreiche<br\/>Einrichtungen finanziell nicht realisierbar \u2013<br\/>mit sp\u00fcrbaren Folgen f\u00fcr die betriebliche<br\/>Effizienz und die Integration fortschrittlicher<br\/>chirurgischer Arbeitsabl\u00e4ufe.<\/p><\/div><\/div><\/section>\n\n\n\n<section class=\"wp-block-lindy-key-info section section--key-info theme--light section--animation-none\"><div class=\"contained\"><div class=\"grid-2_sm-1-center\"><div class=\"col left_item\"><div class=\"box\"><h3 class=\"section__heading\">DIE L\u00d6SUNG VON LINDY<\/h3><div class=\"section__content\"><p class=\"section__content\">Um diesen Anforderungen gerecht zu werden, stellte Lindy leistungsf\u00e4hige AV-Matrix-Switches<br\/>zur Verf\u00fcgung \u2013 insbesondere die 4K-f\u00e4higen 8&#215;8- und 4&#215;4-Modelle \u2013 erg\u00e4nzt durch passende Extender und Hochgeschwindigkeits-Kabel. Diese Komponenten bildeten die Grundlage f\u00fcr ein benutzerfreundliches, zugleich robustes Routingsystem zur \u00dcbertragung von Videosignalen innerhalb und au\u00dferhalb der Operationss\u00e4le. Das Ergebnis war eine zuverl\u00e4ssige, kosteneffiziente L\u00f6sung, die es Krankenh\u00e4usern erm\u00f6glichte, moderne AV- Technologie zu integrieren \u2013 ohne Kompromisse bei Qualit\u00e4t oder Leistungsf\u00e4higkeit.<\/p><\/div><\/div><\/div><div class=\"col right_item\"><div class=\"box\"><h3 class=\"section__heading\"><\/h3><div class=\"section__content\"><p class=\"section__content\"><br\/>Bevor die Systeme in den Klinikalltag integriert wurden, f\u00fchrte Dagri umfassende interne Tests sowie Live-Demonstrationen im firmeneigenen Showroom durch. Die L\u00f6sungen von Lindy bew\u00e4hrten sich anschlie\u00dfend im realen Einsatz: Sie unterst\u00fctzten die zuverl\u00e4ssige AV-Signalverteilung in Operationss\u00e4len, erm\u00f6glichten die Aufzeichnung wichtiger chirurgischer Eingriffe und das Streaming von Videoinhalten \u00fcber den OP hinaus. Die Implementierung erwies sich an mehreren Standorten als effizient, stabil und praxistauglich.<\/p><\/div><\/div><\/div><\/div><\/div><\/section>\n\n\n\n<section class=\"wp-block-lindy-heading-text section section--heading-text theme--dark align--center  font--size-medium section--animation-none\"><div class=\"contained\"><h2 class=\"section__heading\"><span>H\u00c4UFIG VERWENDETE PRODUKTE<\/span><\/h2><\/div><\/section>\n\n\n\n<section class=\"wp-block-lindy-image-text-module section section--full-width-image full-width-image--with-text theme--dark section--animation-none align--left  font--size-medium width--half\" style=\"background-image:url()\"><img decoding=\"async\" class=\"full-width-image__image\" src=\"\"\/><div class=\"contained\"><div class=\"full-width-image__content\"><p class=\"section__paragraph\"><strong>No. 38512 -20m Fibre-Optic-Hybrid HDMI 8K60 Kabel<\/strong><br\/><br\/>\u00dcbertr\u00e4gt unkomprimierte 8K60-Videoinhalte \u00fcber gro\u00dfe Entfernungen ohne Signalverlust.<\/p><a href=\"https:\/\/www.lindy.de\/?websale8=ld0101.ld011101&amp;pi=38512&amp;etcc_cmp=LP-Dagri&amp;etcc_med=WebSite-DE\" class=\"button button--white-transparent\" target=\"_blank\" rel=\"noopener noreferrer\">SHOP ONLINE<\/a><\/div><\/div><\/section>\n\n\n\n<section class=\"wp-block-lindy-image-text-module section section--full-width-image full-width-image--with-text theme--dark section--animation-none align--left  font--size-medium width--half\" style=\"background-image:url(https:\/\/lindy.com\/fr\/wp-content\/uploads\/sites\/4\/2025\/05\/38512_HW.jpg)\"><img decoding=\"async\" class=\"full-width-image__image\" src=\"https:\/\/lindy.com\/fr\/wp-content\/uploads\/sites\/4\/2025\/05\/38512_HW.jpg\"\/><div class=\"contained\"><div class=\"full-width-image__content\"><\/div><\/div><\/section>\n\n\n\n<section class=\"wp-block-lindy-image-text-module section section--full-width-image full-width-image--with-text theme--dark section--animation-none align--left  font--size-medium width--half\" style=\"background-image:url(https:\/\/lindy.com\/fr\/wp-content\/uploads\/sites\/4\/2025\/05\/36474_HW.jpg)\"><img decoding=\"async\" class=\"full-width-image__image\" src=\"https:\/\/lindy.com\/fr\/wp-content\/uploads\/sites\/4\/2025\/05\/36474_HW.jpg\"\/><div class=\"contained\"><div class=\"full-width-image__content\"><\/div><\/div><\/section>\n\n\n\n<section class=\"wp-block-lindy-image-text-module section section--full-width-image full-width-image--with-text theme--light section--animation-none align--left  font--size-medium width--half\" style=\"background-image:url()\"><img decoding=\"async\" class=\"full-width-image__image\" src=\"\"\/><div class=\"contained\"><div class=\"full-width-image__content\"><p class=\"section__paragraph\"><strong>No. 36474 &#8211; 5m High Speed HDMI\u00ae Kabel, Black Line<\/strong><br\/><br\/>Dreifach abgeschirmtes 4K-60Hz-Kabel mit<br\/>vergoldeten Kontakten.<\/p><a href=\"https:\/\/www.lindy.de\/?websale8=ld0101.ld011101&amp;pi=36474&amp;etcc_cmp=LP-Dagri&amp;etcc_med=WebSite-DE\" class=\"button button--dark\" target=\"_blank\" rel=\"noopener noreferrer\">SHOP ONLINE<\/a><\/div><\/div><\/section>\n\n\n\n<section class=\"wp-block-lindy-image-text-module section section--full-width-image full-width-image--with-text theme--dark section--animation-none align--left  font--size-medium width--half\" style=\"background-image:url()\"><img decoding=\"async\" class=\"full-width-image__image\" src=\"\"\/><div class=\"contained\"><div class=\"full-width-image__content\"><p class=\"section__paragraph\"><strong>No. 38334 &#8211; 8&#215;8 HDMI\u00ae 4K60 Matrix<\/strong><br\/><br\/>Wechselt zwischen 8 HDMI\u00ae-Quellen und leitet die Inhalte mit 4K60 &amp; HDR frei w\u00e4hl- und schaltbar an bis zu 8 Displays. <\/p><a href=\"https:\/\/www.lindy.de\/?websale8=ld0101.ld011101&amp;pi=38334&amp;etcc_cmp=LP-Dagri&amp;etcc_med=WebSite-DE\" class=\"button button--white-transparent\" target=\"_blank\" rel=\"noopener noreferrer\">SHOP ONLINE<\/a><\/div><\/div><\/section>\n\n\n\n<section class=\"wp-block-lindy-image-text-module section section--full-width-image full-width-image--with-text theme--dark section--animation-none align--left  font--size-medium width--half\" style=\"background-image:url(https:\/\/lindy.com\/fr\/wp-content\/uploads\/sites\/4\/2025\/05\/38334_HW.jpg)\"><img decoding=\"async\" class=\"full-width-image__image\" src=\"https:\/\/lindy.com\/fr\/wp-content\/uploads\/sites\/4\/2025\/05\/38334_HW.jpg\"\/><div class=\"contained\"><div class=\"full-width-image__content\"><\/div><\/div><\/section>\n\n\n\n<section class=\"wp-block-lindy-image-text-module section section--full-width-image full-width-image--with-text theme--dark section--animation-none align--left  font--size-medium width--half\" style=\"background-image:url(https:\/\/lindy.com\/fr\/wp-content\/uploads\/sites\/4\/2025\/05\/38170_HW.jpg)\"><img decoding=\"async\" class=\"full-width-image__image\" src=\"https:\/\/lindy.com\/fr\/wp-content\/uploads\/sites\/4\/2025\/05\/38170_HW.jpg\"\/><div class=\"contained\"><div class=\"full-width-image__content\"><\/div><\/div><\/section>\n\n\n\n<section class=\"wp-block-lindy-image-text-module section section--full-width-image full-width-image--with-text theme--light section--animation-none align--left  font--size-medium width--half\" style=\"background-image:url()\"><img decoding=\"async\" class=\"full-width-image__image\" src=\"\"\/><div class=\"contained\"><div class=\"full-width-image__content\"><p class=\"section__paragraph\"><strong>No. 38170 &#8211; 300m Fibre Optic HDMI\u00ae 4K30 Extender<\/strong><br\/><br\/>\u00dcbertr\u00e4gt 4K-Audio und -Video mit einem einzigen LC-Multimode-Faserkabel.<\/p><a href=\"https:\/\/www.lindy.de\/?websale8=ld0101.ld011101&amp;pi=38170&amp;etcc_cmp=LP-Dagri&amp;etcc_med=WebSite-DE\" class=\"button button--dark\" target=\"_blank\" rel=\"noopener noreferrer\">SHOP ONLINE<\/a><\/div><\/div><\/section>\n\n\n\n<section class=\"wp-block-lindy-parallax-hero section parallax-hero theme--dark align--right font--camber font--size-medium\" style=\"background-image:url(https:\/\/lindy.com\/fr\/wp-content\/uploads\/sites\/4\/2025\/05\/Banner-without-text.png)\"><div class=\"contained contained--full-width\"><div class=\"parallax-hero__content\"><div class=\"parallax-hero__content-wrapper align--right\"><h2 class=\"section__subheading section__subheading__title\">\u201eDie Ergebnisse sprechen f\u00fcr sich selbst. Wir haben Lindy-Systeme in Dutzenden von Operationss\u00e4len installiert, und das Feedback von den medizinischen Teams war \u00fcberw\u00e4ltigend positiv.\u201c<\/h2><p class=\"section__paragraph\"><br\/>Damjan Grill, Dagri Engineering, MD<\/p><\/div><\/div><\/div><\/section>\n\n\n\n<section class=\"wp-block-lindy-heading-text section section--heading-text theme--light align--center  font--size-medium section--animation-none\"><div class=\"contained\"><h2 class=\"section__heading\"><span>ERGEBNISSE UND VORTEILE<\/span><\/h2><\/div><\/section>\n\n\n\n<section class=\"wp-block-lindy-key-info section section--key-info theme--light section--animation-none\"><div class=\"contained\"><div class=\"grid-2_sm-1-center\"><div class=\"col left_item\"><div class=\"box\"><h3 class=\"section__heading\">Quantitative Ergebnisse<\/h3><div class=\"section__content\"><p class=\"section__content\">\u00dcber 100 AV-Matrix-Einheiten weltweit im Einsatz, mit Installationen in 56 L\u00e4ndern<br\/><br\/>Dagri realisiert j\u00e4hrlich zwischen 150 und 200 AV-Integrationsl\u00f6sungen \u2013 viele davon auf Basis der Lindy-Matrix-Technologie<br\/><br\/>Im Jahr 2024 wurden 20 komplette<br\/>Operationss\u00e4le mit Lindy- Komponenten ausgestattet, darunter \u00fcber 200 hybride Glasfaser-HDMI\u00ae-Kabel<\/p><\/div><\/div><\/div><div class=\"col right_item\"><div class=\"box\"><h3 class=\"section__heading\">Qualitative Ergebnisse<\/h3><div class=\"section__content\"><p class=\"section__content\">Zuverl\u00e4ssiges, benutzerfreundliches AV-Routing in sensiblen chirurgischen Einsatzbereichen gew\u00e4hrleistet<br\/><br\/>Deutlich kosteneffizientere L\u00f6sung f\u00fcr private Kliniken und kleinere Krankenh\u00e4user im Vergleich zu hochpreisigen Systemen<br\/><br\/>Hohe Integrationsflexibilit\u00e4t: Unterst\u00fctzung von Zusatzfunktionen wie Video-Streaming und Aufzeichnung \u00fcber Ger\u00e4te von Drittanbietern<\/p><\/div><\/div><\/div><\/div><\/div><\/section>\n\n\n\n<section class=\"wp-block-lindy-parallax-hero section parallax-hero theme--light align--left  font--size-medium\" style=\"background-image:url(https:\/\/lindy.com\/de\/wp-content\/uploads\/sites\/3\/2025\/06\/DE_Dagri.png)\"><div class=\"contained contained--full-width\"><div class=\"parallax-hero__content\"><div class=\"parallax-hero__content-wrapper align--left\"><\/div><\/div><\/div><\/section>\n\n\n\n<section class=\"wp-block-lindy-heading-text section section--heading-text theme--light align--center  font--size-medium section--animation-none\"><div class=\"contained\"><h2 class=\"section__heading\"><span>FAZIT &amp; AUSBLICK<\/span><\/h2><\/div><\/section>\n\n\n\n<section class=\"wp-block-lindy-key-info section section--key-info theme--light section--animation-none\"><div class=\"contained\"><div class=\"grid-2_sm-1-center\"><div class=\"col left_item\"><div class=\"box\"><h3 class=\"section__heading\">Erfolgreiche Projektumsetzung<\/h3><div class=\"section__content\"><p class=\"section__content\">Die Zusammenarbeit mit Lindy erm\u00f6glichte es Dagri Engineering, den Zugang zu moderner AV-Technologie auch in Regionen mit begrenzten finanziellen Ressourcen nachhaltig zu verbessern. Durch den Einsatz skalierbarer und zuverl\u00e4ssiger Systeme konnten chirurgische Abl\u00e4ufe modernisiert und die Qualit\u00e4t der Patientenversorgung gesteigert werden. Die bew\u00e4hrte Performance der Lindy-L\u00f6sungen hat das Unternehmen als verl\u00e4sslichen, langfristigen Partner im Bereich der medizinischen AVIntegration etabliert.<\/p><\/div><\/div><\/div><div class=\"col right_item\"><div class=\"box\"><h3 class=\"section__heading\">Branchenrelevanz<\/h3><div class=\"section__content\"><p class=\"section__content\">Diese Case Study unterstreicht Lindys Kompetenz, leistungsstarke und wirtschaftliche AV-L\u00f6sungen f\u00fcr hochspezialisierte Anwendungen im Gesundheitswesen bereitzustellen. Besonders in einem Umfeld, in dem Zuverl\u00e4ssigkeit, Effizienz und Kosteneffektivit\u00e4t entscheidend sind, erweist sich Lindy als herausragender technologischer Partner auf Augenh\u00f6he.<\/p><\/div><\/div><\/div><\/div><\/div><\/section>\n\n\n\n<section class=\"wp-block-lindy-image-text-module section section--full-width-image full-width-image--with-text theme--dark section--animation-none align--left  font--size-medium width--half\" style=\"background-image:url(https:\/\/lindy.com\/fr\/wp-content\/uploads\/sites\/4\/2025\/05\/Mock-up-case-sudy-2-1.jpg)\"><img decoding=\"async\" class=\"full-width-image__image\" src=\"https:\/\/lindy.com\/fr\/wp-content\/uploads\/sites\/4\/2025\/05\/Mock-up-case-sudy-2-1.jpg\"\/><div class=\"contained\"><div class=\"full-width-image__content\"><\/div><\/div><\/section>\n\n\n\n<section class=\"wp-block-lindy-image-text-module section section--full-width-image full-width-image--with-text theme--dark section--animation-none align--center  font--size-small width--half\" style=\"background-image:url()\"><img decoding=\"async\" class=\"full-width-image__image\" src=\"\"\/><div class=\"contained\"><div class=\"full-width-image__content\"><h2 class=\"section__subheading section__subheading__title\">Hat Sie diese Fallstudie inspiriert oder neue Impulse gegeben? <\/h2><p class=\"section__paragraph\"><br\/><strong><strong>Laden Sie die PDF-Version ganz einfach <\/strong><\/strong><br\/><strong><strong>mit einem Klick herunter.<\/strong><\/strong><\/p><a href=\"https:\/\/lindy.com\/de\/wp-content\/uploads\/sites\/3\/2025\/05\/Lindy-x-Dagri-Case-Study-DE.pdf\" class=\"button button--white-transparent\" target=\"_blank\" rel=\"noopener noreferrer\">\ud83d\udce5 Jetzt herunterladen<\/a><\/div><\/div><\/section>\n","protected":false},"excerpt":{"rendered":"","protected":false},"author":28,"featured_media":0,"parent":0,"menu_order":0,"comment_status":"closed","ping_status":"closed","template":"page-templates\/template-landing.php","meta":{"_acf_changed":false,"footnotes":""},"class_list":["post-15441","page","type-page","status-publish","hentry"],"acf":[],"yoast_head":"<!-- This site is optimized with the Yoast SEO plugin v26.6 - https:\/\/yoast.com\/wordpress\/plugins\/seo\/ -->\n<title>CASE STUDY DAGRI - Lindy - German \u2013 AV-Technologie<\/title>\n<meta name=\"description\" content=\"Wir bei Lindy realisieren gemeinsam mit unseren Kunden ma\u00dfgeschneiderte AV-Technologie L\u00f6sungen f\u00fcr anspruchsvolle IT- und AV-Infrastrukturen.\" \/>\n<meta name=\"robots\" content=\"index, follow, max-snippet:-1, max-image-preview:large, max-video-preview:-1\" \/>\n<link rel=\"canonical\" href=\"https:\/\/lindy.com\/de\/case-study-dagri-av-technologie\/\" \/>\n<meta property=\"og:locale\" content=\"de_DE\" \/>\n<meta property=\"og:type\" content=\"article\" \/>\n<meta property=\"og:title\" content=\"CASE STUDY DAGRI - Lindy - German \u2013 AV-Technologie\" \/>\n<meta property=\"og:description\" content=\"Wir bei Lindy realisieren gemeinsam mit unseren Kunden ma\u00dfgeschneiderte AV-Technologie L\u00f6sungen f\u00fcr anspruchsvolle IT- und AV-Infrastrukturen.\" \/>\n<meta property=\"og:url\" content=\"https:\/\/lindy.com\/de\/case-study-dagri-av-technologie\/\" \/>\n<meta property=\"og:site_name\" content=\"Lindy - German\" \/>\n<meta property=\"article:modified_time\" content=\"2025-08-04T14:18:12+00:00\" \/>\n<meta property=\"og:image\" content=\"https:\/\/lindy.com\/fr\/wp-content\/uploads\/sites\/4\/2025\/05\/Header.png\" \/>\n<meta name=\"twitter:card\" content=\"summary_large_image\" \/>\n<meta name=\"twitter:label1\" content=\"Gesch\u00e4tzte Lesezeit\" \/>\n\t<meta name=\"twitter:data1\" content=\"7 Minuten\" \/>\n<script type=\"application\/ld+json\" class=\"yoast-schema-graph\">{\"@context\":\"https:\/\/schema.org\",\"@graph\":[{\"@type\":\"WebPage\",\"@id\":\"https:\/\/lindy.com\/de\/case-study-dagri-av-technologie\/\",\"url\":\"https:\/\/lindy.com\/de\/case-study-dagri-av-technologie\/\",\"name\":\"CASE STUDY DAGRI - Lindy - German \u2013 AV-Technologie\",\"isPartOf\":{\"@id\":\"https:\/\/lindy.com\/de\/#website\"},\"primaryImageOfPage\":{\"@id\":\"https:\/\/lindy.com\/de\/case-study-dagri-av-technologie\/#primaryimage\"},\"image\":{\"@id\":\"https:\/\/lindy.com\/de\/case-study-dagri-av-technologie\/#primaryimage\"},\"thumbnailUrl\":\"https:\/\/lindy.com\/fr\/wp-content\/uploads\/sites\/4\/2025\/05\/Header.png\",\"datePublished\":\"2025-06-02T13:12:44+00:00\",\"dateModified\":\"2025-08-04T14:18:12+00:00\",\"description\":\"Wir bei Lindy realisieren gemeinsam mit unseren Kunden ma\u00dfgeschneiderte AV-Technologie L\u00f6sungen f\u00fcr anspruchsvolle IT- und AV-Infrastrukturen.\",\"breadcrumb\":{\"@id\":\"https:\/\/lindy.com\/de\/case-study-dagri-av-technologie\/#breadcrumb\"},\"inLanguage\":\"de-DE\",\"potentialAction\":[{\"@type\":\"ReadAction\",\"target\":[\"https:\/\/lindy.com\/de\/case-study-dagri-av-technologie\/\"]}]},{\"@type\":\"ImageObject\",\"inLanguage\":\"de-DE\",\"@id\":\"https:\/\/lindy.com\/de\/case-study-dagri-av-technologie\/#primaryimage\",\"url\":\"https:\/\/lindy.com\/fr\/wp-content\/uploads\/sites\/4\/2025\/05\/Header.png\",\"contentUrl\":\"https:\/\/lindy.com\/fr\/wp-content\/uploads\/sites\/4\/2025\/05\/Header.png\"},{\"@type\":\"BreadcrumbList\",\"@id\":\"https:\/\/lindy.com\/de\/case-study-dagri-av-technologie\/#breadcrumb\",\"itemListElement\":[{\"@type\":\"ListItem\",\"position\":1,\"name\":\"Home\",\"item\":\"https:\/\/lindy.com\/de\/\"},{\"@type\":\"ListItem\",\"position\":2,\"name\":\"CASE STUDY DAGRI\"}]},{\"@type\":\"WebSite\",\"@id\":\"https:\/\/lindy.com\/de\/#website\",\"url\":\"https:\/\/lindy.com\/de\/\",\"name\":\"Lindy - German\",\"description\":\"Connection Perfection\",\"potentialAction\":[{\"@type\":\"SearchAction\",\"target\":{\"@type\":\"EntryPoint\",\"urlTemplate\":\"https:\/\/lindy.com\/de\/?s={search_term_string}\"},\"query-input\":{\"@type\":\"PropertyValueSpecification\",\"valueRequired\":true,\"valueName\":\"search_term_string\"}}],\"inLanguage\":\"de-DE\"}]}<\/script>\n<!-- \/ Yoast SEO plugin. -->","yoast_head_json":{"title":"CASE STUDY DAGRI - Lindy - German \u2013 AV-Technologie","description":"Wir bei Lindy realisieren gemeinsam mit unseren Kunden ma\u00dfgeschneiderte AV-Technologie L\u00f6sungen f\u00fcr anspruchsvolle IT- und AV-Infrastrukturen.","robots":{"index":"index","follow":"follow","max-snippet":"max-snippet:-1","max-image-preview":"max-image-preview:large","max-video-preview":"max-video-preview:-1"},"canonical":"https:\/\/lindy.com\/de\/case-study-dagri-av-technologie\/","og_locale":"de_DE","og_type":"article","og_title":"CASE STUDY DAGRI - Lindy - German \u2013 AV-Technologie","og_description":"Wir bei Lindy realisieren gemeinsam mit unseren Kunden ma\u00dfgeschneiderte AV-Technologie L\u00f6sungen f\u00fcr anspruchsvolle IT- und AV-Infrastrukturen.","og_url":"https:\/\/lindy.com\/de\/case-study-dagri-av-technologie\/","og_site_name":"Lindy - German","article_modified_time":"2025-08-04T14:18:12+00:00","og_image":[{"url":"https:\/\/lindy.com\/fr\/wp-content\/uploads\/sites\/4\/2025\/05\/Header.png","type":"","width":"","height":""}],"twitter_card":"summary_large_image","twitter_misc":{"Gesch\u00e4tzte Lesezeit":"7 Minuten"},"schema":{"@context":"https:\/\/schema.org","@graph":[{"@type":"WebPage","@id":"https:\/\/lindy.com\/de\/case-study-dagri-av-technologie\/","url":"https:\/\/lindy.com\/de\/case-study-dagri-av-technologie\/","name":"CASE STUDY DAGRI - Lindy - German \u2013 AV-Technologie","isPartOf":{"@id":"https:\/\/lindy.com\/de\/#website"},"primaryImageOfPage":{"@id":"https:\/\/lindy.com\/de\/case-study-dagri-av-technologie\/#primaryimage"},"image":{"@id":"https:\/\/lindy.com\/de\/case-study-dagri-av-technologie\/#primaryimage"},"thumbnailUrl":"https:\/\/lindy.com\/fr\/wp-content\/uploads\/sites\/4\/2025\/05\/Header.png","datePublished":"2025-06-02T13:12:44+00:00","dateModified":"2025-08-04T14:18:12+00:00","description":"Wir bei Lindy realisieren gemeinsam mit unseren Kunden ma\u00dfgeschneiderte AV-Technologie L\u00f6sungen f\u00fcr anspruchsvolle IT- und AV-Infrastrukturen.","breadcrumb":{"@id":"https:\/\/lindy.com\/de\/case-study-dagri-av-technologie\/#breadcrumb"},"inLanguage":"de-DE","potentialAction":[{"@type":"ReadAction","target":["https:\/\/lindy.com\/de\/case-study-dagri-av-technologie\/"]}]},{"@type":"ImageObject","inLanguage":"de-DE","@id":"https:\/\/lindy.com\/de\/case-study-dagri-av-technologie\/#primaryimage","url":"https:\/\/lindy.com\/fr\/wp-content\/uploads\/sites\/4\/2025\/05\/Header.png","contentUrl":"https:\/\/lindy.com\/fr\/wp-content\/uploads\/sites\/4\/2025\/05\/Header.png"},{"@type":"BreadcrumbList","@id":"https:\/\/lindy.com\/de\/case-study-dagri-av-technologie\/#breadcrumb","itemListElement":[{"@type":"ListItem","position":1,"name":"Home","item":"https:\/\/lindy.com\/de\/"},{"@type":"ListItem","position":2,"name":"CASE STUDY DAGRI"}]},{"@type":"WebSite","@id":"https:\/\/lindy.com\/de\/#website","url":"https:\/\/lindy.com\/de\/","name":"Lindy - German","description":"Connection Perfection","potentialAction":[{"@type":"SearchAction","target":{"@type":"EntryPoint","urlTemplate":"https:\/\/lindy.com\/de\/?s={search_term_string}"},"query-input":{"@type":"PropertyValueSpecification","valueRequired":true,"valueName":"search_term_string"}}],"inLanguage":"de-DE"}]}},"_links":{"self":[{"href":"https:\/\/lindy.com\/de\/wp-json\/wp\/v2\/pages\/15441","targetHints":{"allow":["GET"]}}],"collection":[{"href":"https:\/\/lindy.com\/de\/wp-json\/wp\/v2\/pages"}],"about":[{"href":"https:\/\/lindy.com\/de\/wp-json\/wp\/v2\/types\/page"}],"author":[{"embeddable":true,"href":"https:\/\/lindy.com\/de\/wp-json\/wp\/v2\/users\/28"}],"replies":[{"embeddable":true,"href":"https:\/\/lindy.com\/de\/wp-json\/wp\/v2\/comments?post=15441"}],"version-history":[{"count":26,"href":"https:\/\/lindy.com\/de\/wp-json\/wp\/v2\/pages\/15441\/revisions"}],"predecessor-version":[{"id":16524,"href":"https:\/\/lindy.com\/de\/wp-json\/wp\/v2\/pages\/15441\/revisions\/16524"}],"wp:attachment":[{"href":"https:\/\/lindy.com\/de\/wp-json\/wp\/v2\/media?parent=15441"}],"curies":[{"name":"wp","href":"https:\/\/api.w.org\/{rel}","templated":true}]}}