{"id":15473,"date":"2025-06-02T14:23:26","date_gmt":"2025-06-02T14:23:26","guid":{"rendered":"https:\/\/lindy.com\/de\/?page_id=15473"},"modified":"2026-03-13T11:38:25","modified_gmt":"2026-03-13T11:38:25","slug":"case-study-inogeni-nahtlose-zusammenarbeit","status":"publish","type":"page","link":"https:\/\/lindy.com\/de\/case-study-inogeni-nahtlose-zusammenarbeit\/","title":{"rendered":"CASE STUDY INOGENI"},"content":{"rendered":"\n<section class=\"wp-block-lindy-image-text-module section section--full-width-image full-width-image--with-text theme--dark section--animation-none align--center  font--size-large\" style=\"background-image:url(https:\/\/lindy.com\/fr\/wp-content\/uploads\/sites\/4\/2025\/05\/Inogeni_header.png)\"><img decoding=\"async\" class=\"full-width-image__image\" src=\"https:\/\/lindy.com\/fr\/wp-content\/uploads\/sites\/4\/2025\/05\/Inogeni_header.png\"\/><div class=\"contained\"><div class=\"full-width-image__content\"><h2 class=\"section__heading\"><span><mark style=\"background-color:rgba(0, 0, 0, 0)\" class=\"has-inline-color has-white-color\">INTELLIGENTE AV-L\u00d6SUNGEN \u2013<br\/>ZUKUNFTSSICHERE <mark style=\"background-color:rgba(0, 0, 0, 0)\" class=\"has-inline-color has-white-color\"><mark style=\"background-color:rgba(0, 0, 0, 0)\" class=\"has-inline-color has-white-color\">MEETINGR\u00c4UME<\/mark><\/mark> <\/mark><\/span><\/h2><\/div><\/div><\/section>\n\n\n\n<section class=\"wp-block-lindy-image-text-module section section--full-width-image full-width-image--with-text theme--dark section--animation-none align--center font--camber font--size-medium\" style=\"background-image:url()\"><img decoding=\"async\" class=\"full-width-image__image\" src=\"\"\/><div class=\"contained\"><div class=\"full-width-image__content\"><h2 class=\"section__subheading section__subheading__title\">ERWEITERTE KONNEKTIVIT\u00c4T F\u00dcR NAHTLOSE ZUSAMMENARBEIT<\/h2><p class=\"section__paragraph\"><br\/>In modernen Konferenzr\u00e4umen und gro\u00dffl\u00e4chigen AV-Installationen sind stabile Verbindungen und reibungsloses Umschalten entscheidend. Ohne die passende Technologie leidet die Meeting-Effizienz \u2013 USB-Verbindungsabbr\u00fcche, manuelles Umschalten und Signalverluste f\u00fchren zu Verz\u00f6gerungen, Frustration und Produktivit\u00e4tseinbu\u00dfen. Die Kombination aus den USB-C-Hybridkabeln von Lindy und den Toggle Rooms \/ XT-L\u00f6sungen von Inogeni schafft hier zuverl\u00e4ssige Abhilfe \u2013 und erm\u00f6glicht leistungsstarke, zukunftssichere Meeting-Umgebungen f\u00fcr die nahtlose Zusammenarbeit.<\/p><\/div><\/div><\/section>\n\n\n\n<section class=\"wp-block-lindy-image-text-module section section--full-width-image full-width-image--with-text theme--dark section--animation-none align--left  font--size-medium width--half\" style=\"background-image:url(https:\/\/lindy.com\/fr\/wp-content\/uploads\/sites\/4\/2025\/05\/Challenge.png)\"><img decoding=\"async\" class=\"full-width-image__image\" src=\"https:\/\/lindy.com\/fr\/wp-content\/uploads\/sites\/4\/2025\/05\/Challenge.png\"\/><div class=\"contained\"><div class=\"full-width-image__content\"><\/div><\/div><\/section>\n\n\n\n<section class=\"wp-block-lindy-image-text-module section section--full-width-image full-width-image--with-text theme--light section--animation-none align--left  font--size-medium width--half\" style=\"background-image:url()\"><img decoding=\"async\" class=\"full-width-image__image\" src=\"\"\/><div class=\"contained\"><div class=\"full-width-image__content\"><h2 class=\"section__heading\"><span>DIE HERAUSFORDERUNG<\/span><\/h2><p class=\"section__paragraph\"><br\/><strong>AV-Konnektivit\u00e4t und Ger\u00e4temanagement neu<br\/>gedacht:<\/strong><br\/><br\/>Der Wechsel zwischen einem fest<br\/>installierten Raum-PC und einem mitgebrachten<br\/>Laptop sollte intuitiv und unterbrechungsfrei<br\/>m\u00f6glich sein. In der Praxis jedoch scheitern viele<br\/>Setups an instabilen USB-Verbindungen,<br\/>Signalabbr\u00fcchen und umst\u00e4ndlichen<br\/>Umschaltprozessen. Die Folge: verlorene Zeit,<br\/>reduzierte Effizienz und ein unprofessionelles<br\/>Nutzungserlebnis.<\/p><\/div><\/div><\/section>\n\n\n\n<section class=\"wp-block-lindy-image-text-module section section--full-width-image full-width-image--with-text theme--dark section--animation-none align--left  font--size-medium width--half\" style=\"background-image:url()\"><img decoding=\"async\" class=\"full-width-image__image\" src=\"\"\/><div class=\"contained\"><div class=\"full-width-image__content\"><h2 class=\"section__heading\"><span>DIE L\u00d6SUNG<\/span><\/h2><p class=\"section__paragraph\"><br\/><strong>Flexibles Umschalten, stabile Verbindung<\/strong><br\/><br\/>Die Kombination aus Inogeni Toggle Rooms \/ XT und dem USB-C Hybridkabel von Lindy bietet eine skalierbare L\u00f6sung f\u00fcr Konferenzr\u00e4ume jeder Gr\u00f6\u00dfe. Sie beseitigt technische H\u00fcrden, vereinfacht das Ger\u00e4temanagement und erm\u00f6glicht eine reibungslose Zusammenarbeit \u2013 ganz ohne manuelles Umkonfigurieren.<\/p><\/div><\/div><\/section>\n\n\n\n<section class=\"wp-block-lindy-image-text-module section section--full-width-image full-width-image--with-text theme--light section--animation-none align--left  font--size-medium width--half\" style=\"background-image:url(https:\/\/lindy.com\/fr\/wp-content\/uploads\/sites\/4\/2025\/05\/Inogeni-2_HW-1.jpg)\"><img decoding=\"async\" class=\"full-width-image__image\" src=\"https:\/\/lindy.com\/fr\/wp-content\/uploads\/sites\/4\/2025\/05\/Inogeni-2_HW-1.jpg\"\/><div class=\"contained\"><div class=\"full-width-image__content\"><\/div><\/div><\/section>\n\n\n\n\n\n<section class=\"wp-block-lindy-heading-text section section--heading-text theme--light align--center  font--size-medium section--animation-none\"><div class=\"contained\"><h2 class=\"section__heading\"><span><br\/>EINGESETZTE PRODUKTE<\/span><\/h2><h2 class=\"section__subheading section__subheading__title\"><br\/><\/h2><\/div><\/section>\n\n\n\n<section class=\"wp-block-lindy-image-text-module section section--full-width-image full-width-image--with-text theme--light section--animation-none align--left  font--size-medium width--half\" style=\"background-image:url(https:\/\/lindy.com\/fr\/wp-content\/uploads\/sites\/4\/2025\/05\/Toogle-2_HW.jpg)\"><img decoding=\"async\" class=\"full-width-image__image\" src=\"https:\/\/lindy.com\/fr\/wp-content\/uploads\/sites\/4\/2025\/05\/Toogle-2_HW.jpg\"\/><div class=\"contained\"><div class=\"full-width-image__content\"><\/div><\/div><\/section>\n\n\n\n<section class=\"wp-block-lindy-image-text-module section section--full-width-image full-width-image--with-text theme--light section--animation-none align--left font--camber font--size-medium width--half\" style=\"background-image:url()\"><img decoding=\"async\" class=\"full-width-image__image\" src=\"\"\/><div class=\"contained\"><div class=\"full-width-image__content\"><h2 class=\"section__subheading section__subheading__title\">Inogeni Toggle Rooms\/XT<\/h2><p class=\"section__paragraph\"><br\/>Ein einziges Kabel f\u00fcr maximale Kontrolle:<br\/>100W USB-C f\u00fcr Strom, Daten &amp; Video<br\/><br\/>Intuitives Umschalten zwischen mehreren<br\/>Hosts und Peripherieger\u00e4ten<br\/><br\/>HDBaseT-Technologie f\u00fcr verlustfreie<br\/>Video\u00fcbertragung (4K60 bis 40 m, 1080p<br\/>bis 70 m)<br\/><br\/>Kompatibel mit Microsoft Teams, Zoom,<br\/>Logitech, Crestron u. v. m.<\/p><\/div><\/div><\/section>\n\n\n\n<section id=\"usb-c\" class=\"wp-block-lindy-anchor-section section section--anchor\"><\/section>\n\n\n\n<section class=\"wp-block-lindy-image-text-module section section--full-width-image full-width-image--with-text theme--dark section--animation-none align--left font--camber font--size-medium width--half\" style=\"background-image:url()\"><img decoding=\"async\" class=\"full-width-image__image\" src=\"\"\/><div class=\"contained\"><div class=\"full-width-image__content\"><h2 class=\"section__subheading section__subheading__title\">Lindy Hybrid-Kabel Typ C USB 3.2 Gen 2 &amp; DP 1.4<\/h2><p class=\"section__paragraph\"><br\/>Daten\u00fcbertragung mit 10 Gbit\/s &amp; 4K-Video mit bis zu 144 Hz<br\/><br\/>USB 3.2 + DisplayPort 1.4 + 60W Power<br\/>Delivery mit einem einzigen \u00dcbertragungskabel<br\/><br\/>Ideal f\u00fcr gro\u00dfe Konferenztische und AV-Setups<br\/>\u2013 erh\u00e4ltlich in 10 m &amp; 15 m<br\/><br\/>Stabile, langstreckentaugliche Verbindung<br\/>dank Glasfasertechnologie<\/p><a href=\"https:\/\/www.lindy.de\/?websale8=ld0101.ld011101&amp;tpl=tpl_inhalt.htm&amp;include_tpl=servicepages\/incl_content_page_usb-c-ext_cmp.htm#products\" class=\"button button--white-transparent\" target=\"_blank\" rel=\"noopener noreferrer\">Mehr \u00fcber die Produkte erfahren<\/a><\/div><\/div><\/section>\n\n\n\n<section class=\"wp-block-lindy-image-text-module section section--full-width-image full-width-image--with-text theme--dark section--animation-none align--left  font--size-medium width--half\" style=\"background-image:url(https:\/\/lindy.com\/fr\/wp-content\/uploads\/sites\/4\/2025\/05\/43398_99_HW-1.jpg)\"><img decoding=\"async\" class=\"full-width-image__image\" src=\"https:\/\/lindy.com\/fr\/wp-content\/uploads\/sites\/4\/2025\/05\/43398_99_HW-1.jpg\"\/><div class=\"contained\"><div class=\"full-width-image__content\"><\/div><\/div><\/section>\n\n\n\n<section class=\"wp-block-lindy-image-text-module section section--full-width-image full-width-image--with-text theme--dark section--animation-none align--left  font--size-medium width--half\" style=\"background-image:url(https:\/\/lindy.com\/fr\/wp-content\/uploads\/sites\/4\/2025\/05\/Peopke-with-cable-HW.jpg)\"><img decoding=\"async\" class=\"full-width-image__image\" src=\"https:\/\/lindy.com\/fr\/wp-content\/uploads\/sites\/4\/2025\/05\/Peopke-with-cable-HW.jpg\"\/><div class=\"contained\"><div class=\"full-width-image__content\"><\/div><\/div><\/section>\n\n\n\n<section class=\"wp-block-lindy-image-text-module section section--full-width-image full-width-image--with-text theme--dark section--animation-none align--left  font--size-large width--half\" style=\"background-image:url()\"><img decoding=\"async\" class=\"full-width-image__image\" src=\"\"\/><div class=\"contained\"><div class=\"full-width-image__content\"><p class=\"section__paragraph\"><br\/><br\/>&#8222;WITH LINDY&#8217;S USB-C HYBRID CABLE EXTENDING UP TO 15 METRES, INOGENI&#8217;S TOGGLE ROOMS SOLUTIONS PROVIDE UNMATCHED CONNECTIVITY AND SUPERIOR PERFORMANCE &#8211; EVEN IN THE MOST DEMANDING ENVIRONMENTS.&#8220; <br\/><br\/>Jean-Pierre Simard, INOGENI Inc. CMO<\/p><\/div><\/div><\/section>\n\n\n\n<section class=\"wp-block-lindy-heading-text section section--heading-text theme--light align--center  font--size-medium section--animation-none\"><div class=\"contained\"><h2 class=\"section__heading\"><span><br\/>ERGEBNISSE &amp; VORTEILE<\/span><\/h2><\/div><\/section>\n\n\n\n<section class=\"wp-block-lindy-key-info section section--key-info theme--light section--animation-none\"><div class=\"contained\"><div class=\"grid-2_sm-1-center\"><div class=\"col left_item\"><div class=\"box\"><h3 class=\"section__heading\"><\/h3><div class=\"section__content\"><p class=\"section__content\">Die leistungsstarken USB-C-L\u00f6sungen von Lindy<br\/>in Verbindung mit der Toggle Room-Technologie<br\/>von Inogeni er\u00f6ffnen Unternehmen eine innovative<br\/>M\u00f6glichkeit, Konnektivit\u00e4t zu erweitern und die<br\/>Effizienz in Besprechungsr\u00e4umen nachhaltig zu<br\/>steigern. Durch die nahtlose Integration beider<br\/>Systeme wird ein m\u00fcheloser Wechsel zwischen<br\/>verschiedenen Konferenzplattformen erm\u00f6glicht \u2013<br\/>ganz ohne Kompatibilit\u00e4tsprobleme oder<br\/>wiederholte Neukonfiguration.<br\/><br\/>Die erweiterte Reichweite der USB-C-Verbindungen<br\/>erlaubt es, Peripherieger\u00e4te wie Kameras, Mikrofone und Displays flexibel im Raum zu positionieren. Teams k\u00f6nnen diese Komponenten von jedem beliebigen Punkt am Tisch aus einbinden.<\/p><\/div><\/div><\/div><div class=\"col right_item\"><div class=\"box\"><h3 class=\"section__heading\"><\/h3><div class=\"section__content\"><p class=\"section__content\">Dadurch geh\u00f6ren Einschr\u00e4nkungen durch kurze<br\/>Kabel oder umst\u00e4ndliche Setups der Vergangenheit<br\/>an.<br\/><br\/>Gleichzeitig schafft die L\u00f6sung ein deutlich h\u00f6heres Ma\u00df an Flexibilit\u00e4t und Produktivit\u00e4t. Unternehmen sind in der Lage, moderne Meetingr\u00e4ume zu gestalten, die sich nahtlos an hybride Arbeitsformen anpassen \u2013 unabh\u00e4ngig davon, ob Teilnehmende vor Ort oder remote zugeschaltet sind. Durch die Reduktion technischer Komplexit\u00e4t und die Optimierung audiovisueller Workflows bieten Lindy und Inogeni eine zuverl\u00e4ssige, professionelle und zukunftsf\u00e4hige L\u00f6sung f\u00fcr collaborative Arbeitsumgebungen.<\/p><\/div><\/div><\/div><\/div><\/div><\/section>\n\n\n\n<section class=\"wp-block-lindy-parallax-hero section parallax-hero theme--light align--center  font--size-medium\" style=\"background-image:url(https:\/\/lindy.com\/de\/wp-content\/uploads\/sites\/3\/2025\/06\/DE_Inogeni.png)\"><div class=\"contained contained--full-width\"><div class=\"parallax-hero__content\"><div class=\"parallax-hero__content-wrapper align--center\"><\/div><\/div><\/div><\/section>\n\n\n\n<section class=\"wp-block-lindy-image-text-module section section--full-width-image full-width-image--with-text theme--light section--animation-none align--center  font--size-medium\" style=\"background-image:url()\"><img decoding=\"async\" class=\"full-width-image__image\" src=\"\"\/><div class=\"contained\"><div class=\"full-width-image__content\"><h2 class=\"section__heading\"><span>FAZIT &amp; AUSBLICK<\/span><\/h2><p class=\"section__paragraph\"><br\/>Hybride Meetings sind l\u00e4ngst Realit\u00e4t \u2013 doch viele AV-Installationen sind daf\u00fcr noch nicht ger\u00fcstet. Die Integration der leistungsstarken USB-C-L\u00f6sungen von Lindy mit den durchdachten Switch-Technologien von Inogeni schafft genau die Flexibilit\u00e4t, die moderne Arbeitsumgebungen heute ben\u00f6tigen. <br\/><br\/>Teams k\u00f6nnen Konferenztechnik wie Kameras, Mikrofone und Displays flexibel im Raum platzieren \u2013 ohne durch Kabell\u00e4ngen oder Schnittstellen eingeschr\u00e4nkt zu sein. Diese L\u00f6sung senkt die Komplexit\u00e4t, erh\u00f6ht die Nutzerfreundlichkeit und macht Konferenzr\u00e4ume zukunftsf\u00e4hig \u2013 ganz gleich, ob f\u00fcr Pr\u00e4senz, Remote oder hybride Zusammenarbeit.<\/p><\/div><\/div><\/section>\n\n\n\n<section class=\"wp-block-lindy-image-text-module section section--full-width-image full-width-image--with-text theme--dark section--animation-none align--left  font--size-medium width--half\" style=\"background-image:url(https:\/\/lindy.com\/fr\/wp-content\/uploads\/sites\/4\/2025\/05\/Mock-up-case-sudy-Inogeni.jpg)\"><img decoding=\"async\" class=\"full-width-image__image\" src=\"https:\/\/lindy.com\/fr\/wp-content\/uploads\/sites\/4\/2025\/05\/Mock-up-case-sudy-Inogeni.jpg\"\/><div class=\"contained\"><div class=\"full-width-image__content\"><\/div><\/div><\/section>\n\n\n\n<section class=\"wp-block-lindy-image-text-module section section--full-width-image full-width-image--with-text theme--dark section--animation-none align--center  font--size-small width--half\" style=\"background-image:url()\"><img decoding=\"async\" class=\"full-width-image__image\" src=\"\"\/><div class=\"contained\"><div class=\"full-width-image__content\"><h2 class=\"section__subheading section__subheading__title\">Hat Sie diese Fallstudie inspiriert oder neue Impulse gegeben?<\/h2><p class=\"section__paragraph\"><br\/><strong><strong>Laden Sie die PDF-Version ganz einfach <\/strong><\/strong><br\/><strong><strong>mit einem Klick herunter.<\/strong> <\/strong><\/p><a href=\"https:\/\/lindy.com\/de\/wp-content\/uploads\/sites\/3\/2025\/05\/Lindy-x-Inogeni-Application-Case-Study-DE-1.pdf\" class=\"button button--white-transparent\" target=\"_blank\" rel=\"noopener noreferrer\">\ud83d\udce5 Jetzt herunterladen<\/a><\/div><\/div><\/section>\n","protected":false},"excerpt":{"rendered":"","protected":false},"author":28,"featured_media":0,"parent":0,"menu_order":0,"comment_status":"closed","ping_status":"closed","template":"page-templates\/template-landing.php","meta":{"_acf_changed":false,"footnotes":""},"class_list":["post-15473","page","type-page","status-publish","hentry"],"acf":[],"yoast_head":"<!-- This site is optimized with the Yoast SEO plugin v26.6 - https:\/\/yoast.com\/wordpress\/plugins\/seo\/ -->\n<title>CASE STUDY INOGENI - Lindy - German \u2013 nahtlose Zusammenarbeit<\/title>\n<meta name=\"description\" content=\"Die Kombination aus den USB-C-Hybridkabeln von Lindy und den Toggle Rooms\/XT-L\u00f6sungen von Inogeni erm\u00f6glicht nahtlose Zusammenarbeit.\" \/>\n<meta name=\"robots\" content=\"index, follow, max-snippet:-1, max-image-preview:large, max-video-preview:-1\" \/>\n<link rel=\"canonical\" href=\"https:\/\/lindy.com\/de\/case-study-inogeni-nahtlose-zusammenarbeit\/\" \/>\n<meta property=\"og:locale\" content=\"de_DE\" \/>\n<meta property=\"og:type\" content=\"article\" \/>\n<meta property=\"og:title\" content=\"CASE STUDY INOGENI - Lindy - German \u2013 nahtlose Zusammenarbeit\" \/>\n<meta property=\"og:description\" content=\"Die Kombination aus den USB-C-Hybridkabeln von Lindy und den Toggle Rooms\/XT-L\u00f6sungen von Inogeni erm\u00f6glicht nahtlose Zusammenarbeit.\" \/>\n<meta property=\"og:url\" content=\"https:\/\/lindy.com\/de\/case-study-inogeni-nahtlose-zusammenarbeit\/\" \/>\n<meta property=\"og:site_name\" content=\"Lindy - German\" \/>\n<meta property=\"article:modified_time\" content=\"2026-03-13T11:38:25+00:00\" \/>\n<meta property=\"og:image\" content=\"https:\/\/lindy.com\/fr\/wp-content\/uploads\/sites\/4\/2025\/05\/Inogeni_header.png\" \/>\n<meta name=\"twitter:card\" content=\"summary_large_image\" \/>\n<meta name=\"twitter:label1\" content=\"Gesch\u00e4tzte Lesezeit\" \/>\n\t<meta name=\"twitter:data1\" content=\"7 Minuten\" \/>\n<script type=\"application\/ld+json\" class=\"yoast-schema-graph\">{\"@context\":\"https:\/\/schema.org\",\"@graph\":[{\"@type\":\"WebPage\",\"@id\":\"https:\/\/lindy.com\/de\/case-study-inogeni-nahtlose-zusammenarbeit\/\",\"url\":\"https:\/\/lindy.com\/de\/case-study-inogeni-nahtlose-zusammenarbeit\/\",\"name\":\"CASE STUDY INOGENI - Lindy - German \u2013 nahtlose Zusammenarbeit\",\"isPartOf\":{\"@id\":\"https:\/\/lindy.com\/de\/#website\"},\"primaryImageOfPage\":{\"@id\":\"https:\/\/lindy.com\/de\/case-study-inogeni-nahtlose-zusammenarbeit\/#primaryimage\"},\"image\":{\"@id\":\"https:\/\/lindy.com\/de\/case-study-inogeni-nahtlose-zusammenarbeit\/#primaryimage\"},\"thumbnailUrl\":\"https:\/\/lindy.com\/fr\/wp-content\/uploads\/sites\/4\/2025\/05\/Inogeni_header.png\",\"datePublished\":\"2025-06-02T14:23:26+00:00\",\"dateModified\":\"2026-03-13T11:38:25+00:00\",\"description\":\"Die Kombination aus den USB-C-Hybridkabeln von Lindy und den Toggle Rooms\/XT-L\u00f6sungen von Inogeni erm\u00f6glicht nahtlose Zusammenarbeit.\",\"breadcrumb\":{\"@id\":\"https:\/\/lindy.com\/de\/case-study-inogeni-nahtlose-zusammenarbeit\/#breadcrumb\"},\"inLanguage\":\"de-DE\",\"potentialAction\":[{\"@type\":\"ReadAction\",\"target\":[\"https:\/\/lindy.com\/de\/case-study-inogeni-nahtlose-zusammenarbeit\/\"]}]},{\"@type\":\"ImageObject\",\"inLanguage\":\"de-DE\",\"@id\":\"https:\/\/lindy.com\/de\/case-study-inogeni-nahtlose-zusammenarbeit\/#primaryimage\",\"url\":\"https:\/\/lindy.com\/fr\/wp-content\/uploads\/sites\/4\/2025\/05\/Inogeni_header.png\",\"contentUrl\":\"https:\/\/lindy.com\/fr\/wp-content\/uploads\/sites\/4\/2025\/05\/Inogeni_header.png\"},{\"@type\":\"BreadcrumbList\",\"@id\":\"https:\/\/lindy.com\/de\/case-study-inogeni-nahtlose-zusammenarbeit\/#breadcrumb\",\"itemListElement\":[{\"@type\":\"ListItem\",\"position\":1,\"name\":\"Home\",\"item\":\"https:\/\/lindy.com\/de\/\"},{\"@type\":\"ListItem\",\"position\":2,\"name\":\"CASE STUDY INOGENI\"}]},{\"@type\":\"WebSite\",\"@id\":\"https:\/\/lindy.com\/de\/#website\",\"url\":\"https:\/\/lindy.com\/de\/\",\"name\":\"Lindy - German\",\"description\":\"Connection Perfection\",\"potentialAction\":[{\"@type\":\"SearchAction\",\"target\":{\"@type\":\"EntryPoint\",\"urlTemplate\":\"https:\/\/lindy.com\/de\/?s={search_term_string}\"},\"query-input\":{\"@type\":\"PropertyValueSpecification\",\"valueRequired\":true,\"valueName\":\"search_term_string\"}}],\"inLanguage\":\"de-DE\"}]}<\/script>\n<!-- \/ Yoast SEO plugin. -->","yoast_head_json":{"title":"CASE STUDY INOGENI - Lindy - German \u2013 nahtlose Zusammenarbeit","description":"Die Kombination aus den USB-C-Hybridkabeln von Lindy und den Toggle Rooms\/XT-L\u00f6sungen von Inogeni erm\u00f6glicht nahtlose Zusammenarbeit.","robots":{"index":"index","follow":"follow","max-snippet":"max-snippet:-1","max-image-preview":"max-image-preview:large","max-video-preview":"max-video-preview:-1"},"canonical":"https:\/\/lindy.com\/de\/case-study-inogeni-nahtlose-zusammenarbeit\/","og_locale":"de_DE","og_type":"article","og_title":"CASE STUDY INOGENI - Lindy - German \u2013 nahtlose Zusammenarbeit","og_description":"Die Kombination aus den USB-C-Hybridkabeln von Lindy und den Toggle Rooms\/XT-L\u00f6sungen von Inogeni erm\u00f6glicht nahtlose Zusammenarbeit.","og_url":"https:\/\/lindy.com\/de\/case-study-inogeni-nahtlose-zusammenarbeit\/","og_site_name":"Lindy - German","article_modified_time":"2026-03-13T11:38:25+00:00","og_image":[{"url":"https:\/\/lindy.com\/fr\/wp-content\/uploads\/sites\/4\/2025\/05\/Inogeni_header.png","type":"","width":"","height":""}],"twitter_card":"summary_large_image","twitter_misc":{"Gesch\u00e4tzte Lesezeit":"7 Minuten"},"schema":{"@context":"https:\/\/schema.org","@graph":[{"@type":"WebPage","@id":"https:\/\/lindy.com\/de\/case-study-inogeni-nahtlose-zusammenarbeit\/","url":"https:\/\/lindy.com\/de\/case-study-inogeni-nahtlose-zusammenarbeit\/","name":"CASE STUDY INOGENI - Lindy - German \u2013 nahtlose Zusammenarbeit","isPartOf":{"@id":"https:\/\/lindy.com\/de\/#website"},"primaryImageOfPage":{"@id":"https:\/\/lindy.com\/de\/case-study-inogeni-nahtlose-zusammenarbeit\/#primaryimage"},"image":{"@id":"https:\/\/lindy.com\/de\/case-study-inogeni-nahtlose-zusammenarbeit\/#primaryimage"},"thumbnailUrl":"https:\/\/lindy.com\/fr\/wp-content\/uploads\/sites\/4\/2025\/05\/Inogeni_header.png","datePublished":"2025-06-02T14:23:26+00:00","dateModified":"2026-03-13T11:38:25+00:00","description":"Die Kombination aus den USB-C-Hybridkabeln von Lindy und den Toggle Rooms\/XT-L\u00f6sungen von Inogeni erm\u00f6glicht nahtlose Zusammenarbeit.","breadcrumb":{"@id":"https:\/\/lindy.com\/de\/case-study-inogeni-nahtlose-zusammenarbeit\/#breadcrumb"},"inLanguage":"de-DE","potentialAction":[{"@type":"ReadAction","target":["https:\/\/lindy.com\/de\/case-study-inogeni-nahtlose-zusammenarbeit\/"]}]},{"@type":"ImageObject","inLanguage":"de-DE","@id":"https:\/\/lindy.com\/de\/case-study-inogeni-nahtlose-zusammenarbeit\/#primaryimage","url":"https:\/\/lindy.com\/fr\/wp-content\/uploads\/sites\/4\/2025\/05\/Inogeni_header.png","contentUrl":"https:\/\/lindy.com\/fr\/wp-content\/uploads\/sites\/4\/2025\/05\/Inogeni_header.png"},{"@type":"BreadcrumbList","@id":"https:\/\/lindy.com\/de\/case-study-inogeni-nahtlose-zusammenarbeit\/#breadcrumb","itemListElement":[{"@type":"ListItem","position":1,"name":"Home","item":"https:\/\/lindy.com\/de\/"},{"@type":"ListItem","position":2,"name":"CASE STUDY INOGENI"}]},{"@type":"WebSite","@id":"https:\/\/lindy.com\/de\/#website","url":"https:\/\/lindy.com\/de\/","name":"Lindy - German","description":"Connection Perfection","potentialAction":[{"@type":"SearchAction","target":{"@type":"EntryPoint","urlTemplate":"https:\/\/lindy.com\/de\/?s={search_term_string}"},"query-input":{"@type":"PropertyValueSpecification","valueRequired":true,"valueName":"search_term_string"}}],"inLanguage":"de-DE"}]}},"_links":{"self":[{"href":"https:\/\/lindy.com\/de\/wp-json\/wp\/v2\/pages\/15473","targetHints":{"allow":["GET"]}}],"collection":[{"href":"https:\/\/lindy.com\/de\/wp-json\/wp\/v2\/pages"}],"about":[{"href":"https:\/\/lindy.com\/de\/wp-json\/wp\/v2\/types\/page"}],"author":[{"embeddable":true,"href":"https:\/\/lindy.com\/de\/wp-json\/wp\/v2\/users\/28"}],"replies":[{"embeddable":true,"href":"https:\/\/lindy.com\/de\/wp-json\/wp\/v2\/comments?post=15473"}],"version-history":[{"count":25,"href":"https:\/\/lindy.com\/de\/wp-json\/wp\/v2\/pages\/15473\/revisions"}],"predecessor-version":[{"id":19661,"href":"https:\/\/lindy.com\/de\/wp-json\/wp\/v2\/pages\/15473\/revisions\/19661"}],"wp:attachment":[{"href":"https:\/\/lindy.com\/de\/wp-json\/wp\/v2\/media?parent=15473"}],"curies":[{"name":"wp","href":"https:\/\/api.w.org\/{rel}","templated":true}]}}