{"id":157,"date":"2018-11-09T11:52:04","date_gmt":"2018-11-09T11:52:04","guid":{"rendered":"https:\/\/lindy.com\/de\/?page_id=157"},"modified":"2024-04-24T11:23:53","modified_gmt":"2024-04-24T11:23:53","slug":"pressekontakte","status":"publish","type":"page","link":"https:\/\/lindy.com\/de\/pressekontakte\/","title":{"rendered":"Pressekontakte"},"content":{"rendered":"<p><\/p>\n<p style=\"text-align: center;\">F\u00fcr Anfragen bez\u00fcglich Deutschland, Italien und Frankreich kontaktieren Sie bitte<\/p>\n<h3 style=\"text-align: center;\"><span style=\"text-decoration: underline;\"><strong><a href=\"https:\/\/www.corpnewsmedia.de\/\">corpNEWSmedia<\/a><\/strong><\/span><\/h3>\n<p style=\"text-align: center;\">\n<\/p><p style=\"text-align: center;\"><strong>corpNEWSmedia<\/strong><\/p>\n<p style=\"text-align: center;\">Claudia Th\u00f6ring<br>Redaktion<br>Tel.: +49 (0) 40 207 6969 82<br>E-Mail: <a href=\"mailto:claudia.thoering@corpnewsmedia.de\">claudia.thoering@corpnewsmedia.de<\/a><\/p>\n<p style=\"text-align: center;\">Th\u00f6ring &amp; Stuhr\/Claudia Th\u00f6ring&nbsp;<\/p>\n<p style=\"text-align: center;\"><\/p>\n\n\n<hr class=\"wp-block-separator has-alpha-channel-opacity is-style-dots\"\/>\n\n\n\n<div style=\"height:123px\" aria-hidden=\"true\" class=\"wp-block-spacer\"><\/div>\n\n\n<p style=\"text-align: center;\">F\u00fcr alle Presseanfragen aus Gro\u00dfbritannien &amp; Irland kontaktieren Sie bitte\u00a0<\/p>\n<p style=\"text-align: center;\"><strong><a href=\"mailto:marketing_GB@lindy.co.uk\">marketing_GB@lindy.co.uk<\/a><\/strong><\/p>\n\n\n<p><\/p>\n","protected":false},"excerpt":{"rendered":"<p>F\u00fcr Anfragen bez\u00fcglich Deutschland, Italien und Frankreich kontaktieren Sie bitte corpNEWSmedia corpNEWSmedia Claudia Th\u00f6ringRedaktionTel.: +49 (0) 40 207 6969 82E-Mail: claudia.thoering@corpnewsmedia.de Th\u00f6ring &amp; Stuhr\/Claudia Th\u00f6ring&nbsp; F\u00fcr alle Presseanfragen aus Gro\u00dfbritannien &amp; Irland kontaktieren Sie bitte\u00a0 marketing_GB@lindy.co.uk<\/p>\n","protected":false},"author":11,"featured_media":156,"parent":0,"menu_order":0,"comment_status":"closed","ping_status":"closed","template":"","meta":{"_acf_changed":false,"footnotes":""},"class_list":["post-157","page","type-page","status-publish","has-post-thumbnail","hentry"],"acf":[],"yoast_head":"<!-- This site is optimized with the Yoast SEO plugin v26.6 - https:\/\/yoast.com\/wordpress\/plugins\/seo\/ -->\n<title>Pressekontakte - Lindy - German<\/title>\n<meta name=\"robots\" content=\"index, follow, max-snippet:-1, max-image-preview:large, max-video-preview:-1\" \/>\n<link rel=\"canonical\" href=\"https:\/\/lindy.com\/de\/pressekontakte\/\" \/>\n<meta property=\"og:locale\" content=\"de_DE\" \/>\n<meta property=\"og:type\" content=\"article\" \/>\n<meta property=\"og:title\" content=\"Pressekontakte - Lindy - German\" \/>\n<meta property=\"og:description\" content=\"F\u00fcr Anfragen bez\u00fcglich Deutschland, Italien und Frankreich kontaktieren Sie bitte corpNEWSmedia corpNEWSmedia Claudia Th\u00f6ringRedaktionTel.: +49 (0) 40 207 6969 82E-Mail: claudia.thoering@corpnewsmedia.de Th\u00f6ring &amp; Stuhr\/Claudia Th\u00f6ring&nbsp; F\u00fcr alle Presseanfragen aus Gro\u00dfbritannien &amp; Irland kontaktieren Sie bitte\u00a0 marketing_GB@lindy.co.uk\" \/>\n<meta property=\"og:url\" content=\"https:\/\/lindy.com\/de\/pressekontakte\/\" \/>\n<meta property=\"og:site_name\" content=\"Lindy - German\" \/>\n<meta property=\"article:modified_time\" content=\"2024-04-24T11:23:53+00:00\" \/>\n<meta property=\"og:image\" content=\"https:\/\/lindy.com\/de\/wp-content\/uploads\/sites\/3\/2018\/11\/Ad_2.jpg\" \/>\n\t<meta property=\"og:image:width\" content=\"1920\" \/>\n\t<meta property=\"og:image:height\" content=\"1080\" \/>\n\t<meta property=\"og:image:type\" content=\"image\/jpeg\" \/>\n<meta name=\"twitter:card\" content=\"summary_large_image\" \/>\n<meta name=\"twitter:label1\" content=\"Gesch\u00e4tzte Lesezeit\" \/>\n\t<meta name=\"twitter:data1\" content=\"1 Minute\" \/>\n<script type=\"application\/ld+json\" class=\"yoast-schema-graph\">{\"@context\":\"https:\/\/schema.org\",\"@graph\":[{\"@type\":\"WebPage\",\"@id\":\"https:\/\/lindy.com\/de\/pressekontakte\/\",\"url\":\"https:\/\/lindy.com\/de\/pressekontakte\/\",\"name\":\"Pressekontakte - Lindy - German\",\"isPartOf\":{\"@id\":\"https:\/\/lindy.com\/de\/#website\"},\"primaryImageOfPage\":{\"@id\":\"https:\/\/lindy.com\/de\/pressekontakte\/#primaryimage\"},\"image\":{\"@id\":\"https:\/\/lindy.com\/de\/pressekontakte\/#primaryimage\"},\"thumbnailUrl\":\"https:\/\/lindy.com\/de\/wp-content\/uploads\/sites\/3\/2018\/11\/Ad_2.jpg\",\"datePublished\":\"2018-11-09T11:52:04+00:00\",\"dateModified\":\"2024-04-24T11:23:53+00:00\",\"breadcrumb\":{\"@id\":\"https:\/\/lindy.com\/de\/pressekontakte\/#breadcrumb\"},\"inLanguage\":\"de-DE\",\"potentialAction\":[{\"@type\":\"ReadAction\",\"target\":[\"https:\/\/lindy.com\/de\/pressekontakte\/\"]}]},{\"@type\":\"ImageObject\",\"inLanguage\":\"de-DE\",\"@id\":\"https:\/\/lindy.com\/de\/pressekontakte\/#primaryimage\",\"url\":\"https:\/\/lindy.com\/de\/wp-content\/uploads\/sites\/3\/2018\/11\/Ad_2.jpg\",\"contentUrl\":\"https:\/\/lindy.com\/de\/wp-content\/uploads\/sites\/3\/2018\/11\/Ad_2.jpg\",\"width\":1920,\"height\":1080},{\"@type\":\"BreadcrumbList\",\"@id\":\"https:\/\/lindy.com\/de\/pressekontakte\/#breadcrumb\",\"itemListElement\":[{\"@type\":\"ListItem\",\"position\":1,\"name\":\"Home\",\"item\":\"https:\/\/lindy.com\/de\/\"},{\"@type\":\"ListItem\",\"position\":2,\"name\":\"Pressekontakte\"}]},{\"@type\":\"WebSite\",\"@id\":\"https:\/\/lindy.com\/de\/#website\",\"url\":\"https:\/\/lindy.com\/de\/\",\"name\":\"Lindy - German\",\"description\":\"Connection Perfection\",\"potentialAction\":[{\"@type\":\"SearchAction\",\"target\":{\"@type\":\"EntryPoint\",\"urlTemplate\":\"https:\/\/lindy.com\/de\/?s={search_term_string}\"},\"query-input\":{\"@type\":\"PropertyValueSpecification\",\"valueRequired\":true,\"valueName\":\"search_term_string\"}}],\"inLanguage\":\"de-DE\"}]}<\/script>\n<!-- \/ Yoast SEO plugin. -->","yoast_head_json":{"title":"Pressekontakte - Lindy - German","robots":{"index":"index","follow":"follow","max-snippet":"max-snippet:-1","max-image-preview":"max-image-preview:large","max-video-preview":"max-video-preview:-1"},"canonical":"https:\/\/lindy.com\/de\/pressekontakte\/","og_locale":"de_DE","og_type":"article","og_title":"Pressekontakte - Lindy - German","og_description":"F\u00fcr Anfragen bez\u00fcglich Deutschland, Italien und Frankreich kontaktieren Sie bitte corpNEWSmedia corpNEWSmedia Claudia Th\u00f6ringRedaktionTel.: +49 (0) 40 207 6969 82E-Mail: claudia.thoering@corpnewsmedia.de Th\u00f6ring &amp; Stuhr\/Claudia Th\u00f6ring&nbsp; F\u00fcr alle Presseanfragen aus Gro\u00dfbritannien &amp; Irland kontaktieren Sie bitte\u00a0 marketing_GB@lindy.co.uk","og_url":"https:\/\/lindy.com\/de\/pressekontakte\/","og_site_name":"Lindy - German","article_modified_time":"2024-04-24T11:23:53+00:00","og_image":[{"width":1920,"height":1080,"url":"https:\/\/lindy.com\/de\/wp-content\/uploads\/sites\/3\/2018\/11\/Ad_2.jpg","type":"image\/jpeg"}],"twitter_card":"summary_large_image","twitter_misc":{"Gesch\u00e4tzte Lesezeit":"1 Minute"},"schema":{"@context":"https:\/\/schema.org","@graph":[{"@type":"WebPage","@id":"https:\/\/lindy.com\/de\/pressekontakte\/","url":"https:\/\/lindy.com\/de\/pressekontakte\/","name":"Pressekontakte - Lindy - German","isPartOf":{"@id":"https:\/\/lindy.com\/de\/#website"},"primaryImageOfPage":{"@id":"https:\/\/lindy.com\/de\/pressekontakte\/#primaryimage"},"image":{"@id":"https:\/\/lindy.com\/de\/pressekontakte\/#primaryimage"},"thumbnailUrl":"https:\/\/lindy.com\/de\/wp-content\/uploads\/sites\/3\/2018\/11\/Ad_2.jpg","datePublished":"2018-11-09T11:52:04+00:00","dateModified":"2024-04-24T11:23:53+00:00","breadcrumb":{"@id":"https:\/\/lindy.com\/de\/pressekontakte\/#breadcrumb"},"inLanguage":"de-DE","potentialAction":[{"@type":"ReadAction","target":["https:\/\/lindy.com\/de\/pressekontakte\/"]}]},{"@type":"ImageObject","inLanguage":"de-DE","@id":"https:\/\/lindy.com\/de\/pressekontakte\/#primaryimage","url":"https:\/\/lindy.com\/de\/wp-content\/uploads\/sites\/3\/2018\/11\/Ad_2.jpg","contentUrl":"https:\/\/lindy.com\/de\/wp-content\/uploads\/sites\/3\/2018\/11\/Ad_2.jpg","width":1920,"height":1080},{"@type":"BreadcrumbList","@id":"https:\/\/lindy.com\/de\/pressekontakte\/#breadcrumb","itemListElement":[{"@type":"ListItem","position":1,"name":"Home","item":"https:\/\/lindy.com\/de\/"},{"@type":"ListItem","position":2,"name":"Pressekontakte"}]},{"@type":"WebSite","@id":"https:\/\/lindy.com\/de\/#website","url":"https:\/\/lindy.com\/de\/","name":"Lindy - German","description":"Connection Perfection","potentialAction":[{"@type":"SearchAction","target":{"@type":"EntryPoint","urlTemplate":"https:\/\/lindy.com\/de\/?s={search_term_string}"},"query-input":{"@type":"PropertyValueSpecification","valueRequired":true,"valueName":"search_term_string"}}],"inLanguage":"de-DE"}]}},"_links":{"self":[{"href":"https:\/\/lindy.com\/de\/wp-json\/wp\/v2\/pages\/157","targetHints":{"allow":["GET"]}}],"collection":[{"href":"https:\/\/lindy.com\/de\/wp-json\/wp\/v2\/pages"}],"about":[{"href":"https:\/\/lindy.com\/de\/wp-json\/wp\/v2\/types\/page"}],"author":[{"embeddable":true,"href":"https:\/\/lindy.com\/de\/wp-json\/wp\/v2\/users\/11"}],"replies":[{"embeddable":true,"href":"https:\/\/lindy.com\/de\/wp-json\/wp\/v2\/comments?post=157"}],"version-history":[{"count":8,"href":"https:\/\/lindy.com\/de\/wp-json\/wp\/v2\/pages\/157\/revisions"}],"predecessor-version":[{"id":6192,"href":"https:\/\/lindy.com\/de\/wp-json\/wp\/v2\/pages\/157\/revisions\/6192"}],"wp:featuredmedia":[{"embeddable":true,"href":"https:\/\/lindy.com\/de\/wp-json\/wp\/v2\/media\/156"}],"wp:attachment":[{"href":"https:\/\/lindy.com\/de\/wp-json\/wp\/v2\/media?parent=157"}],"curies":[{"name":"wp","href":"https:\/\/api.w.org\/{rel}","templated":true}]}}