{"id":17240,"date":"2025-09-30T13:14:04","date_gmt":"2025-09-30T13:14:04","guid":{"rendered":"https:\/\/lindy.com\/de\/?page_id=17240"},"modified":"2025-09-30T13:14:05","modified_gmt":"2025-09-30T13:14:05","slug":"case-study-foro-italico","status":"publish","type":"page","link":"https:\/\/lindy.com\/de\/case-study-foro-italico\/","title":{"rendered":"CASE STUDY FORO ITALICO"},"content":{"rendered":"\n<section class=\"wp-block-lindy-image-text-module section section--full-width-image full-width-image--with-text theme--dark section--animation-none align--center  font--size-large\" style=\"background-image:url(https:\/\/lindy.com\/eu\/wp-content\/uploads\/sites\/10\/2025\/09\/Main-image.jpg)\"><img decoding=\"async\" class=\"full-width-image__image\" src=\"https:\/\/lindy.com\/eu\/wp-content\/uploads\/sites\/10\/2025\/09\/Main-image.jpg\"\/><div class=\"contained\"><div class=\"full-width-image__content\"><h2 class=\"section__heading\"><span>GRAND ARENA GRANDIOSE SICHT<\/span><\/h2><h2 class=\"section__subheading section__subheading__title\">POWERED BY LINDY<\/h2><\/div><\/div><\/section>\n\n\n\n<section class=\"wp-block-lindy-heading-text section section--heading-text theme--light align--center font--camber font--size-medium section--animation-none\"><div class=\"contained\"><h2 class=\"section__subheading section__subheading__title\"><br\/>VOM REGIERAUM AUF DEN COURT \u2013 IMMER SYNCHRON<\/h2><\/div><\/section>\n\n\n\n<section class=\"wp-block-lindy-key-info section section--key-info theme--light section--animation-none\"><div class=\"contained\"><div class=\"grid-2_sm-1-center\"><div class=\"col left_item\"><div class=\"box\"><h3 class=\"section__heading\"><\/h3><div class=\"section__content\"><p class=\"section__content\">Stage Sound &amp; Light, ein Spezialist f\u00fcr professionelle Veranstaltungstechnik, wurde mit der Modernisierung der visuellen Infrastruktur in der Grand Stand Arena im ikonischen Foro Italico in Rom beauftragt. Mit einer Kapazit\u00e4t von 10.500 Zuschauern ist diese Arena der zweitwichtigste Platz der Anlage und ein zentraler Austragungsort des weltbekannten Internazionali BNL d\u2019Italia Tennisturniers, das jedes Jahr im Mai in Rom stattfindet.<\/p><\/div><\/div><\/div><div class=\"col right_item\"><div class=\"box\"><h3 class=\"section__heading\"><\/h3><div class=\"section__content\"><p class=\"section__content\">Um das Fan-Erlebnis zu verbessern, ben\u00f6tigte die Arena eine leistungsstarke L\u00f6sung, um zwei gro\u00dfe LED-W\u00e4nde zu betreiben und ein immersives Seherlebnis von jedem Platz aus zu gew\u00e4hrleisten. Gemeinsam mit der professionellen Konnektivit\u00e4ts-Expertise von Lindy lieferte Stage Sound &amp; Light ein System, das gestochen scharfe Bilder, synchronisierte Wiedergabe und zuverl\u00e4ssige \u00dcbertragung \u00fcber lange Distanzen garantiert \u2013 unerl\u00e4sslich f\u00fcr einen reibungslosen Betrieb in einem so prestigetr\u00e4chtigen Sportstadion.<\/p><\/div><\/div><\/div><\/div><\/div><\/section>\n\n\n\n<section class=\"wp-block-lindy-image-text-module section section--full-width-image full-width-image--with-text theme--dark section--animation-none align--left  font--size-medium width--half\" style=\"background-image:url(https:\/\/lindy.com\/eu\/wp-content\/uploads\/sites\/10\/2025\/09\/Challenge-with-led.jpg)\"><img decoding=\"async\" class=\"full-width-image__image\" src=\"https:\/\/lindy.com\/eu\/wp-content\/uploads\/sites\/10\/2025\/09\/Challenge-with-led.jpg\"\/><div class=\"contained\"><div class=\"full-width-image__content\"><\/div><\/div><\/section>\n\n\n\n<section class=\"wp-block-lindy-image-text-module section section--full-width-image full-width-image--with-text theme--dark section--animation-none align--left  font--size-medium width--half\" style=\"background-image:url()\"><img decoding=\"async\" class=\"full-width-image__image\" src=\"\"\/><div class=\"contained\"><div class=\"full-width-image__content\"><h2 class=\"section__heading\"><span>DIE HERAUSFORDERUNG<\/span><\/h2><p class=\"section__paragraph\"><br\/>Das Projekt erforderte ein System, das in der Lage ist, ein Broadcast-Signal \u00fcber weite Distanzen zu \u00fcbertragen und dabei einen externen Regieraum mit der internen AV-Infrastruktur der Grand Stand Arena zu verbinden. Zudem musste die L\u00f6sung zwei LED-W\u00e4nde unterst\u00fctzen, die sich auf gegen\u00fcberliegenden Seiten des Courts befinden, um den Zuschauern aus allen Blickwinkeln ein synchronisiertes und konsistentes Seherlebnis zu bieten.<br\/><br\/>Da die Arena internationale Turniere unter weltweiter Aufmerksamkeit ausrichtet, musste die Installation au\u00dfergew\u00f6hnlich zuverl\u00e4ssig sein und ohne Unterbrechungen oder Signalverluste funktionieren. \u00dcber die reine Leistung hinaus war au\u00dferdem gefordert, dass die L\u00f6sung skalierbar und zukunftssicher ist, um den vielf\u00e4ltigen Veranstaltungen gerecht zu werden, die regelm\u00e4\u00dfig im Foro Italico stattfinden.<\/p><\/div><\/div><\/section>\n\n\n\n<section class=\"wp-block-lindy-image-text-module section section--full-width-image full-width-image--with-text theme--light section--animation-none align--left  font--size-medium width--half\" style=\"background-image:url()\"><img decoding=\"async\" class=\"full-width-image__image\" src=\"\"\/><div class=\"contained\"><div class=\"full-width-image__content\"><h2 class=\"section__heading\"><span>DIE L\u00d6SUNG VON LINDY<\/span><\/h2><p class=\"section__paragraph\"><br\/>Um diese Anforderungen zu erf\u00fcllen, setzte Stage Sound &amp; Light den professionellen Lindy HDMI\u00ae 4K60 Extender (Nr. 38174) mit IR, RS232 &amp; Audio \u00fcber Glasfaser ein. \u00dcber eine 250 m lange Glasfaserverbindung wurde das Signal vom externen Regieraum ins Stadion \u00fcbertragen und dort zun\u00e4chst an die erste LED-Wand verteilt. Anschlie\u00dfend sorgte der Extender f\u00fcr eine nahtlose Weiterleitung zur zweiten LED-Wand, wodurch eine pr\u00e4zise Synchronisation beider Displays erreicht wurde.<br\/>Durch die stabile 4K-Performance ohne Qualit\u00e4tsverluste stellte die Lindy-L\u00f6sung die notwendige Robustheit und Zuverl\u00e4ssigkeit bereit \u2013 unverzichtbar f\u00fcr den reibungslosen Ablauf internationaler Live-Sportereignisse.<\/p><\/div><\/div><\/section>\n\n\n\n<section class=\"wp-block-lindy-image-text-module section section--full-width-image full-width-image--with-text theme--light section--animation-none align--left  font--size-medium width--half\" style=\"background-image:url(https:\/\/lindy.com\/eu\/wp-content\/uploads\/sites\/10\/2025\/09\/AV-Extender-Range_without-backrgound-2.png)\"><img decoding=\"async\" class=\"full-width-image__image\" src=\"https:\/\/lindy.com\/eu\/wp-content\/uploads\/sites\/10\/2025\/09\/AV-Extender-Range_without-backrgound-2.png\"\/><div class=\"contained\"><div class=\"full-width-image__content\"><\/div><\/div><\/section>\n\n\n\n<section class=\"wp-block-lindy-image-text-module section section--full-width-image full-width-image--with-text theme--dark section--animation-none align--left  font--size-medium width--half\" style=\"background-image:url(https:\/\/lindy.com\/eu\/wp-content\/uploads\/sites\/10\/2025\/09\/PHOTO-2025-04-28-11-23-42_3.jpg)\"><img decoding=\"async\" class=\"full-width-image__image\" src=\"https:\/\/lindy.com\/eu\/wp-content\/uploads\/sites\/10\/2025\/09\/PHOTO-2025-04-28-11-23-42_3.jpg\"\/><div class=\"contained\"><div class=\"full-width-image__content\"><\/div><\/div><\/section>\n\n\n\n<section class=\"wp-block-lindy-image-text-module section section--full-width-image full-width-image--with-text theme--dark section--animation-none align--left  font--size-medium width--half\" style=\"background-image:url()\"><img decoding=\"async\" class=\"full-width-image__image\" src=\"\"\/><div class=\"contained\"><div class=\"full-width-image__content\"><h2 class=\"section__heading\"><span>JEDER SITZPLATZ NOCH N\u00c4HER AM GESCHEHEN \u2026<\/span><\/h2><p class=\"section__paragraph\"><br\/><strong>LINDY HDMI\u00ae 4K60 EXTENDER MIT IR,<br\/>RS232 &amp; AUDIO \u00dcBER GLASFASER \u2013 Nr. 38174<\/strong><br\/><br\/>&#8211; 4K60 UHD (4:4:4) Bildqualit\u00e4t f\u00fcr gestochen scharfe Visuals<br\/>&#8211; Verl\u00e4ngert HDMI\u00ae-Signale bis zu 300 m (Multimode) oder 1000 m (Single-Mode) \u00fcber LC-Glasfaser<br\/>&#8211; Bidirektionales IR &amp; RS-232 f\u00fcr vollst\u00e4ndige Fernsteuerung<br\/>&#8211; Audio-Einbettung\/-Extraktion mit Mehrkanal-Unterst\u00fctzung<br\/>&#8211; EDID-Management &amp; Transmitter-Loop-Out f\u00fcr lokale \u00dcberwachung<br\/>&#8211; HDCP 2.2\/1.4-konform f\u00fcr gesch\u00fctzte Inhalte<br\/>&#8211; Robustes Design mit sicheren Anschl\u00fcssen f\u00fcr zuverl\u00e4ssige Installationen<\/p><a href=\"https:\/\/www.lindy.de\/.htm?websale8=ld0101.ld011101&amp;pi=38174&amp;ci=20\" class=\"button button--white-transparent\" target=\"_blank\" rel=\"noopener noreferrer\">SHOP ONLINE<\/a><\/div><\/div><\/section>\n\n\n\n<section class=\"wp-block-lindy-parallax-hero section parallax-hero theme--dark align--left font--camber font--size-medium\" style=\"background-image:url(https:\/\/lindy.com\/eu\/wp-content\/uploads\/sites\/10\/2025\/09\/Foro-Italico-Testimonial.jpg)\"><div class=\"contained contained--full-width\"><div class=\"parallax-hero__content\"><div class=\"parallax-hero__content-wrapper align--left\"><h2 class=\"section__subheading section__subheading__title\">&#8222;Lindy hat uns die Zuverl\u00e4ssigkeit und Performance geliefert, die wir brauchten, um \u00fcber 10.000 Zuschauern ein perfektes Erlebnis zu bieten\u201d<\/h2><p class=\"section__paragraph\"><br\/>Michele Innocenzi, Inhaber von STAGE Sound &amp; Light SNC<\/p><\/div><\/div><\/div><\/section>\n\n\n\n<p><\/p>\n\n\n\n<section class=\"wp-block-lindy-image-text-module section section--full-width-image full-width-image--with-text theme--dark section--animation-none align--center  font--size-medium\" style=\"background-image:url()\"><img decoding=\"async\" class=\"full-width-image__image\" src=\"\"\/><div class=\"contained\"><div class=\"full-width-image__content\"><h2 class=\"section__heading\"><span>ERGEBNISSE &amp; VORTEILE<\/span><\/h2><p class=\"section__paragraph\"><br\/>Die Lindy-Extender-L\u00f6sung erm\u00f6glichte eine stabile 4K-Signal\u00fcbertragung \u00fcber 250 m Glasfaser und verband den externen Regieraum mit zwei synchronisierten LED-W\u00e4nden (je 6 m \u00d7 3,5 m). W\u00e4hrend des Internazionali BNL d\u2019Italia lieferte das System durchgehend einwandfreie, unterbrechungsfreie Bilder an mehr als 10.500 Zuschauer in der Grand Stand Arena. Trotz der hohen Anforderungen eines internationalen Live-Turniers arbeitete die tempor\u00e4re Installation absolut zuverl\u00e4ssig \u2013 und sorgte daf\u00fcr, dass jeder Fan ein nahtloses Seherlebnis genie\u00dfen konnte.<\/p><\/div><\/div><\/section>\n\n\n\n<section class=\"wp-block-lindy-key-info section section--key-info theme--light section--animation-none\"><div class=\"contained\"><div class=\"grid-2_sm-1-center\"><div class=\"col left_item\"><div class=\"box\"><h3 class=\"section__heading\">Quantitative ergebnisse<\/h3><div class=\"section__content\"><p class=\"section__content\">Signalstabilit\u00e4t: Keinerlei \u00dcbertragungsfehler \u00fcber die 250 m lange Verbindung.<br\/><br\/>Synchronisierte Wiedergabe: Perfekt gespiegelt auf beiden LED-W\u00e4nden.<br\/><br\/>Publikumsreichweite: Klare Sicht f\u00fcr mehr als 10.000 Fans in der Arena.<\/p><\/div><\/div><\/div><div class=\"col right_item\"><div class=\"box\"><h3 class=\"section__heading\">Qualitative ergebnisse<\/h3><div class=\"section__content\"><p class=\"section__content\">Zuverl\u00e4ssigkeit unter Belastung: Nahtlose Performance bei Gro\u00dfveranstaltungen.<br\/><br\/>Verbessertes Besucher-Erlebnis: Klare Sicht von jedem Sitzplatz.<br\/><br\/>Vertrauensvolle Partnerschaft: Bew\u00e4hrte Lindy-Zuverl\u00e4ssigkeit im Live-AV-Bereich.<\/p><\/div><\/div><\/div><\/div><\/div><\/section>\n\n\n\n<section class=\"wp-block-lindy-parallax-hero section parallax-hero theme--light align--left  font--size-medium\" style=\"background-image:url(https:\/\/lindy.com\/de\/wp-content\/uploads\/sites\/3\/2025\/09\/DE_Foro-Italico_Icon.png)\"><div class=\"contained contained--full-width\"><div class=\"parallax-hero__content\"><div class=\"parallax-hero__content-wrapper align--left\"><\/div><\/div><\/div><\/section>\n\n\n\n<section class=\"wp-block-lindy-heading-text section section--heading-text theme--light align--center  font--size-medium section--animation-none\"><div class=\"contained\"><h2 class=\"section__heading\"><span>fazit<\/span><\/h2><\/div><\/section>\n\n\n\n<section class=\"wp-block-lindy-key-info section section--key-info theme--light section--animation-none\"><div class=\"contained\"><div class=\"grid-2_sm-1-center\"><div class=\"col left_item\"><div class=\"box\"><h3 class=\"section__heading\">PROJEKTERFOLG<\/h3><div class=\"section__content\"><p class=\"section__content\">Die Zusammenarbeit zwischen Stage Sound &amp; Light und Lindy erm\u00f6glichte eine AV-Installation auf Weltklasseniveau in der Grand Stand Arena. Die L\u00f6sung zeigt eindrucksvoll, wie zuverl\u00e4ssige Konnektivit\u00e4t das Zuschauererlebnis in ikonischen Sportst\u00e4tten nachhaltig verbessern kann.<\/p><\/div><\/div><\/div><div class=\"col right_item\"><div class=\"box\"><h3 class=\"section__heading\">BRANCHENEINBLICK<\/h3><div class=\"section__content\"><p class=\"section__content\">Da Stadien und Arenen zunehmend globale Veranstaltungen ausrichten, wird eine robuste, leistungsstarke AV-Konnektivit\u00e4t immer wichtiger, um ein reibungsloses, hochwertiges Zuschauererlebnis von jedem Sitzplatz aus sicherzustellen.<\/p><\/div><\/div><\/div><\/div><\/div><\/section>\n\n\n\n<section class=\"wp-block-lindy-image-text-module section section--full-width-image full-width-image--with-text theme--dark section--animation-none align--left  font--size-medium width--half\" style=\"background-image:url(https:\/\/lindy.com\/eu\/wp-content\/uploads\/sites\/10\/2025\/09\/Mock-up-case-sudy-Foro-italico.jpg)\"><img decoding=\"async\" class=\"full-width-image__image\" src=\"https:\/\/lindy.com\/eu\/wp-content\/uploads\/sites\/10\/2025\/09\/Mock-up-case-sudy-Foro-italico.jpg\"\/><div class=\"contained\"><div class=\"full-width-image__content\"><\/div><\/div><\/section>\n\n\n\n<section class=\"wp-block-lindy-image-text-module section section--full-width-image full-width-image--with-text theme--dark section--animation-none align--center  font--size-small width--half\" style=\"background-image:url()\"><img decoding=\"async\" class=\"full-width-image__image\" src=\"\"\/><div class=\"contained\"><div class=\"full-width-image__content\"><h2 class=\"section__subheading section__subheading__title\">Hat Sie diese Fallstudie inspiriert oder neue Impulse gegeben?<\/h2><p class=\"section__paragraph\"><br\/><strong><strong>Laden Sie die PDF-Version ganz einfach<\/strong><br\/><strong>mit einem Klick herunter.<\/strong><\/strong><\/p><a href=\"https:\/\/lindy.com\/de\/wp-content\/uploads\/sites\/3\/2025\/09\/Lindy-x-Foro-Italico-Case-Study-DE.pdf\" class=\"button button--white-transparent\" target=\"_blank\" rel=\"noopener noreferrer\">\ud83d\udce5 Jetzt herunterladen<\/a><\/div><\/div><\/section>\n","protected":false},"excerpt":{"rendered":"","protected":false},"author":28,"featured_media":0,"parent":0,"menu_order":0,"comment_status":"closed","ping_status":"closed","template":"page-templates\/template-landing.php","meta":{"_acf_changed":false,"footnotes":""},"class_list":["post-17240","page","type-page","status-publish","hentry"],"acf":[],"yoast_head":"<!-- This site is optimized with the Yoast SEO plugin v26.6 - https:\/\/yoast.com\/wordpress\/plugins\/seo\/ -->\n<title>CASE STUDY FORO ITALICO - Lindy - German<\/title>\n<meta name=\"robots\" content=\"index, follow, max-snippet:-1, max-image-preview:large, max-video-preview:-1\" \/>\n<link rel=\"canonical\" href=\"https:\/\/lindy.com\/de\/case-study-foro-italico\/\" \/>\n<meta property=\"og:locale\" content=\"de_DE\" \/>\n<meta property=\"og:type\" content=\"article\" \/>\n<meta property=\"og:title\" content=\"CASE STUDY FORO ITALICO - Lindy - German\" \/>\n<meta property=\"og:url\" content=\"https:\/\/lindy.com\/de\/case-study-foro-italico\/\" \/>\n<meta property=\"og:site_name\" content=\"Lindy - German\" \/>\n<meta property=\"article:modified_time\" content=\"2025-09-30T13:14:05+00:00\" \/>\n<meta property=\"og:image\" content=\"https:\/\/lindy.com\/eu\/wp-content\/uploads\/sites\/10\/2025\/09\/Main-image.jpg\" \/>\n<meta name=\"twitter:card\" content=\"summary_large_image\" \/>\n<meta name=\"twitter:label1\" content=\"Gesch\u00e4tzte Lesezeit\" \/>\n\t<meta name=\"twitter:data1\" content=\"6 Minuten\" \/>\n<script type=\"application\/ld+json\" class=\"yoast-schema-graph\">{\"@context\":\"https:\/\/schema.org\",\"@graph\":[{\"@type\":\"WebPage\",\"@id\":\"https:\/\/lindy.com\/de\/case-study-foro-italico\/\",\"url\":\"https:\/\/lindy.com\/de\/case-study-foro-italico\/\",\"name\":\"CASE STUDY FORO ITALICO - Lindy - German\",\"isPartOf\":{\"@id\":\"https:\/\/lindy.com\/de\/#website\"},\"primaryImageOfPage\":{\"@id\":\"https:\/\/lindy.com\/de\/case-study-foro-italico\/#primaryimage\"},\"image\":{\"@id\":\"https:\/\/lindy.com\/de\/case-study-foro-italico\/#primaryimage\"},\"thumbnailUrl\":\"https:\/\/lindy.com\/eu\/wp-content\/uploads\/sites\/10\/2025\/09\/Main-image.jpg\",\"datePublished\":\"2025-09-30T13:14:04+00:00\",\"dateModified\":\"2025-09-30T13:14:05+00:00\",\"breadcrumb\":{\"@id\":\"https:\/\/lindy.com\/de\/case-study-foro-italico\/#breadcrumb\"},\"inLanguage\":\"de-DE\",\"potentialAction\":[{\"@type\":\"ReadAction\",\"target\":[\"https:\/\/lindy.com\/de\/case-study-foro-italico\/\"]}]},{\"@type\":\"ImageObject\",\"inLanguage\":\"de-DE\",\"@id\":\"https:\/\/lindy.com\/de\/case-study-foro-italico\/#primaryimage\",\"url\":\"https:\/\/lindy.com\/eu\/wp-content\/uploads\/sites\/10\/2025\/09\/Main-image.jpg\",\"contentUrl\":\"https:\/\/lindy.com\/eu\/wp-content\/uploads\/sites\/10\/2025\/09\/Main-image.jpg\"},{\"@type\":\"BreadcrumbList\",\"@id\":\"https:\/\/lindy.com\/de\/case-study-foro-italico\/#breadcrumb\",\"itemListElement\":[{\"@type\":\"ListItem\",\"position\":1,\"name\":\"Home\",\"item\":\"https:\/\/lindy.com\/de\/\"},{\"@type\":\"ListItem\",\"position\":2,\"name\":\"CASE STUDY FORO ITALICO\"}]},{\"@type\":\"WebSite\",\"@id\":\"https:\/\/lindy.com\/de\/#website\",\"url\":\"https:\/\/lindy.com\/de\/\",\"name\":\"Lindy - German\",\"description\":\"Connection Perfection\",\"potentialAction\":[{\"@type\":\"SearchAction\",\"target\":{\"@type\":\"EntryPoint\",\"urlTemplate\":\"https:\/\/lindy.com\/de\/?s={search_term_string}\"},\"query-input\":{\"@type\":\"PropertyValueSpecification\",\"valueRequired\":true,\"valueName\":\"search_term_string\"}}],\"inLanguage\":\"de-DE\"}]}<\/script>\n<!-- \/ Yoast SEO plugin. -->","yoast_head_json":{"title":"CASE STUDY FORO ITALICO - Lindy - German","robots":{"index":"index","follow":"follow","max-snippet":"max-snippet:-1","max-image-preview":"max-image-preview:large","max-video-preview":"max-video-preview:-1"},"canonical":"https:\/\/lindy.com\/de\/case-study-foro-italico\/","og_locale":"de_DE","og_type":"article","og_title":"CASE STUDY FORO ITALICO - Lindy - German","og_url":"https:\/\/lindy.com\/de\/case-study-foro-italico\/","og_site_name":"Lindy - German","article_modified_time":"2025-09-30T13:14:05+00:00","og_image":[{"url":"https:\/\/lindy.com\/eu\/wp-content\/uploads\/sites\/10\/2025\/09\/Main-image.jpg","type":"","width":"","height":""}],"twitter_card":"summary_large_image","twitter_misc":{"Gesch\u00e4tzte Lesezeit":"6 Minuten"},"schema":{"@context":"https:\/\/schema.org","@graph":[{"@type":"WebPage","@id":"https:\/\/lindy.com\/de\/case-study-foro-italico\/","url":"https:\/\/lindy.com\/de\/case-study-foro-italico\/","name":"CASE STUDY FORO ITALICO - Lindy - German","isPartOf":{"@id":"https:\/\/lindy.com\/de\/#website"},"primaryImageOfPage":{"@id":"https:\/\/lindy.com\/de\/case-study-foro-italico\/#primaryimage"},"image":{"@id":"https:\/\/lindy.com\/de\/case-study-foro-italico\/#primaryimage"},"thumbnailUrl":"https:\/\/lindy.com\/eu\/wp-content\/uploads\/sites\/10\/2025\/09\/Main-image.jpg","datePublished":"2025-09-30T13:14:04+00:00","dateModified":"2025-09-30T13:14:05+00:00","breadcrumb":{"@id":"https:\/\/lindy.com\/de\/case-study-foro-italico\/#breadcrumb"},"inLanguage":"de-DE","potentialAction":[{"@type":"ReadAction","target":["https:\/\/lindy.com\/de\/case-study-foro-italico\/"]}]},{"@type":"ImageObject","inLanguage":"de-DE","@id":"https:\/\/lindy.com\/de\/case-study-foro-italico\/#primaryimage","url":"https:\/\/lindy.com\/eu\/wp-content\/uploads\/sites\/10\/2025\/09\/Main-image.jpg","contentUrl":"https:\/\/lindy.com\/eu\/wp-content\/uploads\/sites\/10\/2025\/09\/Main-image.jpg"},{"@type":"BreadcrumbList","@id":"https:\/\/lindy.com\/de\/case-study-foro-italico\/#breadcrumb","itemListElement":[{"@type":"ListItem","position":1,"name":"Home","item":"https:\/\/lindy.com\/de\/"},{"@type":"ListItem","position":2,"name":"CASE STUDY FORO ITALICO"}]},{"@type":"WebSite","@id":"https:\/\/lindy.com\/de\/#website","url":"https:\/\/lindy.com\/de\/","name":"Lindy - German","description":"Connection Perfection","potentialAction":[{"@type":"SearchAction","target":{"@type":"EntryPoint","urlTemplate":"https:\/\/lindy.com\/de\/?s={search_term_string}"},"query-input":{"@type":"PropertyValueSpecification","valueRequired":true,"valueName":"search_term_string"}}],"inLanguage":"de-DE"}]}},"_links":{"self":[{"href":"https:\/\/lindy.com\/de\/wp-json\/wp\/v2\/pages\/17240","targetHints":{"allow":["GET"]}}],"collection":[{"href":"https:\/\/lindy.com\/de\/wp-json\/wp\/v2\/pages"}],"about":[{"href":"https:\/\/lindy.com\/de\/wp-json\/wp\/v2\/types\/page"}],"author":[{"embeddable":true,"href":"https:\/\/lindy.com\/de\/wp-json\/wp\/v2\/users\/28"}],"replies":[{"embeddable":true,"href":"https:\/\/lindy.com\/de\/wp-json\/wp\/v2\/comments?post=17240"}],"version-history":[{"count":5,"href":"https:\/\/lindy.com\/de\/wp-json\/wp\/v2\/pages\/17240\/revisions"}],"predecessor-version":[{"id":17254,"href":"https:\/\/lindy.com\/de\/wp-json\/wp\/v2\/pages\/17240\/revisions\/17254"}],"wp:attachment":[{"href":"https:\/\/lindy.com\/de\/wp-json\/wp\/v2\/media?parent=17240"}],"curies":[{"name":"wp","href":"https:\/\/api.w.org\/{rel}","templated":true}]}}