{"id":17911,"date":"2025-12-04T10:58:37","date_gmt":"2025-12-04T10:58:37","guid":{"rendered":"https:\/\/lindy.com\/de\/?page_id=17911"},"modified":"2026-03-25T13:00:22","modified_gmt":"2026-03-25T13:00:22","slug":"case-study-poga","status":"publish","type":"page","link":"https:\/\/lindy.com\/de\/case-study-poga\/","title":{"rendered":"CASE STUDY POGA"},"content":{"rendered":"\n<section class=\"wp-block-lindy-image-text-module section section--full-width-image full-width-image--with-text theme--dark section--animation-none align--center  font--size-large\" style=\"background-image:url(https:\/\/lindy.com\/de\/wp-content\/uploads\/sites\/3\/2026\/03\/Header_Poga_Case-Study.png)\"><img decoding=\"async\" class=\"full-width-image__image\" src=\"https:\/\/lindy.com\/de\/wp-content\/uploads\/sites\/3\/2026\/03\/Header_Poga_Case-Study.png\"\/><div class=\"contained\"><div class=\"full-width-image__content\"><h2 class=\"section__heading\"><span>GAMING ON THE GO<\/span><\/h2><h2 class=\"section__subheading section__subheading__title\">POWERED BY LINDY<\/h2><p class=\"section__paragraph\"><br\/>Grenzenlose Verbindungen.<br\/>Grenzenloses Gaming.<\/p><\/div><\/div><\/section>\n\n\n\n<section class=\"wp-block-lindy-heading-text section section--heading-text theme--light align--center font--camber font--size-medium section--animation-none\"><div class=\"contained\"><h2 class=\"section__heading\"><span><br\/><\/span><\/h2><h2 class=\"section__subheading section__subheading__title\">Vom Wohnzimmer bis zur Umkleide \u2013 immer verbunden<\/h2><\/div><\/section>\n\n\n\n<section class=\"wp-block-lindy-key-info section section--key-info theme--light section--animation-none\"><div class=\"contained\"><div class=\"grid-2_sm-1-center\"><div class=\"col left_item\"><div class=\"box\"><h3 class=\"section__heading\"><\/h3><div class=\"section__content\"><p class=\"section__content\">POGA, ein innovativer deutscher Hersteller hochwertiger, tragbarer Gaming-Stationen f\u00fcr PS5, Xbox und PCs, definiert das mobile Gaming neu. Verwendet von Athleten, Influencern und Gamern weltweit, vereint POGA erstklassiges Design mit professioneller Performance.<br\/><br\/>Um zugleich den rauen Anforderungen auf Reisen und dem Gaming auf h\u00f6chstem Level gerecht zu werden, arbeitet POGA mit Lindy als einem globalen Marktf\u00fchrer f\u00fcr zuverl\u00e4ssige Konnektivit\u00e4t zusammen.<\/p><\/div><\/div><\/div><div class=\"col right_item\"><div class=\"box\"><h3 class=\"section__heading\"><\/h3><div class=\"section__content\"><p class=\"section__content\">Die robusten, zertifizierten Kabel von Lindy liefern nahtlose Bildqualit\u00e4t, stabile Stromversorgung und elegante, nahtlose Integration \u2013 f\u00fcr Gaming auf Weltklasseniveau. Jederzeit und \u00fcberall!<\/p><\/div><\/div><\/div><\/div><\/div><\/section>\n\n\n\n<section class=\"wp-block-lindy-image-text-module section section--full-width-image full-width-image--with-text theme--dark section--animation-none align--left  font--size-medium width--half\" style=\"background-image:url()\"><img decoding=\"async\" class=\"full-width-image__image\" src=\"\"\/><div class=\"contained\"><div class=\"full-width-image__content\"><h2 class=\"section__heading\"><span>Die HErausforderung<\/span><\/h2><p class=\"section__paragraph\"><br\/>Die Kabel mussten h\u00e4ufigem Transport und wiederholtem Aufbau standhalten \u2013 und dabei stets eine gleichbleibend hohe Leistung mit minimalem Signalverlust und stabiler Stromversorgung gew\u00e4hrleisten.<br\/><br\/>Zugleich sollten sie sich nahtlos in das elegante, kompakte Design der POGA-Geh\u00e4use einf\u00fcgen und dabei Flexibilit\u00e4t mit einem aufger\u00e4umten, hochwertigen Look verbinden.<br\/><br\/>Schlie\u00dflich mussten die Kabel zertifizierte Sicherheit, hohe Widerstandsf\u00e4higkeit und anhaltende Zuverl\u00e4ssigkeit bieten, um den Anspr\u00fcchen professioneller Nutzer in anspruchs-vollen Umgebungen gerecht zu werden.<\/p><\/div><\/div><\/section>\n\n\n\n<section class=\"wp-block-lindy-image-text-module section section--full-width-image full-width-image--with-text theme--dark section--animation-none align--left  font--size-medium width--half\" style=\"background-image:url(https:\/\/lindy.com\/fr\/wp-content\/uploads\/sites\/4\/2025\/11\/Challenge-Image-2_PS.jpg)\"><img decoding=\"async\" class=\"full-width-image__image\" src=\"https:\/\/lindy.com\/fr\/wp-content\/uploads\/sites\/4\/2025\/11\/Challenge-Image-2_PS.jpg\"\/><div class=\"contained\"><div class=\"full-width-image__content\"><\/div><\/div><\/section>\n\n\n\n<section class=\"wp-block-lindy-key-info section section--key-info theme--light section--animation-none\"><div class=\"contained\"><div class=\"grid-2_sm-1-center\"><div class=\"col left_item\"><div class=\"box\"><h3 class=\"section__heading\">Die L\u00f6sung<\/h3><div class=\"section__content\"><p class=\"section__content\">Lindy lieferte hochwertige, abgeschirmte HDMI\u00ae- sowie Strom- und Datenkabel, die speziell auf die Anforderungen von POGA zugeschnitten sind \u2013 kompakt, robust und f\u00fcr h\u00f6chste Zuverl\u00e4ssigkeit zertifiziert.<\/p><\/div><\/div><\/div><div class=\"col right_item\"><div class=\"box\"><h3 class=\"section__heading\">   \n<\/h3><div class=\"section__content\"><p class=\"section__content\"><br\/>Vergoldete HDMI\u00ae-Stecker garantieren eine stabile HD-\u00dcbertragung; die schlanken, verst\u00e4rkten Stromkabel besonders langlebig sind und perfekt in das elegante POGA-Design passen.<\/p><\/div><\/div><\/div><\/div><\/div><\/section>\n\n\n\n<section class=\"wp-block-lindy-heading-text section section--heading-text theme--dark align--center  font--size-medium section--animation-none\"><div class=\"contained\"><h2 class=\"section__heading\"><span>Verwendete Lindy-Produkte<\/span><\/h2><\/div><\/section>\n\n\n\n<section class=\"wp-block-lindy-image-text-module section section--full-width-image full-width-image--with-text theme--dark section--animation-none align--left font--camber font--size-small width--half\" style=\"background-image:url(https:\/\/lindy.com\/de\/wp-content\/uploads\/sites\/3\/2026\/01\/41670_3.png)\"><img decoding=\"async\" class=\"full-width-image__image\" src=\"https:\/\/lindy.com\/de\/wp-content\/uploads\/sites\/3\/2026\/01\/41670_3.png\"\/><div class=\"contained\"><div class=\"full-width-image__content\"><h2 class=\"section__heading\"><span>CROMO\u00ae Slim High-Speed-HDMI\u00ae-Kabel mit Ethernet, Typ A\/A, 0.5m<\/span><\/h2><h2 class=\"section__subheading section__subheading__title\">No. 41670<\/h2><p class=\"section__paragraph\"><br\/>Hochflexibles Kabel f\u00fcr HDMI\u00ae 2.0, Aufl\u00f6sungen bis 4K60Hz, ideal f\u00fcr beengte r\u00e4umliche Veh\u00e4ltnisse<br\/><\/p><a href=\"https:\/\/www.lindy.de\/CROMO-Slim-High-Speed-HDMI-Kabel-mit-Ethernet-Typ-A-A-0-5m.htm?websale8=ld0101.ld011101&amp;pi=41670&amp;ci=80\" class=\"button button--white-transparent\" target=\"_self\" rel=\"noopener noreferrer\">Shop Online<\/a><\/div><\/div><\/section>\n\n\n\n<section class=\"wp-block-lindy-image-text-module section section--full-width-image full-width-image--with-text theme--dark section--animation-none align--left font--camber font--size-small width--half\" style=\"background-image:url(https:\/\/lindy.com\/de\/wp-content\/uploads\/sites\/3\/2026\/01\/36462_2.png)\"><img decoding=\"async\" class=\"full-width-image__image\" src=\"https:\/\/lindy.com\/de\/wp-content\/uploads\/sites\/3\/2026\/01\/36462_2.png\"\/><div class=\"contained\"><div class=\"full-width-image__content\"><h2 class=\"section__heading\"><span>1m DisplayPort\u2122 1.4 Kabel, Slim<\/span><\/h2><h2 class=\"section__subheading section__subheading__title\">No. 36462<\/h2><p class=\"section__paragraph\"><br\/>Unterst\u00fctzt bis up to 8K60 Hz and 4K144 Hz. Schlankes dreifach geschirmtes Kabeldesign f\u00fcr enge R\u00e4ume.<br\/><\/p><a href=\"https:\/\/www.lindy.de\/2m-DisplayPort-1-4-Kabel-Slim.htm?websale8=ld0101.ld011101&amp;pi=36462&amp;ci=80\" class=\"button button--white-transparent\" target=\"_blank\" rel=\"noopener noreferrer\">shop online<\/a><\/div><\/div><\/section>\n\n\n\n<section class=\"wp-block-lindy-image-text-module section section--full-width-image full-width-image--with-text theme--dark section--animation-none align--left font--camber font--size-small width--half\" style=\"background-image:url(https:\/\/lindy.com\/de\/wp-content\/uploads\/sites\/3\/2026\/01\/30433_black.png)\"><img decoding=\"async\" class=\"full-width-image__image\" src=\"https:\/\/lindy.com\/de\/wp-content\/uploads\/sites\/3\/2026\/01\/30433_black.png\"\/><div class=\"contained\"><div class=\"full-width-image__content\"><h2 class=\"section__heading\"><span>2m Netzkabel UK 3 Pin an C13<\/span><\/h2><h2 class=\"section__subheading section__subheading__title\">No. 30433<\/h2><p class=\"section__paragraph\"><br\/>Vollvergossene Ausf\u00fchrung gew\u00e4hrleistet maximale Haltbarkeit, mit integrierter Sicherung f\u00fcr eine Stromst\u00e4rke von 7A bei 250V.<br\/><\/p><a href=\"https:\/\/www.lindy.de\/2m-Netzkabel-UK-3-Pin-an-C13.htm?websale8=ld0101.ld011101&amp;pi=30433&amp;ci=80\" class=\"button button--white-transparent\" target=\"_blank\" rel=\"noopener noreferrer\">shop online<\/a><\/div><\/div><\/section>\n\n\n\n<section class=\"wp-block-lindy-image-text-module section section--full-width-image full-width-image--with-text theme--dark section--animation-none align--left font--camber font--size-small width--half\" style=\"background-image:url(https:\/\/lindy.com\/de\/wp-content\/uploads\/sites\/3\/2026\/01\/30338_2.png)\"><img decoding=\"async\" class=\"full-width-image__image\" src=\"https:\/\/lindy.com\/de\/wp-content\/uploads\/sites\/3\/2026\/01\/30338_2.png\"\/><div class=\"contained\"><div class=\"full-width-image__content\"><h2 class=\"section__heading\"><span>2m Netzkabel US 3 Pin an C13<\/span><\/h2><h2 class=\"section__subheading section__subheading__title\">No. 30338<\/h2><p class=\"section__paragraph\"><br\/>Robuste 18-AWG-Konstruktion aus PVC in elegantem Schwarz f\u00fcr eine Stromst\u00e4rke vom 10A bei 125V<br\/><\/p><a href=\"https:\/\/www.lindy.de\/2m-Netzkabel-US-3-Pin-an-C13.htm?websale8=ld0101.ld011101&amp;pi=30338&amp;ci=80\" class=\"button button--white-transparent\" target=\"_blank\" rel=\"noopener noreferrer\">shop online<\/a><\/div><\/div><\/section>\n\n\n\n<section class=\"wp-block-lindy-heading-text section section--heading-text theme--dark align--left  font--size-medium section--animation-none\"><div class=\"contained\"><h2 class=\"section__subheading section__subheading__title\"><br\/><\/h2><\/div><\/section>\n\n\n\n<section class=\"wp-block-lindy-contained-image section section--contained-image contained-image theme--light align--left font--size-medium\"><div class=\"contained\"><img decoding=\"async\" src=\"https:\/\/lindy.com\/eu\/wp-content\/uploads\/sites\/10\/2025\/11\/Poga-Testimonial-corrected.jpg\"\/><div class=\"contained-image__content\"><\/div><\/div><\/section>\n\n\n\n<section class=\"wp-block-lindy-heading-text section section--heading-text theme--dark align--center  font--size-medium section--animation-none\"><div class=\"contained\"><h2 class=\"section__heading\"><span><br\/>ERGEBNISSE &amp; MEHRWERT<\/span><\/h2><\/div><\/section>\n\n\n\n<section class=\"wp-block-lindy-key-info section section--key-info theme--dark section--animation-none\"><div class=\"contained\"><div class=\"grid-2_sm-1-center\"><div class=\"col left_item\"><div class=\"box box--border\"><h3 class=\"section__heading\">Quantitative Ergebnisse<\/h3><div class=\"section__content\"><p class=\"section__content\"><strong>LANGLEBIGKEIT<\/strong>: \u00dcber 10.000 Steckzyklen problemlos \u00fcberstanden \u2013 die Ausfallrate konnte um 30\u202f% gesenkt werden.<br\/><br\/><strong>PERFORMANCE<\/strong>: Perfekte Signalqualit\u00e4t ohne Datenverlust gew\u00e4hrleistet.<br\/><br\/><strong>EFFIZIENZ<\/strong>: Standardisierte Kabel verk\u00fcrzten die Montagezeit um 15\u202f%.<br\/><br\/><strong>ZUFRIEDENHEIT<\/strong>: Nutzer berichteten von h\u00f6herer Zuverl\u00e4ssigkeit und besserer Verarbeitungsqualit\u00e4t.<\/p><\/div><\/div><\/div><div class=\"col right_item\"><div class=\"box box--border\"><h3 class=\"section__heading\">Qualitative Ergebnisse<\/h3><div class=\"section__content\"><p class=\"section__content\"><strong>ZUVERL\u00c4SSIGKEIT<\/strong>: Nahtlose Bildqualit\u00e4t und stabile Stromversorgung unter allen Bedingungen.<br\/><br\/><strong>MARKENKONFORMIT\u00c4T<\/strong>: Das Premium-Design unterstrich POGAs professionelles Image.<br\/><br\/><strong>INTEGRATION<\/strong>: Kompakte, flexible Kabel verbesserten \u00c4sthetik und Benutzerfreundlichkeit.<br\/><br\/><strong>PARTNERSCHAFT<\/strong>: Enge Zusammenarbeit sicherte Skalierbarkeit und Innovationskraft.<\/p><\/div><\/div><\/div><\/div><\/div><\/section>\n\n\n\n<section class=\"wp-block-lindy-icon-section section section--icon font--size-small align--center theme--dark\"><div class=\"contained\"><div class=\"grid-4_md-2_xs-1-spaceAround icons\"><div class=\"col\"><div class=\"icon-block icon-block--0\"><img decoding=\"async\" class=\"icon-block__image\" src=\"https:\/\/lindy.com\/de\/wp-content\/uploads\/sites\/3\/2025\/11\/Streamlined-Installation.png\"\/><div class=\"icon-block__content\"><h3 class=\"icon-title\">Optimierte Installation<\/h3><p class=\"icon-text\"><\/p><\/div><\/div><\/div><div class=\"col\"><div class=\"icon-block icon-block--1\"><img decoding=\"async\" class=\"icon-block__image\" src=\"https:\/\/lindy.com\/de\/wp-content\/uploads\/sites\/3\/2025\/11\/Scalability-Flexibility.png\"\/><div class=\"icon-block__content\"><h3 class=\"icon-title\">Skalierbarkeit &amp; Flexibilit\u00e4t<\/h3><p class=\"icon-text\"><\/p><\/div><\/div><\/div><div class=\"col\"><div class=\"icon-block icon-block--2\"><img decoding=\"async\" class=\"icon-block__image\" src=\"https:\/\/lindy.com\/de\/wp-content\/uploads\/sites\/3\/2025\/11\/Reliability-Durability.png\"\/><div class=\"icon-block__content\"><h3 class=\"icon-title\">Zuverl\u00e4ssigkeit &amp; Langlebigkeit<\/h3><p class=\"icon-text\"><\/p><\/div><\/div><\/div><div class=\"col\"><div class=\"icon-block icon-block--3\"><img decoding=\"async\" class=\"icon-block__image\" src=\"https:\/\/lindy.com\/de\/wp-content\/uploads\/sites\/3\/2025\/11\/Customer-Satisfaction.png\"\/><div class=\"icon-block__content\"><h3 class=\"icon-title\">Kunden-\nzufriedenheit<\/h3><p class=\"icon-text\"><\/p><\/div><\/div><\/div><\/div><\/div><\/section>\n\n\n\n<section class=\"wp-block-lindy-heading-text section section--heading-text theme--light align--center  font--size-medium section--animation-none\"><div class=\"contained\"><h2 class=\"section__heading\"><span>fazit<\/span><\/h2><\/div><\/section>\n\n\n\n<section class=\"wp-block-lindy-key-info section section--key-info theme--light section--animation-none\"><div class=\"contained\"><div class=\"grid-2_sm-1-center\"><div class=\"col left_item\"><div class=\"box\"><h3 class=\"section__heading\">PROJEKTERFOLG<\/h3><div class=\"section__content\"><p class=\"section__content\">Die Partnerschaft zwischen POGA und Lindy erwies sich als \u00e4u\u00dferst erfolgreich und lieferte zuverl\u00e4ssige, langlebige und nahtlos integrierte Kabell\u00f6sungen, die die tragbaren Gaming-Stationen von POGA verbesserten.<\/p><\/div><\/div><\/div><div class=\"col right_item\"><div class=\"box\"><h3 class=\"section__heading\">BRANCHENEINBLICK<\/h3><div class=\"section__content\"><p class=\"section__content\">Die Zusammenarbeit unterstreicht einen breiteren Branchentrend: Mit dem Wachstum des Marktes f\u00fcr tragbare Spiele wird die Nachfrage nach langlebigen, zertifizierten Konnektivit\u00e4tsl\u00f6sungen, die Zuverl\u00e4ssigkeit, Leistung und Designintegration vereinen, immer wichtiger.<\/p><\/div><\/div><\/div><\/div><\/div><\/section>\n\n\n\n<section class=\"wp-block-lindy-image-text-module section section--full-width-image full-width-image--with-text theme--dark section--animation-none align--left  font--size-medium width--half\" style=\"background-image:url(https:\/\/lindy.com\/fr\/wp-content\/uploads\/sites\/4\/2025\/11\/Mock-up-case-sudy-POGA_PS.jpg)\"><img decoding=\"async\" class=\"full-width-image__image\" src=\"https:\/\/lindy.com\/fr\/wp-content\/uploads\/sites\/4\/2025\/11\/Mock-up-case-sudy-POGA_PS.jpg\"\/><div class=\"contained\"><div class=\"full-width-image__content\"><\/div><\/div><\/section>\n\n\n\n<section class=\"wp-block-lindy-image-text-module section section--full-width-image full-width-image--with-text theme--dark section--animation-none align--center  font--size-small width--half\" style=\"background-image:url()\"><img decoding=\"async\" class=\"full-width-image__image\" src=\"\"\/><div class=\"contained\"><div class=\"full-width-image__content\"><h2 class=\"section__subheading section__subheading__title\">Hat Sie diese Fallstudie inspiriert oder neue Impulse gegeben?<\/h2><p class=\"section__paragraph\"><br\/><strong><strong><strong>Laden Sie die PDF-Version ganz einfach<\/strong><br\/><strong>mit einem Klick herunter.<\/strong><\/strong><\/strong><\/p><a href=\"https:\/\/lindy.com\/eu\/wp-content\/uploads\/sites\/10\/2025\/11\/Lindy-x-POGA-Case-Study-EU.pdf\" class=\"button button--white-transparent\" target=\"_blank\" rel=\"noopener noreferrer\">\ud83d\udce5 Jetzt herunterladen<\/a><\/div><\/div><\/section>\n","protected":false},"excerpt":{"rendered":"","protected":false},"author":28,"featured_media":0,"parent":0,"menu_order":0,"comment_status":"closed","ping_status":"closed","template":"page-templates\/template-landing.php","meta":{"_acf_changed":false,"footnotes":""},"class_list":["post-17911","page","type-page","status-publish","hentry"],"acf":[],"yoast_head":"<!-- This site is optimized with the Yoast SEO plugin v26.6 - https:\/\/yoast.com\/wordpress\/plugins\/seo\/ -->\n<title>CASE STUDY POGA - Lindy - German<\/title>\n<meta name=\"description\" content=\"Erfahren Sie, wie Lindy-Kabel POGA-Gaming-Stationen robust, flexibel und transportbereit machen \u2013 Top Performance f\u00fcr unterwegs.\" \/>\n<meta name=\"robots\" content=\"index, follow, max-snippet:-1, max-image-preview:large, max-video-preview:-1\" \/>\n<link rel=\"canonical\" href=\"https:\/\/lindy.com\/de\/case-study-poga\/\" \/>\n<meta property=\"og:locale\" content=\"de_DE\" \/>\n<meta property=\"og:type\" content=\"article\" \/>\n<meta property=\"og:title\" content=\"CASE STUDY POGA - Lindy - German\" \/>\n<meta property=\"og:description\" content=\"Erfahren Sie, wie Lindy-Kabel POGA-Gaming-Stationen robust, flexibel und transportbereit machen \u2013 Top Performance f\u00fcr unterwegs.\" \/>\n<meta property=\"og:url\" content=\"https:\/\/lindy.com\/de\/case-study-poga\/\" \/>\n<meta property=\"og:site_name\" content=\"Lindy - German\" \/>\n<meta property=\"article:modified_time\" content=\"2026-03-25T13:00:22+00:00\" \/>\n<meta property=\"og:image\" content=\"https:\/\/lindy.com\/de\/wp-content\/uploads\/sites\/3\/2026\/03\/Header_Poga_Case-Study.png\" \/>\n<meta name=\"twitter:card\" content=\"summary_large_image\" \/>\n<meta name=\"twitter:label1\" content=\"Gesch\u00e4tzte Lesezeit\" \/>\n\t<meta name=\"twitter:data1\" content=\"6 Minuten\" \/>\n<script type=\"application\/ld+json\" class=\"yoast-schema-graph\">{\"@context\":\"https:\/\/schema.org\",\"@graph\":[{\"@type\":\"WebPage\",\"@id\":\"https:\/\/lindy.com\/de\/case-study-poga\/\",\"url\":\"https:\/\/lindy.com\/de\/case-study-poga\/\",\"name\":\"CASE STUDY POGA - Lindy - German\",\"isPartOf\":{\"@id\":\"https:\/\/lindy.com\/de\/#website\"},\"primaryImageOfPage\":{\"@id\":\"https:\/\/lindy.com\/de\/case-study-poga\/#primaryimage\"},\"image\":{\"@id\":\"https:\/\/lindy.com\/de\/case-study-poga\/#primaryimage\"},\"thumbnailUrl\":\"https:\/\/lindy.com\/de\/wp-content\/uploads\/sites\/3\/2026\/03\/Header_Poga_Case-Study.png\",\"datePublished\":\"2025-12-04T10:58:37+00:00\",\"dateModified\":\"2026-03-25T13:00:22+00:00\",\"description\":\"Erfahren Sie, wie Lindy-Kabel POGA-Gaming-Stationen robust, flexibel und transportbereit machen \u2013 Top Performance f\u00fcr unterwegs.\",\"breadcrumb\":{\"@id\":\"https:\/\/lindy.com\/de\/case-study-poga\/#breadcrumb\"},\"inLanguage\":\"de-DE\",\"potentialAction\":[{\"@type\":\"ReadAction\",\"target\":[\"https:\/\/lindy.com\/de\/case-study-poga\/\"]}]},{\"@type\":\"ImageObject\",\"inLanguage\":\"de-DE\",\"@id\":\"https:\/\/lindy.com\/de\/case-study-poga\/#primaryimage\",\"url\":\"https:\/\/lindy.com\/de\/wp-content\/uploads\/sites\/3\/2026\/03\/Header_Poga_Case-Study.png\",\"contentUrl\":\"https:\/\/lindy.com\/de\/wp-content\/uploads\/sites\/3\/2026\/03\/Header_Poga_Case-Study.png\",\"width\":1920,\"height\":1080},{\"@type\":\"BreadcrumbList\",\"@id\":\"https:\/\/lindy.com\/de\/case-study-poga\/#breadcrumb\",\"itemListElement\":[{\"@type\":\"ListItem\",\"position\":1,\"name\":\"Home\",\"item\":\"https:\/\/lindy.com\/de\/\"},{\"@type\":\"ListItem\",\"position\":2,\"name\":\"CASE STUDY POGA\"}]},{\"@type\":\"WebSite\",\"@id\":\"https:\/\/lindy.com\/de\/#website\",\"url\":\"https:\/\/lindy.com\/de\/\",\"name\":\"Lindy - German\",\"description\":\"Connection Perfection\",\"potentialAction\":[{\"@type\":\"SearchAction\",\"target\":{\"@type\":\"EntryPoint\",\"urlTemplate\":\"https:\/\/lindy.com\/de\/?s={search_term_string}\"},\"query-input\":{\"@type\":\"PropertyValueSpecification\",\"valueRequired\":true,\"valueName\":\"search_term_string\"}}],\"inLanguage\":\"de-DE\"}]}<\/script>\n<!-- \/ Yoast SEO plugin. -->","yoast_head_json":{"title":"CASE STUDY POGA - Lindy - German","description":"Erfahren Sie, wie Lindy-Kabel POGA-Gaming-Stationen robust, flexibel und transportbereit machen \u2013 Top Performance f\u00fcr unterwegs.","robots":{"index":"index","follow":"follow","max-snippet":"max-snippet:-1","max-image-preview":"max-image-preview:large","max-video-preview":"max-video-preview:-1"},"canonical":"https:\/\/lindy.com\/de\/case-study-poga\/","og_locale":"de_DE","og_type":"article","og_title":"CASE STUDY POGA - Lindy - German","og_description":"Erfahren Sie, wie Lindy-Kabel POGA-Gaming-Stationen robust, flexibel und transportbereit machen \u2013 Top Performance f\u00fcr unterwegs.","og_url":"https:\/\/lindy.com\/de\/case-study-poga\/","og_site_name":"Lindy - German","article_modified_time":"2026-03-25T13:00:22+00:00","og_image":[{"url":"https:\/\/lindy.com\/de\/wp-content\/uploads\/sites\/3\/2026\/03\/Header_Poga_Case-Study.png","type":"","width":"","height":""}],"twitter_card":"summary_large_image","twitter_misc":{"Gesch\u00e4tzte Lesezeit":"6 Minuten"},"schema":{"@context":"https:\/\/schema.org","@graph":[{"@type":"WebPage","@id":"https:\/\/lindy.com\/de\/case-study-poga\/","url":"https:\/\/lindy.com\/de\/case-study-poga\/","name":"CASE STUDY POGA - Lindy - German","isPartOf":{"@id":"https:\/\/lindy.com\/de\/#website"},"primaryImageOfPage":{"@id":"https:\/\/lindy.com\/de\/case-study-poga\/#primaryimage"},"image":{"@id":"https:\/\/lindy.com\/de\/case-study-poga\/#primaryimage"},"thumbnailUrl":"https:\/\/lindy.com\/de\/wp-content\/uploads\/sites\/3\/2026\/03\/Header_Poga_Case-Study.png","datePublished":"2025-12-04T10:58:37+00:00","dateModified":"2026-03-25T13:00:22+00:00","description":"Erfahren Sie, wie Lindy-Kabel POGA-Gaming-Stationen robust, flexibel und transportbereit machen \u2013 Top Performance f\u00fcr unterwegs.","breadcrumb":{"@id":"https:\/\/lindy.com\/de\/case-study-poga\/#breadcrumb"},"inLanguage":"de-DE","potentialAction":[{"@type":"ReadAction","target":["https:\/\/lindy.com\/de\/case-study-poga\/"]}]},{"@type":"ImageObject","inLanguage":"de-DE","@id":"https:\/\/lindy.com\/de\/case-study-poga\/#primaryimage","url":"https:\/\/lindy.com\/de\/wp-content\/uploads\/sites\/3\/2026\/03\/Header_Poga_Case-Study.png","contentUrl":"https:\/\/lindy.com\/de\/wp-content\/uploads\/sites\/3\/2026\/03\/Header_Poga_Case-Study.png","width":1920,"height":1080},{"@type":"BreadcrumbList","@id":"https:\/\/lindy.com\/de\/case-study-poga\/#breadcrumb","itemListElement":[{"@type":"ListItem","position":1,"name":"Home","item":"https:\/\/lindy.com\/de\/"},{"@type":"ListItem","position":2,"name":"CASE STUDY POGA"}]},{"@type":"WebSite","@id":"https:\/\/lindy.com\/de\/#website","url":"https:\/\/lindy.com\/de\/","name":"Lindy - German","description":"Connection Perfection","potentialAction":[{"@type":"SearchAction","target":{"@type":"EntryPoint","urlTemplate":"https:\/\/lindy.com\/de\/?s={search_term_string}"},"query-input":{"@type":"PropertyValueSpecification","valueRequired":true,"valueName":"search_term_string"}}],"inLanguage":"de-DE"}]}},"_links":{"self":[{"href":"https:\/\/lindy.com\/de\/wp-json\/wp\/v2\/pages\/17911","targetHints":{"allow":["GET"]}}],"collection":[{"href":"https:\/\/lindy.com\/de\/wp-json\/wp\/v2\/pages"}],"about":[{"href":"https:\/\/lindy.com\/de\/wp-json\/wp\/v2\/types\/page"}],"author":[{"embeddable":true,"href":"https:\/\/lindy.com\/de\/wp-json\/wp\/v2\/users\/28"}],"replies":[{"embeddable":true,"href":"https:\/\/lindy.com\/de\/wp-json\/wp\/v2\/comments?post=17911"}],"version-history":[{"count":59,"href":"https:\/\/lindy.com\/de\/wp-json\/wp\/v2\/pages\/17911\/revisions"}],"predecessor-version":[{"id":20102,"href":"https:\/\/lindy.com\/de\/wp-json\/wp\/v2\/pages\/17911\/revisions\/20102"}],"wp:attachment":[{"href":"https:\/\/lindy.com\/de\/wp-json\/wp\/v2\/media?parent=17911"}],"curies":[{"name":"wp","href":"https:\/\/api.w.org\/{rel}","templated":true}]}}