{"id":19421,"date":"2026-02-24T12:13:32","date_gmt":"2026-02-24T12:13:32","guid":{"rendered":"https:\/\/lindy.com\/de\/?page_id=19421"},"modified":"2026-03-05T10:05:03","modified_gmt":"2026-03-05T10:05:03","slug":"case-study-aver","status":"publish","type":"page","link":"https:\/\/lindy.com\/de\/case-study-aver\/","title":{"rendered":"CASE STUDY AVER"},"content":{"rendered":"\n<section class=\"wp-block-lindy-image-text-module section section--full-width-image full-width-image--with-text theme--light section--animation-none align--center  font--size-large\" style=\"background-image:url(https:\/\/lindy.com\/eu\/wp-content\/uploads\/sites\/10\/2026\/01\/Main-Image-2-1.jpg)\"><img decoding=\"async\" class=\"full-width-image__image\" src=\"https:\/\/lindy.com\/eu\/wp-content\/uploads\/sites\/10\/2026\/01\/Main-Image-2-1.jpg\"\/><div class=\"contained\"><div class=\"full-width-image__content\"><h2 class=\"section__heading\"><span>VERBINDUNGEN <br\/>MIT VISION<\/span><\/h2><\/div><\/div><\/section>\n\n\n\n<section class=\"wp-block-lindy-heading-text section section--heading-text theme--light align--center font--camber font--size-medium section--animation-none\"><div class=\"contained\"><h2 class=\"section__heading\"><span><br\/><\/span><\/h2><h2 class=\"section__subheading section__subheading__title\">WENN LEISTUNG GEFRAGT IST, W\u00c4HLT AVer LINDY<\/h2><\/div><\/section>\n\n\n\n<section class=\"wp-block-lindy-key-info section section--key-info theme--light section--animation-none\"><div class=\"contained\"><div class=\"grid-2_sm-1-center\"><div class=\"col left_item\"><div class=\"box\"><h3 class=\"section__heading\"><\/h3><div class=\"section__content\"><p class=\"section__content\">AVer, bekannt f\u00fcr seine hohen Standards in der professionellen Bildgebung, ben\u00f6tigte eine vollst\u00e4ndig zuverl\u00e4ssige USB-Konnektivit\u00e4t \u00fcber lange Distanzen. Nach umfangreichen Tests verschiedener USB-3.0-Verl\u00e4ngerungsl\u00f6sungen erf\u00fcllte nur Lindy ihre Anforderungen.<br\/><\/p><\/div><\/div><\/div><div class=\"col right_item\"><div class=\"box\"><h3 class=\"section__heading\"><\/h3><div class=\"section__content\"><p class=\"section__content\">\u00dcber das gesamte Kamerasortiment von AVer \u2014 von kompakten Konferenzeinheiten bis hin zu fortschrittlichen PTZ- und medizinischen Modellen \u2014 lieferten Lindy-Kabel makellose Ergebnisse: klares Video, reaktionsschnelles PTZ und automatisches Tracking sowie stabile Verbindungen selbst bei 20\u201325 Metern.<\/p><\/div><\/div><\/div><\/div><\/div><\/section>\n\n\n\n<section class=\"wp-block-lindy-image-text-module section section--full-width-image full-width-image--with-text theme--dark section--animation-none align--left  font--size-medium width--half\" style=\"background-image:url()\"><img decoding=\"async\" class=\"full-width-image__image\" src=\"\"\/><div class=\"contained\"><div class=\"full-width-image__content\"><h2 class=\"section__heading\"><span>Die HErausforderung<\/span><\/h2><p class=\"section__paragraph\"><br\/>Moderne Konferenzen, Streaming, Vorlesungsaufzeichnungen, medizinische Bildgebung und automatische Tracking-Systeme erfordern h\u00e4ufig Kamerapositionen weit \u00fcber die Standardreichweite von USB-Kabeln hinaus. F\u00fcr AVer bestand die Herausforderung darin, sicherzustellen, dass ihre Kameras auch \u00fcber diese langen Distanzen vom Host-PC zuverl\u00e4ssig arbeiten \u2014 ohne die Videoqualit\u00e4t zu beeintr\u00e4chtigen, zus\u00e4tzliche Latenz oder Stromprobleme zu verursachen oder die Reaktionsf\u00e4higkeit von PTZ und automatischem Tracking zu verringern.<\/p><\/div><\/div><\/section>\n\n\n\n<section class=\"wp-block-lindy-image-text-module section section--full-width-image full-width-image--with-text theme--dark section--animation-none align--left  font--size-medium width--half\" style=\"background-image:url(https:\/\/lindy.com\/eu\/wp-content\/uploads\/sites\/10\/2026\/01\/Resized-challenge-colour.jpg)\"><img decoding=\"async\" class=\"full-width-image__image\" src=\"https:\/\/lindy.com\/eu\/wp-content\/uploads\/sites\/10\/2026\/01\/Resized-challenge-colour.jpg\"\/><div class=\"contained\"><div class=\"full-width-image__content\"><p class=\"section__paragraph\"><br\/><\/p><\/div><\/div><\/section>\n\n\n\n<section class=\"wp-block-lindy-image-text-module section section--full-width-image full-width-image--with-text theme--light section--animation-none align--left  font--size-medium width--half\" style=\"background-image:url(https:\/\/lindy.com\/eu\/wp-content\/uploads\/sites\/10\/2026\/01\/Solution-1.jpg)\"><img decoding=\"async\" class=\"full-width-image__image\" src=\"https:\/\/lindy.com\/eu\/wp-content\/uploads\/sites\/10\/2026\/01\/Solution-1.jpg\"\/><div class=\"contained\"><div class=\"full-width-image__content\"><\/div><\/div><\/section>\n\n\n\n<section class=\"wp-block-lindy-image-text-module section section--full-width-image full-width-image--with-text theme--light section--animation-none align--left  font--size-medium width--half\" style=\"background-image:url()\"><img decoding=\"async\" class=\"full-width-image__image\" src=\"\"\/><div class=\"contained\"><div class=\"full-width-image__content\"><h2 class=\"section__heading\"><span>TESTANSATZ UND L\u00d6SUNG<\/span><\/h2><p class=\"section__paragraph\"><br\/>AVer arbeitete mit Lindy zusammen, um Kameras mit USB-3.0-Aktivverl\u00e4ngerungskabeln (3\u202fm, 10\u202fm, \u00fcber 20\u202fm) zu testen. In Besprechungsr\u00e4umen und Labors wurden Videoqualit\u00e4t, Latenz, Stromversorgung, PTZ-\/Tracking-Funktionen und Verbindungsstabilit\u00e4t gepr\u00fcft, um auch bei gro\u00dfen Entfernungen zuverl\u00e4ssige Leistung zu gew\u00e4hrleisten.<\/p><\/div><\/div><\/section>\n\n\n\n<section class=\"wp-block-lindy-heading-text section section--heading-text theme--dark align--center  font--size-medium section--animation-none\"><div class=\"contained\"><h2 class=\"section__heading\"><span><br\/>GEMEINSAM GETESTET, GEMEINSAM VERTRAUT<\/span><\/h2><\/div><\/section>\n\n\n\n<section class=\"wp-block-lindy-key-info section section--key-info theme--dark section--animation-none\"><div class=\"contained\"><div class=\"grid-2_sm-1-center\"><div class=\"col left_item\"><div class=\"box box--border\"><h3 class=\"section__heading\">AVer Produkte und Kameras bieten die perfekte Kombination<\/h3><div class=\"section__content\"><p class=\"section__content\"><strong>CAM Serie USB-Kameras:<\/strong> M\u00fchelose Videokonferenzen dank einfacher Plug-and-Play-Konnektivit\u00e4t.<br\/><br\/><strong>MT300\/100 Matrix Tracking Box:<\/strong> Intelligentes Presenter-Tracking mit nahtlosem Kamerawechsel.<br\/><br\/><strong>TR Serie Auto-Tracking-Kameras:<\/strong> Fortschrittliches KI-Tracking, das Sprechern automatisch folgt.<br\/><br\/><strong>PTZ200\/300 Serie PTZ PRO AV-Kameras:<\/strong> Sanfte Schwenk-, Neige- und Zoomsteuerung (pan-tilt-zoom) sorgt f\u00fcr dynamische Raum-Abdeckung in gro\u00dfen Arealen.<br\/><br\/><strong>MD PTZ-Kameras in medizinischer Qualit\u00e4t:<\/strong> Hochpr\u00e4zise Bildgebung, entwickelt zur Erf\u00fcllung medizinischer Standards.<\/p><\/div><\/div><\/div><div class=\"col right_item\"><div class=\"box box--border\"><h3 class=\"section__heading\">Lindy USB 3.0 Active Extension Pro<\/h3><div class=\"section__content\"><p class=\"section__content\"><strong>Aktives USB-Verl\u00e4ngerungskabel bis zu 20 m:<\/strong> Zuverl\u00e4ssige USB-Leistung weit \u00fcber die Standardkabell\u00e4ngen hinaus.<br\/><br\/><strong>Modulare Systemunterst\u00fctzung:<\/strong> Einfach kombinierbar mit weiteren Extension-Pro-Kabeln f\u00fcr maximale L\u00e4ngen-Flexibilit\u00e4t.<br\/><br\/><strong>USB 3.2 Gen 1 (SuperSpeed):<\/strong> Volle 5 Gbit\/s Datenbandbreite sorgt f\u00fcr schnelle Ger\u00e4tekommunikation.<br\/><br\/><strong>Verriegelbare Steckverbinder:<\/strong> Sicherer Halt und Schutz gegen unbeabsichtigtes L\u00f6sen in professionellen und industriellen Anwendungen.<br\/><br\/><strong>Plug &amp; Play:<\/strong> Einfache Installation, keine Treiber oder Konfiguration erforderlich.<\/p><\/div><\/div><\/div><\/div><\/div><\/section>\n\n\n\n<section class=\"wp-block-lindy-image-text-module section section--full-width-image full-width-image--with-text theme--light section--animation-none align--left  font--size-medium\" style=\"background-image:url(https:\/\/lindy.com\/eu\/wp-content\/uploads\/sites\/10\/2025\/12\/Lindy-product.png)\"><img decoding=\"async\" class=\"full-width-image__image\" src=\"https:\/\/lindy.com\/eu\/wp-content\/uploads\/sites\/10\/2025\/12\/Lindy-product.png\"\/><div class=\"contained\"><div class=\"full-width-image__content\"><\/div><\/div><\/section>\n\n\n\n<section class=\"wp-block-lindy-heading-text section section--heading-text theme--dark align--center font--camber font--size-small section--animation-none\"><div class=\"contained\"><h2 class=\"section__heading\"><span>Von AVer getestet. Von AVer genehmigt. Verwenden Sie die Lindy USB-Verl\u00e4ngerung f\u00fcr optimale Leistung mit den folgenden AVer-Kameras\u2026<\/span><\/h2><\/div><\/section>\n\n\n\n<section class=\"wp-block-lindy-image-text-module section section--full-width-image full-width-image--with-text theme--light section--animation-none align--left  font--size-medium\" style=\"background-image:url(https:\/\/lindy.com\/eu\/wp-content\/uploads\/sites\/10\/2025\/12\/Aver-product.png)\"><img decoding=\"async\" class=\"full-width-image__image\" src=\"https:\/\/lindy.com\/eu\/wp-content\/uploads\/sites\/10\/2025\/12\/Aver-product.png\"\/><div class=\"contained\"><div class=\"full-width-image__content\"><\/div><\/div><\/section>\n\n\n\n<section class=\"wp-block-lindy-parallax-hero section parallax-hero theme--dark align--left font--camber font--size-medium\" style=\"background-image:url(https:\/\/lindy.com\/eu\/wp-content\/uploads\/sites\/10\/2025\/12\/tr615.jpg)\"><div class=\"contained contained--full-width\"><div class=\"parallax-hero__content\"><div class=\"parallax-hero__content-wrapper align--left\"><h2 class=\"section__subheading section__subheading__title\"><strong>\u201eDie Zusammenarbeit zwischen AVer und Lindy hat die Implementierung vereinfacht, die Infrastrukturkosten gesenkt und sichergestellt, dass unsere Kunden jederzeit eine zuverl\u00e4ssige Leistung erhalten.\u201c<\/strong><\/h2><p class=\"section__paragraph\"><br\/>Rene Buhay, Vice President, Sales &amp; Marketing bei AVer Europe<\/p><\/div><\/div><\/div><\/section>\n\n\n\n<section class=\"wp-block-lindy-image-text-module section section--full-width-image full-width-image--with-text theme--light section--animation-none align--center  font--size-medium\" style=\"background-image:url()\"><img decoding=\"async\" class=\"full-width-image__image\" src=\"\"\/><div class=\"contained\"><div class=\"full-width-image__content\"><h2 class=\"section__heading\"><span>ERGEBNISSE &amp; MEHRWERT<\/span><\/h2><p class=\"section__paragraph\"><br\/>Die Lindy USB 3.0 Active Extension-Kabel bieten mit AVer-Kameras gr\u00f6\u00dfere Installationsflexibilit\u00e4t, erm\u00f6glichen Kamerapositionen jenseits der Standard-USB-Grenzen, vereinfachen die Infrastruktur und erhalten alle PTZ-, Tracking- und Bildgebungsfunktionen. Sie sind zudem eine kosteng\u00fcnstige und zuverl\u00e4ssige L\u00f6sung f\u00fcr USB-Videoverbindungen \u00fcber lange Distanzen.<\/p><\/div><\/div><\/section>\n\n\n\n<section class=\"wp-block-lindy-icon-section section section--icon font--size-small align--center theme--light\"><div class=\"contained\"><div class=\"grid-4_md-2_xs-1-spaceAround icons\"><div class=\"col\"><div class=\"icon-block icon-block--0\"><img decoding=\"async\" class=\"icon-block__image\" src=\"https:\/\/lindy.com\/eu\/wp-content\/uploads\/sites\/10\/2026\/01\/Efficiency.png\"\/><div class=\"icon-block__content\"><h3 class=\"icon-title\">VERBESSERTE \nMEETING-EFFIZIENZ<\/h3><p class=\"icon-text\"><\/p><\/div><\/div><\/div><div class=\"col\"><div class=\"icon-block icon-block--1\"><img decoding=\"async\" class=\"icon-block__image\" src=\"https:\/\/lindy.com\/eu\/wp-content\/uploads\/sites\/10\/2026\/01\/10.png\"\/><div class=\"icon-block__content\"><h3 class=\"icon-title\">KOSTENEFFIZIENZ<\/h3><p class=\"icon-text\"><\/p><\/div><\/div><\/div><div class=\"col\"><div class=\"icon-block icon-block--2\"><img decoding=\"async\" class=\"icon-block__image\" src=\"https:\/\/lindy.com\/eu\/wp-content\/uploads\/sites\/10\/2026\/01\/Zuverlassigkeit-Langlebigkeit_white.png\"\/><div class=\"icon-block__content\"><h3 class=\"icon-title\">Zuverl\u00e4ssigkeit \n&amp; Haltbarkeit<\/h3><p class=\"icon-text\"><\/p><\/div><\/div><\/div><div class=\"col\"><div class=\"icon-block icon-block--3\"><img decoding=\"async\" class=\"icon-block__image\" src=\"https:\/\/lindy.com\/eu\/wp-content\/uploads\/sites\/10\/2026\/01\/Kunden-Zufriedenheit_white.png\"\/><div class=\"icon-block__content\"><h3 class=\"icon-title\">KUNDENZUFRIEDENHEIT<\/h3><p class=\"icon-text\"><\/p><\/div><\/div><\/div><\/div><\/div><\/section>\n\n\n\n<section class=\"wp-block-lindy-parallax-hero section parallax-hero theme--dark align--center  font--size-medium\" style=\"background-image:url(https:\/\/lindy.com\/eu\/wp-content\/uploads\/sites\/10\/2026\/01\/tr615_3.jpg)\"><div class=\"contained contained--full-width\"><div class=\"parallax-hero__content\"><div class=\"parallax-hero__content-wrapper align--center\"><h2 class=\"section__heading\"><span><strong>FAZIT<\/strong><\/span><\/h2><p class=\"section__paragraph\"><br\/>Das Ergebnis war eindeutig: AVer entschied sich f\u00fcr die aktiven USB-Verl\u00e4ngerungskabel von Lindy und empfiehlt sie heute als zuverl\u00e4ssige L\u00f6sung. Kosteneffizient, flexibel und vor allem zuverl\u00e4ssig setzen Lindy Kabel den Ma\u00dfstab f\u00fcr jede Installation, bei der Leistung unverzichtbar ist und Distanz keine Barriere sein darf.<\/p><\/div><\/div><\/div><\/section>\n\n\n\n<section class=\"wp-block-lindy-image-text-module section section--full-width-image full-width-image--with-text theme--dark section--animation-none align--left  font--size-medium width--half\" style=\"background-image:url(https:\/\/lindy.com\/eu\/wp-content\/uploads\/sites\/10\/2026\/02\/Mock-up-case-sudy-Aver.jpg)\"><img decoding=\"async\" class=\"full-width-image__image\" src=\"https:\/\/lindy.com\/eu\/wp-content\/uploads\/sites\/10\/2026\/02\/Mock-up-case-sudy-Aver.jpg\"\/><div class=\"contained\"><div class=\"full-width-image__content\"><\/div><\/div><\/section>\n\n\n\n<section class=\"wp-block-lindy-image-text-module section section--full-width-image full-width-image--with-text theme--dark section--animation-none align--center  font--size-small width--half\" style=\"background-image:url()\"><img decoding=\"async\" class=\"full-width-image__image\" src=\"\"\/><div class=\"contained\"><div class=\"full-width-image__content\"><h2 class=\"section__subheading section__subheading__title\">Hat Sie diese Fallstudie inspiriert oder neue Impulse gegeben?<\/h2><p class=\"section__paragraph\"><br\/><strong><strong><strong><strong><strong><strong><strong><strong>Laden Sie die PDF-Version ganz einfach<br\/>mit einem Klick herunter.<\/strong><\/strong><\/strong><\/strong><\/strong><\/strong><\/strong><\/strong><\/p><a href=\"https:\/\/lindy.com\/de\/wp-content\/uploads\/sites\/3\/2026\/02\/Lindy-x-AVer-Case-Study-DE_1.pdf\" class=\"button button--white-transparent\" target=\"_blank\" rel=\"noopener noreferrer\">\ud83d\udce5 Jetzt herunterladen<\/a><\/div><\/div><\/section>\n","protected":false},"excerpt":{"rendered":"","protected":false},"author":28,"featured_media":0,"parent":0,"menu_order":0,"comment_status":"closed","ping_status":"closed","template":"page-templates\/template-landing.php","meta":{"_acf_changed":false,"footnotes":""},"class_list":["post-19421","page","type-page","status-publish","hentry"],"acf":[],"yoast_head":"<!-- This site is optimized with the Yoast SEO plugin v26.6 - https:\/\/yoast.com\/wordpress\/plugins\/seo\/ -->\n<title>CASE STUDY AVER - Lindy - German<\/title>\n<meta name=\"robots\" content=\"index, follow, max-snippet:-1, max-image-preview:large, max-video-preview:-1\" \/>\n<link rel=\"canonical\" href=\"https:\/\/lindy.com\/de\/case-study-aver\/\" \/>\n<meta property=\"og:locale\" content=\"de_DE\" \/>\n<meta property=\"og:type\" content=\"article\" \/>\n<meta property=\"og:title\" content=\"CASE STUDY AVER - Lindy - German\" \/>\n<meta property=\"og:url\" content=\"https:\/\/lindy.com\/de\/case-study-aver\/\" \/>\n<meta property=\"og:site_name\" content=\"Lindy - German\" \/>\n<meta property=\"article:modified_time\" content=\"2026-03-05T10:05:03+00:00\" \/>\n<meta property=\"og:image\" content=\"https:\/\/lindy.com\/eu\/wp-content\/uploads\/sites\/10\/2026\/01\/Main-Image-2-1.jpg\" \/>\n<meta name=\"twitter:card\" content=\"summary_large_image\" \/>\n<meta name=\"twitter:label1\" content=\"Gesch\u00e4tzte Lesezeit\" \/>\n\t<meta name=\"twitter:data1\" content=\"6 Minuten\" \/>\n<script type=\"application\/ld+json\" class=\"yoast-schema-graph\">{\"@context\":\"https:\/\/schema.org\",\"@graph\":[{\"@type\":\"WebPage\",\"@id\":\"https:\/\/lindy.com\/de\/case-study-aver\/\",\"url\":\"https:\/\/lindy.com\/de\/case-study-aver\/\",\"name\":\"CASE STUDY AVER - Lindy - German\",\"isPartOf\":{\"@id\":\"https:\/\/lindy.com\/de\/#website\"},\"primaryImageOfPage\":{\"@id\":\"https:\/\/lindy.com\/de\/case-study-aver\/#primaryimage\"},\"image\":{\"@id\":\"https:\/\/lindy.com\/de\/case-study-aver\/#primaryimage\"},\"thumbnailUrl\":\"https:\/\/lindy.com\/eu\/wp-content\/uploads\/sites\/10\/2026\/01\/Main-Image-2-1.jpg\",\"datePublished\":\"2026-02-24T12:13:32+00:00\",\"dateModified\":\"2026-03-05T10:05:03+00:00\",\"breadcrumb\":{\"@id\":\"https:\/\/lindy.com\/de\/case-study-aver\/#breadcrumb\"},\"inLanguage\":\"de-DE\",\"potentialAction\":[{\"@type\":\"ReadAction\",\"target\":[\"https:\/\/lindy.com\/de\/case-study-aver\/\"]}]},{\"@type\":\"ImageObject\",\"inLanguage\":\"de-DE\",\"@id\":\"https:\/\/lindy.com\/de\/case-study-aver\/#primaryimage\",\"url\":\"https:\/\/lindy.com\/eu\/wp-content\/uploads\/sites\/10\/2026\/01\/Main-Image-2-1.jpg\",\"contentUrl\":\"https:\/\/lindy.com\/eu\/wp-content\/uploads\/sites\/10\/2026\/01\/Main-Image-2-1.jpg\"},{\"@type\":\"BreadcrumbList\",\"@id\":\"https:\/\/lindy.com\/de\/case-study-aver\/#breadcrumb\",\"itemListElement\":[{\"@type\":\"ListItem\",\"position\":1,\"name\":\"Home\",\"item\":\"https:\/\/lindy.com\/de\/\"},{\"@type\":\"ListItem\",\"position\":2,\"name\":\"CASE STUDY AVER\"}]},{\"@type\":\"WebSite\",\"@id\":\"https:\/\/lindy.com\/de\/#website\",\"url\":\"https:\/\/lindy.com\/de\/\",\"name\":\"Lindy - German\",\"description\":\"Connection Perfection\",\"potentialAction\":[{\"@type\":\"SearchAction\",\"target\":{\"@type\":\"EntryPoint\",\"urlTemplate\":\"https:\/\/lindy.com\/de\/?s={search_term_string}\"},\"query-input\":{\"@type\":\"PropertyValueSpecification\",\"valueRequired\":true,\"valueName\":\"search_term_string\"}}],\"inLanguage\":\"de-DE\"}]}<\/script>\n<!-- \/ Yoast SEO plugin. -->","yoast_head_json":{"title":"CASE STUDY AVER - Lindy - German","robots":{"index":"index","follow":"follow","max-snippet":"max-snippet:-1","max-image-preview":"max-image-preview:large","max-video-preview":"max-video-preview:-1"},"canonical":"https:\/\/lindy.com\/de\/case-study-aver\/","og_locale":"de_DE","og_type":"article","og_title":"CASE STUDY AVER - Lindy - German","og_url":"https:\/\/lindy.com\/de\/case-study-aver\/","og_site_name":"Lindy - German","article_modified_time":"2026-03-05T10:05:03+00:00","og_image":[{"url":"https:\/\/lindy.com\/eu\/wp-content\/uploads\/sites\/10\/2026\/01\/Main-Image-2-1.jpg","type":"","width":"","height":""}],"twitter_card":"summary_large_image","twitter_misc":{"Gesch\u00e4tzte Lesezeit":"6 Minuten"},"schema":{"@context":"https:\/\/schema.org","@graph":[{"@type":"WebPage","@id":"https:\/\/lindy.com\/de\/case-study-aver\/","url":"https:\/\/lindy.com\/de\/case-study-aver\/","name":"CASE STUDY AVER - Lindy - German","isPartOf":{"@id":"https:\/\/lindy.com\/de\/#website"},"primaryImageOfPage":{"@id":"https:\/\/lindy.com\/de\/case-study-aver\/#primaryimage"},"image":{"@id":"https:\/\/lindy.com\/de\/case-study-aver\/#primaryimage"},"thumbnailUrl":"https:\/\/lindy.com\/eu\/wp-content\/uploads\/sites\/10\/2026\/01\/Main-Image-2-1.jpg","datePublished":"2026-02-24T12:13:32+00:00","dateModified":"2026-03-05T10:05:03+00:00","breadcrumb":{"@id":"https:\/\/lindy.com\/de\/case-study-aver\/#breadcrumb"},"inLanguage":"de-DE","potentialAction":[{"@type":"ReadAction","target":["https:\/\/lindy.com\/de\/case-study-aver\/"]}]},{"@type":"ImageObject","inLanguage":"de-DE","@id":"https:\/\/lindy.com\/de\/case-study-aver\/#primaryimage","url":"https:\/\/lindy.com\/eu\/wp-content\/uploads\/sites\/10\/2026\/01\/Main-Image-2-1.jpg","contentUrl":"https:\/\/lindy.com\/eu\/wp-content\/uploads\/sites\/10\/2026\/01\/Main-Image-2-1.jpg"},{"@type":"BreadcrumbList","@id":"https:\/\/lindy.com\/de\/case-study-aver\/#breadcrumb","itemListElement":[{"@type":"ListItem","position":1,"name":"Home","item":"https:\/\/lindy.com\/de\/"},{"@type":"ListItem","position":2,"name":"CASE STUDY AVER"}]},{"@type":"WebSite","@id":"https:\/\/lindy.com\/de\/#website","url":"https:\/\/lindy.com\/de\/","name":"Lindy - German","description":"Connection Perfection","potentialAction":[{"@type":"SearchAction","target":{"@type":"EntryPoint","urlTemplate":"https:\/\/lindy.com\/de\/?s={search_term_string}"},"query-input":{"@type":"PropertyValueSpecification","valueRequired":true,"valueName":"search_term_string"}}],"inLanguage":"de-DE"}]}},"_links":{"self":[{"href":"https:\/\/lindy.com\/de\/wp-json\/wp\/v2\/pages\/19421","targetHints":{"allow":["GET"]}}],"collection":[{"href":"https:\/\/lindy.com\/de\/wp-json\/wp\/v2\/pages"}],"about":[{"href":"https:\/\/lindy.com\/de\/wp-json\/wp\/v2\/types\/page"}],"author":[{"embeddable":true,"href":"https:\/\/lindy.com\/de\/wp-json\/wp\/v2\/users\/28"}],"replies":[{"embeddable":true,"href":"https:\/\/lindy.com\/de\/wp-json\/wp\/v2\/comments?post=19421"}],"version-history":[{"count":4,"href":"https:\/\/lindy.com\/de\/wp-json\/wp\/v2\/pages\/19421\/revisions"}],"predecessor-version":[{"id":19466,"href":"https:\/\/lindy.com\/de\/wp-json\/wp\/v2\/pages\/19421\/revisions\/19466"}],"wp:attachment":[{"href":"https:\/\/lindy.com\/de\/wp-json\/wp\/v2\/media?parent=19421"}],"curies":[{"name":"wp","href":"https:\/\/api.w.org\/{rel}","templated":true}]}}