{"id":19532,"date":"2026-03-09T13:21:42","date_gmt":"2026-03-09T13:21:42","guid":{"rendered":"https:\/\/lindy.com\/de\/?page_id=19532"},"modified":"2026-04-15T11:59:16","modified_gmt":"2026-04-15T11:59:16","slug":"case-study-avem","status":"publish","type":"page","link":"https:\/\/lindy.com\/de\/case-study-avem\/","title":{"rendered":"CASE STUDY AVEM"},"content":{"rendered":"\n<section class=\"wp-block-lindy-image-text-module section section--full-width-image full-width-image--with-text theme--dark section--animation-none align--center  font--size-large\" style=\"background-image:url(https:\/\/lindy.com\/eu\/wp-content\/uploads\/sites\/10\/2026\/02\/Avem-header-1.jpg)\"><img decoding=\"async\" class=\"full-width-image__image\" src=\"https:\/\/lindy.com\/eu\/wp-content\/uploads\/sites\/10\/2026\/02\/Avem-header-1.jpg\"\/><div class=\"contained\"><div class=\"full-width-image__content\"><h2 class=\"section__heading\"><span>LINDY x GROUPE AVEM<\/span><\/h2><h2 class=\"section__subheading section__subheading__title\">DIE ZUKUNFT DES VERNETZTEN BANKINGS GESTALTEN<\/h2><\/div><\/div><\/section>\n\n\n\n<section class=\"wp-block-lindy-heading-text section section--heading-text theme--light align--center  font--size-medium section--animation-none\"><div class=\"contained\"><h2 class=\"section__heading\"><span><br\/><strong>PRIVAT, ZUVERL\u00c4SSIG, VERNETZT \u2013 DIE ZUKUNFT DES BANKINGS<\/strong><\/span><\/h2><\/div><\/section>\n\n\n\n<section class=\"wp-block-lindy-key-info section section--key-info theme--light section--animation-none\"><div class=\"contained\"><div class=\"grid-2_sm-1-center\"><div class=\"col left_item\"><div class=\"box\"><h3 class=\"section__heading\"><\/h3><div class=\"section__content\"><p class=\"section__content\">Groupe AVEM, ein f\u00fchrender Anbieter digitaler und Zahlungsl\u00f6sungen f\u00fcr Finanzinstitute in Frankreich, ben\u00f6tigte eine zuverl\u00e4ssige, diskrete und leistungsstarke Konnektivit\u00e4tsl\u00f6sung f\u00fcr ihre neue Generation interaktiver Selbstbedienungsterminals. Diese Terminals erm\u00f6glichen es Kundinnen und Kunden, sichere Transaktionen <\/p><\/div><\/div><\/div><div class=\"col right_item\"><div class=\"box\"><h3 class=\"section__heading\"><\/h3><div class=\"section__content\"><p class=\"section__content\">durchzuf\u00fchren und vertraulich mit Remote-Beratern zu kommunizieren. Um dies zu realisieren, arbeitete AVEM mit Lindy zusammen, um ein robustes Verkabelungs- und Signalverl\u00e4ngerungssystem zu implementieren, das Daten\u00fcbertragung \u00fcber gro\u00dfe Entfernungen, Audio-Extraktion und gerichteten Klang kombiniert.<\/p><\/div><\/div><\/div><\/div><\/div><\/section>\n\n\n\n<section class=\"wp-block-lindy-image-text-module section section--full-width-image full-width-image--with-text theme--dark section--animation-none align--left  font--size-medium width--half\" style=\"background-image:url()\"><img decoding=\"async\" class=\"full-width-image__image\" src=\"\"\/><div class=\"contained\"><div class=\"full-width-image__content\"><h2 class=\"section__heading\"><span><strong>DIE HERAUSFORDERUNG<\/strong><\/span><\/h2><p class=\"section__paragraph\"><br\/>Banken m\u00fcssen heute die Balance zwischen Kundenautonomie und personalisiertem Service finden. Der Kunde von AVEM, eine gro\u00dfe franz\u00f6sische Bank, plante die Einf\u00fchrung intelligenter Terminals, die einen sicheren Kontozugriff, NFC-Identifikation sowie private Videoberatung per Webcam und gerichtetem Audio erm\u00f6glichen.<br\/>Die Herausforderung bestand darin, eine zuverl\u00e4ssige \u00dcbertragung von USB-, HDMI- und Audiosignalen \u00fcber Distanzen von bis zu 70 Metern \u2013 ausgehend von gesicherten Backend-Systemen \u2013 sicherzustellen. Gleichzeitig musste vollst\u00e4ndige Audio-Privatsph\u00e4re gew\u00e4hrleistet und eine saubere, unauff\u00e4llige Installation in jeder Filiale realisiert werden.<\/p><\/div><\/div><\/section>\n\n\n\n<section class=\"wp-block-lindy-image-text-module section section--full-width-image full-width-image--with-text theme--dark section--animation-none align--left  font--size-medium width--half\" style=\"background-image:url(https:\/\/lindy.com\/eu\/wp-content\/uploads\/sites\/10\/2026\/02\/DX8000_bakery_contactless_card_HD-980x654-1.png)\"><img decoding=\"async\" class=\"full-width-image__image\" src=\"https:\/\/lindy.com\/eu\/wp-content\/uploads\/sites\/10\/2026\/02\/DX8000_bakery_contactless_card_HD-980x654-1.png\"\/><div class=\"contained\"><div class=\"full-width-image__content\"><\/div><\/div><\/section>\n\n\n\n<section class=\"wp-block-lindy-heading-text section section--heading-text theme--light align--center  font--size-medium section--animation-none\"><div class=\"contained\"><h2 class=\"section__heading\"><span><br\/><strong>DIE L\u00d6SUNG VON LINDY<\/strong><\/span><\/h2><\/div><\/section>\n\n\n\n<section class=\"wp-block-lindy-key-info section section--key-info theme--light section--animation-none\"><div class=\"contained\"><div class=\"grid-2_sm-1-center\"><div class=\"col left_item\"><div class=\"box\"><h3 class=\"section__heading\"><\/h3><div class=\"section__content\"><p class=\"section__content\">AVEM implementierte eine integrierte Konnektivit\u00e4tsl\u00f6sung auf Basis von Lindy-Technologie, um die kundenseitigen Terminals mit den sicheren Backoffice-Systemen der Bank zu verbinden.<br\/>Das Design erm\u00f6glichte die \u00dcbertragung von Video-, Daten- und Audiosignalen \u00fcber gro\u00dfe Entfernungen mit au\u00dfergew\u00f6hnlicher Zuverl\u00e4ssigkeit und ohne Qualit\u00e4tsverlust. Der Ton wurde direkt im Terminal extrahiert und an einen gerichteten Lautsprecher weitergeleitet,<\/p><\/div><\/div><\/div><div class=\"col right_item\"><div class=\"box\"><h3 class=\"section__heading\"><\/h3><div class=\"section__content\"><p class=\"section__content\">wodurch eine vertrauliche Kommunikation zwischen Kundinnen und Kunden sowie Remote-Beratern sichergestellt wurde.<br\/>Das Ergebnis war ein schlankes, diskretes System, das die Installation vereinfachte, die Verkabelung reduzierte und sowohl Nutzern als auch Bankmitarbeitenden eine sichere, leistungsstarke L\u00f6sung bot.<\/p><\/div><\/div><\/div><\/div><\/div><\/section>\n\n\n\n<section class=\"wp-block-lindy-heading-text section section--heading-text theme--dark align--center  font--size-medium section--animation-none\"><div class=\"contained\"><h2 class=\"section__heading\"><span><br\/><strong>EINGESETZTE PRODUKTE<\/strong><\/span><\/h2><\/div><\/section>\n\n\n\n<section class=\"wp-block-lindy-image-text-module section section--full-width-image full-width-image--with-text theme--dark section--animation-none align--left font--camber font--size-small width--half\" style=\"background-image:url(https:\/\/lindy.com\/eu\/wp-content\/uploads\/sites\/10\/2026\/02\/38208_black_half-width.png)\"><img decoding=\"async\" class=\"full-width-image__image\" src=\"https:\/\/lindy.com\/eu\/wp-content\/uploads\/sites\/10\/2026\/02\/38208_black_half-width.png\"\/><div class=\"contained\"><div class=\"full-width-image__content\"><h2 class=\"section__heading\"><span><strong>70m Cat.6 HDMI 4K30 <\/strong><br\/><strong>&amp; IR Extender<\/strong><\/span><\/h2><h2 class=\"section__subheading section__subheading__title\">No. 38208<\/h2><p class=\"section__paragraph\"><br\/>Verl\u00e4ngert HDMI\u00ae- und IR-Signale bis zu 70 m <br\/>\u00fcber ein einzelnes Cat.6-Kabel.<\/p><a href=\"https:\/\/www.lindy.de\/70m-Cat-6-HDMI-4K30-IR-Extender-mit-PoC-Loop-Out.htm?websale8=ld0101.ld011101&amp;pi=38208&amp;ci=20\" class=\"button button--white-transparent\" target=\"_blank\" rel=\"noopener noreferrer\">SHOP ONLINE<\/a><\/div><\/div><\/section>\n\n\n\n<section class=\"wp-block-lindy-image-text-module section section--full-width-image full-width-image--with-text theme--dark section--animation-none align--left font--camber font--size-small width--half\" style=\"background-image:url(https:\/\/lindy.com\/eu\/wp-content\/uploads\/sites\/10\/2026\/02\/38167-Products_avem_Half_width.png)\"><img decoding=\"async\" class=\"full-width-image__image\" src=\"https:\/\/lindy.com\/eu\/wp-content\/uploads\/sites\/10\/2026\/02\/38167-Products_avem_Half_width.png\"\/><div class=\"contained\"><div class=\"full-width-image__content\"><h2 class=\"section__heading\"><span>HDMI\u00ae 4K30 Audio Extractor<\/span><\/h2><h2 class=\"section__subheading section__subheading__title\">no. 38167<\/h2><p class=\"section__paragraph\"><br\/>Verl\u00e4ngert HDMI\u00ae- und IR-Signale <br\/>bis zu 70 m \u00fcber ein einzelnes Cat.6-Kabel.<\/p><a href=\"https:\/\/www.lindy.de\/HDMI-4K-Audio-Extractor.htm?websale8=ld0101.ld011101&amp;pi=38167&amp;ci=20\" class=\"button button--white-transparent\" target=\"_blank\" rel=\"noopener noreferrer\">shop online<\/a><\/div><\/div><\/section>\n\n\n\n<section class=\"wp-block-lindy-image-text-module section section--full-width-image full-width-image--with-text theme--dark section--animation-none align--left font--camber font--size-small width--half\" style=\"background-image:url(https:\/\/lindy.com\/eu\/wp-content\/uploads\/sites\/10\/2026\/02\/35214_black_half-width.png)\"><img decoding=\"async\" class=\"full-width-image__image\" src=\"https:\/\/lindy.com\/eu\/wp-content\/uploads\/sites\/10\/2026\/02\/35214_black_half-width.png\"\/><div class=\"contained\"><div class=\"full-width-image__content\"><h2 class=\"section__heading\"><span>5m TosLink Kabel <br\/>(optisches SPDIF)<\/span><\/h2><h2 class=\"section__subheading section__subheading__title\">no. 35214<\/h2><p class=\"section__paragraph\"><br\/>Liefert klares digitales Audio in <br\/>Glasfaserqualit\u00e4t ohne St\u00f6rungen.<\/p><a href=\"https:\/\/www.lindy.de\/TosLink-Kabel-optisches-SPDIF-5m.htm?websale8=ld0101.ld011101&amp;pi=35214&amp;ci=80\" class=\"button button--white-transparent\" target=\"_blank\" rel=\"noopener noreferrer\">shop online<\/a><\/div><\/div><\/section>\n\n\n\n<section class=\"wp-block-lindy-image-text-module section section--full-width-image full-width-image--with-text theme--dark section--animation-none align--left font--camber font--size-small width--half\" style=\"background-image:url(https:\/\/lindy.com\/eu\/wp-content\/uploads\/sites\/10\/2026\/02\/47739_black_half-width.png)\"><img decoding=\"async\" class=\"full-width-image__image\" src=\"https:\/\/lindy.com\/eu\/wp-content\/uploads\/sites\/10\/2026\/02\/47739_black_half-width.png\"\/><div class=\"contained\"><div class=\"full-width-image__content\"><h2 class=\"section__heading\"><span>15m Cat.6 S\/FTP <br\/>Netzwerkkabel, Rot<\/span><\/h2><h2 class=\"section__subheading section__subheading__title\">no. 47739<\/h2><p class=\"section__paragraph\"><br\/>Sorgt f\u00fcr schnelle, stabile <br\/>Gigabit-Verbindungen mit geschirmtem Cat.6.<\/p><a href=\"https:\/\/www.lindy.de\/15m-Cat-6-S-FTP-Netzwerkkabel-rot.htm?websale8=ld0101.ld011101&amp;pi=47739&amp;ci=80\" class=\"button button--white-transparent\" target=\"_blank\" rel=\"noopener noreferrer\">shop online<\/a><\/div><\/div><\/section>\n\n\n\n<section class=\"wp-block-lindy-image-text-module section section--full-width-image full-width-image--with-text theme--dark section--animation-none align--left font--camber font--size-small\" style=\"background-image:url(https:\/\/lindy.com\/eu\/wp-content\/uploads\/sites\/10\/2026\/02\/43410_black_full_width.png)\"><img decoding=\"async\" class=\"full-width-image__image\" src=\"https:\/\/lindy.com\/eu\/wp-content\/uploads\/sites\/10\/2026\/02\/43410_black_full_width.png\"\/><div class=\"contained\"><div class=\"full-width-image__content\"><h2 class=\"section__heading\"><span>4-Port USB 3.2 Gen 1 Cat.6A <br\/>HDBaseT Extender<\/span><\/h2><h2 class=\"section__subheading section__subheading__title\">no. 43410<\/h2><p class=\"section__paragraph\"><br\/>Hochleistungs-USB-3.2-Verl\u00e4ngerung bis 100 m <br\/>mit 5 Gbit\/s Geschwindigkeit.<\/p><a href=\"https:\/\/www.lindy.de\/100m-Cat-6A-USB-3-2-Gen-1-HDBaseT-Extender.htm?websale8=ld0101.ld011101&amp;pi=43410&amp;ci=2002\" class=\"button button--white-transparent\" target=\"_blank\" rel=\"noopener noreferrer\">shop online<\/a><\/div><\/div><\/section>\n\n\n\n<section class=\"wp-block-lindy-parallax-hero section parallax-hero theme--dark align--left font--camber font--size-medium\" style=\"background-image:url(https:\/\/lindy.com\/eu\/wp-content\/uploads\/sites\/10\/2026\/02\/Testimonial.png)\"><div class=\"contained contained--full-width\"><div class=\"parallax-hero__content\"><div class=\"parallax-hero__content-wrapper align--left\"><h2 class=\"section__subheading section__subheading__title\">\u201eZuverl\u00e4ssige Konnektivit\u00e4t ist die Grundlage nahtloser Kundenerlebnisse. Im Bankensektor ist die Kombination aus Leistung, Sicherheit und Einfachheit entscheidend, um L\u00f6sungen zu schaffen, bei denen Technologie den Menschen vertrauensvoll und effizient dient.\u201c<\/h2><p class=\"section__paragraph\"><br\/>Olivier Carre, Projektmanager, Groupe AVEM<\/p><\/div><\/div><\/div><\/section>\n\n\n\n<section class=\"wp-block-lindy-heading-text section section--heading-text theme--dark align--center  font--size-medium section--animation-none\"><div class=\"contained\"><h2 class=\"section__heading\"><span>ERGEBNISSE &amp; VORTEILE<\/span><\/h2><\/div><\/section>\n\n\n\n<section class=\"wp-block-lindy-key-info section section--key-info theme--dark section--animation-none\"><div class=\"contained\"><div class=\"grid-2_sm-1-center\"><div class=\"col left_item\"><div class=\"box\"><h3 class=\"section__heading\"><\/h3><div class=\"section__content\"><p class=\"section__content\">Die AVEM\u2013Lindy-L\u00f6sung bot der Bank einen sicheren, zuverl\u00e4ssigen und eleganten Kundenkontaktpunkt, der fortschrittliche Konnektivit\u00e4t mit Privatsph\u00e4re verbindet.<br\/>Vertrauliche Audiokommunikation: Durch den Einsatz gerichteter Audiotechnologie wird eine diskrete und gesch\u00fctzte Kommunikation zwischen Kundinnen und Kunden sowie Remote-Beratern sichergestellt. Gespr\u00e4che bleiben lokal begrenzt und f\u00fcr Unbeteiligte nicht h\u00f6rbar.<\/p><\/div><\/div><\/div><div class=\"col right_item\"><div class=\"box\"><h3 class=\"section__heading\"><\/h3><div class=\"section__content\"><p class=\"section__content\">Optimierte Installation: Die reduzierte und strukturierte Verkabelung erm\u00f6glichte eine schnelle, saubere Integration in die bestehende Filialinfrastruktur und minimierte den Installationsaufwand.<br\/>Zuverl\u00e4ssige Performance \u00fcber gro\u00dfe Distanzen: Die stabile Signal\u00fcbertragung zwischen Kundenterminals und gesicherten Serverr\u00e4umen gew\u00e4hrleistet dauerhaft hohe Qualit\u00e4t \u2013 auch bei Entfernungen von bis zu 70 Metern.<br\/>Verbesserte Servicequalit\u00e4t:Schnellere, flexible Self-Service- und Remote-Beratungsoptionen steigern Effizienz und Benutzerfreundlichkeit gleicherma\u00dfen und tragen zu einer modernen Kundeninteraktion bei.<\/p><\/div><\/div><\/div><\/div><\/div><\/section>\n\n\n\n<section class=\"wp-block-lindy-icon-section section section--icon font--size-small align--center theme--dark\"><div class=\"contained\"><div class=\"grid-4_md-2_xs-1-spaceAround icons\"><div class=\"col\"><div class=\"icon-block icon-block--0\"><img decoding=\"async\" class=\"icon-block__image\" src=\"https:\/\/lindy.com\/eu\/wp-content\/uploads\/sites\/10\/2026\/02\/1.png\"\/><div class=\"icon-block__content\"><h3 class=\"icon-title\">Sicherheit &amp; Zuverl\u00e4ssigkeit<\/h3><p class=\"icon-text\"><\/p><\/div><\/div><\/div><div class=\"col\"><div class=\"icon-block icon-block--1\"><img decoding=\"async\" class=\"icon-block__image\" src=\"https:\/\/lindy.com\/eu\/wp-content\/uploads\/sites\/10\/2026\/02\/2.png\"\/><div class=\"icon-block__content\"><h3 class=\"icon-title\">Kosteneffiziente L\u00f6sung<\/h3><p class=\"icon-text\"><\/p><\/div><\/div><\/div><div class=\"col\"><div class=\"icon-block icon-block--2\"><img decoding=\"async\" class=\"icon-block__image\" src=\"https:\/\/lindy.com\/eu\/wp-content\/uploads\/sites\/10\/2026\/02\/3.png\"\/><div class=\"icon-block__content\"><h3 class=\"icon-title\">Kundenzufriedenheit<\/h3><p class=\"icon-text\"><\/p><\/div><\/div><\/div><div class=\"col\"><div class=\"icon-block icon-block--3\"><img decoding=\"async\" class=\"icon-block__image\" src=\"https:\/\/lindy.com\/eu\/wp-content\/uploads\/sites\/10\/2026\/02\/4.png\"\/><div class=\"icon-block__content\"><h3 class=\"icon-title\">Skalierbarkeit &amp; Flexibilit\u00e4t<\/h3><p class=\"icon-text\"><\/p><\/div><\/div><\/div><\/div><\/div><\/section>\n\n\n\n<section class=\"wp-block-lindy-image-text-module section section--full-width-image full-width-image--with-text theme--light section--animation-none align--center  font--size-medium\" style=\"background-image:url()\"><img decoding=\"async\" class=\"full-width-image__image\" src=\"\"\/><div class=\"contained\"><div class=\"full-width-image__content\"><h2 class=\"section__heading\"><span><strong>FAZIT &amp; ERKENNTNISSE<\/strong><\/span><\/h2><p class=\"section__paragraph\"><br\/>Durch die Kombination der Expertise von AVEM im Bereich Bankentechnologie mit den bew\u00e4hrten Konnektivit\u00e4tsl\u00f6sungen von Lindy wurde der Kundenservice in den Filialen erfolgreich modernisiert.<br\/><br\/>Das Ergebnis: eine <strong>sichere, effiziente<\/strong> und <strong>menschenzentrierte<\/strong> Kundenbetreuung \u2013 erm\u00f6glicht durch Lindys pr\u00e4zise Ingenieurskunst.<br\/><\/p><a href=\"https:\/\/www.avem-groupe.com\/\" class=\"button button--dark\" target=\"_blank\" rel=\"noopener noreferrer\">Entdecken Groupe AVEM<\/a><\/div><\/div><\/section>\n\n\n\n<section class=\"wp-block-lindy-image-text-module section section--full-width-image full-width-image--with-text theme--dark section--animation-none align--left  font--size-medium width--half\" style=\"background-image:url(https:\/\/lindy.com\/eu\/wp-content\/uploads\/sites\/10\/2026\/02\/Mock-up-case-sudy-Avem.jpg)\"><img decoding=\"async\" class=\"full-width-image__image\" src=\"https:\/\/lindy.com\/eu\/wp-content\/uploads\/sites\/10\/2026\/02\/Mock-up-case-sudy-Avem.jpg\"\/><div class=\"contained\"><div class=\"full-width-image__content\"><\/div><\/div><\/section>\n\n\n\n<section class=\"wp-block-lindy-image-text-module section section--full-width-image full-width-image--with-text theme--dark section--animation-none align--center  font--size-small width--half\" style=\"background-image:url()\"><img decoding=\"async\" class=\"full-width-image__image\" src=\"\"\/><div class=\"contained\"><div class=\"full-width-image__content\"><h2 class=\"section__subheading section__subheading__title\">Vous avez trouv\u00e9 Hat Sie diese Fallstudie inspiriert oder neue Impulse gegeben?<\/h2><p class=\"section__paragraph\"><br\/><strong><strong><strong><strong><strong>Laden Sie die PDF-Version ganz einfach<br\/>mit einem Klick herunter.<\/strong><\/strong><\/strong><\/strong><\/strong><\/p><a href=\"https:\/\/lindy.com\/de\/wp-content\/uploads\/sites\/3\/2026\/04\/Lindy-x-Avem-Case-Study-DE.pdf\" class=\"button button--white-transparent\" target=\"_blank\" rel=\"noopener noreferrer\">\ud83d\udce5 Jetzt herunterladen<\/a><\/div><\/div><\/section>\n","protected":false},"excerpt":{"rendered":"","protected":false},"author":28,"featured_media":0,"parent":0,"menu_order":0,"comment_status":"closed","ping_status":"closed","template":"page-templates\/template-landing.php","meta":{"_acf_changed":false,"footnotes":""},"class_list":["post-19532","page","type-page","status-publish","hentry"],"acf":[],"yoast_head":"<!-- This site is optimized with the Yoast SEO plugin v26.6 - https:\/\/yoast.com\/wordpress\/plugins\/seo\/ -->\n<title>CASE STUDY AVEM - Lindy - German<\/title>\n<meta name=\"robots\" content=\"index, follow, max-snippet:-1, max-image-preview:large, max-video-preview:-1\" \/>\n<link rel=\"canonical\" href=\"https:\/\/lindy.com\/de\/case-study-avem\/\" \/>\n<meta property=\"og:locale\" content=\"de_DE\" \/>\n<meta property=\"og:type\" content=\"article\" \/>\n<meta property=\"og:title\" content=\"CASE STUDY AVEM - Lindy - German\" \/>\n<meta property=\"og:url\" content=\"https:\/\/lindy.com\/de\/case-study-avem\/\" \/>\n<meta property=\"og:site_name\" content=\"Lindy - German\" \/>\n<meta property=\"article:modified_time\" content=\"2026-04-15T11:59:16+00:00\" \/>\n<meta property=\"og:image\" content=\"https:\/\/lindy.com\/eu\/wp-content\/uploads\/sites\/10\/2026\/02\/Avem-header-1.jpg\" \/>\n<meta name=\"twitter:card\" content=\"summary_large_image\" \/>\n<meta name=\"twitter:label1\" content=\"Gesch\u00e4tzte Lesezeit\" \/>\n\t<meta name=\"twitter:data1\" content=\"7 Minuten\" \/>\n<script type=\"application\/ld+json\" class=\"yoast-schema-graph\">{\"@context\":\"https:\/\/schema.org\",\"@graph\":[{\"@type\":\"WebPage\",\"@id\":\"https:\/\/lindy.com\/de\/case-study-avem\/\",\"url\":\"https:\/\/lindy.com\/de\/case-study-avem\/\",\"name\":\"CASE STUDY AVEM - Lindy - German\",\"isPartOf\":{\"@id\":\"https:\/\/lindy.com\/de\/#website\"},\"primaryImageOfPage\":{\"@id\":\"https:\/\/lindy.com\/de\/case-study-avem\/#primaryimage\"},\"image\":{\"@id\":\"https:\/\/lindy.com\/de\/case-study-avem\/#primaryimage\"},\"thumbnailUrl\":\"https:\/\/lindy.com\/eu\/wp-content\/uploads\/sites\/10\/2026\/02\/Avem-header-1.jpg\",\"datePublished\":\"2026-03-09T13:21:42+00:00\",\"dateModified\":\"2026-04-15T11:59:16+00:00\",\"breadcrumb\":{\"@id\":\"https:\/\/lindy.com\/de\/case-study-avem\/#breadcrumb\"},\"inLanguage\":\"de-DE\",\"potentialAction\":[{\"@type\":\"ReadAction\",\"target\":[\"https:\/\/lindy.com\/de\/case-study-avem\/\"]}]},{\"@type\":\"ImageObject\",\"inLanguage\":\"de-DE\",\"@id\":\"https:\/\/lindy.com\/de\/case-study-avem\/#primaryimage\",\"url\":\"https:\/\/lindy.com\/eu\/wp-content\/uploads\/sites\/10\/2026\/02\/Avem-header-1.jpg\",\"contentUrl\":\"https:\/\/lindy.com\/eu\/wp-content\/uploads\/sites\/10\/2026\/02\/Avem-header-1.jpg\"},{\"@type\":\"BreadcrumbList\",\"@id\":\"https:\/\/lindy.com\/de\/case-study-avem\/#breadcrumb\",\"itemListElement\":[{\"@type\":\"ListItem\",\"position\":1,\"name\":\"Home\",\"item\":\"https:\/\/lindy.com\/de\/\"},{\"@type\":\"ListItem\",\"position\":2,\"name\":\"CASE STUDY AVEM\"}]},{\"@type\":\"WebSite\",\"@id\":\"https:\/\/lindy.com\/de\/#website\",\"url\":\"https:\/\/lindy.com\/de\/\",\"name\":\"Lindy - German\",\"description\":\"Connection Perfection\",\"potentialAction\":[{\"@type\":\"SearchAction\",\"target\":{\"@type\":\"EntryPoint\",\"urlTemplate\":\"https:\/\/lindy.com\/de\/?s={search_term_string}\"},\"query-input\":{\"@type\":\"PropertyValueSpecification\",\"valueRequired\":true,\"valueName\":\"search_term_string\"}}],\"inLanguage\":\"de-DE\"}]}<\/script>\n<!-- \/ Yoast SEO plugin. -->","yoast_head_json":{"title":"CASE STUDY AVEM - Lindy - German","robots":{"index":"index","follow":"follow","max-snippet":"max-snippet:-1","max-image-preview":"max-image-preview:large","max-video-preview":"max-video-preview:-1"},"canonical":"https:\/\/lindy.com\/de\/case-study-avem\/","og_locale":"de_DE","og_type":"article","og_title":"CASE STUDY AVEM - Lindy - German","og_url":"https:\/\/lindy.com\/de\/case-study-avem\/","og_site_name":"Lindy - German","article_modified_time":"2026-04-15T11:59:16+00:00","og_image":[{"url":"https:\/\/lindy.com\/eu\/wp-content\/uploads\/sites\/10\/2026\/02\/Avem-header-1.jpg","type":"","width":"","height":""}],"twitter_card":"summary_large_image","twitter_misc":{"Gesch\u00e4tzte Lesezeit":"7 Minuten"},"schema":{"@context":"https:\/\/schema.org","@graph":[{"@type":"WebPage","@id":"https:\/\/lindy.com\/de\/case-study-avem\/","url":"https:\/\/lindy.com\/de\/case-study-avem\/","name":"CASE STUDY AVEM - Lindy - German","isPartOf":{"@id":"https:\/\/lindy.com\/de\/#website"},"primaryImageOfPage":{"@id":"https:\/\/lindy.com\/de\/case-study-avem\/#primaryimage"},"image":{"@id":"https:\/\/lindy.com\/de\/case-study-avem\/#primaryimage"},"thumbnailUrl":"https:\/\/lindy.com\/eu\/wp-content\/uploads\/sites\/10\/2026\/02\/Avem-header-1.jpg","datePublished":"2026-03-09T13:21:42+00:00","dateModified":"2026-04-15T11:59:16+00:00","breadcrumb":{"@id":"https:\/\/lindy.com\/de\/case-study-avem\/#breadcrumb"},"inLanguage":"de-DE","potentialAction":[{"@type":"ReadAction","target":["https:\/\/lindy.com\/de\/case-study-avem\/"]}]},{"@type":"ImageObject","inLanguage":"de-DE","@id":"https:\/\/lindy.com\/de\/case-study-avem\/#primaryimage","url":"https:\/\/lindy.com\/eu\/wp-content\/uploads\/sites\/10\/2026\/02\/Avem-header-1.jpg","contentUrl":"https:\/\/lindy.com\/eu\/wp-content\/uploads\/sites\/10\/2026\/02\/Avem-header-1.jpg"},{"@type":"BreadcrumbList","@id":"https:\/\/lindy.com\/de\/case-study-avem\/#breadcrumb","itemListElement":[{"@type":"ListItem","position":1,"name":"Home","item":"https:\/\/lindy.com\/de\/"},{"@type":"ListItem","position":2,"name":"CASE STUDY AVEM"}]},{"@type":"WebSite","@id":"https:\/\/lindy.com\/de\/#website","url":"https:\/\/lindy.com\/de\/","name":"Lindy - German","description":"Connection Perfection","potentialAction":[{"@type":"SearchAction","target":{"@type":"EntryPoint","urlTemplate":"https:\/\/lindy.com\/de\/?s={search_term_string}"},"query-input":{"@type":"PropertyValueSpecification","valueRequired":true,"valueName":"search_term_string"}}],"inLanguage":"de-DE"}]}},"_links":{"self":[{"href":"https:\/\/lindy.com\/de\/wp-json\/wp\/v2\/pages\/19532","targetHints":{"allow":["GET"]}}],"collection":[{"href":"https:\/\/lindy.com\/de\/wp-json\/wp\/v2\/pages"}],"about":[{"href":"https:\/\/lindy.com\/de\/wp-json\/wp\/v2\/types\/page"}],"author":[{"embeddable":true,"href":"https:\/\/lindy.com\/de\/wp-json\/wp\/v2\/users\/28"}],"replies":[{"embeddable":true,"href":"https:\/\/lindy.com\/de\/wp-json\/wp\/v2\/comments?post=19532"}],"version-history":[{"count":5,"href":"https:\/\/lindy.com\/de\/wp-json\/wp\/v2\/pages\/19532\/revisions"}],"predecessor-version":[{"id":20282,"href":"https:\/\/lindy.com\/de\/wp-json\/wp\/v2\/pages\/19532\/revisions\/20282"}],"wp:attachment":[{"href":"https:\/\/lindy.com\/de\/wp-json\/wp\/v2\/media?parent=19532"}],"curies":[{"name":"wp","href":"https:\/\/api.w.org\/{rel}","templated":true}]}}