{"id":198,"date":"2018-11-13T12:57:02","date_gmt":"2018-11-13T12:57:02","guid":{"rendered":"https:\/\/lindy.com\/de\/?page_id=198"},"modified":"2020-01-29T15:34:02","modified_gmt":"2020-01-29T15:34:02","slug":"connected-home-und-office","status":"publish","type":"page","link":"https:\/\/lindy.com\/de\/connected-home-und-office\/","title":{"rendered":"Connected Home- &#038; Office-L\u00f6sungen"},"content":{"rendered":"\n<section class=\"wp-block-lindy-parallax-hero section parallax-hero theme--light align--center  font--size-large\" style=\"background-image:url(https:\/\/lindy.com\/de\/wp-content\/uploads\/sites\/3\/2018\/12\/Amended_HomeandOffice_2-1.jpg)\"><div class=\"contained contained--full-width\"><div class=\"parallax-hero__content\"><div class=\"parallax-hero__content-wrapper align--center\"><h2 class=\"section__heading\"><span><br\/>CONNECTED <br\/>HOME- &amp; OFFICE-<\/span><\/h2><h2 class=\"section__subheading section__subheading__title\">L\u00f6sungen<\/h2><p class=\"section__paragraph\"><br\/><br\/>\u25bc<\/p><\/div><\/div><\/div><\/section>\n\n\n\n<section class=\"wp-block-lindy-parallax-hero section parallax-hero theme--light align--center  font--size-medium\" style=\"background-image:url(https:\/\/lindy.com\/de\/wp-content\/uploads\/sites\/3\/2018\/12\/Amended_HomeandOffice_1-1.jpg)\"><div class=\"contained contained--full-width\"><div class=\"parallax-hero__content\"><div class=\"parallax-hero__content-wrapper align--center\"><h2 class=\"section__heading\"><span><br\/><br\/><br\/><br\/><br\/><\/span><\/h2><h2 class=\"section__subheading section__subheading__title\"><br\/><br\/><br\/><br\/><\/h2><\/div><\/div><\/div><\/section>\n\n\n\n<section class=\"wp-block-lindy-parallax-hero section parallax-hero theme--light align--center font--camber font--size-medium\" style=\"background-image:url(https:\/\/lindy.com\/de\/wp-content\/uploads\/sites\/3\/2018\/12\/Amended_HomeandOffice_2-1.jpg)\"><div class=\"contained contained--full-width\"><div class=\"parallax-hero__content\"><div class=\"parallax-hero__content-wrapper align--center\"><h2 class=\"section__heading\"><span>Hochentwickelte <br\/>L\u00f6sungen f\u00fcr<\/span><\/h2><h2 class=\"section__subheading section__subheading__title\">zuverl\u00e4ssige Verbindungen.<\/h2><p class=\"section__paragraph\"><br\/>Arbeit 4.0 hei\u00dft, intelligenter, ef\ufb01zienter und rationeller zu arbeiten. Dank modernster Technologien l\u00e4sst sich B\u00fcro\ufb02\u00e4che heute effektiver nutzen und schafft die Basis f\u00fcr mobiles Arbeiten, das immer wichtiger wird. In gleichem Ma\u00dfe, wie sich die Marktanteile von Desktop-PCs verringern, werden die der Note-, Net-, Ultrabooks und Tablets gr\u00f6\u00dfer. Entscheidend ist aber die Konnektivit\u00e4t der Systeme, die durch Kabel und sonstiges Zubeh\u00f6r sichergestellt wird. Sie sorgen daf\u00fcr, dass Daten aufbereitet, eingescannt, kopiert, gedruckt, auf Displays oder den Projektor geschickt und gesichert werden k\u00f6nnen.<br\/><\/p><\/div><\/div><\/div><\/section>\n\n\n\n<section class=\"wp-block-lindy-paragraph-and-images full-width-image--with-text section section--paragraph-image  theme--light font--camber font--size-small\"><div class=\"grid-noBottom-middle\"><div class=\"col-6_sm-12 full-width-image__content section section--animation-none align--right \"><div class=\"content--animate\"><div class=\"contained\"><h2 class=\"section__heading\"><span>KONNEKTIVIT\u00c4T<\/span><\/h2><h2 class=\"section__subheading section__subheading__title\">NEU DEFINIERT <\/h2><p class=\"section__paragraph\"><br\/>Kabel-Konnektivit\u00e4t liegt uns im Blut. Mit einer gro\u00dfen Auswahl an digitalen und analogen Kabel- und Adapterprodukten kann Lindy die Anforderungen fast jeder Installation oder jedes Gro\u00dfprojektes erf\u00fcllen. Mit einem Portfolio von einfachen USB-, Ethernet- und Stromkabeln bis hin zu unseren leistungsstarken Long-Distance-Gold-HDMI- und Fibre-Optic-Anschl\u00fcssen erf\u00fcllen wir die wesentliche Voraussetzung f\u00fcr kollaboratives Arbeiten, um die digitale Transformation zu unterst\u00fctzen.<br\/><\/p><\/div><\/div><\/div><div class=\"col-6_sm-12 full-width-image--with-text align--right\" style=\"background-image:url(https:\/\/lindy.com\/en\/wp-content\/uploads\/sites\/2\/2018\/09\/Connectivity.jpg)\"><img decoding=\"async\" src=\"https:\/\/lindy.com\/en\/wp-content\/uploads\/sites\/2\/2018\/09\/Connectivity.jpg\"\/><\/div><\/div><\/section>\n\n\n\n<section class=\"wp-block-lindy-paragraph-and-images full-width-image--with-text section section--paragraph-image  theme--light font--camber font--size-small\"><div class=\"grid-noBottom-middle-reverse\"><div class=\"col-6_sm-12 full-width-image__content section section--animation-none align--left \"><div class=\"content--animate\"><div class=\"contained\"><h2 class=\"section__heading\"><span>UMWANDLUNGS-<\/span><\/h2><h2 class=\"section__subheading section__subheading__title\">technologie<\/h2><p class=\"section__paragraph\"><br\/>Das umfassende Sortiment an Konverterprodukten gibt Nutzern sowohl zu Hause als auch im B\u00fcro die Freiheit, bestehende Legacy-Ger\u00e4te in digitale Installationen zu integrieren. Lindy bietet ein breites Sortiment von Out-of-the-Box-L\u00f6sungen f\u00fcr die einfache Konvertierung zwischen neueren digitalen und \u00e4lteren analogen Audio- und Videoschnittstellen. Es sind unverzichtbare Tools f\u00fcr Heimkinoanwendungen, digitales Arbeiten in B\u00fcros mit Bring your Own Device (BYOD), Konferenzr\u00e4ume, Huddle Spaces, Pausenr\u00e4ume und mehr.<br\/><\/p><\/div><\/div><\/div><div class=\"col-6_sm-12 full-width-image--with-text align--left\" style=\"background-image:url(https:\/\/lindy.com\/en\/wp-content\/uploads\/sites\/2\/2018\/08\/Conveting_6.jpg)\"><img decoding=\"async\" src=\"https:\/\/lindy.com\/en\/wp-content\/uploads\/sites\/2\/2018\/08\/Conveting_6.jpg\"\/><\/div><\/div><\/section>\n\n\n\n<section class=\"wp-block-lindy-paragraph-and-images full-width-image--with-text section section--paragraph-image  theme--light font--camber font--size-small\"><div class=\"grid-noBottom-middle\"><div class=\"col-6_sm-12 full-width-image__content section section--animation-none align--right \"><div class=\"content--animate\"><div class=\"contained\"><h2 class=\"section__heading\"><span>GESTALTUNG DES<\/span><\/h2><h2 class=\"section__subheading section__subheading__title\">OPTIMALEN ARBEITSPLATZES <\/h2><p class=\"section__paragraph\"><br\/>Der Arbeitsplatz der Zukunft stellt neue Anforderungen an Unternehmen und Haushalte. Mit den L\u00f6sungen von Lindy k\u00f6nnen Kunden jedoch optimale Arbeitspl\u00e4tze f\u00fcr ihre Mitarbeiter gestalten. Wir stellen nicht nur das notwendige Equipment zur Verf\u00fcgung, um sicherzustellen, dass alle Daten jederzeit abgerufen werden k\u00f6nnen, egal ob ein Benutzer auf Reisen ist, in der Firma sind oder im Home Office arbeitet. Mit unseren hochmodernen und leistungsstarken Connectivity-Technologien gestalten wir die Arbeitsumgebungen ergonomischer, damit die Mitarbeiter zufriedener sind und ihre Arbeit effizienter erledigen k\u00f6nnen.<br\/><\/p><\/div><\/div><\/div><div class=\"col-6_sm-12 full-width-image--with-text align--right\" style=\"background-image:url(https:\/\/lindy.com\/en\/wp-content\/uploads\/sites\/2\/2018\/09\/EFFECTIVE_COOPERATION.jpg)\"><img decoding=\"async\" src=\"https:\/\/lindy.com\/en\/wp-content\/uploads\/sites\/2\/2018\/09\/EFFECTIVE_COOPERATION.jpg\"\/><\/div><\/div><\/section>\n\n\n\n<section class=\"wp-block-lindy-paragraph-and-images full-width-image--with-text section section--paragraph-image  theme--light font--camber font--size-small\"><div class=\"grid-noBottom-middle-reverse\"><div class=\"col-6_sm-12 full-width-image__content section section--animation-none align--left \"><div class=\"content--animate\"><div class=\"contained\"><h2 class=\"section__heading\"><span>VERTEILUNGS-<\/span><\/h2><h2 class=\"section__subheading section__subheading__title\">RESSOURCEN<\/h2><p class=\"section__paragraph\"><br\/>Die Verteilungstechnologie von Lindy stellt das Nonplusultra in der hardwarebasierten Konsolidierung von Ressourcen dar. Mit fortschrittlichen KVM Switches k\u00f6nnen Anwender mehrere Server und Workstations von einer einzigen Konsole aus steuern . Durch die Nutzung der IP-Technologie ist eine weltweite Steuerung m\u00f6glich &#8211; einschlie\u00dflich Power Switching mit Lindy IPower-Systemen. <br\/><br\/>F\u00fcr den digitalen Arbeitsbereich bieten USB Hubs und Docking Stations von Lindy den perfekten Begleiter f\u00fcr die moderne mobile und Office-Umgebung.<br\/><\/p><\/div><\/div><\/div><div class=\"col-6_sm-12 full-width-image--with-text align--left\" style=\"background-image:url(https:\/\/lindy.com\/en\/wp-content\/uploads\/sites\/2\/2018\/09\/KVM_4c.png)\"><img decoding=\"async\" src=\"https:\/\/lindy.com\/en\/wp-content\/uploads\/sites\/2\/2018\/09\/KVM_4c.png\"\/><\/div><\/div><\/section>\n\n\n\n<section class=\"wp-block-lindy-paragraph-and-images full-width-image--with-text section section--paragraph-image  theme--light font--camber font--size-small\"><div class=\"grid-noBottom-middle\"><div class=\"col-6_sm-12 full-width-image__content section section--animation-none align--right \"><div class=\"content--animate\"><div class=\"contained\"><h2 class=\"section__heading\"><span>ERGONOMIE <\/span><\/h2><p class=\"section__paragraph\"><br\/>F\u00fcr die flexible Installation von Displays, Tastaturen, M\u00e4usen und Bedienoberfl\u00e4chen bietet Lindy eine umfassende Auswahl an kundenspezifischen Halterungen und Stativen, die je nach Bedarf bequem an Schreibtischen oder W\u00e4nden montiert werden k\u00f6nnen. Durch modulare Systeme lassen sich komplett individuelle, anpassbare Arbeitsplatzl\u00f6sungen realisieren.<br\/><\/p><\/div><\/div><\/div><div class=\"col-6_sm-12 full-width-image--with-text align--right\" style=\"background-image:url(https:\/\/lindy.com\/en\/wp-content\/uploads\/sites\/2\/2018\/09\/Bracket_AP.jpg)\"><img decoding=\"async\" src=\"https:\/\/lindy.com\/en\/wp-content\/uploads\/sites\/2\/2018\/09\/Bracket_AP.jpg\"\/><\/div><\/div><\/section>\n\n\n\n<section class=\"wp-block-lindy-paragraph-and-images full-width-image--with-text section section--paragraph-image  theme--light font--camber font--size-small\"><div class=\"grid-noBottom-middle-reverse\"><div class=\"col-6_sm-12 full-width-image__content section section--animation-none align--left \"><div class=\"content--animate\"><div class=\"contained\"><h2 class=\"section__heading\"><span>MOBILES ARBEITEN<\/span><\/h2><h2 class=\"section__subheading section__subheading__title\">UNTERST\u00dcTZEN <\/h2><p class=\"section__paragraph\"><br\/>Um den zunehmenden Trend zur Arbeitsplatzkonnektivit\u00e4t mi Bring your Own Device (BYOD) zu unterst\u00fctzen, bietet Lindy eine umfassende Auswahl an handlichen, tragbaren Konvertern und Adaptern f\u00fcr eine Reihe von Anwendungen. USB-Konverter Typ-C k\u00f6nnen den USB Typ C Alternate Mode nutzen, um den Laptop eines Anwenders mit einer Vielzahl von Zielger\u00e4ten zu verbinden, die eine Leistung von bis zu 100W, USB-Daten\u00fcbertragungsraten von 5Gbit\/s und die gleichzeitige \u00dcbertragung von 4K-Video- und Audiodaten bieten. Durch die Verwendung des Typ C-Anschlusses werden die Anschl\u00fcsse DisplayPort, HDMI und Thunderbolt unterst\u00fctzt.<br\/><\/p><\/div><\/div><\/div><div class=\"col-6_sm-12 full-width-image--with-text align--left\" style=\"background-image:url(https:\/\/lindy.com\/en\/wp-content\/uploads\/sites\/2\/2018\/08\/Conveting_7.jpg)\"><img decoding=\"async\" src=\"https:\/\/lindy.com\/en\/wp-content\/uploads\/sites\/2\/2018\/08\/Conveting_7.jpg\"\/><\/div><\/div><\/section>\n\n\n\n<section class=\"wp-block-lindy-heading-text section section--heading-text theme--dark align--center  font--size-medium section--animation-none\"><div class=\"contained\"><h2 class=\"section__heading\"><span><br\/>ANWENDUNGSBEREICHE<br\/><br\/><\/span><\/h2><\/div><\/section>\n\n\n\n<section class=\"wp-block-lindy-image-text-module section section--full-width-image full-width-image--with-text theme--dark section--animation-none align--left font--camber font--size-small width--half\" style=\"background-image:url(https:\/\/lindy.com\/en\/wp-content\/uploads\/sites\/2\/2018\/09\/Residential_Link1.jpg)\"><img decoding=\"async\" class=\"full-width-image__image\" src=\"https:\/\/lindy.com\/en\/wp-content\/uploads\/sites\/2\/2018\/09\/Residential_Link1.jpg\"\/><div class=\"contained\"><div class=\"full-width-image__content\"><h2 class=\"section__heading\"><span>Anwendungen <\/span><\/h2><h2 class=\"section__subheading section__subheading__title\">f\u00fcr residential<br\/><br\/><\/h2><a href=\"https:\/\/lindy.com\/de\/residential-loesungen\" class=\"button button--white-transparent\" target=\"_self\" rel=\"noopener noreferrer\">Mehr entdecken<\/a><\/div><\/div><\/section>\n\n\n\n<section class=\"wp-block-lindy-image-text-module section section--full-width-image full-width-image--with-text theme--dark section--animation-none align--left font--camber font--size-small width--half\" style=\"background-image:url(https:\/\/lindy.com\/en\/wp-content\/uploads\/sites\/2\/2018\/09\/SmallOffice_Link1.jpg)\"><img decoding=\"async\" class=\"full-width-image__image\" src=\"https:\/\/lindy.com\/en\/wp-content\/uploads\/sites\/2\/2018\/09\/SmallOffice_Link1.jpg\"\/><div class=\"contained\"><div class=\"full-width-image__content\"><h2 class=\"section__heading\"><span>Anwendungen f\u00fcr<\/span><\/h2><h2 class=\"section__subheading section__subheading__title\">Small-Office-\/Home-Office<br\/><br\/><\/h2><a href=\"https:\/\/lindy.com\/de\/small-office-loesungen\/\" class=\"button button--white-transparent\" target=\"_self\" rel=\"noopener noreferrer\">Mehr entdecken<\/a><\/div><\/div><\/section>\n\n\n\n<section class=\"wp-block-lindy-image-text-module section section--full-width-image full-width-image--with-text theme--dark section--animation-none align--center font--camber font--size-small\" style=\"background-image:url(https:\/\/lindy.com\/de\/wp-content\/uploads\/sites\/3\/2020\/01\/connected-home_FW.jpg)\"><img decoding=\"async\" class=\"full-width-image__image\" src=\"https:\/\/lindy.com\/de\/wp-content\/uploads\/sites\/3\/2020\/01\/connected-home_FW.jpg\"\/><div class=\"contained\"><div class=\"full-width-image__content\"><h2 class=\"section__heading\"><span>ANWENDUNGEN F\u00dcR<\/span><\/h2><h2 class=\"section__subheading section__subheading__title\">MEDIALE ZUHAUSE &amp;<br\/>SMART HOME<br\/><br\/><\/h2><a href=\"https:\/\/lindy.com\/de\/mediales-zuhause-smart-home\/\" class=\"button button--white-transparent\" target=\"_self\" rel=\"noopener noreferrer\">Mehr entdecken<\/a><\/div><\/div><\/section>\n","protected":false},"excerpt":{"rendered":"","protected":false},"author":11,"featured_media":0,"parent":0,"menu_order":0,"comment_status":"closed","ping_status":"closed","template":"page-templates\/template-landing.php","meta":{"_acf_changed":false,"footnotes":""},"class_list":["post-198","page","type-page","status-publish","hentry"],"acf":[],"yoast_head":"<!-- This site is optimized with the Yoast SEO plugin v26.6 - https:\/\/yoast.com\/wordpress\/plugins\/seo\/ -->\n<title>Connected Home- &amp; Office-L\u00f6sungen - Lindy Elektronik<\/title>\n<meta name=\"description\" content=\"Arbeit 4.0 hei\u00dft, intelligenter, ef\ufb01zienter und rationeller zu arbeiten. Mit den Connectivity-L\u00f6sungen von Lindy k\u00f6nnen Kunden optimale Arbeitspl\u00e4tze f\u00fcr ihre Mitarbeiter gestalten.\" \/>\n<meta name=\"robots\" content=\"index, follow, max-snippet:-1, max-image-preview:large, max-video-preview:-1\" \/>\n<link rel=\"canonical\" href=\"https:\/\/lindy.com\/de\/connected-home-und-office\/\" \/>\n<meta property=\"og:locale\" content=\"de_DE\" \/>\n<meta property=\"og:type\" content=\"article\" \/>\n<meta property=\"og:title\" content=\"Connected Home- &amp; Office-L\u00f6sungen - Lindy Elektronik\" \/>\n<meta property=\"og:description\" content=\"Arbeit 4.0 hei\u00dft, intelligenter, ef\ufb01zienter und rationeller zu arbeiten. Mit den Connectivity-L\u00f6sungen von Lindy k\u00f6nnen Kunden optimale Arbeitspl\u00e4tze f\u00fcr ihre Mitarbeiter gestalten.\" \/>\n<meta property=\"og:url\" content=\"https:\/\/lindy.com\/de\/connected-home-und-office\/\" \/>\n<meta property=\"og:site_name\" content=\"Lindy - German\" \/>\n<meta property=\"article:modified_time\" content=\"2020-01-29T15:34:02+00:00\" \/>\n<meta property=\"og:image\" content=\"https:\/\/lindy.com\/en\/wp-content\/uploads\/sites\/2\/2018\/09\/Connectivity.jpg\" \/>\n<meta name=\"twitter:card\" content=\"summary_large_image\" \/>\n<meta name=\"twitter:label1\" content=\"Gesch\u00e4tzte Lesezeit\" \/>\n\t<meta name=\"twitter:data1\" content=\"3 Minuten\" \/>\n<script type=\"application\/ld+json\" class=\"yoast-schema-graph\">{\"@context\":\"https:\/\/schema.org\",\"@graph\":[{\"@type\":\"WebPage\",\"@id\":\"https:\/\/lindy.com\/de\/connected-home-und-office\/\",\"url\":\"https:\/\/lindy.com\/de\/connected-home-und-office\/\",\"name\":\"Connected Home- & Office-L\u00f6sungen - Lindy Elektronik\",\"isPartOf\":{\"@id\":\"https:\/\/lindy.com\/de\/#website\"},\"primaryImageOfPage\":{\"@id\":\"https:\/\/lindy.com\/de\/connected-home-und-office\/#primaryimage\"},\"image\":{\"@id\":\"https:\/\/lindy.com\/de\/connected-home-und-office\/#primaryimage\"},\"thumbnailUrl\":\"https:\/\/lindy.com\/en\/wp-content\/uploads\/sites\/2\/2018\/09\/Connectivity.jpg\",\"datePublished\":\"2018-11-13T12:57:02+00:00\",\"dateModified\":\"2020-01-29T15:34:02+00:00\",\"description\":\"Arbeit 4.0 hei\u00dft, intelligenter, ef\ufb01zienter und rationeller zu arbeiten. Mit den Connectivity-L\u00f6sungen von Lindy k\u00f6nnen Kunden optimale Arbeitspl\u00e4tze f\u00fcr ihre Mitarbeiter gestalten.\",\"breadcrumb\":{\"@id\":\"https:\/\/lindy.com\/de\/connected-home-und-office\/#breadcrumb\"},\"inLanguage\":\"de-DE\",\"potentialAction\":[{\"@type\":\"ReadAction\",\"target\":[\"https:\/\/lindy.com\/de\/connected-home-und-office\/\"]}]},{\"@type\":\"ImageObject\",\"inLanguage\":\"de-DE\",\"@id\":\"https:\/\/lindy.com\/de\/connected-home-und-office\/#primaryimage\",\"url\":\"https:\/\/lindy.com\/en\/wp-content\/uploads\/sites\/2\/2018\/09\/Connectivity.jpg\",\"contentUrl\":\"https:\/\/lindy.com\/en\/wp-content\/uploads\/sites\/2\/2018\/09\/Connectivity.jpg\"},{\"@type\":\"BreadcrumbList\",\"@id\":\"https:\/\/lindy.com\/de\/connected-home-und-office\/#breadcrumb\",\"itemListElement\":[{\"@type\":\"ListItem\",\"position\":1,\"name\":\"Home\",\"item\":\"https:\/\/lindy.com\/de\/\"},{\"@type\":\"ListItem\",\"position\":2,\"name\":\"Connected Home- &#038; Office-L\u00f6sungen\"}]},{\"@type\":\"WebSite\",\"@id\":\"https:\/\/lindy.com\/de\/#website\",\"url\":\"https:\/\/lindy.com\/de\/\",\"name\":\"Lindy - German\",\"description\":\"Connection Perfection\",\"potentialAction\":[{\"@type\":\"SearchAction\",\"target\":{\"@type\":\"EntryPoint\",\"urlTemplate\":\"https:\/\/lindy.com\/de\/?s={search_term_string}\"},\"query-input\":{\"@type\":\"PropertyValueSpecification\",\"valueRequired\":true,\"valueName\":\"search_term_string\"}}],\"inLanguage\":\"de-DE\"}]}<\/script>\n<!-- \/ Yoast SEO plugin. -->","yoast_head_json":{"title":"Connected Home- & Office-L\u00f6sungen - Lindy Elektronik","description":"Arbeit 4.0 hei\u00dft, intelligenter, ef\ufb01zienter und rationeller zu arbeiten. Mit den Connectivity-L\u00f6sungen von Lindy k\u00f6nnen Kunden optimale Arbeitspl\u00e4tze f\u00fcr ihre Mitarbeiter gestalten.","robots":{"index":"index","follow":"follow","max-snippet":"max-snippet:-1","max-image-preview":"max-image-preview:large","max-video-preview":"max-video-preview:-1"},"canonical":"https:\/\/lindy.com\/de\/connected-home-und-office\/","og_locale":"de_DE","og_type":"article","og_title":"Connected Home- & Office-L\u00f6sungen - Lindy Elektronik","og_description":"Arbeit 4.0 hei\u00dft, intelligenter, ef\ufb01zienter und rationeller zu arbeiten. Mit den Connectivity-L\u00f6sungen von Lindy k\u00f6nnen Kunden optimale Arbeitspl\u00e4tze f\u00fcr ihre Mitarbeiter gestalten.","og_url":"https:\/\/lindy.com\/de\/connected-home-und-office\/","og_site_name":"Lindy - German","article_modified_time":"2020-01-29T15:34:02+00:00","og_image":[{"url":"https:\/\/lindy.com\/en\/wp-content\/uploads\/sites\/2\/2018\/09\/Connectivity.jpg","type":"","width":"","height":""}],"twitter_card":"summary_large_image","twitter_misc":{"Gesch\u00e4tzte Lesezeit":"3 Minuten"},"schema":{"@context":"https:\/\/schema.org","@graph":[{"@type":"WebPage","@id":"https:\/\/lindy.com\/de\/connected-home-und-office\/","url":"https:\/\/lindy.com\/de\/connected-home-und-office\/","name":"Connected Home- & Office-L\u00f6sungen - Lindy Elektronik","isPartOf":{"@id":"https:\/\/lindy.com\/de\/#website"},"primaryImageOfPage":{"@id":"https:\/\/lindy.com\/de\/connected-home-und-office\/#primaryimage"},"image":{"@id":"https:\/\/lindy.com\/de\/connected-home-und-office\/#primaryimage"},"thumbnailUrl":"https:\/\/lindy.com\/en\/wp-content\/uploads\/sites\/2\/2018\/09\/Connectivity.jpg","datePublished":"2018-11-13T12:57:02+00:00","dateModified":"2020-01-29T15:34:02+00:00","description":"Arbeit 4.0 hei\u00dft, intelligenter, ef\ufb01zienter und rationeller zu arbeiten. Mit den Connectivity-L\u00f6sungen von Lindy k\u00f6nnen Kunden optimale Arbeitspl\u00e4tze f\u00fcr ihre Mitarbeiter gestalten.","breadcrumb":{"@id":"https:\/\/lindy.com\/de\/connected-home-und-office\/#breadcrumb"},"inLanguage":"de-DE","potentialAction":[{"@type":"ReadAction","target":["https:\/\/lindy.com\/de\/connected-home-und-office\/"]}]},{"@type":"ImageObject","inLanguage":"de-DE","@id":"https:\/\/lindy.com\/de\/connected-home-und-office\/#primaryimage","url":"https:\/\/lindy.com\/en\/wp-content\/uploads\/sites\/2\/2018\/09\/Connectivity.jpg","contentUrl":"https:\/\/lindy.com\/en\/wp-content\/uploads\/sites\/2\/2018\/09\/Connectivity.jpg"},{"@type":"BreadcrumbList","@id":"https:\/\/lindy.com\/de\/connected-home-und-office\/#breadcrumb","itemListElement":[{"@type":"ListItem","position":1,"name":"Home","item":"https:\/\/lindy.com\/de\/"},{"@type":"ListItem","position":2,"name":"Connected Home- &#038; Office-L\u00f6sungen"}]},{"@type":"WebSite","@id":"https:\/\/lindy.com\/de\/#website","url":"https:\/\/lindy.com\/de\/","name":"Lindy - German","description":"Connection Perfection","potentialAction":[{"@type":"SearchAction","target":{"@type":"EntryPoint","urlTemplate":"https:\/\/lindy.com\/de\/?s={search_term_string}"},"query-input":{"@type":"PropertyValueSpecification","valueRequired":true,"valueName":"search_term_string"}}],"inLanguage":"de-DE"}]}},"_links":{"self":[{"href":"https:\/\/lindy.com\/de\/wp-json\/wp\/v2\/pages\/198","targetHints":{"allow":["GET"]}}],"collection":[{"href":"https:\/\/lindy.com\/de\/wp-json\/wp\/v2\/pages"}],"about":[{"href":"https:\/\/lindy.com\/de\/wp-json\/wp\/v2\/types\/page"}],"author":[{"embeddable":true,"href":"https:\/\/lindy.com\/de\/wp-json\/wp\/v2\/users\/11"}],"replies":[{"embeddable":true,"href":"https:\/\/lindy.com\/de\/wp-json\/wp\/v2\/comments?post=198"}],"version-history":[{"count":0,"href":"https:\/\/lindy.com\/de\/wp-json\/wp\/v2\/pages\/198\/revisions"}],"wp:attachment":[{"href":"https:\/\/lindy.com\/de\/wp-json\/wp\/v2\/media?parent=198"}],"curies":[{"name":"wp","href":"https:\/\/api.w.org\/{rel}","templated":true}]}}