{"id":20108,"date":"2026-03-26T10:09:49","date_gmt":"2026-03-26T10:09:49","guid":{"rendered":"https:\/\/lindy.com\/de\/?page_id=20108"},"modified":"2026-03-26T10:10:43","modified_gmt":"2026-03-26T10:10:43","slug":"case-study-nc","status":"publish","type":"page","link":"https:\/\/lindy.com\/de\/case-study-nc\/","title":{"rendered":"CASE STUDY N&amp;C"},"content":{"rendered":"\n<section class=\"wp-block-lindy-image-text-module section section--full-width-image full-width-image--with-text theme--dark section--animation-none align--center  font--size-large\" style=\"background-image:url(https:\/\/lindy.com\/eu\/wp-content\/uploads\/sites\/10\/2026\/02\/header-landingpage-N-C.jpg)\"><img decoding=\"async\" class=\"full-width-image__image\" src=\"https:\/\/lindy.com\/eu\/wp-content\/uploads\/sites\/10\/2026\/02\/header-landingpage-N-C.jpg\"\/><div class=\"contained\"><div class=\"full-width-image__content\"><h2 class=\"section__heading\"><span>DAS URTEIL STEHT FEST:<\/span><\/h2><h2 class=\"section__subheading section__subheading__title\">LINDY \u2013 ZUVERL\u00c4SSIGE KONNEKTIVIT\u00c4T F\u00dcR DAS GERICHT VON VENEDIG.<\/h2><\/div><\/div><\/section>\n\n\n\n<section class=\"wp-block-lindy-heading-text section section--heading-text theme--light align--center  font--size-medium section--animation-none\"><div class=\"contained\"><h2 class=\"section__heading\"><span><br\/><strong>HOCHZUVERL\u00c4SSIGE KOMMUNIKATION IM HERZEN DER JUSTIZ<\/strong><\/span><\/h2><\/div><\/section>\n\n\n\n<section class=\"wp-block-lindy-key-info section section--key-info theme--light section--animation-none\"><div class=\"contained\"><div class=\"grid-2_sm-1-center\"><div class=\"col left_item\"><div class=\"box\"><h3 class=\"section__heading\"><\/h3><div class=\"section__content\"><p class=\"section__content\">Im Rahmen eines Projekts des italienischen Justizministeriums realisierte Lindys langj\u00e4hriger Partner N&amp;C SRL einen hochmodernen Multimedia-Konferenzraum und einen flexiblen Mehrzwecksaal am Gericht von Venedig.<br\/>Ziel war es, eine technologisch fortschrittliche, benutzerfreundliche und absolut zuverl\u00e4ssige Umgebung zu schaffen,<\/p><\/div><\/div><\/div><div class=\"col right_item\"><div class=\"box\"><h3 class=\"section__heading\"><\/h3><div class=\"section__content\"><p class=\"section__content\">die sowohl f\u00fcr Gerichtsverhandlungen als auch f\u00fcr professionelle Konferenzen gleicherma\u00dfen geeignet ist.<br\/>Interessant: Der Kunde hatte zuvor L\u00f6sungen anderer Anbieter genutzt, die schlie\u00dflich durch Lindy-Produkte ersetzt wurden, um h\u00f6chste Zuverl\u00e4ssigkeit, Signalstabilit\u00e4t und Integrationsleistung zu gew\u00e4hrleisten.<\/p><\/div><\/div><\/div><\/div><\/div><\/section>\n\n\n\n<section class=\"wp-block-lindy-image-text-module section section--full-width-image full-width-image--with-text theme--dark section--animation-none align--left  font--size-medium width--half\" style=\"background-image:url()\"><img decoding=\"async\" class=\"full-width-image__image\" src=\"\"\/><div class=\"contained\"><div class=\"full-width-image__content\"><h2 class=\"section__heading\"><span><strong>DIE HERAUSFORDERUNG<\/strong><\/span><\/h2><p class=\"section__paragraph\"><br\/>F\u00fcr das Projekt war eine vollst\u00e4ndig integrierte AV-Infrastruktur erforderlich, die unterbrechungsfreie Signal\u00fcbertragung und h\u00f6chste Bild- und Tonqualit\u00e4t \u00fcber mehrere Ger\u00e4te und Displays hinweg garantiert.<br\/>Angesichts der Komplexit\u00e4t des Systems und der hohen Leistungsanforderungen des Justizministeriums war es entscheidend, Zuverl\u00e4ssigkeit und einfache Bedienung gleicherma\u00dfen zu gew\u00e4hrleisten.<\/p><\/div><\/div><\/section>\n\n\n\n<section class=\"wp-block-lindy-image-text-module section section--full-width-image full-width-image--with-text theme--dark section--animation-none align--left  font--size-medium width--half\" style=\"background-image:url(https:\/\/lindy.com\/eu\/wp-content\/uploads\/sites\/10\/2026\/02\/1732141603952.jpeg)\"><img decoding=\"async\" class=\"full-width-image__image\" src=\"https:\/\/lindy.com\/eu\/wp-content\/uploads\/sites\/10\/2026\/02\/1732141603952.jpeg\"\/><div class=\"contained\"><div class=\"full-width-image__content\"><\/div><\/div><\/section>\n\n\n\n<section class=\"wp-block-lindy-image-text-module section section--full-width-image full-width-image--with-text theme--light section--animation-none align--left  font--size-medium width--half\" style=\"background-image:url(https:\/\/lindy.com\/eu\/wp-content\/uploads\/sites\/10\/2026\/02\/1732141605387.jpeg)\"><img decoding=\"async\" class=\"full-width-image__image\" src=\"https:\/\/lindy.com\/eu\/wp-content\/uploads\/sites\/10\/2026\/02\/1732141605387.jpeg\"\/><div class=\"contained\"><div class=\"full-width-image__content\"><\/div><\/div><\/section>\n\n\n\n<section class=\"wp-block-lindy-image-text-module section section--full-width-image full-width-image--with-text theme--light section--animation-none align--left  font--size-medium width--half\" style=\"background-image:url()\"><img decoding=\"async\" class=\"full-width-image__image\" src=\"\"\/><div class=\"contained\"><div class=\"full-width-image__content\"><h2 class=\"section__heading\"><span>Die Lindy-L\u00f6sung<\/span><\/h2><p class=\"section__paragraph\"><br\/>Um diese Anforderungen zu erf\u00fcllen, implementierte N&amp;C SRL ein vollst\u00e4ndig integriertes audiovisuelles System auf Basis von Lindy-Konnektivit\u00e4tsl\u00f6sungen, das eine zuverl\u00e4ssige Leistung in der gesamten Installation sicherstellt. Es umfasst eine zentralisierte, intuitive Steuerung, Lindy-Extender sowie HDMI\u00ae-\/USB-Verkabelung f\u00fcr stabile Signal\u00fcbertragung \u00fcber gro\u00dfe Entfernungen, hochaufl\u00f6sende Videow\u00e4nde und ein flexibles kabelgebundenes und drahtloses Konferenzsetup. Drahtlose Mikrofone und eine gleichm\u00e4\u00dfige Audioverteilung gew\u00e4hrleisten klare Audioabdeckung und ein skalierbares, professionelles System f\u00fcr die hohen Anforderungen einer gerichtlichen Umgebung.<\/p><\/div><\/div><\/section>\n\n\n\n<section class=\"wp-block-lindy-heading-text section section--heading-text theme--dark align--center  font--size-medium section--animation-none\"><div class=\"contained\"><h2 class=\"section__heading\"><span>EINGESETZTE PRODUKTE<\/span><\/h2><\/div><\/section>\n\n\n\n<section class=\"wp-block-lindy-image-text-module section section--full-width-image full-width-image--with-text theme--dark section--animation-none align--left font--camber font--size-small width--half\" style=\"background-image:url(https:\/\/lindy.com\/eu\/wp-content\/uploads\/sites\/10\/2026\/02\/38139black_half-width.png)\"><img decoding=\"async\" class=\"full-width-image__image\" src=\"https:\/\/lindy.com\/eu\/wp-content\/uploads\/sites\/10\/2026\/02\/38139black_half-width.png\"\/><div class=\"contained\"><div class=\"full-width-image__content\"><h2 class=\"section__heading\"><span><strong>70m Cat.6 HDMI\u00ae 4K30, IR &amp; RS-232 HDBaseT Extender<\/strong><\/span><\/h2><h2 class=\"section__subheading section__subheading__title\">no. 38139<\/h2><p class=\"section__paragraph\"><br\/>HDMI\u00ae-\u00dcbertragung bis 70 m mit 4K30 Hz, IR\/RS-232-Steuerung und PoC.<\/p><a href=\"https:\/\/www.lindy.eu\/70m-Cat-6-HDMI-4K30-IR-RS-232-HDBaseT-Extender-with-PoC.htm?websale8=ld0101.ld021102&amp;pi=38139&amp;ci=20\" class=\"button button--white-transparent\" target=\"_blank\" rel=\"noopener noreferrer\">shop online<\/a><\/div><\/div><\/section>\n\n\n\n<section class=\"wp-block-lindy-image-text-module section section--full-width-image full-width-image--with-text theme--dark section--animation-none align--left font--camber font--size-small width--half\" style=\"background-image:url(https:\/\/lindy.com\/eu\/wp-content\/uploads\/sites\/10\/2026\/02\/38155black_half-width.png)\"><img decoding=\"async\" class=\"full-width-image__image\" src=\"https:\/\/lindy.com\/eu\/wp-content\/uploads\/sites\/10\/2026\/02\/38155black_half-width.png\"\/><div class=\"contained\"><div class=\"full-width-image__content\"><h2 class=\"section__heading\"><span><strong>70m Cat.6 4 Port HDMI\u00ae 4K30 &amp; IR Splitter Extender<\/strong><\/span><\/h2><h2 class=\"section__subheading section__subheading__title\">no. 38155<\/h2><p class=\"section__paragraph\"><br\/>Verteilt 4K HDMI\u00ae auf 4 Displays bis 70 m, mit IR-Steuerung und PoC.<\/p><a href=\"https:\/\/www.lindy.eu\/70m-Cat-6-4-Port-HDMI-4K30-IR-Splitter-Extender-with-Loop-Out.htm?websale8=ld0101.ld021102&amp;pi=38155&amp;ci=20\" class=\"button button--white-transparent\" target=\"_blank\" rel=\"noopener noreferrer\">shop online<\/a><\/div><\/div><\/section>\n\n\n\n<section class=\"wp-block-lindy-image-text-module section section--full-width-image full-width-image--with-text theme--dark section--animation-none align--left font--camber font--size-small width--half\" style=\"background-image:url(https:\/\/lindy.com\/eu\/wp-content\/uploads\/sites\/10\/2026\/02\/37871-37873_black_half-width.png)\"><img decoding=\"async\" class=\"full-width-image__image\" src=\"https:\/\/lindy.com\/eu\/wp-content\/uploads\/sites\/10\/2026\/02\/37871-37873_black_half-width.png\"\/><div class=\"contained\"><div class=\"full-width-image__content\"><h2 class=\"section__heading\"><span><strong>High-Speed HDMI\u00ae Kabel <\/strong><br\/><strong>(1 m, 2 m, 3 m, Cromo)<\/strong><\/span><\/h2><h2 class=\"section__subheading section__subheading__title\">no. 37871-37873<\/h2><p class=\"section__paragraph\"><br\/>4K60 Hz Video, hochaufl\u00f6sender Audio, <br\/>robuste Chrom-Verarbeitung.<\/p><a href=\"https:\/\/www.lindy.eu\/websale8\/?Ctx=%257bver%252f8%252fver%257d%257bst%252f3ea%252fst%257d%257bcmd%252f0%252fcmd%257d%257bm%252fwebsale%252fm%257d%257bs%252fld0101%252fs%257d%257bl%252fld021102%252fl%257d%257bmi%252f801501%252fmi%257d%257bpoh%252f1%252fpoh%257d%257bmd5%252fd0fdc28a5054efc645002e165f8026c0%252fmd5%257d&amp;ws_catfilter_01=HDMI+A+Male+to+HDMI+A+Male&amp;ws_catfilter_02=&amp;ws_catfilter_03=Grey&amp;ws_catfilter_04=Cromo+Line\" class=\"button button--white-transparent\" target=\"_blank\" rel=\"noopener noreferrer\">shop online<\/a><\/div><\/div><\/section>\n\n\n\n<section class=\"wp-block-lindy-image-text-module section section--full-width-image full-width-image--with-text theme--dark section--animation-none align--left font--camber font--size-small width--half\" style=\"background-image:url(https:\/\/lindy.com\/eu\/wp-content\/uploads\/sites\/10\/2026\/02\/36919_black_half-width.png)\"><img decoding=\"async\" class=\"full-width-image__image\" src=\"https:\/\/lindy.com\/eu\/wp-content\/uploads\/sites\/10\/2026\/02\/36919_black_half-width.png\"\/><div class=\"contained\"><div class=\"full-width-image__content\"><h2 class=\"section__heading\"><span><strong>3 m USB 3.2 Typ A\u2013C Kabel, <\/strong><br\/><strong>10 Gbps, Anthra Line<\/strong><\/span><\/h2><h2 class=\"section__subheading section__subheading__title\">no. 36919<\/h2><p class=\"section__paragraph\"><br\/>Datenrate 10 Gbps, Ladeleistung 100 W, <br\/>robuste triple-geschirmte, vergoldete Anschl\u00fcsse.<\/p><a href=\"https:\/\/www.lindy.eu\/3m-USB-3-2-Type-A-to-C-Cable-10Gbps-Anthra-Line.htm?websale8=ld0101.ld021102&amp;pi=36919&amp;ci=80\" class=\"button button--white-transparent\" target=\"_blank\" rel=\"noopener noreferrer\">shop online<\/a><\/div><\/div><\/section>\n\n\n\n<section class=\"wp-block-lindy-parallax-hero section parallax-hero theme--dark align--left font--camber font--size-medium\" style=\"background-image:url(https:\/\/lindy.com\/eu\/wp-content\/uploads\/sites\/10\/2026\/02\/Testimonial_nc.jpg)\"><div class=\"contained contained--full-width\"><div class=\"parallax-hero__content\"><div class=\"parallax-hero__content-wrapper align--left\"><h2 class=\"section__subheading section__subheading__title\">\u201eDie Lindy-L\u00f6sungen sicherten w\u00e4hrend der gesamten Installation am Gericht von Venedig hervorragende Zuverl\u00e4ssigkeit und Signalstabilit\u00e4t. Dank der Technologie konnten wir die hohen Standards des Justizministeriums mit Vertrauen und Pr\u00e4zision erf\u00fcllen.\u201c<\/h2><p class=\"section__paragraph\"><br\/>Fabio Tumminia, AVC Technical Manager, N&amp;C SRL<\/p><\/div><\/div><\/div><\/section>\n\n\n\n<section class=\"wp-block-lindy-heading-text section section--heading-text theme--light align--center  font--size-medium section--animation-none\"><div class=\"contained\"><h2 class=\"section__heading\"><span><strong>Ergebnisse und Vorteile<\/strong><\/span><\/h2><\/div><\/section>\n\n\n\n<section class=\"wp-block-lindy-key-info section section--key-info theme--light section--animation-none\"><div class=\"contained\"><div class=\"grid-2_sm-1-center\"><div class=\"col left_item\"><div class=\"box\"><h3 class=\"section__heading\"><\/h3><div class=\"section__content\"><p class=\"section__content\">Das fertige System gew\u00e4hrleistet <strong>herausragende Zuverl\u00e4ssigkeit<\/strong> und Signalqualit\u00e4t, selbst in einer komplexen AV-Umgebung. Die hochwertigen Extender und Kabel von Lindy sichern eine stabile \u00dcbertragung, verhindern Unterbrechungen und sorgen durchg\u00e4ngig f\u00fcr professionelle Leistung.<\/p><\/div><\/div><\/div><div class=\"col right_item\"><div class=\"box\"><h3 class=\"section__heading\"><\/h3><div class=\"section__content\"><p class=\"section__content\">Sowohl <strong>N&amp;C SRL<\/strong> als auch das <strong>Justizministerium<\/strong> zeigten sich beeindruckt von <strong>Lindys Qualit\u00e4t, innovativer Technologie und der einfachen Integration<\/strong>. Das Projekt beweist, dass Lindy-Konnektivit\u00e4tsl\u00f6sungen kritische Umgebungen nahtlos unterst\u00fctzen und gleichzeitig den Arbeitsalltag erheblich erleichtern. Die Installation zeichnet sich durch eine besonders reibungslose Umsetzung, langlebige Produkte, hohe Kundenzufriedenheit sowie Flexibilit\u00e4t und Skalierbarkeit f\u00fcr zuk\u00fcnftige Anforderungen aus.<\/p><\/div><\/div><\/div><\/div><\/div><\/section>\n\n\n\n<section class=\"wp-block-lindy-icon-section section section--icon font--size-small align--center theme--light\"><div class=\"contained\"><div class=\"grid-4_md-2_xs-1-spaceAround icons\"><div class=\"col\"><div class=\"icon-block icon-block--0\"><img decoding=\"async\" class=\"icon-block__image\" src=\"https:\/\/lindy.com\/eu\/wp-content\/uploads\/sites\/10\/2026\/02\/1-1.png\"\/><div class=\"icon-block__content\"><h3 class=\"icon-title\">Optimierter Installationsprozess<\/h3><p class=\"icon-text\"><\/p><\/div><\/div><\/div><div class=\"col\"><div class=\"icon-block icon-block--1\"><img decoding=\"async\" class=\"icon-block__image\" src=\"https:\/\/lindy.com\/eu\/wp-content\/uploads\/sites\/10\/2026\/02\/2-1.png\"\/><div class=\"icon-block__content\"><h3 class=\"icon-title\">Zuverl\u00e4ssigkeit &amp; Langlebigkeit<\/h3><p class=\"icon-text\"><\/p><\/div><\/div><\/div><div class=\"col\"><div class=\"icon-block icon-block--2\"><img decoding=\"async\" class=\"icon-block__image\" src=\"https:\/\/lindy.com\/eu\/wp-content\/uploads\/sites\/10\/2026\/02\/3-1.png\"\/><div class=\"icon-block__content\"><h3 class=\"icon-title\">Kundenzufriedenheit<\/h3><p class=\"icon-text\"><\/p><\/div><\/div><\/div><div class=\"col\"><div class=\"icon-block icon-block--3\"><img decoding=\"async\" class=\"icon-block__image\" src=\"https:\/\/lindy.com\/eu\/wp-content\/uploads\/sites\/10\/2026\/02\/4-1.png\"\/><div class=\"icon-block__content\"><h3 class=\"icon-title\">Skalierbarkeit &amp; Flexibilit\u00e4t<\/h3><p class=\"icon-text\"><\/p><\/div><\/div><\/div><\/div><\/div><\/section>\n\n\n\n<section class=\"wp-block-lindy-heading-text section section--heading-text theme--dark align--center  font--size-medium section--animation-none\"><div class=\"contained\"><h2 class=\"section__heading\"><span><br\/><strong>SCHLUSSFOLGERUNGEN &amp; ERKENNTNISSE<\/strong><\/span><\/h2><\/div><\/section>\n\n\n\n<section class=\"wp-block-lindy-key-info section section--key-info theme--dark section--animation-none\"><div class=\"contained\"><div class=\"grid-2_sm-1-center\"><div class=\"col left_item\"><div class=\"box box--border\"><h3 class=\"section__heading\">Projekterfolg<\/h3><div class=\"section__content\"><p class=\"section__content\">Die Zusammenarbeit zwischen N&amp;C SRL und Lindy f\u00fchrte zu einem hochzuverl\u00e4ssigen und vollst\u00e4ndig integrierten AV-System am Gericht von Venedig, das die anspruchsvollen Anforderungen des Justizministeriums erf\u00fcllt. Das Projekt zeigt, wie zuverl\u00e4ssige Konnektivit\u00e4t Kommunikation, Effizienz und Professionalit\u00e4t in komplexen institutionellen Umgebungen verbessern kann.<\/p><\/div><\/div><\/div><div class=\"col right_item\"><div class=\"box box--border\"><h3 class=\"section__heading\">Brancheneinblick<\/h3><div class=\"section__content\"><p class=\"section__content\">Da \u00f6ffentliche Institutionen und Beh\u00f6rden zunehmend auf fortschrittliche Multimedia-Systeme f\u00fcr Kommunikation und Zusammenarbeit angewiesen sind, wird robuste und stabile AV-Konnektivit\u00e4t unverzichtbar. Die Technologie von Lindy erm\u00f6glicht Integratoren wie N&amp;C SRL die Bereitstellung leistungsstarker, zukunftssicherer L\u00f6sungen, die Klarheit, Zuverl\u00e4ssigkeit und nahtlosen Betrieb in mission-critical Bereichen gew\u00e4hrleisten.<\/p><\/div><\/div><\/div><\/div><\/div><\/section>\n\n\n\n<section class=\"wp-block-lindy-image-text-module section section--full-width-image full-width-image--with-text theme--light section--animation-none align--left  font--size-medium width--half\" style=\"background-image:url(https:\/\/lindy.com\/eu\/wp-content\/uploads\/sites\/10\/2026\/02\/Mock-up-case-sudy-NC.jpg)\"><img decoding=\"async\" class=\"full-width-image__image\" src=\"https:\/\/lindy.com\/eu\/wp-content\/uploads\/sites\/10\/2026\/02\/Mock-up-case-sudy-NC.jpg\"\/><div class=\"contained\"><div class=\"full-width-image__content\"><\/div><\/div><\/section>\n\n\n\n<section class=\"wp-block-lindy-image-text-module section section--full-width-image full-width-image--with-text theme--light section--animation-none align--center  font--size-small width--half\" style=\"background-image:url()\"><img decoding=\"async\" class=\"full-width-image__image\" src=\"\"\/><div class=\"contained\"><div class=\"full-width-image__content\"><h2 class=\"section__subheading section__subheading__title\">Hat Sie diese Fallstudie inspiriert oder neue Impulse gegeben?<\/h2><p class=\"section__paragraph\"><br\/><strong><strong><strong>Laden Sie die PDF-Version ganz einfach<\/strong><\/strong><br\/><strong><strong>mit einem Klick herunter.<\/strong><\/strong><\/strong><\/p><a href=\"https:\/\/lindy.com\/de\/wp-content\/uploads\/sites\/3\/2026\/03\/Lindy-x-NC-Case-Study-DE.pdf\" class=\"button button--dark\" target=\"_blank\" rel=\"noopener noreferrer\">\ud83d\udce5 Jetzt herunterladen<\/a><\/div><\/div><\/section>\n","protected":false},"excerpt":{"rendered":"","protected":false},"author":28,"featured_media":0,"parent":0,"menu_order":0,"comment_status":"closed","ping_status":"closed","template":"page-templates\/template-landing.php","meta":{"_acf_changed":false,"footnotes":""},"class_list":["post-20108","page","type-page","status-publish","hentry"],"acf":[],"yoast_head":"<!-- This site is optimized with the Yoast SEO plugin v26.6 - https:\/\/yoast.com\/wordpress\/plugins\/seo\/ -->\n<title>CASE STUDY N&amp;C - Lindy - German<\/title>\n<meta name=\"robots\" content=\"index, follow, max-snippet:-1, max-image-preview:large, max-video-preview:-1\" \/>\n<link rel=\"canonical\" href=\"https:\/\/lindy.com\/de\/case-study-nc\/\" \/>\n<meta property=\"og:locale\" content=\"de_DE\" \/>\n<meta property=\"og:type\" content=\"article\" \/>\n<meta property=\"og:title\" content=\"CASE STUDY N&amp;C - Lindy - German\" \/>\n<meta property=\"og:url\" content=\"https:\/\/lindy.com\/de\/case-study-nc\/\" \/>\n<meta property=\"og:site_name\" content=\"Lindy - German\" \/>\n<meta property=\"article:modified_time\" content=\"2026-03-26T10:10:43+00:00\" \/>\n<meta property=\"og:image\" content=\"https:\/\/lindy.com\/eu\/wp-content\/uploads\/sites\/10\/2026\/02\/header-landingpage-N-C.jpg\" \/>\n<meta name=\"twitter:card\" content=\"summary_large_image\" \/>\n<meta name=\"twitter:label1\" content=\"Gesch\u00e4tzte Lesezeit\" \/>\n\t<meta name=\"twitter:data1\" content=\"7 Minuten\" \/>\n<script type=\"application\/ld+json\" class=\"yoast-schema-graph\">{\"@context\":\"https:\/\/schema.org\",\"@graph\":[{\"@type\":\"WebPage\",\"@id\":\"https:\/\/lindy.com\/de\/case-study-nc\/\",\"url\":\"https:\/\/lindy.com\/de\/case-study-nc\/\",\"name\":\"CASE STUDY N&amp;C - Lindy - German\",\"isPartOf\":{\"@id\":\"https:\/\/lindy.com\/de\/#website\"},\"primaryImageOfPage\":{\"@id\":\"https:\/\/lindy.com\/de\/case-study-nc\/#primaryimage\"},\"image\":{\"@id\":\"https:\/\/lindy.com\/de\/case-study-nc\/#primaryimage\"},\"thumbnailUrl\":\"https:\/\/lindy.com\/eu\/wp-content\/uploads\/sites\/10\/2026\/02\/header-landingpage-N-C.jpg\",\"datePublished\":\"2026-03-26T10:09:49+00:00\",\"dateModified\":\"2026-03-26T10:10:43+00:00\",\"breadcrumb\":{\"@id\":\"https:\/\/lindy.com\/de\/case-study-nc\/#breadcrumb\"},\"inLanguage\":\"de-DE\",\"potentialAction\":[{\"@type\":\"ReadAction\",\"target\":[\"https:\/\/lindy.com\/de\/case-study-nc\/\"]}]},{\"@type\":\"ImageObject\",\"inLanguage\":\"de-DE\",\"@id\":\"https:\/\/lindy.com\/de\/case-study-nc\/#primaryimage\",\"url\":\"https:\/\/lindy.com\/eu\/wp-content\/uploads\/sites\/10\/2026\/02\/header-landingpage-N-C.jpg\",\"contentUrl\":\"https:\/\/lindy.com\/eu\/wp-content\/uploads\/sites\/10\/2026\/02\/header-landingpage-N-C.jpg\"},{\"@type\":\"BreadcrumbList\",\"@id\":\"https:\/\/lindy.com\/de\/case-study-nc\/#breadcrumb\",\"itemListElement\":[{\"@type\":\"ListItem\",\"position\":1,\"name\":\"Home\",\"item\":\"https:\/\/lindy.com\/de\/\"},{\"@type\":\"ListItem\",\"position\":2,\"name\":\"CASE STUDY N&amp;C\"}]},{\"@type\":\"WebSite\",\"@id\":\"https:\/\/lindy.com\/de\/#website\",\"url\":\"https:\/\/lindy.com\/de\/\",\"name\":\"Lindy - German\",\"description\":\"Connection Perfection\",\"potentialAction\":[{\"@type\":\"SearchAction\",\"target\":{\"@type\":\"EntryPoint\",\"urlTemplate\":\"https:\/\/lindy.com\/de\/?s={search_term_string}\"},\"query-input\":{\"@type\":\"PropertyValueSpecification\",\"valueRequired\":true,\"valueName\":\"search_term_string\"}}],\"inLanguage\":\"de-DE\"}]}<\/script>\n<!-- \/ Yoast SEO plugin. -->","yoast_head_json":{"title":"CASE STUDY N&amp;C - Lindy - German","robots":{"index":"index","follow":"follow","max-snippet":"max-snippet:-1","max-image-preview":"max-image-preview:large","max-video-preview":"max-video-preview:-1"},"canonical":"https:\/\/lindy.com\/de\/case-study-nc\/","og_locale":"de_DE","og_type":"article","og_title":"CASE STUDY N&amp;C - Lindy - German","og_url":"https:\/\/lindy.com\/de\/case-study-nc\/","og_site_name":"Lindy - German","article_modified_time":"2026-03-26T10:10:43+00:00","og_image":[{"url":"https:\/\/lindy.com\/eu\/wp-content\/uploads\/sites\/10\/2026\/02\/header-landingpage-N-C.jpg","type":"","width":"","height":""}],"twitter_card":"summary_large_image","twitter_misc":{"Gesch\u00e4tzte Lesezeit":"7 Minuten"},"schema":{"@context":"https:\/\/schema.org","@graph":[{"@type":"WebPage","@id":"https:\/\/lindy.com\/de\/case-study-nc\/","url":"https:\/\/lindy.com\/de\/case-study-nc\/","name":"CASE STUDY N&amp;C - Lindy - German","isPartOf":{"@id":"https:\/\/lindy.com\/de\/#website"},"primaryImageOfPage":{"@id":"https:\/\/lindy.com\/de\/case-study-nc\/#primaryimage"},"image":{"@id":"https:\/\/lindy.com\/de\/case-study-nc\/#primaryimage"},"thumbnailUrl":"https:\/\/lindy.com\/eu\/wp-content\/uploads\/sites\/10\/2026\/02\/header-landingpage-N-C.jpg","datePublished":"2026-03-26T10:09:49+00:00","dateModified":"2026-03-26T10:10:43+00:00","breadcrumb":{"@id":"https:\/\/lindy.com\/de\/case-study-nc\/#breadcrumb"},"inLanguage":"de-DE","potentialAction":[{"@type":"ReadAction","target":["https:\/\/lindy.com\/de\/case-study-nc\/"]}]},{"@type":"ImageObject","inLanguage":"de-DE","@id":"https:\/\/lindy.com\/de\/case-study-nc\/#primaryimage","url":"https:\/\/lindy.com\/eu\/wp-content\/uploads\/sites\/10\/2026\/02\/header-landingpage-N-C.jpg","contentUrl":"https:\/\/lindy.com\/eu\/wp-content\/uploads\/sites\/10\/2026\/02\/header-landingpage-N-C.jpg"},{"@type":"BreadcrumbList","@id":"https:\/\/lindy.com\/de\/case-study-nc\/#breadcrumb","itemListElement":[{"@type":"ListItem","position":1,"name":"Home","item":"https:\/\/lindy.com\/de\/"},{"@type":"ListItem","position":2,"name":"CASE STUDY N&amp;C"}]},{"@type":"WebSite","@id":"https:\/\/lindy.com\/de\/#website","url":"https:\/\/lindy.com\/de\/","name":"Lindy - German","description":"Connection Perfection","potentialAction":[{"@type":"SearchAction","target":{"@type":"EntryPoint","urlTemplate":"https:\/\/lindy.com\/de\/?s={search_term_string}"},"query-input":{"@type":"PropertyValueSpecification","valueRequired":true,"valueName":"search_term_string"}}],"inLanguage":"de-DE"}]}},"_links":{"self":[{"href":"https:\/\/lindy.com\/de\/wp-json\/wp\/v2\/pages\/20108","targetHints":{"allow":["GET"]}}],"collection":[{"href":"https:\/\/lindy.com\/de\/wp-json\/wp\/v2\/pages"}],"about":[{"href":"https:\/\/lindy.com\/de\/wp-json\/wp\/v2\/types\/page"}],"author":[{"embeddable":true,"href":"https:\/\/lindy.com\/de\/wp-json\/wp\/v2\/users\/28"}],"replies":[{"embeddable":true,"href":"https:\/\/lindy.com\/de\/wp-json\/wp\/v2\/comments?post=20108"}],"version-history":[{"count":2,"href":"https:\/\/lindy.com\/de\/wp-json\/wp\/v2\/pages\/20108\/revisions"}],"predecessor-version":[{"id":20120,"href":"https:\/\/lindy.com\/de\/wp-json\/wp\/v2\/pages\/20108\/revisions\/20120"}],"wp:attachment":[{"href":"https:\/\/lindy.com\/de\/wp-json\/wp\/v2\/media?parent=20108"}],"curies":[{"name":"wp","href":"https:\/\/api.w.org\/{rel}","templated":true}]}}