{"id":20219,"date":"2026-04-13T11:48:33","date_gmt":"2026-04-13T11:48:33","guid":{"rendered":"https:\/\/lindy.com\/de\/?page_id=20219"},"modified":"2026-04-13T11:52:06","modified_gmt":"2026-04-13T11:52:06","slug":"case-study-sigma","status":"publish","type":"page","link":"https:\/\/lindy.com\/de\/case-study-sigma\/","title":{"rendered":"CASE STUDY SIGMA"},"content":{"rendered":"\n<section class=\"wp-block-lindy-image-text-module section section--full-width-image full-width-image--with-text theme--dark section--animation-none align--center  font--size-large\" style=\"background-image:url(https:\/\/lindy.com\/eu\/wp-content\/uploads\/sites\/10\/2026\/03\/Sigma-AV_Main-Image_without_text.jpg)\"><img decoding=\"async\" class=\"full-width-image__image\" src=\"https:\/\/lindy.com\/eu\/wp-content\/uploads\/sites\/10\/2026\/03\/Sigma-AV_Main-Image_without_text.jpg\"\/><div class=\"contained\"><div class=\"full-width-image__content\"><h2 class=\"section__heading\"><span><strong>FEHLERFREIE SIGNAL\u00dcBERTRAGUNG.<\/strong><\/span><\/h2><h2 class=\"section__subheading section__subheading__title\"><strong>GRENZENLOSE ERLEBNISSE.<\/strong><\/h2><\/div><\/div><\/section>\n\n\n\n<section class=\"wp-block-lindy-heading-text section section--heading-text theme--light align--center  font--size-medium section--animation-none\"><div class=\"contained\"><h2 class=\"section__heading\"><span><br\/><strong>LINDY, DAS R\u00dcCKGRAT F\u00dcR ERFOLG <\/strong><br\/><strong>AUF DER GROSSEN B\u00dcHNE<\/strong><\/span><\/h2><\/div><\/section>\n\n\n\n<section class=\"wp-block-lindy-key-info section section--key-info theme--light section--animation-none\"><div class=\"contained\"><div class=\"grid-2_sm-1-center\"><div class=\"col left_item\"><div class=\"box\"><h3 class=\"section__heading\"><\/h3><div class=\"section__content\"><p class=\"section__content\">SIGMA System Audio-Visuell ist ein deutscher AV-Integrator mit Sitz in D\u00fcsseldorf, der sich auf wirkungsstarke, medientechnologiegetriebene Erlebnisse f\u00fcr globale Marken und Unternehmenskunden spezialisiert hat. An der Schnittstelle von Eventtechnik, audiovisueller Integration und interaktiven Medien positioniert, realisiert SIGMA modernste L\u00f6sungen f\u00fcr Messen, Konferenzen und immersive Markenwelten.<\/p><\/div><\/div><\/div><div class=\"col right_item\"><div class=\"box\"><h3 class=\"section__heading\"><\/h3><div class=\"section__content\"><p class=\"section__content\">Im Unternehmensbereich entwirft und realisiert SIGMA hochmoderne Konferenzr\u00e4ume und kollaborative Arbeitsumgebungen, die Technologie mit intuitiver Bedienbarkeit und inspirierendem Design verbinden. Das Portfolio reicht von innovativen Showrooms bis hin zu gro\u00df angelegten Produktionsstudios f\u00fcr multinationale Kunden wie Vodafone.<br\/>Da jedes Projekt individuell und ereignisbezogen ist, setzt SIGMA auf zuverl\u00e4ssige AV-Konnektivit\u00e4t, um Stabilit\u00e4t und Performance zu gew\u00e4hrleisten \u2013 Anforderungen, die durch die hochwertigen Konnektivit\u00e4tsl\u00f6sungen von Lindy erf\u00fcllt werden.<\/p><\/div><\/div><\/div><\/div><\/div><\/section>\n\n\n\n<section class=\"wp-block-lindy-image-text-module section section--full-width-image full-width-image--with-text theme--dark section--animation-none align--left  font--size-medium width--half\" style=\"background-image:url()\"><img decoding=\"async\" class=\"full-width-image__image\" src=\"\"\/><div class=\"contained\"><div class=\"full-width-image__content\"><h2 class=\"section__heading\"><span>DIE HERAUSFORDERUNG<\/span><\/h2><p class=\"section__paragraph\"><br\/>SIGMA entwickelt und realisiert technologiegetriebene Erlebnisse, bei denen Zuverl\u00e4ssigkeit gesch\u00e4ftskritisch ist. Von Pressekonferenzen mit globalen Livestreams \u00fcber immersive Showrooms bis hin zu perfekt funktionierenden Konferenzr\u00e4umen \u2013 jedes Projekt h\u00e4ngt von nahtloser AV-Konnektivit\u00e4t ab. Dabei steht das Unternehmen vor drei zentralen Herausforderungen: die Aufrechterhaltung einer fehlerfreien Signalintegrit\u00e4t \u00fcber komplexe und oft weitl\u00e4ufige Veranstaltungsumgebungen hinweg, die Sicherstellung der Kompatibilit\u00e4t zwischen heterogenen AV-Hardware-Komponenten f\u00fcr eine schnelle und effiziente Integration und der Betrieb mit Null-Fehler-Toleranz, da selbst kleinste St\u00f6rungen bei Live-Events oder Meetings nicht akzeptabel sind.<br\/><\/p><\/div><\/div><\/section>\n\n\n\n<section class=\"wp-block-lindy-image-text-module section section--full-width-image full-width-image--with-text theme--dark section--animation-none align--left  font--size-medium width--half\" style=\"background-image:url(https:\/\/lindy.com\/eu\/wp-content\/uploads\/sites\/10\/2026\/03\/Challenge_-new.jpg)\"><img decoding=\"async\" class=\"full-width-image__image\" src=\"https:\/\/lindy.com\/eu\/wp-content\/uploads\/sites\/10\/2026\/03\/Challenge_-new.jpg\"\/><div class=\"contained\"><div class=\"full-width-image__content\"><\/div><\/div><\/section>\n\n\n\n<section class=\"wp-block-lindy-heading-text section section--heading-text theme--light align--center  font--size-medium section--animation-none\"><div class=\"contained\"><h2 class=\"section__heading\"><span><br\/>DIE LINDY L\u00d6SUNG<\/span><\/h2><\/div><\/section>\n\n\n\n<section class=\"wp-block-lindy-key-info section section--key-info theme--light section--animation-none\"><div class=\"contained\"><div class=\"grid-2_sm-1-center\"><div class=\"col left_item\"><div class=\"box\"><h3 class=\"section__heading\"><\/h3><div class=\"section__content\"><p class=\"section__content\">Lindy stellt das optimale Konnektivit\u00e4ts-R\u00fcckgrat f\u00fcr SIGMAs anspruchsvollste Projekte bereit und kombiniert Zuverl\u00e4ssigkeit, Leistungsf\u00e4higkeit und Flexibilit\u00e4t, um auch in komplexen Live-Umgebungen einen reibungslosen Betrieb zu gew\u00e4hrleisten. Mit einem umfassenden Portfolio an hochwertigen Kabeln, Konvertern und Repeatern erm\u00f6glicht Lindy eine nahtlose Interoperabilit\u00e4t zwischen unterschiedlichen AV-Systemen.<\/p><\/div><\/div><\/div><div class=\"col right_item\"><div class=\"box\"><h3 class=\"section__heading\"><\/h3><div class=\"section__content\"><p class=\"section__content\">Dadurch kann SIGMA modernste Ger\u00e4te problemlos in professionelle Infrastrukturen integrieren. Durch den Einsatz der Premium-L\u00f6sungen von Lindy liefert SIGMA durchgehend stabile und sichere Verbindungen, welche die hohen Erwartungen globaler Marken nicht nur erf\u00fcllen, sondern h\u00e4ufig \u00fcbertreffen \u2013 unabh\u00e4ngig von der jeweiligen kundenspezifischen Installation oder dem Live-Event.<\/p><\/div><\/div><\/div><\/div><\/div><\/section>\n\n\n\n<section class=\"wp-block-lindy-heading-text section section--heading-text theme--dark align--center  font--size-medium section--animation-none\"><div class=\"contained\"><h2 class=\"section__heading\"><span><br\/>EINGESETZE PRODUKTE<\/span><\/h2><\/div><\/section>\n\n\n\n<section class=\"wp-block-lindy-image-text-module section section--full-width-image full-width-image--with-text theme--dark section--animation-none align--left font--camber font--size-small width--half\" style=\"background-image:url(https:\/\/lindy.com\/eu\/wp-content\/uploads\/sites\/10\/2026\/03\/Products_Sigma_Half_width_1.png)\"><img decoding=\"async\" class=\"full-width-image__image\" src=\"https:\/\/lindy.com\/eu\/wp-content\/uploads\/sites\/10\/2026\/03\/Products_Sigma_Half_width_1.png\"\/><div class=\"contained\"><div class=\"full-width-image__content\"><h2 class=\"section__heading\"><span>10m Standard HDMI\u00ae <br\/>Kabel, Gold Line<\/span><\/h2><h2 class=\"section__subheading section__subheading__title\">No. 37866<\/h2><p class=\"section__paragraph\"><br\/>Unterst\u00fctzt 4K60 Video, 32-Kanal-Audio, <br\/>vergoldetes Vollmetallgeh\u00e4use mit 24K <br\/>vergoldeten Kontakten und Steckerh\u00fclsen<\/p><a href=\"https:\/\/www.lindy.de\/10m-Standard-HDMI-Kabel-Gold-Line.htm?websale8=ld0101.ld011101&amp;pi=37866&amp;ci=80\" class=\"button button--white-transparent\" target=\"_blank\" rel=\"noopener noreferrer\">shop online<\/a><\/div><\/div><\/section>\n\n\n\n<section class=\"wp-block-lindy-image-text-module section section--full-width-image full-width-image--with-text theme--dark section--animation-none align--left font--camber font--size-small width--half\" style=\"background-image:url(https:\/\/lindy.com\/eu\/wp-content\/uploads\/sites\/10\/2026\/03\/Products_Sigma_Half_width_43158.png)\"><img decoding=\"async\" class=\"full-width-image__image\" src=\"https:\/\/lindy.com\/eu\/wp-content\/uploads\/sites\/10\/2026\/03\/Products_Sigma_Half_width_43158.png\"\/><div class=\"contained\"><div class=\"full-width-image__content\"><h2 class=\"section__heading\"><span>8m USB 3.0 <br\/>Aktivverl\u00e4ngerung Pro<\/span><\/h2><h2 class=\"section__subheading section__subheading__title\">No. 43158<\/h2><p class=\"section__paragraph\"><br\/>Unterst\u00fctzt volle 5 Gbit\/s SuperSpeed-Leistung, <br\/>kaskadierbar bis 40m.<\/p><a href=\"https:\/\/www.lindy.de\/8m-USB-3-0-Aktivverlaengerung-Pro.htm?websale8=ld0101.ld011101&amp;pi=43158&amp;ci=50\" class=\"button button--white-transparent\" target=\"_blank\" rel=\"noopener noreferrer\">shop online<\/a><\/div><\/div><\/section>\n\n\n\n<section class=\"wp-block-lindy-image-text-module section section--full-width-image full-width-image--with-text theme--dark section--animation-none align--left font--camber font--size-small width--half\" style=\"background-image:url(https:\/\/lindy.com\/eu\/wp-content\/uploads\/sites\/10\/2026\/03\/Products_Sigma_Half_width_38512.png)\"><img decoding=\"async\" class=\"full-width-image__image\" src=\"https:\/\/lindy.com\/eu\/wp-content\/uploads\/sites\/10\/2026\/03\/Products_Sigma_Half_width_38512.png\"\/><div class=\"contained\"><div class=\"full-width-image__content\"><h2 class=\"section__heading\"><span>20m Fibre-Optic-Hybrid <br\/>HDMI\u00ae 8K60 Kabel<\/span><\/h2><h2 class=\"section__subheading section__subheading__title\">No. 38512<\/h2><p class=\"section__paragraph\"><br\/>Unterst\u00fctzt Aufl\u00f6sungen bis zu 8K60Hz <br\/>\u00fcber gro\u00dfe Distanzen mit einer Bandbreite <br\/>von 48 Gbit\/s.<\/p><a href=\"https:\/\/www.lindy.de\/20m-Fibre-Optic-Hybrid-HDMI-8K60-Kabel.htm?websale8=ld0101.ld011101&amp;pi=38512&amp;ci=80\" class=\"button button--white-transparent\" target=\"_blank\" rel=\"noopener noreferrer\">shop online<\/a><\/div><\/div><\/section>\n\n\n\n<section class=\"wp-block-lindy-image-text-module section section--full-width-image full-width-image--with-text theme--dark section--animation-none align--left font--camber font--size-small width--half\" style=\"background-image:url(https:\/\/lindy.com\/eu\/wp-content\/uploads\/sites\/10\/2026\/03\/Products_Sigma_Half_width_43327.png)\"><img decoding=\"async\" class=\"full-width-image__image\" src=\"https:\/\/lindy.com\/eu\/wp-content\/uploads\/sites\/10\/2026\/03\/Products_Sigma_Half_width_43327.png\"\/><div class=\"contained\"><div class=\"full-width-image__content\"><h2 class=\"section__heading\"><span>USB Typ C auf HDMI\u00ae 8K60 Konverter<\/span><\/h2><h2 class=\"section__subheading section__subheading__title\">No. 43327<\/h2><p class=\"section__paragraph\"><br\/>Unterst\u00fctzt bis zu 8K60 Video <br\/>\u00fcber USB-C, Plug-&amp;-Play-Funktionalit\u00e4t.<br\/><br\/>*Ersetzt durch 43428<\/p><a href=\"https:\/\/www.lindy.de\/USB-Typ-C-auf-HDMI-8K60-Konverter.htm?websale8=ld0101.ld011101&amp;pi=43428&amp;ci=10\" class=\"button button--white-transparent\" target=\"_blank\" rel=\"noopener noreferrer\">shop online<\/a><\/div><\/div><\/section>\n\n\n\n<section class=\"wp-block-lindy-contained-image section section--contained-image contained-image theme--light align--left font--size-medium\"><div class=\"contained\"><img decoding=\"async\" src=\"https:\/\/lindy.com\/de\/wp-content\/uploads\/sites\/3\/2026\/04\/Testimonial_DE.png\"\/><div class=\"contained-image__content\"><\/div><\/div><\/section>\n\n\n\n<section class=\"wp-block-lindy-heading-text section section--heading-text theme--dark align--center  font--size-medium section--animation-none\"><div class=\"contained\"><h2 class=\"section__heading\"><span><br\/>ERGEBNISSE UND VORTEILE<\/span><\/h2><\/div><\/section>\n\n\n\n<section class=\"wp-block-lindy-key-info section section--key-info theme--dark section--animation-none\"><div class=\"contained\"><div class=\"grid-2_sm-1-center\"><div class=\"col left_item\"><div class=\"box\"><h3 class=\"section__heading\"><\/h3><div class=\"section__content\"><p class=\"section__content\">Die Konnektivit\u00e4tsl\u00f6sungen von Lindy erm\u00f6glichen eine Signalzuverl\u00e4ssigkeit von 99,9% selbst unter anspruchsvollen Live-Event-Bedingungen. Dies gibt SIGMA die Sicherheit, bei hochkar\u00e4tigen Projekten wie dem Vodafone XR Studio oder internationalen Konferenzen jederzeit fehlerfrei zu performen. Durch modulare, wiederverwendbare Verkabelungssysteme werden zudem die Aufbauzeiten um 30 % reduziert, was die Effizienz im Rental-Bereich steigert und den technischen Aufwand senkt.<\/p><\/div><\/div><\/div><div class=\"col right_item\"><div class=\"box\"><h3 class=\"section__heading\"><\/h3><div class=\"section__content\"><p class=\"section__content\">Die flexible Einsetzbarkeit der Hardware \u00fcber verschiedene Einsatzorte hinweg erlaubt es SIGMA, dieselbe Infrastruktur f\u00fcr Konferenzen, Corporate-Workspaces und gro\u00dffl\u00e4chige Messeauftritte zu nutzen \u2013 bei gleichbleibend hoher Qualit\u00e4t in unterschiedlichen Umgebungen. Diese Zuverl\u00e4ssigkeit und Skalierbarkeit st\u00e4rken SIGMAs F\u00e4higkeit, die komplexen Anforderungen multinationaler Kunden zu erf\u00fcllen, da Lindy-Produkte durchgehend stabile und sichere Verbindungen selbst unter anspruchsvollsten Bedingungen gew\u00e4hrleisten.<\/p><\/div><\/div><\/div><\/div><\/div><\/section>\n\n\n\n<section class=\"wp-block-lindy-icon-section section section--icon font--size-small align--center theme--dark\"><div class=\"contained\"><div class=\"grid-4_md-2_xs-1-spaceAround icons\"><div class=\"col\"><div class=\"icon-block icon-block--0\"><img decoding=\"async\" class=\"icon-block__image\" src=\"https:\/\/lindy.com\/eu\/wp-content\/uploads\/sites\/10\/2026\/02\/NC_icon.png\"\/><div class=\"icon-block__content\"><h3 class=\"icon-title\">Vereinfachte Installationsprozesse<\/h3><p class=\"icon-text\"><\/p><\/div><\/div><\/div><div class=\"col\"><div class=\"icon-block icon-block--1\"><img decoding=\"async\" class=\"icon-block__image\" src=\"https:\/\/lindy.com\/eu\/wp-content\/uploads\/sites\/10\/2026\/02\/1.png\"\/><div class=\"icon-block__content\"><h3 class=\"icon-title\">Zuverl\u00e4ssigkeit \n&amp; Reichweite<\/h3><p class=\"icon-text\"><\/p><\/div><\/div><\/div><div class=\"col\"><div class=\"icon-block icon-block--2\"><img decoding=\"async\" class=\"icon-block__image\" src=\"https:\/\/lindy.com\/eu\/wp-content\/uploads\/sites\/10\/2026\/02\/3.png\"\/><div class=\"icon-block__content\"><h3 class=\"icon-title\">Kundenzufriedenheit<\/h3><p class=\"icon-text\"><\/p><\/div><\/div><\/div><div class=\"col\"><div class=\"icon-block icon-block--3\"><img decoding=\"async\" class=\"icon-block__image\" src=\"https:\/\/lindy.com\/eu\/wp-content\/uploads\/sites\/10\/2026\/02\/4.png\"\/><div class=\"icon-block__content\"><h3 class=\"icon-title\">Skalierbarkeit \n&amp; Flexibilit\u00e4t<\/h3><p class=\"icon-text\"><\/p><\/div><\/div><\/div><\/div><\/div><\/section>\n\n\n\n<section class=\"wp-block-lindy-heading-text section section--heading-text theme--light align--center  font--size-medium section--animation-none\"><div class=\"contained\"><h2 class=\"section__heading\"><span><br\/><strong>FAZIT &amp; ERKENNTNISSE<\/strong><\/span><\/h2><\/div><\/section>\n\n\n\n<section class=\"wp-block-lindy-key-info section section--key-info theme--light section--animation-none\"><div class=\"contained\"><div class=\"grid-2_sm-1-center\"><div class=\"col left_item\"><div class=\"box box--border\"><h3 class=\"section__heading\">Projekterfolg<\/h3><div class=\"section__content\"><p class=\"section__content\">Der Projekterfolg von Lindy und SIGMA basiert auf der Kombination aus hochwertigen Konnektivit\u00e4tsl\u00f6sungen und kreativen, technologiegetriebenen AV-Erlebnissen. Dadurch wird sichergestellt, dass jedes Event mit maximaler Zuverl\u00e4ssigkeit, Flexibilit\u00e4t und fehlerfreier Performance umgesetzt wird.<\/p><\/div><\/div><\/div><div class=\"col right_item\"><div class=\"box box--border\"><h3 class=\"section__heading\">Brancheneinblick<\/h3><div class=\"section__content\"><p class=\"section__content\">Die AV-Branche entwickelt sich zunehmend hin zu immersiven, technologiegetriebenen Erlebnissen, die Flexibilit\u00e4t, Zuverl\u00e4ssigkeit und nahtlose Integration erfordern. Die Partnerschaft zwischen SIGMA und Lindy zeigt, wie die Zusammenarbeit zwischen Integratoren und L\u00f6sungsanbietern stabile, skalierbare und leistungsstarke Gesamtl\u00f6sungen erm\u00f6glicht.<\/p><\/div><\/div><\/div><\/div><\/div><\/section>\n\n\n\n<section class=\"wp-block-lindy-image-text-module section section--full-width-image full-width-image--with-text theme--dark section--animation-none align--left  font--size-medium width--half\" style=\"background-image:url(https:\/\/lindy.com\/eu\/wp-content\/uploads\/sites\/10\/2026\/03\/Mock-up-case-sudy-Sigma.png)\"><img decoding=\"async\" class=\"full-width-image__image\" src=\"https:\/\/lindy.com\/eu\/wp-content\/uploads\/sites\/10\/2026\/03\/Mock-up-case-sudy-Sigma.png\"\/><div class=\"contained\"><div class=\"full-width-image__content\"><\/div><\/div><\/section>\n\n\n\n<section class=\"wp-block-lindy-image-text-module section section--full-width-image full-width-image--with-text theme--dark section--animation-none align--center  font--size-small width--half\" style=\"background-image:url()\"><img decoding=\"async\" class=\"full-width-image__image\" src=\"\"\/><div class=\"contained\"><div class=\"full-width-image__content\"><h2 class=\"section__subheading section__subheading__title\">Hat Sie diese Fallstudie inspiriert oder neue Impulse gegeben?<\/h2><p class=\"section__paragraph\"><br\/><strong><strong><strong>Laden Sie die PDF-Version ganz einfach<\/strong><br\/><strong>mit einem Klick herunter.<\/strong><\/strong><\/strong><\/p><a href=\"https:\/\/lindy.com\/de\/wp-content\/uploads\/sites\/3\/2026\/04\/Lindy-x-Sigma-Case-Study-DE.pdf\" class=\"button button--white-transparent\" target=\"_blank\" rel=\"noopener noreferrer\">\ud83d\udce5 Jetzt herunterladen<\/a><\/div><\/div><\/section>\n","protected":false},"excerpt":{"rendered":"","protected":false},"author":28,"featured_media":0,"parent":0,"menu_order":0,"comment_status":"closed","ping_status":"closed","template":"page-templates\/template-landing.php","meta":{"_acf_changed":false,"footnotes":""},"class_list":["post-20219","page","type-page","status-publish","hentry"],"acf":[],"yoast_head":"<!-- This site is optimized with the Yoast SEO plugin v26.6 - https:\/\/yoast.com\/wordpress\/plugins\/seo\/ -->\n<title>CASE STUDY SIGMA - Lindy - German<\/title>\n<meta name=\"robots\" content=\"index, follow, max-snippet:-1, max-image-preview:large, max-video-preview:-1\" \/>\n<link rel=\"canonical\" href=\"https:\/\/lindy.com\/de\/case-study-sigma\/\" \/>\n<meta property=\"og:locale\" content=\"de_DE\" \/>\n<meta property=\"og:type\" content=\"article\" \/>\n<meta property=\"og:title\" content=\"CASE STUDY SIGMA - Lindy - German\" \/>\n<meta property=\"og:url\" content=\"https:\/\/lindy.com\/de\/case-study-sigma\/\" \/>\n<meta property=\"og:site_name\" content=\"Lindy - German\" \/>\n<meta property=\"article:modified_time\" content=\"2026-04-13T11:52:06+00:00\" \/>\n<meta property=\"og:image\" content=\"https:\/\/lindy.com\/eu\/wp-content\/uploads\/sites\/10\/2026\/03\/Sigma-AV_Main-Image_without_text.jpg\" \/>\n<meta name=\"twitter:card\" content=\"summary_large_image\" \/>\n<meta name=\"twitter:label1\" content=\"Gesch\u00e4tzte Lesezeit\" \/>\n\t<meta name=\"twitter:data1\" content=\"7 Minuten\" \/>\n<script type=\"application\/ld+json\" class=\"yoast-schema-graph\">{\"@context\":\"https:\/\/schema.org\",\"@graph\":[{\"@type\":\"WebPage\",\"@id\":\"https:\/\/lindy.com\/de\/case-study-sigma\/\",\"url\":\"https:\/\/lindy.com\/de\/case-study-sigma\/\",\"name\":\"CASE STUDY SIGMA - Lindy - German\",\"isPartOf\":{\"@id\":\"https:\/\/lindy.com\/de\/#website\"},\"primaryImageOfPage\":{\"@id\":\"https:\/\/lindy.com\/de\/case-study-sigma\/#primaryimage\"},\"image\":{\"@id\":\"https:\/\/lindy.com\/de\/case-study-sigma\/#primaryimage\"},\"thumbnailUrl\":\"https:\/\/lindy.com\/eu\/wp-content\/uploads\/sites\/10\/2026\/03\/Sigma-AV_Main-Image_without_text.jpg\",\"datePublished\":\"2026-04-13T11:48:33+00:00\",\"dateModified\":\"2026-04-13T11:52:06+00:00\",\"breadcrumb\":{\"@id\":\"https:\/\/lindy.com\/de\/case-study-sigma\/#breadcrumb\"},\"inLanguage\":\"de-DE\",\"potentialAction\":[{\"@type\":\"ReadAction\",\"target\":[\"https:\/\/lindy.com\/de\/case-study-sigma\/\"]}]},{\"@type\":\"ImageObject\",\"inLanguage\":\"de-DE\",\"@id\":\"https:\/\/lindy.com\/de\/case-study-sigma\/#primaryimage\",\"url\":\"https:\/\/lindy.com\/eu\/wp-content\/uploads\/sites\/10\/2026\/03\/Sigma-AV_Main-Image_without_text.jpg\",\"contentUrl\":\"https:\/\/lindy.com\/eu\/wp-content\/uploads\/sites\/10\/2026\/03\/Sigma-AV_Main-Image_without_text.jpg\"},{\"@type\":\"BreadcrumbList\",\"@id\":\"https:\/\/lindy.com\/de\/case-study-sigma\/#breadcrumb\",\"itemListElement\":[{\"@type\":\"ListItem\",\"position\":1,\"name\":\"Home\",\"item\":\"https:\/\/lindy.com\/de\/\"},{\"@type\":\"ListItem\",\"position\":2,\"name\":\"CASE STUDY SIGMA\"}]},{\"@type\":\"WebSite\",\"@id\":\"https:\/\/lindy.com\/de\/#website\",\"url\":\"https:\/\/lindy.com\/de\/\",\"name\":\"Lindy - German\",\"description\":\"Connection Perfection\",\"potentialAction\":[{\"@type\":\"SearchAction\",\"target\":{\"@type\":\"EntryPoint\",\"urlTemplate\":\"https:\/\/lindy.com\/de\/?s={search_term_string}\"},\"query-input\":{\"@type\":\"PropertyValueSpecification\",\"valueRequired\":true,\"valueName\":\"search_term_string\"}}],\"inLanguage\":\"de-DE\"}]}<\/script>\n<!-- \/ Yoast SEO plugin. -->","yoast_head_json":{"title":"CASE STUDY SIGMA - Lindy - German","robots":{"index":"index","follow":"follow","max-snippet":"max-snippet:-1","max-image-preview":"max-image-preview:large","max-video-preview":"max-video-preview:-1"},"canonical":"https:\/\/lindy.com\/de\/case-study-sigma\/","og_locale":"de_DE","og_type":"article","og_title":"CASE STUDY SIGMA - Lindy - German","og_url":"https:\/\/lindy.com\/de\/case-study-sigma\/","og_site_name":"Lindy - German","article_modified_time":"2026-04-13T11:52:06+00:00","og_image":[{"url":"https:\/\/lindy.com\/eu\/wp-content\/uploads\/sites\/10\/2026\/03\/Sigma-AV_Main-Image_without_text.jpg","type":"","width":"","height":""}],"twitter_card":"summary_large_image","twitter_misc":{"Gesch\u00e4tzte Lesezeit":"7 Minuten"},"schema":{"@context":"https:\/\/schema.org","@graph":[{"@type":"WebPage","@id":"https:\/\/lindy.com\/de\/case-study-sigma\/","url":"https:\/\/lindy.com\/de\/case-study-sigma\/","name":"CASE STUDY SIGMA - Lindy - German","isPartOf":{"@id":"https:\/\/lindy.com\/de\/#website"},"primaryImageOfPage":{"@id":"https:\/\/lindy.com\/de\/case-study-sigma\/#primaryimage"},"image":{"@id":"https:\/\/lindy.com\/de\/case-study-sigma\/#primaryimage"},"thumbnailUrl":"https:\/\/lindy.com\/eu\/wp-content\/uploads\/sites\/10\/2026\/03\/Sigma-AV_Main-Image_without_text.jpg","datePublished":"2026-04-13T11:48:33+00:00","dateModified":"2026-04-13T11:52:06+00:00","breadcrumb":{"@id":"https:\/\/lindy.com\/de\/case-study-sigma\/#breadcrumb"},"inLanguage":"de-DE","potentialAction":[{"@type":"ReadAction","target":["https:\/\/lindy.com\/de\/case-study-sigma\/"]}]},{"@type":"ImageObject","inLanguage":"de-DE","@id":"https:\/\/lindy.com\/de\/case-study-sigma\/#primaryimage","url":"https:\/\/lindy.com\/eu\/wp-content\/uploads\/sites\/10\/2026\/03\/Sigma-AV_Main-Image_without_text.jpg","contentUrl":"https:\/\/lindy.com\/eu\/wp-content\/uploads\/sites\/10\/2026\/03\/Sigma-AV_Main-Image_without_text.jpg"},{"@type":"BreadcrumbList","@id":"https:\/\/lindy.com\/de\/case-study-sigma\/#breadcrumb","itemListElement":[{"@type":"ListItem","position":1,"name":"Home","item":"https:\/\/lindy.com\/de\/"},{"@type":"ListItem","position":2,"name":"CASE STUDY SIGMA"}]},{"@type":"WebSite","@id":"https:\/\/lindy.com\/de\/#website","url":"https:\/\/lindy.com\/de\/","name":"Lindy - German","description":"Connection Perfection","potentialAction":[{"@type":"SearchAction","target":{"@type":"EntryPoint","urlTemplate":"https:\/\/lindy.com\/de\/?s={search_term_string}"},"query-input":{"@type":"PropertyValueSpecification","valueRequired":true,"valueName":"search_term_string"}}],"inLanguage":"de-DE"}]}},"_links":{"self":[{"href":"https:\/\/lindy.com\/de\/wp-json\/wp\/v2\/pages\/20219","targetHints":{"allow":["GET"]}}],"collection":[{"href":"https:\/\/lindy.com\/de\/wp-json\/wp\/v2\/pages"}],"about":[{"href":"https:\/\/lindy.com\/de\/wp-json\/wp\/v2\/types\/page"}],"author":[{"embeddable":true,"href":"https:\/\/lindy.com\/de\/wp-json\/wp\/v2\/users\/28"}],"replies":[{"embeddable":true,"href":"https:\/\/lindy.com\/de\/wp-json\/wp\/v2\/comments?post=20219"}],"version-history":[{"count":7,"href":"https:\/\/lindy.com\/de\/wp-json\/wp\/v2\/pages\/20219\/revisions"}],"predecessor-version":[{"id":20252,"href":"https:\/\/lindy.com\/de\/wp-json\/wp\/v2\/pages\/20219\/revisions\/20252"}],"wp:attachment":[{"href":"https:\/\/lindy.com\/de\/wp-json\/wp\/v2\/media?parent=20219"}],"curies":[{"name":"wp","href":"https:\/\/api.w.org\/{rel}","templated":true}]}}