{"id":2308,"date":"2021-12-13T11:04:52","date_gmt":"2021-12-13T11:04:52","guid":{"rendered":"https:\/\/lindy.com\/de\/?page_id=2308"},"modified":"2022-05-03T13:12:43","modified_gmt":"2022-05-03T13:12:43","slug":"ise-2022-extending","status":"publish","type":"page","link":"https:\/\/lindy.com\/de\/ise-2022-extending\/","title":{"rendered":"ISE 2022 Extending"},"content":{"rendered":"\n<section class=\"wp-block-lindy-full-width-image section section--full-width-image full-width-image theme--light align--left font--size-medium\" style=\"background-image:url(https:\/\/lindy.com\/de\/wp-content\/uploads\/sites\/3\/2022\/05\/Extending_FW.jpg)\"><img decoding=\"async\" class=\"full-width-image__image\" src=\"https:\/\/lindy.com\/de\/wp-content\/uploads\/sites\/3\/2022\/05\/Extending_FW.jpg\"\/><div class=\"contained\"><div class=\"full-width-image__content\"><\/div><\/div><\/section>\n\n\n\n<section class=\"wp-block-lindy-image-text-module section section--full-width-image full-width-image--with-text theme--dark section--animation-none align--left  font--size-medium width--half\" style=\"background-image:url(https:\/\/lindy.com\/en\/wp-content\/uploads\/sites\/2\/2021\/12\/38205.jpg)\"><img decoding=\"async\" class=\"full-width-image__image\" src=\"https:\/\/lindy.com\/en\/wp-content\/uploads\/sites\/2\/2021\/12\/38205.jpg\"\/><div class=\"contained\"><div class=\"full-width-image__content\"><\/div><\/div><\/section>\n\n\n\n<section class=\"wp-block-lindy-image-text-module section section--full-width-image full-width-image--with-text theme--dark section--animation-up align--left  font--size-medium width--half\" style=\"background-image:url()\"><img decoding=\"async\" class=\"full-width-image__image\" src=\"\"\/><div class=\"contained\"><div class=\"full-width-image__content\"><h2 class=\"section__heading\"><span>50m Cat.6 HDMI &amp; IR Extender with Loop Out<\/span><\/h2><h2 class=\"section__subheading section__subheading__title\">No. 38205<\/h2><p class=\"section__paragraph\"><br\/>\u2022 \u00dcbertr\u00e4gt 4K-HDMI-18G-Signale \u00fcber Distanzen bis 50m mit einem Standard-Netzwerkkabel<br\/>\u2022 Unterst\u00fctzt Aufl\u00f6sungen bis 3840&#215;2160@60Hz 4:4:4 8Bit und HDR<br\/>\u2022 HDMI Loop-through-Ausgang f\u00fcr zus\u00e4tzliche Anzeige auf einem lokalen Display<br\/><br\/><a href=\"https:\/\/lindy.com\/de\/wp-content\/uploads\/sites\/3\/2022\/05\/38205_DE.pdf\" target=\"_blank\" rel=\"noreferrer noopener\">Download Flyer<\/a><br\/><a href=\"https:\/\/lindy.com\/de\/wp-content\/uploads\/sites\/3\/2022\/05\/38205_TDS_DE.pdf\" target=\"_blank\" rel=\"noreferrer noopener\">Download Technical Data Sheets<\/a><\/p><a href=\"https:\/\/www.lindy.de\/50m-Cat-6-HDMI-18G-IR-Extender-mit-PoC-Loop-Out.htm?websale8=ld0101.ld011101&amp;pi=38205&amp;ci=20\" class=\"button button--white-transparent\" target=\"_self\" rel=\"noopener noreferrer\">ZUM PRODUKT\n<\/a><\/div><\/div><\/section>\n\n\n\n<section class=\"wp-block-lindy-image-text-module section section--full-width-image full-width-image--with-text theme--light section--animation-none align--left  font--size-medium width--half\" style=\"background-image:url(https:\/\/lindy.com\/en\/wp-content\/uploads\/sites\/2\/2021\/12\/38208.jpg)\"><img decoding=\"async\" class=\"full-width-image__image\" src=\"https:\/\/lindy.com\/en\/wp-content\/uploads\/sites\/2\/2021\/12\/38208.jpg\"\/><div class=\"contained\"><div class=\"full-width-image__content\"><\/div><\/div><\/section>\n\n\n\n<section class=\"wp-block-lindy-image-text-module section section--full-width-image full-width-image--with-text theme--light section--animation-up align--left  font--size-medium width--half\" style=\"background-image:url()\"><img decoding=\"async\" class=\"full-width-image__image\" src=\"\"\/><div class=\"contained\"><div class=\"full-width-image__content\"><h2 class=\"section__heading\"><span>70m Cat.6 HDMI 10.2G &amp; IR Extender  <\/span><\/h2><h2 class=\"section__subheading section__subheading__title\">No. 38208<\/h2><p class=\"section__paragraph\"><br\/>\u2022 Erweitert die Reichweite von HDMI- und IR-Signalen auf bis zu 70m unter Verwendung eines einzigen Cat.6-Kabels<br\/>\u2022 Unterst\u00fctzt Aufl\u00f6sungen bis 3840&#215;2160@30Hz 4:4:4 8Bit<br\/>\u2022 Bietet einen lokalen HDMI-Ausgang am Transmitter f\u00fcr Monitoring-Zwecke<br\/><br\/><a href=\"https:\/\/lindy.com\/de\/wp-content\/uploads\/sites\/3\/2022\/05\/38208_DE.pdf\" target=\"_blank\" rel=\"noreferrer noopener\">Download Flyer<\/a><br\/><a href=\"https:\/\/lindy.com\/de\/wp-content\/uploads\/sites\/3\/2022\/05\/38208_TDS_DE.pdf\" target=\"_blank\" rel=\"noreferrer noopener\">Download Technical Data Sheets<\/a><br\/><\/p><a href=\"https:\/\/www.lindy.de\/70m-Cat-6-HDMI-10-2G-IR-Extender-mit-PoC-Loop-Out-.htm?websale8=ld0101.ld011101&amp;pi=38208&amp;ci=20\" class=\"button button--dark\" target=\"_self\" rel=\"noopener noreferrer\">ZUM PRODUKT\n<\/a><\/div><\/div><\/section>\n\n\n\n<section class=\"wp-block-lindy-image-text-module section section--full-width-image full-width-image--with-text theme--dark section--animation-none align--left  font--size-medium width--half\" style=\"background-image:url(https:\/\/lindy.com\/en\/wp-content\/uploads\/sites\/2\/2021\/12\/38225_new.jpg)\"><img decoding=\"async\" class=\"full-width-image__image\" src=\"https:\/\/lindy.com\/en\/wp-content\/uploads\/sites\/2\/2021\/12\/38225_new.jpg\"\/><div class=\"contained\"><div class=\"full-width-image__content\"><\/div><\/div><\/section>\n\n\n\n<section class=\"wp-block-lindy-image-text-module section section--full-width-image full-width-image--with-text theme--dark section--animation-up align--left  font--size-medium width--half\" style=\"background-image:url()\"><img decoding=\"async\" class=\"full-width-image__image\" src=\"\"\/><div class=\"contained\"><div class=\"full-width-image__content\"><h2 class=\"section__heading\"><span>HDMI-Powerline-Extendersystem, Transmitter<\/span><\/h2><h2 class=\"section__subheading section__subheading__title\">No. 38225<\/h2><p class=\"section__paragraph\"><br\/>\u2022 Erweitert HDMI-Signalreichweiten \u00fcber eine einzige Powerline-\u00dcbertragung<br\/>\u2022 \u00dcbertr\u00e4gt AV-Inhalte an 3 kompatible Receiver sowie an ein lokales HDMI Display<br\/>\u2022 Unterst\u00fctzt Aufl\u00f6sungen bis zu Full HD 1920&#215;1080@60Hz<br\/><br\/><a href=\"https:\/\/lindy.com\/de\/wp-content\/uploads\/sites\/3\/2022\/05\/38225-38227_DE.pdf\" target=\"_blank\" rel=\"noreferrer noopener\">Download Flyer<\/a><br\/><a href=\"https:\/\/lindy.com\/de\/wp-content\/uploads\/sites\/3\/2022\/05\/38225_TDS_DE.pdf\" target=\"_blank\" rel=\"noreferrer noopener\">Download Technical Data Sheets<\/a><br\/><br\/><\/p><a href=\"https:\/\/www.lindy.de\/HDMI-Powerline-Extendersystem-Transmitter-.htm?websale8=ld0101.ld011101&amp;pi=38225&amp;ci=20\" class=\"button button--white-transparent\" target=\"_self\" rel=\"noopener noreferrer\">ZUM PRODUKT\n<\/a><\/div><\/div><\/section>\n\n\n\n<section class=\"wp-block-lindy-image-text-module section section--full-width-image full-width-image--with-text theme--light section--animation-up align--left  font--size-medium width--half\" style=\"background-image:url(https:\/\/lindy.com\/de\/wp-content\/uploads\/sites\/3\/2022\/05\/38227.jpg)\"><img decoding=\"async\" class=\"full-width-image__image\" src=\"https:\/\/lindy.com\/de\/wp-content\/uploads\/sites\/3\/2022\/05\/38227.jpg\"\/><div class=\"contained\"><div class=\"full-width-image__content\"><\/div><\/div><\/section>\n\n\n\n<section class=\"wp-block-lindy-image-text-module section section--full-width-image full-width-image--with-text theme--light section--animation-up align--left  font--size-medium width--half\" style=\"background-image:url()\"><img decoding=\"async\" class=\"full-width-image__image\" src=\"\"\/><div class=\"contained\"><div class=\"full-width-image__content\"><h2 class=\"section__heading\"><span>HDMI-Powerline-Extendersystem, Receiver<\/span><\/h2><h2 class=\"section__subheading section__subheading__title\">No. 38227<\/h2><p class=\"section__paragraph\"><br\/>\u2022 Erweitert HDMI-Signalreichweiten \u00fcber eine einzige Powerline-\u00dcbertragung<br\/>\u2022 Empf\u00e4ngt AV-Inhalte von kompatiblem Transmitter (bis zu 3 Receiver k\u00f6nnen an einem Transmitter betreiben werden)<br\/>\u2022 Unterst\u00fctzt Aufl\u00f6sungen bis zu Full HD 1920&#215;1080@60Hz<br\/><br\/><a href=\"https:\/\/lindy.com\/de\/wp-content\/uploads\/sites\/3\/2022\/05\/38225-38227_DE.pdf\" target=\"_blank\" rel=\"noreferrer noopener\">Download Flyer<\/a><br\/><a href=\"https:\/\/lindy.com\/de\/wp-content\/uploads\/sites\/3\/2022\/05\/38227_TDS_DE.pdf\" target=\"_blank\" rel=\"noreferrer noopener\">Download Technical Data Sheets<\/a><br\/><br\/><\/p><a href=\"https:\/\/www.lindy.de\/HDMI-Powerline-Extendersystem-Receiver-.htm?websale8=ld0101.ld011101&amp;pi=38227&amp;ci=20\" class=\"button button--dark\" target=\"_self\" rel=\"noopener noreferrer\">ZUM PRODUKT\n<\/a><\/div><\/div><\/section>\n\n\n\n<section class=\"wp-block-lindy-image-text-module section section--full-width-image full-width-image--with-text theme--light section--animation-none align--left  font--size-medium width--half\" style=\"background-image:url(https:\/\/lindy.com\/en\/wp-content\/uploads\/sites\/2\/2021\/12\/38382_2.jpg)\"><img decoding=\"async\" class=\"full-width-image__image\" src=\"https:\/\/lindy.com\/en\/wp-content\/uploads\/sites\/2\/2021\/12\/38382_2.jpg\"\/><div class=\"contained\"><div class=\"full-width-image__content\"><\/div><\/div><\/section>\n\n\n\n<section class=\"wp-block-lindy-image-text-module section section--full-width-image full-width-image--with-text theme--dark section--animation-up align--left  font--size-medium width--half\" style=\"background-image:url()\"><img decoding=\"async\" class=\"full-width-image__image\" src=\"\"\/><div class=\"contained\"><div class=\"full-width-image__content\"><h2 class=\"section__heading\"><span>Fibre-Optic-Hybrid-Kabel, Ultra High Speed HDMI, 20m<\/span><\/h2><h2 class=\"section__subheading section__subheading__title\">No. 38382<\/h2><p class=\"section__paragraph\"><br\/>\u2022 Kombiniert Kupfer- und Glasfaserkabel und erm\u00f6glicht eine HDMI-Hybridverbindung f\u00fcr gro\u00dfe Entfernungen<br\/>\u2022 Unterst\u00fctzt Aufl\u00f6sungen bis zu 4K@120Hz, 8K@60Hz und sowohl statische als auch dynamische HDR-Formate sowie Dolby Vision &amp; HDR10+<br\/>\u2022 Zertifiziert f\u00fcr Ultra High Speed HDMI, mit Unterst\u00fctzung f\u00fcr HDMI-Funktionen wie VRR und eARC<br\/><br\/><a href=\"https:\/\/lindy.com\/de\/wp-content\/uploads\/sites\/3\/2022\/05\/38380-2_DE.pdf\" target=\"_blank\" rel=\"noreferrer noopener\">Download Flyer<\/a><br\/><a href=\"https:\/\/lindy.com\/de\/wp-content\/uploads\/sites\/3\/2022\/05\/38382_TDS_ALL_DE.pdf\" target=\"_blank\" rel=\"noreferrer noopener\">Download Technical Data Sheets<\/a><br\/><br\/><\/p><a href=\"https:\/\/www.lindy.de\/1m-Ultra-High-Speed-HDMI-Kabel-Gold-Line.htm?websale8=ld0101.ld011101&amp;pi=38382&amp;ci=80\" class=\"button button--white-transparent\" target=\"_self\" rel=\"noopener noreferrer\">ZUM PRODUKT\n<\/a><\/div><\/div><\/section>\n","protected":false},"excerpt":{"rendered":"","protected":false},"author":22,"featured_media":0,"parent":0,"menu_order":0,"comment_status":"closed","ping_status":"closed","template":"page-templates\/template-landing.php","meta":{"_acf_changed":false,"footnotes":""},"class_list":["post-2308","page","type-page","status-publish","hentry"],"acf":[],"yoast_head":"<!-- This site is optimized with the Yoast SEO plugin v26.6 - https:\/\/yoast.com\/wordpress\/plugins\/seo\/ -->\n<title>ISE 2022 Extending - Lindy - German<\/title>\n<meta name=\"robots\" content=\"index, follow, max-snippet:-1, max-image-preview:large, max-video-preview:-1\" \/>\n<link rel=\"canonical\" href=\"https:\/\/lindy.com\/de\/ise-2022-extending\/\" \/>\n<meta property=\"og:locale\" content=\"de_DE\" \/>\n<meta property=\"og:type\" content=\"article\" \/>\n<meta property=\"og:title\" content=\"ISE 2022 Extending - Lindy - German\" \/>\n<meta property=\"og:url\" content=\"https:\/\/lindy.com\/de\/ise-2022-extending\/\" \/>\n<meta property=\"og:site_name\" content=\"Lindy - German\" \/>\n<meta property=\"article:modified_time\" content=\"2022-05-03T13:12:43+00:00\" \/>\n<meta property=\"og:image\" content=\"https:\/\/lindy.com\/de\/wp-content\/uploads\/sites\/3\/2022\/05\/Extending_FW.jpg\" \/>\n<meta name=\"twitter:card\" content=\"summary_large_image\" \/>\n<meta name=\"twitter:label1\" content=\"Gesch\u00e4tzte Lesezeit\" \/>\n\t<meta name=\"twitter:data1\" content=\"4 Minuten\" \/>\n<script type=\"application\/ld+json\" class=\"yoast-schema-graph\">{\"@context\":\"https:\/\/schema.org\",\"@graph\":[{\"@type\":\"WebPage\",\"@id\":\"https:\/\/lindy.com\/de\/ise-2022-extending\/\",\"url\":\"https:\/\/lindy.com\/de\/ise-2022-extending\/\",\"name\":\"ISE 2022 Extending - Lindy - German\",\"isPartOf\":{\"@id\":\"https:\/\/lindy.com\/de\/#website\"},\"primaryImageOfPage\":{\"@id\":\"https:\/\/lindy.com\/de\/ise-2022-extending\/#primaryimage\"},\"image\":{\"@id\":\"https:\/\/lindy.com\/de\/ise-2022-extending\/#primaryimage\"},\"thumbnailUrl\":\"https:\/\/lindy.com\/de\/wp-content\/uploads\/sites\/3\/2022\/05\/Extending_FW.jpg\",\"datePublished\":\"2021-12-13T11:04:52+00:00\",\"dateModified\":\"2022-05-03T13:12:43+00:00\",\"breadcrumb\":{\"@id\":\"https:\/\/lindy.com\/de\/ise-2022-extending\/#breadcrumb\"},\"inLanguage\":\"de-DE\",\"potentialAction\":[{\"@type\":\"ReadAction\",\"target\":[\"https:\/\/lindy.com\/de\/ise-2022-extending\/\"]}]},{\"@type\":\"ImageObject\",\"inLanguage\":\"de-DE\",\"@id\":\"https:\/\/lindy.com\/de\/ise-2022-extending\/#primaryimage\",\"url\":\"https:\/\/lindy.com\/de\/wp-content\/uploads\/sites\/3\/2022\/05\/Extending_FW.jpg\",\"contentUrl\":\"https:\/\/lindy.com\/de\/wp-content\/uploads\/sites\/3\/2022\/05\/Extending_FW.jpg\",\"width\":1920,\"height\":1080},{\"@type\":\"BreadcrumbList\",\"@id\":\"https:\/\/lindy.com\/de\/ise-2022-extending\/#breadcrumb\",\"itemListElement\":[{\"@type\":\"ListItem\",\"position\":1,\"name\":\"Home\",\"item\":\"https:\/\/lindy.com\/de\/\"},{\"@type\":\"ListItem\",\"position\":2,\"name\":\"ISE 2022 Extending\"}]},{\"@type\":\"WebSite\",\"@id\":\"https:\/\/lindy.com\/de\/#website\",\"url\":\"https:\/\/lindy.com\/de\/\",\"name\":\"Lindy - German\",\"description\":\"Connection Perfection\",\"potentialAction\":[{\"@type\":\"SearchAction\",\"target\":{\"@type\":\"EntryPoint\",\"urlTemplate\":\"https:\/\/lindy.com\/de\/?s={search_term_string}\"},\"query-input\":{\"@type\":\"PropertyValueSpecification\",\"valueRequired\":true,\"valueName\":\"search_term_string\"}}],\"inLanguage\":\"de-DE\"}]}<\/script>\n<!-- \/ Yoast SEO plugin. -->","yoast_head_json":{"title":"ISE 2022 Extending - Lindy - German","robots":{"index":"index","follow":"follow","max-snippet":"max-snippet:-1","max-image-preview":"max-image-preview:large","max-video-preview":"max-video-preview:-1"},"canonical":"https:\/\/lindy.com\/de\/ise-2022-extending\/","og_locale":"de_DE","og_type":"article","og_title":"ISE 2022 Extending - Lindy - German","og_url":"https:\/\/lindy.com\/de\/ise-2022-extending\/","og_site_name":"Lindy - German","article_modified_time":"2022-05-03T13:12:43+00:00","og_image":[{"url":"https:\/\/lindy.com\/de\/wp-content\/uploads\/sites\/3\/2022\/05\/Extending_FW.jpg","type":"","width":"","height":""}],"twitter_card":"summary_large_image","twitter_misc":{"Gesch\u00e4tzte Lesezeit":"4 Minuten"},"schema":{"@context":"https:\/\/schema.org","@graph":[{"@type":"WebPage","@id":"https:\/\/lindy.com\/de\/ise-2022-extending\/","url":"https:\/\/lindy.com\/de\/ise-2022-extending\/","name":"ISE 2022 Extending - Lindy - German","isPartOf":{"@id":"https:\/\/lindy.com\/de\/#website"},"primaryImageOfPage":{"@id":"https:\/\/lindy.com\/de\/ise-2022-extending\/#primaryimage"},"image":{"@id":"https:\/\/lindy.com\/de\/ise-2022-extending\/#primaryimage"},"thumbnailUrl":"https:\/\/lindy.com\/de\/wp-content\/uploads\/sites\/3\/2022\/05\/Extending_FW.jpg","datePublished":"2021-12-13T11:04:52+00:00","dateModified":"2022-05-03T13:12:43+00:00","breadcrumb":{"@id":"https:\/\/lindy.com\/de\/ise-2022-extending\/#breadcrumb"},"inLanguage":"de-DE","potentialAction":[{"@type":"ReadAction","target":["https:\/\/lindy.com\/de\/ise-2022-extending\/"]}]},{"@type":"ImageObject","inLanguage":"de-DE","@id":"https:\/\/lindy.com\/de\/ise-2022-extending\/#primaryimage","url":"https:\/\/lindy.com\/de\/wp-content\/uploads\/sites\/3\/2022\/05\/Extending_FW.jpg","contentUrl":"https:\/\/lindy.com\/de\/wp-content\/uploads\/sites\/3\/2022\/05\/Extending_FW.jpg","width":1920,"height":1080},{"@type":"BreadcrumbList","@id":"https:\/\/lindy.com\/de\/ise-2022-extending\/#breadcrumb","itemListElement":[{"@type":"ListItem","position":1,"name":"Home","item":"https:\/\/lindy.com\/de\/"},{"@type":"ListItem","position":2,"name":"ISE 2022 Extending"}]},{"@type":"WebSite","@id":"https:\/\/lindy.com\/de\/#website","url":"https:\/\/lindy.com\/de\/","name":"Lindy - German","description":"Connection Perfection","potentialAction":[{"@type":"SearchAction","target":{"@type":"EntryPoint","urlTemplate":"https:\/\/lindy.com\/de\/?s={search_term_string}"},"query-input":{"@type":"PropertyValueSpecification","valueRequired":true,"valueName":"search_term_string"}}],"inLanguage":"de-DE"}]}},"_links":{"self":[{"href":"https:\/\/lindy.com\/de\/wp-json\/wp\/v2\/pages\/2308","targetHints":{"allow":["GET"]}}],"collection":[{"href":"https:\/\/lindy.com\/de\/wp-json\/wp\/v2\/pages"}],"about":[{"href":"https:\/\/lindy.com\/de\/wp-json\/wp\/v2\/types\/page"}],"author":[{"embeddable":true,"href":"https:\/\/lindy.com\/de\/wp-json\/wp\/v2\/users\/22"}],"replies":[{"embeddable":true,"href":"https:\/\/lindy.com\/de\/wp-json\/wp\/v2\/comments?post=2308"}],"version-history":[{"count":0,"href":"https:\/\/lindy.com\/de\/wp-json\/wp\/v2\/pages\/2308\/revisions"}],"wp:attachment":[{"href":"https:\/\/lindy.com\/de\/wp-json\/wp\/v2\/media?parent=2308"}],"curies":[{"name":"wp","href":"https:\/\/api.w.org\/{rel}","templated":true}]}}