{"id":2532,"date":"2022-04-20T14:13:23","date_gmt":"2022-04-20T14:13:23","guid":{"rendered":"https:\/\/lindy.com\/de\/?page_id=2532"},"modified":"2022-04-22T11:03:33","modified_gmt":"2022-04-22T11:03:33","slug":"gewinnspiel","status":"publish","type":"page","link":"https:\/\/lindy.com\/de\/gewinnspiel\/","title":{"rendered":"Teilnahme-bedingungen mit Datenschutz-hinweisen"},"content":{"rendered":"\n<p>Zum 90-j\u00e4hrigen Jubil\u00e4um veranstaltet die LINDY-Elektronik GmbH, Markircher Str. 20-24, 68229 Mannheim (Lindy), ein Gewinnspiel auf Facebook und Instagram.<\/p>\n\n\n\n<p>Das Gewinnspiel wird in keiner Weise von Facebook oder Instagram gesponsert, unterst\u00fctzt oder organisiert. Ansprechpartner und Verantwortlicher ist allein Lindy.<\/p>\n\n\n\n<p>T<strong>eilnahmebedingungen<\/strong><\/p>\n\n\n\n<p>Teilnahmeberechtigt sind alle Personen \u00fcber 18 Jahre mit Wohnsitz in Deutschland. Um teilzunehmen ist es erforderlich in den Social-Media-Kan\u00e4len bei Facebook oder Instagram von Lindy den zum Gewinnspiel ver\u00f6ffentlichten Beitrag zu liken und Lindy Instagram \/ Facebook Account zu folgen. Eine Teilnahme in beiden Kan\u00e4len erh\u00f6ht die Gewinnchancen nicht. Pro Person ist nur eine Teilnahme m\u00f6glich. Mitarbeiter und deren Angeh\u00f6rige sind von der Teilnahme ausgeschlossen. Mit der Teilnahme werden die Teilnahme- und Datenschutzbedingungen zum Gewinnspiel akzeptiert.<\/p>\n\n\n\n<p>Das Gewinnspiel startet am 21.04.2022 und endet am 20.05.2022. Unter allen Teilnehmern werden 5 Lindy-Kopfh\u00f6rer-Sets (bestehend aus einem kabelloser LH700XW Kopfh\u00f6rer mit Active Noice Cancelling &amp; den kabelosen In-Ear LE400W Kopfh\u00f6rern) verlost. Die Gewinner werden am 23.05.2022\/ 1 Tag nach Ende des Gewinnspiels durch Zufall ermittelt. Die Gewinner werden \u00fcber Ihren Account benachrichtigt und erhalten den Gewinn, nach Mittteilung der Anschrift, kostenlos zugesandt. Sollte sich der Gewinner nicht innerhalb von 14 Tagen mit den erforderlichen Daten melden, verf\u00e4llt der Gewinnanspruch. In diesem Fall behalten wir es uns vor einen Ersatzgewinner zu bestimmen. Der Gewinn ist nicht \u00fcbertragbar. Eine Gewinnauszahlung in Form von Bargeld oder Alternativen ist nicht m\u00f6glich.<\/p>\n\n\n\n<p>Sollten im Rahmen des Gewinnspiels von einem Teilnehmer rechtswidrige, beleidigende Beitr\u00e4ge oder falsche Tatsachenbehauptungen gepostet werden, schie\u00dft Lindy seine Verantwortung f\u00fcr solche Beitr\u00e4ge aus. Lindy beh\u00e4lt sich in solchen F\u00e4llen vor den Teilnehmer vom Gewinnspiel auszuschlie\u00dfen. Ein Ausschluss von der Teilnahme am Gewinnspiel erfolgt auch im Fall eines Missbrauchs durch sonstige Regelverst\u00f6\u00dfe, z.B. durch Manipulation oder den Einsatz von Klick-Generatoren.<\/p>\n\n\n\n<p>Sollte es durch Umst\u00e4nde, die Lindy nicht zu vertreten hat, zu einer St\u00f6rung kommen (z.B. durch eine Sperre von Facebook oder Instagram, oder durch ein missbr\u00e4uchliches Verhalten durch Teilnehmer) behalten wir uns vor das Gewinnspiel entsprechend abzu\u00e4ndern oder die Teilnahmebedingungen anzupassen.<\/p>\n\n\n\n<p><strong>Datenschutzhinweis<\/strong><\/p>\n\n\n\n<p>Verantwortlicher f\u00fcr die Datenverarbeitung ist Rahmen es Gewinnspiels ist die LINDY-Elektronik GmbH, Markircher Str. 20-24, 68229 Mannheim, <a href=\"mailto:info@lindy.de\">info@lindy.de<\/a>. Unsere Datenschutzbeauftragte erreichen Sie unter <a href=\"mailto:dsb@lindy.de\">dsb@lindy.de<\/a><\/p>\n\n\n\n<p>Im Rahmen des Gewinnspiels erheben und verarbeiten wir folgende personenbezogene Daten: Ihren Accountnamen, sowie im Falle eines Gewinns Ihre Anschrift, die wir erst im Fall eines Gewinns ben\u00f6tigen, um Ihnen diesen zusenden zu k\u00f6nnen. Ihre personenbezogenen Daten werden ausschlie\u00dflich zur Benachrichtigung und \u00dcbermittlung des Gewinns verarbeitet. Rechtsgrundlage f\u00fcr die Verarbeitung ist Art. 6 Abs. 1 lit. b DSGVO (Durchf\u00fchrung vorvertraglicher Ma\u00dfnahmen bzw. Erf\u00fcllung eines Vertrags).<\/p>\n\n\n\n<p>Sind die Daten im Rahmen des Gewinnspiel nicht mehr erforderlich, werden diese gel\u00f6scht, es sei denn, deren \u2013 befristete \u2013 Weiterverarbeitung ist erforderlich zur Erf\u00fcllung handels- und steuerrechtlicher Aufbewahrungspflichten, die sich aus diversen gesetzlichen Pflichten ergeben k\u00f6nnen. Die dort vorgegebenen Fristen zur Aufbewahrung bzw. Dokumentation betragen in der Regel zwei bis zehn Jahre.<\/p>\n\n\n\n<p>Als Betroffener haben Sie das Recht auf Auskunft, Berichtigung, L\u00f6schung, Einschr\u00e4nkung der Verarbeitung, Widerspruch sowie auf Daten\u00fcbertragbarkeit. Ferner haben Sie ein Beschwerderecht bei der zust\u00e4ndigen <a href=\"https:\/\/www.bfdi.bund.de\/DE\/Infothek\/Anschriften_Links\/anschriften_links-node.html.\">Aufsichtsbeh\u00f6rde<\/a>.<\/p>\n","protected":false},"excerpt":{"rendered":"<p>Zum 90-j\u00e4hrigen Jubil\u00e4um veranstaltet die LINDY-Elektronik GmbH, Markircher Str. 20-24, 68229 Mannheim (Lindy), ein Gewinnspiel auf Facebook und Instagram. Das Gewinnspiel wird in keiner Weise von Facebook oder Instagram gesponsert, unterst\u00fctzt oder organisiert. Ansprechpartner und Verantwortlicher ist allein Lindy. Teilnahmebedingungen Teilnahmeberechtigt sind alle Personen \u00fcber 18 Jahre mit Wohnsitz in Deutschland. Um teilzunehmen ist es [&hellip;]<\/p>\n","protected":false},"author":22,"featured_media":0,"parent":0,"menu_order":0,"comment_status":"closed","ping_status":"closed","template":"","meta":{"_acf_changed":false,"footnotes":""},"class_list":["post-2532","page","type-page","status-publish","hentry"],"acf":[],"yoast_head":"<!-- This site is optimized with the Yoast SEO plugin v26.6 - https:\/\/yoast.com\/wordpress\/plugins\/seo\/ -->\n<title>Teilnahme-bedingungen mit Datenschutz-hinweisen - Lindy - German<\/title>\n<meta name=\"robots\" content=\"index, follow, max-snippet:-1, max-image-preview:large, max-video-preview:-1\" \/>\n<link rel=\"canonical\" href=\"https:\/\/lindy.com\/de\/gewinnspiel\/\" \/>\n<meta property=\"og:locale\" content=\"de_DE\" \/>\n<meta property=\"og:type\" content=\"article\" \/>\n<meta property=\"og:title\" content=\"Teilnahme-bedingungen mit Datenschutz-hinweisen - Lindy - German\" \/>\n<meta property=\"og:description\" content=\"Zum 90-j\u00e4hrigen Jubil\u00e4um veranstaltet die LINDY-Elektronik GmbH, Markircher Str. 20-24, 68229 Mannheim (Lindy), ein Gewinnspiel auf Facebook und Instagram. Das Gewinnspiel wird in keiner Weise von Facebook oder Instagram gesponsert, unterst\u00fctzt oder organisiert. Ansprechpartner und Verantwortlicher ist allein Lindy. Teilnahmebedingungen Teilnahmeberechtigt sind alle Personen \u00fcber 18 Jahre mit Wohnsitz in Deutschland. Um teilzunehmen ist es [&hellip;]\" \/>\n<meta property=\"og:url\" content=\"https:\/\/lindy.com\/de\/gewinnspiel\/\" \/>\n<meta property=\"og:site_name\" content=\"Lindy - German\" \/>\n<meta property=\"article:modified_time\" content=\"2022-04-22T11:03:33+00:00\" \/>\n<meta name=\"twitter:card\" content=\"summary_large_image\" \/>\n<meta name=\"twitter:label1\" content=\"Gesch\u00e4tzte Lesezeit\" \/>\n\t<meta name=\"twitter:data1\" content=\"3 Minuten\" \/>\n<script type=\"application\/ld+json\" class=\"yoast-schema-graph\">{\"@context\":\"https:\/\/schema.org\",\"@graph\":[{\"@type\":\"WebPage\",\"@id\":\"https:\/\/lindy.com\/de\/gewinnspiel\/\",\"url\":\"https:\/\/lindy.com\/de\/gewinnspiel\/\",\"name\":\"Teilnahme-bedingungen mit Datenschutz-hinweisen - Lindy - German\",\"isPartOf\":{\"@id\":\"https:\/\/lindy.com\/de\/#website\"},\"datePublished\":\"2022-04-20T14:13:23+00:00\",\"dateModified\":\"2022-04-22T11:03:33+00:00\",\"breadcrumb\":{\"@id\":\"https:\/\/lindy.com\/de\/gewinnspiel\/#breadcrumb\"},\"inLanguage\":\"de-DE\",\"potentialAction\":[{\"@type\":\"ReadAction\",\"target\":[\"https:\/\/lindy.com\/de\/gewinnspiel\/\"]}]},{\"@type\":\"BreadcrumbList\",\"@id\":\"https:\/\/lindy.com\/de\/gewinnspiel\/#breadcrumb\",\"itemListElement\":[{\"@type\":\"ListItem\",\"position\":1,\"name\":\"Home\",\"item\":\"https:\/\/lindy.com\/de\/\"},{\"@type\":\"ListItem\",\"position\":2,\"name\":\"Teilnahme-bedingungen mit Datenschutz-hinweisen\"}]},{\"@type\":\"WebSite\",\"@id\":\"https:\/\/lindy.com\/de\/#website\",\"url\":\"https:\/\/lindy.com\/de\/\",\"name\":\"Lindy - German\",\"description\":\"Connection Perfection\",\"potentialAction\":[{\"@type\":\"SearchAction\",\"target\":{\"@type\":\"EntryPoint\",\"urlTemplate\":\"https:\/\/lindy.com\/de\/?s={search_term_string}\"},\"query-input\":{\"@type\":\"PropertyValueSpecification\",\"valueRequired\":true,\"valueName\":\"search_term_string\"}}],\"inLanguage\":\"de-DE\"}]}<\/script>\n<!-- \/ Yoast SEO plugin. -->","yoast_head_json":{"title":"Teilnahme-bedingungen mit Datenschutz-hinweisen - Lindy - German","robots":{"index":"index","follow":"follow","max-snippet":"max-snippet:-1","max-image-preview":"max-image-preview:large","max-video-preview":"max-video-preview:-1"},"canonical":"https:\/\/lindy.com\/de\/gewinnspiel\/","og_locale":"de_DE","og_type":"article","og_title":"Teilnahme-bedingungen mit Datenschutz-hinweisen - Lindy - German","og_description":"Zum 90-j\u00e4hrigen Jubil\u00e4um veranstaltet die LINDY-Elektronik GmbH, Markircher Str. 20-24, 68229 Mannheim (Lindy), ein Gewinnspiel auf Facebook und Instagram. Das Gewinnspiel wird in keiner Weise von Facebook oder Instagram gesponsert, unterst\u00fctzt oder organisiert. Ansprechpartner und Verantwortlicher ist allein Lindy. Teilnahmebedingungen Teilnahmeberechtigt sind alle Personen \u00fcber 18 Jahre mit Wohnsitz in Deutschland. Um teilzunehmen ist es [&hellip;]","og_url":"https:\/\/lindy.com\/de\/gewinnspiel\/","og_site_name":"Lindy - German","article_modified_time":"2022-04-22T11:03:33+00:00","twitter_card":"summary_large_image","twitter_misc":{"Gesch\u00e4tzte Lesezeit":"3 Minuten"},"schema":{"@context":"https:\/\/schema.org","@graph":[{"@type":"WebPage","@id":"https:\/\/lindy.com\/de\/gewinnspiel\/","url":"https:\/\/lindy.com\/de\/gewinnspiel\/","name":"Teilnahme-bedingungen mit Datenschutz-hinweisen - Lindy - German","isPartOf":{"@id":"https:\/\/lindy.com\/de\/#website"},"datePublished":"2022-04-20T14:13:23+00:00","dateModified":"2022-04-22T11:03:33+00:00","breadcrumb":{"@id":"https:\/\/lindy.com\/de\/gewinnspiel\/#breadcrumb"},"inLanguage":"de-DE","potentialAction":[{"@type":"ReadAction","target":["https:\/\/lindy.com\/de\/gewinnspiel\/"]}]},{"@type":"BreadcrumbList","@id":"https:\/\/lindy.com\/de\/gewinnspiel\/#breadcrumb","itemListElement":[{"@type":"ListItem","position":1,"name":"Home","item":"https:\/\/lindy.com\/de\/"},{"@type":"ListItem","position":2,"name":"Teilnahme-bedingungen mit Datenschutz-hinweisen"}]},{"@type":"WebSite","@id":"https:\/\/lindy.com\/de\/#website","url":"https:\/\/lindy.com\/de\/","name":"Lindy - German","description":"Connection Perfection","potentialAction":[{"@type":"SearchAction","target":{"@type":"EntryPoint","urlTemplate":"https:\/\/lindy.com\/de\/?s={search_term_string}"},"query-input":{"@type":"PropertyValueSpecification","valueRequired":true,"valueName":"search_term_string"}}],"inLanguage":"de-DE"}]}},"_links":{"self":[{"href":"https:\/\/lindy.com\/de\/wp-json\/wp\/v2\/pages\/2532","targetHints":{"allow":["GET"]}}],"collection":[{"href":"https:\/\/lindy.com\/de\/wp-json\/wp\/v2\/pages"}],"about":[{"href":"https:\/\/lindy.com\/de\/wp-json\/wp\/v2\/types\/page"}],"author":[{"embeddable":true,"href":"https:\/\/lindy.com\/de\/wp-json\/wp\/v2\/users\/22"}],"replies":[{"embeddable":true,"href":"https:\/\/lindy.com\/de\/wp-json\/wp\/v2\/comments?post=2532"}],"version-history":[{"count":0,"href":"https:\/\/lindy.com\/de\/wp-json\/wp\/v2\/pages\/2532\/revisions"}],"wp:attachment":[{"href":"https:\/\/lindy.com\/de\/wp-json\/wp\/v2\/media?parent=2532"}],"curies":[{"name":"wp","href":"https:\/\/api.w.org\/{rel}","templated":true}]}}