{"id":2606,"date":"2022-05-03T07:59:48","date_gmt":"2022-05-03T07:59:48","guid":{"rendered":"https:\/\/lindy.com\/de\/?page_id=2606"},"modified":"2022-05-03T13:14:09","modified_gmt":"2022-05-03T13:14:09","slug":"ise-2022-connecting","status":"publish","type":"page","link":"https:\/\/lindy.com\/de\/ise-2022-connecting\/","title":{"rendered":"ISE 2022 Connecting"},"content":{"rendered":"\n<section class=\"wp-block-lindy-full-width-image section section--full-width-image full-width-image theme--dark align--left font--size-medium\" style=\"background-image:url(https:\/\/lindy.com\/de\/wp-content\/uploads\/sites\/3\/2022\/05\/Connecting_FW.jpg)\"><img decoding=\"async\" class=\"full-width-image__image\" src=\"https:\/\/lindy.com\/de\/wp-content\/uploads\/sites\/3\/2022\/05\/Connecting_FW.jpg\"\/><div class=\"contained\"><div class=\"full-width-image__content\"><\/div><\/div><\/section>\n\n\n\n<section class=\"wp-block-lindy-image-text-module section section--full-width-image full-width-image--with-text theme--dark section--animation-none align--left  font--size-medium width--half\" style=\"background-image:url(https:\/\/lindy.com\/en\/wp-content\/uploads\/sites\/2\/2022\/02\/36951_HW.jpg)\"><img decoding=\"async\" class=\"full-width-image__image\" src=\"https:\/\/lindy.com\/en\/wp-content\/uploads\/sites\/2\/2022\/02\/36951_HW.jpg\"\/><div class=\"contained\"><div class=\"full-width-image__content\"><\/div><\/div><\/section>\n\n\n\n<section class=\"wp-block-lindy-image-text-module section section--full-width-image full-width-image--with-text theme--dark section--animation-none align--left  font--size-medium width--half\" style=\"background-image:url()\"><img decoding=\"async\" class=\"full-width-image__image\" src=\"\"\/><div class=\"contained\"><div class=\"full-width-image__content\"><h2 class=\"section__heading\"><span>Ultra High Speed HDMI Kabel, Anthra Line,<br\/>0,5 &#8211; 3m<\/span><\/h2><h2 class=\"section__subheading section__subheading__title\">36951-4<br\/><br\/><\/h2><p class=\"section__paragraph\">\u2022 Professionelles Ultra High Speed HDMI Kabel, geeignet f\u00fcr HDMI 2.1, zur Verwendung in leistungsstarken AV- und IT-Installationen<br\/>\u2022 Unterst\u00fctzt Aufl\u00f6sungen bis 10240&#215;4320 4:2:0 12bit<br\/>\u2022 Robustes PVC-Geh\u00e4use, 24K vergoldete Steckerh\u00fclsen und Kontakte, dreifach geschirmtes Kabel, korrosionsbest\u00e4ndige verzinnte Kupferleiter, 30AWG<br\/><br\/><a href=\"https:\/\/lindy.com\/de\/wp-content\/uploads\/sites\/3\/2022\/05\/36951-4_TDS_DE.pdf\" target=\"_blank\" rel=\"noreferrer noopener\">Download Technical Data Sheet<\/a><\/p><a href=\"https:\/\/www.lindy.de\/0-5m-Ultra-High-Speed-HDMI-Kabel-Anthra-Line.htm?websale8=ld0101.ld011101&amp;pi=36951&amp;ci=80\" class=\"button button--white-transparent\" target=\"_self\" rel=\"noopener noreferrer\">Zum Produkt<\/a><\/div><\/div><\/section>\n\n\n\n<section class=\"wp-block-lindy-image-text-module section section--full-width-image full-width-image--with-text theme--light section--animation-none align--left  font--size-medium width--half\" style=\"background-image:url()\"><img decoding=\"async\" class=\"full-width-image__image\" src=\"\"\/><div class=\"contained\"><div class=\"full-width-image__content\"><h2 class=\"section__heading\"><span>Ultra High Speed HDMI Kabel, Gold Line, 1-5M<\/span><\/h2><h2 class=\"section__subheading section__subheading__title\">37601-4<br\/><br\/><\/h2><p class=\"section__paragraph\">\u2022 Hochperformantes, zertifiziertes Ultra High Speed HDMI 2.1 Kabel f\u00fcr anspruchsvolle Umgebungen und missionskritische Systeme<br\/>\u2022 Unterst\u00fctzt Aufl\u00f6sungen bis 10240&#215;4320 4:2:0 12Bit<br\/>\u2022 Mit 24K vergoldetes Vollmetallgeh\u00e4use, mit 24K vergoldete Stecker und Kontakte<br\/><br\/><br\/><a href=\"https:\/\/lindy.com\/de\/wp-content\/uploads\/sites\/3\/2022\/05\/37601-4_TDS_DE.pdf\" target=\"_blank\" rel=\"noreferrer noopener\">Download Technical Data Sheet<\/a><\/p><a href=\"https:\/\/www.lindy.de\/1m-Ultra-High-Speed-HDMI-Kabel-Gold-Line.htm?websale8=ld0101.ld011101&amp;pi=37601&amp;ci=80\" class=\"button button--dark\" target=\"_self\" rel=\"noopener noreferrer\">zum Produkt<\/a><\/div><\/div><\/section>\n\n\n\n<section class=\"wp-block-lindy-image-text-module section section--full-width-image full-width-image--with-text theme--light section--animation-none align--left  font--size-medium width--half\" style=\"background-image:url(https:\/\/lindy.com\/en\/wp-content\/uploads\/sites\/2\/2022\/02\/37601_HW.jpg)\"><img decoding=\"async\" class=\"full-width-image__image\" src=\"https:\/\/lindy.com\/en\/wp-content\/uploads\/sites\/2\/2022\/02\/37601_HW.jpg\"\/><div class=\"contained\"><div class=\"full-width-image__content\"><\/div><\/div><\/section>\n","protected":false},"excerpt":{"rendered":"","protected":false},"author":20,"featured_media":0,"parent":0,"menu_order":0,"comment_status":"closed","ping_status":"closed","template":"page-templates\/template-landing.php","meta":{"_acf_changed":false,"footnotes":""},"class_list":["post-2606","page","type-page","status-publish","hentry"],"acf":[],"yoast_head":"<!-- This site is optimized with the Yoast SEO plugin v26.6 - https:\/\/yoast.com\/wordpress\/plugins\/seo\/ -->\n<title>ISE 2022 Connecting - Lindy - German<\/title>\n<meta name=\"robots\" content=\"index, follow, max-snippet:-1, max-image-preview:large, max-video-preview:-1\" \/>\n<link rel=\"canonical\" href=\"https:\/\/lindy.com\/de\/ise-2022-connecting\/\" \/>\n<meta property=\"og:locale\" content=\"de_DE\" \/>\n<meta property=\"og:type\" content=\"article\" \/>\n<meta property=\"og:title\" content=\"ISE 2022 Connecting - Lindy - German\" \/>\n<meta property=\"og:url\" content=\"https:\/\/lindy.com\/de\/ise-2022-connecting\/\" \/>\n<meta property=\"og:site_name\" content=\"Lindy - German\" \/>\n<meta property=\"article:modified_time\" content=\"2022-05-03T13:14:09+00:00\" \/>\n<meta property=\"og:image\" content=\"https:\/\/lindy.com\/de\/wp-content\/uploads\/sites\/3\/2022\/05\/Connecting_FW.jpg\" \/>\n<meta name=\"twitter:card\" content=\"summary_large_image\" \/>\n<meta name=\"twitter:label1\" content=\"Gesch\u00e4tzte Lesezeit\" \/>\n\t<meta name=\"twitter:data1\" content=\"2 Minuten\" \/>\n<script type=\"application\/ld+json\" class=\"yoast-schema-graph\">{\"@context\":\"https:\/\/schema.org\",\"@graph\":[{\"@type\":\"WebPage\",\"@id\":\"https:\/\/lindy.com\/de\/ise-2022-connecting\/\",\"url\":\"https:\/\/lindy.com\/de\/ise-2022-connecting\/\",\"name\":\"ISE 2022 Connecting - Lindy - German\",\"isPartOf\":{\"@id\":\"https:\/\/lindy.com\/de\/#website\"},\"primaryImageOfPage\":{\"@id\":\"https:\/\/lindy.com\/de\/ise-2022-connecting\/#primaryimage\"},\"image\":{\"@id\":\"https:\/\/lindy.com\/de\/ise-2022-connecting\/#primaryimage\"},\"thumbnailUrl\":\"https:\/\/lindy.com\/de\/wp-content\/uploads\/sites\/3\/2022\/05\/Connecting_FW.jpg\",\"datePublished\":\"2022-05-03T07:59:48+00:00\",\"dateModified\":\"2022-05-03T13:14:09+00:00\",\"breadcrumb\":{\"@id\":\"https:\/\/lindy.com\/de\/ise-2022-connecting\/#breadcrumb\"},\"inLanguage\":\"de-DE\",\"potentialAction\":[{\"@type\":\"ReadAction\",\"target\":[\"https:\/\/lindy.com\/de\/ise-2022-connecting\/\"]}]},{\"@type\":\"ImageObject\",\"inLanguage\":\"de-DE\",\"@id\":\"https:\/\/lindy.com\/de\/ise-2022-connecting\/#primaryimage\",\"url\":\"https:\/\/lindy.com\/de\/wp-content\/uploads\/sites\/3\/2022\/05\/Connecting_FW.jpg\",\"contentUrl\":\"https:\/\/lindy.com\/de\/wp-content\/uploads\/sites\/3\/2022\/05\/Connecting_FW.jpg\",\"width\":1920,\"height\":1080},{\"@type\":\"BreadcrumbList\",\"@id\":\"https:\/\/lindy.com\/de\/ise-2022-connecting\/#breadcrumb\",\"itemListElement\":[{\"@type\":\"ListItem\",\"position\":1,\"name\":\"Home\",\"item\":\"https:\/\/lindy.com\/de\/\"},{\"@type\":\"ListItem\",\"position\":2,\"name\":\"ISE 2022 Connecting\"}]},{\"@type\":\"WebSite\",\"@id\":\"https:\/\/lindy.com\/de\/#website\",\"url\":\"https:\/\/lindy.com\/de\/\",\"name\":\"Lindy - German\",\"description\":\"Connection Perfection\",\"potentialAction\":[{\"@type\":\"SearchAction\",\"target\":{\"@type\":\"EntryPoint\",\"urlTemplate\":\"https:\/\/lindy.com\/de\/?s={search_term_string}\"},\"query-input\":{\"@type\":\"PropertyValueSpecification\",\"valueRequired\":true,\"valueName\":\"search_term_string\"}}],\"inLanguage\":\"de-DE\"}]}<\/script>\n<!-- \/ Yoast SEO plugin. -->","yoast_head_json":{"title":"ISE 2022 Connecting - Lindy - German","robots":{"index":"index","follow":"follow","max-snippet":"max-snippet:-1","max-image-preview":"max-image-preview:large","max-video-preview":"max-video-preview:-1"},"canonical":"https:\/\/lindy.com\/de\/ise-2022-connecting\/","og_locale":"de_DE","og_type":"article","og_title":"ISE 2022 Connecting - Lindy - German","og_url":"https:\/\/lindy.com\/de\/ise-2022-connecting\/","og_site_name":"Lindy - German","article_modified_time":"2022-05-03T13:14:09+00:00","og_image":[{"url":"https:\/\/lindy.com\/de\/wp-content\/uploads\/sites\/3\/2022\/05\/Connecting_FW.jpg","type":"","width":"","height":""}],"twitter_card":"summary_large_image","twitter_misc":{"Gesch\u00e4tzte Lesezeit":"2 Minuten"},"schema":{"@context":"https:\/\/schema.org","@graph":[{"@type":"WebPage","@id":"https:\/\/lindy.com\/de\/ise-2022-connecting\/","url":"https:\/\/lindy.com\/de\/ise-2022-connecting\/","name":"ISE 2022 Connecting - Lindy - German","isPartOf":{"@id":"https:\/\/lindy.com\/de\/#website"},"primaryImageOfPage":{"@id":"https:\/\/lindy.com\/de\/ise-2022-connecting\/#primaryimage"},"image":{"@id":"https:\/\/lindy.com\/de\/ise-2022-connecting\/#primaryimage"},"thumbnailUrl":"https:\/\/lindy.com\/de\/wp-content\/uploads\/sites\/3\/2022\/05\/Connecting_FW.jpg","datePublished":"2022-05-03T07:59:48+00:00","dateModified":"2022-05-03T13:14:09+00:00","breadcrumb":{"@id":"https:\/\/lindy.com\/de\/ise-2022-connecting\/#breadcrumb"},"inLanguage":"de-DE","potentialAction":[{"@type":"ReadAction","target":["https:\/\/lindy.com\/de\/ise-2022-connecting\/"]}]},{"@type":"ImageObject","inLanguage":"de-DE","@id":"https:\/\/lindy.com\/de\/ise-2022-connecting\/#primaryimage","url":"https:\/\/lindy.com\/de\/wp-content\/uploads\/sites\/3\/2022\/05\/Connecting_FW.jpg","contentUrl":"https:\/\/lindy.com\/de\/wp-content\/uploads\/sites\/3\/2022\/05\/Connecting_FW.jpg","width":1920,"height":1080},{"@type":"BreadcrumbList","@id":"https:\/\/lindy.com\/de\/ise-2022-connecting\/#breadcrumb","itemListElement":[{"@type":"ListItem","position":1,"name":"Home","item":"https:\/\/lindy.com\/de\/"},{"@type":"ListItem","position":2,"name":"ISE 2022 Connecting"}]},{"@type":"WebSite","@id":"https:\/\/lindy.com\/de\/#website","url":"https:\/\/lindy.com\/de\/","name":"Lindy - German","description":"Connection Perfection","potentialAction":[{"@type":"SearchAction","target":{"@type":"EntryPoint","urlTemplate":"https:\/\/lindy.com\/de\/?s={search_term_string}"},"query-input":{"@type":"PropertyValueSpecification","valueRequired":true,"valueName":"search_term_string"}}],"inLanguage":"de-DE"}]}},"_links":{"self":[{"href":"https:\/\/lindy.com\/de\/wp-json\/wp\/v2\/pages\/2606","targetHints":{"allow":["GET"]}}],"collection":[{"href":"https:\/\/lindy.com\/de\/wp-json\/wp\/v2\/pages"}],"about":[{"href":"https:\/\/lindy.com\/de\/wp-json\/wp\/v2\/types\/page"}],"author":[{"embeddable":true,"href":"https:\/\/lindy.com\/de\/wp-json\/wp\/v2\/users\/20"}],"replies":[{"embeddable":true,"href":"https:\/\/lindy.com\/de\/wp-json\/wp\/v2\/comments?post=2606"}],"version-history":[{"count":0,"href":"https:\/\/lindy.com\/de\/wp-json\/wp\/v2\/pages\/2606\/revisions"}],"wp:attachment":[{"href":"https:\/\/lindy.com\/de\/wp-json\/wp\/v2\/media?parent=2606"}],"curies":[{"name":"wp","href":"https:\/\/api.w.org\/{rel}","templated":true}]}}