{"id":2871,"date":"2022-12-09T14:36:35","date_gmt":"2022-12-09T14:36:35","guid":{"rendered":"https:\/\/lindy.com\/de\/?page_id=2871"},"modified":"2023-01-04T16:20:01","modified_gmt":"2023-01-04T16:20:01","slug":"lindy-ise-2023","status":"publish","type":"page","link":"https:\/\/lindy.com\/de\/lindy-ise-2023\/","title":{"rendered":"Lindy @ISE 2023"},"content":{"rendered":"\n<p><\/p>\n\n\n\n<section class=\"wp-block-lindy-image-text-module section section--full-width-image full-width-image--with-text theme--dark section--animation-none align--center  font--size-medium\" style=\"background-image:url(https:\/\/lindy.com\/de\/wp-content\/uploads\/sites\/3\/2022\/12\/Header_DE.jpg)\"><img decoding=\"async\" class=\"full-width-image__image\" src=\"https:\/\/lindy.com\/de\/wp-content\/uploads\/sites\/3\/2022\/12\/Header_DE.jpg\"\/><div class=\"contained\"><div class=\"full-width-image__content\"><\/div><\/div><\/section>\n\n\n\n<section class=\"wp-block-lindy-image-text-module section section--full-width-image full-width-image--with-text theme--light section--animation-none align--left  font--size-medium width--half\" style=\"background-image:url()\"><img decoding=\"async\" class=\"full-width-image__image\" src=\"\"\/><div class=\"contained\"><div class=\"full-width-image__content\"><h2 class=\"section__heading\"><span>Lindy @ISE2023<br\/><\/span><\/h2><h2 class=\"section__subheading section__subheading__title\"><br\/><\/h2><p class=\"section__paragraph\">Werfen Sie einen Blick\u00a0hinter die Kulissen einer Videowand\u00a0und entdecken Sie, wie dort die Lindy Pro AV-L\u00f6sungen\u00a0im Verbund f\u00fcr maximale\u00a0Performance sorgen. \u00a0<br\/>Erleben Sie die\u00a0Combined\u00a0Connectivity in Aktion mit unseren Konzepten zum Teilen, Erweitern, Verbinden und\u00a0Wandeln.<br\/><br\/>Zum Beispiel ein<strong>\u00a0<a href=\"https:\/\/www.lindy.de\/?websale8=ld0101.ld011101&amp;pi=38260\" target=\"_blank\" rel=\"noreferrer noopener\">8\u00d78 HDMI-Matrix-Switch\u00a0(No. 38260)<\/a><\/strong>, der eine 4K-Videowand ansteuert,\u00a0 ein\u00a0<strong><a href=\"https:\/\/www.lindy.de\/?websale8=ld0101.ld011101&amp;pi=38338\" target=\"_blank\" rel=\"noreferrer noopener\">5\u00d72\u00a0HDBaseT-Presentation-Switch\u00a0(No. 38338)<\/a><\/strong>\u00a0f\u00fcr das\u00a0nahtlose\u00a0Umschalten zwischen einer Vielzahl HD-Quellen. Ein\u00a0<strong><a href=\"https:\/\/www.lindy.de\/?websale8=ld0101.ld011101&amp;pi=38340\" target=\"_blank\" rel=\"noreferrer noopener\">HDBaseT-Extender\u00a0(No.38340)<\/a><\/strong> zum \u00dcbertragen von 4K-HDMI-, Audio- und Steuersignale auf Distanzen bis 100 m oder die neue<strong>\u00a0<a href=\"https:\/\/www.lindy.de\/?websale8=ld0101.ld011101&amp;pi=43360\" target=\"_blank\" rel=\"noreferrer noopener\">DST-Mx\u00a0Duo\u00a0Laptop Docking-station\u00a0(No.43360)<\/a><\/strong>, die Anschulss-m\u00f6glichkeiten f\u00fcr zwei HDMI-Displays mit 4K und eine Menge weiterer Ports f\u00fcr die neuesten Windows-Laptops und 1\/M2\u00a0Macbooks\u00a0bietet.\u00a0<br\/>\u00a0<br\/>Entrdecken Sie diese und sehr viel mehr Produkte \u2013 alle verbunden durch unsere hochleistungsf\u00e4higen und zuverl\u00e4ssigen Verbindungskabel \u2013 am Lindy-Stand, 3R900 auf der ISE 2023.  <strong>Connection Perfection!<\/strong><\/p><\/div><\/div><\/section>\n\n\n\n<section class=\"wp-block-lindy-image-text-module section section--full-width-image full-width-image--with-text theme--light section--animation-none align--center  font--size-large width--half\" style=\"background-image:url(https:\/\/lindy.com\/de\/wp-content\/uploads\/sites\/3\/2022\/12\/ISE-pic.jpg)\"><img decoding=\"async\" class=\"full-width-image__image\" src=\"https:\/\/lindy.com\/de\/wp-content\/uploads\/sites\/3\/2022\/12\/ISE-pic.jpg\"\/><div class=\"contained\"><div class=\"full-width-image__content\"><p class=\"section__paragraph\"><br\/><br\/><br\/><br\/><br\/><br\/><br\/><br\/><br\/><br\/><br\/><br\/><br\/><br\/><br\/><br\/><br\/><br\/><\/p><a href=\"https:\/\/registration.firabarcelona.com\/?cod_prom=DC5ZIOBY#\/en_GB\/E234023\/WEB\" class=\"button button--dark\" target=\"_blank\" rel=\"noopener noreferrer\">Jetzt kostenlos registrieren<\/a><\/div><\/div><\/section>\n","protected":false},"excerpt":{"rendered":"","protected":false},"author":22,"featured_media":0,"parent":0,"menu_order":0,"comment_status":"closed","ping_status":"closed","template":"page-templates\/template-landing.php","meta":{"_acf_changed":false,"footnotes":""},"class_list":["post-2871","page","type-page","status-publish","hentry"],"acf":[],"yoast_head":"<!-- This site is optimized with the Yoast SEO plugin v26.6 - https:\/\/yoast.com\/wordpress\/plugins\/seo\/ -->\n<title>Lindy @ISE 2023 - Lindy - German<\/title>\n<meta name=\"robots\" content=\"index, follow, max-snippet:-1, max-image-preview:large, max-video-preview:-1\" \/>\n<link rel=\"canonical\" href=\"https:\/\/lindy.com\/de\/lindy-ise-2023\/\" \/>\n<meta property=\"og:locale\" content=\"de_DE\" \/>\n<meta property=\"og:type\" content=\"article\" \/>\n<meta property=\"og:title\" content=\"Lindy @ISE 2023 - Lindy - German\" \/>\n<meta property=\"og:url\" content=\"https:\/\/lindy.com\/de\/lindy-ise-2023\/\" \/>\n<meta property=\"og:site_name\" content=\"Lindy - German\" \/>\n<meta property=\"article:modified_time\" content=\"2023-01-04T16:20:01+00:00\" \/>\n<meta property=\"og:image\" content=\"https:\/\/lindy.com\/de\/wp-content\/uploads\/sites\/3\/2022\/12\/Header_DE.jpg\" \/>\n<meta name=\"twitter:card\" content=\"summary_large_image\" \/>\n<meta name=\"twitter:label1\" content=\"Gesch\u00e4tzte Lesezeit\" \/>\n\t<meta name=\"twitter:data1\" content=\"2 Minuten\" \/>\n<script type=\"application\/ld+json\" class=\"yoast-schema-graph\">{\"@context\":\"https:\/\/schema.org\",\"@graph\":[{\"@type\":\"WebPage\",\"@id\":\"https:\/\/lindy.com\/de\/lindy-ise-2023\/\",\"url\":\"https:\/\/lindy.com\/de\/lindy-ise-2023\/\",\"name\":\"Lindy @ISE 2023 - Lindy - German\",\"isPartOf\":{\"@id\":\"https:\/\/lindy.com\/de\/#website\"},\"primaryImageOfPage\":{\"@id\":\"https:\/\/lindy.com\/de\/lindy-ise-2023\/#primaryimage\"},\"image\":{\"@id\":\"https:\/\/lindy.com\/de\/lindy-ise-2023\/#primaryimage\"},\"thumbnailUrl\":\"https:\/\/lindy.com\/de\/wp-content\/uploads\/sites\/3\/2022\/12\/Header_DE.jpg\",\"datePublished\":\"2022-12-09T14:36:35+00:00\",\"dateModified\":\"2023-01-04T16:20:01+00:00\",\"breadcrumb\":{\"@id\":\"https:\/\/lindy.com\/de\/lindy-ise-2023\/#breadcrumb\"},\"inLanguage\":\"de-DE\",\"potentialAction\":[{\"@type\":\"ReadAction\",\"target\":[\"https:\/\/lindy.com\/de\/lindy-ise-2023\/\"]}]},{\"@type\":\"ImageObject\",\"inLanguage\":\"de-DE\",\"@id\":\"https:\/\/lindy.com\/de\/lindy-ise-2023\/#primaryimage\",\"url\":\"https:\/\/lindy.com\/de\/wp-content\/uploads\/sites\/3\/2022\/12\/Header_DE.jpg\",\"contentUrl\":\"https:\/\/lindy.com\/de\/wp-content\/uploads\/sites\/3\/2022\/12\/Header_DE.jpg\",\"width\":1920,\"height\":1080},{\"@type\":\"BreadcrumbList\",\"@id\":\"https:\/\/lindy.com\/de\/lindy-ise-2023\/#breadcrumb\",\"itemListElement\":[{\"@type\":\"ListItem\",\"position\":1,\"name\":\"Home\",\"item\":\"https:\/\/lindy.com\/de\/\"},{\"@type\":\"ListItem\",\"position\":2,\"name\":\"Lindy @ISE 2023\"}]},{\"@type\":\"WebSite\",\"@id\":\"https:\/\/lindy.com\/de\/#website\",\"url\":\"https:\/\/lindy.com\/de\/\",\"name\":\"Lindy - German\",\"description\":\"Connection Perfection\",\"potentialAction\":[{\"@type\":\"SearchAction\",\"target\":{\"@type\":\"EntryPoint\",\"urlTemplate\":\"https:\/\/lindy.com\/de\/?s={search_term_string}\"},\"query-input\":{\"@type\":\"PropertyValueSpecification\",\"valueRequired\":true,\"valueName\":\"search_term_string\"}}],\"inLanguage\":\"de-DE\"}]}<\/script>\n<!-- \/ Yoast SEO plugin. -->","yoast_head_json":{"title":"Lindy @ISE 2023 - Lindy - German","robots":{"index":"index","follow":"follow","max-snippet":"max-snippet:-1","max-image-preview":"max-image-preview:large","max-video-preview":"max-video-preview:-1"},"canonical":"https:\/\/lindy.com\/de\/lindy-ise-2023\/","og_locale":"de_DE","og_type":"article","og_title":"Lindy @ISE 2023 - Lindy - German","og_url":"https:\/\/lindy.com\/de\/lindy-ise-2023\/","og_site_name":"Lindy - German","article_modified_time":"2023-01-04T16:20:01+00:00","og_image":[{"url":"https:\/\/lindy.com\/de\/wp-content\/uploads\/sites\/3\/2022\/12\/Header_DE.jpg","type":"","width":"","height":""}],"twitter_card":"summary_large_image","twitter_misc":{"Gesch\u00e4tzte Lesezeit":"2 Minuten"},"schema":{"@context":"https:\/\/schema.org","@graph":[{"@type":"WebPage","@id":"https:\/\/lindy.com\/de\/lindy-ise-2023\/","url":"https:\/\/lindy.com\/de\/lindy-ise-2023\/","name":"Lindy @ISE 2023 - Lindy - German","isPartOf":{"@id":"https:\/\/lindy.com\/de\/#website"},"primaryImageOfPage":{"@id":"https:\/\/lindy.com\/de\/lindy-ise-2023\/#primaryimage"},"image":{"@id":"https:\/\/lindy.com\/de\/lindy-ise-2023\/#primaryimage"},"thumbnailUrl":"https:\/\/lindy.com\/de\/wp-content\/uploads\/sites\/3\/2022\/12\/Header_DE.jpg","datePublished":"2022-12-09T14:36:35+00:00","dateModified":"2023-01-04T16:20:01+00:00","breadcrumb":{"@id":"https:\/\/lindy.com\/de\/lindy-ise-2023\/#breadcrumb"},"inLanguage":"de-DE","potentialAction":[{"@type":"ReadAction","target":["https:\/\/lindy.com\/de\/lindy-ise-2023\/"]}]},{"@type":"ImageObject","inLanguage":"de-DE","@id":"https:\/\/lindy.com\/de\/lindy-ise-2023\/#primaryimage","url":"https:\/\/lindy.com\/de\/wp-content\/uploads\/sites\/3\/2022\/12\/Header_DE.jpg","contentUrl":"https:\/\/lindy.com\/de\/wp-content\/uploads\/sites\/3\/2022\/12\/Header_DE.jpg","width":1920,"height":1080},{"@type":"BreadcrumbList","@id":"https:\/\/lindy.com\/de\/lindy-ise-2023\/#breadcrumb","itemListElement":[{"@type":"ListItem","position":1,"name":"Home","item":"https:\/\/lindy.com\/de\/"},{"@type":"ListItem","position":2,"name":"Lindy @ISE 2023"}]},{"@type":"WebSite","@id":"https:\/\/lindy.com\/de\/#website","url":"https:\/\/lindy.com\/de\/","name":"Lindy - German","description":"Connection Perfection","potentialAction":[{"@type":"SearchAction","target":{"@type":"EntryPoint","urlTemplate":"https:\/\/lindy.com\/de\/?s={search_term_string}"},"query-input":{"@type":"PropertyValueSpecification","valueRequired":true,"valueName":"search_term_string"}}],"inLanguage":"de-DE"}]}},"_links":{"self":[{"href":"https:\/\/lindy.com\/de\/wp-json\/wp\/v2\/pages\/2871","targetHints":{"allow":["GET"]}}],"collection":[{"href":"https:\/\/lindy.com\/de\/wp-json\/wp\/v2\/pages"}],"about":[{"href":"https:\/\/lindy.com\/de\/wp-json\/wp\/v2\/types\/page"}],"author":[{"embeddable":true,"href":"https:\/\/lindy.com\/de\/wp-json\/wp\/v2\/users\/22"}],"replies":[{"embeddable":true,"href":"https:\/\/lindy.com\/de\/wp-json\/wp\/v2\/comments?post=2871"}],"version-history":[{"count":0,"href":"https:\/\/lindy.com\/de\/wp-json\/wp\/v2\/pages\/2871\/revisions"}],"wp:attachment":[{"href":"https:\/\/lindy.com\/de\/wp-json\/wp\/v2\/media?parent=2871"}],"curies":[{"name":"wp","href":"https:\/\/api.w.org\/{rel}","templated":true}]}}