{"id":3016,"date":"2023-02-06T11:34:48","date_gmt":"2023-02-06T11:34:48","guid":{"rendered":"https:\/\/lindy.com\/de\/?page_id=3016"},"modified":"2023-02-09T11:35:41","modified_gmt":"2023-02-09T11:35:41","slug":"ise-2023","status":"publish","type":"page","link":"https:\/\/lindy.com\/de\/ise-2023\/","title":{"rendered":"ISE 2023"},"content":{"rendered":"\n<section class=\"wp-block-lindy-full-width-image section section--full-width-image full-width-image theme--light align--center font--size-medium\" style=\"background-image:url(https:\/\/lindy.com\/en\/wp-content\/uploads\/sites\/2\/2023\/01\/Header.jpg)\"><img decoding=\"async\" class=\"full-width-image__image\" src=\"https:\/\/lindy.com\/en\/wp-content\/uploads\/sites\/2\/2023\/01\/Header.jpg\"\/><div class=\"contained\"><div class=\"full-width-image__content\"><\/div><\/div><\/section>\n\n\n\n<section class=\"wp-block-lindy-image-text-module section section--full-width-image full-width-image--with-text theme--light section--animation-none align--left  font--size-medium width--half\" style=\"background-image:url(https:\/\/lindy.com\/de\/wp-content\/uploads\/sites\/3\/2022\/12\/ise-pic-FW.jpg)\"><img decoding=\"async\" class=\"full-width-image__image\" src=\"https:\/\/lindy.com\/de\/wp-content\/uploads\/sites\/3\/2022\/12\/ise-pic-FW.jpg\"\/><div class=\"contained\"><div class=\"full-width-image__content\"><\/div><\/div><\/section>\n\n\n\n<section class=\"wp-block-lindy-image-text-module section section--full-width-image full-width-image--with-text theme--dark section--animation-up align--center  font--size-medium width--half\" style=\"background-image:url()\"><img decoding=\"async\" class=\"full-width-image__image\" src=\"\"\/><div class=\"contained\"><div class=\"full-width-image__content\"><h2 class=\"section__heading\"><span><strong> Lindy @ ISE 202<\/strong>3<\/span><\/h2><h2 class=\"section__subheading section__subheading__title\">\u00a031.01. &#8211; 03.02.2023<\/h2><p class=\"section__paragraph\"><br\/>Die ISE ist die weltweit gr\u00f6\u00dfte Messe f\u00fcr AV und Systemintegration, auf der die neuesten Technologien und Ideen der weltweit operierenden AV-Industrie vorgestellt werden.<br\/><br\/>2021 zog die ISE aus Platzgr\u00fcnden von Amsterdam in den gut ausgestatteten Messeplatz der Fira de Barcelona um. Lindy pr\u00e4sentierte das ganze Portfolio neuester Technologie zum \u00dcbertragen, Verteilen und Wandeln hochfrequenter Datensignale in IT- und AV-Umgebungen.<br\/><br\/><strong>See beyond the wall!<\/strong><br\/><br\/> <strong><br\/><\/strong><\/p><\/div><\/div><\/section>\n\n\n\n<section class=\"wp-block-lindy-image-text-module section section--full-width-image full-width-image--with-text theme--light section--animation-none align--left  font--size-medium width--half\" style=\"background-image:url()\"><img decoding=\"async\" class=\"full-width-image__image\" src=\"\"\/><div class=\"contained\"><div class=\"full-width-image__content\"><h2 class=\"section__heading\"><span><strong>\u00a0<\/strong><br\/><strong>HIGHLIGHT-PRODUKTE<\/strong><\/span><\/h2><h2 class=\"section__subheading section__subheading__title\">LIVE ERLEBEN<\/h2><p class=\"section__paragraph\"><br\/>Eine komplexe und effektvolle Live-Installation war am Lindy-Stand zu sehen. Sie hatten exklusiv die Chance, einen Blick hinter die Kulissen einer Videowand zu werfen und zu entdecken, wie dort die Lindy Pro AV-L\u00f6sungen im Verbund f\u00fcr maximale Performance sorgen. Sie konnten die Combined Connectivity der Lindy-Highlight-Produkte live in Aktion mit unseren Konzepten zum Teilen, Erweitern, Verbinden und Wandeln IT-relevanter und hochaufl\u00f6sender AV-Signale erleben.<\/p><a href=\"https:\/\/www.lindy.de\/%20?websale8=ld0101.ld011101&amp;ci=244\" class=\"button button--dark\" target=\"_blank\" rel=\"noopener noreferrer\">ZU DEN HIGHLIGHT-PRODUKTEN<\/a><\/div><\/div><\/section>\n\n\n\n<section class=\"wp-block-lindy-image-text-module section section--full-width-image full-width-image--with-text theme--light section--animation-none align--left  font--size-medium width--half\" style=\"background-image:url(https:\/\/lindy.com\/de\/wp-content\/uploads\/sites\/3\/2022\/12\/ise-pic-HW.jpg)\"><img decoding=\"async\" class=\"full-width-image__image\" src=\"https:\/\/lindy.com\/de\/wp-content\/uploads\/sites\/3\/2022\/12\/ise-pic-HW.jpg\"\/><div class=\"contained\"><div class=\"full-width-image__content\"><\/div><\/div><\/section>\n\n\n\n<section class=\"wp-block-lindy-image-text-module section section--full-width-image full-width-image--with-text theme--light section--animation-none align--left  font--size-medium width--half\" style=\"background-image:url(https:\/\/lindy.com\/de\/wp-content\/uploads\/sites\/3\/2023\/01\/Docking-station.jpg)\"><img decoding=\"async\" class=\"full-width-image__image\" src=\"https:\/\/lindy.com\/de\/wp-content\/uploads\/sites\/3\/2023\/01\/Docking-station.jpg\"\/><div class=\"contained\"><div class=\"full-width-image__content\"><\/div><\/div><\/section>\n\n\n\n<section class=\"wp-block-lindy-image-text-module section section--full-width-image full-width-image--with-text theme--dark section--animation-none align--right  font--size-medium width--half\" style=\"background-image:url()\"><img decoding=\"async\" class=\"full-width-image__image\" src=\"\"\/><div class=\"contained\"><div class=\"full-width-image__content\"><h2 class=\"section__heading\"><span><strong>NEUE PRODUKTE<\/strong><\/span><\/h2><h2 class=\"section__subheading section__subheading__title\"><strong>AM PULS DER ZEIT<\/strong><\/h2><p class=\"section__paragraph\"><br\/>Der rasanten Entwicklung mit den neuesten innovativen AV- und IT-Produkten stets einen Schritt voraus zu sein \u2013 das ist unsere Herausforderung, das ist unsere Leidenschaft. Und deshalb wird unser Produkt-Portfolio stets um die Resultate neuster technischer Entwicklungen erweitert. Wir arbeiten mit den innovativsten Unternehmen zusammen, die mit uns gemeinsam die neuesten zukunftsweisenden Produkte bis hin zur Marktreife entwickeln. Damit Sie \u2013 unsere Kunden \u2013 heute und auch morgen sicher sein k\u00f6nnen, mit Ihrer Technik und Ihren Produkten stets up to date zu sein.<\/p><a href=\"https:\/\/www.lindy.de\/%20?websale8=ld0101.ld011101&amp;ci=245\" class=\"button button--white-transparent\" target=\"_blank\" rel=\"noopener noreferrer\">ZU DEN NEUEN PRODUKTEN<\/a><\/div><\/div><\/section>\n\n\n\n<section class=\"wp-block-lindy-image-text-module section section--full-width-image full-width-image--with-text theme--light section--animation-none align--left  font--size-medium width--half\" style=\"background-image:url()\"><img decoding=\"async\" class=\"full-width-image__image\" src=\"\"\/><div class=\"contained\"><div class=\"full-width-image__content\"><h2 class=\"section__heading\"><span>Hybrid &amp; Remote Working<\/span><\/h2><h2 class=\"section__subheading section__subheading__title\"><strong>MOBILE FLEXIBILIT\u00c4T<\/strong><\/h2><p class=\"section__paragraph\"><br\/>Mobiles und hybrides Arbeiten ist heute in aller Munde. Was bis vor nicht allzu langer Zeit noch einigen Wenigen durch den Einsatz von aufw\u00e4ndiger und teurer Technik vorbehalten war, wird mehr und mehr zum Standard. Fast jeder Mensch, dessen Arbeitsplatz sich vor einem Computer befindet, arbeitet heute mit einem Laptop \u2013 und damit r\u00e4umlich flexibel. Wir bieten die Produkte der neuesten Generation f\u00fcr die sichere Verbindung von Laptops zu Peripherie und Displays. Damit mobile Flexibilit\u00e4t dank zuverl\u00e4ssiger und moderner Technologie das zeitgem\u00e4\u00dfe Arbeiten von heute und morgen gestaltet.<br\/>\u00a0<\/p><a href=\"https:\/\/www.lindy.de\/%20?websale8=ld0101.ld011101&amp;ci=246\" class=\"button button--dark\" target=\"_blank\" rel=\"noopener noreferrer\">ZU DEN PRODUKTEN<\/a><\/div><\/div><\/section>\n\n\n\n<section class=\"wp-block-lindy-image-text-module section section--full-width-image full-width-image--with-text theme--light section--animation-none align--left  font--size-medium width--half\" style=\"background-image:url(https:\/\/lindy.com\/de\/wp-content\/uploads\/sites\/3\/2023\/01\/43366_5.jpg)\"><img decoding=\"async\" class=\"full-width-image__image\" src=\"https:\/\/lindy.com\/de\/wp-content\/uploads\/sites\/3\/2023\/01\/43366_5.jpg\"\/><div class=\"contained\"><div class=\"full-width-image__content\"><\/div><\/div><\/section>\n\n\n\n<section class=\"wp-block-lindy-image-text-module section section--full-width-image full-width-image--with-text theme--light section--animation-none align--left  font--size-medium width--half\" style=\"background-image:url(https:\/\/lindy.com\/de\/wp-content\/uploads\/sites\/3\/2023\/01\/Control-room-1.jpg)\"><img decoding=\"async\" class=\"full-width-image__image\" src=\"https:\/\/lindy.com\/de\/wp-content\/uploads\/sites\/3\/2023\/01\/Control-room-1.jpg\"\/><div class=\"contained\"><div class=\"full-width-image__content\"><\/div><\/div><\/section>\n\n\n\n<section class=\"wp-block-lindy-image-text-module section section--full-width-image full-width-image--with-text theme--dark section--animation-none align--right  font--size-medium width--half\" style=\"background-image:url()\"><img decoding=\"async\" class=\"full-width-image__image\" src=\"\"\/><div class=\"contained\"><div class=\"full-width-image__content\"><h2 class=\"section__heading\"><span>\u00a0Intelligent<br\/> Digital Signage<\/span><\/h2><h2 class=\"section__subheading section__subheading__title\"><strong>NEXT LEVEL<\/strong><\/h2><p class=\"section__paragraph\"><br\/>Egal ob im \u00f6ffentlichen Bereich, an Schulen und Hochschulen, im Klinikbereich, im Handel oder in Produktionsst\u00e4tten \u2013 mit der fortschreitenden digitalen Transformation ist Digital Signage aus unserer modernen Welt nicht mehr wegzudenken. Angesichts der vielen unterschiedlichen Inhalte, die es im korrekten Format an die richtigen Ziel-Displays zu leiten gilt, wird es immer wichtiger, das Routing der Inhalte mit smarter, intelligenter Technologie unter Kontrolle zu bekommen. Wir zeigen Ihnen Produkte neuester Entwicklungen f\u00fcr ein intelligentes Digital Signage, die genau diese Kontrolle und damit die Pr\u00e4sentation der stets aktuellsten Inhalte f\u00fcr Ihre Zielgruppen erm\u00f6glichen.<\/p><a href=\"https:\/\/www.lindy.de\/%20?websale8=ld0101.ld011101&amp;ci=247\" class=\"button button--white-transparent\" target=\"_blank\" rel=\"noopener noreferrer\">ZU DEN PRODUKTEN<\/a><\/div><\/div><\/section>\n\n\n\n<section class=\"wp-block-lindy-image-text-module section section--full-width-image full-width-image--with-text theme--light section--animation-none align--left  font--size-medium width--half\" style=\"background-image:url()\"><img decoding=\"async\" class=\"full-width-image__image\" src=\"\"\/><div class=\"contained\"><div class=\"full-width-image__content\"><h2 class=\"section__heading\"><span>Presentation &amp; Extension<\/span><\/h2><h2 class=\"section__subheading section__subheading__title\"><strong>DISTANZEN \u00dcBERBR\u00dcCKEN<\/strong><\/h2><p class=\"section__paragraph\"><br\/>Digitale Pr\u00e4sentationen und Erweiterung der maximalen AV-Signalreichweite gehen Hand in Hand und sind in h\u00f6chstem Ma\u00dfe aufeinander angewiesen. Denn in aller Regel m\u00fcssen bei Pr\u00e4sentationen die f\u00fcr AV-Datensignale vorgesehenen ca. 7,5m auf dem Weg vom Quellger\u00e4t zum Display um ein Vielfaches \u00fcberschritten werden. Lediglich mit passiven Kabeln ist dies nicht zu erreichen. Die hierf\u00fcr notwendige Technologie konnten Sie direkt bei uns am Stand live erleben- entdecken Sie die M\u00f6glichkeiten, die sich f\u00fcr Sie daraus ergeben.<\/p><a href=\"https:\/\/www.lindy.de\/%20?websale8=ld0101.ld011101&amp;ci=248\" class=\"button button--dark\" target=\"_blank\" rel=\"noopener noreferrer\">ZU DEN PRODUKTEN<\/a><\/div><\/div><\/section>\n\n\n\n<section class=\"wp-block-lindy-image-text-module section section--full-width-image full-width-image--with-text theme--light section--animation-none align--left  font--size-medium width--half\" style=\"background-image:url(https:\/\/lindy.com\/de\/wp-content\/uploads\/sites\/3\/2023\/01\/class-room-1.jpg)\"><img decoding=\"async\" class=\"full-width-image__image\" src=\"https:\/\/lindy.com\/de\/wp-content\/uploads\/sites\/3\/2023\/01\/class-room-1.jpg\"\/><div class=\"contained\"><div class=\"full-width-image__content\"><\/div><\/div><\/section>\n\n\n\n<section class=\"wp-block-lindy-image-text-module section section--full-width-image full-width-image--with-text theme--dark section--animation-none align--left  font--size-medium width--half\" style=\"background-image:url()\"><img decoding=\"async\" class=\"full-width-image__image\" src=\"\"\/><div class=\"contained\"><div class=\"full-width-image__content\"><h2 class=\"section__heading\"><span><strong>KABEL<\/strong><\/span><\/h2><h2 class=\"section__subheading section__subheading__title\"><strong>LEBENSADER DER SIGNAL\u00dcBERTRAGUNG<\/strong><\/h2><p class=\"section__paragraph\"><br\/>Das R\u00fcckgrat aller Technologie zur \u00dcbertragung von IT- und AV-Datensignalen bilden nach wie vor die Kabel. Mit deren Qualit\u00e4t steht und f\u00e4llt die Bandbreite und die \u00dcbertragungsdistanz eines Systems. Wir legen daher bei Entwicklung und Produktion unserer Kabel den Fokus auf akkurateste Pr\u00e4zision bei Konzeption und Verarbeitung. Denn die ausgefeilteste \u00dcbertragungstechnologie ist nur so gut, wie die physikalische Verbindung zwischen ihren Komponenten. Egal, ob es sich dabei um einen Extender f\u00fcr \u00dcbertragung via Glasfaser \u00fcber mehrere Kilometer oder einen einfachen Signalrepeater handelt \u2013 der Kabelqualit\u00e4t kommt hier die entscheidende Schl\u00fcsselrolle zu.<br\/><br\/><strong>Connection Perfection!<\/strong><br\/><\/p><a href=\"https:\/\/www.lindy.de\/%20?websale8=ld0101.ld011101&amp;ci=249\" class=\"button button--white-transparent\" target=\"_blank\" rel=\"noopener noreferrer\">ZU DEN KABELN<\/a><\/div><\/div><\/section>\n\n\n\n<section class=\"wp-block-lindy-image-text-module section section--full-width-image full-width-image--with-text theme--light section--animation-none align--left  font--size-medium width--half\" style=\"background-image:url(https:\/\/lindy.com\/de\/wp-content\/uploads\/sites\/3\/2023\/01\/HDMI_ALL-1.jpg)\"><img decoding=\"async\" class=\"full-width-image__image\" src=\"https:\/\/lindy.com\/de\/wp-content\/uploads\/sites\/3\/2023\/01\/HDMI_ALL-1.jpg\"\/><div class=\"contained\"><div class=\"full-width-image__content\"><\/div><\/div><\/section>\n\n\n\n<section class=\"wp-block-lindy-image-text-module section section--full-width-image full-width-image--with-text theme--light section--animation-none align--center  font--size-medium\" style=\"background-image:url()\"><img decoding=\"async\" class=\"full-width-image__image\" src=\"\"\/><div class=\"contained\"><div class=\"full-width-image__content\"><h2 class=\"section__heading\"><span>ISE Brosch\u00fcre<\/span><\/h2><h2 class=\"section__subheading section__subheading__title\">see beyond the Wall<\/h2><p class=\"section__paragraph\"><br\/><\/p><a href=\"https:\/\/lindy.com\/de\/wp-content\/uploads\/sites\/3\/2023\/02\/Flyer_ISE-2023_online.pdf\" class=\"button button--dark\" target=\"_self\" rel=\"noopener noreferrer\">Herunterladen<\/a><\/div><\/div><\/section>\n","protected":false},"excerpt":{"rendered":"","protected":false},"author":11,"featured_media":0,"parent":0,"menu_order":0,"comment_status":"closed","ping_status":"closed","template":"page-templates\/template-landing.php","meta":{"_acf_changed":false,"footnotes":""},"class_list":["post-3016","page","type-page","status-publish","hentry"],"acf":[],"yoast_head":"<!-- This site is optimized with the Yoast SEO plugin v26.6 - https:\/\/yoast.com\/wordpress\/plugins\/seo\/ -->\n<title>ISE 2023 - Lindy - German<\/title>\n<meta name=\"description\" content=\"Die ISE ist die weltweit gr\u00f6\u00dfte Messe f\u00fcr AV und Systemintegration. Lindy ist dort auf dem Stand 3R900 vertreten.\" \/>\n<meta name=\"robots\" content=\"index, follow, max-snippet:-1, max-image-preview:large, max-video-preview:-1\" \/>\n<link rel=\"canonical\" href=\"https:\/\/lindy.com\/de\/ise-2023\/\" \/>\n<meta property=\"og:locale\" content=\"de_DE\" \/>\n<meta property=\"og:type\" content=\"article\" \/>\n<meta property=\"og:title\" content=\"ISE 2023 - Lindy - German\" \/>\n<meta property=\"og:description\" content=\"Die ISE ist die weltweit gr\u00f6\u00dfte Messe f\u00fcr AV und Systemintegration. Lindy ist dort auf dem Stand 3R900 vertreten.\" \/>\n<meta property=\"og:url\" content=\"https:\/\/lindy.com\/de\/ise-2023\/\" \/>\n<meta property=\"og:site_name\" content=\"Lindy - German\" \/>\n<meta property=\"article:modified_time\" content=\"2023-02-09T11:35:41+00:00\" \/>\n<meta property=\"og:image\" content=\"https:\/\/lindy.com\/en\/wp-content\/uploads\/sites\/2\/2023\/01\/Header.jpg\" \/>\n<meta name=\"twitter:card\" content=\"summary_large_image\" \/>\n<meta name=\"twitter:label1\" content=\"Gesch\u00e4tzte Lesezeit\" \/>\n\t<meta name=\"twitter:data1\" content=\"7 Minuten\" \/>\n<script type=\"application\/ld+json\" class=\"yoast-schema-graph\">{\"@context\":\"https:\/\/schema.org\",\"@graph\":[{\"@type\":\"WebPage\",\"@id\":\"https:\/\/lindy.com\/de\/ise-2023\/\",\"url\":\"https:\/\/lindy.com\/de\/ise-2023\/\",\"name\":\"ISE 2023 - Lindy - German\",\"isPartOf\":{\"@id\":\"https:\/\/lindy.com\/de\/#website\"},\"primaryImageOfPage\":{\"@id\":\"https:\/\/lindy.com\/de\/ise-2023\/#primaryimage\"},\"image\":{\"@id\":\"https:\/\/lindy.com\/de\/ise-2023\/#primaryimage\"},\"thumbnailUrl\":\"https:\/\/lindy.com\/en\/wp-content\/uploads\/sites\/2\/2023\/01\/Header.jpg\",\"datePublished\":\"2023-02-06T11:34:48+00:00\",\"dateModified\":\"2023-02-09T11:35:41+00:00\",\"description\":\"Die ISE ist die weltweit gr\u00f6\u00dfte Messe f\u00fcr AV und Systemintegration. Lindy ist dort auf dem Stand 3R900 vertreten.\",\"breadcrumb\":{\"@id\":\"https:\/\/lindy.com\/de\/ise-2023\/#breadcrumb\"},\"inLanguage\":\"de-DE\",\"potentialAction\":[{\"@type\":\"ReadAction\",\"target\":[\"https:\/\/lindy.com\/de\/ise-2023\/\"]}]},{\"@type\":\"ImageObject\",\"inLanguage\":\"de-DE\",\"@id\":\"https:\/\/lindy.com\/de\/ise-2023\/#primaryimage\",\"url\":\"https:\/\/lindy.com\/en\/wp-content\/uploads\/sites\/2\/2023\/01\/Header.jpg\",\"contentUrl\":\"https:\/\/lindy.com\/en\/wp-content\/uploads\/sites\/2\/2023\/01\/Header.jpg\"},{\"@type\":\"BreadcrumbList\",\"@id\":\"https:\/\/lindy.com\/de\/ise-2023\/#breadcrumb\",\"itemListElement\":[{\"@type\":\"ListItem\",\"position\":1,\"name\":\"Home\",\"item\":\"https:\/\/lindy.com\/de\/\"},{\"@type\":\"ListItem\",\"position\":2,\"name\":\"ISE 2023\"}]},{\"@type\":\"WebSite\",\"@id\":\"https:\/\/lindy.com\/de\/#website\",\"url\":\"https:\/\/lindy.com\/de\/\",\"name\":\"Lindy - German\",\"description\":\"Connection Perfection\",\"potentialAction\":[{\"@type\":\"SearchAction\",\"target\":{\"@type\":\"EntryPoint\",\"urlTemplate\":\"https:\/\/lindy.com\/de\/?s={search_term_string}\"},\"query-input\":{\"@type\":\"PropertyValueSpecification\",\"valueRequired\":true,\"valueName\":\"search_term_string\"}}],\"inLanguage\":\"de-DE\"}]}<\/script>\n<!-- \/ Yoast SEO plugin. -->","yoast_head_json":{"title":"ISE 2023 - Lindy - German","description":"Die ISE ist die weltweit gr\u00f6\u00dfte Messe f\u00fcr AV und Systemintegration. Lindy ist dort auf dem Stand 3R900 vertreten.","robots":{"index":"index","follow":"follow","max-snippet":"max-snippet:-1","max-image-preview":"max-image-preview:large","max-video-preview":"max-video-preview:-1"},"canonical":"https:\/\/lindy.com\/de\/ise-2023\/","og_locale":"de_DE","og_type":"article","og_title":"ISE 2023 - Lindy - German","og_description":"Die ISE ist die weltweit gr\u00f6\u00dfte Messe f\u00fcr AV und Systemintegration. Lindy ist dort auf dem Stand 3R900 vertreten.","og_url":"https:\/\/lindy.com\/de\/ise-2023\/","og_site_name":"Lindy - German","article_modified_time":"2023-02-09T11:35:41+00:00","og_image":[{"url":"https:\/\/lindy.com\/en\/wp-content\/uploads\/sites\/2\/2023\/01\/Header.jpg","type":"","width":"","height":""}],"twitter_card":"summary_large_image","twitter_misc":{"Gesch\u00e4tzte Lesezeit":"7 Minuten"},"schema":{"@context":"https:\/\/schema.org","@graph":[{"@type":"WebPage","@id":"https:\/\/lindy.com\/de\/ise-2023\/","url":"https:\/\/lindy.com\/de\/ise-2023\/","name":"ISE 2023 - Lindy - German","isPartOf":{"@id":"https:\/\/lindy.com\/de\/#website"},"primaryImageOfPage":{"@id":"https:\/\/lindy.com\/de\/ise-2023\/#primaryimage"},"image":{"@id":"https:\/\/lindy.com\/de\/ise-2023\/#primaryimage"},"thumbnailUrl":"https:\/\/lindy.com\/en\/wp-content\/uploads\/sites\/2\/2023\/01\/Header.jpg","datePublished":"2023-02-06T11:34:48+00:00","dateModified":"2023-02-09T11:35:41+00:00","description":"Die ISE ist die weltweit gr\u00f6\u00dfte Messe f\u00fcr AV und Systemintegration. Lindy ist dort auf dem Stand 3R900 vertreten.","breadcrumb":{"@id":"https:\/\/lindy.com\/de\/ise-2023\/#breadcrumb"},"inLanguage":"de-DE","potentialAction":[{"@type":"ReadAction","target":["https:\/\/lindy.com\/de\/ise-2023\/"]}]},{"@type":"ImageObject","inLanguage":"de-DE","@id":"https:\/\/lindy.com\/de\/ise-2023\/#primaryimage","url":"https:\/\/lindy.com\/en\/wp-content\/uploads\/sites\/2\/2023\/01\/Header.jpg","contentUrl":"https:\/\/lindy.com\/en\/wp-content\/uploads\/sites\/2\/2023\/01\/Header.jpg"},{"@type":"BreadcrumbList","@id":"https:\/\/lindy.com\/de\/ise-2023\/#breadcrumb","itemListElement":[{"@type":"ListItem","position":1,"name":"Home","item":"https:\/\/lindy.com\/de\/"},{"@type":"ListItem","position":2,"name":"ISE 2023"}]},{"@type":"WebSite","@id":"https:\/\/lindy.com\/de\/#website","url":"https:\/\/lindy.com\/de\/","name":"Lindy - German","description":"Connection Perfection","potentialAction":[{"@type":"SearchAction","target":{"@type":"EntryPoint","urlTemplate":"https:\/\/lindy.com\/de\/?s={search_term_string}"},"query-input":{"@type":"PropertyValueSpecification","valueRequired":true,"valueName":"search_term_string"}}],"inLanguage":"de-DE"}]}},"_links":{"self":[{"href":"https:\/\/lindy.com\/de\/wp-json\/wp\/v2\/pages\/3016","targetHints":{"allow":["GET"]}}],"collection":[{"href":"https:\/\/lindy.com\/de\/wp-json\/wp\/v2\/pages"}],"about":[{"href":"https:\/\/lindy.com\/de\/wp-json\/wp\/v2\/types\/page"}],"author":[{"embeddable":true,"href":"https:\/\/lindy.com\/de\/wp-json\/wp\/v2\/users\/11"}],"replies":[{"embeddable":true,"href":"https:\/\/lindy.com\/de\/wp-json\/wp\/v2\/comments?post=3016"}],"version-history":[{"count":1,"href":"https:\/\/lindy.com\/de\/wp-json\/wp\/v2\/pages\/3016\/revisions"}],"predecessor-version":[{"id":3645,"href":"https:\/\/lindy.com\/de\/wp-json\/wp\/v2\/pages\/3016\/revisions\/3645"}],"wp:attachment":[{"href":"https:\/\/lindy.com\/de\/wp-json\/wp\/v2\/media?parent=3016"}],"curies":[{"name":"wp","href":"https:\/\/api.w.org\/{rel}","templated":true}]}}