{"id":334,"date":"2018-11-16T10:18:33","date_gmt":"2018-11-16T10:18:33","guid":{"rendered":"https:\/\/lindy.com\/de\/?page_id=334"},"modified":"2020-01-29T14:31:36","modified_gmt":"2020-01-29T14:31:36","slug":"collaboration","status":"publish","type":"page","link":"https:\/\/lindy.com\/de\/collaboration\/","title":{"rendered":"Collaboration-L\u00f6sungen"},"content":{"rendered":"\n<section class=\"wp-block-lindy-parallax-hero section parallax-hero theme--light align--center  font--size-large\" style=\"background-image:url(https:\/\/lindy.com\/de\/wp-content\/uploads\/sites\/3\/2018\/12\/Amended_Collaboration_2.jpg)\"><div class=\"contained contained--full-width\"><div class=\"parallax-hero__content\"><div class=\"parallax-hero__content-wrapper align--center\"><h2 class=\"section__heading\"><span><br\/><br\/>COLLABORATION-<br\/><\/span><\/h2><h2 class=\"section__subheading section__subheading__title\">l\u00f6sungen<\/h2><p class=\"section__paragraph\"><br\/><br\/>\u25bc<\/p><\/div><\/div><\/div><\/section>\n\n\n\n<section class=\"wp-block-lindy-parallax-hero section parallax-hero theme--light align--center  font--size-medium\" style=\"background-image:url(https:\/\/lindy.com\/de\/wp-content\/uploads\/sites\/3\/2018\/12\/Amended_Collaboration_1.jpg)\"><div class=\"contained contained--full-width\"><div class=\"parallax-hero__content\"><div class=\"parallax-hero__content-wrapper align--center\"><h2 class=\"section__heading\"><span><br\/><br\/><br\/><br\/><br\/><\/span><\/h2><h2 class=\"section__subheading section__subheading__title\"><br\/><br\/><br\/><br\/><\/h2><\/div><\/div><\/div><\/section>\n\n\n\n<section class=\"wp-block-lindy-parallax-hero section parallax-hero theme--light align--center font--camber font--size-medium\" style=\"background-image:url(https:\/\/lindy.com\/de\/wp-content\/uploads\/sites\/3\/2018\/12\/Amended_Collaboration_2.jpg)\"><div class=\"contained contained--full-width\"><div class=\"parallax-hero__content\"><div class=\"parallax-hero__content-wrapper align--center\"><h2 class=\"section__heading\"><span>Konzepte von heute, <\/span><\/h2><h2 class=\"section__subheading section__subheading__title\">f\u00fcr die Geschwindigkeit <br\/>von morgen.<\/h2><p class=\"section__paragraph\"><br\/>Verantwortliche in Unternehmen und \u00f6ffentlichen Einrichtungen erkennen zunehmend den Wert des eigenen Unternehmensgeb\u00e4udes als idealen Botschafter der eigenen Marke. Der erste Eindruck entsteht bereits beim Betreten des Geb\u00e4udes. Auch die Konferenztechnik tr\u00e4gt entscheidend zu einem positiven Bild bei. Moderne und professionelle AV- und Digital-Signage-Installationen helfen, individuelle und dynamische Inhalte zu kommunizieren, die so einzigartig sind wie das Unternehmen selbst. Welche L\u00f6sungen letztlich zum Zuge kommen, richtet sich meist nach der Raumsituation. Entscheidend sind die Anzahl der zu integrierenden Datenquellen, der Ausgabeger\u00e4te sowie die Bereitstellung hochaufl\u00f6sender Daten.<br\/><\/p><\/div><\/div><\/div><\/section>\n\n\n\n<section class=\"wp-block-lindy-paragraph-and-images full-width-image--with-text section section--paragraph-image  theme--light font--camber font--size-small\"><div class=\"grid-noBottom-middle\"><div class=\"col-6_sm-12 full-width-image__content section section--animation-none align--right \"><div class=\"content--animate\"><div class=\"contained\"><h2 class=\"section__heading\"><span>eingebaute<\/span><\/h2><h2 class=\"section__subheading section__subheading__title\">Flexibilit\u00e4t<\/h2><p class=\"section__paragraph\"><br\/>Lindy kann mithilfe intelligenter Konferenzraumtechnik selbst komplexeste Inhalte von einer oder mehreren Quellen \u00fcbermitteln. Gefragt sind integrierte und flexibel gestaltbare L\u00f6sungen, die selbst gro\u00dfe Datenmengen einfach und ausdrucksstark visualisieren. Unsere L\u00f6sungen sind individuell kombinierbar und deshalb vielf\u00e4ltig einsetzbar: f\u00fcr kleine und gro\u00dfe Unternehmen, f\u00fcr Systemintegratoren und -distributoren \u2013 und vor allem in bester Qualit\u00e4t und mit maximaler Effizienz. So wird h\u00f6chste Qualit\u00e4t ganz einfach zum Standard.<br\/><\/p><\/div><\/div><\/div><div class=\"col-6_sm-12 full-width-image--with-text align--right\" style=\"background-image:url(https:\/\/lindy.com\/en\/wp-content\/uploads\/sites\/2\/2018\/10\/Collaberations_1.jpg)\"><img decoding=\"async\" src=\"https:\/\/lindy.com\/en\/wp-content\/uploads\/sites\/2\/2018\/10\/Collaberations_1.jpg\"\/><\/div><\/div><\/section>\n\n\n\n<section class=\"wp-block-lindy-paragraph-and-images full-width-image--with-text section section--paragraph-image  theme--light font--camber font--size-small\"><div class=\"grid-noBottom-middle-reverse\"><div class=\"col-6_sm-12 full-width-image__content section section--animation-none align--left \"><div class=\"content--animate\"><div class=\"contained\"><h2 class=\"section__heading\"><span>Wirksame <\/span><\/h2><h2 class=\"section__subheading section__subheading__title\">Zusammenarbeit<\/h2><p class=\"section__paragraph\"><br\/>Lindy\u00b4s Collaboration-L\u00f6sungen erf\u00fcllen s\u00e4mtliche Konnektivt\u00e4tsanforderungen, die an eine einfache und effektive audiovisuelle Kooperation zu stellen sind. Davon profitieren branchen\u00fcbergreifend alle Unternehmen in den Bereichen Konferenzr\u00e4ume\/ Pr\u00e4sentationstechnik, KVM Switching &amp; Extension, Broadcasting, Unified Communication und Internet of Things. <br\/><\/p><\/div><\/div><\/div><div class=\"col-6_sm-12 full-width-image--with-text align--left\" style=\"background-image:url(https:\/\/lindy.com\/en\/wp-content\/uploads\/sites\/2\/2018\/09\/EFFECTIVE_COOPERATION.jpg)\"><img decoding=\"async\" src=\"https:\/\/lindy.com\/en\/wp-content\/uploads\/sites\/2\/2018\/09\/EFFECTIVE_COOPERATION.jpg\"\/><\/div><\/div><\/section>\n\n\n\n<section class=\"wp-block-lindy-paragraph-and-images full-width-image--with-text section section--paragraph-image  theme--light font--camber font--size-small\"><div class=\"grid-noBottom-middle\"><div class=\"col-6_sm-12 full-width-image__content section section--animation-none align--right \"><div class=\"content--animate\"><div class=\"contained\"><h2 class=\"section__heading\"><span>KONNEKTIVIT\u00c4T<\/span><\/h2><h2 class=\"section__subheading section__subheading__title\">NEU DEFINIERT<\/h2><p class=\"section__paragraph\"><br\/>Kabel-Konnektivit\u00e4t liegt uns im Blut. Mit einer gro\u00dfen Auswahl an digitalen und analogen Kabel- und Adapterprodukten kann Lindy die Anforderungen fast jeder Installation oder jedes Gro\u00dfprojektes erf\u00fcllen. Mit einem Portfolio von einfachen USB-, Ethernet- und Stromkabeln bis hin zu unseren leistungsstarken Long-Distance-Gold-HDMI- und Fibre-Optic-Anschl\u00fcssen erf\u00fcllen wir die wesentliche Voraussetzung f\u00fcr kollaboratives Arbeiten, um die digitale Transformation zu unterst\u00fctzen.<br\/><\/p><\/div><\/div><\/div><div class=\"col-6_sm-12 full-width-image--with-text align--right\" style=\"background-image:url(https:\/\/lindy.com\/en\/wp-content\/uploads\/sites\/2\/2018\/09\/Connectivity.jpg)\"><img decoding=\"async\" src=\"https:\/\/lindy.com\/en\/wp-content\/uploads\/sites\/2\/2018\/09\/Connectivity.jpg\"\/><\/div><\/div><\/section>\n\n\n\n<section class=\"wp-block-lindy-paragraph-and-images full-width-image--with-text section section--paragraph-image  theme--light font--camber font--size-small\"><div class=\"grid-noBottom-middle-reverse\"><div class=\"col-6_sm-12 full-width-image__content section section--animation-none align--left \"><div class=\"content--animate\"><div class=\"contained\"><h2 class=\"section__heading\"><span>UMWANDLUNGS- <\/span><\/h2><h2 class=\"section__subheading section__subheading__title\">TECHNOLOGIE <\/h2><p class=\"section__paragraph\"><br\/>Das umfassende Sortiment an von Konverterprodukten gibt Systemintegratoren, IT-Administratoren und Supportmitarbeitern die Freiheit, Installationen mit bestehenden Legacy-Ger\u00e4ten in Kombination mit den neuesten digitalen Technologien zu erstellen und zu verwalten. Lindy bietet ein breites Sortiment von Out-of-the-Box-L\u00f6sungen f\u00fcr die einfache Konvertierung zwischen neueren digitalen und \u00e4lteren analogen Audio- und Videoschnittstellen. Es sind unverzichtbare Tools f\u00fcr die moderne digitale Arbeit mit BYOD (Bring Your Own Device) in Konferenzr\u00e4umen, Pausenr\u00e4umen und mehr.<br\/><\/p><\/div><\/div><\/div><div class=\"col-6_sm-12 full-width-image--with-text align--left\" style=\"background-image:url(https:\/\/lindy.com\/en\/wp-content\/uploads\/sites\/2\/2018\/08\/Conveting_6.jpg)\"><img decoding=\"async\" src=\"https:\/\/lindy.com\/en\/wp-content\/uploads\/sites\/2\/2018\/08\/Conveting_6.jpg\"\/><\/div><\/div><\/section>\n\n\n\n<section class=\"wp-block-lindy-paragraph-and-images full-width-image--with-text section section--paragraph-image  theme--light font--camber font--size-small\"><div class=\"grid-noBottom-middle\"><div class=\"col-6_sm-12 full-width-image__content section section--animation-none align--right \"><div class=\"content--animate\"><div class=\"contained\"><h2 class=\"section__heading\"><span>VISUALISIERUNG<\/span><\/h2><h2 class=\"section__subheading section__subheading__title\">&amp; DISPLAY<br\/><br\/><\/h2><p class=\"section__paragraph\">Die Video Wall Controller von Lindy bieten eine hohe Flexibilit\u00e4t bei der Visualisierung von Kontrollr\u00e4umen. Eine Vielzahl von L\u00f6sungen ist verf\u00fcgbar, um bis zu Ultra HD 2\u00d72, 4\u00d74, 8\u00d78 und unregelm\u00e4\u00dfige Display-Einheiten zu betreiben. Leistungsstarke Tools f\u00fcr das Management und die Display-Konfiguration unterst\u00fctzen Multi Window, Picture-in-Picture, Picture-und-Picture und vollst\u00e4ndige Matrixsteuerung. Die Unterst\u00fctzung von Web-GUI, IR, RS232 und Telnet bietet flexible Steuerungsm\u00f6glichkeiten und die Integration von Systemen und Software von Drittanbietern.<\/p><\/div><\/div><\/div><div class=\"col-6_sm-12 full-width-image--with-text align--right\" style=\"background-image:url(https:\/\/lindy.com\/en\/wp-content\/uploads\/sites\/2\/2018\/09\/VideoWallScaler_2.jpg)\"><img decoding=\"async\" src=\"https:\/\/lindy.com\/en\/wp-content\/uploads\/sites\/2\/2018\/09\/VideoWallScaler_2.jpg\"\/><\/div><\/div><\/section>\n\n\n\n<section class=\"wp-block-lindy-paragraph-and-images full-width-image--with-text section section--paragraph-image  theme--light font--camber font--size-small\"><div class=\"grid-noBottom-middle-reverse\"><div class=\"col-6_sm-12 full-width-image__content section section--animation-none align--left \"><div class=\"content--animate\"><div class=\"contained\"><h2 class=\"section__heading\"><span>VERTEILUNGS-<\/span><\/h2><h2 class=\"section__subheading section__subheading__title\">RESSOURCEN<\/h2><p class=\"section__paragraph\"><br\/>Die Verteilungstechnologie von Lindy stellt das Nonplusultra in der hardwarebasierten Konsolidierung von Ressourcen dar. Mit fortschrittlichen KVM Switches k\u00f6nnen Anwender mehrere Server und Workstations von einer einzigen Konsole aus steuern.\u00a0Fortschrittliche AV Switches und Matrixsysteme erm\u00f6glichen die Steuerung und Verteilung kreativer Multimedia-Inhalte in einem einzelnen Raum oder im gesamten Geb\u00e4ude \u00fcber HDBaseT-, Cat.X- und Fibre-Optic-Verbindungen.<br\/><br\/>F\u00fcr den digitalen Arbeitsbereich bieten Lindy USB Hubs und Docking Stations den perfekten Begleiter f\u00fcr die moderne mobile und Office-Arbeitsumgebung.<br\/><\/p><\/div><\/div><\/div><div class=\"col-6_sm-12 full-width-image--with-text align--left\" style=\"background-image:url(https:\/\/lindy.com\/en\/wp-content\/uploads\/sites\/2\/2018\/08\/KVM_3.jpg)\"><img decoding=\"async\" src=\"https:\/\/lindy.com\/en\/wp-content\/uploads\/sites\/2\/2018\/08\/KVM_3.jpg\"\/><\/div><\/div><\/section>\n\n\n\n<section class=\"wp-block-lindy-heading-text section section--heading-text theme--dark align--center  font--size-medium section--animation-none\"><div class=\"contained\"><h2 class=\"section__heading\"><span><br\/>ANWENDUNGSBEREICHE<br\/><\/span><\/h2><\/div><\/section>\n\n\n\n<section class=\"wp-block-lindy-image-text-module section section--full-width-image full-width-image--with-text theme--dark section--animation-none align--left font--camber font--size-small width--half\" style=\"background-image:url(https:\/\/lindy.com\/en\/wp-content\/uploads\/sites\/2\/2018\/09\/ConferenceRoom_link1.jpg)\"><img decoding=\"async\" class=\"full-width-image__image\" src=\"https:\/\/lindy.com\/en\/wp-content\/uploads\/sites\/2\/2018\/09\/ConferenceRoom_link1.jpg\"\/><div class=\"contained\"><div class=\"full-width-image__content\"><h2 class=\"section__heading\"><span>Anwendungen f\u00fcr <\/span><\/h2><h2 class=\"section__subheading section__subheading__title\">Konferenzr\u00e4ume \/ Pr\u00e4sentationstechnik <\/h2><p class=\"section__paragraph\"><br\/><\/p><a href=\"https:\/\/lindy.com\/de\/konferenzraeume-praesentationstechnik\" class=\"button button--white-transparent\" target=\"_self\" rel=\"noopener noreferrer\">Mehr entdecken<\/a><\/div><\/div><\/section>\n\n\n\n<section class=\"wp-block-lindy-image-text-module section section--full-width-image full-width-image--with-text theme--dark section--animation-none align--left font--camber font--size-small width--half\" style=\"background-image:url(https:\/\/lindy.com\/en\/wp-content\/uploads\/sites\/2\/2018\/09\/EducationandTraining_link1.jpg)\"><img decoding=\"async\" class=\"full-width-image__image\" src=\"https:\/\/lindy.com\/en\/wp-content\/uploads\/sites\/2\/2018\/09\/EducationandTraining_link1.jpg\"\/><div class=\"contained\"><div class=\"full-width-image__content\"><h2 class=\"section__heading\"><span>Anwendungen f\u00fcr <\/span><\/h2><h2 class=\"section__subheading section__subheading__title\">Bildung &amp; Trainings<\/h2><p class=\"section__paragraph\"><br\/><\/p><a href=\"https:\/\/lindy.com\/de\/Bildung\" class=\"button button--white-transparent\" target=\"_self\" rel=\"noopener noreferrer\">Mehr entdecken<\/a><\/div><\/div><\/section>\n\n\n\n<section class=\"wp-block-lindy-image-text-module section section--full-width-image full-width-image--with-text theme--dark section--animation-none align--center font--camber font--size-small\" style=\"background-image:url(https:\/\/lindy.com\/de\/wp-content\/uploads\/sites\/3\/2020\/01\/class-room_FW-1.jpg)\"><img decoding=\"async\" class=\"full-width-image__image\" src=\"https:\/\/lindy.com\/de\/wp-content\/uploads\/sites\/3\/2020\/01\/class-room_FW-1.jpg\"\/><div class=\"contained\"><div class=\"full-width-image__content\"><h2 class=\"section__heading\"><span>ANWENDUNGEN F\u00dcR<\/span><\/h2><h2 class=\"section__subheading section__subheading__title\">SCHULUNGS- &amp;<br\/>TRAININGSUMGEBUNGEN<br\/><br\/><\/h2><a href=\"https:\/\/lindy.com\/de\/schulungs-und-trainingsumgebungen\/\" class=\"button button--white-transparent\" target=\"_self\" rel=\"noopener noreferrer\">mehr entdecken<\/a><\/div><\/div><\/section>\n","protected":false},"excerpt":{"rendered":"","protected":false},"author":16,"featured_media":0,"parent":0,"menu_order":0,"comment_status":"closed","ping_status":"closed","template":"page-templates\/template-landing.php","meta":{"_acf_changed":false,"footnotes":""},"class_list":["post-334","page","type-page","status-publish","hentry"],"acf":[],"yoast_head":"<!-- This site is optimized with the Yoast SEO plugin v26.6 - https:\/\/yoast.com\/wordpress\/plugins\/seo\/ -->\n<title>Collaboration-L\u00f6sungen - Lindy Elektronik<\/title>\n<meta name=\"description\" content=\"Lindy kann mithilfe intelligenter Konferenzraumtechnik selbst komplexeste Inhalte von einer oder mehreren Quellen \u00fcbermitteln. Integrierte &amp; flexibel gestaltbare L\u00f6sungen k\u00f6nnen selbst gro\u00dfe Datenmengen einfach und ausdrucksstark visualisieren.\" \/>\n<meta name=\"robots\" content=\"index, follow, max-snippet:-1, max-image-preview:large, max-video-preview:-1\" \/>\n<link rel=\"canonical\" href=\"https:\/\/lindy.com\/de\/collaboration\/\" \/>\n<meta property=\"og:locale\" content=\"de_DE\" \/>\n<meta property=\"og:type\" content=\"article\" \/>\n<meta property=\"og:title\" content=\"Collaboration-L\u00f6sungen - Lindy Elektronik\" \/>\n<meta property=\"og:description\" content=\"Lindy kann mithilfe intelligenter Konferenzraumtechnik selbst komplexeste Inhalte von einer oder mehreren Quellen \u00fcbermitteln. Integrierte &amp; flexibel gestaltbare L\u00f6sungen k\u00f6nnen selbst gro\u00dfe Datenmengen einfach und ausdrucksstark visualisieren.\" \/>\n<meta property=\"og:url\" content=\"https:\/\/lindy.com\/de\/collaboration\/\" \/>\n<meta property=\"og:site_name\" content=\"Lindy - German\" \/>\n<meta property=\"article:modified_time\" content=\"2020-01-29T14:31:36+00:00\" \/>\n<meta property=\"og:image\" content=\"https:\/\/lindy.com\/en\/wp-content\/uploads\/sites\/2\/2018\/10\/Collaberations_1.jpg\" \/>\n<meta name=\"twitter:card\" content=\"summary_large_image\" \/>\n<meta name=\"twitter:label1\" content=\"Gesch\u00e4tzte Lesezeit\" \/>\n\t<meta name=\"twitter:data1\" content=\"3 Minuten\" \/>\n<script type=\"application\/ld+json\" class=\"yoast-schema-graph\">{\"@context\":\"https:\/\/schema.org\",\"@graph\":[{\"@type\":\"WebPage\",\"@id\":\"https:\/\/lindy.com\/de\/collaboration\/\",\"url\":\"https:\/\/lindy.com\/de\/collaboration\/\",\"name\":\"Collaboration-L\u00f6sungen - Lindy Elektronik\",\"isPartOf\":{\"@id\":\"https:\/\/lindy.com\/de\/#website\"},\"primaryImageOfPage\":{\"@id\":\"https:\/\/lindy.com\/de\/collaboration\/#primaryimage\"},\"image\":{\"@id\":\"https:\/\/lindy.com\/de\/collaboration\/#primaryimage\"},\"thumbnailUrl\":\"https:\/\/lindy.com\/en\/wp-content\/uploads\/sites\/2\/2018\/10\/Collaberations_1.jpg\",\"datePublished\":\"2018-11-16T10:18:33+00:00\",\"dateModified\":\"2020-01-29T14:31:36+00:00\",\"description\":\"Lindy kann mithilfe intelligenter Konferenzraumtechnik selbst komplexeste Inhalte von einer oder mehreren Quellen \u00fcbermitteln. Integrierte & flexibel gestaltbare L\u00f6sungen k\u00f6nnen selbst gro\u00dfe Datenmengen einfach und ausdrucksstark visualisieren.\",\"breadcrumb\":{\"@id\":\"https:\/\/lindy.com\/de\/collaboration\/#breadcrumb\"},\"inLanguage\":\"de-DE\",\"potentialAction\":[{\"@type\":\"ReadAction\",\"target\":[\"https:\/\/lindy.com\/de\/collaboration\/\"]}]},{\"@type\":\"ImageObject\",\"inLanguage\":\"de-DE\",\"@id\":\"https:\/\/lindy.com\/de\/collaboration\/#primaryimage\",\"url\":\"https:\/\/lindy.com\/en\/wp-content\/uploads\/sites\/2\/2018\/10\/Collaberations_1.jpg\",\"contentUrl\":\"https:\/\/lindy.com\/en\/wp-content\/uploads\/sites\/2\/2018\/10\/Collaberations_1.jpg\"},{\"@type\":\"BreadcrumbList\",\"@id\":\"https:\/\/lindy.com\/de\/collaboration\/#breadcrumb\",\"itemListElement\":[{\"@type\":\"ListItem\",\"position\":1,\"name\":\"Home\",\"item\":\"https:\/\/lindy.com\/de\/\"},{\"@type\":\"ListItem\",\"position\":2,\"name\":\"Collaboration-L\u00f6sungen\"}]},{\"@type\":\"WebSite\",\"@id\":\"https:\/\/lindy.com\/de\/#website\",\"url\":\"https:\/\/lindy.com\/de\/\",\"name\":\"Lindy - German\",\"description\":\"Connection Perfection\",\"potentialAction\":[{\"@type\":\"SearchAction\",\"target\":{\"@type\":\"EntryPoint\",\"urlTemplate\":\"https:\/\/lindy.com\/de\/?s={search_term_string}\"},\"query-input\":{\"@type\":\"PropertyValueSpecification\",\"valueRequired\":true,\"valueName\":\"search_term_string\"}}],\"inLanguage\":\"de-DE\"}]}<\/script>\n<!-- \/ Yoast SEO plugin. -->","yoast_head_json":{"title":"Collaboration-L\u00f6sungen - Lindy Elektronik","description":"Lindy kann mithilfe intelligenter Konferenzraumtechnik selbst komplexeste Inhalte von einer oder mehreren Quellen \u00fcbermitteln. Integrierte & flexibel gestaltbare L\u00f6sungen k\u00f6nnen selbst gro\u00dfe Datenmengen einfach und ausdrucksstark visualisieren.","robots":{"index":"index","follow":"follow","max-snippet":"max-snippet:-1","max-image-preview":"max-image-preview:large","max-video-preview":"max-video-preview:-1"},"canonical":"https:\/\/lindy.com\/de\/collaboration\/","og_locale":"de_DE","og_type":"article","og_title":"Collaboration-L\u00f6sungen - Lindy Elektronik","og_description":"Lindy kann mithilfe intelligenter Konferenzraumtechnik selbst komplexeste Inhalte von einer oder mehreren Quellen \u00fcbermitteln. Integrierte & flexibel gestaltbare L\u00f6sungen k\u00f6nnen selbst gro\u00dfe Datenmengen einfach und ausdrucksstark visualisieren.","og_url":"https:\/\/lindy.com\/de\/collaboration\/","og_site_name":"Lindy - German","article_modified_time":"2020-01-29T14:31:36+00:00","og_image":[{"url":"https:\/\/lindy.com\/en\/wp-content\/uploads\/sites\/2\/2018\/10\/Collaberations_1.jpg","type":"","width":"","height":""}],"twitter_card":"summary_large_image","twitter_misc":{"Gesch\u00e4tzte Lesezeit":"3 Minuten"},"schema":{"@context":"https:\/\/schema.org","@graph":[{"@type":"WebPage","@id":"https:\/\/lindy.com\/de\/collaboration\/","url":"https:\/\/lindy.com\/de\/collaboration\/","name":"Collaboration-L\u00f6sungen - Lindy Elektronik","isPartOf":{"@id":"https:\/\/lindy.com\/de\/#website"},"primaryImageOfPage":{"@id":"https:\/\/lindy.com\/de\/collaboration\/#primaryimage"},"image":{"@id":"https:\/\/lindy.com\/de\/collaboration\/#primaryimage"},"thumbnailUrl":"https:\/\/lindy.com\/en\/wp-content\/uploads\/sites\/2\/2018\/10\/Collaberations_1.jpg","datePublished":"2018-11-16T10:18:33+00:00","dateModified":"2020-01-29T14:31:36+00:00","description":"Lindy kann mithilfe intelligenter Konferenzraumtechnik selbst komplexeste Inhalte von einer oder mehreren Quellen \u00fcbermitteln. Integrierte & flexibel gestaltbare L\u00f6sungen k\u00f6nnen selbst gro\u00dfe Datenmengen einfach und ausdrucksstark visualisieren.","breadcrumb":{"@id":"https:\/\/lindy.com\/de\/collaboration\/#breadcrumb"},"inLanguage":"de-DE","potentialAction":[{"@type":"ReadAction","target":["https:\/\/lindy.com\/de\/collaboration\/"]}]},{"@type":"ImageObject","inLanguage":"de-DE","@id":"https:\/\/lindy.com\/de\/collaboration\/#primaryimage","url":"https:\/\/lindy.com\/en\/wp-content\/uploads\/sites\/2\/2018\/10\/Collaberations_1.jpg","contentUrl":"https:\/\/lindy.com\/en\/wp-content\/uploads\/sites\/2\/2018\/10\/Collaberations_1.jpg"},{"@type":"BreadcrumbList","@id":"https:\/\/lindy.com\/de\/collaboration\/#breadcrumb","itemListElement":[{"@type":"ListItem","position":1,"name":"Home","item":"https:\/\/lindy.com\/de\/"},{"@type":"ListItem","position":2,"name":"Collaboration-L\u00f6sungen"}]},{"@type":"WebSite","@id":"https:\/\/lindy.com\/de\/#website","url":"https:\/\/lindy.com\/de\/","name":"Lindy - German","description":"Connection Perfection","potentialAction":[{"@type":"SearchAction","target":{"@type":"EntryPoint","urlTemplate":"https:\/\/lindy.com\/de\/?s={search_term_string}"},"query-input":{"@type":"PropertyValueSpecification","valueRequired":true,"valueName":"search_term_string"}}],"inLanguage":"de-DE"}]}},"_links":{"self":[{"href":"https:\/\/lindy.com\/de\/wp-json\/wp\/v2\/pages\/334","targetHints":{"allow":["GET"]}}],"collection":[{"href":"https:\/\/lindy.com\/de\/wp-json\/wp\/v2\/pages"}],"about":[{"href":"https:\/\/lindy.com\/de\/wp-json\/wp\/v2\/types\/page"}],"author":[{"embeddable":true,"href":"https:\/\/lindy.com\/de\/wp-json\/wp\/v2\/users\/16"}],"replies":[{"embeddable":true,"href":"https:\/\/lindy.com\/de\/wp-json\/wp\/v2\/comments?post=334"}],"version-history":[{"count":0,"href":"https:\/\/lindy.com\/de\/wp-json\/wp\/v2\/pages\/334\/revisions"}],"wp:attachment":[{"href":"https:\/\/lindy.com\/de\/wp-json\/wp\/v2\/media?parent=334"}],"curies":[{"name":"wp","href":"https:\/\/api.w.org\/{rel}","templated":true}]}}