{"id":3426,"date":"2023-09-06T10:28:42","date_gmt":"2023-09-06T10:28:42","guid":{"rendered":"https:\/\/lindy.com\/de\/?page_id=3426"},"modified":"2025-08-04T10:27:23","modified_gmt":"2025-08-04T10:27:23","slug":"aoc-kabel","status":"publish","type":"page","link":"https:\/\/lindy.com\/de\/aoc-kabel\/","title":{"rendered":"AOC-KABEL"},"content":{"rendered":"\n<section class=\"wp-block-lindy-image-text-module section section--full-width-image full-width-image--with-text theme--dark section--animation-none align--right  font--size-medium\" style=\"background-image:url(https:\/\/lindy.com\/de\/wp-content\/uploads\/sites\/3\/2023\/09\/Header-4.jpg)\"><img decoding=\"async\" class=\"full-width-image__image\" src=\"https:\/\/lindy.com\/de\/wp-content\/uploads\/sites\/3\/2023\/09\/Header-4.jpg\"\/><div class=\"contained\"><div class=\"full-width-image__content\"><h2 class=\"section__heading\"><span>8K PER GLASFASER<\/span><\/h2><h2 class=\"section__subheading section__subheading__title\">AOC-KABEL F\u00dcR AV<\/h2><\/div><\/div><\/section>\n\n\n\n<section class=\"wp-block-lindy-paragraph-and-images full-width-image--with-text section section--paragraph-image  theme--light font--size-medium\"><div class=\"grid-noBottom-middle-reverse\"><div class=\"col-6_sm-12 full-width-image__content section section--animation-none align--left \"><div class=\"content--animate\"><div class=\"contained\"><h2 class=\"section__heading\"><span>Warum Glasfaser <\/span><\/h2><h2 class=\"section__subheading section__subheading__title\">f\u00fcr AV-KABEL?<\/h2><p class=\"section__paragraph\"><br\/>Die stetig gr\u00f6\u00dfer werdenden Displays unserer Tage erfordern Inhalte mit immer h\u00f6heren AV-Bildaufl\u00f6sungen, was enorme Anforderungen hinsichtlich der Bandbreite an die \u00dcbertragungswege stellt. Werden diese, bedingt durch die ebenfalls stetig wachsenden Raumgr\u00f6\u00dfen, immer l\u00e4nger, dann kommen herk\u00f6mmliche Kupferkabel schnell an ihre Grenzen. Abhilfe schafft hier die Verwendung von Glasfasern in AOC-Kabeln.<br\/><br\/><strong>Mixed Mode<\/strong><br\/><br\/>AOC-Kabel (<strong>A<\/strong>ctive<strong> O<\/strong>ptical <strong>C<\/strong>able) verwenden Hybrid-Kabelmaterial, bestehend aus Glasfasern und Kupferleitern. Weswegen AOC-Kabel oft auch einfach &#8218;Hybridkabel&#8216; genannt werden. Der technische Trick besteht im Aufsplitten des AV-Signales in das eigentliche Nutzsignal, das mit seiner gro\u00dfen Bandbreitenforderung bis 48GBit\/s\u00a0als Lichtimpulse \u00fcber die Glasfasern geschickt wird, und die gen\u00fcgsameren Steuersignale, die sich auch \u00fcber gr\u00f6\u00dfere Distanzen mit den Kupferadern zufrieden geben. Dies vereinfacht die erforderliche Wandlertechnologie signifikant, erm\u00f6glicht remoteseitige Spannungsversorgung durch das Kabel hindurch, vereint so die Vorteile der robusten Kupferleitungen mit denen der Glasfasern und stellt dem Anwender das Beste aus beiden Welten bereit.<\/p><\/div><\/div><\/div><div class=\"col-6_sm-12 full-width-image--with-text align--left\" style=\"background-image:url(https:\/\/lindy.com\/de\/wp-content\/uploads\/sites\/3\/2023\/09\/Resolution-1.jpg)\"><img decoding=\"async\" src=\"https:\/\/lindy.com\/de\/wp-content\/uploads\/sites\/3\/2023\/09\/Resolution-1.jpg\"\/><\/div><\/div><\/section>\n\n\n\n<section class=\"wp-block-lindy-parallax-hero section parallax-hero theme--light align--left  font--size-medium\" style=\"background-image:url(https:\/\/lindy.com\/de\/wp-content\/uploads\/sites\/3\/2023\/09\/Header-3.jpg)\"><div class=\"contained contained--full-width\"><div class=\"parallax-hero__content\"><div class=\"parallax-hero__content-wrapper align--left\"><\/div><\/div><\/div><\/section>\n\n\n\n<section class=\"wp-block-lindy-parallax-hero section parallax-hero theme--dark align--right  font--size-medium\" style=\"background-image:url(https:\/\/lindy.com\/de\/wp-content\/uploads\/sites\/3\/2023\/09\/Header-3.jpg)\"><div class=\"contained contained--full-width\"><div class=\"parallax-hero__content\"><div class=\"parallax-hero__content-wrapper align--right\"><h2 class=\"section__heading\"><span>FIBRE-OPTIC-HYBRID-KABEL <\/span><\/h2><h2 class=\"section__subheading section__subheading__title\">F\u00dcR HDMI\u00ae UND DISPLAYPORT<br\/><\/h2><\/div><\/div><\/div><\/section>\n\n\n\n<section id=\"hdmi\u00ae\" class=\"wp-block-lindy-anchor-section section section--anchor\"><\/section>\n\n\n\n<section class=\"wp-block-lindy-paragraph-and-images full-width-image--with-text section section--paragraph-image  theme--light font--size-small\"><div class=\"grid-noBottom-middle-reverse\"><div class=\"col-6_sm-12 full-width-image__content section section--animation-right align--left \"><div class=\"content--animate\"><div class=\"contained\"><h2 class=\"section__heading\"><span><br\/><br\/>Fibre-Optic-Hybrid <br\/><strong>HDMI\u00ae 8K60 Kabel<\/strong><\/span><\/h2><h2 class=\"section__subheading section__subheading__title\">No. 38510 &#8211; 38518<\/h2><p class=\"section__paragraph\"><br\/><strong>Hochaufl\u00f6sende HDMI\u00ae-Signale mit 8K <\/strong><br\/><strong>\u00fcber Distanzen bis 200m<\/strong><br\/>\u00a0<br\/>Mit ihrer Bandbreite von 48GBit\/s unterst\u00fctzen die Kabel HDMI\u00ae 2.1-Aufl\u00f6sungen bei 60Hz von bis zu\u00a08K unkomprimiert bzw. 10K mit DSC (<strong>D<\/strong>isplay <strong>S<\/strong>tream <strong>C<\/strong>ompression) und bei 120Hz bis 4K &#8211; ideal f\u00fcr Gaming und Videoschnitt.<br\/><br\/>\u2022 Unterst\u00fctzte HDMI\u00ae-Version: HDMI\u00ae 2.1<br\/>\u2022 Unterst\u00fctzte Bandbreite: 48GBit\/s<br\/>\u2022 Unterst\u00fctzte Aufl\u00f6sungen:<br\/>  &#8212; 60Hz: 7680&#215;4320 4:2:0 10Bit, 10240&#215;4320(DSC)<br\/>  &#8212; 120Hz:\u00a03840&#215;2160 4:4:4<br\/>\u2022 Beschichtung Steckerh\u00fclse und Pins: Gold\u00a0<br\/>\u2022 Steckergeh\u00e4usematerial: PVC<br\/>\u2022 Verf\u00fcgbare L\u00e4ngen: 10m, 15m, 20m, 30m, 40m, 50m, 60m, 70m und 100m<br\/>\u2022 L\u00e4ngen bis 200m auf Anfrage<br\/><br\/><\/p><div class=\"section__button\"><a href=\"https:\/\/www.lindy.de\/?websale8=ld0101.ld011101&amp;ci=271&amp;etcc_cmp=LP-AOC-Kabel&amp;etcc_med=WebSite-DE\" class=\"button button--dark\" target=\"_blank\">Zu den Produkten<\/a><\/div><\/div><\/div><\/div><div class=\"col-6_sm-12 full-width-image--with-text align--left\" style=\"background-image:url(https:\/\/lindy.com\/de\/wp-content\/uploads\/sites\/3\/2023\/09\/38510-5-LP-Half-Width.png)\"><img decoding=\"async\" src=\"https:\/\/lindy.com\/de\/wp-content\/uploads\/sites\/3\/2023\/09\/38510-5-LP-Half-Width.png\"\/><\/div><\/div><\/section>\n\n\n\n<section class=\"wp-block-lindy-paragraph-and-images full-width-image--with-text section section--paragraph-image  theme--light font--size-small\"><div class=\"grid-noBottom-middle\"><div class=\"col-6_sm-12 full-width-image__content section section--animation-left align--right \"><div class=\"content--animate\"><div class=\"contained\"><h2 class=\"section__heading\"><span><br\/>Fibre Optic Hybrid <br\/><strong>DisplayPort 2.0 UHBR10 Kabel<\/strong><\/span><\/h2><h2 class=\"section__subheading section__subheading__title\">No. 38520 &#8211; 38525<\/h2><p class=\"section__paragraph\"><br\/><strong>Hochaufl\u00f6sende <strong>DP-Signale<\/strong> <\/strong><br\/><strong>\u00fcber Distanzen bis 50m mit 8K <\/strong><br\/>\u00a0<br\/>Mit einer Bandbreite von 40GBit\/s UHBR10 (<strong>U<\/strong>ltra <strong>H<\/strong>igh <strong>B<\/strong>it <strong>R<\/strong>ate &#8211; 10Gbit\/s per Lane) unterst\u00fctzen die Kabel DisplayPort 2.0-Aufl\u00f6sungen bei 60Hz von bis zu\u00a08K unkomprimiert bzw. 10K mit DSC (<strong>D<\/strong>isplay <strong>S<\/strong>tream <strong>C<\/strong>ompression) und &#8211; ideal f\u00fcr Gaming und Videoschnitt &#8211;\u00a0bei 144Hz bis 4K.<br\/><br\/>\u2022 Unterst\u00fctzte DP-Version: DisplayPort 2.0<br\/>\u2022 Unterst\u00fctzte Bandbreite: 40GBit\/s<br\/>\u2022 Unterst\u00fctzte Aufl\u00f6sungen:<br\/>  &#8212; 60Hz: 7680&#215;4320 4:2:0 10Bit, 10240&#215;4320(DSC)<br\/>  &#8212; 120Hz:\u00a03840&#215;2160 4:4:4<br\/>\u2022 Beschichtung Steckerh\u00fclse und Pins: Gold\u00a0<br\/>\u2022 Steckergeh\u00e4usematerial:\u00a0PVC<br\/>\u2022 Verf\u00fcgbare L\u00e4ngen: 10m, 15m, 20m, 30m, 40m, 50m<br\/><br\/><\/p><div class=\"section__button\"><a href=\"https:\/\/www.lindy.de\/?websale8=ld0101.ld011101&amp;ci=272&amp;etcc_cmp=LP-AOC-Kabel&amp;etcc_med=WebSite-DE\" class=\"button button--dark\" target=\"_blank\">Zu den Produkten<\/a><\/div><\/div><\/div><\/div><div class=\"col-6_sm-12 full-width-image--with-text align--right\" style=\"background-image:url(https:\/\/lindy.com\/de\/wp-content\/uploads\/sites\/3\/2023\/09\/38520-5-LP-Half-Width.png)\"><img decoding=\"async\" src=\"https:\/\/lindy.com\/de\/wp-content\/uploads\/sites\/3\/2023\/09\/38520-5-LP-Half-Width.png\"\/><\/div><\/div><\/section>\n\n\n\n<section class=\"wp-block-lindy-parallax-hero section parallax-hero theme--dark align--right  font--size-medium\" style=\"background-image:url(https:\/\/lindy.com\/de\/wp-content\/uploads\/sites\/3\/2023\/09\/HDMI-Steckerzeichnung.png)\"><div class=\"contained contained--full-width\"><div class=\"parallax-hero__content\"><div class=\"parallax-hero__content-wrapper align--right\"><p class=\"section__paragraph\"><br\/><\/p><\/div><\/div><\/div><\/section>\n\n\n\n<section class=\"wp-block-lindy-parallax-hero section parallax-hero theme--dark align--right  font--size-medium\" style=\"background-image:url(https:\/\/lindy.com\/de\/wp-content\/uploads\/sites\/3\/2023\/09\/HDMI-Steckerzeichnung.png)\"><div class=\"contained contained--full-width\"><div class=\"parallax-hero__content\"><div class=\"parallax-hero__content-wrapper align--right\"><h2 class=\"section__heading\"><span><strong>Technik <\/strong><\/span><\/h2><h2 class=\"section__subheading section__subheading__title\">im Stecker<\/h2><p class=\"section__paragraph\"><br\/>Die hochkomprimierte Wandler-Technologie f\u00fcr das Umsetzen der elektrischen AV-Signale auf Fibre Optic und wieder zur\u00fcck sitzt in den Steckverbindern der Kabel und wird direkt aus der HDMI\u00ae- bzw. DisplayPort-Schnittstelle mit Spannung versorgt.  Die Kabel haben daher eine vorgegebene Laufrichtung: die Stecker sind mit &#8218;Display&#8216; und &#8218;Source&#8216; gekennzeichnet.<\/p><\/div><\/div><\/div><\/section>\n\n\n\n<section class=\"wp-block-lindy-paragraph-and-images full-width-image--with-text section section--paragraph-image  theme--light font--size-medium\"><div class=\"grid-noBottom-middle\"><div class=\"col-6_sm-12 full-width-image__content section section--animation-none align--right \"><div class=\"content--animate\"><div class=\"contained\"><h2 class=\"section__heading\"><span>HDR <\/span><\/h2><h2 class=\"section__subheading section__subheading__title\">F\u00fcr alle<\/h2><p class=\"section__paragraph\"><br\/>Sowohl bei den HDMI\u00ae- wie auch bei den Displayport-Kabeln erm\u00f6glicht die unterst\u00fctzte Farbtiefe von 10 Bit\/Farbkanal die HDR-Darstellung der Video-Inhalte mit dem erweiterten Farbraum nach BT.2020 und hohem Kontrastumfang. Inhalte k\u00f6nnen so auch bei h\u00f6heren Bildwiederholraten in gr\u00f6\u00dfter Detailtreue und Klarheit wiedergegeben werden. Die goldbeschichteten Pins und Steckerh\u00fclsen sorgen f\u00fcr Korrosionsbest\u00e4ndigkeit und Langzeit-Signalkonsistenz.<\/p><\/div><\/div><\/div><div class=\"col-6_sm-12 full-width-image--with-text align--right\" style=\"background-image:url(https:\/\/lindy.com\/de\/wp-content\/uploads\/sites\/3\/2023\/09\/Living-room-screen.jpg)\"><img decoding=\"async\" src=\"https:\/\/lindy.com\/de\/wp-content\/uploads\/sites\/3\/2023\/09\/Living-room-screen.jpg\"\/><\/div><\/div><\/section>\n\n\n\n<section class=\"wp-block-lindy-paragraph-and-images full-width-image--with-text section section--paragraph-image  theme--light font--size-medium\"><div class=\"grid-noBottom-middle-reverse\"><div class=\"col-6_sm-12 full-width-image__content section section--animation-none align--left \"><div class=\"content--animate\"><div class=\"contained\"><h2 class=\"section__heading\"><span>St\u00f6rungsresistent<\/span><\/h2><h2 class=\"section__subheading section__subheading__title\">Gegen RF &amp; EMI <\/h2><p class=\"section__paragraph\"><br\/>Diese kombinierte Kupfer- und Glasfaser-Kabelkonstruktion bewirkt im Betrieb eine sehr niedrige elektromagnetische Abstrahlung und hohe Resistenz gegen EMI- und RF-St\u00f6reinfl\u00fcsse. Sie macht diese Kabel zum idealen \u00dcbertragungsmedium f\u00fcr jedes Szenario, etwa im industriellen oder im medizinischen Sektor, aber auch f\u00fcr Digital Signage, DooH oder im Bereich Heimanwendung.\u00a0\u00a0\u00a0<\/p><\/div><\/div><\/div><div class=\"col-6_sm-12 full-width-image--with-text align--left\" style=\"background-image:url(https:\/\/lindy.com\/de\/wp-content\/uploads\/sites\/3\/2023\/09\/fibre-dots.png)\"><img decoding=\"async\" src=\"https:\/\/lindy.com\/de\/wp-content\/uploads\/sites\/3\/2023\/09\/fibre-dots.png\"\/><\/div><\/div><\/section>\n\n\n\n<section class=\"wp-block-lindy-image-text-module section section--full-width-image full-width-image--with-text theme--dark section--animation-none align--center  font--size-medium\" style=\"background-image:url(https:\/\/lindy.com\/de\/wp-content\/uploads\/sites\/3\/2024\/10\/Sales-Background.png)\"><img decoding=\"async\" class=\"full-width-image__image\" src=\"https:\/\/lindy.com\/de\/wp-content\/uploads\/sites\/3\/2024\/10\/Sales-Background.png\"\/><div class=\"contained\"><div class=\"full-width-image__content\"><h2 class=\"section__heading\"><span>HABEN SIE FRAGEN ODER W\u00dcNSCHEN<br\/>SIE EINE PERS\u00d6NLICHE BERATUNG?<\/span><\/h2><h2 class=\"section__subheading section__subheading__title\">SPRECHEN SIE MIT UNSEREN EXPERTEN<\/h2><p class=\"section__paragraph\"><br\/><\/p><a href=\"https:\/\/lindy.com\/de\/beratung-zu-aoc-av-kabeln\/\" class=\"button button--white-transparent\" target=\"_self\" rel=\"noopener noreferrer\">TERMIN VEREINBAREN<\/a><\/div><\/div><\/section>\n","protected":false},"excerpt":{"rendered":"","protected":false},"author":21,"featured_media":0,"parent":0,"menu_order":0,"comment_status":"closed","ping_status":"closed","template":"page-templates\/template-landing.php","meta":{"_acf_changed":false,"footnotes":""},"class_list":["post-3426","page","type-page","status-publish","hentry"],"acf":[],"yoast_head":"<!-- This site is optimized with the Yoast SEO plugin v26.6 - https:\/\/yoast.com\/wordpress\/plugins\/seo\/ -->\n<title>AOC-KABEL - Lindy - German<\/title>\n<meta name=\"description\" content=\"AOC-Kabel sind der neueste Trend f\u00fcr lange AV-\u00dcbertragungsstrecken. Sie verwenden Hybrid-Kabelmaterial, aus Glasfasern und Kupferleitern.\" \/>\n<meta name=\"robots\" content=\"index, follow, max-snippet:-1, max-image-preview:large, max-video-preview:-1\" \/>\n<link rel=\"canonical\" href=\"https:\/\/lindy.com\/de\/aoc-kabel\/\" \/>\n<meta property=\"og:locale\" content=\"de_DE\" \/>\n<meta property=\"og:type\" content=\"article\" \/>\n<meta property=\"og:title\" content=\"AOC-KABEL - Lindy - German\" \/>\n<meta property=\"og:description\" content=\"AOC-Kabel sind der neueste Trend f\u00fcr lange AV-\u00dcbertragungsstrecken. Sie verwenden Hybrid-Kabelmaterial, aus Glasfasern und Kupferleitern.\" \/>\n<meta property=\"og:url\" content=\"https:\/\/lindy.com\/de\/aoc-kabel\/\" \/>\n<meta property=\"og:site_name\" content=\"Lindy - German\" \/>\n<meta property=\"article:modified_time\" content=\"2025-08-04T10:27:23+00:00\" \/>\n<meta property=\"og:image\" content=\"https:\/\/lindy.com\/de\/wp-content\/uploads\/sites\/3\/2023\/09\/Header-4.jpg\" \/>\n<meta name=\"twitter:card\" content=\"summary_large_image\" \/>\n<meta name=\"twitter:label1\" content=\"Gesch\u00e4tzte Lesezeit\" \/>\n\t<meta name=\"twitter:data1\" content=\"5 Minuten\" \/>\n<script type=\"application\/ld+json\" class=\"yoast-schema-graph\">{\"@context\":\"https:\/\/schema.org\",\"@graph\":[{\"@type\":\"WebPage\",\"@id\":\"https:\/\/lindy.com\/de\/aoc-kabel\/\",\"url\":\"https:\/\/lindy.com\/de\/aoc-kabel\/\",\"name\":\"AOC-KABEL - Lindy - German\",\"isPartOf\":{\"@id\":\"https:\/\/lindy.com\/de\/#website\"},\"primaryImageOfPage\":{\"@id\":\"https:\/\/lindy.com\/de\/aoc-kabel\/#primaryimage\"},\"image\":{\"@id\":\"https:\/\/lindy.com\/de\/aoc-kabel\/#primaryimage\"},\"thumbnailUrl\":\"https:\/\/lindy.com\/de\/wp-content\/uploads\/sites\/3\/2023\/09\/Header-4.jpg\",\"datePublished\":\"2023-09-06T10:28:42+00:00\",\"dateModified\":\"2025-08-04T10:27:23+00:00\",\"description\":\"AOC-Kabel sind der neueste Trend f\u00fcr lange AV-\u00dcbertragungsstrecken. Sie verwenden Hybrid-Kabelmaterial, aus Glasfasern und Kupferleitern.\",\"breadcrumb\":{\"@id\":\"https:\/\/lindy.com\/de\/aoc-kabel\/#breadcrumb\"},\"inLanguage\":\"de-DE\",\"potentialAction\":[{\"@type\":\"ReadAction\",\"target\":[\"https:\/\/lindy.com\/de\/aoc-kabel\/\"]}]},{\"@type\":\"ImageObject\",\"inLanguage\":\"de-DE\",\"@id\":\"https:\/\/lindy.com\/de\/aoc-kabel\/#primaryimage\",\"url\":\"https:\/\/lindy.com\/de\/wp-content\/uploads\/sites\/3\/2023\/09\/Header-4.jpg\",\"contentUrl\":\"https:\/\/lindy.com\/de\/wp-content\/uploads\/sites\/3\/2023\/09\/Header-4.jpg\",\"width\":1920,\"height\":1080},{\"@type\":\"BreadcrumbList\",\"@id\":\"https:\/\/lindy.com\/de\/aoc-kabel\/#breadcrumb\",\"itemListElement\":[{\"@type\":\"ListItem\",\"position\":1,\"name\":\"Home\",\"item\":\"https:\/\/lindy.com\/de\/\"},{\"@type\":\"ListItem\",\"position\":2,\"name\":\"AOC-KABEL\"}]},{\"@type\":\"WebSite\",\"@id\":\"https:\/\/lindy.com\/de\/#website\",\"url\":\"https:\/\/lindy.com\/de\/\",\"name\":\"Lindy - German\",\"description\":\"Connection Perfection\",\"potentialAction\":[{\"@type\":\"SearchAction\",\"target\":{\"@type\":\"EntryPoint\",\"urlTemplate\":\"https:\/\/lindy.com\/de\/?s={search_term_string}\"},\"query-input\":{\"@type\":\"PropertyValueSpecification\",\"valueRequired\":true,\"valueName\":\"search_term_string\"}}],\"inLanguage\":\"de-DE\"}]}<\/script>\n<!-- \/ Yoast SEO plugin. -->","yoast_head_json":{"title":"AOC-KABEL - Lindy - German","description":"AOC-Kabel sind der neueste Trend f\u00fcr lange AV-\u00dcbertragungsstrecken. Sie verwenden Hybrid-Kabelmaterial, aus Glasfasern und Kupferleitern.","robots":{"index":"index","follow":"follow","max-snippet":"max-snippet:-1","max-image-preview":"max-image-preview:large","max-video-preview":"max-video-preview:-1"},"canonical":"https:\/\/lindy.com\/de\/aoc-kabel\/","og_locale":"de_DE","og_type":"article","og_title":"AOC-KABEL - Lindy - German","og_description":"AOC-Kabel sind der neueste Trend f\u00fcr lange AV-\u00dcbertragungsstrecken. Sie verwenden Hybrid-Kabelmaterial, aus Glasfasern und Kupferleitern.","og_url":"https:\/\/lindy.com\/de\/aoc-kabel\/","og_site_name":"Lindy - German","article_modified_time":"2025-08-04T10:27:23+00:00","og_image":[{"url":"https:\/\/lindy.com\/de\/wp-content\/uploads\/sites\/3\/2023\/09\/Header-4.jpg","type":"","width":"","height":""}],"twitter_card":"summary_large_image","twitter_misc":{"Gesch\u00e4tzte Lesezeit":"5 Minuten"},"schema":{"@context":"https:\/\/schema.org","@graph":[{"@type":"WebPage","@id":"https:\/\/lindy.com\/de\/aoc-kabel\/","url":"https:\/\/lindy.com\/de\/aoc-kabel\/","name":"AOC-KABEL - Lindy - German","isPartOf":{"@id":"https:\/\/lindy.com\/de\/#website"},"primaryImageOfPage":{"@id":"https:\/\/lindy.com\/de\/aoc-kabel\/#primaryimage"},"image":{"@id":"https:\/\/lindy.com\/de\/aoc-kabel\/#primaryimage"},"thumbnailUrl":"https:\/\/lindy.com\/de\/wp-content\/uploads\/sites\/3\/2023\/09\/Header-4.jpg","datePublished":"2023-09-06T10:28:42+00:00","dateModified":"2025-08-04T10:27:23+00:00","description":"AOC-Kabel sind der neueste Trend f\u00fcr lange AV-\u00dcbertragungsstrecken. Sie verwenden Hybrid-Kabelmaterial, aus Glasfasern und Kupferleitern.","breadcrumb":{"@id":"https:\/\/lindy.com\/de\/aoc-kabel\/#breadcrumb"},"inLanguage":"de-DE","potentialAction":[{"@type":"ReadAction","target":["https:\/\/lindy.com\/de\/aoc-kabel\/"]}]},{"@type":"ImageObject","inLanguage":"de-DE","@id":"https:\/\/lindy.com\/de\/aoc-kabel\/#primaryimage","url":"https:\/\/lindy.com\/de\/wp-content\/uploads\/sites\/3\/2023\/09\/Header-4.jpg","contentUrl":"https:\/\/lindy.com\/de\/wp-content\/uploads\/sites\/3\/2023\/09\/Header-4.jpg","width":1920,"height":1080},{"@type":"BreadcrumbList","@id":"https:\/\/lindy.com\/de\/aoc-kabel\/#breadcrumb","itemListElement":[{"@type":"ListItem","position":1,"name":"Home","item":"https:\/\/lindy.com\/de\/"},{"@type":"ListItem","position":2,"name":"AOC-KABEL"}]},{"@type":"WebSite","@id":"https:\/\/lindy.com\/de\/#website","url":"https:\/\/lindy.com\/de\/","name":"Lindy - German","description":"Connection Perfection","potentialAction":[{"@type":"SearchAction","target":{"@type":"EntryPoint","urlTemplate":"https:\/\/lindy.com\/de\/?s={search_term_string}"},"query-input":{"@type":"PropertyValueSpecification","valueRequired":true,"valueName":"search_term_string"}}],"inLanguage":"de-DE"}]}},"_links":{"self":[{"href":"https:\/\/lindy.com\/de\/wp-json\/wp\/v2\/pages\/3426","targetHints":{"allow":["GET"]}}],"collection":[{"href":"https:\/\/lindy.com\/de\/wp-json\/wp\/v2\/pages"}],"about":[{"href":"https:\/\/lindy.com\/de\/wp-json\/wp\/v2\/types\/page"}],"author":[{"embeddable":true,"href":"https:\/\/lindy.com\/de\/wp-json\/wp\/v2\/users\/21"}],"replies":[{"embeddable":true,"href":"https:\/\/lindy.com\/de\/wp-json\/wp\/v2\/comments?post=3426"}],"version-history":[{"count":10,"href":"https:\/\/lindy.com\/de\/wp-json\/wp\/v2\/pages\/3426\/revisions"}],"predecessor-version":[{"id":16452,"href":"https:\/\/lindy.com\/de\/wp-json\/wp\/v2\/pages\/3426\/revisions\/16452"}],"wp:attachment":[{"href":"https:\/\/lindy.com\/de\/wp-json\/wp\/v2\/media?parent=3426"}],"curies":[{"name":"wp","href":"https:\/\/api.w.org\/{rel}","templated":true}]}}