{"id":3466,"date":"2023-09-14T12:43:08","date_gmt":"2023-09-14T12:43:08","guid":{"rendered":"https:\/\/lindy.com\/de\/?page_id=3466"},"modified":"2024-10-31T07:54:19","modified_gmt":"2024-10-31T07:54:19","slug":"mission-und-vision","status":"publish","type":"page","link":"https:\/\/lindy.com\/de\/mission-und-vision\/","title":{"rendered":"Mission &#038; Vision"},"content":{"rendered":"\n<section class=\"wp-block-lindy-image-text-module section section--full-width-image full-width-image--with-text theme--dark section--animation-none align--center  font--size-large\" style=\"background-image:url(https:\/\/lindy.com\/de\/wp-content\/uploads\/sites\/3\/2018\/11\/Pattern_1.jpg)\"><img decoding=\"async\" class=\"full-width-image__image\" src=\"https:\/\/lindy.com\/de\/wp-content\/uploads\/sites\/3\/2018\/11\/Pattern_1.jpg\"\/><div class=\"contained\"><div class=\"full-width-image__content\"><h2 class=\"section__heading\"><span><strong>Vision <\/strong><\/span><\/h2><h2 class=\"section__subheading section__subheading__title\"><strong>&amp; MISSION<\/strong><\/h2><\/div><\/div><\/section>\n\n\n\n<section class=\"wp-block-lindy-image-text-module section section--full-width-image full-width-image--with-text theme--light section--animation-none align--left font--camber font--size-small\" style=\"background-image:url()\"><img decoding=\"async\" class=\"full-width-image__image\" src=\"\"\/><div class=\"contained\"><div class=\"full-width-image__content\"><h2 class=\"section__heading\"><span>Vision<\/span><\/h2><h2 class=\"section__subheading section__subheading__title\">Connection Perfection<\/h2><p class=\"section__paragraph\"><br\/>Unser Ziel ist es, weltweit f\u00fchrender L\u00f6sungsanbieter, Entwickler und Hersteller innovativer Technologie-Produkte zu sein. Aus diesem Bestreben generieren wir die Inspiration unserer Mitarbeiter und die Begeisterung unserer Kunden. Gemeinsam blicken wir in eine Zukunft, in der Lindy heute wie morgen Ma\u00dfst\u00e4be setzt.<\/p><\/div><\/div><\/section>\n\n\n\n<section class=\"wp-block-lindy-image-text-module section section--full-width-image full-width-image--with-text theme--dark section--animation-none align--right font--camber font--size-small\" style=\"background-image:url()\"><img decoding=\"async\" class=\"full-width-image__image\" src=\"\"\/><div class=\"contained\"><div class=\"full-width-image__content\"><h2 class=\"section__heading\"><span>Mission<\/span><\/h2><h2 class=\"section__subheading section__subheading__title\">To provide the best technology solutions<br\/> and customer care in the connected world<\/h2><p class=\"section__paragraph\"><br\/>Wir st\u00e4rken gemeinsam langfristige Business-Partnerschaften durch eine Kultur der Kooperation und Exzellenz. Unser verantwortungsbewusstes Engagement f\u00fcr die perfekte Verbindung wird uns weiterhin antreiben, um sicherzustellen, dass wir den Anspr\u00fcchen und Bed\u00fcrfnissen unserer Kunden und Partner weltweit immer einen Schritt voraus sind.<br\/><\/p><\/div><\/div><\/section>\n\n\n\n<section id=\"werte\" class=\"wp-block-lindy-anchor-section section section--anchor\"><\/section>\n\n\n\n<section class=\"wp-block-lindy-paragraph-one-col section section--horizontal-content section--horizontal-content--one-column font--size-small theme--light align--center font--camber section--animation-none\"><div class=\"contained\"><h2 class=\"section__heading\"><span>Unsere Werte<\/span><\/h2><h2 class=\"section__subheading section__subheading__title\">INtegrity, CarE, Ownership<\/h2><p class=\"section__paragraph\"><br\/>Lindy steht steht f\u00fcr Integrit\u00e4t, Zugewandtheit und Verantwortung. Werte, die seit je her bis heute f\u00fcr uns G\u00fcltigkeit haben und sich durchg\u00e4ngig in unserer Unternehmensphilosophie widerspiegeln.<\/p><\/div><\/section>\n\n\n\n<section class=\"wp-block-lindy-key-info section section--key-info theme--light section--animation-none\"><div class=\"contained\"><div class=\"grid-3_sm-1-center\"><div class=\"col left_item\"><div class=\"box box--border\"><h3 class=\"section__heading\">Integrity<\/h3><div class=\"section__content\"><p class=\"section__content\"><strong>WHAT WE SAY IS WHAT YOU GET<\/strong><br\/><br\/>Unser Handeln befindet sich im Einklang mit unseren inneren \u00dcberzeugungen!<br\/><br\/>Daher tun wir, was wir sagen und wir sagen, was wir tun. Diese Verl\u00e4sslichkeit und Transparenz geh\u00f6ren als integraler Bestandteil unserer Philosophie zur Marke Lindy wie der Name, das Logo und die Qualit\u00e4t von Service und Produkten.<br\/><br\/>Respekt, Fairness und Vertrauensw\u00fcrdigkeit im t\u00e4glichen Umgang mit Kunden, Partnern, Mitarbeitern und Kollegen geh\u00f6ren f\u00fcr uns zu den h\u00f6chsten und unumst\u00f6\u00dflichen ethischen Standards, an die wir uns halten.<\/p><\/div><\/div><\/div><div class=\"col right_item\"><div class=\"box box--border\"><h3 class=\"section__heading\">Care<\/h3><div class=\"section__content\"><p class=\"section__content\"><strong>AUGE &amp; OHR AM KUNDEN<\/strong><br\/><br\/><br\/>Wir k\u00fcmmern uns!<br\/>\u00a0<br\/>\u00dcber die Unternehmens-grenzen hinweg versetzen wir uns in unser Gegen\u00fcber hinein, antizipieren die Anforderungen, W\u00fcnsche und Bed\u00fcrfnisse des jeweils Anderen und stellen die pers\u00f6nliche Verbindung \u00fcber die reine Transaktion. Diese Handlungsweise kennzeichnet seit unseren Anf\u00e4ngen sowohl das Verh\u00e4ltnis zu unseren Kunden und Partnern, wie auch unseren Umgang miteinander.\u00a0\u00a0<br\/><br\/>Gespr\u00e4ch und Diskussion auf Augenh\u00f6he, Anregungen, W\u00fcnsche und Ideen bilden seit jeher den &#8218;Treibstoff&#8216; und die Motivation f\u00fcr unsere Weiter-entwicklung und leisten unseren Innovationen in unersetzlicher Weise Vorschub und Antrieb.<br\/>\u00a0<\/p><\/div><\/div><\/div><div class=\"col third_item\"><div class=\"box box--border\"><h3 class=\"section__heading\">Ownership<\/h3><div class=\"section__content\"><p class=\"section__content\"><strong>UNTERNEHMERISCHES HANDELN<\/strong><br\/><br\/>Wir gehen die Extrameile!<br\/>\u00a0<br\/>Wir denken und handeln eigenverantwortlich, lernen kontinuierlich und sorgen st\u00e4ndig f\u00fcr Weiterent-wicklung. Wir arbeiten nicht am Problem, sondern stets an L\u00f6sungen.\u00a0<br\/><br\/>Jeder Einzelne von uns ist tagt\u00e4glich gefordert, in der Kommunikation mit Partnern und Kunden Initiative zu ergreifen, Potenzial und M\u00f6glichkeiten zu erkennen und durch das eigene Handeln Fortschritt und Verbesserung herbeizuf\u00fchren.<br\/>\u00a0<\/p><\/div><\/div><\/div><\/div><\/div><\/section>\n","protected":false},"excerpt":{"rendered":"","protected":false},"author":21,"featured_media":0,"parent":0,"menu_order":0,"comment_status":"closed","ping_status":"closed","template":"page-templates\/template-landing.php","meta":{"_acf_changed":false,"footnotes":""},"class_list":["post-3466","page","type-page","status-publish","hentry"],"acf":[],"yoast_head":"<!-- This site is optimized with the Yoast SEO plugin v26.6 - https:\/\/yoast.com\/wordpress\/plugins\/seo\/ -->\n<title>Mission &amp; Vision - Lindy - German<\/title>\n<meta name=\"robots\" content=\"index, follow, max-snippet:-1, max-image-preview:large, max-video-preview:-1\" \/>\n<link rel=\"canonical\" href=\"https:\/\/lindy.com\/de\/mission-und-vision\/\" \/>\n<meta property=\"og:locale\" content=\"de_DE\" \/>\n<meta property=\"og:type\" content=\"article\" \/>\n<meta property=\"og:title\" content=\"Mission &amp; Vision - Lindy - German\" \/>\n<meta property=\"og:url\" content=\"https:\/\/lindy.com\/de\/mission-und-vision\/\" \/>\n<meta property=\"og:site_name\" content=\"Lindy - German\" \/>\n<meta property=\"article:modified_time\" content=\"2024-10-31T07:54:19+00:00\" \/>\n<meta property=\"og:image\" content=\"https:\/\/lindy.com\/de\/wp-content\/uploads\/sites\/3\/2018\/11\/Pattern_1.jpg\" \/>\n<meta name=\"twitter:card\" content=\"summary_large_image\" \/>\n<meta name=\"twitter:label1\" content=\"Gesch\u00e4tzte Lesezeit\" \/>\n\t<meta name=\"twitter:data1\" content=\"3 Minuten\" \/>\n<script type=\"application\/ld+json\" class=\"yoast-schema-graph\">{\"@context\":\"https:\/\/schema.org\",\"@graph\":[{\"@type\":\"WebPage\",\"@id\":\"https:\/\/lindy.com\/de\/mission-und-vision\/\",\"url\":\"https:\/\/lindy.com\/de\/mission-und-vision\/\",\"name\":\"Mission & Vision - Lindy - German\",\"isPartOf\":{\"@id\":\"https:\/\/lindy.com\/de\/#website\"},\"primaryImageOfPage\":{\"@id\":\"https:\/\/lindy.com\/de\/mission-und-vision\/#primaryimage\"},\"image\":{\"@id\":\"https:\/\/lindy.com\/de\/mission-und-vision\/#primaryimage\"},\"thumbnailUrl\":\"https:\/\/lindy.com\/de\/wp-content\/uploads\/sites\/3\/2018\/11\/Pattern_1.jpg\",\"datePublished\":\"2023-09-14T12:43:08+00:00\",\"dateModified\":\"2024-10-31T07:54:19+00:00\",\"breadcrumb\":{\"@id\":\"https:\/\/lindy.com\/de\/mission-und-vision\/#breadcrumb\"},\"inLanguage\":\"de-DE\",\"potentialAction\":[{\"@type\":\"ReadAction\",\"target\":[\"https:\/\/lindy.com\/de\/mission-und-vision\/\"]}]},{\"@type\":\"ImageObject\",\"inLanguage\":\"de-DE\",\"@id\":\"https:\/\/lindy.com\/de\/mission-und-vision\/#primaryimage\",\"url\":\"https:\/\/lindy.com\/de\/wp-content\/uploads\/sites\/3\/2018\/11\/Pattern_1.jpg\",\"contentUrl\":\"https:\/\/lindy.com\/de\/wp-content\/uploads\/sites\/3\/2018\/11\/Pattern_1.jpg\",\"width\":1920,\"height\":800},{\"@type\":\"BreadcrumbList\",\"@id\":\"https:\/\/lindy.com\/de\/mission-und-vision\/#breadcrumb\",\"itemListElement\":[{\"@type\":\"ListItem\",\"position\":1,\"name\":\"Home\",\"item\":\"https:\/\/lindy.com\/de\/\"},{\"@type\":\"ListItem\",\"position\":2,\"name\":\"Mission &#038; Vision\"}]},{\"@type\":\"WebSite\",\"@id\":\"https:\/\/lindy.com\/de\/#website\",\"url\":\"https:\/\/lindy.com\/de\/\",\"name\":\"Lindy - German\",\"description\":\"Connection Perfection\",\"potentialAction\":[{\"@type\":\"SearchAction\",\"target\":{\"@type\":\"EntryPoint\",\"urlTemplate\":\"https:\/\/lindy.com\/de\/?s={search_term_string}\"},\"query-input\":{\"@type\":\"PropertyValueSpecification\",\"valueRequired\":true,\"valueName\":\"search_term_string\"}}],\"inLanguage\":\"de-DE\"}]}<\/script>\n<!-- \/ Yoast SEO plugin. -->","yoast_head_json":{"title":"Mission & Vision - Lindy - German","robots":{"index":"index","follow":"follow","max-snippet":"max-snippet:-1","max-image-preview":"max-image-preview:large","max-video-preview":"max-video-preview:-1"},"canonical":"https:\/\/lindy.com\/de\/mission-und-vision\/","og_locale":"de_DE","og_type":"article","og_title":"Mission & Vision - Lindy - German","og_url":"https:\/\/lindy.com\/de\/mission-und-vision\/","og_site_name":"Lindy - German","article_modified_time":"2024-10-31T07:54:19+00:00","og_image":[{"url":"https:\/\/lindy.com\/de\/wp-content\/uploads\/sites\/3\/2018\/11\/Pattern_1.jpg","type":"","width":"","height":""}],"twitter_card":"summary_large_image","twitter_misc":{"Gesch\u00e4tzte Lesezeit":"3 Minuten"},"schema":{"@context":"https:\/\/schema.org","@graph":[{"@type":"WebPage","@id":"https:\/\/lindy.com\/de\/mission-und-vision\/","url":"https:\/\/lindy.com\/de\/mission-und-vision\/","name":"Mission & Vision - Lindy - German","isPartOf":{"@id":"https:\/\/lindy.com\/de\/#website"},"primaryImageOfPage":{"@id":"https:\/\/lindy.com\/de\/mission-und-vision\/#primaryimage"},"image":{"@id":"https:\/\/lindy.com\/de\/mission-und-vision\/#primaryimage"},"thumbnailUrl":"https:\/\/lindy.com\/de\/wp-content\/uploads\/sites\/3\/2018\/11\/Pattern_1.jpg","datePublished":"2023-09-14T12:43:08+00:00","dateModified":"2024-10-31T07:54:19+00:00","breadcrumb":{"@id":"https:\/\/lindy.com\/de\/mission-und-vision\/#breadcrumb"},"inLanguage":"de-DE","potentialAction":[{"@type":"ReadAction","target":["https:\/\/lindy.com\/de\/mission-und-vision\/"]}]},{"@type":"ImageObject","inLanguage":"de-DE","@id":"https:\/\/lindy.com\/de\/mission-und-vision\/#primaryimage","url":"https:\/\/lindy.com\/de\/wp-content\/uploads\/sites\/3\/2018\/11\/Pattern_1.jpg","contentUrl":"https:\/\/lindy.com\/de\/wp-content\/uploads\/sites\/3\/2018\/11\/Pattern_1.jpg","width":1920,"height":800},{"@type":"BreadcrumbList","@id":"https:\/\/lindy.com\/de\/mission-und-vision\/#breadcrumb","itemListElement":[{"@type":"ListItem","position":1,"name":"Home","item":"https:\/\/lindy.com\/de\/"},{"@type":"ListItem","position":2,"name":"Mission &#038; Vision"}]},{"@type":"WebSite","@id":"https:\/\/lindy.com\/de\/#website","url":"https:\/\/lindy.com\/de\/","name":"Lindy - German","description":"Connection Perfection","potentialAction":[{"@type":"SearchAction","target":{"@type":"EntryPoint","urlTemplate":"https:\/\/lindy.com\/de\/?s={search_term_string}"},"query-input":{"@type":"PropertyValueSpecification","valueRequired":true,"valueName":"search_term_string"}}],"inLanguage":"de-DE"}]}},"_links":{"self":[{"href":"https:\/\/lindy.com\/de\/wp-json\/wp\/v2\/pages\/3466","targetHints":{"allow":["GET"]}}],"collection":[{"href":"https:\/\/lindy.com\/de\/wp-json\/wp\/v2\/pages"}],"about":[{"href":"https:\/\/lindy.com\/de\/wp-json\/wp\/v2\/types\/page"}],"author":[{"embeddable":true,"href":"https:\/\/lindy.com\/de\/wp-json\/wp\/v2\/users\/21"}],"replies":[{"embeddable":true,"href":"https:\/\/lindy.com\/de\/wp-json\/wp\/v2\/comments?post=3466"}],"version-history":[{"count":36,"href":"https:\/\/lindy.com\/de\/wp-json\/wp\/v2\/pages\/3466\/revisions"}],"predecessor-version":[{"id":10224,"href":"https:\/\/lindy.com\/de\/wp-json\/wp\/v2\/pages\/3466\/revisions\/10224"}],"wp:attachment":[{"href":"https:\/\/lindy.com\/de\/wp-json\/wp\/v2\/media?parent=3466"}],"curies":[{"name":"wp","href":"https:\/\/api.w.org\/{rel}","templated":true}]}}