{"id":39,"date":"2018-10-25T12:48:02","date_gmt":"2018-10-25T12:48:02","guid":{"rendered":"https:\/\/lindy.com\/de\/?page_id=39"},"modified":"2019-12-18T16:22:06","modified_gmt":"2019-12-18T16:22:06","slug":"rechen-und-datenzentren","status":"publish","type":"page","link":"https:\/\/lindy.com\/de\/rechen-und-datenzentren\/","title":{"rendered":"L\u00f6sungen f\u00fcr Rechen- &#038; Datenzentren"},"content":{"rendered":"\n<section class=\"wp-block-lindy-parallax-hero section parallax-hero theme--light align--center  font--size-large\" style=\"background-image:url(https:\/\/lindy.com\/de\/wp-content\/uploads\/sites\/3\/2018\/12\/Amended_DataCenter_2.jpg)\"><div class=\"contained contained--full-width\"><div class=\"parallax-hero__content\"><div class=\"parallax-hero__content-wrapper align--center\"><h2 class=\"section__heading\"><span><br\/>ANWENDUNGEN <br\/>F\u00dcR RECHEN- <br\/><\/span><\/h2><h2 class=\"section__subheading section__subheading__title\">&amp; DATENZENTREN<\/h2><p class=\"section__paragraph\"><br\/>\u25bc<\/p><\/div><\/div><\/div><\/section>\n\n\n\n<section class=\"wp-block-lindy-parallax-hero section parallax-hero theme--dark align--center  font--size-medium\" style=\"background-image:url(https:\/\/lindy.com\/de\/wp-content\/uploads\/sites\/3\/2018\/12\/Amended_DataCenter_1.jpg)\"><div class=\"contained contained--full-width\"><div class=\"parallax-hero__content\"><div class=\"parallax-hero__content-wrapper align--center\"><h2 class=\"section__heading\"><span><br\/><br\/><br\/><br\/><br\/><br\/><br\/><br\/><br\/><\/span><\/h2><\/div><\/div><\/div><\/section>\n\n\n\n<section class=\"wp-block-lindy-parallax-hero section parallax-hero theme--light align--center font--camber font--size-medium\" style=\"background-image:url(https:\/\/lindy.com\/de\/wp-content\/uploads\/sites\/3\/2018\/12\/Amended_DataCenter_2.jpg)\"><div class=\"contained contained--full-width\"><div class=\"parallax-hero__content\"><div class=\"parallax-hero__content-wrapper align--center\"><h2 class=\"section__heading\"><span>Ihre Installationen <\/span><\/h2><h2 class=\"section__subheading section__subheading__title\"> IMMER UP TO DATE <\/h2><p class=\"section__paragraph\"><br\/>Moderne Rechen- und Datenzentren erfordern oft umfangreiche \u00dcberwachungs- und Fernzugriffsm\u00f6glichkeiten \u00fcber mehrere Systeme hinweg. Die KVM Pro Serie von Lindy verf\u00fcgt \u00fcber optionale Upgrades, die das Umschalten mit einer Matrix und die Daten\u00fcbertragung \u00fcber gro\u00dfe Entfernungen in diesen Umgebungen erleichtern.<br\/><\/p><\/div><\/div><\/div><\/section>\n\n\n\n<section class=\"wp-block-lindy-heading-text section section--heading-text theme--light align--center  font--size-large section--animation-none\"><div class=\"contained\"><h2 class=\"section__heading\"><span><br\/>Matrixschaltung<br\/><br\/><\/span><\/h2><\/div><\/section>\n\n\n\n<section class=\"wp-block-lindy-image-text-module section section--full-width-image full-width-image--with-text theme--light section--animation-none align--left  font--size-medium width--half\" style=\"background-image:url(https:\/\/lindy.com\/en\/wp-content\/uploads\/sites\/2\/2018\/10\/Matrix_2_AP-1.jpg)\"><img decoding=\"async\" class=\"full-width-image__image\" src=\"https:\/\/lindy.com\/en\/wp-content\/uploads\/sites\/2\/2018\/10\/Matrix_2_AP-1.jpg\"\/><div class=\"contained\"><div class=\"full-width-image__content\"><\/div><\/div><\/section>\n\n\n\n<section class=\"wp-block-lindy-image-text-module section section--full-width-image full-width-image--with-text theme--light section--animation-none align--left font--camber font--size-small width--half\" style=\"background-image:url()\"><img decoding=\"async\" class=\"full-width-image__image\" src=\"\"\/><div class=\"contained\"><div class=\"full-width-image__content\"><p class=\"section__paragraph\">Wird per Update die Matrix-Option freigeschaltet, so k\u00f6nnen \u00fcber einen Gigabit-f\u00e4higen Netzwerk-Switch bis zu 24 Rechner und 24 Arbeitspl\u00e4tze zu einem verteilten Matrix-System verbunden werden. Umschaltung via Hotkey oder OSD sind dabei ebenso obligatorisch, wie eine passwortgesteuerte Benutzerverwaltung, das Gruppieren mehrerer Bildschirme des Systems zu Multi Head Displays und ein Sharing Mode, mit dem mehrere Benutzer auf denselben Rechner zugreifen k\u00f6nnen. <\/p><a href=\"lindy.com\/de\/technologie\/matrix-switch\" class=\"button button--dark\" target=\"_blank\" rel=\"noopener noreferrer\">Mehr entdecken<\/a><\/div><\/div><\/section>\n\n\n\n<section class=\"wp-block-lindy-heading-text section section--heading-text theme--light align--center  font--size-large section--animation-none\"><div class=\"contained\"><h2 class=\"section__heading\"><span><br\/>KVM-Erweiterung<br\/><br\/><\/span><\/h2><\/div><\/section>\n\n\n\n<section class=\"wp-block-lindy-image-text-module section section--full-width-image full-width-image--with-text theme--light section--animation-none align--right font--camber font--size-small width--half\" style=\"background-image:url()\"><img decoding=\"async\" class=\"full-width-image__image\" src=\"\"\/><div class=\"contained\"><div class=\"full-width-image__content\"><p class=\"section__paragraph\">Durch die dauerhafte Verbindung der Rechner und Arbeits pl\u00e4tze mit ihrem jeweiligen Extender-System geht der Umschaltvorgang ohne Zeitverz\u00f6gerung vonstatten; es entsteht also ein Seamless-Switching-System mit verteilter Intelligenz. Mit passend best\u00fcckten Switches k\u00f6nnen Cat.6- und LWL-Ger\u00e4tevarianten der KVM Extender Series gemischt werden. Bei Verwendung mehrerer Switches, die beispielsweise via LWL ver bunden werden, kann das System r\u00e4umlich \u00fcber mehrere Geb\u00e4ude verteilt werden. Das ideale System f\u00fcr \u00dcber-wachung, Monitoring und Remote-Zugriff \u00fcber ganze Firmenareale hinweg.<\/p><a href=\"https:\/\/www.lindy.de\/?websale8=ld0101&amp;ci=197\" class=\"button button--dark\" target=\"_blank\" rel=\"noopener noreferrer\">Shop online<\/a><\/div><\/div><\/section>\n\n\n\n<section class=\"wp-block-lindy-image-text-module section section--full-width-image full-width-image--with-text theme--light section--animation-none align--left  font--size-medium width--half\" style=\"background-image:url(https:\/\/lindy.com\/en\/wp-content\/uploads\/sites\/2\/2018\/10\/KVM_AP.jpg)\"><img decoding=\"async\" class=\"full-width-image__image\" src=\"https:\/\/lindy.com\/en\/wp-content\/uploads\/sites\/2\/2018\/10\/KVM_AP.jpg\"\/><div class=\"contained\"><div class=\"full-width-image__content\"><\/div><\/div><\/section>\n\n\n\n<section class=\"wp-block-lindy-zoom-image section section--zoom-image zoom-image align--center theme--light\"><div class=\"contained\"><div class=\"zoom-image-wrapper\"><img decoding=\"async\" class=\"zoomable\" src=\"https:\/\/lindy.com\/de\/wp-content\/uploads\/sites\/3\/2019\/05\/39200-1170x834.jpg\" data-zoom-img=\"https:\/\/lindy.com\/de\/wp-content\/uploads\/sites\/3\/2019\/05\/39200.jpg\"\/><\/div><span class=\"zoom-image__description\">Click to zoom<\/span><\/div><\/section>\n","protected":false},"excerpt":{"rendered":"","protected":false},"author":15,"featured_media":0,"parent":0,"menu_order":0,"comment_status":"closed","ping_status":"closed","template":"page-templates\/template-landing.php","meta":{"_acf_changed":false,"footnotes":""},"class_list":["post-39","page","type-page","status-publish","hentry"],"acf":[],"yoast_head":"<!-- This site is optimized with the Yoast SEO plugin v26.6 - https:\/\/yoast.com\/wordpress\/plugins\/seo\/ -->\n<title>L\u00f6sungen f\u00fcr Rechen- &amp; Datenzentren - Lindy Elektronik<\/title>\n<meta name=\"description\" content=\"Moderne Rechenzentren erfordern oft umfangreiche \u00dcberwachungs- und Fernzugriffsm\u00f6glichkeiten \u00fcber mehrere Systeme hinweg. Die Lindy KVM Pro Serie verf\u00fcgt \u00fcber optionale Upgrades, die das Umschalten mit einer Matrix und die Daten\u00fcbertragung \u00fcber gro\u00dfe Entfernungen in diesen Umgebungen erleichtern.\" \/>\n<meta name=\"robots\" content=\"index, follow, max-snippet:-1, max-image-preview:large, max-video-preview:-1\" \/>\n<link rel=\"canonical\" href=\"https:\/\/lindy.com\/de\/rechen-und-datenzentren\/\" \/>\n<meta property=\"og:locale\" content=\"de_DE\" \/>\n<meta property=\"og:type\" content=\"article\" \/>\n<meta property=\"og:title\" content=\"L\u00f6sungen f\u00fcr Rechen- &amp; Datenzentren - Lindy Elektronik\" \/>\n<meta property=\"og:description\" content=\"Moderne Rechenzentren erfordern oft umfangreiche \u00dcberwachungs- und Fernzugriffsm\u00f6glichkeiten \u00fcber mehrere Systeme hinweg. Die Lindy KVM Pro Serie verf\u00fcgt \u00fcber optionale Upgrades, die das Umschalten mit einer Matrix und die Daten\u00fcbertragung \u00fcber gro\u00dfe Entfernungen in diesen Umgebungen erleichtern.\" \/>\n<meta property=\"og:url\" content=\"https:\/\/lindy.com\/de\/rechen-und-datenzentren\/\" \/>\n<meta property=\"og:site_name\" content=\"Lindy - German\" \/>\n<meta property=\"article:modified_time\" content=\"2019-12-18T16:22:06+00:00\" \/>\n<meta property=\"og:image\" content=\"https:\/\/lindy.com\/en\/wp-content\/uploads\/sites\/2\/2018\/10\/Matrix_2_AP-1.jpg\" \/>\n<meta name=\"twitter:card\" content=\"summary_large_image\" \/>\n<meta name=\"twitter:label1\" content=\"Gesch\u00e4tzte Lesezeit\" \/>\n\t<meta name=\"twitter:data1\" content=\"1 Minute\" \/>\n<script type=\"application\/ld+json\" class=\"yoast-schema-graph\">{\"@context\":\"https:\/\/schema.org\",\"@graph\":[{\"@type\":\"WebPage\",\"@id\":\"https:\/\/lindy.com\/de\/rechen-und-datenzentren\/\",\"url\":\"https:\/\/lindy.com\/de\/rechen-und-datenzentren\/\",\"name\":\"L\u00f6sungen f\u00fcr Rechen- & Datenzentren - Lindy Elektronik\",\"isPartOf\":{\"@id\":\"https:\/\/lindy.com\/de\/#website\"},\"primaryImageOfPage\":{\"@id\":\"https:\/\/lindy.com\/de\/rechen-und-datenzentren\/#primaryimage\"},\"image\":{\"@id\":\"https:\/\/lindy.com\/de\/rechen-und-datenzentren\/#primaryimage\"},\"thumbnailUrl\":\"https:\/\/lindy.com\/en\/wp-content\/uploads\/sites\/2\/2018\/10\/Matrix_2_AP-1.jpg\",\"datePublished\":\"2018-10-25T12:48:02+00:00\",\"dateModified\":\"2019-12-18T16:22:06+00:00\",\"description\":\"Moderne Rechenzentren erfordern oft umfangreiche \u00dcberwachungs- und Fernzugriffsm\u00f6glichkeiten \u00fcber mehrere Systeme hinweg. Die Lindy KVM Pro Serie verf\u00fcgt \u00fcber optionale Upgrades, die das Umschalten mit einer Matrix und die Daten\u00fcbertragung \u00fcber gro\u00dfe Entfernungen in diesen Umgebungen erleichtern.\",\"breadcrumb\":{\"@id\":\"https:\/\/lindy.com\/de\/rechen-und-datenzentren\/#breadcrumb\"},\"inLanguage\":\"de-DE\",\"potentialAction\":[{\"@type\":\"ReadAction\",\"target\":[\"https:\/\/lindy.com\/de\/rechen-und-datenzentren\/\"]}]},{\"@type\":\"ImageObject\",\"inLanguage\":\"de-DE\",\"@id\":\"https:\/\/lindy.com\/de\/rechen-und-datenzentren\/#primaryimage\",\"url\":\"https:\/\/lindy.com\/en\/wp-content\/uploads\/sites\/2\/2018\/10\/Matrix_2_AP-1.jpg\",\"contentUrl\":\"https:\/\/lindy.com\/en\/wp-content\/uploads\/sites\/2\/2018\/10\/Matrix_2_AP-1.jpg\"},{\"@type\":\"BreadcrumbList\",\"@id\":\"https:\/\/lindy.com\/de\/rechen-und-datenzentren\/#breadcrumb\",\"itemListElement\":[{\"@type\":\"ListItem\",\"position\":1,\"name\":\"Home\",\"item\":\"https:\/\/lindy.com\/de\/\"},{\"@type\":\"ListItem\",\"position\":2,\"name\":\"L\u00f6sungen f\u00fcr Rechen- &#038; Datenzentren\"}]},{\"@type\":\"WebSite\",\"@id\":\"https:\/\/lindy.com\/de\/#website\",\"url\":\"https:\/\/lindy.com\/de\/\",\"name\":\"Lindy - German\",\"description\":\"Connection Perfection\",\"potentialAction\":[{\"@type\":\"SearchAction\",\"target\":{\"@type\":\"EntryPoint\",\"urlTemplate\":\"https:\/\/lindy.com\/de\/?s={search_term_string}\"},\"query-input\":{\"@type\":\"PropertyValueSpecification\",\"valueRequired\":true,\"valueName\":\"search_term_string\"}}],\"inLanguage\":\"de-DE\"}]}<\/script>\n<!-- \/ Yoast SEO plugin. -->","yoast_head_json":{"title":"L\u00f6sungen f\u00fcr Rechen- & Datenzentren - Lindy Elektronik","description":"Moderne Rechenzentren erfordern oft umfangreiche \u00dcberwachungs- und Fernzugriffsm\u00f6glichkeiten \u00fcber mehrere Systeme hinweg. Die Lindy KVM Pro Serie verf\u00fcgt \u00fcber optionale Upgrades, die das Umschalten mit einer Matrix und die Daten\u00fcbertragung \u00fcber gro\u00dfe Entfernungen in diesen Umgebungen erleichtern.","robots":{"index":"index","follow":"follow","max-snippet":"max-snippet:-1","max-image-preview":"max-image-preview:large","max-video-preview":"max-video-preview:-1"},"canonical":"https:\/\/lindy.com\/de\/rechen-und-datenzentren\/","og_locale":"de_DE","og_type":"article","og_title":"L\u00f6sungen f\u00fcr Rechen- & Datenzentren - Lindy Elektronik","og_description":"Moderne Rechenzentren erfordern oft umfangreiche \u00dcberwachungs- und Fernzugriffsm\u00f6glichkeiten \u00fcber mehrere Systeme hinweg. Die Lindy KVM Pro Serie verf\u00fcgt \u00fcber optionale Upgrades, die das Umschalten mit einer Matrix und die Daten\u00fcbertragung \u00fcber gro\u00dfe Entfernungen in diesen Umgebungen erleichtern.","og_url":"https:\/\/lindy.com\/de\/rechen-und-datenzentren\/","og_site_name":"Lindy - German","article_modified_time":"2019-12-18T16:22:06+00:00","og_image":[{"url":"https:\/\/lindy.com\/en\/wp-content\/uploads\/sites\/2\/2018\/10\/Matrix_2_AP-1.jpg","type":"","width":"","height":""}],"twitter_card":"summary_large_image","twitter_misc":{"Gesch\u00e4tzte Lesezeit":"1 Minute"},"schema":{"@context":"https:\/\/schema.org","@graph":[{"@type":"WebPage","@id":"https:\/\/lindy.com\/de\/rechen-und-datenzentren\/","url":"https:\/\/lindy.com\/de\/rechen-und-datenzentren\/","name":"L\u00f6sungen f\u00fcr Rechen- & Datenzentren - Lindy Elektronik","isPartOf":{"@id":"https:\/\/lindy.com\/de\/#website"},"primaryImageOfPage":{"@id":"https:\/\/lindy.com\/de\/rechen-und-datenzentren\/#primaryimage"},"image":{"@id":"https:\/\/lindy.com\/de\/rechen-und-datenzentren\/#primaryimage"},"thumbnailUrl":"https:\/\/lindy.com\/en\/wp-content\/uploads\/sites\/2\/2018\/10\/Matrix_2_AP-1.jpg","datePublished":"2018-10-25T12:48:02+00:00","dateModified":"2019-12-18T16:22:06+00:00","description":"Moderne Rechenzentren erfordern oft umfangreiche \u00dcberwachungs- und Fernzugriffsm\u00f6glichkeiten \u00fcber mehrere Systeme hinweg. Die Lindy KVM Pro Serie verf\u00fcgt \u00fcber optionale Upgrades, die das Umschalten mit einer Matrix und die Daten\u00fcbertragung \u00fcber gro\u00dfe Entfernungen in diesen Umgebungen erleichtern.","breadcrumb":{"@id":"https:\/\/lindy.com\/de\/rechen-und-datenzentren\/#breadcrumb"},"inLanguage":"de-DE","potentialAction":[{"@type":"ReadAction","target":["https:\/\/lindy.com\/de\/rechen-und-datenzentren\/"]}]},{"@type":"ImageObject","inLanguage":"de-DE","@id":"https:\/\/lindy.com\/de\/rechen-und-datenzentren\/#primaryimage","url":"https:\/\/lindy.com\/en\/wp-content\/uploads\/sites\/2\/2018\/10\/Matrix_2_AP-1.jpg","contentUrl":"https:\/\/lindy.com\/en\/wp-content\/uploads\/sites\/2\/2018\/10\/Matrix_2_AP-1.jpg"},{"@type":"BreadcrumbList","@id":"https:\/\/lindy.com\/de\/rechen-und-datenzentren\/#breadcrumb","itemListElement":[{"@type":"ListItem","position":1,"name":"Home","item":"https:\/\/lindy.com\/de\/"},{"@type":"ListItem","position":2,"name":"L\u00f6sungen f\u00fcr Rechen- &#038; Datenzentren"}]},{"@type":"WebSite","@id":"https:\/\/lindy.com\/de\/#website","url":"https:\/\/lindy.com\/de\/","name":"Lindy - German","description":"Connection Perfection","potentialAction":[{"@type":"SearchAction","target":{"@type":"EntryPoint","urlTemplate":"https:\/\/lindy.com\/de\/?s={search_term_string}"},"query-input":{"@type":"PropertyValueSpecification","valueRequired":true,"valueName":"search_term_string"}}],"inLanguage":"de-DE"}]}},"_links":{"self":[{"href":"https:\/\/lindy.com\/de\/wp-json\/wp\/v2\/pages\/39","targetHints":{"allow":["GET"]}}],"collection":[{"href":"https:\/\/lindy.com\/de\/wp-json\/wp\/v2\/pages"}],"about":[{"href":"https:\/\/lindy.com\/de\/wp-json\/wp\/v2\/types\/page"}],"author":[{"embeddable":true,"href":"https:\/\/lindy.com\/de\/wp-json\/wp\/v2\/users\/15"}],"replies":[{"embeddable":true,"href":"https:\/\/lindy.com\/de\/wp-json\/wp\/v2\/comments?post=39"}],"version-history":[{"count":0,"href":"https:\/\/lindy.com\/de\/wp-json\/wp\/v2\/pages\/39\/revisions"}],"wp:attachment":[{"href":"https:\/\/lindy.com\/de\/wp-json\/wp\/v2\/media?parent=39"}],"curies":[{"name":"wp","href":"https:\/\/api.w.org\/{rel}","templated":true}]}}