{"id":40,"date":"2018-11-01T11:23:17","date_gmt":"2018-11-01T11:23:17","guid":{"rendered":"https:\/\/lindy.com\/de\/?page_id=40"},"modified":"2019-02-13T12:56:47","modified_gmt":"2019-02-13T12:56:47","slug":"loesungsphilosophie","status":"publish","type":"page","link":"https:\/\/lindy.com\/de\/loesungsphilosophie\/","title":{"rendered":"L\u00f6sungen"},"content":{"rendered":"\n<section class=\"wp-block-lindy-parallax-hero section parallax-hero theme--light align--center  font--size-large\" style=\"background-image:url(https:\/\/lindy.com\/de\/wp-content\/uploads\/sites\/3\/2018\/12\/Amended_Philosophy_2.jpg)\"><div class=\"contained contained--full-width\"><div class=\"parallax-hero__content\"><div class=\"parallax-hero__content-wrapper align--center\"><h2 class=\"section__heading\"><span><br\/><br\/>l\u00f6sungs-<\/span><\/h2><h2 class=\"section__subheading section__subheading__title\">PHILOSOPhie<\/h2><p class=\"section__paragraph\"><br\/>\u25bc<\/p><\/div><\/div><\/div><\/section>\n\n\n\n<section class=\"wp-block-lindy-parallax-hero section parallax-hero theme--light align--center  font--size-medium\" style=\"background-image:url(https:\/\/lindy.com\/de\/wp-content\/uploads\/sites\/3\/2018\/12\/Amended_Philosophy_1.jpg)\"><div class=\"contained contained--full-width\"><div class=\"parallax-hero__content\"><div class=\"parallax-hero__content-wrapper align--center\"><h2 class=\"section__heading\"><span><br\/><br\/><br\/><br\/><br\/><\/span><\/h2><h2 class=\"section__subheading section__subheading__title\"><br\/><br\/><br\/><br\/><\/h2><\/div><\/div><\/div><\/section>\n\n\n\n<section class=\"wp-block-lindy-parallax-hero section parallax-hero theme--light align--center font--camber font--size-medium\" style=\"background-image:url(https:\/\/lindy.com\/de\/wp-content\/uploads\/sites\/3\/2018\/12\/Amended_Philosophy_2.jpg)\"><div class=\"contained contained--full-width\"><div class=\"parallax-hero__content\"><div class=\"parallax-hero__content-wrapper align--center\"><h2 class=\"section__heading\"><span>Die PHILOSOPHie<\/span><\/h2><h2 class=\"section__subheading section__subheading__title\">der l\u00f6sungen<\/h2><p class=\"section__paragraph\"><br\/>Lindy steht f\u00fcr Premium-Qualit\u00e4t und au\u00dfergew\u00f6hnliche Vielseitigkeit. Wir entwickeln L\u00f6sungen f\u00fcr ein breites Spektrum von Anwendungen und Anforderungen. <br\/><\/p><\/div><\/div><\/div><\/section>\n\n\n\n<section class=\"wp-block-lindy-image-text-module section section--full-width-image full-width-image--with-text theme--light section--animation-none align--center font--camber font--size-small\" style=\"background-image:url()\"><img decoding=\"async\" class=\"full-width-image__image\" src=\"\"\/><div class=\"contained\"><div class=\"full-width-image__content\"><p class=\"section__paragraph\"><br\/><br\/>Unsere L\u00f6sungen werden als Kontrollraum-Visualisierungsl\u00f6sungen, Pr\u00e4sentations- &amp; Informationsl\u00f6sungen, Collaboration-L\u00f6sungen und Connected Home- &amp; Office-L\u00f6sungen eingesetzt. Die gro\u00dfe Vielfalt der Lindy Produkte erm\u00f6glicht es, diese L\u00f6sungen in einer Vielzahl von Umgebungen zu entwickeln, einschlie\u00dflich Regierungs-, Medizin- und Industrieumgebungen.<br\/><\/p><\/div><\/div><\/section>\n\n\n\n<section class=\"wp-block-lindy-image-text-module section section--full-width-image full-width-image--with-text theme--light section--animation-none align--right font--camber font--size-large width--half\" style=\"background-image:url()\"><img decoding=\"async\" class=\"full-width-image__image\" src=\"\"\/><div class=\"contained\"><div class=\"full-width-image__content\"><h2 class=\"section__heading\"><span><br\/>Wir bieten ein vielseitiges Produkt-portfolio<br\/><\/span><\/h2><h2 class=\"section__subheading section__subheading__title\"><br\/>f\u00fcr spezifische Marktan-forderung.<br\/><br\/><\/h2><\/div><\/div><\/section>\n\n\n\n<section class=\"wp-block-lindy-image-text-module section section--full-width-image full-width-image--with-text theme--light section--animation-none align--left  font--size-small width--half\" style=\"background-image:url()\"><img decoding=\"async\" class=\"full-width-image__image\" src=\"\"\/><div class=\"contained\"><div class=\"full-width-image__content\"><\/div><\/div><\/section>\n\n\n\n<section class=\"wp-block-lindy-paragraph-one-col section section--horizontal-content section--horizontal-content--one-column font--size-small theme--light align--center  section--animation-none\"><div class=\"contained\"><p class=\"section__paragraph\"><br\/>Das Ergebnis einer L\u00f6sung ist offensichtlich, aber die Verbindung zwischen den einzelnen Komponenten ist das wesentliche Element. Ohne sie k\u00f6nnen die angezeigten, freigegebenen oder konvertierten Inhalte nicht in den Formaten dorthin gelangen, wo sie ben\u00f6tigt werden.<\/p><\/div><\/section>\n\n\n\n<section class=\"wp-block-lindy-image-text-module section section--full-width-image full-width-image--with-text theme--light section--animation-none align--left  font--size-small width--half\" style=\"background-image:url()\"><img decoding=\"async\" class=\"full-width-image__image\" src=\"\"\/><div class=\"contained\"><div class=\"full-width-image__content\"><\/div><\/div><\/section>\n\n\n\n<section class=\"wp-block-lindy-image-text-module section section--full-width-image full-width-image--with-text theme--light section--animation-none align--right font--camber font--size-large width--half\" style=\"background-image:url()\"><img decoding=\"async\" class=\"full-width-image__image\" src=\"\"\/><div class=\"contained\"><div class=\"full-width-image__content\"><h2 class=\"section__heading\"><span>Kreativ.<br\/>Ansprechend.<br\/>Funktional.<br\/><\/span><\/h2><p class=\"section__paragraph\"><br\/>Inhalt, Umgebung und Zielgruppe schaffen Szenarien, welche die Art der L\u00f6sungen und die verwendete Technologie festlegen, um ein m\u00f6glichst effektives Ergebnis zu erzielen. Inhalte werden heute mehr als je zuvor auf komplexere Weise verteilt. Es ist \u00fcblich mehrere Displays und Ger\u00e4te zu verwenden, da Integratoren und Installateure immer bestrebt sind, kreative, ansprechende und funktionale L\u00f6sungen zu entwickeln.<br\/><br\/><br\/><br\/><br\/><br\/><\/p><\/div><\/div><\/section>\n\n\n\n<section class=\"wp-block-lindy-image-text-module section section--full-width-image full-width-image--with-text theme--light section--animation-none align--left  font--size-medium width--half\" style=\"background-image:url(https:\/\/lindy.com\/en\/wp-content\/uploads\/sites\/2\/2018\/10\/COMPATIBILITY-1.jpg)\"><img decoding=\"async\" class=\"full-width-image__image\" src=\"https:\/\/lindy.com\/en\/wp-content\/uploads\/sites\/2\/2018\/10\/COMPATIBILITY-1.jpg\"\/><div class=\"contained\"><div class=\"full-width-image__content\"><\/div><\/div><\/section>\n\n\n\n<section class=\"wp-block-lindy-image-text-module section section--full-width-image full-width-image--with-text theme--light section--animation-none align--left font--camber font--size-small width--half\" style=\"background-image:url()\"><img decoding=\"async\" class=\"full-width-image__image\" src=\"\"\/><div class=\"contained\"><div class=\"full-width-image__content\"><h2 class=\"section__heading\"><span>UNIVERSELLE<\/span><\/h2><h2 class=\"section__subheading section__subheading__title\">KOMPATIBILIT\u00c4T<\/h2><p class=\"section__paragraph\"><br\/>Da mehr Ger\u00e4te in Anwendungen integriert sind, muss jedes Ger\u00e4t so angeschlossen werden, dass es mit anderen Technologien in der Anwendung kompatibel ist. Neue Konnektivit\u00e4tsstandards werden kontinuierlich mit unterschiedlichen Konnektoren und F\u00e4higkeiten entwickelt. Bei der Entwicklung moderner und leistungsstarker L\u00f6sungen ist es wichtig zu beachten, wie diese Standards miteinander agieren und sich erg\u00e4nzen. <br\/><\/p><\/div><\/div><\/section>\n\n\n\n<section class=\"wp-block-lindy-image-text-module section section--full-width-image full-width-image--with-text theme--light section--animation-none align--right font--camber font--size-small width--half\" style=\"background-image:url()\"><img decoding=\"async\" class=\"full-width-image__image\" src=\"\"\/><div class=\"contained\"><div class=\"full-width-image__content\"><h2 class=\"section__heading\"><span>Kombinierte<\/span><\/h2><h2 class=\"section__subheading section__subheading__title\">CONNECTIVITY<\/h2><p class=\"section__paragraph\"><br\/>Lindy kombiniert Expertenwissen mit einem umfassenden Produktportfolio, um die neueste Connectivity-Technologie in jeder Anwendung zu unterst\u00fctzen und zu nutzen. Lindy Ger\u00e4te k\u00f6nnen eingesetzt werden, um Signale zwischen AV- und IT-Ger\u00e4ten \u00fcber eine Reihe von Schnittstellen und Technologien in jedem Anwendungsszenario zu verteilen, zu erweitern, zu verbinden und zu wandeln.<br\/><\/p><\/div><\/div><\/section>\n\n\n\n<section class=\"wp-block-lindy-image-text-module section section--full-width-image full-width-image--with-text theme--light section--animation-none align--left  font--size-medium width--half\" style=\"background-image:url(https:\/\/lindy.com\/en\/wp-content\/uploads\/sites\/2\/2018\/10\/CombinedConnectivity.jpg)\"><img decoding=\"async\" class=\"full-width-image__image\" src=\"https:\/\/lindy.com\/en\/wp-content\/uploads\/sites\/2\/2018\/10\/CombinedConnectivity.jpg\"\/><div class=\"contained\"><div class=\"full-width-image__content\"><\/div><\/div><\/section>\n\n\n\n<section class=\"wp-block-lindy-heading-text section section--heading-text theme--light align--center  font--size-large section--animation-none\"><div class=\"contained\"><h2 class=\"section__heading\"><span><br\/>weitere ARTIkeL<br\/><br\/><\/span><\/h2><\/div><\/section>\n\n\n\n<section class=\"wp-block-lindy-image-text-module section section--full-width-image full-width-image--with-text theme--dark section--animation-none align--left font--camber font--size-medium width--half\" style=\"background-image:url(https:\/\/lindy.com\/de\/wp-content\/uploads\/sites\/3\/2019\/02\/Presentation_Information.jpg)\"><img decoding=\"async\" class=\"full-width-image__image\" src=\"https:\/\/lindy.com\/de\/wp-content\/uploads\/sites\/3\/2019\/02\/Presentation_Information.jpg\"\/><div class=\"contained\"><div class=\"full-width-image__content\"><h2 class=\"section__heading\"><span>Pr\u00e4sentations- &amp; <br\/><\/span><\/h2><h2 class=\"section__subheading section__subheading__title\">INFORMATIONSL\u00d6SUNGEN <\/h2><p class=\"section__paragraph\">Hochentwickelte L\u00f6sungen. Zuverl\u00e4ssige Verbindungen.<\/p><a href=\"https:\/\/lindy.com\/de\/praesentations-und-information\" class=\"button button--white-transparent\" target=\"_self\">Mehr erfahren<\/a><\/div><\/div><\/section>\n\n\n\n<section class=\"wp-block-lindy-image-text-module section section--full-width-image full-width-image--with-text theme--dark section--animation-none align--left font--camber font--size-medium width--half\" style=\"background-image:url(https:\/\/lindy.com\/de\/wp-content\/uploads\/sites\/3\/2019\/02\/ControlRoom.jpg)\"><img decoding=\"async\" class=\"full-width-image__image\" src=\"https:\/\/lindy.com\/de\/wp-content\/uploads\/sites\/3\/2019\/02\/ControlRoom.jpg\"\/><div class=\"contained\"><div class=\"full-width-image__content\"><h2 class=\"section__heading\"><span>Kontrollraum-<\/span><\/h2><h2 class=\"section__subheading section__subheading__title\">Visualisierungsl\u00f6sungen<\/h2><p class=\"section__paragraph\">Gro\u00dfe Ideen f\u00fcr noch gr\u00f6\u00dfere Datenvolumen.<\/p><a href=\"https:\/\/lindy.com\/de\/kontrollraum-visualisierungsloesungen\" class=\"button button--white-transparent\" target=\"_self\">Mehr erfahren<\/a><\/div><\/div><\/section>\n\n\n\n<section class=\"wp-block-lindy-image-text-module section section--full-width-image full-width-image--with-text theme--dark section--animation-none align--left font--camber font--size-medium width--half\" style=\"background-image:url(https:\/\/lindy.com\/de\/wp-content\/uploads\/sites\/3\/2019\/02\/Collaberations.jpg)\"><img decoding=\"async\" class=\"full-width-image__image\" src=\"https:\/\/lindy.com\/de\/wp-content\/uploads\/sites\/3\/2019\/02\/Collaberations.jpg\"\/><div class=\"contained\"><div class=\"full-width-image__content\"><h2 class=\"section__heading\"><span>Collaboration-<\/span><\/h2><h2 class=\"section__subheading section__subheading__title\">L\u00f6sungen<\/h2><p class=\"section__paragraph\">Konzepte von heute, f\u00fcr die Geschwindigkeit von morgen.<\/p><a href=\"https:\/\/lindy.com\/de\/collaboration\" class=\"button button--white-transparent\" target=\"_self\">Mehr erfahren<\/a><\/div><\/div><\/section>\n\n\n\n<section class=\"wp-block-lindy-image-text-module section section--full-width-image full-width-image--with-text theme--dark section--animation-none align--left font--camber font--size-medium width--half\" style=\"background-image:url(https:\/\/lindy.com\/de\/wp-content\/uploads\/sites\/3\/2019\/02\/ConnectedHome.jpg)\"><img decoding=\"async\" class=\"full-width-image__image\" src=\"https:\/\/lindy.com\/de\/wp-content\/uploads\/sites\/3\/2019\/02\/ConnectedHome.jpg\"\/><div class=\"contained\"><div class=\"full-width-image__content\"><h2 class=\"section__heading\"><span>CONNECTED HOME-<\/span><\/h2><h2 class=\"section__subheading section__subheading__title\">&amp; OFFICE-L\u00d6SUNGEN<\/h2><p class=\"section__paragraph\">Hochentwickelte L\u00f6sungen f\u00fcr zuverl\u00e4ssige Verbindungen.<\/p><a href=\"https:\/\/lindy.com\/de\/connected-home-und-office\/\" class=\"button button--white-transparent\" target=\"_self\">Mehr erfahren<\/a><\/div><\/div><\/section>\n","protected":false},"excerpt":{"rendered":"","protected":false},"author":15,"featured_media":0,"parent":0,"menu_order":0,"comment_status":"closed","ping_status":"closed","template":"page-templates\/template-landing.php","meta":{"_acf_changed":false,"footnotes":""},"class_list":["post-40","page","type-page","status-publish","hentry"],"acf":[],"yoast_head":"<!-- This site is optimized with the Yoast SEO plugin v26.6 - https:\/\/yoast.com\/wordpress\/plugins\/seo\/ -->\n<title>L\u00f6sungen - Lindy Elektronik<\/title>\n<meta name=\"description\" content=\"Lindy steht f\u00fcr Premium-Qualit\u00e4t und au\u00dfergew\u00f6hnliche Vielseitigkeit. Wir entwickeln L\u00f6sungen f\u00fcr ein breites Spektrum von Anwendungen und Anforderungen.\" \/>\n<meta name=\"robots\" content=\"index, follow, max-snippet:-1, max-image-preview:large, max-video-preview:-1\" \/>\n<link rel=\"canonical\" href=\"https:\/\/lindy.com\/de\/loesungsphilosophie\/\" \/>\n<meta property=\"og:locale\" content=\"de_DE\" \/>\n<meta property=\"og:type\" content=\"article\" \/>\n<meta property=\"og:title\" content=\"L\u00f6sungen - Lindy Elektronik\" \/>\n<meta property=\"og:description\" content=\"Lindy steht f\u00fcr Premium-Qualit\u00e4t und au\u00dfergew\u00f6hnliche Vielseitigkeit. Wir entwickeln L\u00f6sungen f\u00fcr ein breites Spektrum von Anwendungen und Anforderungen.\" \/>\n<meta property=\"og:url\" content=\"https:\/\/lindy.com\/de\/loesungsphilosophie\/\" \/>\n<meta property=\"og:site_name\" content=\"Lindy - German\" \/>\n<meta property=\"article:modified_time\" content=\"2019-02-13T12:56:47+00:00\" \/>\n<meta property=\"og:image\" content=\"https:\/\/lindy.com\/en\/wp-content\/uploads\/sites\/2\/2018\/10\/COMPATIBILITY-1.jpg\" \/>\n<meta name=\"twitter:card\" content=\"summary_large_image\" \/>\n<meta name=\"twitter:label1\" content=\"Gesch\u00e4tzte Lesezeit\" \/>\n\t<meta name=\"twitter:data1\" content=\"2 Minuten\" \/>\n<script type=\"application\/ld+json\" class=\"yoast-schema-graph\">{\"@context\":\"https:\/\/schema.org\",\"@graph\":[{\"@type\":\"WebPage\",\"@id\":\"https:\/\/lindy.com\/de\/loesungsphilosophie\/\",\"url\":\"https:\/\/lindy.com\/de\/loesungsphilosophie\/\",\"name\":\"L\u00f6sungen - Lindy Elektronik\",\"isPartOf\":{\"@id\":\"https:\/\/lindy.com\/de\/#website\"},\"primaryImageOfPage\":{\"@id\":\"https:\/\/lindy.com\/de\/loesungsphilosophie\/#primaryimage\"},\"image\":{\"@id\":\"https:\/\/lindy.com\/de\/loesungsphilosophie\/#primaryimage\"},\"thumbnailUrl\":\"https:\/\/lindy.com\/en\/wp-content\/uploads\/sites\/2\/2018\/10\/COMPATIBILITY-1.jpg\",\"datePublished\":\"2018-11-01T11:23:17+00:00\",\"dateModified\":\"2019-02-13T12:56:47+00:00\",\"description\":\"Lindy steht f\u00fcr Premium-Qualit\u00e4t und au\u00dfergew\u00f6hnliche Vielseitigkeit. Wir entwickeln L\u00f6sungen f\u00fcr ein breites Spektrum von Anwendungen und Anforderungen.\",\"breadcrumb\":{\"@id\":\"https:\/\/lindy.com\/de\/loesungsphilosophie\/#breadcrumb\"},\"inLanguage\":\"de-DE\",\"potentialAction\":[{\"@type\":\"ReadAction\",\"target\":[\"https:\/\/lindy.com\/de\/loesungsphilosophie\/\"]}]},{\"@type\":\"ImageObject\",\"inLanguage\":\"de-DE\",\"@id\":\"https:\/\/lindy.com\/de\/loesungsphilosophie\/#primaryimage\",\"url\":\"https:\/\/lindy.com\/en\/wp-content\/uploads\/sites\/2\/2018\/10\/COMPATIBILITY-1.jpg\",\"contentUrl\":\"https:\/\/lindy.com\/en\/wp-content\/uploads\/sites\/2\/2018\/10\/COMPATIBILITY-1.jpg\"},{\"@type\":\"BreadcrumbList\",\"@id\":\"https:\/\/lindy.com\/de\/loesungsphilosophie\/#breadcrumb\",\"itemListElement\":[{\"@type\":\"ListItem\",\"position\":1,\"name\":\"Home\",\"item\":\"https:\/\/lindy.com\/de\/\"},{\"@type\":\"ListItem\",\"position\":2,\"name\":\"L\u00f6sungen\"}]},{\"@type\":\"WebSite\",\"@id\":\"https:\/\/lindy.com\/de\/#website\",\"url\":\"https:\/\/lindy.com\/de\/\",\"name\":\"Lindy - German\",\"description\":\"Connection Perfection\",\"potentialAction\":[{\"@type\":\"SearchAction\",\"target\":{\"@type\":\"EntryPoint\",\"urlTemplate\":\"https:\/\/lindy.com\/de\/?s={search_term_string}\"},\"query-input\":{\"@type\":\"PropertyValueSpecification\",\"valueRequired\":true,\"valueName\":\"search_term_string\"}}],\"inLanguage\":\"de-DE\"}]}<\/script>\n<!-- \/ Yoast SEO plugin. -->","yoast_head_json":{"title":"L\u00f6sungen - Lindy Elektronik","description":"Lindy steht f\u00fcr Premium-Qualit\u00e4t und au\u00dfergew\u00f6hnliche Vielseitigkeit. Wir entwickeln L\u00f6sungen f\u00fcr ein breites Spektrum von Anwendungen und Anforderungen.","robots":{"index":"index","follow":"follow","max-snippet":"max-snippet:-1","max-image-preview":"max-image-preview:large","max-video-preview":"max-video-preview:-1"},"canonical":"https:\/\/lindy.com\/de\/loesungsphilosophie\/","og_locale":"de_DE","og_type":"article","og_title":"L\u00f6sungen - Lindy Elektronik","og_description":"Lindy steht f\u00fcr Premium-Qualit\u00e4t und au\u00dfergew\u00f6hnliche Vielseitigkeit. Wir entwickeln L\u00f6sungen f\u00fcr ein breites Spektrum von Anwendungen und Anforderungen.","og_url":"https:\/\/lindy.com\/de\/loesungsphilosophie\/","og_site_name":"Lindy - German","article_modified_time":"2019-02-13T12:56:47+00:00","og_image":[{"url":"https:\/\/lindy.com\/en\/wp-content\/uploads\/sites\/2\/2018\/10\/COMPATIBILITY-1.jpg","type":"","width":"","height":""}],"twitter_card":"summary_large_image","twitter_misc":{"Gesch\u00e4tzte Lesezeit":"2 Minuten"},"schema":{"@context":"https:\/\/schema.org","@graph":[{"@type":"WebPage","@id":"https:\/\/lindy.com\/de\/loesungsphilosophie\/","url":"https:\/\/lindy.com\/de\/loesungsphilosophie\/","name":"L\u00f6sungen - Lindy Elektronik","isPartOf":{"@id":"https:\/\/lindy.com\/de\/#website"},"primaryImageOfPage":{"@id":"https:\/\/lindy.com\/de\/loesungsphilosophie\/#primaryimage"},"image":{"@id":"https:\/\/lindy.com\/de\/loesungsphilosophie\/#primaryimage"},"thumbnailUrl":"https:\/\/lindy.com\/en\/wp-content\/uploads\/sites\/2\/2018\/10\/COMPATIBILITY-1.jpg","datePublished":"2018-11-01T11:23:17+00:00","dateModified":"2019-02-13T12:56:47+00:00","description":"Lindy steht f\u00fcr Premium-Qualit\u00e4t und au\u00dfergew\u00f6hnliche Vielseitigkeit. Wir entwickeln L\u00f6sungen f\u00fcr ein breites Spektrum von Anwendungen und Anforderungen.","breadcrumb":{"@id":"https:\/\/lindy.com\/de\/loesungsphilosophie\/#breadcrumb"},"inLanguage":"de-DE","potentialAction":[{"@type":"ReadAction","target":["https:\/\/lindy.com\/de\/loesungsphilosophie\/"]}]},{"@type":"ImageObject","inLanguage":"de-DE","@id":"https:\/\/lindy.com\/de\/loesungsphilosophie\/#primaryimage","url":"https:\/\/lindy.com\/en\/wp-content\/uploads\/sites\/2\/2018\/10\/COMPATIBILITY-1.jpg","contentUrl":"https:\/\/lindy.com\/en\/wp-content\/uploads\/sites\/2\/2018\/10\/COMPATIBILITY-1.jpg"},{"@type":"BreadcrumbList","@id":"https:\/\/lindy.com\/de\/loesungsphilosophie\/#breadcrumb","itemListElement":[{"@type":"ListItem","position":1,"name":"Home","item":"https:\/\/lindy.com\/de\/"},{"@type":"ListItem","position":2,"name":"L\u00f6sungen"}]},{"@type":"WebSite","@id":"https:\/\/lindy.com\/de\/#website","url":"https:\/\/lindy.com\/de\/","name":"Lindy - German","description":"Connection Perfection","potentialAction":[{"@type":"SearchAction","target":{"@type":"EntryPoint","urlTemplate":"https:\/\/lindy.com\/de\/?s={search_term_string}"},"query-input":{"@type":"PropertyValueSpecification","valueRequired":true,"valueName":"search_term_string"}}],"inLanguage":"de-DE"}]}},"_links":{"self":[{"href":"https:\/\/lindy.com\/de\/wp-json\/wp\/v2\/pages\/40","targetHints":{"allow":["GET"]}}],"collection":[{"href":"https:\/\/lindy.com\/de\/wp-json\/wp\/v2\/pages"}],"about":[{"href":"https:\/\/lindy.com\/de\/wp-json\/wp\/v2\/types\/page"}],"author":[{"embeddable":true,"href":"https:\/\/lindy.com\/de\/wp-json\/wp\/v2\/users\/15"}],"replies":[{"embeddable":true,"href":"https:\/\/lindy.com\/de\/wp-json\/wp\/v2\/comments?post=40"}],"version-history":[{"count":0,"href":"https:\/\/lindy.com\/de\/wp-json\/wp\/v2\/pages\/40\/revisions"}],"wp:attachment":[{"href":"https:\/\/lindy.com\/de\/wp-json\/wp\/v2\/media?parent=40"}],"curies":[{"name":"wp","href":"https:\/\/api.w.org\/{rel}","templated":true}]}}