{"id":41,"date":"2018-10-25T12:34:55","date_gmt":"2018-10-25T12:34:55","guid":{"rendered":"https:\/\/lindy.com\/de\/?page_id=41"},"modified":"2019-05-23T11:34:51","modified_gmt":"2019-05-23T11:34:51","slug":"gastgewerbe-und-events","status":"publish","type":"page","link":"https:\/\/lindy.com\/de\/gastgewerbe-und-events\/","title":{"rendered":"L\u00f6sungen f\u00fcr Gastgewerbe und Events"},"content":{"rendered":"\n<section class=\"wp-block-lindy-parallax-hero section parallax-hero theme--light align--center  font--size-large\" style=\"background-image:url(https:\/\/lindy.com\/de\/wp-content\/uploads\/sites\/3\/2018\/12\/Amended_TradeShows_2.jpg)\"><div class=\"contained contained--full-width\"><div class=\"parallax-hero__content\"><div class=\"parallax-hero__content-wrapper align--center\"><h2 class=\"section__heading\"><span><br\/><br\/>AnwendunGen\u00a0<br\/><\/span><\/h2><h2 class=\"section__subheading section__subheading__title\">F\u00dcR Gastgewerbe <br\/>&amp; Messen<\/h2><p class=\"section__paragraph\"><br\/>\u25bc<\/p><\/div><\/div><\/div><\/section>\n\n\n\n<section class=\"wp-block-lindy-parallax-hero section parallax-hero theme--dark align--center  font--size-medium\" style=\"background-image:url(https:\/\/lindy.com\/de\/wp-content\/uploads\/sites\/3\/2018\/12\/Amended_TradeShows_1.jpg)\"><div class=\"contained contained--full-width\"><div class=\"parallax-hero__content\"><div class=\"parallax-hero__content-wrapper align--center\"><h2 class=\"section__heading\"><span><br\/><br\/><br\/><br\/><br\/><br\/><br\/><br\/><br\/><\/span><\/h2><\/div><\/div><\/div><\/section>\n\n\n\n<section class=\"wp-block-lindy-parallax-hero section parallax-hero theme--light align--center font--camber font--size-medium\" style=\"background-image:url(https:\/\/lindy.com\/de\/wp-content\/uploads\/sites\/3\/2018\/12\/Amended_TradeShows_2.jpg)\"><div class=\"contained contained--full-width\"><div class=\"parallax-hero__content\"><div class=\"parallax-hero__content-wrapper align--center\"><h2 class=\"section__heading\"><span> <br\/>DAS HERZST\u00dcCK <\/span><\/h2><h2 class=\"section__subheading section__subheading__title\">VON AV-INSTALLATIONEN <\/h2><p class=\"section__paragraph\"><br\/>Einfache, leistungsstarke und skalierbare L\u00f6sungen stehen im Mittelpunkt vieler Messen oder Gastgewerbe-L\u00f6sungen. AV-Installationen in diesen Umgebungen erfordern performante Matrix Switches, um die Verteilung von Inhalten zentral zu steuern.<br\/><\/p><\/div><\/div><\/div><\/section>\n\n\n\n<section class=\"wp-block-lindy-heading-text section section--heading-text theme--light align--center  font--size-large section--animation-none\"><div class=\"contained\"><h2 class=\"section__heading\"><span><br\/>MODULARES SCHALTZENTRUM <br\/><\/span><\/h2><h2 class=\"section__subheading section__subheading__title\">32X32 MODULAR MATRIX SWITCH<br\/><\/h2><\/div><\/section>\n\n\n\n<section class=\"wp-block-lindy-image-text-module section section--full-width-image full-width-image--with-text theme--light section--animation-none align--left  font--size-medium width--half\" style=\"background-image:url(https:\/\/lindy.com\/en\/wp-content\/uploads\/sites\/2\/2018\/10\/Matrix_Halfwidth_2.jpg)\"><img decoding=\"async\" class=\"full-width-image__image\" src=\"https:\/\/lindy.com\/en\/wp-content\/uploads\/sites\/2\/2018\/10\/Matrix_Halfwidth_2.jpg\"\/><div class=\"contained\"><div class=\"full-width-image__content\"><\/div><\/div><\/section>\n\n\n\n<section class=\"wp-block-lindy-image-text-module section section--full-width-image full-width-image--with-text theme--light section--animation-right align--left font--camber font--size-small width--half\" style=\"background-image:url()\"><img decoding=\"async\" class=\"full-width-image__image\" src=\"\"\/><div class=\"contained\"><div class=\"full-width-image__content\"><p class=\"section__paragraph\">Die AV-Schnittstellen verf\u00fcgbarer Content Server tun uns leider meistens nicht den Gefallen, im einheitlichen Standard ausgef\u00fchrt zu sein.HDMI-, DVI-, HDBaseT- und selbst VGA-Signale treten da mitunter in bunter Mischung auf und wollen \u2013 sollen denn ihre Inhalte auf m\u00f6glichst einheitlichen Displays mit modernen AV Ports wechselweise ausgegeben werden \u2013 zusammengefasst, geschaltet, verteilt und gegebenenfalls gewandelt werden. Dies und noch viel mehr leistet der Modular Matrix Switch. Best\u00fcckbar mit bis zu je 32 Ein- und Ausgangsports, organisiert auf AV-Schnittstellenboards zu je 8 Ports, wird der Switch flexibel auf die jeweiligen Schnittstellenanforderungen, welche in der vor Ort verwendeten Server-und Displayumgebung ben\u00f6tigt werden, \u201ema\u00dfgeschneidert\u201c konfiguriert. Egal f\u00fcr welche Einsatzszenarien: ob im Kontrollraum f\u00fcr die Industrie- und Prozesssteuerung, in Rechen- und Datenzentren, f\u00fcr Info-Systeme (beispielsweise am Airport oder Bahnhof), im Bereich Digital Signage oder Digital out of Home (z.B. in Sportarenen oder beim Public Viewing), sein modulares Konzept macht diesen Matrix Switch zum echten Allrounder.<\/p><a href=\"https:\/\/lindy.com\/de\/technologie\/modular-av-matrix\" class=\"button button--dark\" target=\"_blank\" rel=\"noopener noreferrer\">MEHR ENTDECKEN<\/a><\/div><\/div><\/section>\n\n\n\n<section class=\"wp-block-lindy-image-text-module section section--full-width-image full-width-image--with-text theme--light section--animation-none align--center font--camber font--size-small\" style=\"background-image:url()\"><img decoding=\"async\" class=\"full-width-image__image\" src=\"\"\/><div class=\"contained\"><div class=\"full-width-image__content\"><h2 class=\"section__heading\"><span>AV-MANAGEMENT F\u00dcR <\/span><\/h2><h2 class=\"section__subheading section__subheading__title\">EVENTS UND TRADESHOWS <\/h2><p class=\"section__paragraph\"><br\/>Soll bei \u00f6ffentlichen Veranstaltungen oder Tradeshows das Event von multimedialen Inhalten flankiert werden, dann wird ein leistungsstarkes Instrumentarium f\u00fcr das Management der den Displays zuzuspielenden AV-Inhalte erforderlich. Die durch sein modulares Konzept bedingte Wandlungs- und Anpassungsf\u00e4higkeit macht den Matrix Switch zur idealen 4K-AV-Management-Zentrale solcher Gro\u00df-Anwendungen. <br\/><\/p><\/div><\/div><\/section>\n\n\n\n<section class=\"wp-block-lindy-zoom-image section section--zoom-image zoom-image align--center theme--light\"><div class=\"contained\"><div class=\"zoom-image-wrapper\"><img decoding=\"async\" class=\"zoomable\" src=\"https:\/\/lindy.com\/de\/wp-content\/uploads\/sites\/3\/2019\/05\/38250_Diagram-1170x1170.jpg\" data-zoom-img=\"https:\/\/lindy.com\/de\/wp-content\/uploads\/sites\/3\/2019\/05\/38250_Diagram.jpg\"\/><\/div><span class=\"zoom-image__description\">Click to zoom<\/span><\/div><\/section>\n","protected":false},"excerpt":{"rendered":"","protected":false},"author":15,"featured_media":0,"parent":0,"menu_order":0,"comment_status":"closed","ping_status":"closed","template":"page-templates\/template-landing.php","meta":{"_acf_changed":false,"footnotes":""},"class_list":["post-41","page","type-page","status-publish","hentry"],"acf":[],"yoast_head":"<!-- This site is optimized with the Yoast SEO plugin v26.6 - https:\/\/yoast.com\/wordpress\/plugins\/seo\/ -->\n<title>Anwendungen f\u00fcr Gastgewerbe und Events - Lindy Elektronik<\/title>\n<meta name=\"description\" content=\"Einfache, leistungsstarke und skalierbare L\u00f6sungen stehen im Mittelpunkt vieler Messen oder Gastgewerbe-L\u00f6sungen. Performante Matrix Switches dienen als modulares Schaltzentrum f\u00fcr AV-Installationen in diesen Umgebungen.\" \/>\n<meta name=\"robots\" content=\"index, follow, max-snippet:-1, max-image-preview:large, max-video-preview:-1\" \/>\n<link rel=\"canonical\" href=\"https:\/\/lindy.com\/de\/gastgewerbe-und-events\/\" \/>\n<meta property=\"og:locale\" content=\"de_DE\" \/>\n<meta property=\"og:type\" content=\"article\" \/>\n<meta property=\"og:title\" content=\"Anwendungen f\u00fcr Gastgewerbe und Events - Lindy Elektronik\" \/>\n<meta property=\"og:description\" content=\"Einfache, leistungsstarke und skalierbare L\u00f6sungen stehen im Mittelpunkt vieler Messen oder Gastgewerbe-L\u00f6sungen. Performante Matrix Switches dienen als modulares Schaltzentrum f\u00fcr AV-Installationen in diesen Umgebungen.\" \/>\n<meta property=\"og:url\" content=\"https:\/\/lindy.com\/de\/gastgewerbe-und-events\/\" \/>\n<meta property=\"og:site_name\" content=\"Lindy - German\" \/>\n<meta property=\"article:modified_time\" content=\"2019-05-23T11:34:51+00:00\" \/>\n<meta property=\"og:image\" content=\"https:\/\/lindy.com\/en\/wp-content\/uploads\/sites\/2\/2018\/10\/Matrix_Halfwidth_2.jpg\" \/>\n<meta name=\"twitter:card\" content=\"summary_large_image\" \/>\n<meta name=\"twitter:label1\" content=\"Gesch\u00e4tzte Lesezeit\" \/>\n\t<meta name=\"twitter:data1\" content=\"1 Minute\" \/>\n<script type=\"application\/ld+json\" class=\"yoast-schema-graph\">{\"@context\":\"https:\/\/schema.org\",\"@graph\":[{\"@type\":\"WebPage\",\"@id\":\"https:\/\/lindy.com\/de\/gastgewerbe-und-events\/\",\"url\":\"https:\/\/lindy.com\/de\/gastgewerbe-und-events\/\",\"name\":\"Anwendungen f\u00fcr Gastgewerbe und Events - Lindy Elektronik\",\"isPartOf\":{\"@id\":\"https:\/\/lindy.com\/de\/#website\"},\"primaryImageOfPage\":{\"@id\":\"https:\/\/lindy.com\/de\/gastgewerbe-und-events\/#primaryimage\"},\"image\":{\"@id\":\"https:\/\/lindy.com\/de\/gastgewerbe-und-events\/#primaryimage\"},\"thumbnailUrl\":\"https:\/\/lindy.com\/en\/wp-content\/uploads\/sites\/2\/2018\/10\/Matrix_Halfwidth_2.jpg\",\"datePublished\":\"2018-10-25T12:34:55+00:00\",\"dateModified\":\"2019-05-23T11:34:51+00:00\",\"description\":\"Einfache, leistungsstarke und skalierbare L\u00f6sungen stehen im Mittelpunkt vieler Messen oder Gastgewerbe-L\u00f6sungen. Performante Matrix Switches dienen als modulares Schaltzentrum f\u00fcr AV-Installationen in diesen Umgebungen.\",\"breadcrumb\":{\"@id\":\"https:\/\/lindy.com\/de\/gastgewerbe-und-events\/#breadcrumb\"},\"inLanguage\":\"de-DE\",\"potentialAction\":[{\"@type\":\"ReadAction\",\"target\":[\"https:\/\/lindy.com\/de\/gastgewerbe-und-events\/\"]}]},{\"@type\":\"ImageObject\",\"inLanguage\":\"de-DE\",\"@id\":\"https:\/\/lindy.com\/de\/gastgewerbe-und-events\/#primaryimage\",\"url\":\"https:\/\/lindy.com\/en\/wp-content\/uploads\/sites\/2\/2018\/10\/Matrix_Halfwidth_2.jpg\",\"contentUrl\":\"https:\/\/lindy.com\/en\/wp-content\/uploads\/sites\/2\/2018\/10\/Matrix_Halfwidth_2.jpg\"},{\"@type\":\"BreadcrumbList\",\"@id\":\"https:\/\/lindy.com\/de\/gastgewerbe-und-events\/#breadcrumb\",\"itemListElement\":[{\"@type\":\"ListItem\",\"position\":1,\"name\":\"Home\",\"item\":\"https:\/\/lindy.com\/de\/\"},{\"@type\":\"ListItem\",\"position\":2,\"name\":\"L\u00f6sungen f\u00fcr Gastgewerbe und Events\"}]},{\"@type\":\"WebSite\",\"@id\":\"https:\/\/lindy.com\/de\/#website\",\"url\":\"https:\/\/lindy.com\/de\/\",\"name\":\"Lindy - German\",\"description\":\"Connection Perfection\",\"potentialAction\":[{\"@type\":\"SearchAction\",\"target\":{\"@type\":\"EntryPoint\",\"urlTemplate\":\"https:\/\/lindy.com\/de\/?s={search_term_string}\"},\"query-input\":{\"@type\":\"PropertyValueSpecification\",\"valueRequired\":true,\"valueName\":\"search_term_string\"}}],\"inLanguage\":\"de-DE\"}]}<\/script>\n<!-- \/ Yoast SEO plugin. -->","yoast_head_json":{"title":"Anwendungen f\u00fcr Gastgewerbe und Events - Lindy Elektronik","description":"Einfache, leistungsstarke und skalierbare L\u00f6sungen stehen im Mittelpunkt vieler Messen oder Gastgewerbe-L\u00f6sungen. Performante Matrix Switches dienen als modulares Schaltzentrum f\u00fcr AV-Installationen in diesen Umgebungen.","robots":{"index":"index","follow":"follow","max-snippet":"max-snippet:-1","max-image-preview":"max-image-preview:large","max-video-preview":"max-video-preview:-1"},"canonical":"https:\/\/lindy.com\/de\/gastgewerbe-und-events\/","og_locale":"de_DE","og_type":"article","og_title":"Anwendungen f\u00fcr Gastgewerbe und Events - Lindy Elektronik","og_description":"Einfache, leistungsstarke und skalierbare L\u00f6sungen stehen im Mittelpunkt vieler Messen oder Gastgewerbe-L\u00f6sungen. Performante Matrix Switches dienen als modulares Schaltzentrum f\u00fcr AV-Installationen in diesen Umgebungen.","og_url":"https:\/\/lindy.com\/de\/gastgewerbe-und-events\/","og_site_name":"Lindy - German","article_modified_time":"2019-05-23T11:34:51+00:00","og_image":[{"url":"https:\/\/lindy.com\/en\/wp-content\/uploads\/sites\/2\/2018\/10\/Matrix_Halfwidth_2.jpg","type":"","width":"","height":""}],"twitter_card":"summary_large_image","twitter_misc":{"Gesch\u00e4tzte Lesezeit":"1 Minute"},"schema":{"@context":"https:\/\/schema.org","@graph":[{"@type":"WebPage","@id":"https:\/\/lindy.com\/de\/gastgewerbe-und-events\/","url":"https:\/\/lindy.com\/de\/gastgewerbe-und-events\/","name":"Anwendungen f\u00fcr Gastgewerbe und Events - Lindy Elektronik","isPartOf":{"@id":"https:\/\/lindy.com\/de\/#website"},"primaryImageOfPage":{"@id":"https:\/\/lindy.com\/de\/gastgewerbe-und-events\/#primaryimage"},"image":{"@id":"https:\/\/lindy.com\/de\/gastgewerbe-und-events\/#primaryimage"},"thumbnailUrl":"https:\/\/lindy.com\/en\/wp-content\/uploads\/sites\/2\/2018\/10\/Matrix_Halfwidth_2.jpg","datePublished":"2018-10-25T12:34:55+00:00","dateModified":"2019-05-23T11:34:51+00:00","description":"Einfache, leistungsstarke und skalierbare L\u00f6sungen stehen im Mittelpunkt vieler Messen oder Gastgewerbe-L\u00f6sungen. Performante Matrix Switches dienen als modulares Schaltzentrum f\u00fcr AV-Installationen in diesen Umgebungen.","breadcrumb":{"@id":"https:\/\/lindy.com\/de\/gastgewerbe-und-events\/#breadcrumb"},"inLanguage":"de-DE","potentialAction":[{"@type":"ReadAction","target":["https:\/\/lindy.com\/de\/gastgewerbe-und-events\/"]}]},{"@type":"ImageObject","inLanguage":"de-DE","@id":"https:\/\/lindy.com\/de\/gastgewerbe-und-events\/#primaryimage","url":"https:\/\/lindy.com\/en\/wp-content\/uploads\/sites\/2\/2018\/10\/Matrix_Halfwidth_2.jpg","contentUrl":"https:\/\/lindy.com\/en\/wp-content\/uploads\/sites\/2\/2018\/10\/Matrix_Halfwidth_2.jpg"},{"@type":"BreadcrumbList","@id":"https:\/\/lindy.com\/de\/gastgewerbe-und-events\/#breadcrumb","itemListElement":[{"@type":"ListItem","position":1,"name":"Home","item":"https:\/\/lindy.com\/de\/"},{"@type":"ListItem","position":2,"name":"L\u00f6sungen f\u00fcr Gastgewerbe und Events"}]},{"@type":"WebSite","@id":"https:\/\/lindy.com\/de\/#website","url":"https:\/\/lindy.com\/de\/","name":"Lindy - German","description":"Connection Perfection","potentialAction":[{"@type":"SearchAction","target":{"@type":"EntryPoint","urlTemplate":"https:\/\/lindy.com\/de\/?s={search_term_string}"},"query-input":{"@type":"PropertyValueSpecification","valueRequired":true,"valueName":"search_term_string"}}],"inLanguage":"de-DE"}]}},"_links":{"self":[{"href":"https:\/\/lindy.com\/de\/wp-json\/wp\/v2\/pages\/41","targetHints":{"allow":["GET"]}}],"collection":[{"href":"https:\/\/lindy.com\/de\/wp-json\/wp\/v2\/pages"}],"about":[{"href":"https:\/\/lindy.com\/de\/wp-json\/wp\/v2\/types\/page"}],"author":[{"embeddable":true,"href":"https:\/\/lindy.com\/de\/wp-json\/wp\/v2\/users\/15"}],"replies":[{"embeddable":true,"href":"https:\/\/lindy.com\/de\/wp-json\/wp\/v2\/comments?post=41"}],"version-history":[{"count":2,"href":"https:\/\/lindy.com\/de\/wp-json\/wp\/v2\/pages\/41\/revisions"}],"predecessor-version":[{"id":8761,"href":"https:\/\/lindy.com\/de\/wp-json\/wp\/v2\/pages\/41\/revisions\/8761"}],"wp:attachment":[{"href":"https:\/\/lindy.com\/de\/wp-json\/wp\/v2\/media?parent=41"}],"curies":[{"name":"wp","href":"https:\/\/api.w.org\/{rel}","templated":true}]}}