{"id":43,"date":"2018-10-25T12:43:07","date_gmt":"2018-10-25T12:43:07","guid":{"rendered":"https:\/\/lindy.com\/de\/?page_id=43"},"modified":"2019-05-23T11:58:29","modified_gmt":"2019-05-23T11:58:29","slug":"konferenzraeume-praesentationstechnik","status":"publish","type":"page","link":"https:\/\/lindy.com\/de\/konferenzraeume-praesentationstechnik\/","title":{"rendered":"L\u00f6sungen f\u00fcr Konferenzr\u00e4ume \/ Pr\u00e4sentationstechnik"},"content":{"rendered":"\n<section class=\"wp-block-lindy-parallax-hero section parallax-hero theme--light align--center  font--size-large\" style=\"background-image:url(https:\/\/lindy.com\/de\/wp-content\/uploads\/sites\/3\/2018\/12\/Amended_ConferenceRoom_2.jpg)\"><div class=\"contained contained--full-width\"><div class=\"parallax-hero__content\"><div class=\"parallax-hero__content-wrapper align--center\"><h2 class=\"section__heading\"><span><br\/>Anwendungen\u00a0<br\/><\/span><\/h2><h2 class=\"section__subheading section__subheading__title\">F\u00dcR\u00a0 <br\/>Konferenzr\u00e4ume<\/h2><p class=\"section__paragraph\"><br\/><br\/>\u25bc<\/p><\/div><\/div><\/div><\/section>\n\n\n\n<section class=\"wp-block-lindy-parallax-hero section parallax-hero theme--light align--center  font--size-medium\" style=\"background-image:url(https:\/\/lindy.com\/de\/wp-content\/uploads\/sites\/3\/2018\/12\/Amended_ConferenceRoom_1.jpg)\"><div class=\"contained contained--full-width\"><div class=\"parallax-hero__content\"><div class=\"parallax-hero__content-wrapper align--center\"><h2 class=\"section__heading\"><span><br\/><br\/><br\/><br\/><br\/><\/span><\/h2><h2 class=\"section__subheading section__subheading__title\"><br\/><br\/><br\/><br\/><\/h2><\/div><\/div><\/div><\/section>\n\n\n\n<section class=\"wp-block-lindy-parallax-hero section parallax-hero theme--light align--center font--camber font--size-medium\" style=\"background-image:url(https:\/\/lindy.com\/de\/wp-content\/uploads\/sites\/3\/2018\/12\/Amended_ConferenceRoom_2.jpg)\"><div class=\"contained contained--full-width\"><div class=\"parallax-hero__content\"><div class=\"parallax-hero__content-wrapper align--center\"><h2 class=\"section__heading\"><span>COLLABORATION<\/span><\/h2><h2 class=\"section__subheading section__subheading__title\">VORANTREIBEN<\/h2><p class=\"section__paragraph\"><br\/>Es ist wichtig, dass moderne Besprechungs- und Konferenzr\u00e4ume die neuesten Fortschritte in der Collaboration-Technologie nutzen, um Informationen auf ansprechende Weise zu pr\u00e4sentieren und mit ihnen zu interagieren. Die Collaboration-Technologie von Lindy erm\u00f6glicht es Ihnen, Besprechungsr\u00e4ume mit flexiblen Steuerungsm\u00f6glichkeiten und beeindruckenden hochaufl\u00f6senden Inhalten auf das n\u00e4chste Level zu bringen.<br\/><\/p><\/div><\/div><\/div><\/section>\n\n\n\n<section class=\"wp-block-lindy-heading-text section section--heading-text theme--light align--center  font--size-large section--animation-none\"><div class=\"contained\"><h2 class=\"section__heading\"><span><br\/>MULTI SIGNALTRANSFER<br\/><\/span><\/h2><h2 class=\"section__subheading section__subheading__title\">HDBaseT Extender<\/h2><\/div><\/section>\n\n\n\n<section class=\"wp-block-lindy-paragraph-and-images full-width-image--with-text section section--paragraph-image  theme--light font--size-medium\"><div class=\"grid-noBottom-middle-reverse\"><div class=\"col-6_sm-12 full-width-image__content section section--animation-none align--left \"><div class=\"content--animate\"><div class=\"contained\"><p class=\"section__paragraph\"><br\/>Die modernen Geb\u00e4udeinstallationen halten jedoch mit ihren mittlerweile obligatorisch fl\u00e4chendeckenden Cat.6-Verkabelungen noch eine weitere wesentlich kosteng\u00fcnstigere Option bereit. Diese lassen sich mittels ausgefeilter HDBaseT-Technologie perfekt f\u00fcr diesen Zweck nutzen. Und genau an dieser Stelle setzt der HDBaseT Extender an. Mit ihm lassen sich bis zu 5 verschiedene IT-Signale \u00fcber ein einziges Cat.6-Kabel bis 100m \u00fcbermitteln: Audio und Video als HDMI-Signal, Ethernet, Infrarot-Fernbedienungssignale, RS232 und die Stromversorgung f\u00fcr den Receiver, damit am Display nicht noch eine zus\u00e4tzliche Steckdose montiert werden muss. Somit wird es m\u00f6glich, \u00fcber die installierte Netzwerkleitung Geb\u00e4udeteile mit zugespielten AV-Inhalten (z.B. f\u00fcr Digital-Signage-Anwendungen) und zus\u00e4tzlich netzwerkf\u00e4hige Displays oder Projektoren mit Ethernet zu versorgen. <br\/><\/p><div class=\"section__button\"><a href=\"https:\/\/www.lindy.de\/?websale8=ld0101&amp;pi=38115\" class=\"button button--dark\" target=\"_blank\" rel=\"noopener noreferrer\">Shop Online<\/a><\/div><\/div><\/div><\/div><div class=\"col-6_sm-12 full-width-image--with-text align--left\" style=\"background-image:url(https:\/\/lindy.com\/en\/wp-content\/uploads\/sites\/2\/2018\/10\/38115_AP-1.jpg)\"><img decoding=\"async\" src=\"https:\/\/lindy.com\/en\/wp-content\/uploads\/sites\/2\/2018\/10\/38115_AP-1.jpg\"\/><\/div><\/div><\/section>\n\n\n\n<section class=\"wp-block-lindy-paragraph-one-col section section--horizontal-content section--horizontal-content--one-column font--size-small theme--light align--center font--camber section--animation-none\"><div class=\"contained\"><h2 class=\"section__heading\"><span>Zusammenarbeit<\/span><\/h2><h2 class=\"section__subheading section__subheading__title\">Eine Linie f\u00fcr alles<\/h2><p class=\"section__paragraph\"><br\/>Oftmals werden Netzwerk-Projektoren, die sich via Ethernet konfigurieren lassen, z.B. unter der Raumdecke montiert, wo sie zwar optimal positioniert, aber leider auch unzug\u00e4nglich sind. Hier zeigt der HDBaseT Extender seine St\u00e4rken, denn er ist in der Lage, die ben\u00f6tigte Ethernet-Verbindung, die AV-Signal\u00fcbertragung und die eigene Stromversorgung (denn Steckdosen sind unter der Decke Mangelware) \u00fcber ein einziges Cat.-Kabel bereit zu stellen.<br\/><\/p><\/div><\/section>\n\n\n\n<section class=\"wp-block-lindy-zoom-image section section--zoom-image zoom-image align--center theme--light\"><div class=\"contained\"><div class=\"zoom-image-wrapper\"><img decoding=\"async\" class=\"zoomable\" src=\"https:\/\/lindy.com\/de\/wp-content\/uploads\/sites\/3\/2019\/05\/38115-1170x1107.jpg\" data-zoom-img=\"https:\/\/lindy.com\/de\/wp-content\/uploads\/sites\/3\/2019\/05\/38115.jpg\"\/><\/div><span class=\"zoom-image__description\">Click to zoom<\/span><\/div><\/section>\n","protected":false},"excerpt":{"rendered":"","protected":false},"author":11,"featured_media":0,"parent":0,"menu_order":0,"comment_status":"closed","ping_status":"closed","template":"page-templates\/template-landing.php","meta":{"_acf_changed":false,"footnotes":""},"class_list":["post-43","page","type-page","status-publish","hentry"],"acf":[],"yoast_head":"<!-- This site is optimized with the Yoast SEO plugin v26.6 - https:\/\/yoast.com\/wordpress\/plugins\/seo\/ -->\n<title>L\u00f6sungen f\u00fcr Konferenzr\u00e4ume \/ Pr\u00e4sentationstechnik - Lindy Elektronik<\/title>\n<meta name=\"description\" content=\"Die Collaboration-Technologie von Lindy erm\u00f6glicht es Ihnen, Besprechungsr\u00e4ume mit flexiblen Steuerungsm\u00f6glichkeiten und beeindruckenden hochaufl\u00f6senden Inhalten auf das n\u00e4chste Level zu bringen.\" \/>\n<meta name=\"robots\" content=\"index, follow, max-snippet:-1, max-image-preview:large, max-video-preview:-1\" \/>\n<link rel=\"canonical\" href=\"https:\/\/lindy.com\/de\/konferenzraeume-praesentationstechnik\/\" \/>\n<meta property=\"og:locale\" content=\"de_DE\" \/>\n<meta property=\"og:type\" content=\"article\" \/>\n<meta property=\"og:title\" content=\"L\u00f6sungen f\u00fcr Konferenzr\u00e4ume \/ Pr\u00e4sentationstechnik - Lindy Elektronik\" \/>\n<meta property=\"og:description\" content=\"Die Collaboration-Technologie von Lindy erm\u00f6glicht es Ihnen, Besprechungsr\u00e4ume mit flexiblen Steuerungsm\u00f6glichkeiten und beeindruckenden hochaufl\u00f6senden Inhalten auf das n\u00e4chste Level zu bringen.\" \/>\n<meta property=\"og:url\" content=\"https:\/\/lindy.com\/de\/konferenzraeume-praesentationstechnik\/\" \/>\n<meta property=\"og:site_name\" content=\"Lindy - German\" \/>\n<meta property=\"article:modified_time\" content=\"2019-05-23T11:58:29+00:00\" \/>\n<meta property=\"og:image\" content=\"https:\/\/lindy.com\/en\/wp-content\/uploads\/sites\/2\/2018\/10\/38115_AP-1.jpg\" \/>\n<meta name=\"twitter:card\" content=\"summary_large_image\" \/>\n<meta name=\"twitter:label1\" content=\"Gesch\u00e4tzte Lesezeit\" \/>\n\t<meta name=\"twitter:data1\" content=\"1 Minute\" \/>\n<script type=\"application\/ld+json\" class=\"yoast-schema-graph\">{\"@context\":\"https:\/\/schema.org\",\"@graph\":[{\"@type\":\"WebPage\",\"@id\":\"https:\/\/lindy.com\/de\/konferenzraeume-praesentationstechnik\/\",\"url\":\"https:\/\/lindy.com\/de\/konferenzraeume-praesentationstechnik\/\",\"name\":\"L\u00f6sungen f\u00fcr Konferenzr\u00e4ume \/ Pr\u00e4sentationstechnik - Lindy Elektronik\",\"isPartOf\":{\"@id\":\"https:\/\/lindy.com\/de\/#website\"},\"primaryImageOfPage\":{\"@id\":\"https:\/\/lindy.com\/de\/konferenzraeume-praesentationstechnik\/#primaryimage\"},\"image\":{\"@id\":\"https:\/\/lindy.com\/de\/konferenzraeume-praesentationstechnik\/#primaryimage\"},\"thumbnailUrl\":\"https:\/\/lindy.com\/en\/wp-content\/uploads\/sites\/2\/2018\/10\/38115_AP-1.jpg\",\"datePublished\":\"2018-10-25T12:43:07+00:00\",\"dateModified\":\"2019-05-23T11:58:29+00:00\",\"description\":\"Die Collaboration-Technologie von Lindy erm\u00f6glicht es Ihnen, Besprechungsr\u00e4ume mit flexiblen Steuerungsm\u00f6glichkeiten und beeindruckenden hochaufl\u00f6senden Inhalten auf das n\u00e4chste Level zu bringen.\",\"breadcrumb\":{\"@id\":\"https:\/\/lindy.com\/de\/konferenzraeume-praesentationstechnik\/#breadcrumb\"},\"inLanguage\":\"de-DE\",\"potentialAction\":[{\"@type\":\"ReadAction\",\"target\":[\"https:\/\/lindy.com\/de\/konferenzraeume-praesentationstechnik\/\"]}]},{\"@type\":\"ImageObject\",\"inLanguage\":\"de-DE\",\"@id\":\"https:\/\/lindy.com\/de\/konferenzraeume-praesentationstechnik\/#primaryimage\",\"url\":\"https:\/\/lindy.com\/en\/wp-content\/uploads\/sites\/2\/2018\/10\/38115_AP-1.jpg\",\"contentUrl\":\"https:\/\/lindy.com\/en\/wp-content\/uploads\/sites\/2\/2018\/10\/38115_AP-1.jpg\"},{\"@type\":\"BreadcrumbList\",\"@id\":\"https:\/\/lindy.com\/de\/konferenzraeume-praesentationstechnik\/#breadcrumb\",\"itemListElement\":[{\"@type\":\"ListItem\",\"position\":1,\"name\":\"Home\",\"item\":\"https:\/\/lindy.com\/de\/\"},{\"@type\":\"ListItem\",\"position\":2,\"name\":\"L\u00f6sungen f\u00fcr Konferenzr\u00e4ume \/ Pr\u00e4sentationstechnik\"}]},{\"@type\":\"WebSite\",\"@id\":\"https:\/\/lindy.com\/de\/#website\",\"url\":\"https:\/\/lindy.com\/de\/\",\"name\":\"Lindy - German\",\"description\":\"Connection Perfection\",\"potentialAction\":[{\"@type\":\"SearchAction\",\"target\":{\"@type\":\"EntryPoint\",\"urlTemplate\":\"https:\/\/lindy.com\/de\/?s={search_term_string}\"},\"query-input\":{\"@type\":\"PropertyValueSpecification\",\"valueRequired\":true,\"valueName\":\"search_term_string\"}}],\"inLanguage\":\"de-DE\"}]}<\/script>\n<!-- \/ Yoast SEO plugin. -->","yoast_head_json":{"title":"L\u00f6sungen f\u00fcr Konferenzr\u00e4ume \/ Pr\u00e4sentationstechnik - Lindy Elektronik","description":"Die Collaboration-Technologie von Lindy erm\u00f6glicht es Ihnen, Besprechungsr\u00e4ume mit flexiblen Steuerungsm\u00f6glichkeiten und beeindruckenden hochaufl\u00f6senden Inhalten auf das n\u00e4chste Level zu bringen.","robots":{"index":"index","follow":"follow","max-snippet":"max-snippet:-1","max-image-preview":"max-image-preview:large","max-video-preview":"max-video-preview:-1"},"canonical":"https:\/\/lindy.com\/de\/konferenzraeume-praesentationstechnik\/","og_locale":"de_DE","og_type":"article","og_title":"L\u00f6sungen f\u00fcr Konferenzr\u00e4ume \/ Pr\u00e4sentationstechnik - Lindy Elektronik","og_description":"Die Collaboration-Technologie von Lindy erm\u00f6glicht es Ihnen, Besprechungsr\u00e4ume mit flexiblen Steuerungsm\u00f6glichkeiten und beeindruckenden hochaufl\u00f6senden Inhalten auf das n\u00e4chste Level zu bringen.","og_url":"https:\/\/lindy.com\/de\/konferenzraeume-praesentationstechnik\/","og_site_name":"Lindy - German","article_modified_time":"2019-05-23T11:58:29+00:00","og_image":[{"url":"https:\/\/lindy.com\/en\/wp-content\/uploads\/sites\/2\/2018\/10\/38115_AP-1.jpg","type":"","width":"","height":""}],"twitter_card":"summary_large_image","twitter_misc":{"Gesch\u00e4tzte Lesezeit":"1 Minute"},"schema":{"@context":"https:\/\/schema.org","@graph":[{"@type":"WebPage","@id":"https:\/\/lindy.com\/de\/konferenzraeume-praesentationstechnik\/","url":"https:\/\/lindy.com\/de\/konferenzraeume-praesentationstechnik\/","name":"L\u00f6sungen f\u00fcr Konferenzr\u00e4ume \/ Pr\u00e4sentationstechnik - Lindy Elektronik","isPartOf":{"@id":"https:\/\/lindy.com\/de\/#website"},"primaryImageOfPage":{"@id":"https:\/\/lindy.com\/de\/konferenzraeume-praesentationstechnik\/#primaryimage"},"image":{"@id":"https:\/\/lindy.com\/de\/konferenzraeume-praesentationstechnik\/#primaryimage"},"thumbnailUrl":"https:\/\/lindy.com\/en\/wp-content\/uploads\/sites\/2\/2018\/10\/38115_AP-1.jpg","datePublished":"2018-10-25T12:43:07+00:00","dateModified":"2019-05-23T11:58:29+00:00","description":"Die Collaboration-Technologie von Lindy erm\u00f6glicht es Ihnen, Besprechungsr\u00e4ume mit flexiblen Steuerungsm\u00f6glichkeiten und beeindruckenden hochaufl\u00f6senden Inhalten auf das n\u00e4chste Level zu bringen.","breadcrumb":{"@id":"https:\/\/lindy.com\/de\/konferenzraeume-praesentationstechnik\/#breadcrumb"},"inLanguage":"de-DE","potentialAction":[{"@type":"ReadAction","target":["https:\/\/lindy.com\/de\/konferenzraeume-praesentationstechnik\/"]}]},{"@type":"ImageObject","inLanguage":"de-DE","@id":"https:\/\/lindy.com\/de\/konferenzraeume-praesentationstechnik\/#primaryimage","url":"https:\/\/lindy.com\/en\/wp-content\/uploads\/sites\/2\/2018\/10\/38115_AP-1.jpg","contentUrl":"https:\/\/lindy.com\/en\/wp-content\/uploads\/sites\/2\/2018\/10\/38115_AP-1.jpg"},{"@type":"BreadcrumbList","@id":"https:\/\/lindy.com\/de\/konferenzraeume-praesentationstechnik\/#breadcrumb","itemListElement":[{"@type":"ListItem","position":1,"name":"Home","item":"https:\/\/lindy.com\/de\/"},{"@type":"ListItem","position":2,"name":"L\u00f6sungen f\u00fcr Konferenzr\u00e4ume \/ Pr\u00e4sentationstechnik"}]},{"@type":"WebSite","@id":"https:\/\/lindy.com\/de\/#website","url":"https:\/\/lindy.com\/de\/","name":"Lindy - German","description":"Connection Perfection","potentialAction":[{"@type":"SearchAction","target":{"@type":"EntryPoint","urlTemplate":"https:\/\/lindy.com\/de\/?s={search_term_string}"},"query-input":{"@type":"PropertyValueSpecification","valueRequired":true,"valueName":"search_term_string"}}],"inLanguage":"de-DE"}]}},"_links":{"self":[{"href":"https:\/\/lindy.com\/de\/wp-json\/wp\/v2\/pages\/43","targetHints":{"allow":["GET"]}}],"collection":[{"href":"https:\/\/lindy.com\/de\/wp-json\/wp\/v2\/pages"}],"about":[{"href":"https:\/\/lindy.com\/de\/wp-json\/wp\/v2\/types\/page"}],"author":[{"embeddable":true,"href":"https:\/\/lindy.com\/de\/wp-json\/wp\/v2\/users\/11"}],"replies":[{"embeddable":true,"href":"https:\/\/lindy.com\/de\/wp-json\/wp\/v2\/comments?post=43"}],"version-history":[{"count":0,"href":"https:\/\/lindy.com\/de\/wp-json\/wp\/v2\/pages\/43\/revisions"}],"wp:attachment":[{"href":"https:\/\/lindy.com\/de\/wp-json\/wp\/v2\/media?parent=43"}],"curies":[{"name":"wp","href":"https:\/\/api.w.org\/{rel}","templated":true}]}}