{"id":4316,"date":"2024-01-09T15:51:24","date_gmt":"2024-01-09T15:51:24","guid":{"rendered":"https:\/\/lindy.com\/de\/?page_id=4316"},"modified":"2025-08-04T09:07:14","modified_gmt":"2025-08-04T09:07:14","slug":"sdvoe","status":"publish","type":"page","link":"https:\/\/lindy.com\/de\/sdvoe\/","title":{"rendered":"SDVoE"},"content":{"rendered":"\n<section class=\"wp-block-lindy-image-text-module section section--full-width-image full-width-image--with-text theme--dark section--animation-none align--center  font--size-large\" style=\"background-image:url(https:\/\/lindy.com\/de\/wp-content\/uploads\/sites\/3\/2024\/01\/Header_SDVOE-Logo.png)\"><img decoding=\"async\" class=\"full-width-image__image\" src=\"https:\/\/lindy.com\/de\/wp-content\/uploads\/sites\/3\/2024\/01\/Header_SDVOE-Logo.png\"\/><div class=\"contained\"><div class=\"full-width-image__content\"><h2 class=\"section__heading\"><span><br\/><br\/><br\/><br\/>SDVOE<\/span><\/h2><h2 class=\"section__subheading section__subheading__title\">Software\u00a0Defined\u00a0<br\/>Video\u00a0over\u00a0Ethernet<\/h2><p class=\"section__paragraph\"><br\/>   <br\/><br\/><br\/><br\/><\/p><\/div><\/div><\/section>\n\n\n\n<section class=\"wp-block-lindy-image-text-module section section--full-width-image full-width-image--with-text theme--dark section--animation-none align--center  font--size-medium\" style=\"background-image:url()\"><img decoding=\"async\" class=\"full-width-image__image\" src=\"\"\/><div class=\"contained\"><div class=\"full-width-image__content\"><h2 class=\"section__heading\"><span>NETZWERKBASIERTE <\/span><\/h2><h2 class=\"section__subheading section__subheading__title\">EXTENDER-TECHNOLOGIE<\/h2><p class=\"section__paragraph\"><br\/>Willkommen in der Zukunft der AV-Technologie! <br\/>Entdecken Sie die grenzenlosen M\u00f6glichkeiten von SDVoE (<strong>S<\/strong>oftware <strong>D<\/strong>efined <strong>V<\/strong>ideo <strong>o<\/strong>ver <strong>E<\/strong>thernet), das aktuell die \u00dcbertragung audiovisueller Inhalte revolutioniert. SDVoE ist nicht nur ein neuer Standard, sondern eine bahnbrechende Technologie, die die Art und Weise, wie wir Inhalte sehen, h\u00f6ren und teilen, neu definiert. <br\/><br\/>Mit SDVoE wird die \u00dcbertragung von hochaufl\u00f6sendem Video, Audio und Steuerbefehlen \u00fcber herk\u00f6mmliche Ethernet-Netzwerke m\u00f6glich. Erleben Sie unvergleichliche Flexibilit\u00e4t und Skalierbarkeit, w\u00e4hrend Sie gleichzeitig eine erstklassige Bild- und Tonqualit\u00e4t genie\u00dfen. Vergessen Sie Kabelsalat und teure Hardware-Upgrades \u2013 SDVoE erm\u00f6glicht es Ihnen, Ihr AV-Setup einfach und kosteng\u00fcnstig zu optimieren.<br\/><br\/>Die Zukunft der AV-Integration ist jetzt. Ob in Unternehmen, Bildungseinrichtungen oder Unterhaltungsbereichen \u2013 SDVoE bietet die ideale L\u00f6sung f\u00fcr jeden Anwendungsfall.<\/p><\/div><\/div><\/section>\n\n\n\n<section data-lin-vimeo=\"903988638\" class=\"wp-block-lindy-full-width-video section section--video-section full-width-video theme--dark align--center font--size-medium\"><div class=\"contained relative\"><div class=\"full-width-video__heading contained\"><\/div><div class=\"vimeo-section-video-inner section__vimeo-inner\" data-lin-vimeo=\"903988638\"><\/div><\/div><\/section>\n\n\n\n<section class=\"wp-block-lindy-heading-text section section--heading-text theme--dark align--left  font--size-medium section--animation-none\"><div class=\"contained\"><h2 class=\"section__heading\"><span>     <\/span><\/h2><h2 class=\"section__subheading section__subheading__title\">   <\/h2><\/div><\/section>\n\n\n\n<section class=\"wp-block-lindy-image-text-module section section--full-width-image full-width-image--with-text theme--light section--animation-none align--left  font--size-medium\" style=\"background-image:url()\"><img decoding=\"async\" class=\"full-width-image__image\" src=\"\"\/><div class=\"contained\"><div class=\"full-width-image__content\"><h2 class=\"section__heading\"><span>AV-management PER NETZWERK<\/span><\/h2><h2 class=\"section__subheading section__subheading__title\">Mit 2 universell einsetzbaren produkten<\/h2><p class=\"section__paragraph\"><br\/>Das System besteht aus Controller- und Transceiver-Modulen. Transceiver k\u00f6nnen entweder als Encoder oder Decoder f\u00fcr den Anschluss an Quell- oder Anzeigeger\u00e4te fungieren. Der Controller verwaltet die gesamte Installation und l\u00e4sst sich per Webbrowser konfigurieren. Innerhalb der GUI werden  Signalvorschau und Drag &amp; Drop unterst\u00fctzt. Das System kann sowohl in Glasfaser- als auch in Kupfernetzwerken eingesetzt werden. Es unterst\u00fctzt PoE zwecks einfacher Installation und Skalierbarkeit. <\/p><\/div><\/div><\/section>\n\n\n\n<section class=\"wp-block-lindy-image-text-module section section--full-width-image full-width-image--with-text theme--dark section--animation-none align--center  font--size-medium width--half\" style=\"background-image:url(https:\/\/lindy.com\/de\/wp-content\/uploads\/sites\/3\/2024\/01\/38364_HW.png)\"><img decoding=\"async\" class=\"full-width-image__image\" src=\"https:\/\/lindy.com\/de\/wp-content\/uploads\/sites\/3\/2024\/01\/38364_HW.png\"\/><div class=\"contained\"><div class=\"full-width-image__content\"><p class=\"section__paragraph\">SDVoE Controller Unit (No. 38364)<\/p><a href=\"https:\/\/www.lindy.de\/?websale8=ld0101.ld011101&amp;pi=38364&amp;etcc_cmp=LP-SDVOE&amp;etcc_med=WebSite-DE\" class=\"button button--white-transparent\" target=\"_blank\" rel=\"noopener noreferrer\">Zum Produkt<\/a><\/div><\/div><\/section>\n\n\n\n<section class=\"wp-block-lindy-image-text-module section section--full-width-image full-width-image--with-text theme--dark section--animation-none align--center  font--size-medium width--half\" style=\"background-image:url(https:\/\/lindy.com\/de\/wp-content\/uploads\/sites\/3\/2024\/01\/38365_HW.png)\"><img decoding=\"async\" class=\"full-width-image__image\" src=\"https:\/\/lindy.com\/de\/wp-content\/uploads\/sites\/3\/2024\/01\/38365_HW.png\"\/><div class=\"contained\"><div class=\"full-width-image__content\"><p class=\"section__paragraph\">SDVoE Transceiver Unit (No. 38365)<\/p><a href=\"https:\/\/www.lindy.de\/?websale8=ld0101.ld011101&amp;pi=38365&amp;etcc_cmp=LP-SDVOE&amp;etcc_med=WebSite-DE\" class=\"button button--white-transparent\" target=\"_blank\" rel=\"noopener noreferrer\">Zum Produkt<\/a><\/div><\/div><\/section>\n\n\n\n<section class=\"wp-block-lindy-image-text-module section section--full-width-image full-width-image--with-text theme--dark section--animation-none align--center  font--size-medium width--half\" style=\"background-image:url()\"><img decoding=\"async\" class=\"full-width-image__image\" src=\"\"\/><div class=\"contained\"><div class=\"full-width-image__content\"><h2 class=\"section__heading\"><span>Zwei Ger\u00e4te &#8211;<\/span><\/h2><h2 class=\"section__subheading section__subheading__title\">Ein AV-UNIVERSUM <\/h2><p class=\"section__paragraph\"><br\/>Die Kombination von nur 2 Produkten in unterschiedlichen Betriebsmodi er\u00f6ffnet ein Meer von M\u00f6glichkeiten. Der Transceiver arbeitet entweder im Encoding- oder im Decoding-Modus und ist somit entweder als Transmitter oder als Receiver konfiguriert. Zwei solche Transceiver erm\u00f6glichen schon die Einrichtung eines IP-basierten Extender-Systems. Aber das ist erst der Anfang.  In Kombination mit der Controller Unit, lassen sich  Splittersysteme, die einen Inhalt auf multiplen Displays anzeigen, Video-Walls mit bis zu 8 x 8 Displays und ganze Matrix-Switch-Systeme mit r\u00e4umlich verteilten Displays aufsetzen. Steuerung und Signalrouting \u00fcber das Netzwerk \u00fcbernimmt dann der Controller. An den Quell-und Zielger\u00e4ten wird lediglich jeweils ein Transceiver in entsprechendem Modus als Encoder (Transmitter) oder Decoder (Receiver) konfiguriert.<\/p><\/div><\/div><\/section>\n\n\n\n<section class=\"wp-block-lindy-zoom-image section section--zoom-image zoom-image align--center theme--light\"><div class=\"contained\"><div class=\"zoom-image-wrapper\"><img decoding=\"async\" class=\"zoomable\" src=\"https:\/\/lindy.com\/de\/wp-content\/uploads\/sites\/3\/2024\/01\/SDVoE-Diagramm_HeadLine_bg-white-1.png\" data-zoom-img=\"https:\/\/lindy.com\/de\/wp-content\/uploads\/sites\/3\/2024\/01\/SDVoE-Diagramm_HeadLine_bg-white-1.png\"\/><\/div><span class=\"zoom-image__description\">Click to zoom<\/span><\/div><\/section>\n\n\n\n<section class=\"wp-block-lindy-image-text-module section section--full-width-image full-width-image--with-text theme--dark section--animation-none align--left  font--size-medium width--half\" style=\"background-image:url()\"><img decoding=\"async\" class=\"full-width-image__image\" src=\"\"\/><div class=\"contained\"><div class=\"full-width-image__content\"><h2 class=\"section__heading\"><span>DIE vorteile<\/span><\/h2><h2 class=\"section__subheading section__subheading__title\">Auf einen Blick<\/h2><p class=\"section__paragraph\"><br\/><strong>EINFACHE BEREITSTELLUNG<\/strong>. Profitieren Sie von der einfachen Konfiguration und den flexiblen M\u00f6glichkeiten des Lindy SDVoE-Systems. Dank benutzerfreundlicher SDVoE-Weboberfl\u00e4che des Controllers gestaltet sich die Systemeinrichtung f\u00fcr Benutzer denkbar einfach. Die Vielseitigkeit des Systems erm\u00f6glicht Punkt-zu-Punkt, Matrix- und Videowand-Setups und gew\u00e4hrleistet Kompatibilit\u00e4t in den unterschiedlichsten AV-Umgebungen wie Schul- und Konferenzr\u00e4umen oder Digital-Signage-Installationen.<br\/><br\/><strong>FLEXIBEL.<\/strong> Das System kann durch Anschluss an einen 10G Netzwerk-Switch \u00fcber ein Standard-Kupferkabel der Cat. 6a oder h\u00f6her, bzw. durch Verwendung  eines SFP+-Glasfasermoduls (nicht im Lieferumfang enthalten), auf einfachste Weise und mit maximaler Flexibilit\u00e4t in Bezug auf Installation und Konfiguration in ein bestehendes Netzwerk eingebunden werden.<\/p><\/div><\/div><\/section>\n\n\n\n<section class=\"wp-block-lindy-image-text-module section section--full-width-image full-width-image--with-text theme--dark section--animation-none align--left  font--size-medium width--half\" style=\"background-image:url()\"><img decoding=\"async\" class=\"full-width-image__image\" src=\"\"\/><div class=\"contained\"><div class=\"full-width-image__content\"><p class=\"section__paragraph\"><br\/><br\/><br\/><strong>PRAKTISCH<\/strong>. Der Lindy SDVoE Controller bietet<br\/>zentrale Steuerung und vereinfacht die Verwaltung und \u00dcberwachung Ihres AV-over-IP-Systems von einem Ort aus. Konfigurieren Sie m\u00fchelos das Audio-\/Video-Routing, erstellen Sie individuelle Presets und passen Ger\u00e4teeinstellungen an. Die Echtzeit-\u00dcberwachung identifiziert und behebt Probleme &#8218;on the fly&#8216;, und stellt so optimierte Leistung und minimale Ausfallzeiten sicher.<br\/><br\/><br\/><br\/><strong>NAHTLOS.<\/strong> Die M\u00f6glichkeit, Datenstr\u00f6me der  USB-Peripherieger\u00e4te zusammen mit dem Videosignal zu \u00fcbertragen, ist ideal f\u00fcr interaktive AV- und KVM-Anwendungen. Au\u00dferdem macht Power-over-Ethernet (PoE) zus\u00e4tzliche Stromversorgungen \u00fcberfl\u00fcssig und vereinfacht Installationen.<br\/><br\/><\/p><\/div><\/div><\/section>\n\n\n\n<section class=\"wp-block-lindy-image-text-module section section--full-width-image full-width-image--with-text theme--light section--animation-none align--right  font--size-medium width--half\" style=\"background-image:url()\"><img decoding=\"async\" class=\"full-width-image__image\" src=\"\"\/><div class=\"contained\"><div class=\"full-width-image__content\"><h2 class=\"section__heading\"><span>Die SDVoE-Alliance<\/span><\/h2><h2 class=\"section__subheading section__subheading__title\">Ein starkes GRemium<\/h2><p class=\"section__paragraph\"><br\/>Als Mitglied der SDVoE-Alliance, einem gemeinn\u00fctzigen Konsortium aus namhaften Technologieanbietern, helfen wir mit, diese zukunftsweisende Technologie zu standardisieren, sie weiterzuentwickeln und voranzutreiben.<br\/><br\/><\/p><a href=\"https:\/\/sdvoe.org\/\" class=\"button button--dark\" target=\"_blank\" rel=\"noopener noreferrer\">Mehr Erfahren<\/a><\/div><\/div><\/section>\n\n\n\n<section class=\"wp-block-lindy-image-text-module section section--full-width-image full-width-image--with-text theme--light section--animation-none align--left  font--size-medium width--half\" style=\"background-image:url(https:\/\/lindy.com\/de\/wp-content\/uploads\/sites\/3\/2024\/01\/SDVoE-Logo-HW-1.png)\"><img decoding=\"async\" class=\"full-width-image__image\" src=\"https:\/\/lindy.com\/de\/wp-content\/uploads\/sites\/3\/2024\/01\/SDVoE-Logo-HW-1.png\"\/><div class=\"contained\"><div class=\"full-width-image__content\"><\/div><\/div><\/section>\n","protected":false},"excerpt":{"rendered":"","protected":false},"author":21,"featured_media":0,"parent":0,"menu_order":0,"comment_status":"closed","ping_status":"closed","template":"page-templates\/template-landing.php","meta":{"_acf_changed":false,"footnotes":""},"class_list":["post-4316","page","type-page","status-publish","hentry"],"acf":[],"yoast_head":"<!-- This site is optimized with the Yoast SEO plugin v26.6 - https:\/\/yoast.com\/wordpress\/plugins\/seo\/ -->\n<title>SDVoE - Lindy - German<\/title>\n<meta name=\"description\" content=\"Mit SDVoE erm\u00f6glicht die \u00dcbertragung von hochaufl\u00f6sendem Video, Audio und Steuerbefehlen \u00fcber herk\u00f6mmliche Ethernet-Netzwerke.\" \/>\n<meta name=\"robots\" content=\"index, follow, max-snippet:-1, max-image-preview:large, max-video-preview:-1\" \/>\n<link rel=\"canonical\" href=\"https:\/\/lindy.com\/de\/sdvoe\/\" \/>\n<meta property=\"og:locale\" content=\"de_DE\" \/>\n<meta property=\"og:type\" content=\"article\" \/>\n<meta property=\"og:title\" content=\"SDVoE - Lindy - German\" \/>\n<meta property=\"og:description\" content=\"Mit SDVoE erm\u00f6glicht die \u00dcbertragung von hochaufl\u00f6sendem Video, Audio und Steuerbefehlen \u00fcber herk\u00f6mmliche Ethernet-Netzwerke.\" \/>\n<meta property=\"og:url\" content=\"https:\/\/lindy.com\/de\/sdvoe\/\" \/>\n<meta property=\"og:site_name\" content=\"Lindy - German\" \/>\n<meta property=\"article:modified_time\" content=\"2025-08-04T09:07:14+00:00\" \/>\n<meta property=\"og:image\" content=\"https:\/\/lindy.com\/de\/wp-content\/uploads\/sites\/3\/2024\/01\/Header_SDVOE-Logo.png\" \/>\n<meta name=\"twitter:card\" content=\"summary_large_image\" \/>\n<meta name=\"twitter:label1\" content=\"Gesch\u00e4tzte Lesezeit\" \/>\n\t<meta name=\"twitter:data1\" content=\"6 Minuten\" \/>\n<script type=\"application\/ld+json\" class=\"yoast-schema-graph\">{\"@context\":\"https:\/\/schema.org\",\"@graph\":[{\"@type\":\"WebPage\",\"@id\":\"https:\/\/lindy.com\/de\/sdvoe\/\",\"url\":\"https:\/\/lindy.com\/de\/sdvoe\/\",\"name\":\"SDVoE - Lindy - German\",\"isPartOf\":{\"@id\":\"https:\/\/lindy.com\/de\/#website\"},\"primaryImageOfPage\":{\"@id\":\"https:\/\/lindy.com\/de\/sdvoe\/#primaryimage\"},\"image\":{\"@id\":\"https:\/\/lindy.com\/de\/sdvoe\/#primaryimage\"},\"thumbnailUrl\":\"https:\/\/lindy.com\/de\/wp-content\/uploads\/sites\/3\/2024\/01\/Header_SDVOE-Logo.png\",\"datePublished\":\"2024-01-09T15:51:24+00:00\",\"dateModified\":\"2025-08-04T09:07:14+00:00\",\"description\":\"Mit SDVoE erm\u00f6glicht die \u00dcbertragung von hochaufl\u00f6sendem Video, Audio und Steuerbefehlen \u00fcber herk\u00f6mmliche Ethernet-Netzwerke.\",\"breadcrumb\":{\"@id\":\"https:\/\/lindy.com\/de\/sdvoe\/#breadcrumb\"},\"inLanguage\":\"de-DE\",\"potentialAction\":[{\"@type\":\"ReadAction\",\"target\":[\"https:\/\/lindy.com\/de\/sdvoe\/\"]}]},{\"@type\":\"ImageObject\",\"inLanguage\":\"de-DE\",\"@id\":\"https:\/\/lindy.com\/de\/sdvoe\/#primaryimage\",\"url\":\"https:\/\/lindy.com\/de\/wp-content\/uploads\/sites\/3\/2024\/01\/Header_SDVOE-Logo.png\",\"contentUrl\":\"https:\/\/lindy.com\/de\/wp-content\/uploads\/sites\/3\/2024\/01\/Header_SDVOE-Logo.png\",\"width\":1920,\"height\":1080},{\"@type\":\"BreadcrumbList\",\"@id\":\"https:\/\/lindy.com\/de\/sdvoe\/#breadcrumb\",\"itemListElement\":[{\"@type\":\"ListItem\",\"position\":1,\"name\":\"Home\",\"item\":\"https:\/\/lindy.com\/de\/\"},{\"@type\":\"ListItem\",\"position\":2,\"name\":\"SDVoE\"}]},{\"@type\":\"WebSite\",\"@id\":\"https:\/\/lindy.com\/de\/#website\",\"url\":\"https:\/\/lindy.com\/de\/\",\"name\":\"Lindy - German\",\"description\":\"Connection Perfection\",\"potentialAction\":[{\"@type\":\"SearchAction\",\"target\":{\"@type\":\"EntryPoint\",\"urlTemplate\":\"https:\/\/lindy.com\/de\/?s={search_term_string}\"},\"query-input\":{\"@type\":\"PropertyValueSpecification\",\"valueRequired\":true,\"valueName\":\"search_term_string\"}}],\"inLanguage\":\"de-DE\"}]}<\/script>\n<!-- \/ Yoast SEO plugin. -->","yoast_head_json":{"title":"SDVoE - Lindy - German","description":"Mit SDVoE erm\u00f6glicht die \u00dcbertragung von hochaufl\u00f6sendem Video, Audio und Steuerbefehlen \u00fcber herk\u00f6mmliche Ethernet-Netzwerke.","robots":{"index":"index","follow":"follow","max-snippet":"max-snippet:-1","max-image-preview":"max-image-preview:large","max-video-preview":"max-video-preview:-1"},"canonical":"https:\/\/lindy.com\/de\/sdvoe\/","og_locale":"de_DE","og_type":"article","og_title":"SDVoE - Lindy - German","og_description":"Mit SDVoE erm\u00f6glicht die \u00dcbertragung von hochaufl\u00f6sendem Video, Audio und Steuerbefehlen \u00fcber herk\u00f6mmliche Ethernet-Netzwerke.","og_url":"https:\/\/lindy.com\/de\/sdvoe\/","og_site_name":"Lindy - German","article_modified_time":"2025-08-04T09:07:14+00:00","og_image":[{"url":"https:\/\/lindy.com\/de\/wp-content\/uploads\/sites\/3\/2024\/01\/Header_SDVOE-Logo.png","type":"","width":"","height":""}],"twitter_card":"summary_large_image","twitter_misc":{"Gesch\u00e4tzte Lesezeit":"6 Minuten"},"schema":{"@context":"https:\/\/schema.org","@graph":[{"@type":"WebPage","@id":"https:\/\/lindy.com\/de\/sdvoe\/","url":"https:\/\/lindy.com\/de\/sdvoe\/","name":"SDVoE - Lindy - German","isPartOf":{"@id":"https:\/\/lindy.com\/de\/#website"},"primaryImageOfPage":{"@id":"https:\/\/lindy.com\/de\/sdvoe\/#primaryimage"},"image":{"@id":"https:\/\/lindy.com\/de\/sdvoe\/#primaryimage"},"thumbnailUrl":"https:\/\/lindy.com\/de\/wp-content\/uploads\/sites\/3\/2024\/01\/Header_SDVOE-Logo.png","datePublished":"2024-01-09T15:51:24+00:00","dateModified":"2025-08-04T09:07:14+00:00","description":"Mit SDVoE erm\u00f6glicht die \u00dcbertragung von hochaufl\u00f6sendem Video, Audio und Steuerbefehlen \u00fcber herk\u00f6mmliche Ethernet-Netzwerke.","breadcrumb":{"@id":"https:\/\/lindy.com\/de\/sdvoe\/#breadcrumb"},"inLanguage":"de-DE","potentialAction":[{"@type":"ReadAction","target":["https:\/\/lindy.com\/de\/sdvoe\/"]}]},{"@type":"ImageObject","inLanguage":"de-DE","@id":"https:\/\/lindy.com\/de\/sdvoe\/#primaryimage","url":"https:\/\/lindy.com\/de\/wp-content\/uploads\/sites\/3\/2024\/01\/Header_SDVOE-Logo.png","contentUrl":"https:\/\/lindy.com\/de\/wp-content\/uploads\/sites\/3\/2024\/01\/Header_SDVOE-Logo.png","width":1920,"height":1080},{"@type":"BreadcrumbList","@id":"https:\/\/lindy.com\/de\/sdvoe\/#breadcrumb","itemListElement":[{"@type":"ListItem","position":1,"name":"Home","item":"https:\/\/lindy.com\/de\/"},{"@type":"ListItem","position":2,"name":"SDVoE"}]},{"@type":"WebSite","@id":"https:\/\/lindy.com\/de\/#website","url":"https:\/\/lindy.com\/de\/","name":"Lindy - German","description":"Connection Perfection","potentialAction":[{"@type":"SearchAction","target":{"@type":"EntryPoint","urlTemplate":"https:\/\/lindy.com\/de\/?s={search_term_string}"},"query-input":{"@type":"PropertyValueSpecification","valueRequired":true,"valueName":"search_term_string"}}],"inLanguage":"de-DE"}]}},"_links":{"self":[{"href":"https:\/\/lindy.com\/de\/wp-json\/wp\/v2\/pages\/4316","targetHints":{"allow":["GET"]}}],"collection":[{"href":"https:\/\/lindy.com\/de\/wp-json\/wp\/v2\/pages"}],"about":[{"href":"https:\/\/lindy.com\/de\/wp-json\/wp\/v2\/types\/page"}],"author":[{"embeddable":true,"href":"https:\/\/lindy.com\/de\/wp-json\/wp\/v2\/users\/21"}],"replies":[{"embeddable":true,"href":"https:\/\/lindy.com\/de\/wp-json\/wp\/v2\/comments?post=4316"}],"version-history":[{"count":161,"href":"https:\/\/lindy.com\/de\/wp-json\/wp\/v2\/pages\/4316\/revisions"}],"predecessor-version":[{"id":16400,"href":"https:\/\/lindy.com\/de\/wp-json\/wp\/v2\/pages\/4316\/revisions\/16400"}],"wp:attachment":[{"href":"https:\/\/lindy.com\/de\/wp-json\/wp\/v2\/media?parent=4316"}],"curies":[{"name":"wp","href":"https:\/\/api.w.org\/{rel}","templated":true}]}}