{"id":58,"date":"2018-10-25T12:15:36","date_gmt":"2018-10-25T12:15:36","guid":{"rendered":"https:\/\/lindy.com\/de\/?page_id=58"},"modified":"2019-05-23T12:56:06","modified_gmt":"2019-05-23T12:56:06","slug":"unternehmensdarstellung","status":"publish","type":"page","link":"https:\/\/lindy.com\/de\/unternehmensdarstellung\/","title":{"rendered":"Unternehmensdarstellung"},"content":{"rendered":"\n<section class=\"wp-block-lindy-parallax-hero section parallax-hero theme--light align--center  font--size-large\" style=\"background-image:url(https:\/\/lindy.com\/de\/wp-content\/uploads\/sites\/3\/2018\/12\/Amended_Corporate_2.jpg)\"><div class=\"contained contained--full-width\"><div class=\"parallax-hero__content\"><div class=\"parallax-hero__content-wrapper align--center\"><h2 class=\"section__heading\"><span><br\/>Anwendungen\u00a0<br\/><\/span><\/h2><h2 class=\"section__subheading section__subheading__title\">F\u00dcR Unternehmens-<br\/>darstellung<\/h2><p class=\"section__paragraph\"><br\/>\u25bc<\/p><\/div><\/div><\/div><\/section>\n\n\n\n<section class=\"wp-block-lindy-parallax-hero section parallax-hero theme--dark align--center  font--size-medium\" style=\"background-image:url(https:\/\/lindy.com\/de\/wp-content\/uploads\/sites\/3\/2018\/12\/Amended_Corporate_1.jpg)\"><div class=\"contained contained--full-width\"><div class=\"parallax-hero__content\"><div class=\"parallax-hero__content-wrapper align--center\"><h2 class=\"section__heading\"><span><br\/><br\/><br\/><br\/><br\/><br\/><br\/><br\/><br\/><\/span><\/h2><\/div><\/div><\/div><\/section>\n\n\n\n<section class=\"wp-block-lindy-parallax-hero section parallax-hero theme--light align--center font--camber font--size-medium\" style=\"background-image:url(https:\/\/lindy.com\/de\/wp-content\/uploads\/sites\/3\/2018\/12\/Amended_Corporate_2.jpg)\"><div class=\"contained contained--full-width\"><div class=\"parallax-hero__content\"><div class=\"parallax-hero__content-wrapper align--center\"><h2 class=\"section__heading\"><span> <br\/>UNTERNEHMENSVISIONEN\u00a0 <\/span><\/h2><h2 class=\"section__subheading section__subheading__title\">REALSIEREN<br\/><br\/> <\/h2><p class=\"section__paragraph\">\u00a0AV-Ger\u00e4te sind leistungsstarke Tools zum Erstellen und Pr\u00e4sentieren eines Markenimages. Unternehmensvisionen k\u00f6nnen mit hochaufl\u00f6senden Displays und leistungsstarken Videoprozessoren, die im Hintergrund arbeiten, realisiert werden.<\/p><\/div><\/div><\/div><\/section>\n\n\n\n<section class=\"wp-block-lindy-heading-text section section--heading-text theme--light align--center  font--size-large section--animation-none\"><div class=\"contained\"><h2 class=\"section__heading\"><span><br\/>FORMVOLLENDUNG IN 4K<br\/><\/span><\/h2><h2 class=\"section__subheading section__subheading__title\">FLEXIBLER VIDEO WALL SCALER<br\/><\/h2><\/div><\/section>\n\n\n\n<section class=\"wp-block-lindy-image-text-module section section--full-width-image full-width-image--with-text theme--light section--animation-none align--left  font--size-medium width--half\" style=\"background-image:url(https:\/\/lindy.com\/en\/wp-content\/uploads\/sites\/2\/2018\/10\/VideoWallScaler_HalfWidthAP.jpg)\"><img decoding=\"async\" class=\"full-width-image__image\" src=\"https:\/\/lindy.com\/en\/wp-content\/uploads\/sites\/2\/2018\/10\/VideoWallScaler_HalfWidthAP.jpg\"\/><div class=\"contained\"><div class=\"full-width-image__content\"><\/div><\/div><\/section>\n\n\n\n<section class=\"wp-block-lindy-image-text-module section section--full-width-image full-width-image--with-text theme--light section--animation-none align--right  font--size-medium width--half\" style=\"background-image:url()\"><img decoding=\"async\" class=\"full-width-image__image\" src=\"\"\/><div class=\"contained\"><div class=\"full-width-image__content\"><p class=\"section__paragraph\">Der flexible Video Wall Scaler setzt neue kreative Ma\u00dfst\u00e4be f\u00fcr Video Walls. Vorkonfigurierte Display\u00adAnordnungen, Kaskadierung und benutzerfreundliche On Screen Displays erm\u00f6glichen zahllose Konfigurationen f\u00fcr regul\u00e4re, aber auch ausgefallene bis hin zu sehr unkonventionellen, nicht symmetrisch angeordneten Video Walls. Speziell konzipiert f\u00fcr den Einsatz in Retail\u00ad, Advertisement\u00ad sowie gewerblichen und Hospitality\u00adInstallationen unterst\u00fctzt der Scaler eine Vielzahl von vordefinierten Presets bez\u00fcglich Display\u00adAnordnung und \u00adOrientierung. Kombiniert mit anderen AV\u00adProdukten \u2013 beispielsweise LWL Extendern und HDMI Switches \u2013 lassen sich so hochkomplexe Anwendungsszenarien mit mehreren Quellger\u00e4ten f\u00fcr schaltbar wechselnde Video\u00adInhalte und Signal\u00fcbertragung \u00fcber gro\u00dfe r\u00e4umliche Distanzen f\u00fcr Back\u00adOffice\u00adL\u00f6sungen realisieren.<\/p><a href=\"https:\/\/lindy.com\/de\/technologie\/flexibler-video-wall-scaler\" class=\"button button--dark\" target=\"_self\" rel=\"noopener noreferrer\">MEHR ENTDECKEN<\/a><\/div><\/div><\/section>\n\n\n\n<section class=\"wp-block-lindy-image-text-module section section--full-width-image full-width-image--with-text theme--light section--animation-none align--center font--camber font--size-small\" style=\"background-image:url()\"><img decoding=\"async\" class=\"full-width-image__image\" src=\"\"\/><div class=\"contained\"><div class=\"full-width-image__content\"><h2 class=\"section__heading\"><span>Quantit\u00e4t &amp;<br\/><\/span><\/h2><h2 class=\"section__subheading section__subheading__title\">QUALIT\u00c4T<\/h2><p class=\"section__paragraph\"><br\/>Pr\u00e4sentation und Darstellung auf Video Walls stellen eines der Marktsegmente mit den signifikantesten Wachstumsraten im gesamten AV-Hardwaresektor dar. Um so wichtiger sind hier innovative Produktideen, um der Kreativit\u00e4t der Anwender Raum zu geben und Antworten auf ihre Fragen zu finden. Warum z.B. sollten die Displays einer Video Wall im Querfomat rechtwinklig angeordnet sein, wenn sie doch in einer anderen Anordnung die Aufmerksamkeit der Betrachter wesentlich besser auf sich lenken k\u00f6nnen. Hochformatig parallel oder stufenweise, diagonal oder in beliebigen Winkeln zueinander angeordnet und entsprechend korrelierend mit den Videoinhalten \u2013 etwa r\u00e4umlich gedreht oder hochformatig \u2013 stellen die Displays einer solchen Video Wall einen echten Hingucker f\u00fcr Publikum und Kunden.<br\/><\/p><\/div><\/div><\/section>\n\n\n\n<section class=\"wp-block-lindy-zoom-image section section--zoom-image zoom-image align--center theme--light\"><div class=\"contained\"><div class=\"zoom-image-wrapper\"><img decoding=\"async\" class=\"zoomable\" src=\"https:\/\/lindy.com\/de\/wp-content\/uploads\/sites\/3\/2019\/05\/38161-1170x1002.jpg\" data-zoom-img=\"https:\/\/lindy.com\/de\/wp-content\/uploads\/sites\/3\/2019\/05\/38161.jpg\"\/><\/div><span class=\"zoom-image__description\">Click to zoom<\/span><\/div><\/section>\n","protected":false},"excerpt":{"rendered":"","protected":false},"author":15,"featured_media":0,"parent":0,"menu_order":0,"comment_status":"closed","ping_status":"closed","template":"page-templates\/template-landing.php","meta":{"_acf_changed":false,"footnotes":""},"class_list":["post-58","page","type-page","status-publish","hentry"],"acf":[],"yoast_head":"<!-- This site is optimized with the Yoast SEO plugin v26.6 - https:\/\/yoast.com\/wordpress\/plugins\/seo\/ -->\n<title>Anwendungen f\u00fcr Unternehmensdarstellung - Lindy Elektronik<\/title>\n<meta name=\"description\" content=\"AV-Ger\u00e4te sind leistungsstarke Tools zum Erstellen &amp; Pr\u00e4sentieren eines Markenimages. Unternehmensvisionen k\u00f6nnen mit hochaufl\u00f6senden Displays und leistungsstarken Videoprozessoren realisiert werden.\" \/>\n<meta name=\"robots\" content=\"index, follow, max-snippet:-1, max-image-preview:large, max-video-preview:-1\" \/>\n<link rel=\"canonical\" href=\"https:\/\/lindy.com\/de\/unternehmensdarstellung\/\" \/>\n<meta property=\"og:locale\" content=\"de_DE\" \/>\n<meta property=\"og:type\" content=\"article\" \/>\n<meta property=\"og:title\" content=\"Anwendungen f\u00fcr Unternehmensdarstellung - Lindy Elektronik\" \/>\n<meta property=\"og:description\" content=\"AV-Ger\u00e4te sind leistungsstarke Tools zum Erstellen &amp; Pr\u00e4sentieren eines Markenimages. Unternehmensvisionen k\u00f6nnen mit hochaufl\u00f6senden Displays und leistungsstarken Videoprozessoren realisiert werden.\" \/>\n<meta property=\"og:url\" content=\"https:\/\/lindy.com\/de\/unternehmensdarstellung\/\" \/>\n<meta property=\"og:site_name\" content=\"Lindy - German\" \/>\n<meta property=\"article:modified_time\" content=\"2019-05-23T12:56:06+00:00\" \/>\n<meta property=\"og:image\" content=\"https:\/\/lindy.com\/en\/wp-content\/uploads\/sites\/2\/2018\/10\/VideoWallScaler_HalfWidthAP.jpg\" \/>\n<meta name=\"twitter:card\" content=\"summary_large_image\" \/>\n<meta name=\"twitter:label1\" content=\"Gesch\u00e4tzte Lesezeit\" \/>\n\t<meta name=\"twitter:data1\" content=\"1 Minute\" \/>\n<script type=\"application\/ld+json\" class=\"yoast-schema-graph\">{\"@context\":\"https:\/\/schema.org\",\"@graph\":[{\"@type\":\"WebPage\",\"@id\":\"https:\/\/lindy.com\/de\/unternehmensdarstellung\/\",\"url\":\"https:\/\/lindy.com\/de\/unternehmensdarstellung\/\",\"name\":\"Anwendungen f\u00fcr Unternehmensdarstellung - Lindy Elektronik\",\"isPartOf\":{\"@id\":\"https:\/\/lindy.com\/de\/#website\"},\"primaryImageOfPage\":{\"@id\":\"https:\/\/lindy.com\/de\/unternehmensdarstellung\/#primaryimage\"},\"image\":{\"@id\":\"https:\/\/lindy.com\/de\/unternehmensdarstellung\/#primaryimage\"},\"thumbnailUrl\":\"https:\/\/lindy.com\/en\/wp-content\/uploads\/sites\/2\/2018\/10\/VideoWallScaler_HalfWidthAP.jpg\",\"datePublished\":\"2018-10-25T12:15:36+00:00\",\"dateModified\":\"2019-05-23T12:56:06+00:00\",\"description\":\"AV-Ger\u00e4te sind leistungsstarke Tools zum Erstellen & Pr\u00e4sentieren eines Markenimages. Unternehmensvisionen k\u00f6nnen mit hochaufl\u00f6senden Displays und leistungsstarken Videoprozessoren realisiert werden.\",\"breadcrumb\":{\"@id\":\"https:\/\/lindy.com\/de\/unternehmensdarstellung\/#breadcrumb\"},\"inLanguage\":\"de-DE\",\"potentialAction\":[{\"@type\":\"ReadAction\",\"target\":[\"https:\/\/lindy.com\/de\/unternehmensdarstellung\/\"]}]},{\"@type\":\"ImageObject\",\"inLanguage\":\"de-DE\",\"@id\":\"https:\/\/lindy.com\/de\/unternehmensdarstellung\/#primaryimage\",\"url\":\"https:\/\/lindy.com\/en\/wp-content\/uploads\/sites\/2\/2018\/10\/VideoWallScaler_HalfWidthAP.jpg\",\"contentUrl\":\"https:\/\/lindy.com\/en\/wp-content\/uploads\/sites\/2\/2018\/10\/VideoWallScaler_HalfWidthAP.jpg\"},{\"@type\":\"BreadcrumbList\",\"@id\":\"https:\/\/lindy.com\/de\/unternehmensdarstellung\/#breadcrumb\",\"itemListElement\":[{\"@type\":\"ListItem\",\"position\":1,\"name\":\"Home\",\"item\":\"https:\/\/lindy.com\/de\/\"},{\"@type\":\"ListItem\",\"position\":2,\"name\":\"Unternehmensdarstellung\"}]},{\"@type\":\"WebSite\",\"@id\":\"https:\/\/lindy.com\/de\/#website\",\"url\":\"https:\/\/lindy.com\/de\/\",\"name\":\"Lindy - German\",\"description\":\"Connection Perfection\",\"potentialAction\":[{\"@type\":\"SearchAction\",\"target\":{\"@type\":\"EntryPoint\",\"urlTemplate\":\"https:\/\/lindy.com\/de\/?s={search_term_string}\"},\"query-input\":{\"@type\":\"PropertyValueSpecification\",\"valueRequired\":true,\"valueName\":\"search_term_string\"}}],\"inLanguage\":\"de-DE\"}]}<\/script>\n<!-- \/ Yoast SEO plugin. -->","yoast_head_json":{"title":"Anwendungen f\u00fcr Unternehmensdarstellung - Lindy Elektronik","description":"AV-Ger\u00e4te sind leistungsstarke Tools zum Erstellen & Pr\u00e4sentieren eines Markenimages. Unternehmensvisionen k\u00f6nnen mit hochaufl\u00f6senden Displays und leistungsstarken Videoprozessoren realisiert werden.","robots":{"index":"index","follow":"follow","max-snippet":"max-snippet:-1","max-image-preview":"max-image-preview:large","max-video-preview":"max-video-preview:-1"},"canonical":"https:\/\/lindy.com\/de\/unternehmensdarstellung\/","og_locale":"de_DE","og_type":"article","og_title":"Anwendungen f\u00fcr Unternehmensdarstellung - Lindy Elektronik","og_description":"AV-Ger\u00e4te sind leistungsstarke Tools zum Erstellen & Pr\u00e4sentieren eines Markenimages. Unternehmensvisionen k\u00f6nnen mit hochaufl\u00f6senden Displays und leistungsstarken Videoprozessoren realisiert werden.","og_url":"https:\/\/lindy.com\/de\/unternehmensdarstellung\/","og_site_name":"Lindy - German","article_modified_time":"2019-05-23T12:56:06+00:00","og_image":[{"url":"https:\/\/lindy.com\/en\/wp-content\/uploads\/sites\/2\/2018\/10\/VideoWallScaler_HalfWidthAP.jpg","type":"","width":"","height":""}],"twitter_card":"summary_large_image","twitter_misc":{"Gesch\u00e4tzte Lesezeit":"1 Minute"},"schema":{"@context":"https:\/\/schema.org","@graph":[{"@type":"WebPage","@id":"https:\/\/lindy.com\/de\/unternehmensdarstellung\/","url":"https:\/\/lindy.com\/de\/unternehmensdarstellung\/","name":"Anwendungen f\u00fcr Unternehmensdarstellung - Lindy Elektronik","isPartOf":{"@id":"https:\/\/lindy.com\/de\/#website"},"primaryImageOfPage":{"@id":"https:\/\/lindy.com\/de\/unternehmensdarstellung\/#primaryimage"},"image":{"@id":"https:\/\/lindy.com\/de\/unternehmensdarstellung\/#primaryimage"},"thumbnailUrl":"https:\/\/lindy.com\/en\/wp-content\/uploads\/sites\/2\/2018\/10\/VideoWallScaler_HalfWidthAP.jpg","datePublished":"2018-10-25T12:15:36+00:00","dateModified":"2019-05-23T12:56:06+00:00","description":"AV-Ger\u00e4te sind leistungsstarke Tools zum Erstellen & Pr\u00e4sentieren eines Markenimages. Unternehmensvisionen k\u00f6nnen mit hochaufl\u00f6senden Displays und leistungsstarken Videoprozessoren realisiert werden.","breadcrumb":{"@id":"https:\/\/lindy.com\/de\/unternehmensdarstellung\/#breadcrumb"},"inLanguage":"de-DE","potentialAction":[{"@type":"ReadAction","target":["https:\/\/lindy.com\/de\/unternehmensdarstellung\/"]}]},{"@type":"ImageObject","inLanguage":"de-DE","@id":"https:\/\/lindy.com\/de\/unternehmensdarstellung\/#primaryimage","url":"https:\/\/lindy.com\/en\/wp-content\/uploads\/sites\/2\/2018\/10\/VideoWallScaler_HalfWidthAP.jpg","contentUrl":"https:\/\/lindy.com\/en\/wp-content\/uploads\/sites\/2\/2018\/10\/VideoWallScaler_HalfWidthAP.jpg"},{"@type":"BreadcrumbList","@id":"https:\/\/lindy.com\/de\/unternehmensdarstellung\/#breadcrumb","itemListElement":[{"@type":"ListItem","position":1,"name":"Home","item":"https:\/\/lindy.com\/de\/"},{"@type":"ListItem","position":2,"name":"Unternehmensdarstellung"}]},{"@type":"WebSite","@id":"https:\/\/lindy.com\/de\/#website","url":"https:\/\/lindy.com\/de\/","name":"Lindy - German","description":"Connection Perfection","potentialAction":[{"@type":"SearchAction","target":{"@type":"EntryPoint","urlTemplate":"https:\/\/lindy.com\/de\/?s={search_term_string}"},"query-input":{"@type":"PropertyValueSpecification","valueRequired":true,"valueName":"search_term_string"}}],"inLanguage":"de-DE"}]}},"_links":{"self":[{"href":"https:\/\/lindy.com\/de\/wp-json\/wp\/v2\/pages\/58","targetHints":{"allow":["GET"]}}],"collection":[{"href":"https:\/\/lindy.com\/de\/wp-json\/wp\/v2\/pages"}],"about":[{"href":"https:\/\/lindy.com\/de\/wp-json\/wp\/v2\/types\/page"}],"author":[{"embeddable":true,"href":"https:\/\/lindy.com\/de\/wp-json\/wp\/v2\/users\/15"}],"replies":[{"embeddable":true,"href":"https:\/\/lindy.com\/de\/wp-json\/wp\/v2\/comments?post=58"}],"version-history":[{"count":1,"href":"https:\/\/lindy.com\/de\/wp-json\/wp\/v2\/pages\/58\/revisions"}],"predecessor-version":[{"id":10559,"href":"https:\/\/lindy.com\/de\/wp-json\/wp\/v2\/pages\/58\/revisions\/10559"}],"wp:attachment":[{"href":"https:\/\/lindy.com\/de\/wp-json\/wp\/v2\/media?parent=58"}],"curies":[{"name":"wp","href":"https:\/\/api.w.org\/{rel}","templated":true}]}}