{"id":60,"date":"2018-10-25T13:01:47","date_gmt":"2018-10-25T13:01:47","guid":{"rendered":"https:\/\/lindy.com\/de\/?page_id=60"},"modified":"2020-01-29T14:09:01","modified_gmt":"2020-01-29T14:09:01","slug":"kontrollraum-visualisierungsloesungen","status":"publish","type":"page","link":"https:\/\/lindy.com\/de\/kontrollraum-visualisierungsloesungen\/","title":{"rendered":"Kontrollraum Visualisierungsl\u00f6sungen"},"content":{"rendered":"\n<section class=\"wp-block-lindy-parallax-hero section parallax-hero theme--light align--center  font--size-large\" style=\"background-image:url(https:\/\/lindy.com\/de\/wp-content\/uploads\/sites\/3\/2018\/12\/Amended_ControlRoom_2.jpg)\"><div class=\"contained contained--full-width\"><div class=\"parallax-hero__content\"><div class=\"parallax-hero__content-wrapper align--center\"><h2 class=\"section__heading\"><span><br\/><br\/>Kontrollraum<br\/><\/span><\/h2><h2 class=\"section__subheading section__subheading__title\">Visualisierungs-<br\/>l\u00f6sungen<\/h2><p class=\"section__paragraph\"><br\/><br\/>\u25bc<\/p><\/div><\/div><\/div><\/section>\n\n\n\n<section class=\"wp-block-lindy-parallax-hero section parallax-hero theme--light align--center  font--size-medium\" style=\"background-image:url(https:\/\/lindy.com\/de\/wp-content\/uploads\/sites\/3\/2018\/12\/Amended_ControlRoom_1.jpg)\"><div class=\"contained contained--full-width\"><div class=\"parallax-hero__content\"><div class=\"parallax-hero__content-wrapper align--center\"><h2 class=\"section__heading\"><span><br\/><br\/><br\/><br\/><br\/><\/span><\/h2><h2 class=\"section__subheading section__subheading__title\"><br\/><br\/><br\/><br\/><\/h2><\/div><\/div><\/div><\/section>\n\n\n\n<section class=\"wp-block-lindy-parallax-hero section parallax-hero theme--light align--center font--camber font--size-medium\" style=\"background-image:url(https:\/\/lindy.com\/de\/wp-content\/uploads\/sites\/3\/2018\/12\/Amended_ControlRoom_2.jpg)\"><div class=\"contained contained--full-width\"><div class=\"parallax-hero__content\"><div class=\"parallax-hero__content-wrapper align--center\"><h2 class=\"section__heading\"><span>Grosse ideen<\/span><\/h2><h2 class=\"section__subheading section__subheading__title\">f\u00fcr noch gr\u00f6ssere <br\/>datenvolumen.<\/h2><p class=\"section__paragraph\"><br\/>Gro\u00dfe Ideen f\u00fcr noch gr\u00f6\u00dfere Datenvolumen. F\u00fchrende Unternehmen und \u00f6ffentliche Einrichtungen wie Rundfunkanstalten, Rechenzentren, Versorgungs-, Sicherheits- und Verkehrsbeh\u00f6rden ben\u00f6tigen L\u00f6sungen zum \u00dcberwachen und Verwalten ihrer Netzwerke. Serverumgebungen wachsen heute rasant. Ein Trend, der sich k\u00fcnftig noch verst\u00e4rken wird. Immer mehr Rechner sind auf immer kleinerem Raum unterzubringen und effizient zu verwalten.<br\/><\/p><\/div><\/div><\/div><\/section>\n\n\n\n<section class=\"wp-block-lindy-paragraph-and-images full-width-image--with-text section section--paragraph-image  theme--light font--camber font--size-small\"><div class=\"grid-noBottom-middle-reverse\"><div class=\"col-6_sm-12 full-width-image__content section section--animation-none align--left \"><div class=\"content--animate\"><div class=\"contained\"><h2 class=\"section__heading\"><span>Skalierbarkeit<\/span><\/h2><p class=\"section__paragraph\"><br\/>Immer gr\u00f6\u00dfer werdende Datenmengen, multiple IP- wie auch analoge Videostreams und unz\u00e4hlige Quellger\u00e4te rund um den Globus erfordern eine effiziente Steuerung mit Maus, Tastatur und einem oder mehreren Displays. Speziell in Serverumgebungen sind daher zukunftssichere Steuerungsl\u00f6sungen n\u00f6tig, die modular aufgebaut und jederzeit problemlos erweiterbar sind.<br\/><\/p><\/div><\/div><\/div><div class=\"col-6_sm-12 full-width-image--with-text align--left\" style=\"background-image:url(https:\/\/lindy.com\/en\/wp-content\/uploads\/sites\/2\/2018\/09\/ControlRoom_Bannerv2.jpg)\"><img decoding=\"async\" src=\"https:\/\/lindy.com\/en\/wp-content\/uploads\/sites\/2\/2018\/09\/ControlRoom_Bannerv2.jpg\"\/><\/div><\/div><\/section>\n\n\n\n<section class=\"wp-block-lindy-paragraph-and-images full-width-image--with-text section section--paragraph-image  theme--light font--camber font--size-small\"><div class=\"grid-noBottom-middle\"><div class=\"col-6_sm-12 full-width-image__content section section--animation-none align--right \"><div class=\"content--animate\"><div class=\"contained\"><h2 class=\"section__heading\"><span><br\/>Steuerung der n\u00e4chsten Generation<br\/><\/span><\/h2><p class=\"section__paragraph\"><br\/>Lindy stellt mit seinem breiten Produktportfolio Konnektivit\u00e4t in Kontrollr\u00e4umen und Leitst\u00e4nden seiner Kunden sicher. Somit sind unsere Kunden jederzeit in der Lage, das umfangreiche Datenvolumen zu visualisieren, zu analysieren und Entscheidungen in Echtzeit zu treffen. Dar\u00fcber hinaus unterst\u00fctzen und erf\u00fcllen unsere L\u00f6sungen die wachsenden Designanforderungen f\u00fcr die Kontrollr\u00e4ume und Leitst\u00e4nde der n\u00e4chsten Generation. Wir setzen gro\u00dfe Ideen in noch gr\u00f6\u00dfere L\u00f6sungen um \u2013 f\u00fcr einen riesigen und immer weiter wachsenden Markt.<br\/><\/p><\/div><\/div><\/div><div class=\"col-6_sm-12 full-width-image--with-text align--right\" style=\"background-image:url(https:\/\/lindy.com\/en\/wp-content\/uploads\/sites\/2\/2018\/09\/NextGenControl.jpg)\"><img decoding=\"async\" src=\"https:\/\/lindy.com\/en\/wp-content\/uploads\/sites\/2\/2018\/09\/NextGenControl.jpg\"\/><\/div><\/div><\/section>\n\n\n\n<section class=\"wp-block-lindy-paragraph-and-images full-width-image--with-text section section--paragraph-image  theme--light font--camber font--size-small\"><div class=\"grid-noBottom-middle-reverse\"><div class=\"col-6_sm-12 full-width-image__content section section--animation-none align--left \"><div class=\"content--animate\"><div class=\"contained\"><h2 class=\"section__heading\"><span>Signale umschalten <\/span><\/h2><p class=\"section__paragraph\"><br\/>Unsere umfassende Range an AV und KVM Switches erm\u00f6glicht es Anwendern, mehrere gemeinsam genutzte Ressourcen \u00fcber eine einzige Konsole zu steuern. Daten mit hoher Bandbreite und HD-Videos werden standardm\u00e4\u00dfig unterst\u00fctzt. F\u00fcr die gemeinsame Nutzung von Workstations und Servern erm\u00f6glichen zus\u00e4tzliche erweiterte Funktionen die Remote- und lokale Konsolenbedienung \u00fcber Cat.x-Verbindungen und \u00fcber IP. Matrix Video Switches bieten erweiterte Optionen f\u00fcr das Umschalten zwischen mehreren Quellger\u00e4ten und Displays.<br\/><\/p><\/div><\/div><\/div><div class=\"col-6_sm-12 full-width-image--with-text align--left\" style=\"background-image:url(https:\/\/lindy.com\/en\/wp-content\/uploads\/sites\/2\/2018\/10\/Presentation_1.jpg)\"><img decoding=\"async\" src=\"https:\/\/lindy.com\/en\/wp-content\/uploads\/sites\/2\/2018\/10\/Presentation_1.jpg\"\/><\/div><\/div><\/section>\n\n\n\n<section class=\"wp-block-lindy-paragraph-and-images full-width-image--with-text section section--paragraph-image  theme--light font--camber font--size-small\"><div class=\"grid-noBottom-middle\"><div class=\"col-6_sm-12 full-width-image__content section section--animation-none align--right \"><div class=\"content--animate\"><div class=\"contained\"><h2 class=\"section__heading\"><span> <br\/>ERWEITERN <\/span><\/h2><p class=\"section__paragraph\"><br\/>Die Cat.x-, Fibre-Optic-, HDBaseT-, IP- und Matrix-Distributionsl\u00f6sungen von Lindy stellen eine leistungsstarke Produkt-Range dar, die gr\u00f6\u00dftm\u00f6gliche \u00dcbertragungsdistanzen in einem Geb\u00e4ude und au\u00dferhalb davon erm\u00f6glicht. Cat.x Extender bieten ein kosteneffizientes, zuverl\u00e4ssiges System, das schnell und einfach zu implementieren ist. Fibre Optic Extender \u00fcbertragen hochaufl\u00f6sende Signale \u00fcber unglaublich lange Punkt-zu-Punkt-Verbindungen unkomprimiert und gegen elektrische St\u00f6rungen gesch\u00fctzt.<br\/><\/p><\/div><\/div><\/div><div class=\"col-6_sm-12 full-width-image--with-text align--right\" style=\"background-image:url(https:\/\/lindy.com\/en\/wp-content\/uploads\/sites\/2\/2018\/08\/HDBASET_Link.jpg)\"><img decoding=\"async\" src=\"https:\/\/lindy.com\/en\/wp-content\/uploads\/sites\/2\/2018\/08\/HDBASET_Link.jpg\"\/><\/div><\/div><\/section>\n\n\n\n<section class=\"wp-block-lindy-paragraph-and-images full-width-image--with-text section section--paragraph-image  theme--light font--camber font--size-small\"><div class=\"grid-noBottom-middle-reverse\"><div class=\"col-6_sm-12 full-width-image__content section section--animation-none align--left \"><div class=\"content--animate\"><div class=\"contained\"><h2 class=\"section__heading\"><span>Verteilen <\/span><\/h2><p class=\"section__paragraph\"><br\/>Die HDBaseT Range von Lindy verwendet ein einziges Cat.X-Kabel, um eine Reihe von Daten- und Steuersignalen zu verteilen, wie digitales Video, Audio, 100Base-T Ethernet, Strom, RS232 und USB. Die IP Range von Lindy kann die vorhandene Kabel- und Netzwerkinfrastruktur einer Anlage nutzen oder auf einer eigenst\u00e4ndigen Infrastruktur betrieben werden, um einfache AV-Signale oder komplexe Video Wall Setups mit einer gro\u00dfen Anzahl von Displays \u00fcber gro\u00dfe Distanzen zu verteilen. <br\/><\/p><\/div><\/div><\/div><div class=\"col-6_sm-12 full-width-image--with-text align--left\" style=\"background-image:url(https:\/\/lindy.com\/en\/wp-content\/uploads\/sites\/2\/2018\/08\/HDBaseT_10.jpg)\"><img decoding=\"async\" src=\"https:\/\/lindy.com\/en\/wp-content\/uploads\/sites\/2\/2018\/08\/HDBaseT_10.jpg\"\/><\/div><\/div><\/section>\n\n\n\n<section class=\"wp-block-lindy-paragraph-and-images full-width-image--with-text section section--paragraph-image  theme--light font--camber font--size-small\"><div class=\"grid-noBottom-middle\"><div class=\"col-6_sm-12 full-width-image__content section section--animation-none align--right \"><div class=\"content--animate\"><div class=\"contained\"><h2 class=\"section__heading\"><span>VISUALISIERUNG <\/span><\/h2><h2 class=\"section__subheading section__subheading__title\">&amp; display<\/h2><p class=\"section__paragraph\"><br\/>Die Video Wall Controller von Lindy bieten eine hohe Flexibilit\u00e4t bei der Visualisierung von Kontrollr\u00e4umen. Eine Vielzahl von L\u00f6sungen ist verf\u00fcgbar, um bis zu Ultra HD 2\u00d72, 4\u00d74, 8\u00d78 und unregelm\u00e4\u00dfige Display-Einheiten zu betreiben. Leistungsstarke Tools f\u00fcr das Management und die Display-Konfiguration unterst\u00fctzen Multi Window, Picture-in-Picture, Picture-und-Picture und vollst\u00e4ndige Matrixsteuerung. Die Unterst\u00fctzung von Web-GUI, IR, RS232 und Telnet bietet flexible Steuerungsm\u00f6glichkeiten und die Integration von Systemen und Software von Drittanbietern.<br\/><\/p><\/div><\/div><\/div><div class=\"col-6_sm-12 full-width-image--with-text align--right\" style=\"background-image:url(https:\/\/lindy.com\/en\/wp-content\/uploads\/sites\/2\/2018\/09\/VideoWallScaler_2.jpg)\"><img decoding=\"async\" src=\"https:\/\/lindy.com\/en\/wp-content\/uploads\/sites\/2\/2018\/09\/VideoWallScaler_2.jpg\"\/><\/div><\/div><\/section>\n\n\n\n<section class=\"wp-block-lindy-paragraph-and-images full-width-image--with-text section section--paragraph-image  theme--light font--camber font--size-small\"><div class=\"grid-noBottom-middle-reverse\"><div class=\"col-6_sm-12 full-width-image__content section section--animation-none align--left \"><div class=\"content--animate\"><div class=\"contained\"><h2 class=\"section__heading\"><span>REMOTE CONTROL<\/span><\/h2><h2 class=\"section__subheading section__subheading__title\">&amp; VERTEILEN<\/h2><p class=\"section__paragraph\"><br\/>F\u00fcr die vollst\u00e4ndige Remote-Steuerung bieten KVM Extender, KVM over IP und IPower Switches von Lindy den Desktop-, lokalen und weltweiten Betrieb von Systemen, Workstations und Servern. Die KVM-Steuerung erm\u00f6glicht den Zugriff auf Betriebssystem-, BIOS- und Diagnose-Ebene, w\u00e4hrend die Fernschaltung die Stromversorgung mehrerer Ger\u00e4te erm\u00f6glicht, die zur Fehlerbehebung und Fernwartung ein- und ausgeschaltet und \u00fcberwacht werden k\u00f6nnen.<br\/><\/p><\/div><\/div><\/div><div class=\"col-6_sm-12 full-width-image--with-text align--left\" style=\"background-image:url(https:\/\/lindy.com\/en\/wp-content\/uploads\/sites\/2\/2018\/09\/iPower_Switch_AP.jpg)\"><img decoding=\"async\" src=\"https:\/\/lindy.com\/en\/wp-content\/uploads\/sites\/2\/2018\/09\/iPower_Switch_AP.jpg\"\/><\/div><\/div><\/section>\n\n\n\n<section class=\"wp-block-lindy-paragraph-and-images full-width-image--with-text section section--paragraph-image  theme--light font--camber font--size-small\"><div class=\"grid-noBottom-middle\"><div class=\"col-6_sm-12 full-width-image__content section section--animation-none align--right \"><div class=\"content--animate\"><div class=\"contained\"><h2 class=\"section__heading\"><span>FUNKTION<\/span><\/h2><h2 class=\"section__subheading section__subheading__title\">&amp; ERGONOMIE<\/h2><p class=\"section__paragraph\"><br\/>F\u00fcr die flexible Installation von Displays, Tastaturen, M\u00e4usen und Bedienoberfl\u00e4chen bietet Lindy eine umfassende Auswahl an kundenspezifischen Halterungen und Stativen, die je nach Anforderung bequem an Schreibtischen oder W\u00e4nden montiert werden k\u00f6nnen. Modulare Systeme erm\u00f6glichen es, dass der Kunde oder Systemintegrator komplett ma\u00dfgeschneiderte, anpassbare Montagel\u00f6sungen realisieren kann.<br\/><\/p><\/div><\/div><\/div><div class=\"col-6_sm-12 full-width-image--with-text align--right\" style=\"background-image:url(https:\/\/lindy.com\/en\/wp-content\/uploads\/sites\/2\/2018\/09\/Bracket_AP.jpg)\"><img decoding=\"async\" src=\"https:\/\/lindy.com\/en\/wp-content\/uploads\/sites\/2\/2018\/09\/Bracket_AP.jpg\"\/><\/div><\/div><\/section>\n\n\n\n<section class=\"wp-block-lindy-heading-text section section--heading-text theme--dark align--center  font--size-medium section--animation-none\"><div class=\"contained\"><h2 class=\"section__heading\"><span><br\/>ANWENDUNGSBEREICH <br\/><\/span><\/h2><h2 class=\"section__subheading section__subheading__title\"><br\/><\/h2><\/div><\/section>\n\n\n\n<section class=\"wp-block-lindy-image-text-module section section--full-width-image full-width-image--with-text theme--dark section--animation-none align--left font--camber font--size-small width--half\" style=\"background-image:url(https:\/\/lindy.com\/en\/wp-content\/uploads\/sites\/2\/2018\/09\/Industry_Link1.jpg)\"><img decoding=\"async\" class=\"full-width-image__image\" src=\"https:\/\/lindy.com\/en\/wp-content\/uploads\/sites\/2\/2018\/09\/Industry_Link1.jpg\"\/><div class=\"contained\"><div class=\"full-width-image__content\"><h2 class=\"section__heading\"><span>Anwendungen f\u00fcr\u00a0<\/span><\/h2><h2 class=\"section__subheading section__subheading__title\">INDUSTRIE- &amp; Prozesssteuerung<br\/><br\/><\/h2><a href=\"https:\/\/lindy.com\/de\/industrie-und-prozesssteuerung\/\" class=\"button button--white-transparent\" target=\"_self\" rel=\"noopener noreferrer\">MEHR ENTDECKEN<\/a><\/div><\/div><\/section>\n\n\n\n<section class=\"wp-block-lindy-image-text-module section section--full-width-image full-width-image--with-text theme--dark section--animation-none align--left font--camber font--size-small width--half\" style=\"background-image:url(https:\/\/lindy.com\/en\/wp-content\/uploads\/sites\/2\/2018\/09\/DataCentre_Link1.jpg)\"><img decoding=\"async\" class=\"full-width-image__image\" src=\"https:\/\/lindy.com\/en\/wp-content\/uploads\/sites\/2\/2018\/09\/DataCentre_Link1.jpg\"\/><div class=\"contained\"><div class=\"full-width-image__content\"><h2 class=\"section__heading\"><span>Anwendungen f\u00fcr   <br\/><\/span><\/h2><h2 class=\"section__subheading section__subheading__title\">RECHEN- &amp; Datenzentren<br\/><br\/><\/h2><a href=\"https:\/\/lindy.com\/de\/rechen-und-datenzentren\" class=\"button button--white-transparent\" target=\"_self\" rel=\"noopener noreferrer\">MEHR ENTDECKEN<\/a><\/div><\/div><\/section>\n\n\n\n<section class=\"wp-block-lindy-image-text-module section section--full-width-image full-width-image--with-text theme--dark section--animation-none align--center font--camber font--size-small\" style=\"background-image:url(https:\/\/lindy.com\/de\/wp-content\/uploads\/sites\/3\/2020\/01\/control-room_FW.jpg)\"><img decoding=\"async\" class=\"full-width-image__image\" src=\"https:\/\/lindy.com\/de\/wp-content\/uploads\/sites\/3\/2020\/01\/control-room_FW.jpg\"\/><div class=\"contained\"><div class=\"full-width-image__content\"><h2 class=\"section__heading\"><span>ANWENDUNGEN F\u00dcR<\/span><\/h2><h2 class=\"section__subheading section__subheading__title\">INDUSTRIE-LEITST\u00c4NDE &amp;<br\/>MONITORING<br\/><br\/><\/h2><a href=\"https:\/\/lindy.com\/de\/industrie-leitstaende-monitoring\/\" class=\"button button--white-transparent\" target=\"_self\" rel=\"noopener noreferrer\">mehr entdecken<\/a><\/div><\/div><\/section>\n","protected":false},"excerpt":{"rendered":"","protected":false},"author":15,"featured_media":0,"parent":0,"menu_order":0,"comment_status":"closed","ping_status":"closed","template":"page-templates\/template-landing.php","meta":{"_acf_changed":false,"footnotes":""},"class_list":["post-60","page","type-page","status-publish","hentry"],"acf":[],"yoast_head":"<!-- This site is optimized with the Yoast SEO plugin v26.6 - https:\/\/yoast.com\/wordpress\/plugins\/seo\/ -->\n<title>Kontrollraum-Visualisierungsl\u00f6sungen - Lindy Elektronik<\/title>\n<meta name=\"description\" content=\"Lindy stellt mit seinem breiten Produktportfolio Konnektivit\u00e4t in Kontrollr\u00e4umen und Leitst\u00e4nden seiner Kunden sicher. Somit sind unsere Kunden jederzeit in der Lage, das umfangreiche Datenvolumen zu visualisieren, zu analysieren und Entscheidungen in Echtzeit zu treffen.\" \/>\n<meta name=\"robots\" content=\"index, follow, max-snippet:-1, max-image-preview:large, max-video-preview:-1\" \/>\n<link rel=\"canonical\" href=\"https:\/\/lindy.com\/de\/kontrollraum-visualisierungsloesungen\/\" \/>\n<meta property=\"og:locale\" content=\"de_DE\" \/>\n<meta property=\"og:type\" content=\"article\" \/>\n<meta property=\"og:title\" content=\"Kontrollraum-Visualisierungsl\u00f6sungen - Lindy Elektronik\" \/>\n<meta property=\"og:description\" content=\"Lindy stellt mit seinem breiten Produktportfolio Konnektivit\u00e4t in Kontrollr\u00e4umen und Leitst\u00e4nden seiner Kunden sicher. Somit sind unsere Kunden jederzeit in der Lage, das umfangreiche Datenvolumen zu visualisieren, zu analysieren und Entscheidungen in Echtzeit zu treffen.\" \/>\n<meta property=\"og:url\" content=\"https:\/\/lindy.com\/de\/kontrollraum-visualisierungsloesungen\/\" \/>\n<meta property=\"og:site_name\" content=\"Lindy - German\" \/>\n<meta property=\"article:modified_time\" content=\"2020-01-29T14:09:01+00:00\" \/>\n<meta property=\"og:image\" content=\"https:\/\/lindy.com\/en\/wp-content\/uploads\/sites\/2\/2018\/09\/ControlRoom_Bannerv2.jpg\" \/>\n<meta name=\"twitter:card\" content=\"summary_large_image\" \/>\n<meta name=\"twitter:label1\" content=\"Gesch\u00e4tzte Lesezeit\" \/>\n\t<meta name=\"twitter:data1\" content=\"3 Minuten\" \/>\n<script type=\"application\/ld+json\" class=\"yoast-schema-graph\">{\"@context\":\"https:\/\/schema.org\",\"@graph\":[{\"@type\":\"WebPage\",\"@id\":\"https:\/\/lindy.com\/de\/kontrollraum-visualisierungsloesungen\/\",\"url\":\"https:\/\/lindy.com\/de\/kontrollraum-visualisierungsloesungen\/\",\"name\":\"Kontrollraum-Visualisierungsl\u00f6sungen - Lindy Elektronik\",\"isPartOf\":{\"@id\":\"https:\/\/lindy.com\/de\/#website\"},\"primaryImageOfPage\":{\"@id\":\"https:\/\/lindy.com\/de\/kontrollraum-visualisierungsloesungen\/#primaryimage\"},\"image\":{\"@id\":\"https:\/\/lindy.com\/de\/kontrollraum-visualisierungsloesungen\/#primaryimage\"},\"thumbnailUrl\":\"https:\/\/lindy.com\/en\/wp-content\/uploads\/sites\/2\/2018\/09\/ControlRoom_Bannerv2.jpg\",\"datePublished\":\"2018-10-25T13:01:47+00:00\",\"dateModified\":\"2020-01-29T14:09:01+00:00\",\"description\":\"Lindy stellt mit seinem breiten Produktportfolio Konnektivit\u00e4t in Kontrollr\u00e4umen und Leitst\u00e4nden seiner Kunden sicher. Somit sind unsere Kunden jederzeit in der Lage, das umfangreiche Datenvolumen zu visualisieren, zu analysieren und Entscheidungen in Echtzeit zu treffen.\",\"breadcrumb\":{\"@id\":\"https:\/\/lindy.com\/de\/kontrollraum-visualisierungsloesungen\/#breadcrumb\"},\"inLanguage\":\"de-DE\",\"potentialAction\":[{\"@type\":\"ReadAction\",\"target\":[\"https:\/\/lindy.com\/de\/kontrollraum-visualisierungsloesungen\/\"]}]},{\"@type\":\"ImageObject\",\"inLanguage\":\"de-DE\",\"@id\":\"https:\/\/lindy.com\/de\/kontrollraum-visualisierungsloesungen\/#primaryimage\",\"url\":\"https:\/\/lindy.com\/en\/wp-content\/uploads\/sites\/2\/2018\/09\/ControlRoom_Bannerv2.jpg\",\"contentUrl\":\"https:\/\/lindy.com\/en\/wp-content\/uploads\/sites\/2\/2018\/09\/ControlRoom_Bannerv2.jpg\"},{\"@type\":\"BreadcrumbList\",\"@id\":\"https:\/\/lindy.com\/de\/kontrollraum-visualisierungsloesungen\/#breadcrumb\",\"itemListElement\":[{\"@type\":\"ListItem\",\"position\":1,\"name\":\"Home\",\"item\":\"https:\/\/lindy.com\/de\/\"},{\"@type\":\"ListItem\",\"position\":2,\"name\":\"Kontrollraum Visualisierungsl\u00f6sungen\"}]},{\"@type\":\"WebSite\",\"@id\":\"https:\/\/lindy.com\/de\/#website\",\"url\":\"https:\/\/lindy.com\/de\/\",\"name\":\"Lindy - German\",\"description\":\"Connection Perfection\",\"potentialAction\":[{\"@type\":\"SearchAction\",\"target\":{\"@type\":\"EntryPoint\",\"urlTemplate\":\"https:\/\/lindy.com\/de\/?s={search_term_string}\"},\"query-input\":{\"@type\":\"PropertyValueSpecification\",\"valueRequired\":true,\"valueName\":\"search_term_string\"}}],\"inLanguage\":\"de-DE\"}]}<\/script>\n<!-- \/ Yoast SEO plugin. -->","yoast_head_json":{"title":"Kontrollraum-Visualisierungsl\u00f6sungen - Lindy Elektronik","description":"Lindy stellt mit seinem breiten Produktportfolio Konnektivit\u00e4t in Kontrollr\u00e4umen und Leitst\u00e4nden seiner Kunden sicher. Somit sind unsere Kunden jederzeit in der Lage, das umfangreiche Datenvolumen zu visualisieren, zu analysieren und Entscheidungen in Echtzeit zu treffen.","robots":{"index":"index","follow":"follow","max-snippet":"max-snippet:-1","max-image-preview":"max-image-preview:large","max-video-preview":"max-video-preview:-1"},"canonical":"https:\/\/lindy.com\/de\/kontrollraum-visualisierungsloesungen\/","og_locale":"de_DE","og_type":"article","og_title":"Kontrollraum-Visualisierungsl\u00f6sungen - Lindy Elektronik","og_description":"Lindy stellt mit seinem breiten Produktportfolio Konnektivit\u00e4t in Kontrollr\u00e4umen und Leitst\u00e4nden seiner Kunden sicher. Somit sind unsere Kunden jederzeit in der Lage, das umfangreiche Datenvolumen zu visualisieren, zu analysieren und Entscheidungen in Echtzeit zu treffen.","og_url":"https:\/\/lindy.com\/de\/kontrollraum-visualisierungsloesungen\/","og_site_name":"Lindy - German","article_modified_time":"2020-01-29T14:09:01+00:00","og_image":[{"url":"https:\/\/lindy.com\/en\/wp-content\/uploads\/sites\/2\/2018\/09\/ControlRoom_Bannerv2.jpg","type":"","width":"","height":""}],"twitter_card":"summary_large_image","twitter_misc":{"Gesch\u00e4tzte Lesezeit":"3 Minuten"},"schema":{"@context":"https:\/\/schema.org","@graph":[{"@type":"WebPage","@id":"https:\/\/lindy.com\/de\/kontrollraum-visualisierungsloesungen\/","url":"https:\/\/lindy.com\/de\/kontrollraum-visualisierungsloesungen\/","name":"Kontrollraum-Visualisierungsl\u00f6sungen - Lindy Elektronik","isPartOf":{"@id":"https:\/\/lindy.com\/de\/#website"},"primaryImageOfPage":{"@id":"https:\/\/lindy.com\/de\/kontrollraum-visualisierungsloesungen\/#primaryimage"},"image":{"@id":"https:\/\/lindy.com\/de\/kontrollraum-visualisierungsloesungen\/#primaryimage"},"thumbnailUrl":"https:\/\/lindy.com\/en\/wp-content\/uploads\/sites\/2\/2018\/09\/ControlRoom_Bannerv2.jpg","datePublished":"2018-10-25T13:01:47+00:00","dateModified":"2020-01-29T14:09:01+00:00","description":"Lindy stellt mit seinem breiten Produktportfolio Konnektivit\u00e4t in Kontrollr\u00e4umen und Leitst\u00e4nden seiner Kunden sicher. Somit sind unsere Kunden jederzeit in der Lage, das umfangreiche Datenvolumen zu visualisieren, zu analysieren und Entscheidungen in Echtzeit zu treffen.","breadcrumb":{"@id":"https:\/\/lindy.com\/de\/kontrollraum-visualisierungsloesungen\/#breadcrumb"},"inLanguage":"de-DE","potentialAction":[{"@type":"ReadAction","target":["https:\/\/lindy.com\/de\/kontrollraum-visualisierungsloesungen\/"]}]},{"@type":"ImageObject","inLanguage":"de-DE","@id":"https:\/\/lindy.com\/de\/kontrollraum-visualisierungsloesungen\/#primaryimage","url":"https:\/\/lindy.com\/en\/wp-content\/uploads\/sites\/2\/2018\/09\/ControlRoom_Bannerv2.jpg","contentUrl":"https:\/\/lindy.com\/en\/wp-content\/uploads\/sites\/2\/2018\/09\/ControlRoom_Bannerv2.jpg"},{"@type":"BreadcrumbList","@id":"https:\/\/lindy.com\/de\/kontrollraum-visualisierungsloesungen\/#breadcrumb","itemListElement":[{"@type":"ListItem","position":1,"name":"Home","item":"https:\/\/lindy.com\/de\/"},{"@type":"ListItem","position":2,"name":"Kontrollraum Visualisierungsl\u00f6sungen"}]},{"@type":"WebSite","@id":"https:\/\/lindy.com\/de\/#website","url":"https:\/\/lindy.com\/de\/","name":"Lindy - German","description":"Connection Perfection","potentialAction":[{"@type":"SearchAction","target":{"@type":"EntryPoint","urlTemplate":"https:\/\/lindy.com\/de\/?s={search_term_string}"},"query-input":{"@type":"PropertyValueSpecification","valueRequired":true,"valueName":"search_term_string"}}],"inLanguage":"de-DE"}]}},"_links":{"self":[{"href":"https:\/\/lindy.com\/de\/wp-json\/wp\/v2\/pages\/60","targetHints":{"allow":["GET"]}}],"collection":[{"href":"https:\/\/lindy.com\/de\/wp-json\/wp\/v2\/pages"}],"about":[{"href":"https:\/\/lindy.com\/de\/wp-json\/wp\/v2\/types\/page"}],"author":[{"embeddable":true,"href":"https:\/\/lindy.com\/de\/wp-json\/wp\/v2\/users\/15"}],"replies":[{"embeddable":true,"href":"https:\/\/lindy.com\/de\/wp-json\/wp\/v2\/comments?post=60"}],"version-history":[{"count":1,"href":"https:\/\/lindy.com\/de\/wp-json\/wp\/v2\/pages\/60\/revisions"}],"predecessor-version":[{"id":9786,"href":"https:\/\/lindy.com\/de\/wp-json\/wp\/v2\/pages\/60\/revisions\/9786"}],"wp:attachment":[{"href":"https:\/\/lindy.com\/de\/wp-json\/wp\/v2\/media?parent=60"}],"curies":[{"name":"wp","href":"https:\/\/api.w.org\/{rel}","templated":true}]}}