{"id":62,"date":"2018-10-25T13:20:31","date_gmt":"2018-10-25T13:20:31","guid":{"rendered":"https:\/\/lindy.com\/de\/?page_id=62"},"modified":"2019-05-23T11:36:01","modified_gmt":"2019-05-23T11:36:01","slug":"industrie-und-prozesssteuerung","status":"publish","type":"page","link":"https:\/\/lindy.com\/de\/industrie-und-prozesssteuerung\/","title":{"rendered":"L\u00f6sungen f\u00fcr Industrie- und Prozesssteuerung"},"content":{"rendered":"\n<section class=\"wp-block-lindy-parallax-hero section parallax-hero theme--light align--center  font--size-large\" style=\"background-image:url(https:\/\/lindy.com\/de\/wp-content\/uploads\/sites\/3\/2018\/12\/Amended_Industry_2.jpg)\"><div class=\"contained contained--full-width\"><div class=\"parallax-hero__content\"><div class=\"parallax-hero__content-wrapper align--center\"><h2 class=\"section__heading\"><span><br\/>ANWENDUNGEN <br\/>F\u00dcR <br\/><\/span><\/h2><h2 class=\"section__subheading section__subheading__title\">Industrie- und<br\/>Prozesssteuerung<br\/><\/h2><p class=\"section__paragraph\"><br\/>\u25bc<\/p><\/div><\/div><\/div><\/section>\n\n\n\n<section class=\"wp-block-lindy-parallax-hero section parallax-hero theme--dark align--center  font--size-medium\" style=\"background-image:url(https:\/\/lindy.com\/de\/wp-content\/uploads\/sites\/3\/2018\/12\/Amended_Industry_1.jpg)\"><div class=\"contained contained--full-width\"><div class=\"parallax-hero__content\"><div class=\"parallax-hero__content-wrapper align--center\"><h2 class=\"section__heading\"><span><br\/><br\/><br\/><br\/><br\/><br\/><br\/><br\/><br\/><\/span><\/h2><\/div><\/div><\/div><\/section>\n\n\n\n<section class=\"wp-block-lindy-parallax-hero section parallax-hero theme--light align--center font--camber font--size-medium\" style=\"background-image:url(https:\/\/lindy.com\/de\/wp-content\/uploads\/sites\/3\/2018\/12\/Amended_Industry_2.jpg)\"><div class=\"contained contained--full-width\"><div class=\"parallax-hero__content\"><div class=\"parallax-hero__content-wrapper align--center\"><h2 class=\"section__heading\"><span>DIE VOLLE KONTROLLE <br\/>\u00dcBERNEHMEN<\/span><\/h2><p class=\"section__paragraph\"><br\/>KVM Extender und Glasfaser-Hybridkabel k\u00f6nnen innerhalb der Industrie- und Prozesssteuerung zu vielseitigen und leistungsstarken L\u00f6sungen kombiniert werden, die \u00fcber gr\u00f6\u00dfte Entfernungen eingesetzt werden k\u00f6nnen.<br\/><\/p><\/div><\/div><\/div><\/section>\n\n\n\n<section class=\"wp-block-lindy-heading-text section section--heading-text theme--light align--center  font--size-large section--animation-none\"><div class=\"contained\"><h2 class=\"section__heading\"><span><br\/>KVM-Extender <br\/><\/span><\/h2><h2 class=\"section__subheading section__subheading__title\">Robust. Zuverl\u00e4ssig. Skalierbar.<\/h2><\/div><\/section>\n\n\n\n<section class=\"wp-block-lindy-paragraph-and-images full-width-image--with-text section section--paragraph-image  theme--light font--size-medium\"><div class=\"grid-noBottom-middle-reverse\"><div class=\"col-6_sm-12 full-width-image__content section section--animation-none align--left \"><div class=\"content--animate\"><div class=\"contained\"><p class=\"section__paragraph\">Professionelle KVM-Extendersysteme f\u00fcr den Einsatz im industriellen Bereich m\u00fcssen sich wie unsere KVM-Extendersysteme durch drei obligatorische Merkmale auszeichnen: Robuste Ausf\u00fchrung, 100% ige Zuverl\u00e4ssigkeit und flexible Skalierbarkeit in weiten Grenzen. Sowohl in den Distanzen wie auch in den Erweiterungsm\u00f6glichkeiten, denn die Ger\u00e4te der KVM Extender Series sind zum einen durch Verwendung von Kupfer-oder LWL-Kabeln in den \u00fcberbr\u00fcckbaren Entfernungen flexibel, zum anderen lassen sie sich durch Freischalten verschiedener vorinstallierter Optionen in ihrem Funktionsumfang erweitern. Denn jede Anwendung und jede Umgebung und ihre Anforderungen sind anders.<\/p><div class=\"section__button\"><a href=\"https:\/\/www.lindy.de\/?websale8=ld0101&amp;ci=197\" class=\"button button--dark\" target=\"_blank\" rel=\"noopener noreferrer\">Shop Online<\/a><\/div><\/div><\/div><\/div><div class=\"col-6_sm-12 full-width-image--with-text align--left\" style=\"background-image:url(https:\/\/lindy.com\/de\/wp-content\/uploads\/sites\/3\/2018\/05\/KVM.jpg)\"><img decoding=\"async\" src=\"https:\/\/lindy.com\/de\/wp-content\/uploads\/sites\/3\/2018\/05\/KVM.jpg\"\/><\/div><\/div><\/section>\n\n\n\n<section class=\"wp-block-lindy-paragraph-one-col section section--horizontal-content section--horizontal-content--one-column font--size-small theme--light align--center font--camber section--animation-none\"><div class=\"contained\"><h2 class=\"section__heading\"><span>Kontrolle in jeder Umgebung<\/span><\/h2><p class=\"section__paragraph\"><br\/>Bei der \u00dcberwachung und Steuerung von Robotikprozessen in der industriellen Produktion ist es wichtig, alle Prozesse zentral vom Kontrollraum aus im Monitoring und somit n\u00f6tigenfalls im Zugriff zu haben. Hier leisten die Ger\u00e4te der KVM Extender Series wertvolle Dienste bei der \u00dcbertragung der Kamerabilder zum einen und der Konsolen- und Rechner-steuerung zum anderen. Damit die Signale auf ihrem Weg zur Konsole unversehrt bleiben, bietet sich hier die Verwendung der LWL-Variante an. Eine ideale Ger\u00e4teklasse als Baustein- Komponente der Industrie 4.0. <br\/><\/p><\/div><\/section>\n\n\n\n<section class=\"wp-block-lindy-zoom-image section section--zoom-image zoom-image align--center theme--light\"><div class=\"contained\"><div class=\"zoom-image-wrapper\"><img decoding=\"async\" class=\"zoomable\" src=\"https:\/\/lindy.com\/de\/wp-content\/uploads\/sites\/3\/2019\/05\/Industry_39241-1-1170x770.jpg\" data-zoom-img=\"https:\/\/lindy.com\/de\/wp-content\/uploads\/sites\/3\/2019\/05\/Industry_39241-1.jpg\"\/><\/div><span class=\"zoom-image__description\">Click to zoom<\/span><\/div><\/section>\n\n\n\n<section class=\"wp-block-lindy-paragraph-one-col section section--horizontal-content section--horizontal-content--one-column font--size-small theme--light align--center font--camber section--animation-none\"><div class=\"contained\"><h2 class=\"section__heading\"><span>KVM in der Prozesssteuerung<\/span><\/h2><p class=\"section__paragraph\"><br\/>F\u00fcr Fernsteuerungen \u2013 beispielsweise f\u00fcr Kr\u00e4ne auf Baustellen oder bei der Container-verladung \u2013 werden typischerweise KVM-Konsolenabsetzungen \u00fcber Distanzen von 80\u2013120m ben\u00f6tigt. Damit es m\u00f6glich wird, solche Kr\u00e4ne vom Kontrollraum aus zu steuern, werden zus\u00e4tzlich zu Keyboard und Maus noch eine USB-Fernsteuerung und vor Ort eine Kamera ben\u00f6tigt. Hierf\u00fcr bietet sich als L\u00f6sung das Basismodell aus der KVM Extender Series an, welches bis zu 130m per Cat.6-Leitung \u00fcberbr\u00fccken sowie standardm\u00e4\u00dfig zus\u00e4tzlich zum DVI-Videosignal USB 2.0 f\u00fcr Keyboard, Maus und USB Remote Control \u00fcbertragen kann. <br\/><\/p><\/div><\/section>\n\n\n\n<section class=\"wp-block-lindy-heading-text section section--heading-text theme--light align--center  font--size-large section--animation-none\"><div class=\"contained\"><h2 class=\"section__heading\"><span><br\/>4K FIBRE OPTIC <br\/>HDMI HYBRID-KABEL <br\/><\/span><\/h2><h2 class=\"section__subheading section__subheading__title\">DAS BESTE AUS ZWEI WELTEN VEREINT <br\/><br\/><\/h2><\/div><\/section>\n\n\n\n<section class=\"wp-block-lindy-image-text-module section section--full-width-image full-width-image--with-text theme--light section--animation-none align--left  font--size-medium width--half\" style=\"background-image:url(https:\/\/lindy.com\/en\/wp-content\/uploads\/sites\/2\/2018\/10\/38274_2_AP.jpg)\"><img decoding=\"async\" class=\"full-width-image__image\" src=\"https:\/\/lindy.com\/en\/wp-content\/uploads\/sites\/2\/2018\/10\/38274_2_AP.jpg\"\/><div class=\"contained\"><div class=\"full-width-image__content\"><\/div><\/div><\/section>\n\n\n\n<section class=\"wp-block-lindy-image-text-module section section--full-width-image full-width-image--with-text theme--light section--animation-right align--left  font--size-medium width--half\" style=\"background-image:url()\"><img decoding=\"async\" class=\"full-width-image__image\" src=\"\"\/><div class=\"contained\"><div class=\"full-width-image__content\"><p class=\"section__paragraph\">Um 4K-Inhalte mit 60Hz 4:4:4 verlustfrei \u00fcbertragen zu k\u00f6nnen, ben\u00f6tigt man einiges Know-How, um den nicht trivialen Anforderungen an Pr\u00e4zision und Fertigung der \u00dcbertragungswege gerecht zu werden. Bei den Hybrid-Kabeln besteht der technische Trick im Aufsplitten des HDMI-Signales in die eigentlichen AV-Signale, die mit ihrem gro\u00dfen Bedarf an Bandbreite von 18Gbit\/s \u00fcber LWL-Fasern geschickt werden und in die gen\u00fcgsameren Steuersignale, die sich auch \u00fcber gr\u00f6\u00dfere Distanzen mit Kupferadern zufrieden geben.<\/p><a href=\"https:\/\/lindy.com\/de\/technologie\/fibre-optic-kabel\" class=\"button button--dark\" target=\"_self\" rel=\"noopener noreferrer\">MEHR ENTDECKEN<\/a><\/div><\/div><\/section>\n\n\n\n<section class=\"wp-block-lindy-paragraph-one-col section section--horizontal-content section--horizontal-content--one-column font--size-small theme--light align--center font--camber section--animation-none\"><div class=\"contained\"><h2 class=\"section__heading\"><span>FASEROPTISCHE TECHNOLOGIE<\/span><\/h2><h2 class=\"section__subheading section__subheading__title\">IN INDUSTRIE &amp; PROZESSKONTROLLE<\/h2><p class=\"section__paragraph\"><br\/>Durch den Einsatz widerstandsf\u00e4higer und korrosionsbest\u00e4ndiger Materialien, z.B. \u00a0Zinklegierungen f\u00fcr die Steckverbinder, steht das \u00a0Hybrid-Kabel problemlos und unbeschadet auch den Einsatz in rauen industriellen Umgebungen durch, beispielsweise f\u00fcr die Displays an \u00a0Produktionsstra\u00dfen und CNC-Leitst\u00e4nden. <br\/><br\/>Dank der Fibre-Optic-Technologie f\u00fcr die hochfrequenten AV-Signale wird das Hybrid-Kabel im Betrieb extrem strahlungsarm und EMI-resistent. Somit eignet es sich in perfekter Weise f\u00fcr den Einsatz in sensiblen Umgebungen, etwa im medizintechnischen oder industriellen Bereich. <br\/><\/p><\/div><\/section>\n\n\n\n<section class=\"wp-block-lindy-zoom-image section section--zoom-image zoom-image align--center theme--light\"><div class=\"contained\"><div class=\"zoom-image-wrapper\"><img decoding=\"async\" class=\"zoomable\" src=\"https:\/\/lindy.com\/de\/wp-content\/uploads\/sites\/3\/2019\/05\/38280-1170x1002.jpg\" data-zoom-img=\"https:\/\/lindy.com\/de\/wp-content\/uploads\/sites\/3\/2019\/05\/38280.jpg\"\/><\/div><span class=\"zoom-image__description\">Click to zoom<\/span><\/div><\/section>\n","protected":false},"excerpt":{"rendered":"","protected":false},"author":15,"featured_media":0,"parent":0,"menu_order":0,"comment_status":"closed","ping_status":"closed","template":"page-templates\/template-landing.php","meta":{"_acf_changed":false,"footnotes":""},"class_list":["post-62","page","type-page","status-publish","hentry"],"acf":[],"yoast_head":"<!-- This site is optimized with the Yoast SEO plugin v26.6 - https:\/\/yoast.com\/wordpress\/plugins\/seo\/ -->\n<title>Industrie- und Prozesssteuerung - Lindy Elektronik<\/title>\n<meta name=\"description\" content=\"KVM Extender und Glasfaser-Hybridkabel k\u00f6nnen innerhalb der Industrie- &amp; Prozesssteuerung zu vielseitigen und leistungsstarken L\u00f6sungen kombiniert werden, die \u00fcber gr\u00f6\u00dfte Entfernungen eingesetzt werden k\u00f6nnen.\" \/>\n<meta name=\"robots\" content=\"index, follow, max-snippet:-1, max-image-preview:large, max-video-preview:-1\" \/>\n<link rel=\"canonical\" href=\"https:\/\/lindy.com\/de\/industrie-und-prozesssteuerung\/\" \/>\n<meta property=\"og:locale\" content=\"de_DE\" \/>\n<meta property=\"og:type\" content=\"article\" \/>\n<meta property=\"og:title\" content=\"Industrie- und Prozesssteuerung - Lindy Elektronik\" \/>\n<meta property=\"og:description\" content=\"KVM Extender und Glasfaser-Hybridkabel k\u00f6nnen innerhalb der Industrie- &amp; Prozesssteuerung zu vielseitigen und leistungsstarken L\u00f6sungen kombiniert werden, die \u00fcber gr\u00f6\u00dfte Entfernungen eingesetzt werden k\u00f6nnen.\" \/>\n<meta property=\"og:url\" content=\"https:\/\/lindy.com\/de\/industrie-und-prozesssteuerung\/\" \/>\n<meta property=\"og:site_name\" content=\"Lindy - German\" \/>\n<meta property=\"article:modified_time\" content=\"2019-05-23T11:36:01+00:00\" \/>\n<meta property=\"og:image\" content=\"https:\/\/lindy.com\/de\/wp-content\/uploads\/sites\/3\/2018\/05\/KVM.jpg\" \/>\n<meta name=\"twitter:card\" content=\"summary_large_image\" \/>\n<meta name=\"twitter:label1\" content=\"Gesch\u00e4tzte Lesezeit\" \/>\n\t<meta name=\"twitter:data1\" content=\"2 Minuten\" \/>\n<script type=\"application\/ld+json\" class=\"yoast-schema-graph\">{\"@context\":\"https:\/\/schema.org\",\"@graph\":[{\"@type\":\"WebPage\",\"@id\":\"https:\/\/lindy.com\/de\/industrie-und-prozesssteuerung\/\",\"url\":\"https:\/\/lindy.com\/de\/industrie-und-prozesssteuerung\/\",\"name\":\"Industrie- und Prozesssteuerung - Lindy Elektronik\",\"isPartOf\":{\"@id\":\"https:\/\/lindy.com\/de\/#website\"},\"primaryImageOfPage\":{\"@id\":\"https:\/\/lindy.com\/de\/industrie-und-prozesssteuerung\/#primaryimage\"},\"image\":{\"@id\":\"https:\/\/lindy.com\/de\/industrie-und-prozesssteuerung\/#primaryimage\"},\"thumbnailUrl\":\"https:\/\/lindy.com\/de\/wp-content\/uploads\/sites\/3\/2018\/05\/KVM.jpg\",\"datePublished\":\"2018-10-25T13:20:31+00:00\",\"dateModified\":\"2019-05-23T11:36:01+00:00\",\"description\":\"KVM Extender und Glasfaser-Hybridkabel k\u00f6nnen innerhalb der Industrie- & Prozesssteuerung zu vielseitigen und leistungsstarken L\u00f6sungen kombiniert werden, die \u00fcber gr\u00f6\u00dfte Entfernungen eingesetzt werden k\u00f6nnen.\",\"breadcrumb\":{\"@id\":\"https:\/\/lindy.com\/de\/industrie-und-prozesssteuerung\/#breadcrumb\"},\"inLanguage\":\"de-DE\",\"potentialAction\":[{\"@type\":\"ReadAction\",\"target\":[\"https:\/\/lindy.com\/de\/industrie-und-prozesssteuerung\/\"]}]},{\"@type\":\"ImageObject\",\"inLanguage\":\"de-DE\",\"@id\":\"https:\/\/lindy.com\/de\/industrie-und-prozesssteuerung\/#primaryimage\",\"url\":\"https:\/\/lindy.com\/de\/wp-content\/uploads\/sites\/3\/2018\/05\/KVM.jpg\",\"contentUrl\":\"https:\/\/lindy.com\/de\/wp-content\/uploads\/sites\/3\/2018\/05\/KVM.jpg\",\"width\":950,\"height\":550,\"caption\":\"KVM\"},{\"@type\":\"BreadcrumbList\",\"@id\":\"https:\/\/lindy.com\/de\/industrie-und-prozesssteuerung\/#breadcrumb\",\"itemListElement\":[{\"@type\":\"ListItem\",\"position\":1,\"name\":\"Home\",\"item\":\"https:\/\/lindy.com\/de\/\"},{\"@type\":\"ListItem\",\"position\":2,\"name\":\"L\u00f6sungen f\u00fcr Industrie- und Prozesssteuerung\"}]},{\"@type\":\"WebSite\",\"@id\":\"https:\/\/lindy.com\/de\/#website\",\"url\":\"https:\/\/lindy.com\/de\/\",\"name\":\"Lindy - German\",\"description\":\"Connection Perfection\",\"potentialAction\":[{\"@type\":\"SearchAction\",\"target\":{\"@type\":\"EntryPoint\",\"urlTemplate\":\"https:\/\/lindy.com\/de\/?s={search_term_string}\"},\"query-input\":{\"@type\":\"PropertyValueSpecification\",\"valueRequired\":true,\"valueName\":\"search_term_string\"}}],\"inLanguage\":\"de-DE\"}]}<\/script>\n<!-- \/ Yoast SEO plugin. -->","yoast_head_json":{"title":"Industrie- und Prozesssteuerung - Lindy Elektronik","description":"KVM Extender und Glasfaser-Hybridkabel k\u00f6nnen innerhalb der Industrie- & Prozesssteuerung zu vielseitigen und leistungsstarken L\u00f6sungen kombiniert werden, die \u00fcber gr\u00f6\u00dfte Entfernungen eingesetzt werden k\u00f6nnen.","robots":{"index":"index","follow":"follow","max-snippet":"max-snippet:-1","max-image-preview":"max-image-preview:large","max-video-preview":"max-video-preview:-1"},"canonical":"https:\/\/lindy.com\/de\/industrie-und-prozesssteuerung\/","og_locale":"de_DE","og_type":"article","og_title":"Industrie- und Prozesssteuerung - Lindy Elektronik","og_description":"KVM Extender und Glasfaser-Hybridkabel k\u00f6nnen innerhalb der Industrie- & Prozesssteuerung zu vielseitigen und leistungsstarken L\u00f6sungen kombiniert werden, die \u00fcber gr\u00f6\u00dfte Entfernungen eingesetzt werden k\u00f6nnen.","og_url":"https:\/\/lindy.com\/de\/industrie-und-prozesssteuerung\/","og_site_name":"Lindy - German","article_modified_time":"2019-05-23T11:36:01+00:00","og_image":[{"url":"https:\/\/lindy.com\/de\/wp-content\/uploads\/sites\/3\/2018\/05\/KVM.jpg","type":"","width":"","height":""}],"twitter_card":"summary_large_image","twitter_misc":{"Gesch\u00e4tzte Lesezeit":"2 Minuten"},"schema":{"@context":"https:\/\/schema.org","@graph":[{"@type":"WebPage","@id":"https:\/\/lindy.com\/de\/industrie-und-prozesssteuerung\/","url":"https:\/\/lindy.com\/de\/industrie-und-prozesssteuerung\/","name":"Industrie- und Prozesssteuerung - Lindy Elektronik","isPartOf":{"@id":"https:\/\/lindy.com\/de\/#website"},"primaryImageOfPage":{"@id":"https:\/\/lindy.com\/de\/industrie-und-prozesssteuerung\/#primaryimage"},"image":{"@id":"https:\/\/lindy.com\/de\/industrie-und-prozesssteuerung\/#primaryimage"},"thumbnailUrl":"https:\/\/lindy.com\/de\/wp-content\/uploads\/sites\/3\/2018\/05\/KVM.jpg","datePublished":"2018-10-25T13:20:31+00:00","dateModified":"2019-05-23T11:36:01+00:00","description":"KVM Extender und Glasfaser-Hybridkabel k\u00f6nnen innerhalb der Industrie- & Prozesssteuerung zu vielseitigen und leistungsstarken L\u00f6sungen kombiniert werden, die \u00fcber gr\u00f6\u00dfte Entfernungen eingesetzt werden k\u00f6nnen.","breadcrumb":{"@id":"https:\/\/lindy.com\/de\/industrie-und-prozesssteuerung\/#breadcrumb"},"inLanguage":"de-DE","potentialAction":[{"@type":"ReadAction","target":["https:\/\/lindy.com\/de\/industrie-und-prozesssteuerung\/"]}]},{"@type":"ImageObject","inLanguage":"de-DE","@id":"https:\/\/lindy.com\/de\/industrie-und-prozesssteuerung\/#primaryimage","url":"https:\/\/lindy.com\/de\/wp-content\/uploads\/sites\/3\/2018\/05\/KVM.jpg","contentUrl":"https:\/\/lindy.com\/de\/wp-content\/uploads\/sites\/3\/2018\/05\/KVM.jpg","width":950,"height":550,"caption":"KVM"},{"@type":"BreadcrumbList","@id":"https:\/\/lindy.com\/de\/industrie-und-prozesssteuerung\/#breadcrumb","itemListElement":[{"@type":"ListItem","position":1,"name":"Home","item":"https:\/\/lindy.com\/de\/"},{"@type":"ListItem","position":2,"name":"L\u00f6sungen f\u00fcr Industrie- und Prozesssteuerung"}]},{"@type":"WebSite","@id":"https:\/\/lindy.com\/de\/#website","url":"https:\/\/lindy.com\/de\/","name":"Lindy - German","description":"Connection Perfection","potentialAction":[{"@type":"SearchAction","target":{"@type":"EntryPoint","urlTemplate":"https:\/\/lindy.com\/de\/?s={search_term_string}"},"query-input":{"@type":"PropertyValueSpecification","valueRequired":true,"valueName":"search_term_string"}}],"inLanguage":"de-DE"}]}},"_links":{"self":[{"href":"https:\/\/lindy.com\/de\/wp-json\/wp\/v2\/pages\/62","targetHints":{"allow":["GET"]}}],"collection":[{"href":"https:\/\/lindy.com\/de\/wp-json\/wp\/v2\/pages"}],"about":[{"href":"https:\/\/lindy.com\/de\/wp-json\/wp\/v2\/types\/page"}],"author":[{"embeddable":true,"href":"https:\/\/lindy.com\/de\/wp-json\/wp\/v2\/users\/15"}],"replies":[{"embeddable":true,"href":"https:\/\/lindy.com\/de\/wp-json\/wp\/v2\/comments?post=62"}],"version-history":[{"count":0,"href":"https:\/\/lindy.com\/de\/wp-json\/wp\/v2\/pages\/62\/revisions"}],"wp:attachment":[{"href":"https:\/\/lindy.com\/de\/wp-json\/wp\/v2\/media?parent=62"}],"curies":[{"name":"wp","href":"https:\/\/api.w.org\/{rel}","templated":true}]}}