{"id":63,"date":"2018-10-25T15:03:26","date_gmt":"2018-10-25T15:03:26","guid":{"rendered":"https:\/\/lindy.com\/de\/?page_id=63"},"modified":"2020-01-29T15:06:12","modified_gmt":"2020-01-29T15:06:12","slug":"praesentations-und-information","status":"publish","type":"page","link":"https:\/\/lindy.com\/de\/praesentations-und-information\/","title":{"rendered":"Pr\u00e4sentations- &#038; Informationsl\u00f6sungen"},"content":{"rendered":"\n<section class=\"wp-block-lindy-parallax-hero section parallax-hero theme--light align--center  font--size-large\" style=\"background-image:url(https:\/\/lindy.com\/de\/wp-content\/uploads\/sites\/3\/2018\/12\/Amended_Presentation_2.jpg)\"><div class=\"contained contained--full-width\"><div class=\"parallax-hero__content\"><div class=\"parallax-hero__content-wrapper align--center\"><h2 class=\"section__heading\"><span><br\/>Pr\u00e4sentations- <br\/><\/span><\/h2><h2 class=\"section__subheading section__subheading__title\">&amp; INFORMATIONS-<br\/>L\u00d6SUNGEN<\/h2><p class=\"section__paragraph\"><br\/><br\/>\u25bc<\/p><\/div><\/div><\/div><\/section>\n\n\n\n<section class=\"wp-block-lindy-parallax-hero section parallax-hero theme--light align--center  font--size-medium\" style=\"background-image:url(https:\/\/lindy.com\/de\/wp-content\/uploads\/sites\/3\/2018\/12\/Amended_Presentation_1.jpg)\"><div class=\"contained contained--full-width\"><div class=\"parallax-hero__content\"><div class=\"parallax-hero__content-wrapper align--center\"><h2 class=\"section__heading\"><span><br\/><br\/><br\/><br\/><br\/><br\/><br\/><br\/><br\/><\/span><\/h2><\/div><\/div><\/div><\/section>\n\n\n\n<section class=\"wp-block-lindy-parallax-hero section parallax-hero theme--light align--center font--camber font--size-medium\" style=\"background-image:url(https:\/\/lindy.com\/de\/wp-content\/uploads\/sites\/3\/2018\/12\/Amended_Presentation_2.jpg)\"><div class=\"contained contained--full-width\"><div class=\"parallax-hero__content\"><div class=\"parallax-hero__content-wrapper align--center\"><h2 class=\"section__heading\"><span>Nachhaltige L\u00f6sungen, <\/span><\/h2><h2 class=\"section__subheading section__subheading__title\">Effiziente Technik. <\/h2><p class=\"section__paragraph\"><br\/>Mit Digital-Signage-Anwendungen k\u00f6nnen Inhalte schnell und sicher \u00fcbermittelt und attraktiv visualisiert werden. Das gilt f\u00fcr Informations- und Pr\u00e4sentationsl\u00f6sungen gleicherma\u00dfen. Gerade der Retail-Bereich wird zu einem der wichtigsten vertikalen M\u00e4rkte f\u00fcr solche Anwendungen. Mit deren Hilfe lassen sich Inhalte multimedial inszenieren und Werbebotschaften kraftvoll und attraktiv \u00fcbermitteln. Entscheidend ist, dass die Kundschaft an Ort und Stelle angesprochen wird. Somit liegen Kaufentscheidung und Kauferlebnis eng beieinander. Digital-Signage-Anwendungen haben folglich eine Schl\u00fcsselfunktion und das Potenzial, den Umsatz signifikant zu erh\u00f6hen. Mithilfe unserer kombinierten L\u00f6sungen k\u00f6nnen ein oder mehrere Displays kosteng\u00fcnstig mit Marken- und Werbebotschaften in einer oder mehreren Umgebungen simultan bespielt werden.<br\/><\/p><\/div><\/div><\/div><\/section>\n\n\n\n<section class=\"wp-block-lindy-paragraph-and-images full-width-image--with-text section section--paragraph-image  theme--light font--camber font--size-small\"><div class=\"grid-noBottom-middle-reverse\"><div class=\"col-6_sm-12 full-width-image__content section section--animation-none align--left \"><div class=\"content--animate\"><div class=\"contained\"><h2 class=\"section__heading\"><span>einstellen<\/span><\/h2><h2 class=\"section__subheading section__subheading__title\">des standards<\/h2><p class=\"section__paragraph\"><br\/>Mit der herausragenden Qualit\u00e4t und Konnektivit\u00e4t der Produkte sowie deren Zuverl\u00e4ssigkeit und Verf\u00fcgbarkeit setzt Lindy Ma\u00dfst\u00e4be. Unternehmen k\u00f6nnen so Zeit sparen und die Kosten f\u00fcr Betrieb und Wartung sp\u00fcrbar senken. Zudem h\u00e4lt Lindy komplette End-to-End-L\u00f6sungen bereit. Damit sind Unternehmen in der Lage, hochaufl\u00f6sende Inhalte auch \u00fcber gro\u00dfe Distanzen an einzelne oder mehrere Displays oder gestaltete Videow\u00e4nde zu projizieren. So gesehen sto\u00dfen Digital-Signage-Anwendungen in eine neue Dimension der Werbe- und Markenkommunikation vor.<br\/><\/p><\/div><\/div><\/div><div class=\"col-6_sm-12 full-width-image--with-text align--left\" style=\"background-image:url(https:\/\/lindy.com\/en\/wp-content\/uploads\/sites\/2\/2018\/09\/SettingtheStandard.jpg)\"><img decoding=\"async\" src=\"https:\/\/lindy.com\/en\/wp-content\/uploads\/sites\/2\/2018\/09\/SettingtheStandard.jpg\"\/><\/div><\/div><\/section>\n\n\n\n<section class=\"wp-block-lindy-paragraph-and-images full-width-image--with-text section section--paragraph-image  theme--light font--camber font--size-small\"><div class=\"grid-noBottom-middle\"><div class=\"col-6_sm-12 full-width-image__content section section--animation-none align--right \"><div class=\"content--animate\"><div class=\"contained\"><h2 class=\"section__heading\"><span>Vielseitigkeit <\/span><\/h2><h2 class=\"section__subheading section__subheading__title\">im design<\/h2><p class=\"section__paragraph\"><br\/>Die Pr\u00e4sentations- und Informationsl\u00f6sungen von Lindy sind eigens f\u00fcr den Einsatz im \u00f6ffentlichen Raum konzeptioniert und erf\u00fcllen daf\u00fcr alle Anforderungen. Besonders profitieren Unternehmen in den Bereichen Unternehmensdarstellung (Foyers &amp; Showrooms), Digital Signage &amp; Digital Out of Home, (Information Flughafen, Bahnhof etc.), Einzelhandel, Gastgewerbe (Hotels, Events, Veranstaltungsr\u00e4ume etc.), Medizin, Gesundheit &amp; Bildung.<br\/><\/p><\/div><\/div><\/div><div class=\"col-6_sm-12 full-width-image--with-text align--right\" style=\"background-image:url(https:\/\/lindy.com\/en\/wp-content\/uploads\/sites\/2\/2018\/09\/Versatility.jpg)\"><img decoding=\"async\" src=\"https:\/\/lindy.com\/en\/wp-content\/uploads\/sites\/2\/2018\/09\/Versatility.jpg\"\/><\/div><\/div><\/section>\n\n\n\n<section class=\"wp-block-lindy-paragraph-and-images full-width-image--with-text section section--paragraph-image  theme--light font--camber font--size-small\"><div class=\"grid-noBottom-middle-reverse\"><div class=\"col-6_sm-12 full-width-image__content section section--animation-none align--left \"><div class=\"content--animate\"><div class=\"contained\"><h2 class=\"section__heading\"><span>VISUALISIERUNG<\/span><\/h2><h2 class=\"section__subheading section__subheading__title\">&amp; display<\/h2><p class=\"section__paragraph\"><br\/>Die Video Wall Controller von Lindy bieten eine hohe Flexibilit\u00e4t bei der Visualisierung von Kontrollr\u00e4umen. Eine Vielzahl von L\u00f6sungen ist verf\u00fcgbar, um bis zu Ultra HD 2\u00d72, 4\u00d74, 8\u00d78 und unregelm\u00e4\u00dfige Display-Einheiten zu betreiben. Leistungsstarke Tools f\u00fcr das Management und die Display-Konfiguration unterst\u00fctzen Multi Window, Picture-in-Picture, Picture-und-Picture und vollst\u00e4ndige Matrixsteuerung. Die Unterst\u00fctzung von Web-GUI, IR, RS232 und Telnet bietet flexible Steuerungsm\u00f6glichkeiten und die Integration von Systemen und Software von Drittanbietern.<br\/><\/p><\/div><\/div><\/div><div class=\"col-6_sm-12 full-width-image--with-text align--left\" style=\"background-image:url(https:\/\/lindy.com\/en\/wp-content\/uploads\/sites\/2\/2018\/09\/VideoWallScaler_2.jpg)\"><img decoding=\"async\" src=\"https:\/\/lindy.com\/en\/wp-content\/uploads\/sites\/2\/2018\/09\/VideoWallScaler_2.jpg\"\/><\/div><\/div><\/section>\n\n\n\n<section class=\"wp-block-lindy-paragraph-and-images full-width-image--with-text section section--paragraph-image  theme--light font--camber font--size-small\"><div class=\"grid-noBottom-middle\"><div class=\"col-6_sm-12 full-width-image__content section section--animation-none align--right \"><div class=\"content--animate\"><div class=\"contained\"><h2 class=\"section__heading\"><span>ERWEITERN <\/span><\/h2><p class=\"section__paragraph\"><br\/>Die Cat.x-, Fibre-Optic-, HDBaseT-, IP- und Matrix-Distributionsl\u00f6sungen von Lindy stellen eine leistungsstarke Produkt-Range dar, die gr\u00f6\u00dftm\u00f6gliche \u00dcbertragungsdistanzen in einem Geb\u00e4ude und au\u00dferhalb davon erm\u00f6glicht. Cat.x Extender bieten ein kosteneffizientes, zuverl\u00e4ssiges System, das schnell und einfach zu implementieren ist. Fibre Optic Extender \u00fcbertragen hochaufl\u00f6sende Signale \u00fcber unglaublich lange Punkt-zu-Punkt-Verbindungen unkomprimiert und gegen elektrische St\u00f6rungen gesch\u00fctzt.<br\/><\/p><\/div><\/div><\/div><div class=\"col-6_sm-12 full-width-image--with-text align--right\" style=\"background-image:url(https:\/\/lindy.com\/en\/wp-content\/uploads\/sites\/2\/2018\/08\/HDBASET_Link.jpg)\"><img decoding=\"async\" src=\"https:\/\/lindy.com\/en\/wp-content\/uploads\/sites\/2\/2018\/08\/HDBASET_Link.jpg\"\/><\/div><\/div><\/section>\n\n\n\n<section class=\"wp-block-lindy-paragraph-and-images full-width-image--with-text section section--paragraph-image  theme--light font--camber font--size-small\"><div class=\"grid-noBottom-middle-reverse\"><div class=\"col-6_sm-12 full-width-image__content section section--animation-none align--left \"><div class=\"content--animate\"><div class=\"contained\"><h2 class=\"section__heading\"><span>Verteilen <\/span><\/h2><p class=\"section__paragraph\"><br\/>Die HDBaseT Range von Lindy verwendet ein einziges Cat.X-Kabel, um eine Reihe von Daten- und Steuersignalen zu verteilen, wie digitales Video, Audio, 100Base-T Ethernet, Strom, RS232 und USB. Die IP Range von Lindy kann die vorhandene Kabel- und Netzwerkinfrastruktur einer Anlage nutzen oder auf einer eigenst\u00e4ndigen Infrastruktur betrieben werden, um einfache AV-Signale oder komplexe Video Wall Setups mit einer gro\u00dfen Anzahl von Displays \u00fcber gro\u00dfe Distanzen zu verteilen. <br\/><\/p><\/div><\/div><\/div><div class=\"col-6_sm-12 full-width-image--with-text align--left\" style=\"background-image:url(https:\/\/lindy.com\/en\/wp-content\/uploads\/sites\/2\/2018\/08\/HDBaseT_10-1.jpg)\"><img decoding=\"async\" src=\"https:\/\/lindy.com\/en\/wp-content\/uploads\/sites\/2\/2018\/08\/HDBaseT_10-1.jpg\"\/><\/div><\/div><\/section>\n\n\n\n<section class=\"wp-block-lindy-paragraph-and-images full-width-image--with-text section section--paragraph-image  theme--light font--camber font--size-small\"><div class=\"grid-noBottom-middle\"><div class=\"col-6_sm-12 full-width-image__content section section--animation-none align--right \"><div class=\"content--animate\"><div class=\"contained\"><h2 class=\"section__heading\"><span>Signale umschalten<\/span><\/h2><p class=\"section__paragraph\"><br\/>Unsere umfassende Range an AV und KVM Switches erm\u00f6glicht es Anwendern, mehrere gemeinsam genutzte Ressourcen \u00fcber eine einzige Konsole zu steuern. Daten mit hoher Bandbreite und HD-Videos werden standardm\u00e4\u00dfig unterst\u00fctzt. F\u00fcr die gemeinsame Nutzung von Workstations und Servern erm\u00f6glichen zus\u00e4tzliche erweiterte Funktionen die Remote- und lokale Konsolenbedienung \u00fcber Cat.x-Verbindungen und \u00fcber IP. Matrix Video Switches bieten erweiterte Optionen f\u00fcr das Umschalten zwischen mehreren Quellger\u00e4ten und Displays. <br\/><\/p><\/div><\/div><\/div><div class=\"col-6_sm-12 full-width-image--with-text align--right\" style=\"background-image:url(https:\/\/lindy.com\/en\/wp-content\/uploads\/sites\/2\/2018\/10\/Presentation_1.jpg)\"><img decoding=\"async\" src=\"https:\/\/lindy.com\/en\/wp-content\/uploads\/sites\/2\/2018\/10\/Presentation_1.jpg\"\/><\/div><\/div><\/section>\n\n\n\n<section class=\"wp-block-lindy-paragraph-and-images full-width-image--with-text section section--paragraph-image  theme--light font--camber font--size-small\"><div class=\"grid-noBottom-middle-reverse\"><div class=\"col-6_sm-12 full-width-image__content section section--animation-none align--left \"><div class=\"content--animate\"><div class=\"contained\"><h2 class=\"section__heading\"><span>UMWANDLUNGS-TECHNOLOGIE <\/span><\/h2><p class=\"section__paragraph\"><br\/>Das umfassende Sortiment an von Konverterprodukten gibt Systemintegratoren und Designern die Freiheit, Installationen mit bestehenden Legacy-Ger\u00e4ten in Kombination mit den neuesten digitalen Technologien zu erstellen. Lindy bietet ein breites Sortiment von Out-of-the-Box-L\u00f6sungen f\u00fcr die einfache Konvertierung zwischen neueren digitalen und \u00e4lteren analogen Audio- und Videoschnittstellen.<br\/><\/p><\/div><\/div><\/div><div class=\"col-6_sm-12 full-width-image--with-text align--left\" style=\"background-image:url(https:\/\/lindy.com\/en\/wp-content\/uploads\/sites\/2\/2018\/08\/41048_LINK.jpg)\"><img decoding=\"async\" src=\"https:\/\/lindy.com\/en\/wp-content\/uploads\/sites\/2\/2018\/08\/41048_LINK.jpg\"\/><\/div><\/div><\/section>\n\n\n\n<section class=\"wp-block-lindy-heading-text section section--heading-text theme--dark align--center  font--size-medium section--animation-none\"><div class=\"contained\"><h2 class=\"section__heading\"><span><br\/>ANWENDUNGSBEREICH <br\/><br\/><\/span><\/h2><\/div><\/section>\n\n\n\n<section class=\"wp-block-lindy-image-text-module section section--full-width-image full-width-image--with-text theme--dark section--animation-none align--left font--camber font--size-small width--half\" style=\"background-image:url(https:\/\/lindy.com\/en\/wp-content\/uploads\/sites\/2\/2018\/09\/Link_Corporate_2.jpg)\"><img decoding=\"async\" class=\"full-width-image__image\" src=\"https:\/\/lindy.com\/en\/wp-content\/uploads\/sites\/2\/2018\/09\/Link_Corporate_2.jpg\"\/><div class=\"contained\"><div class=\"full-width-image__content\"><h2 class=\"section__heading\"><span>ANWENDUNGEN F\u00dcR<\/span><\/h2><h2 class=\"section__subheading section__subheading__title\">UNTERNEHMENSDARSTELLUNG<\/h2><p class=\"section__paragraph\"><br\/><\/p><a href=\"https:\/\/lindy.com\/de\/unternehmensdarstellung\" class=\"button button--white-transparent\" target=\"_self\" rel=\"noopener noreferrer\">MEHR ENTDECKEN<\/a><\/div><\/div><\/section>\n\n\n\n<section class=\"wp-block-lindy-image-text-module section section--full-width-image full-width-image--with-text theme--dark section--animation-none align--left font--camber font--size-small width--half\" style=\"background-image:url(https:\/\/lindy.com\/en\/wp-content\/uploads\/sites\/2\/2018\/09\/Link_TradeFair-1.jpg)\"><img decoding=\"async\" class=\"full-width-image__image\" src=\"https:\/\/lindy.com\/en\/wp-content\/uploads\/sites\/2\/2018\/09\/Link_TradeFair-1.jpg\"\/><div class=\"contained\"><div class=\"full-width-image__content\"><h2 class=\"section__heading\"><span>Anwendunden f\u00fcr<\/span><\/h2><h2 class=\"section__subheading section__subheading__title\">Gastgewerbe &amp; Messen<\/h2><p class=\"section__paragraph\"><br\/><\/p><a href=\"https:\/\/lindy.com\/de\/gastgewerbe-und-events\" class=\"button button--white-transparent\" target=\"_self\" rel=\"noopener noreferrer\">MEHR ENTDECKEN<\/a><\/div><\/div><\/section>\n\n\n\n<section class=\"wp-block-lindy-image-text-module section section--full-width-image full-width-image--with-text theme--dark section--animation-none align--center font--camber font--size-small\" style=\"background-image:url(https:\/\/lindy.com\/de\/wp-content\/uploads\/sites\/3\/2020\/01\/presentation_FW.jpg)\"><img decoding=\"async\" class=\"full-width-image__image\" src=\"https:\/\/lindy.com\/de\/wp-content\/uploads\/sites\/3\/2020\/01\/presentation_FW.jpg\"\/><div class=\"contained\"><div class=\"full-width-image__content\"><h2 class=\"section__heading\"><span>ANWENDUNDEN F\u00dcR<\/span><\/h2><h2 class=\"section__subheading section__subheading__title\">F\u00dcR EVENTS<br\/><br\/><\/h2><a href=\"https:\/\/lindy.com\/de\/events-av-anwendungen\/\" class=\"button button--white-transparent\" target=\"_self\" rel=\"noopener noreferrer\">mehr entdecken<\/a><\/div><\/div><\/section>\n","protected":false},"excerpt":{"rendered":"","protected":false},"author":15,"featured_media":0,"parent":0,"menu_order":0,"comment_status":"closed","ping_status":"closed","template":"page-templates\/template-landing.php","meta":{"_acf_changed":false,"footnotes":""},"class_list":["post-63","page","type-page","status-publish","hentry"],"acf":[],"yoast_head":"<!-- This site is optimized with the Yoast SEO plugin v26.6 - https:\/\/yoast.com\/wordpress\/plugins\/seo\/ -->\n<title>Pr\u00e4sentations- &amp; Informationsl\u00f6sungen - Lindy Elektronik<\/title>\n<meta name=\"description\" content=\"Die Pr\u00e4sentations- &amp; Informationsl\u00f6sungen von Lindy sind eigens f\u00fcr den Einsatz im \u00f6ffentlichen Raum konzeptioniert und erf\u00fcllen daf\u00fcr alle Anforderungen. Mit ihrer Hilfe lassen sich Inhalte multimedial inszenieren und Werbebotschaften kraftvoll und attraktiv \u00fcbermitteln.\" \/>\n<meta name=\"robots\" content=\"index, follow, max-snippet:-1, max-image-preview:large, max-video-preview:-1\" \/>\n<link rel=\"canonical\" href=\"https:\/\/lindy.com\/de\/praesentations-und-information\/\" \/>\n<meta property=\"og:locale\" content=\"de_DE\" \/>\n<meta property=\"og:type\" content=\"article\" \/>\n<meta property=\"og:title\" content=\"Pr\u00e4sentations- &amp; Informationsl\u00f6sungen - Lindy Elektronik\" \/>\n<meta property=\"og:description\" content=\"Die Pr\u00e4sentations- &amp; Informationsl\u00f6sungen von Lindy sind eigens f\u00fcr den Einsatz im \u00f6ffentlichen Raum konzeptioniert und erf\u00fcllen daf\u00fcr alle Anforderungen. Mit ihrer Hilfe lassen sich Inhalte multimedial inszenieren und Werbebotschaften kraftvoll und attraktiv \u00fcbermitteln.\" \/>\n<meta property=\"og:url\" content=\"https:\/\/lindy.com\/de\/praesentations-und-information\/\" \/>\n<meta property=\"og:site_name\" content=\"Lindy - German\" \/>\n<meta property=\"article:modified_time\" content=\"2020-01-29T15:06:12+00:00\" \/>\n<meta property=\"og:image\" content=\"https:\/\/lindy.com\/en\/wp-content\/uploads\/sites\/2\/2018\/09\/SettingtheStandard.jpg\" \/>\n<meta name=\"twitter:card\" content=\"summary_large_image\" \/>\n<meta name=\"twitter:label1\" content=\"Gesch\u00e4tzte Lesezeit\" \/>\n\t<meta name=\"twitter:data1\" content=\"3 Minuten\" \/>\n<script type=\"application\/ld+json\" class=\"yoast-schema-graph\">{\"@context\":\"https:\/\/schema.org\",\"@graph\":[{\"@type\":\"WebPage\",\"@id\":\"https:\/\/lindy.com\/de\/praesentations-und-information\/\",\"url\":\"https:\/\/lindy.com\/de\/praesentations-und-information\/\",\"name\":\"Pr\u00e4sentations- & Informationsl\u00f6sungen - Lindy Elektronik\",\"isPartOf\":{\"@id\":\"https:\/\/lindy.com\/de\/#website\"},\"primaryImageOfPage\":{\"@id\":\"https:\/\/lindy.com\/de\/praesentations-und-information\/#primaryimage\"},\"image\":{\"@id\":\"https:\/\/lindy.com\/de\/praesentations-und-information\/#primaryimage\"},\"thumbnailUrl\":\"https:\/\/lindy.com\/en\/wp-content\/uploads\/sites\/2\/2018\/09\/SettingtheStandard.jpg\",\"datePublished\":\"2018-10-25T15:03:26+00:00\",\"dateModified\":\"2020-01-29T15:06:12+00:00\",\"description\":\"Die Pr\u00e4sentations- & Informationsl\u00f6sungen von Lindy sind eigens f\u00fcr den Einsatz im \u00f6ffentlichen Raum konzeptioniert und erf\u00fcllen daf\u00fcr alle Anforderungen. Mit ihrer Hilfe lassen sich Inhalte multimedial inszenieren und Werbebotschaften kraftvoll und attraktiv \u00fcbermitteln.\",\"breadcrumb\":{\"@id\":\"https:\/\/lindy.com\/de\/praesentations-und-information\/#breadcrumb\"},\"inLanguage\":\"de-DE\",\"potentialAction\":[{\"@type\":\"ReadAction\",\"target\":[\"https:\/\/lindy.com\/de\/praesentations-und-information\/\"]}]},{\"@type\":\"ImageObject\",\"inLanguage\":\"de-DE\",\"@id\":\"https:\/\/lindy.com\/de\/praesentations-und-information\/#primaryimage\",\"url\":\"https:\/\/lindy.com\/en\/wp-content\/uploads\/sites\/2\/2018\/09\/SettingtheStandard.jpg\",\"contentUrl\":\"https:\/\/lindy.com\/en\/wp-content\/uploads\/sites\/2\/2018\/09\/SettingtheStandard.jpg\"},{\"@type\":\"BreadcrumbList\",\"@id\":\"https:\/\/lindy.com\/de\/praesentations-und-information\/#breadcrumb\",\"itemListElement\":[{\"@type\":\"ListItem\",\"position\":1,\"name\":\"Home\",\"item\":\"https:\/\/lindy.com\/de\/\"},{\"@type\":\"ListItem\",\"position\":2,\"name\":\"Pr\u00e4sentations- &#038; Informationsl\u00f6sungen\"}]},{\"@type\":\"WebSite\",\"@id\":\"https:\/\/lindy.com\/de\/#website\",\"url\":\"https:\/\/lindy.com\/de\/\",\"name\":\"Lindy - German\",\"description\":\"Connection Perfection\",\"potentialAction\":[{\"@type\":\"SearchAction\",\"target\":{\"@type\":\"EntryPoint\",\"urlTemplate\":\"https:\/\/lindy.com\/de\/?s={search_term_string}\"},\"query-input\":{\"@type\":\"PropertyValueSpecification\",\"valueRequired\":true,\"valueName\":\"search_term_string\"}}],\"inLanguage\":\"de-DE\"}]}<\/script>\n<!-- \/ Yoast SEO plugin. -->","yoast_head_json":{"title":"Pr\u00e4sentations- & Informationsl\u00f6sungen - Lindy Elektronik","description":"Die Pr\u00e4sentations- & Informationsl\u00f6sungen von Lindy sind eigens f\u00fcr den Einsatz im \u00f6ffentlichen Raum konzeptioniert und erf\u00fcllen daf\u00fcr alle Anforderungen. Mit ihrer Hilfe lassen sich Inhalte multimedial inszenieren und Werbebotschaften kraftvoll und attraktiv \u00fcbermitteln.","robots":{"index":"index","follow":"follow","max-snippet":"max-snippet:-1","max-image-preview":"max-image-preview:large","max-video-preview":"max-video-preview:-1"},"canonical":"https:\/\/lindy.com\/de\/praesentations-und-information\/","og_locale":"de_DE","og_type":"article","og_title":"Pr\u00e4sentations- & Informationsl\u00f6sungen - Lindy Elektronik","og_description":"Die Pr\u00e4sentations- & Informationsl\u00f6sungen von Lindy sind eigens f\u00fcr den Einsatz im \u00f6ffentlichen Raum konzeptioniert und erf\u00fcllen daf\u00fcr alle Anforderungen. Mit ihrer Hilfe lassen sich Inhalte multimedial inszenieren und Werbebotschaften kraftvoll und attraktiv \u00fcbermitteln.","og_url":"https:\/\/lindy.com\/de\/praesentations-und-information\/","og_site_name":"Lindy - German","article_modified_time":"2020-01-29T15:06:12+00:00","og_image":[{"url":"https:\/\/lindy.com\/en\/wp-content\/uploads\/sites\/2\/2018\/09\/SettingtheStandard.jpg","type":"","width":"","height":""}],"twitter_card":"summary_large_image","twitter_misc":{"Gesch\u00e4tzte Lesezeit":"3 Minuten"},"schema":{"@context":"https:\/\/schema.org","@graph":[{"@type":"WebPage","@id":"https:\/\/lindy.com\/de\/praesentations-und-information\/","url":"https:\/\/lindy.com\/de\/praesentations-und-information\/","name":"Pr\u00e4sentations- & Informationsl\u00f6sungen - Lindy Elektronik","isPartOf":{"@id":"https:\/\/lindy.com\/de\/#website"},"primaryImageOfPage":{"@id":"https:\/\/lindy.com\/de\/praesentations-und-information\/#primaryimage"},"image":{"@id":"https:\/\/lindy.com\/de\/praesentations-und-information\/#primaryimage"},"thumbnailUrl":"https:\/\/lindy.com\/en\/wp-content\/uploads\/sites\/2\/2018\/09\/SettingtheStandard.jpg","datePublished":"2018-10-25T15:03:26+00:00","dateModified":"2020-01-29T15:06:12+00:00","description":"Die Pr\u00e4sentations- & Informationsl\u00f6sungen von Lindy sind eigens f\u00fcr den Einsatz im \u00f6ffentlichen Raum konzeptioniert und erf\u00fcllen daf\u00fcr alle Anforderungen. Mit ihrer Hilfe lassen sich Inhalte multimedial inszenieren und Werbebotschaften kraftvoll und attraktiv \u00fcbermitteln.","breadcrumb":{"@id":"https:\/\/lindy.com\/de\/praesentations-und-information\/#breadcrumb"},"inLanguage":"de-DE","potentialAction":[{"@type":"ReadAction","target":["https:\/\/lindy.com\/de\/praesentations-und-information\/"]}]},{"@type":"ImageObject","inLanguage":"de-DE","@id":"https:\/\/lindy.com\/de\/praesentations-und-information\/#primaryimage","url":"https:\/\/lindy.com\/en\/wp-content\/uploads\/sites\/2\/2018\/09\/SettingtheStandard.jpg","contentUrl":"https:\/\/lindy.com\/en\/wp-content\/uploads\/sites\/2\/2018\/09\/SettingtheStandard.jpg"},{"@type":"BreadcrumbList","@id":"https:\/\/lindy.com\/de\/praesentations-und-information\/#breadcrumb","itemListElement":[{"@type":"ListItem","position":1,"name":"Home","item":"https:\/\/lindy.com\/de\/"},{"@type":"ListItem","position":2,"name":"Pr\u00e4sentations- &#038; Informationsl\u00f6sungen"}]},{"@type":"WebSite","@id":"https:\/\/lindy.com\/de\/#website","url":"https:\/\/lindy.com\/de\/","name":"Lindy - German","description":"Connection Perfection","potentialAction":[{"@type":"SearchAction","target":{"@type":"EntryPoint","urlTemplate":"https:\/\/lindy.com\/de\/?s={search_term_string}"},"query-input":{"@type":"PropertyValueSpecification","valueRequired":true,"valueName":"search_term_string"}}],"inLanguage":"de-DE"}]}},"_links":{"self":[{"href":"https:\/\/lindy.com\/de\/wp-json\/wp\/v2\/pages\/63","targetHints":{"allow":["GET"]}}],"collection":[{"href":"https:\/\/lindy.com\/de\/wp-json\/wp\/v2\/pages"}],"about":[{"href":"https:\/\/lindy.com\/de\/wp-json\/wp\/v2\/types\/page"}],"author":[{"embeddable":true,"href":"https:\/\/lindy.com\/de\/wp-json\/wp\/v2\/users\/15"}],"replies":[{"embeddable":true,"href":"https:\/\/lindy.com\/de\/wp-json\/wp\/v2\/comments?post=63"}],"version-history":[{"count":0,"href":"https:\/\/lindy.com\/de\/wp-json\/wp\/v2\/pages\/63\/revisions"}],"wp:attachment":[{"href":"https:\/\/lindy.com\/de\/wp-json\/wp\/v2\/media?parent=63"}],"curies":[{"name":"wp","href":"https:\/\/api.w.org\/{rel}","templated":true}]}}