{"id":68,"date":"2018-10-26T09:52:39","date_gmt":"2018-10-26T09:52:39","guid":{"rendered":"https:\/\/lindy.com\/de\/?page_id=68"},"modified":"2019-05-23T12:01:29","modified_gmt":"2019-05-23T12:01:29","slug":"residential-loesungen","status":"publish","type":"page","link":"https:\/\/lindy.com\/de\/residential-loesungen\/","title":{"rendered":"Residential-L\u00f6sungen"},"content":{"rendered":"\n<section class=\"wp-block-lindy-parallax-hero section parallax-hero theme--light align--center  font--size-large\" style=\"background-image:url(https:\/\/lindy.com\/de\/wp-content\/uploads\/sites\/3\/2018\/12\/Amended_Residential_2.jpg)\"><div class=\"contained contained--full-width\"><div class=\"parallax-hero__content\"><div class=\"parallax-hero__content-wrapper align--center\"><h2 class=\"section__heading\"><span><br\/>Anwendungen\u00a0<br\/><\/span><\/h2><h2 class=\"section__subheading section__subheading__title\">F\u00dcR Residential<\/h2><p class=\"section__paragraph\"><br\/><br\/>\u25bc<\/p><\/div><\/div><\/div><\/section>\n\n\n\n<section class=\"wp-block-lindy-parallax-hero section parallax-hero theme--light align--center  font--size-medium\" style=\"background-image:url(https:\/\/lindy.com\/de\/wp-content\/uploads\/sites\/3\/2018\/12\/Amended_Residential_1.jpg)\"><div class=\"contained contained--full-width\"><div class=\"parallax-hero__content\"><div class=\"parallax-hero__content-wrapper align--center\"><h2 class=\"section__heading\"><span><br\/><br\/><br\/><br\/><br\/><\/span><\/h2><h2 class=\"section__subheading section__subheading__title\"><br\/><br\/><br\/><br\/><\/h2><\/div><\/div><\/div><\/section>\n\n\n\n<section class=\"wp-block-lindy-parallax-hero section parallax-hero theme--light align--center font--camber font--size-medium\" style=\"background-image:url(https:\/\/lindy.com\/de\/wp-content\/uploads\/sites\/3\/2018\/12\/Amended_Residential_2.jpg)\"><div class=\"contained contained--full-width\"><div class=\"parallax-hero__content\"><div class=\"parallax-hero__content-wrapper align--center\"><h2 class=\"section__heading\"><span>MEHR POTENZIAL<\/span><\/h2><h2 class=\"section__subheading section__subheading__title\">F\u00dcR IHR ZUHAUSE<\/h2><p class=\"section__paragraph\"><br\/>Hochaufl\u00f6sende Inhalte werden im modernen Zuhause allt\u00e4glich, was bedeutet, dass gro\u00dfe Mengen an Bandbreite zwischen R\u00e4umen von mehreren Quellen auf mehrere Displays verteilt werden m\u00fcssen. Die hochmodernen Residential-L\u00f6sungen von Lindy erm\u00f6glichen es den Nutzern, das Potenzial von Home AV zu maximieren. <br\/><\/p><\/div><\/div><\/div><\/section>\n\n\n\n<section class=\"wp-block-lindy-heading-text section section--heading-text theme--light align--center  font--size-large section--animation-none\"><div class=\"contained\"><h2 class=\"section__heading\"><span><br\/>18G-SCHALTER<br\/><\/span><\/h2><h2 class=\"section__subheading section__subheading__title\">5 PORT SWITCH HDMI 2.0<\/h2><\/div><\/section>\n\n\n\n<section class=\"wp-block-lindy-image-text-module section section--full-width-image full-width-image--with-text theme--light section--animation-none align--left  font--size-small width--half\" style=\"background-image:url(https:\/\/lindy.com\/en\/wp-content\/uploads\/sites\/2\/2018\/10\/38244.jpg)\"><img decoding=\"async\" class=\"full-width-image__image\" src=\"https:\/\/lindy.com\/en\/wp-content\/uploads\/sites\/2\/2018\/10\/38244.jpg\"\/><div class=\"contained\"><div class=\"full-width-image__content\"><\/div><\/div><\/section>\n\n\n\n<section class=\"wp-block-lindy-image-text-module section section--full-width-image full-width-image--with-text theme--light section--animation-right align--left font--camber font--size-small width--half\" style=\"background-image:url()\"><img decoding=\"async\" class=\"full-width-image__image\" src=\"\"\/><div class=\"contained\"><div class=\"full-width-image__content\"><p class=\"section__paragraph\">HDMI 2.0 und AV-Daten\u00fcbertragung mit Bandbreiten bis 18Gbit\/s sind inzwischen State of the Art, damit 4K-Inhalte problemlos von den Quellger\u00e4ten zum Display transportiert werden k\u00f6nnen. Um so wichtiger, dass alle Teile der \u00dcbertragungskette mit diesen enormen Bandbreiten umgehen k\u00f6nnen, damit das Display am Ende nicht dunkel bleibt. Gr\u00f6\u00dfte Bedeutung kommt hier vor allem der Leistungsf\u00e4higeit der verwendeten Signalumschalter zu, denn sie bilden mit Ihren AV Chips in einer solchen Einsatzumgebung das Herz der gesamten Signal\u00fcbertragung. Der 5 Port HDMI 2.0 Switch schaltet die AV-Signale von 5 HDMI-Zuspielger\u00e4ten mit Aufl\u00f6sungen bis zu 4096&#215;2160 bei 60Hz 4:4:4 mit 8Bit auf ein modernes 4K HDMI Display der neuesten Bauart. Und damit auch gesch\u00fctzte Inhalte nicht au\u00dfen vor bleiben m\u00fcssen, bereiten HDCP 2.2 und 1.4 dem Switch keine Schwierigkeiten \u2013 perfekt f\u00fcr das zeitgem\u00e4\u00dfe 4K Home Theatre. <\/p><a href=\"https:\/\/www.lindy.de\/?websale8=ld0101&amp;ci=194\" class=\"button button--dark\" target=\"_blank\" rel=\"noopener noreferrer\">Shop Online<\/a><\/div><\/div><\/section>\n\n\n\n<section class=\"wp-block-lindy-key-info section section--key-info theme--light section--animation-none\"><div class=\"contained\"><div class=\"grid-2_sm-1-center\"><div class=\"col left_item\"><div class=\"box\"><h3 class=\"section__heading\">F\u00dcNF QUELLEN<\/h3><div class=\"section__content\"><p class=\"section__content\">BD Player, Spielkonsole, Streaming Server, SAT Recveiver \u2013 moderne Zuspielger\u00e4te \u201edr\u00e4ngeln\u201c sich aktuell um die wenigen HDMI-Eingangsports des heimischen 4K Displays. Der HDMI 2.0 Switch sorgt hier f\u00fcr friedliche Koexistenz. Schaltbar per Fernbedienung bequem vom Sofa aus.<\/p><\/div><\/div><\/div><div class=\"col right_item\"><div class=\"box\"><h3 class=\"section__heading\">EIN DISPLAY<\/h3><div class=\"section__content\"><p class=\"section__content\">Falls diese nicht zur Hand ist, l\u00e4sst sich der Switch auch per Taste direkt am Ger\u00e4t schalten. Oder via RS232 per HexCode \u2013 ideal f\u00fcr automatisiertes Umschalten zwischen Zuspielger\u00e4ten, etwa im professionellen Pr\u00e4sentationsbereich. In Kombination mit 4K-f\u00e4higen LWL-Extendern lassen sich so auch r\u00e4umlich ausgedehnte Installationen realisieren. <\/p><\/div><\/div><\/div><\/div><\/div><\/section>\n\n\n\n<section class=\"wp-block-lindy-zoom-image section section--zoom-image zoom-image align--center theme--light\"><div class=\"contained\"><div class=\"zoom-image-wrapper\"><img decoding=\"async\" class=\"zoomable\" src=\"https:\/\/lindy.com\/de\/wp-content\/uploads\/sites\/3\/2019\/05\/38244-1170x963.jpg\" data-zoom-img=\"https:\/\/lindy.com\/de\/wp-content\/uploads\/sites\/3\/2019\/05\/38244.jpg\"\/><\/div><span class=\"zoom-image__description\">Click to zoom<\/span><\/div><\/section>\n","protected":false},"excerpt":{"rendered":"","protected":false},"author":15,"featured_media":0,"parent":0,"menu_order":0,"comment_status":"closed","ping_status":"closed","template":"page-templates\/template-landing.php","meta":{"_acf_changed":false,"footnotes":""},"class_list":["post-68","page","type-page","status-publish","hentry"],"acf":[],"yoast_head":"<!-- This site is optimized with the Yoast SEO plugin v26.6 - https:\/\/yoast.com\/wordpress\/plugins\/seo\/ -->\n<title>Anwendungen f\u00fcr Residential - Lindy Elektronik<\/title>\n<meta name=\"description\" content=\"Hochaufl\u00f6sende Inhalte werden im modernen Zuhause allt\u00e4glich. Gro\u00dfe Mengen an Bandbreite m\u00fcssen zwischen R\u00e4umen von mehreren Quellen auf mehrere Displays verteilt werden. Die hochmodernen Residential-L\u00f6sungen von Lindy erm\u00f6glichen es den Nutzern, das Potenzial von Home AV zu maximieren.\" \/>\n<meta name=\"robots\" content=\"index, follow, max-snippet:-1, max-image-preview:large, max-video-preview:-1\" \/>\n<link rel=\"canonical\" href=\"https:\/\/lindy.com\/de\/residential-loesungen\/\" \/>\n<meta property=\"og:locale\" content=\"de_DE\" \/>\n<meta property=\"og:type\" content=\"article\" \/>\n<meta property=\"og:title\" content=\"Anwendungen f\u00fcr Residential - Lindy Elektronik\" \/>\n<meta property=\"og:description\" content=\"Hochaufl\u00f6sende Inhalte werden im modernen Zuhause allt\u00e4glich. Gro\u00dfe Mengen an Bandbreite m\u00fcssen zwischen R\u00e4umen von mehreren Quellen auf mehrere Displays verteilt werden. Die hochmodernen Residential-L\u00f6sungen von Lindy erm\u00f6glichen es den Nutzern, das Potenzial von Home AV zu maximieren.\" \/>\n<meta property=\"og:url\" content=\"https:\/\/lindy.com\/de\/residential-loesungen\/\" \/>\n<meta property=\"og:site_name\" content=\"Lindy - German\" \/>\n<meta property=\"article:modified_time\" content=\"2019-05-23T12:01:29+00:00\" \/>\n<meta property=\"og:image\" content=\"https:\/\/lindy.com\/en\/wp-content\/uploads\/sites\/2\/2018\/10\/38244.jpg\" \/>\n<meta name=\"twitter:card\" content=\"summary_large_image\" \/>\n<meta name=\"twitter:label1\" content=\"Gesch\u00e4tzte Lesezeit\" \/>\n\t<meta name=\"twitter:data1\" content=\"1 Minute\" \/>\n<script type=\"application\/ld+json\" class=\"yoast-schema-graph\">{\"@context\":\"https:\/\/schema.org\",\"@graph\":[{\"@type\":\"WebPage\",\"@id\":\"https:\/\/lindy.com\/de\/residential-loesungen\/\",\"url\":\"https:\/\/lindy.com\/de\/residential-loesungen\/\",\"name\":\"Anwendungen f\u00fcr Residential - Lindy Elektronik\",\"isPartOf\":{\"@id\":\"https:\/\/lindy.com\/de\/#website\"},\"primaryImageOfPage\":{\"@id\":\"https:\/\/lindy.com\/de\/residential-loesungen\/#primaryimage\"},\"image\":{\"@id\":\"https:\/\/lindy.com\/de\/residential-loesungen\/#primaryimage\"},\"thumbnailUrl\":\"https:\/\/lindy.com\/en\/wp-content\/uploads\/sites\/2\/2018\/10\/38244.jpg\",\"datePublished\":\"2018-10-26T09:52:39+00:00\",\"dateModified\":\"2019-05-23T12:01:29+00:00\",\"description\":\"Hochaufl\u00f6sende Inhalte werden im modernen Zuhause allt\u00e4glich. Gro\u00dfe Mengen an Bandbreite m\u00fcssen zwischen R\u00e4umen von mehreren Quellen auf mehrere Displays verteilt werden. Die hochmodernen Residential-L\u00f6sungen von Lindy erm\u00f6glichen es den Nutzern, das Potenzial von Home AV zu maximieren.\",\"breadcrumb\":{\"@id\":\"https:\/\/lindy.com\/de\/residential-loesungen\/#breadcrumb\"},\"inLanguage\":\"de-DE\",\"potentialAction\":[{\"@type\":\"ReadAction\",\"target\":[\"https:\/\/lindy.com\/de\/residential-loesungen\/\"]}]},{\"@type\":\"ImageObject\",\"inLanguage\":\"de-DE\",\"@id\":\"https:\/\/lindy.com\/de\/residential-loesungen\/#primaryimage\",\"url\":\"https:\/\/lindy.com\/en\/wp-content\/uploads\/sites\/2\/2018\/10\/38244.jpg\",\"contentUrl\":\"https:\/\/lindy.com\/en\/wp-content\/uploads\/sites\/2\/2018\/10\/38244.jpg\"},{\"@type\":\"BreadcrumbList\",\"@id\":\"https:\/\/lindy.com\/de\/residential-loesungen\/#breadcrumb\",\"itemListElement\":[{\"@type\":\"ListItem\",\"position\":1,\"name\":\"Home\",\"item\":\"https:\/\/lindy.com\/de\/\"},{\"@type\":\"ListItem\",\"position\":2,\"name\":\"Residential-L\u00f6sungen\"}]},{\"@type\":\"WebSite\",\"@id\":\"https:\/\/lindy.com\/de\/#website\",\"url\":\"https:\/\/lindy.com\/de\/\",\"name\":\"Lindy - German\",\"description\":\"Connection Perfection\",\"potentialAction\":[{\"@type\":\"SearchAction\",\"target\":{\"@type\":\"EntryPoint\",\"urlTemplate\":\"https:\/\/lindy.com\/de\/?s={search_term_string}\"},\"query-input\":{\"@type\":\"PropertyValueSpecification\",\"valueRequired\":true,\"valueName\":\"search_term_string\"}}],\"inLanguage\":\"de-DE\"}]}<\/script>\n<!-- \/ Yoast SEO plugin. -->","yoast_head_json":{"title":"Anwendungen f\u00fcr Residential - Lindy Elektronik","description":"Hochaufl\u00f6sende Inhalte werden im modernen Zuhause allt\u00e4glich. Gro\u00dfe Mengen an Bandbreite m\u00fcssen zwischen R\u00e4umen von mehreren Quellen auf mehrere Displays verteilt werden. Die hochmodernen Residential-L\u00f6sungen von Lindy erm\u00f6glichen es den Nutzern, das Potenzial von Home AV zu maximieren.","robots":{"index":"index","follow":"follow","max-snippet":"max-snippet:-1","max-image-preview":"max-image-preview:large","max-video-preview":"max-video-preview:-1"},"canonical":"https:\/\/lindy.com\/de\/residential-loesungen\/","og_locale":"de_DE","og_type":"article","og_title":"Anwendungen f\u00fcr Residential - Lindy Elektronik","og_description":"Hochaufl\u00f6sende Inhalte werden im modernen Zuhause allt\u00e4glich. Gro\u00dfe Mengen an Bandbreite m\u00fcssen zwischen R\u00e4umen von mehreren Quellen auf mehrere Displays verteilt werden. Die hochmodernen Residential-L\u00f6sungen von Lindy erm\u00f6glichen es den Nutzern, das Potenzial von Home AV zu maximieren.","og_url":"https:\/\/lindy.com\/de\/residential-loesungen\/","og_site_name":"Lindy - German","article_modified_time":"2019-05-23T12:01:29+00:00","og_image":[{"url":"https:\/\/lindy.com\/en\/wp-content\/uploads\/sites\/2\/2018\/10\/38244.jpg","type":"","width":"","height":""}],"twitter_card":"summary_large_image","twitter_misc":{"Gesch\u00e4tzte Lesezeit":"1 Minute"},"schema":{"@context":"https:\/\/schema.org","@graph":[{"@type":"WebPage","@id":"https:\/\/lindy.com\/de\/residential-loesungen\/","url":"https:\/\/lindy.com\/de\/residential-loesungen\/","name":"Anwendungen f\u00fcr Residential - Lindy Elektronik","isPartOf":{"@id":"https:\/\/lindy.com\/de\/#website"},"primaryImageOfPage":{"@id":"https:\/\/lindy.com\/de\/residential-loesungen\/#primaryimage"},"image":{"@id":"https:\/\/lindy.com\/de\/residential-loesungen\/#primaryimage"},"thumbnailUrl":"https:\/\/lindy.com\/en\/wp-content\/uploads\/sites\/2\/2018\/10\/38244.jpg","datePublished":"2018-10-26T09:52:39+00:00","dateModified":"2019-05-23T12:01:29+00:00","description":"Hochaufl\u00f6sende Inhalte werden im modernen Zuhause allt\u00e4glich. Gro\u00dfe Mengen an Bandbreite m\u00fcssen zwischen R\u00e4umen von mehreren Quellen auf mehrere Displays verteilt werden. Die hochmodernen Residential-L\u00f6sungen von Lindy erm\u00f6glichen es den Nutzern, das Potenzial von Home AV zu maximieren.","breadcrumb":{"@id":"https:\/\/lindy.com\/de\/residential-loesungen\/#breadcrumb"},"inLanguage":"de-DE","potentialAction":[{"@type":"ReadAction","target":["https:\/\/lindy.com\/de\/residential-loesungen\/"]}]},{"@type":"ImageObject","inLanguage":"de-DE","@id":"https:\/\/lindy.com\/de\/residential-loesungen\/#primaryimage","url":"https:\/\/lindy.com\/en\/wp-content\/uploads\/sites\/2\/2018\/10\/38244.jpg","contentUrl":"https:\/\/lindy.com\/en\/wp-content\/uploads\/sites\/2\/2018\/10\/38244.jpg"},{"@type":"BreadcrumbList","@id":"https:\/\/lindy.com\/de\/residential-loesungen\/#breadcrumb","itemListElement":[{"@type":"ListItem","position":1,"name":"Home","item":"https:\/\/lindy.com\/de\/"},{"@type":"ListItem","position":2,"name":"Residential-L\u00f6sungen"}]},{"@type":"WebSite","@id":"https:\/\/lindy.com\/de\/#website","url":"https:\/\/lindy.com\/de\/","name":"Lindy - German","description":"Connection Perfection","potentialAction":[{"@type":"SearchAction","target":{"@type":"EntryPoint","urlTemplate":"https:\/\/lindy.com\/de\/?s={search_term_string}"},"query-input":{"@type":"PropertyValueSpecification","valueRequired":true,"valueName":"search_term_string"}}],"inLanguage":"de-DE"}]}},"_links":{"self":[{"href":"https:\/\/lindy.com\/de\/wp-json\/wp\/v2\/pages\/68","targetHints":{"allow":["GET"]}}],"collection":[{"href":"https:\/\/lindy.com\/de\/wp-json\/wp\/v2\/pages"}],"about":[{"href":"https:\/\/lindy.com\/de\/wp-json\/wp\/v2\/types\/page"}],"author":[{"embeddable":true,"href":"https:\/\/lindy.com\/de\/wp-json\/wp\/v2\/users\/15"}],"replies":[{"embeddable":true,"href":"https:\/\/lindy.com\/de\/wp-json\/wp\/v2\/comments?post=68"}],"version-history":[{"count":0,"href":"https:\/\/lindy.com\/de\/wp-json\/wp\/v2\/pages\/68\/revisions"}],"wp:attachment":[{"href":"https:\/\/lindy.com\/de\/wp-json\/wp\/v2\/media?parent=68"}],"curies":[{"name":"wp","href":"https:\/\/api.w.org\/{rel}","templated":true}]}}