{"id":71,"date":"2018-10-26T10:00:53","date_gmt":"2018-10-26T10:00:53","guid":{"rendered":"https:\/\/lindy.com\/de\/?page_id=71"},"modified":"2019-05-23T12:02:46","modified_gmt":"2019-05-23T12:02:46","slug":"small-office-loesungen","status":"publish","type":"page","link":"https:\/\/lindy.com\/de\/small-office-loesungen\/","title":{"rendered":"Small-Office-\/Home-Office-L\u00f6sungen"},"content":{"rendered":"\n<section class=\"wp-block-lindy-parallax-hero section parallax-hero theme--light align--center  font--size-large\" style=\"background-image:url(https:\/\/lindy.com\/de\/wp-content\/uploads\/sites\/3\/2018\/12\/Amended_SmallOffice_2.jpg)\"><div class=\"contained contained--full-width\"><div class=\"parallax-hero__content\"><div class=\"parallax-hero__content-wrapper align--center\"><h2 class=\"section__heading\"><span><br\/>Anwendungen\u00a0<br\/><\/span><\/h2><h2 class=\"section__subheading section__subheading__title\">F\u00dcR Small-Office<\/h2><p class=\"section__paragraph\"><br\/><br\/>\u25bc<\/p><\/div><\/div><\/div><\/section>\n\n\n\n<section class=\"wp-block-lindy-parallax-hero section parallax-hero theme--light align--center  font--size-medium\" style=\"background-image:url(https:\/\/lindy.com\/de\/wp-content\/uploads\/sites\/3\/2018\/12\/Amended_SmallOffice_1.jpg)\"><div class=\"contained contained--full-width\"><div class=\"parallax-hero__content\"><div class=\"parallax-hero__content-wrapper align--center\"><h2 class=\"section__heading\"><span><br\/><br\/><br\/><br\/><br\/><\/span><\/h2><h2 class=\"section__subheading section__subheading__title\"><br\/><br\/><br\/><br\/><\/h2><\/div><\/div><\/div><\/section>\n\n\n\n<section class=\"wp-block-lindy-parallax-hero section parallax-hero theme--light align--center font--camber font--size-medium\" style=\"background-image:url(https:\/\/lindy.com\/de\/wp-content\/uploads\/sites\/3\/2018\/12\/Amended_SmallOffice_2.jpg)\"><div class=\"contained contained--full-width\"><div class=\"parallax-hero__content\"><div class=\"parallax-hero__content-wrapper align--center\"><h2 class=\"section__heading\"><span>INNOVATION <\/span><\/h2><h2 class=\"section__subheading section__subheading__title\">IM BUSINESS-BEREICH<\/h2><p class=\"section__paragraph\"><br\/>Small-Office-R\u00e4ume stehen oft an der Spitze der AV-Innovation. Die steigenden Kosten f\u00fcr B\u00fcrofl\u00e4chen und die Notwendigkeit, sich st\u00e4ndig an wachsende und sich ver\u00e4ndernden Gesch\u00e4ftsanforderungen anzupassen, bedeuten, dass Small-Office-Umgebungen die neueste Technologie ben\u00f6tigen, die skalierbar, zuverl\u00e4ssig und leistungsstark ist.<br\/><br\/><\/p><\/div><\/div><\/div><\/section>\n\n\n\n<section class=\"wp-block-lindy-heading-text section section--heading-text theme--light align--center  font--size-large section--animation-none\"><div class=\"contained\"><h2 class=\"section__heading\"><span><br\/>SCHNELLZUGRIFF<br\/><\/span><\/h2><h2 class=\"section__subheading section__subheading__title\">DVI KVM SWITCH PRO &amp; USB &amp; AUDIO<\/h2><\/div><\/section>\n\n\n\n<section class=\"wp-block-lindy-image-text-module section section--full-width-image full-width-image--with-text theme--light section--animation-none align--left  font--size-small width--half\" style=\"background-image:url(https:\/\/lindy.com\/en\/wp-content\/uploads\/sites\/2\/2018\/10\/29217_AP.jpg)\"><img decoding=\"async\" class=\"full-width-image__image\" src=\"https:\/\/lindy.com\/en\/wp-content\/uploads\/sites\/2\/2018\/10\/29217_AP.jpg\"\/><div class=\"contained\"><div class=\"full-width-image__content\"><\/div><\/div><\/section>\n\n\n\n<section class=\"wp-block-lindy-image-text-module section section--full-width-image full-width-image--with-text theme--light section--animation-right align--left font--camber font--size-small width--half\" style=\"background-image:url()\"><img decoding=\"async\" class=\"full-width-image__image\" src=\"\"\/><div class=\"contained\"><div class=\"full-width-image__content\"><p class=\"section__paragraph\">Wer in modernen IT-Umgebungen mit mehreren Desktop-Computern, Web-, Streaming-, File-, Mail-oder Terminal-Servern arbeitet, braucht auf all diese Maschinen uneingeschr\u00e4nkten und schnellen Live- Konsolenzugriff, um gegebenenfalls in kritischen Situationen sofort reagieren und korrigierend eingreifen zu k\u00f6nnen. Damit dies unkompliziert \u00fcber eine einzige Konsole (Keyboard, Mouse, Display) geschehen kann, kommt der DVI KVM Switch Pro zum Einsatz. Umschaltbar per Hotkey &amp; Portnummer, so dass der Admin innerhalb k\u00fcrzester Zeit mit dem gew\u00fcnschten System verbunden ist. Soll es noch schneller gehen, l\u00e4sst sich der Umschaltvorgang auch per Direktanwahl mit den Push Buttons an der Ger\u00e4tefront durchf\u00fchren. Geschaltet werden das DVI-I-Signal (incl. VGA) mit bis zu 1920&#215;1200@60 Hz, Keyboard &amp; Mouse via USB sowie analog Audio In und Out. Ideal also auch f\u00fcr Multimedia-Umgebungen. Damit auch eventuell vorhandene zus\u00e4tzliche USB-Peripherie gleich mitverbunden wird, wurde in den Switch ein USB 2.0 Hub integriert.<\/p><a href=\"https:\/\/www.lindy.de\/?websale8=ld0101&amp;pi=39317\n\" class=\"button button--dark\" target=\"_blank\" rel=\"noopener noreferrer\">Shop Online<\/a><\/div><\/div><\/section>\n\n\n\n<section class=\"wp-block-lindy-key-info section section--key-info theme--light section--animation-none\"><div class=\"contained\"><div class=\"grid-2_sm-1-center\"><div class=\"col left_item\"><div class=\"box\"><h3 class=\"section__heading\">Hochleistung<\/h3><div class=\"section__content\"><p class=\"section__content\">Speziell im AV- und Multimedia-Segment werden heute mit geringem personellen Aufwand wahre Performance-Wunder vollbracht. Hilfestellung leisten hierbei kleine 19\u201c Racks, die mit Streaming-Servern und Hochleistungsrechnern f\u00fcr Videoschnitt sowie Bild- und Audiobearbeitung best\u00fcckt werden k\u00f6nnen.<\/p><\/div><\/div><\/div><div class=\"col right_item\"><div class=\"box\"><h3 class=\"section__heading\">Einfache Kontrolle<\/h3><div class=\"section__content\"><p class=\"section__content\">In solchen Umgebungen ist der Schnellzugriff auf alle involvierten Systeme \u2013 idealerweise mit Hilfe eing\u00e4ngiger Tastatur-Hotkeys \u2013 von essentieller Bedeutung, damit die volle Kontrolle \u00fcber alle Systeme stets gew\u00e4hrleistet bleibt.<\/p><\/div><\/div><\/div><\/div><\/div><\/section>\n\n\n\n<section class=\"wp-block-lindy-zoom-image section section--zoom-image zoom-image align--center theme--light\"><div class=\"contained\"><div class=\"zoom-image-wrapper\"><img decoding=\"async\" class=\"zoomable\" src=\"https:\/\/lindy.com\/de\/wp-content\/uploads\/sites\/3\/2019\/05\/39317-1170x1087.jpg\" data-zoom-img=\"https:\/\/lindy.com\/de\/wp-content\/uploads\/sites\/3\/2019\/05\/39317.jpg\"\/><\/div><span class=\"zoom-image__description\">Click to zoom<\/span><\/div><\/section>\n","protected":false},"excerpt":{"rendered":"","protected":false},"author":15,"featured_media":0,"parent":0,"menu_order":0,"comment_status":"closed","ping_status":"closed","template":"page-templates\/template-landing.php","meta":{"_acf_changed":false,"footnotes":""},"class_list":["post-71","page","type-page","status-publish","hentry"],"acf":[],"yoast_head":"<!-- This site is optimized with the Yoast SEO plugin v26.6 - https:\/\/yoast.com\/wordpress\/plugins\/seo\/ -->\n<title>Anwendungen f\u00fcr Small Office\/ Home Office - Lindy Elektronik<\/title>\n<meta name=\"description\" content=\"Small-Office-R\u00e4ume stehen oft an der Spitze der AV-Innovation. Diese Umgebungen ben\u00f6tigen die neueste Technologie, die skalierbar, zuverl\u00e4ssig und leistungsstark ist.\" \/>\n<meta name=\"robots\" content=\"index, follow, max-snippet:-1, max-image-preview:large, max-video-preview:-1\" \/>\n<link rel=\"canonical\" href=\"https:\/\/lindy.com\/de\/small-office-loesungen\/\" \/>\n<meta property=\"og:locale\" content=\"de_DE\" \/>\n<meta property=\"og:type\" content=\"article\" \/>\n<meta property=\"og:title\" content=\"Anwendungen f\u00fcr Small Office\/ Home Office - Lindy Elektronik\" \/>\n<meta property=\"og:description\" content=\"Small-Office-R\u00e4ume stehen oft an der Spitze der AV-Innovation. Diese Umgebungen ben\u00f6tigen die neueste Technologie, die skalierbar, zuverl\u00e4ssig und leistungsstark ist.\" \/>\n<meta property=\"og:url\" content=\"https:\/\/lindy.com\/de\/small-office-loesungen\/\" \/>\n<meta property=\"og:site_name\" content=\"Lindy - German\" \/>\n<meta property=\"article:modified_time\" content=\"2019-05-23T12:02:46+00:00\" \/>\n<meta property=\"og:image\" content=\"https:\/\/lindy.com\/en\/wp-content\/uploads\/sites\/2\/2018\/10\/29217_AP.jpg\" \/>\n<meta name=\"twitter:card\" content=\"summary_large_image\" \/>\n<meta name=\"twitter:label1\" content=\"Gesch\u00e4tzte Lesezeit\" \/>\n\t<meta name=\"twitter:data1\" content=\"1 Minute\" \/>\n<script type=\"application\/ld+json\" class=\"yoast-schema-graph\">{\"@context\":\"https:\/\/schema.org\",\"@graph\":[{\"@type\":\"WebPage\",\"@id\":\"https:\/\/lindy.com\/de\/small-office-loesungen\/\",\"url\":\"https:\/\/lindy.com\/de\/small-office-loesungen\/\",\"name\":\"Anwendungen f\u00fcr Small Office\/ Home Office - Lindy Elektronik\",\"isPartOf\":{\"@id\":\"https:\/\/lindy.com\/de\/#website\"},\"primaryImageOfPage\":{\"@id\":\"https:\/\/lindy.com\/de\/small-office-loesungen\/#primaryimage\"},\"image\":{\"@id\":\"https:\/\/lindy.com\/de\/small-office-loesungen\/#primaryimage\"},\"thumbnailUrl\":\"https:\/\/lindy.com\/en\/wp-content\/uploads\/sites\/2\/2018\/10\/29217_AP.jpg\",\"datePublished\":\"2018-10-26T10:00:53+00:00\",\"dateModified\":\"2019-05-23T12:02:46+00:00\",\"description\":\"Small-Office-R\u00e4ume stehen oft an der Spitze der AV-Innovation. Diese Umgebungen ben\u00f6tigen die neueste Technologie, die skalierbar, zuverl\u00e4ssig und leistungsstark ist.\",\"breadcrumb\":{\"@id\":\"https:\/\/lindy.com\/de\/small-office-loesungen\/#breadcrumb\"},\"inLanguage\":\"de-DE\",\"potentialAction\":[{\"@type\":\"ReadAction\",\"target\":[\"https:\/\/lindy.com\/de\/small-office-loesungen\/\"]}]},{\"@type\":\"ImageObject\",\"inLanguage\":\"de-DE\",\"@id\":\"https:\/\/lindy.com\/de\/small-office-loesungen\/#primaryimage\",\"url\":\"https:\/\/lindy.com\/en\/wp-content\/uploads\/sites\/2\/2018\/10\/29217_AP.jpg\",\"contentUrl\":\"https:\/\/lindy.com\/en\/wp-content\/uploads\/sites\/2\/2018\/10\/29217_AP.jpg\"},{\"@type\":\"BreadcrumbList\",\"@id\":\"https:\/\/lindy.com\/de\/small-office-loesungen\/#breadcrumb\",\"itemListElement\":[{\"@type\":\"ListItem\",\"position\":1,\"name\":\"Home\",\"item\":\"https:\/\/lindy.com\/de\/\"},{\"@type\":\"ListItem\",\"position\":2,\"name\":\"Small-Office-\/Home-Office-L\u00f6sungen\"}]},{\"@type\":\"WebSite\",\"@id\":\"https:\/\/lindy.com\/de\/#website\",\"url\":\"https:\/\/lindy.com\/de\/\",\"name\":\"Lindy - German\",\"description\":\"Connection Perfection\",\"potentialAction\":[{\"@type\":\"SearchAction\",\"target\":{\"@type\":\"EntryPoint\",\"urlTemplate\":\"https:\/\/lindy.com\/de\/?s={search_term_string}\"},\"query-input\":{\"@type\":\"PropertyValueSpecification\",\"valueRequired\":true,\"valueName\":\"search_term_string\"}}],\"inLanguage\":\"de-DE\"}]}<\/script>\n<!-- \/ Yoast SEO plugin. -->","yoast_head_json":{"title":"Anwendungen f\u00fcr Small Office\/ Home Office - Lindy Elektronik","description":"Small-Office-R\u00e4ume stehen oft an der Spitze der AV-Innovation. Diese Umgebungen ben\u00f6tigen die neueste Technologie, die skalierbar, zuverl\u00e4ssig und leistungsstark ist.","robots":{"index":"index","follow":"follow","max-snippet":"max-snippet:-1","max-image-preview":"max-image-preview:large","max-video-preview":"max-video-preview:-1"},"canonical":"https:\/\/lindy.com\/de\/small-office-loesungen\/","og_locale":"de_DE","og_type":"article","og_title":"Anwendungen f\u00fcr Small Office\/ Home Office - Lindy Elektronik","og_description":"Small-Office-R\u00e4ume stehen oft an der Spitze der AV-Innovation. Diese Umgebungen ben\u00f6tigen die neueste Technologie, die skalierbar, zuverl\u00e4ssig und leistungsstark ist.","og_url":"https:\/\/lindy.com\/de\/small-office-loesungen\/","og_site_name":"Lindy - German","article_modified_time":"2019-05-23T12:02:46+00:00","og_image":[{"url":"https:\/\/lindy.com\/en\/wp-content\/uploads\/sites\/2\/2018\/10\/29217_AP.jpg","type":"","width":"","height":""}],"twitter_card":"summary_large_image","twitter_misc":{"Gesch\u00e4tzte Lesezeit":"1 Minute"},"schema":{"@context":"https:\/\/schema.org","@graph":[{"@type":"WebPage","@id":"https:\/\/lindy.com\/de\/small-office-loesungen\/","url":"https:\/\/lindy.com\/de\/small-office-loesungen\/","name":"Anwendungen f\u00fcr Small Office\/ Home Office - Lindy Elektronik","isPartOf":{"@id":"https:\/\/lindy.com\/de\/#website"},"primaryImageOfPage":{"@id":"https:\/\/lindy.com\/de\/small-office-loesungen\/#primaryimage"},"image":{"@id":"https:\/\/lindy.com\/de\/small-office-loesungen\/#primaryimage"},"thumbnailUrl":"https:\/\/lindy.com\/en\/wp-content\/uploads\/sites\/2\/2018\/10\/29217_AP.jpg","datePublished":"2018-10-26T10:00:53+00:00","dateModified":"2019-05-23T12:02:46+00:00","description":"Small-Office-R\u00e4ume stehen oft an der Spitze der AV-Innovation. Diese Umgebungen ben\u00f6tigen die neueste Technologie, die skalierbar, zuverl\u00e4ssig und leistungsstark ist.","breadcrumb":{"@id":"https:\/\/lindy.com\/de\/small-office-loesungen\/#breadcrumb"},"inLanguage":"de-DE","potentialAction":[{"@type":"ReadAction","target":["https:\/\/lindy.com\/de\/small-office-loesungen\/"]}]},{"@type":"ImageObject","inLanguage":"de-DE","@id":"https:\/\/lindy.com\/de\/small-office-loesungen\/#primaryimage","url":"https:\/\/lindy.com\/en\/wp-content\/uploads\/sites\/2\/2018\/10\/29217_AP.jpg","contentUrl":"https:\/\/lindy.com\/en\/wp-content\/uploads\/sites\/2\/2018\/10\/29217_AP.jpg"},{"@type":"BreadcrumbList","@id":"https:\/\/lindy.com\/de\/small-office-loesungen\/#breadcrumb","itemListElement":[{"@type":"ListItem","position":1,"name":"Home","item":"https:\/\/lindy.com\/de\/"},{"@type":"ListItem","position":2,"name":"Small-Office-\/Home-Office-L\u00f6sungen"}]},{"@type":"WebSite","@id":"https:\/\/lindy.com\/de\/#website","url":"https:\/\/lindy.com\/de\/","name":"Lindy - German","description":"Connection Perfection","potentialAction":[{"@type":"SearchAction","target":{"@type":"EntryPoint","urlTemplate":"https:\/\/lindy.com\/de\/?s={search_term_string}"},"query-input":{"@type":"PropertyValueSpecification","valueRequired":true,"valueName":"search_term_string"}}],"inLanguage":"de-DE"}]}},"_links":{"self":[{"href":"https:\/\/lindy.com\/de\/wp-json\/wp\/v2\/pages\/71","targetHints":{"allow":["GET"]}}],"collection":[{"href":"https:\/\/lindy.com\/de\/wp-json\/wp\/v2\/pages"}],"about":[{"href":"https:\/\/lindy.com\/de\/wp-json\/wp\/v2\/types\/page"}],"author":[{"embeddable":true,"href":"https:\/\/lindy.com\/de\/wp-json\/wp\/v2\/users\/15"}],"replies":[{"embeddable":true,"href":"https:\/\/lindy.com\/de\/wp-json\/wp\/v2\/comments?post=71"}],"version-history":[{"count":0,"href":"https:\/\/lindy.com\/de\/wp-json\/wp\/v2\/pages\/71\/revisions"}],"wp:attachment":[{"href":"https:\/\/lindy.com\/de\/wp-json\/wp\/v2\/media?parent=71"}],"curies":[{"name":"wp","href":"https:\/\/api.w.org\/{rel}","templated":true}]}}