{"id":7655,"date":"2024-07-25T15:03:32","date_gmt":"2024-07-25T15:03:32","guid":{"rendered":"https:\/\/lindy.com\/de\/?page_id=7655"},"modified":"2026-03-11T15:50:20","modified_gmt":"2026-03-11T15:50:20","slug":"csr-hf","status":"publish","type":"page","link":"https:\/\/lindy.com\/de\/csr-hf\/","title":{"rendered":"CSR-HF"},"content":{"rendered":"\n<section class=\"wp-block-lindy-image-text-module section section--full-width-image full-width-image--with-text theme--light section--animation-none align--left  font--size-medium width--half\" style=\"background-image:url(https:\/\/lindy.com\/de\/wp-content\/uploads\/sites\/3\/2026\/03\/Peter-Lindenberg_final_cut.jpg)\"><img decoding=\"async\" class=\"full-width-image__image\" src=\"https:\/\/lindy.com\/de\/wp-content\/uploads\/sites\/3\/2026\/03\/Peter-Lindenberg_final_cut.jpg\"\/><div class=\"contained\"><div class=\"full-width-image__content\"><\/div><\/div><\/section>\n\n\n\n<section class=\"wp-block-lindy-image-text-module section section--full-width-image full-width-image--with-text theme--dark section--animation-none align--center  font--size-small width--half\" style=\"background-image:url()\"><img decoding=\"async\" class=\"full-width-image__image\" src=\"\"\/><div class=\"contained\"><div class=\"full-width-image__content\"><h2 class=\"section__heading\"><span>Verantwortliche <\/span><\/h2><h2 class=\"section__subheading section__subheading__title\">Unternehmensf\u00fchrung<\/h2><p class=\"section__paragraph\"><br\/>Unternehmerische Verantwortung ist bei Lindy tief in den Werten und der Unternehmenskultur verwurzelt. Wir \u00fcbernehmen Verantwortung und tragen im Rahmen unserer jeweiligen M\u00f6glichkeiten und Handlungsr\u00e4ume zum Wohle und zur nachhaltigen Entwicklung der globalen Gesellschaft bei. Verl\u00e4sslichkeit und Transparenz geh\u00f6ren dabei als integraler Bestandteil zu Lindy, wie der Name, das Logo und die Qualit\u00e4t von Service und Produkten.<br\/><br\/>Respekt, Fairness und Vertrauensw\u00fcrdigkeit im t\u00e4glichen Umgang mit Kunden, Partnern, Mitarbeitern und Kollegen geh\u00f6ren f\u00fcr uns zu den h\u00f6chsten und unumst\u00f6\u00dflichen ethischen Standards, an die wir uns halten.<br\/><br\/><strong>\u2022  \u00a0 <a href=\"https:\/\/lindy.com\/de\/mission-und-vision\/#werte\" target=\"_blank\" rel=\"noreferrer noopener\">Lindys Werte<\/a><br\/>\u2022  \u00a0 <a href=\"https:\/\/lindy.com\/de\/compliance-information\/#corporate\">Code of Conduct zur gesellschaftlichen Verantwortung<\/a><br\/>\u2022  \u00a0 <a href=\"https:\/\/lindy.com\/de\/die-firmengeschichte\/\" target=\"_blank\" rel=\"noreferrer noopener\">Geschichte &amp; Nachfolge<\/a><\/strong><\/p><a href=\"..\/CSR\/#hf\" class=\"button button--white-transparent\" target=\"_self\" rel=\"noopener noreferrer\">Zur\u00fcck zur Startseite<\/a><\/div><\/div><\/section>\n\n\n\n<section id=\"products\" class=\"wp-block-lindy-anchor-section section section--anchor\"><\/section>\n\n\n\n<section class=\"wp-block-lindy-image-text-module section section--full-width-image full-width-image--with-text theme--light section--animation-none align--left  font--size-small width--half\" style=\"background-image:url()\"><img decoding=\"async\" class=\"full-width-image__image\" src=\"\"\/><div class=\"contained\"><div class=\"full-width-image__content\"><h2 class=\"section__heading\"><span>PRODUKT<\/span><\/h2><h2 class=\"section__subheading section__subheading__title\">Verantwortung<\/h2><p class=\"section__paragraph\"><br\/>Unser Ziel ist es, innovative Produkte zu liefern, die den Anforderungen des Marktes entsprechen und gleichzeitig \u00f6kologischer Nachhaltigkeit einen hohen Stellenwert einr\u00e4umen. Indem wir ein Gleichgewicht zwischen Technologie und Nachhaltigkeit schaffen, stellen wir sicher, dass jedes Lindy-Produkt strenge gesetzliche und \u00f6kologische Standards erf\u00fcllt, die sich auf Verbrauchersicherheit, Energieeffizienz und Recyclingf\u00e4higkeit konzentrieren. Unsere bew\u00e4hrten Compliance-Prozesse gew\u00e4hrleisten die Einhaltung von Richtlinien und Vorschriften und spiegeln unser Bestreben wider, die Auswirkungen auf die Umwelt zu minimieren und das Verbraucherwohl zu gew\u00e4hrleisten. \u00a0<br\/><br\/>Wir sind uns der Herausforderungen bewusst, vor denen unsere Branche steht, wenn es darum geht, Spitzentechnologie und Nachhaltigkeit miteinander in Einklang zu bringen, und arbeiten kontinuierlich daran, unser Produktangebot so nachhaltig wie m\u00f6glich zu gestalten. Bei Lindy sind wir stets bestrebt, qualitativ hochwertige, sichere und nachhaltige Produkte anzubieten, die den Bed\u00fcrfnissen unserer Kunden und der Umwelt gleicherma\u00dfen gerecht werden.\u00a0<br\/><br\/>\u2022      <a href=\"https:\/\/lindy.com\/de\/compliance-information\/#product-compliance\" target=\"_blank\" rel=\"noreferrer noopener\"><strong>Product Compliance &amp; EPR<\/strong><\/a><br\/>\u2022      <a href=\"https:\/\/lindy.com\/de\/compliance-information\/#elektro\" target=\"_blank\" rel=\"noreferrer noopener\"><strong>Elektro- und Elektronikger\u00e4te<\/strong><\/a><br\/>\u2022      <strong><a href=\"https:\/\/lindy.com\/de\/compliance-information\/#reach\" target=\"_blank\" rel=\"noreferrer noopener\">EU REACH und POP \u2013 SCIP Datenbank<\/a><\/strong><br\/>\u2022      <strong><a href=\"https:\/\/lindy.com\/de\/compliance-information\/#conflict\" target=\"_blank\" rel=\"noreferrer noopener\">Konfliktmineralien<\/a><\/strong><br\/>\u2022      <strong><a href=\"https:\/\/lindy.com\/de\/compliance-information\/#batterie\" target=\"_blank\" rel=\"noreferrer noopener\">Batteriegesetz  &amp; Verpackungsgesetz<\/a><\/strong><\/p><a href=\"..\/CSR\/#hf\" class=\"button button--dark\" target=\"_self\" rel=\"noopener noreferrer\">Zur\u00fcck zur Startseite<\/a><\/div><\/div><\/section>\n\n\n\n<section class=\"wp-block-lindy-image-text-module section section--full-width-image full-width-image--with-text theme--light section--animation-none align--left  font--size-medium width--half\" style=\"background-image:url(https:\/\/lindy.com\/de\/wp-content\/uploads\/sites\/3\/2024\/12\/Produktverantwortung_HW.png)\"><img decoding=\"async\" class=\"full-width-image__image\" src=\"https:\/\/lindy.com\/de\/wp-content\/uploads\/sites\/3\/2024\/12\/Produktverantwortung_HW.png\"\/><div class=\"contained\"><div class=\"full-width-image__content\"><\/div><\/div><\/section>\n\n\n\n<section id=\"supply-chain\" class=\"wp-block-lindy-anchor-section section section--anchor\"><\/section>\n\n\n\n<section class=\"wp-block-lindy-image-text-module section section--full-width-image full-width-image--with-text theme--light section--animation-none align--left  font--size-medium width--half\" style=\"background-image:url(https:\/\/lindy.com\/de\/wp-content\/uploads\/sites\/3\/2024\/12\/Half-Width-image.png)\"><img decoding=\"async\" class=\"full-width-image__image\" src=\"https:\/\/lindy.com\/de\/wp-content\/uploads\/sites\/3\/2024\/12\/Half-Width-image.png\"\/><div class=\"contained\"><div class=\"full-width-image__content\"><\/div><\/div><\/section>\n\n\n\n<section class=\"wp-block-lindy-image-text-module section section--full-width-image full-width-image--with-text theme--light section--animation-none align--left  font--size-small width--half\" style=\"background-image:url()\"><img decoding=\"async\" class=\"full-width-image__image\" src=\"\"\/><div class=\"contained\"><div class=\"full-width-image__content\"><h2 class=\"section__heading\"><span>Lieferkette &amp; <\/span><\/h2><h2 class=\"section__subheading section__subheading__title\">Beschaffung<\/h2><p class=\"section__paragraph\"><br\/>Um den Schutz von Menschenrechten und Umwelt auch in unserer Wertsch\u00f6pfungskette bestm\u00f6glich zu gew\u00e4hrleisten, streben wir eine umfassende Transparenz in unserer Lieferkette an. Vertrauensvolle und pers\u00f6nliche Beziehungen zu unseren Herstellern und Kooperationspartnern sind dabei von zentraler Bedeutung.\u00a0<br\/>Unser umfangreiches Produktsortiment von \u00fcber 2.000 Kabel- und Elektronikartikeln wird nach unseren Spezifikationen in Taiwan und China hergestellt. Aufgrund der Komplexit\u00e4t der Lieferketten, insbesondere bei Elektronikprodukten, erstreckt sich die Beschaffung der Rohstoffe oft \u00fcber unseren direkten Einflussbereich hinaus und umfasst mehrere Stufen, bevor sie Schmelzereien oder Metallproduzenten erreichen.\u00a0\u00a0<br\/>Gemeinsam mit unseren Lieferanten verpflichten wir uns, die Einhaltung der Menschenrechte und den Schutz der Umwelt im Rahmen unserer M\u00f6glichkeiten und Handlungsr\u00e4ume sicherzustellen und zu f\u00f6rdern.<br\/><br\/><strong>\u2022<\/strong>  <a href=\"https:\/\/lindy.com\/de\/compliance-information\/#conflict\" target=\"_blank\" rel=\"noreferrer noopener\"><strong>Konfliktmineralien (3TG)\u00a0<\/strong><\/a><br\/><strong>\u2022<\/strong>  <a href=\"https:\/\/lindy.com\/de\/compliance-information\/#corporate\" target=\"_blank\" rel=\"noreferrer noopener\"><strong>Code of Conduct zur gesellschaftlichen Verantwortung\u00a0<\/strong><\/a><\/p><a href=\"..\/CSR\/#hf\" class=\"button button--dark\" target=\"_self\" rel=\"noopener noreferrer\">Zur\u00fcck zur Startseite<\/a><\/div><\/div><\/section>\n\n\n\n<section id=\"environment\" class=\"wp-block-lindy-anchor-section section section--anchor\"><\/section>\n\n\n\n<section class=\"wp-block-lindy-image-text-module section section--full-width-image full-width-image--with-text theme--dark section--animation-none align--left  font--size-small width--half\" style=\"background-image:url()\"><img decoding=\"async\" class=\"full-width-image__image\" src=\"\"\/><div class=\"contained\"><div class=\"full-width-image__content\"><h2 class=\"section__heading\"><span>Umwelt-<\/span><\/h2><h2 class=\"section__subheading section__subheading__title\">verantwortung<\/h2><p class=\"section__paragraph\"><br\/>Unserer Verantwortung gegen\u00fcber der Umwelt und dem Planeten sind wir uns bewusst und setzen in allen Bereichen unseres Unternehmens auf m\u00f6glichst ressourcenschonende und nachhaltige L\u00f6sungen.\u00a0<br\/><br\/>Lindy arbeitet kontinuierlich daran, seinen \u00f6kologischen Fu\u00dfabdruck durch energieeffizientere Prozesse, ressourcenschonende Verpackungen und umweltfreundliche Produktl\u00f6sungen zu reduzieren. Recycling und Abfallvermeidung geh\u00f6ren ebenso zu unserem Umweltengagement wie die F\u00f6rderung nachhaltiger Technologien und ein umweltfreundlicher Firmensitz. Wir sind \u00fcberzeugt, dass wirtschaftlicher Erfolg und Umweltbewusstsein Hand in Hand gehen k\u00f6nnen und bem\u00fchen uns kontinuierlich, einen positiven Beitrag f\u00fcr die Zukunft unseres Planeten zu leisten.\u00a0<br\/><br\/><strong>\u2022  <a href=\"#products\">Produktverantwortung<\/a>\u00a0<\/strong><br\/><strong>\u2022  <a href=\"https:\/\/lindy.com\/de\/csr-packaging\/\">Umweltfreundliche Verpackungen<\/a><\/strong>\u00a0<br\/><strong>\u2022  <a href=\".\/CSR-MA\" target=\"_blank\" rel=\"noreferrer noopener\">Standort Headquarter Mannheim<\/a>\u00a0<\/strong><br\/><br\/><\/p><a href=\"..\/csr\/#hf\" class=\"button button--white-transparent\" target=\"_self\" rel=\"noopener noreferrer\">Zur\u00fcck zur Startseite<\/a><\/div><\/div><\/section>\n\n\n\n<section class=\"wp-block-lindy-image-text-module section section--full-width-image full-width-image--with-text theme--dark section--animation-none align--left  font--size-medium width--half\" style=\"background-image:url(https:\/\/lindy.com\/de\/wp-content\/uploads\/sites\/3\/2024\/10\/3.png)\"><img decoding=\"async\" class=\"full-width-image__image\" src=\"https:\/\/lindy.com\/de\/wp-content\/uploads\/sites\/3\/2024\/10\/3.png\"\/><div class=\"contained\"><div class=\"full-width-image__content\"><\/div><\/div><\/section>\n\n\n\n<section id=\"employees\" class=\"wp-block-lindy-anchor-section section section--anchor\"><\/section>\n\n\n\n<section class=\"wp-block-lindy-image-text-module section section--full-width-image full-width-image--with-text theme--light section--animation-none align--left  font--size-small width--half\" style=\"background-image:url(https:\/\/lindy.com\/de\/wp-content\/uploads\/sites\/3\/2025\/04\/Team-1.jpg)\"><img decoding=\"async\" class=\"full-width-image__image\" src=\"https:\/\/lindy.com\/de\/wp-content\/uploads\/sites\/3\/2025\/04\/Team-1.jpg\"\/><div class=\"contained\"><div class=\"full-width-image__content\"><\/div><\/div><\/section>\n\n\n\n<section class=\"wp-block-lindy-image-text-module section section--full-width-image full-width-image--with-text theme--light section--animation-none align--left  font--size-small width--half\" style=\"background-image:url()\"><img decoding=\"async\" class=\"full-width-image__image\" src=\"\"\/><div class=\"contained\"><div class=\"full-width-image__content\"><h2 class=\"section__heading\"><span>Lindy-<\/span><\/h2><h2 class=\"section__subheading section__subheading__title\">teAM<\/h2><p class=\"section__paragraph\"><br\/>Unser Ziel ist es, Menschen nicht nur kurzfristig f\u00fcr Lindy zu gewinnen, sondern sie langfristig f\u00fcr Lindy zu begeistern. Bei Lindy ist niemand eine Nummer, sondern immer Mensch mit allen Facetten und entscheidender Teil eines gro\u00dfen Ganzen.<br\/><br\/>Wir leben wertsch\u00e4tzende Feedback-Kultur und flache Hierarchien. Wir geben Raum, um Verantwortung zu \u00fcbernehmen und Fortschritt aktiv mitzugestalten. Wir investieren in ein attraktives Arbeitsumfeld, in dem jeder einzelne vollen Einsatz zeigen und sich seinen F\u00e4higkeiten und Interessen entsprechend weiter entwickeln kann. Umgekehrt w\u00fcnschen wir uns Mitarbeiter, die sich dem Unternehmen langfristig verbunden f\u00fchlen und den Anspruch an sich selbst haben, jeden Tag aktiv zum Unternehmenserfolg beizutragen.<br\/><br\/><br\/><strong>\u2022 \u00a0 <a href=\".\/CSR-Vielfalt\" target=\"_blank\" rel=\"noreferrer noopener\">Vielfalt und Chancengleichheit<\/a><br\/>\u2022 \u00a0 <a href=\"https:\/\/karriere.lindy.com\" target=\"_blank\" rel=\"noreferrer noopener\">Werde Teil des Lindy-Teams<\/a><\/strong><br\/><br\/><\/p><a href=\"..\/csr\/#hf\" class=\"button button--dark\" target=\"_self\" rel=\"noopener noreferrer\">Zur\u00fcck zur Startseite<\/a><\/div><\/div><\/section>\n\n\n\n<section id=\"society\" class=\"wp-block-lindy-anchor-section section section--anchor\"><\/section>\n\n\n\n<section class=\"wp-block-lindy-image-text-module section section--full-width-image full-width-image--with-text theme--dark section--animation-none align--left  font--size-small width--half\" style=\"background-image:url()\"><img decoding=\"async\" class=\"full-width-image__image\" src=\"\"\/><div class=\"contained\"><div class=\"full-width-image__content\"><h2 class=\"section__heading\"><span>Gesellschaftliches<\/span><\/h2><h2 class=\"section__subheading section__subheading__title\">Engagement<\/h2><p class=\"section__paragraph\"><br\/>Gesellschaftliches Engagement verstehen wir nicht nur als Teil unserer unternehmerischen Verantwortung, gesellschaftliches Engagement ist auch aktiv gelebte Tradition innerhalb der Unternehmerfamilie. Aus dieser Tradition heraus wurde 2011 die Lindy Stiftung gGmbH gegr\u00fcndet. Im Laufe der Jahre konnten wir durch die Lindy Stiftung weltweit vielf\u00e4ltige Projekte f\u00f6rdern und damit einen wertvollen gesellschaftlichen Beitrag leisten. Die Zwecke der Lindy Stiftung sind breit gef\u00e4chert und umfassen die F\u00f6rderung der Jugend- und Altenhilfe, die Unterst\u00fctzung hilfsbed\u00fcrftiger Personen, die F\u00f6rderung der Entwicklungshilfe, der Kultur, der Bildung und des Tierschutzes.\u00a0<br\/><br\/><strong>\u2022     <a href=\"https:\/\/lindy.com\/de\/CSR-Stiftung\/\" target=\"_blank\" rel=\"noreferrer noopener\">Die Lindy Stiftung<\/a>\u00a0<\/strong><\/p><a href=\"..\\CSR\/#hf\" class=\"button button--white-transparent\" target=\"_self\" rel=\"noopener noreferrer\">Zur\u00fcck zur Startseite<\/a><\/div><\/div><\/section>\n\n\n\n<section class=\"wp-block-lindy-image-text-module section section--full-width-image full-width-image--with-text theme--light section--animation-none align--left  font--size-small width--half\" style=\"background-image:url(https:\/\/lindy.com\/de\/wp-content\/uploads\/sites\/3\/2024\/10\/6.png)\"><img decoding=\"async\" class=\"full-width-image__image\" src=\"https:\/\/lindy.com\/de\/wp-content\/uploads\/sites\/3\/2024\/10\/6.png\"\/><div class=\"contained\"><div class=\"full-width-image__content\"><\/div><\/div><\/section>\n\n\n\n<p><\/p>\n","protected":false},"excerpt":{"rendered":"","protected":false},"author":21,"featured_media":0,"parent":0,"menu_order":0,"comment_status":"closed","ping_status":"closed","template":"page-templates\/template-landing.php","meta":{"_acf_changed":false,"footnotes":""},"class_list":["post-7655","page","type-page","status-publish","hentry"],"acf":[],"yoast_head":"<!-- This site is optimized with the Yoast SEO plugin v26.6 - https:\/\/yoast.com\/wordpress\/plugins\/seo\/ -->\n<title>Lindy - CSR - Handlungsfelder<\/title>\n<meta name=\"description\" content=\"Unternehmerische Verantwortung ist bei Lindy seit Anbeginn tief in den Werten und der Unternehmenskultur verwurzelt.\" \/>\n<meta name=\"robots\" content=\"index, follow, max-snippet:-1, max-image-preview:large, max-video-preview:-1\" \/>\n<link rel=\"canonical\" href=\"https:\/\/lindy.com\/de\/csr-hf\/\" \/>\n<meta property=\"og:locale\" content=\"de_DE\" \/>\n<meta property=\"og:type\" content=\"article\" \/>\n<meta property=\"og:title\" content=\"Lindy - CSR - Handlungsfelder\" \/>\n<meta property=\"og:description\" content=\"Unternehmerische Verantwortung ist bei Lindy seit Anbeginn tief in den Werten und der Unternehmenskultur verwurzelt.\" \/>\n<meta property=\"og:url\" content=\"https:\/\/lindy.com\/de\/csr-hf\/\" \/>\n<meta property=\"og:site_name\" content=\"Lindy - German\" \/>\n<meta property=\"article:modified_time\" content=\"2026-03-11T15:50:20+00:00\" \/>\n<meta property=\"og:image\" content=\"https:\/\/lindy.com\/de\/wp-content\/uploads\/sites\/3\/2026\/03\/Peter-Lindenberg_final_cut.jpg\" \/>\n<meta name=\"twitter:card\" content=\"summary_large_image\" \/>\n<meta name=\"twitter:label1\" content=\"Gesch\u00e4tzte Lesezeit\" \/>\n\t<meta name=\"twitter:data1\" content=\"7 Minuten\" \/>\n<script type=\"application\/ld+json\" class=\"yoast-schema-graph\">{\"@context\":\"https:\/\/schema.org\",\"@graph\":[{\"@type\":\"WebPage\",\"@id\":\"https:\/\/lindy.com\/de\/csr-hf\/\",\"url\":\"https:\/\/lindy.com\/de\/csr-hf\/\",\"name\":\"Lindy - CSR - Handlungsfelder\",\"isPartOf\":{\"@id\":\"https:\/\/lindy.com\/de\/#website\"},\"primaryImageOfPage\":{\"@id\":\"https:\/\/lindy.com\/de\/csr-hf\/#primaryimage\"},\"image\":{\"@id\":\"https:\/\/lindy.com\/de\/csr-hf\/#primaryimage\"},\"thumbnailUrl\":\"https:\/\/lindy.com\/de\/wp-content\/uploads\/sites\/3\/2026\/03\/Peter-Lindenberg_final_cut.jpg\",\"datePublished\":\"2024-07-25T15:03:32+00:00\",\"dateModified\":\"2026-03-11T15:50:20+00:00\",\"description\":\"Unternehmerische Verantwortung ist bei Lindy seit Anbeginn tief in den Werten und der Unternehmenskultur verwurzelt.\",\"breadcrumb\":{\"@id\":\"https:\/\/lindy.com\/de\/csr-hf\/#breadcrumb\"},\"inLanguage\":\"de-DE\",\"potentialAction\":[{\"@type\":\"ReadAction\",\"target\":[\"https:\/\/lindy.com\/de\/csr-hf\/\"]}]},{\"@type\":\"ImageObject\",\"inLanguage\":\"de-DE\",\"@id\":\"https:\/\/lindy.com\/de\/csr-hf\/#primaryimage\",\"url\":\"https:\/\/lindy.com\/de\/wp-content\/uploads\/sites\/3\/2026\/03\/Peter-Lindenberg_final_cut.jpg\",\"contentUrl\":\"https:\/\/lindy.com\/de\/wp-content\/uploads\/sites\/3\/2026\/03\/Peter-Lindenberg_final_cut.jpg\",\"width\":1000,\"height\":1000},{\"@type\":\"BreadcrumbList\",\"@id\":\"https:\/\/lindy.com\/de\/csr-hf\/#breadcrumb\",\"itemListElement\":[{\"@type\":\"ListItem\",\"position\":1,\"name\":\"Home\",\"item\":\"https:\/\/lindy.com\/de\/\"},{\"@type\":\"ListItem\",\"position\":2,\"name\":\"CSR-HF\"}]},{\"@type\":\"WebSite\",\"@id\":\"https:\/\/lindy.com\/de\/#website\",\"url\":\"https:\/\/lindy.com\/de\/\",\"name\":\"Lindy - German\",\"description\":\"Connection Perfection\",\"potentialAction\":[{\"@type\":\"SearchAction\",\"target\":{\"@type\":\"EntryPoint\",\"urlTemplate\":\"https:\/\/lindy.com\/de\/?s={search_term_string}\"},\"query-input\":{\"@type\":\"PropertyValueSpecification\",\"valueRequired\":true,\"valueName\":\"search_term_string\"}}],\"inLanguage\":\"de-DE\"}]}<\/script>\n<!-- \/ Yoast SEO plugin. -->","yoast_head_json":{"title":"Lindy - CSR - Handlungsfelder","description":"Unternehmerische Verantwortung ist bei Lindy seit Anbeginn tief in den Werten und der Unternehmenskultur verwurzelt.","robots":{"index":"index","follow":"follow","max-snippet":"max-snippet:-1","max-image-preview":"max-image-preview:large","max-video-preview":"max-video-preview:-1"},"canonical":"https:\/\/lindy.com\/de\/csr-hf\/","og_locale":"de_DE","og_type":"article","og_title":"Lindy - CSR - Handlungsfelder","og_description":"Unternehmerische Verantwortung ist bei Lindy seit Anbeginn tief in den Werten und der Unternehmenskultur verwurzelt.","og_url":"https:\/\/lindy.com\/de\/csr-hf\/","og_site_name":"Lindy - German","article_modified_time":"2026-03-11T15:50:20+00:00","og_image":[{"url":"https:\/\/lindy.com\/de\/wp-content\/uploads\/sites\/3\/2026\/03\/Peter-Lindenberg_final_cut.jpg","type":"","width":"","height":""}],"twitter_card":"summary_large_image","twitter_misc":{"Gesch\u00e4tzte Lesezeit":"7 Minuten"},"schema":{"@context":"https:\/\/schema.org","@graph":[{"@type":"WebPage","@id":"https:\/\/lindy.com\/de\/csr-hf\/","url":"https:\/\/lindy.com\/de\/csr-hf\/","name":"Lindy - CSR - Handlungsfelder","isPartOf":{"@id":"https:\/\/lindy.com\/de\/#website"},"primaryImageOfPage":{"@id":"https:\/\/lindy.com\/de\/csr-hf\/#primaryimage"},"image":{"@id":"https:\/\/lindy.com\/de\/csr-hf\/#primaryimage"},"thumbnailUrl":"https:\/\/lindy.com\/de\/wp-content\/uploads\/sites\/3\/2026\/03\/Peter-Lindenberg_final_cut.jpg","datePublished":"2024-07-25T15:03:32+00:00","dateModified":"2026-03-11T15:50:20+00:00","description":"Unternehmerische Verantwortung ist bei Lindy seit Anbeginn tief in den Werten und der Unternehmenskultur verwurzelt.","breadcrumb":{"@id":"https:\/\/lindy.com\/de\/csr-hf\/#breadcrumb"},"inLanguage":"de-DE","potentialAction":[{"@type":"ReadAction","target":["https:\/\/lindy.com\/de\/csr-hf\/"]}]},{"@type":"ImageObject","inLanguage":"de-DE","@id":"https:\/\/lindy.com\/de\/csr-hf\/#primaryimage","url":"https:\/\/lindy.com\/de\/wp-content\/uploads\/sites\/3\/2026\/03\/Peter-Lindenberg_final_cut.jpg","contentUrl":"https:\/\/lindy.com\/de\/wp-content\/uploads\/sites\/3\/2026\/03\/Peter-Lindenberg_final_cut.jpg","width":1000,"height":1000},{"@type":"BreadcrumbList","@id":"https:\/\/lindy.com\/de\/csr-hf\/#breadcrumb","itemListElement":[{"@type":"ListItem","position":1,"name":"Home","item":"https:\/\/lindy.com\/de\/"},{"@type":"ListItem","position":2,"name":"CSR-HF"}]},{"@type":"WebSite","@id":"https:\/\/lindy.com\/de\/#website","url":"https:\/\/lindy.com\/de\/","name":"Lindy - German","description":"Connection Perfection","potentialAction":[{"@type":"SearchAction","target":{"@type":"EntryPoint","urlTemplate":"https:\/\/lindy.com\/de\/?s={search_term_string}"},"query-input":{"@type":"PropertyValueSpecification","valueRequired":true,"valueName":"search_term_string"}}],"inLanguage":"de-DE"}]}},"_links":{"self":[{"href":"https:\/\/lindy.com\/de\/wp-json\/wp\/v2\/pages\/7655","targetHints":{"allow":["GET"]}}],"collection":[{"href":"https:\/\/lindy.com\/de\/wp-json\/wp\/v2\/pages"}],"about":[{"href":"https:\/\/lindy.com\/de\/wp-json\/wp\/v2\/types\/page"}],"author":[{"embeddable":true,"href":"https:\/\/lindy.com\/de\/wp-json\/wp\/v2\/users\/21"}],"replies":[{"embeddable":true,"href":"https:\/\/lindy.com\/de\/wp-json\/wp\/v2\/comments?post=7655"}],"version-history":[{"count":113,"href":"https:\/\/lindy.com\/de\/wp-json\/wp\/v2\/pages\/7655\/revisions"}],"predecessor-version":[{"id":19652,"href":"https:\/\/lindy.com\/de\/wp-json\/wp\/v2\/pages\/7655\/revisions\/19652"}],"wp:attachment":[{"href":"https:\/\/lindy.com\/de\/wp-json\/wp\/v2\/media?parent=7655"}],"curies":[{"name":"wp","href":"https:\/\/api.w.org\/{rel}","templated":true}]}}