{"id":7701,"date":"2024-07-30T11:14:13","date_gmt":"2024-07-30T11:14:13","guid":{"rendered":"https:\/\/lindy.com\/de\/?page_id=7701"},"modified":"2025-09-23T11:31:11","modified_gmt":"2025-09-23T11:31:11","slug":"deutsches-management-team","status":"publish","type":"page","link":"https:\/\/lindy.com\/de\/deutsches-management-team\/","title":{"rendered":"Deutsches Management Team"},"content":{"rendered":"\n<section class=\"wp-block-lindy-image-text-module section section--full-width-image full-width-image--with-text theme--dark section--animation-none align--center  font--size-medium\" style=\"background-image:url()\"><img decoding=\"async\" class=\"full-width-image__image\" src=\"\"\/><div class=\"contained\"><div class=\"full-width-image__content\"><h2 class=\"section__heading\"><span>Ein Familienunternehmen<\/span><\/h2><h2 class=\"section__subheading section__subheading__title\">das die Zukunft gestaltet<\/h2><p class=\"section__paragraph\"><br\/>Gegr\u00fcndet 1932 von Kurt Lindenberg ist die\u00a0Lindy Elektronik GmbH\u00a0heute ein familiengef\u00fchrtes Unternehmen. Unter der F\u00fchrung von\u00a0Peter Lindenberg\u00a0hat sich Lindy als weltweit t\u00e4tiger Anbieter von\u00a0Verbindungsl\u00f6sungen\u00a0positioniert. Mit starkem Fokus auf Innovation, Nachhaltigkeit und Qualit\u00e4t betreut Lindy Kunden in \u00fcber 100 L\u00e4ndern. Das Unternehmen setzt auf nachhaltige und verl\u00e4ssliche Technologie, um seiner globalen Kundenbasis auch k\u00fcnftig Produkte der neuesten Generation anbieten zu k\u00f6nnen.<\/p><\/div><\/div><\/section>\n\n\n\n<section class=\"wp-block-lindy-paragraph-and-images full-width-image--with-text section section--paragraph-image  theme--light font--camber font--size-small\"><div class=\"grid-noBottom-middle\"><div class=\"col-6_sm-12 full-width-image__content section section--animation-none align--right \"><div class=\"content--animate\"><div class=\"contained\"><h2 class=\"section__heading\"><span>peter LINDENBERG<\/span><\/h2><p class=\"section__paragraph\"><br\/>Als praktizierender Arzt schafft es Peter Lindenberg, seine medizinische Berufung mit der T\u00e4tigkeit des Gesch\u00e4ftsf\u00fchrers von Lindy in Einklang zu bringen und baute zun\u00e4chst den Standort in Italien auf. Er geh\u00f6rt bereits seit 1986 zum Unternehmen und f\u00fchrte es gemeinsam mit Vater Klaus und seinem Bruder J\u00fcrgen Lindenberg in die Zukunft. Seit einigen Jahren hat er die Gesch\u00e4ftsf\u00fchrerrolle in Deutschland ganz \u00fcbernommen und k\u00fcmmert sich neben allen globalen, strategischen und internationalen Themen zus\u00e4tzlich am Standort Mannheim um die F\u00fchrung der Fachabteilungen IT.<\/p><\/div><\/div><\/div><div class=\"col-6_sm-12 full-width-image--with-text align--right\" style=\"background-image:url(https:\/\/lindy.com\/de\/wp-content\/uploads\/sites\/3\/2024\/10\/Peter-Lindenberg.png)\"><img decoding=\"async\" src=\"https:\/\/lindy.com\/de\/wp-content\/uploads\/sites\/3\/2024\/10\/Peter-Lindenberg.png\"\/><\/div><\/div><\/section>\n\n\n\n<section class=\"wp-block-lindy-paragraph-and-images full-width-image--with-text section section--paragraph-image  theme--light font--camber font--size-small\"><div class=\"grid-noBottom-middle-reverse\"><div class=\"col-6_sm-12 full-width-image__content section section--animation-none align--left \"><div class=\"content--animate\"><div class=\"contained\"><h2 class=\"section__heading\"><span><strong>Sebastian bach<\/strong>\u00a0<\/span><\/h2><p class=\"section__paragraph\"><br\/>Als Chief Operating Officer\u00a0\u00fcbernimmt Sebastian Bach seit August 2025 die Leitung der lokalen, operativen Gesch\u00e4ftsbereiche und tr\u00e4gt damit die Verantwortung f\u00fcr die bereichs\u00fcbergreifende und kundenorientierte Zusammenarbeit innerhalb des Unternehmens.\u00a0Sein Arbeitsfeld umfasst die\u00a0Umsetzung der Unternehmensstrategie durch effizientes Management der betrieblichen Abl\u00e4ufe und Ressourcen. Er verantwortet zus\u00e4tzlich zu den operativ-lokalen Bereichen Sales, Logistik und Produktmanagement auch die globale Prozess- und Projekt-Koordination.<\/p><\/div><\/div><\/div><div class=\"col-6_sm-12 full-width-image--with-text align--left\" style=\"background-image:url(https:\/\/lindy.com\/de\/wp-content\/uploads\/sites\/3\/2024\/07\/Sebastian_Bach.png)\"><img decoding=\"async\" src=\"https:\/\/lindy.com\/de\/wp-content\/uploads\/sites\/3\/2024\/07\/Sebastian_Bach.png\"\/><\/div><\/div><\/section>\n","protected":false},"excerpt":{"rendered":"","protected":false},"author":11,"featured_media":0,"parent":0,"menu_order":0,"comment_status":"closed","ping_status":"closed","template":"page-templates\/template-landing.php","meta":{"_acf_changed":false,"footnotes":""},"class_list":["post-7701","page","type-page","status-publish","hentry"],"acf":[],"yoast_head":"<!-- This site is optimized with the Yoast SEO plugin v26.6 - https:\/\/yoast.com\/wordpress\/plugins\/seo\/ -->\n<title>Deutsches Management Team - Lindy - German<\/title>\n<meta name=\"robots\" content=\"index, follow, max-snippet:-1, max-image-preview:large, max-video-preview:-1\" \/>\n<link rel=\"canonical\" href=\"https:\/\/lindy.com\/de\/deutsches-management-team\/\" \/>\n<meta property=\"og:locale\" content=\"de_DE\" \/>\n<meta property=\"og:type\" content=\"article\" \/>\n<meta property=\"og:title\" content=\"Deutsches Management Team - Lindy - German\" \/>\n<meta property=\"og:url\" content=\"https:\/\/lindy.com\/de\/deutsches-management-team\/\" \/>\n<meta property=\"og:site_name\" content=\"Lindy - German\" \/>\n<meta property=\"article:modified_time\" content=\"2025-09-23T11:31:11+00:00\" \/>\n<meta property=\"og:image\" content=\"https:\/\/lindy.com\/de\/wp-content\/uploads\/sites\/3\/2024\/10\/Peter-Lindenberg.png\" \/>\n<meta name=\"twitter:card\" content=\"summary_large_image\" \/>\n<meta name=\"twitter:label1\" content=\"Gesch\u00e4tzte Lesezeit\" \/>\n\t<meta name=\"twitter:data1\" content=\"2 Minuten\" \/>\n<script type=\"application\/ld+json\" class=\"yoast-schema-graph\">{\"@context\":\"https:\/\/schema.org\",\"@graph\":[{\"@type\":\"WebPage\",\"@id\":\"https:\/\/lindy.com\/de\/deutsches-management-team\/\",\"url\":\"https:\/\/lindy.com\/de\/deutsches-management-team\/\",\"name\":\"Deutsches Management Team - Lindy - German\",\"isPartOf\":{\"@id\":\"https:\/\/lindy.com\/de\/#website\"},\"primaryImageOfPage\":{\"@id\":\"https:\/\/lindy.com\/de\/deutsches-management-team\/#primaryimage\"},\"image\":{\"@id\":\"https:\/\/lindy.com\/de\/deutsches-management-team\/#primaryimage\"},\"thumbnailUrl\":\"https:\/\/lindy.com\/de\/wp-content\/uploads\/sites\/3\/2024\/10\/Peter-Lindenberg.png\",\"datePublished\":\"2024-07-30T11:14:13+00:00\",\"dateModified\":\"2025-09-23T11:31:11+00:00\",\"breadcrumb\":{\"@id\":\"https:\/\/lindy.com\/de\/deutsches-management-team\/#breadcrumb\"},\"inLanguage\":\"de-DE\",\"potentialAction\":[{\"@type\":\"ReadAction\",\"target\":[\"https:\/\/lindy.com\/de\/deutsches-management-team\/\"]}]},{\"@type\":\"ImageObject\",\"inLanguage\":\"de-DE\",\"@id\":\"https:\/\/lindy.com\/de\/deutsches-management-team\/#primaryimage\",\"url\":\"https:\/\/lindy.com\/de\/wp-content\/uploads\/sites\/3\/2024\/10\/Peter-Lindenberg.png\",\"contentUrl\":\"https:\/\/lindy.com\/de\/wp-content\/uploads\/sites\/3\/2024\/10\/Peter-Lindenberg.png\",\"width\":950,\"height\":550},{\"@type\":\"BreadcrumbList\",\"@id\":\"https:\/\/lindy.com\/de\/deutsches-management-team\/#breadcrumb\",\"itemListElement\":[{\"@type\":\"ListItem\",\"position\":1,\"name\":\"Home\",\"item\":\"https:\/\/lindy.com\/de\/\"},{\"@type\":\"ListItem\",\"position\":2,\"name\":\"Deutsches Management Team\"}]},{\"@type\":\"WebSite\",\"@id\":\"https:\/\/lindy.com\/de\/#website\",\"url\":\"https:\/\/lindy.com\/de\/\",\"name\":\"Lindy - German\",\"description\":\"Connection Perfection\",\"potentialAction\":[{\"@type\":\"SearchAction\",\"target\":{\"@type\":\"EntryPoint\",\"urlTemplate\":\"https:\/\/lindy.com\/de\/?s={search_term_string}\"},\"query-input\":{\"@type\":\"PropertyValueSpecification\",\"valueRequired\":true,\"valueName\":\"search_term_string\"}}],\"inLanguage\":\"de-DE\"}]}<\/script>\n<!-- \/ Yoast SEO plugin. -->","yoast_head_json":{"title":"Deutsches Management Team - Lindy - German","robots":{"index":"index","follow":"follow","max-snippet":"max-snippet:-1","max-image-preview":"max-image-preview:large","max-video-preview":"max-video-preview:-1"},"canonical":"https:\/\/lindy.com\/de\/deutsches-management-team\/","og_locale":"de_DE","og_type":"article","og_title":"Deutsches Management Team - Lindy - German","og_url":"https:\/\/lindy.com\/de\/deutsches-management-team\/","og_site_name":"Lindy - German","article_modified_time":"2025-09-23T11:31:11+00:00","og_image":[{"url":"https:\/\/lindy.com\/de\/wp-content\/uploads\/sites\/3\/2024\/10\/Peter-Lindenberg.png","type":"","width":"","height":""}],"twitter_card":"summary_large_image","twitter_misc":{"Gesch\u00e4tzte Lesezeit":"2 Minuten"},"schema":{"@context":"https:\/\/schema.org","@graph":[{"@type":"WebPage","@id":"https:\/\/lindy.com\/de\/deutsches-management-team\/","url":"https:\/\/lindy.com\/de\/deutsches-management-team\/","name":"Deutsches Management Team - Lindy - German","isPartOf":{"@id":"https:\/\/lindy.com\/de\/#website"},"primaryImageOfPage":{"@id":"https:\/\/lindy.com\/de\/deutsches-management-team\/#primaryimage"},"image":{"@id":"https:\/\/lindy.com\/de\/deutsches-management-team\/#primaryimage"},"thumbnailUrl":"https:\/\/lindy.com\/de\/wp-content\/uploads\/sites\/3\/2024\/10\/Peter-Lindenberg.png","datePublished":"2024-07-30T11:14:13+00:00","dateModified":"2025-09-23T11:31:11+00:00","breadcrumb":{"@id":"https:\/\/lindy.com\/de\/deutsches-management-team\/#breadcrumb"},"inLanguage":"de-DE","potentialAction":[{"@type":"ReadAction","target":["https:\/\/lindy.com\/de\/deutsches-management-team\/"]}]},{"@type":"ImageObject","inLanguage":"de-DE","@id":"https:\/\/lindy.com\/de\/deutsches-management-team\/#primaryimage","url":"https:\/\/lindy.com\/de\/wp-content\/uploads\/sites\/3\/2024\/10\/Peter-Lindenberg.png","contentUrl":"https:\/\/lindy.com\/de\/wp-content\/uploads\/sites\/3\/2024\/10\/Peter-Lindenberg.png","width":950,"height":550},{"@type":"BreadcrumbList","@id":"https:\/\/lindy.com\/de\/deutsches-management-team\/#breadcrumb","itemListElement":[{"@type":"ListItem","position":1,"name":"Home","item":"https:\/\/lindy.com\/de\/"},{"@type":"ListItem","position":2,"name":"Deutsches Management Team"}]},{"@type":"WebSite","@id":"https:\/\/lindy.com\/de\/#website","url":"https:\/\/lindy.com\/de\/","name":"Lindy - German","description":"Connection Perfection","potentialAction":[{"@type":"SearchAction","target":{"@type":"EntryPoint","urlTemplate":"https:\/\/lindy.com\/de\/?s={search_term_string}"},"query-input":{"@type":"PropertyValueSpecification","valueRequired":true,"valueName":"search_term_string"}}],"inLanguage":"de-DE"}]}},"_links":{"self":[{"href":"https:\/\/lindy.com\/de\/wp-json\/wp\/v2\/pages\/7701","targetHints":{"allow":["GET"]}}],"collection":[{"href":"https:\/\/lindy.com\/de\/wp-json\/wp\/v2\/pages"}],"about":[{"href":"https:\/\/lindy.com\/de\/wp-json\/wp\/v2\/types\/page"}],"author":[{"embeddable":true,"href":"https:\/\/lindy.com\/de\/wp-json\/wp\/v2\/users\/11"}],"replies":[{"embeddable":true,"href":"https:\/\/lindy.com\/de\/wp-json\/wp\/v2\/comments?post=7701"}],"version-history":[{"count":51,"href":"https:\/\/lindy.com\/de\/wp-json\/wp\/v2\/pages\/7701\/revisions"}],"predecessor-version":[{"id":17219,"href":"https:\/\/lindy.com\/de\/wp-json\/wp\/v2\/pages\/7701\/revisions\/17219"}],"wp:attachment":[{"href":"https:\/\/lindy.com\/de\/wp-json\/wp\/v2\/media?parent=7701"}],"curies":[{"name":"wp","href":"https:\/\/api.w.org\/{rel}","templated":true}]}}