{"id":80,"date":"2018-10-26T12:06:19","date_gmt":"2018-10-26T12:06:19","guid":{"rendered":"https:\/\/lindy.com\/de\/?page_id=80"},"modified":"2019-11-04T16:03:50","modified_gmt":"2019-11-04T16:03:50","slug":"bildung","status":"publish","type":"page","link":"https:\/\/lindy.com\/de\/bildung\/","title":{"rendered":"L\u00f6sungen f\u00fcr Bildungsbereich"},"content":{"rendered":"\n<section class=\"wp-block-lindy-parallax-hero section parallax-hero theme--light align--center  font--size-large\" style=\"background-image:url(https:\/\/lindy.com\/de\/wp-content\/uploads\/sites\/3\/2018\/12\/Amended_Education_2.jpg)\"><div class=\"contained contained--full-width\"><div class=\"parallax-hero__content\"><div class=\"parallax-hero__content-wrapper align--center\"><h2 class=\"section__heading\"><span><br\/>Anwendungen\u00a0<br\/><\/span><\/h2><h2 class=\"section__subheading section__subheading__title\">F\u00dcR Bildung &amp;<br\/> Training<\/h2><p class=\"section__paragraph\"><br\/><br\/>\u25bc<\/p><\/div><\/div><\/div><\/section>\n\n\n\n<section class=\"wp-block-lindy-parallax-hero section parallax-hero theme--light align--center  font--size-medium\" style=\"background-image:url(https:\/\/lindy.com\/de\/wp-content\/uploads\/sites\/3\/2018\/12\/Amended_Education_1.jpg)\"><div class=\"contained contained--full-width\"><div class=\"parallax-hero__content\"><div class=\"parallax-hero__content-wrapper align--center\"><h2 class=\"section__heading\"><span><br\/><br\/><br\/><br\/><br\/><\/span><\/h2><h2 class=\"section__subheading section__subheading__title\"><br\/><br\/><br\/><br\/><\/h2><\/div><\/div><\/div><\/section>\n\n\n\n<section class=\"wp-block-lindy-parallax-hero section parallax-hero theme--light align--center font--camber font--size-medium\" style=\"background-image:url(https:\/\/lindy.com\/de\/wp-content\/uploads\/sites\/3\/2018\/12\/Amended_Education_2.jpg)\"><div class=\"contained contained--full-width\"><div class=\"parallax-hero__content\"><div class=\"parallax-hero__content-wrapper align--center\"><h2 class=\"section__heading\"><span>BILDUNG &amp; INFORMATION<\/span><\/h2><p class=\"section__paragraph\"><br\/>Schulungsr\u00e4ume und Bildungseinrichtungen erfordern oft die neueste Technologie, um Inhalte ansprechend und beeindruckend darzustellen und mit ihnen zu interagieren. Die neueste Collaboration-Technologie von Lindy erm\u00f6glicht es Ihnen, modernste Trainingsr\u00e4ume und Bildungseinrichtungen so auszustatten, dass Inhalte ansprechend pr\u00e4sentiert werden k\u00f6nnen. <br\/><\/p><\/div><\/div><\/div><\/section>\n\n\n\n<section class=\"wp-block-lindy-heading-text section section--heading-text theme--light align--center  font--size-large section--animation-none\"><div class=\"contained\"><h2 class=\"section__heading\"><span><br\/>4K-JONGLEUR<br\/><\/span><\/h2><h2 class=\"section__subheading section__subheading__title\">18G MULTI AV PRESENTATION SWITCH<\/h2><\/div><\/section>\n\n\n\n<section class=\"wp-block-lindy-image-text-module section section--full-width-image full-width-image--with-text theme--light section--animation-none align--left font--camber font--size-small width--half\" style=\"background-image:url(https:\/\/lindy.com\/en\/wp-content\/uploads\/sites\/2\/2018\/10\/38156_AP.jpg)\"><img decoding=\"async\" class=\"full-width-image__image\" src=\"https:\/\/lindy.com\/en\/wp-content\/uploads\/sites\/2\/2018\/10\/38156_AP.jpg\"\/><div class=\"contained\"><div class=\"full-width-image__content\"><\/div><\/div><\/section>\n\n\n\n<section class=\"wp-block-lindy-image-text-module section section--full-width-image full-width-image--with-text theme--light section--animation-right align--left font--camber font--size-small width--half\" style=\"background-image:url()\"><img decoding=\"async\" class=\"full-width-image__image\" src=\"\"\/><div class=\"contained\"><div class=\"full-width-image__content\"><p class=\"section__paragraph\">Der Multi AV Presentation Switch setzt neue Ma\u00dfst\u00e4be bei der Pr\u00e4sentation von 4K-Inhalten. Sechs verschiedene Eingangssignale (4x HDMI 2.0, 1x DP 1.2, 1x VGA) k\u00f6nnen wahlweise einzeln im Full Screen Mode oder in frei w\u00e4hlbarer Zusammenstellung im 4er-Set in den unterschiedlichsten Layouts gemeinsam auf den Bildschirm skaliert werden. 6 voreingestellte und 6 frei definierbare Layouts stehen auf Knopfdruck am Frontpanel oder per IR-Fernbedienung schnell abrufbar zur Verf\u00fcgung, ebenso wie zus\u00e4tzliche spezielle Funktionen, z.B. Rotation um 90\u00b0 oder 180\u00b0 der Inhalte. Die ideale Voraussetzung, um \u2013 etwa im Konferenz- oder Schulungsraum \u2013 in kreativer Weise mit den Inhalten aus unterschiedlichen Quellen zu arbeiten. <\/p><a href=\"https:\/\/lindy.com\/de\/technologie\/multi-av-prozessor-switch\" class=\"button button--dark\" target=\"_self\" rel=\"noopener noreferrer\">MEHR ENTDECKEN<\/a><\/div><\/div><\/section>\n\n\n\n<section class=\"wp-block-lindy-paragraph-one-col section section--horizontal-content section--horizontal-content--one-column font--size-small theme--light align--center font--camber section--animation-none\"><div class=\"contained\"><h2 class=\"section__heading\"><span>ZUSAMMENARBEIT<\/span><\/h2><h2 class=\"section__subheading section__subheading__title\">SECHS QUELLEN \u2013 VIER INHALTE \u2013 EIN DISPLAY<\/h2><p class=\"section__paragraph\"><br\/>Audiovisuell hochkreativ aufbereitete Inhalte sind eines der Schl\u00fcsselmomente multimedialer Pr\u00e4sentationen \u2013 speziell in Konferenz- und Trainingsr\u00e4umen im Bereich der Wissensvermittlung. Was aus unterschiedlichen Blickwinkeln beleuchtet, differenziert und unter verschiedensten Aspekten und Gesichtspunkten dargestellt und variabel \u00fcber mehrere sensitive Kan\u00e4le aufgenommen werden kann, f\u00fchrt bekanntlich zu einer intensiveren kognitiven Verarbeitung und bleibt so besser im Ged\u00e4chtnis haften. Detailreiche und hochaufl\u00f6sende Inhalte mit Bildaufl\u00f6sungen bis 3840&#215;2160 bei 60Hz leisten hier tatkr\u00e4ftige Unterst\u00fctzung. Unterschiedliche Video-Layouts, denen im schnellen Zugriff live w\u00e4hrend der Pr\u00e4sentation die gew\u00fcnschten Inhalte der einzelnen Quellen zugewiesen werden k\u00f6nnen, sorgen f\u00fcr Verst\u00e4ndlichkeit und Transparenz. <br\/><\/p><\/div><\/section>\n\n\n\n<section class=\"wp-block-lindy-paragraph-and-images full-width-image--with-text section section--paragraph-image  theme--light font--camber font--size-small\"><div class=\"grid-noBottom-middle-reverse\"><div class=\"col-6_sm-12 full-width-image__content section section--animation-none align--left \"><div class=\"content--animate\"><div class=\"contained\"><h2 class=\"section__heading\"><span>Kreative Steuerung<\/span><\/h2><p class=\"section__paragraph\"><br\/>Damit w\u00e4hrend der Live Performance die AV-Inhalte und Layouts im Schnellzugriff verf\u00fcgbar sind, lassen sich die wichtigsten Schaltfunktionen via Remote Control der Situation angepasst per Knopfdruck abrufen. <br\/><\/p><\/div><\/div><\/div><div class=\"col-6_sm-12 full-width-image--with-text align--left\" style=\"background-image:url(https:\/\/lindy.com\/en\/wp-content\/uploads\/sites\/2\/2018\/10\/38156_Remote_AP.jpg)\"><img decoding=\"async\" src=\"https:\/\/lindy.com\/en\/wp-content\/uploads\/sites\/2\/2018\/10\/38156_Remote_AP.jpg\"\/><\/div><\/div><\/section>\n\n\n\n<section class=\"wp-block-lindy-paragraph-one-col section section--horizontal-content section--horizontal-content--one-column font--size-small theme--light align--center font--camber section--animation-none\"><div class=\"contained\"><h2 class=\"section__heading\"><span>Audio-Routing <\/span><\/h2><p class=\"section__paragraph\"><br\/>Das Audiosignal f\u00fcr den analogen VGA-Eingangskanal wird separat \u00fcber eine 3,5mm Stereo-Audio-Buchse eingespeist und beim Wandeln in eines der digitalen AV-Formate in den Datenstrom integriert, damit es den Displays zugef\u00fchrt und von dort aus weiterverwendet werden kann. Alternativ kann es auch per Terminal-Block direkt am Switch ausgekoppelt und einem externen Sound System zugef\u00fchrt werden. Bei Darstellung mehrerer Video-Inhalte auf den Displays kann zudem festgelegt werden, aus welchem Inhalt die Audiodaten kommen sollen.<br\/><\/p><\/div><\/section>\n\n\n\n<section class=\"wp-block-lindy-zoom-image section section--zoom-image zoom-image align--center theme--light\"><div class=\"contained\"><div class=\"zoom-image-wrapper\"><img decoding=\"async\" class=\"zoomable\" src=\"https:\/\/lindy.com\/de\/wp-content\/uploads\/sites\/3\/2019\/05\/38156-1170x937.jpg\" data-zoom-img=\"https:\/\/lindy.com\/de\/wp-content\/uploads\/sites\/3\/2019\/05\/38156.jpg\"\/><\/div><span class=\"zoom-image__description\">Click to zoom<\/span><\/div><\/section>\n","protected":false},"excerpt":{"rendered":"","protected":false},"author":15,"featured_media":0,"parent":0,"menu_order":0,"comment_status":"closed","ping_status":"closed","template":"page-templates\/template-landing.php","meta":{"_acf_changed":false,"footnotes":""},"class_list":["post-80","page","type-page","status-publish","hentry"],"acf":[],"yoast_head":"<!-- This site is optimized with the Yoast SEO plugin v26.6 - https:\/\/yoast.com\/wordpress\/plugins\/seo\/ -->\n<title>Anwendungen f\u00fcr Bildung &amp; Trainings - Lindy Elektronik<\/title>\n<meta name=\"description\" content=\"Die neueste Collaboration-Technologie von Lindy erm\u00f6glicht es Ihnen, modernste Trainingsr\u00e4ume &amp; Bildungseinrichtungen so auszustatten, dass Inhalte ansprechend pr\u00e4sentiert werden k\u00f6nnen.\" \/>\n<meta name=\"robots\" content=\"index, follow, max-snippet:-1, max-image-preview:large, max-video-preview:-1\" \/>\n<link rel=\"canonical\" href=\"https:\/\/lindy.com\/de\/bildung\/\" \/>\n<meta property=\"og:locale\" content=\"de_DE\" \/>\n<meta property=\"og:type\" content=\"article\" \/>\n<meta property=\"og:title\" content=\"Anwendungen f\u00fcr Bildung &amp; Trainings - Lindy Elektronik\" \/>\n<meta property=\"og:description\" content=\"Die neueste Collaboration-Technologie von Lindy erm\u00f6glicht es Ihnen, modernste Trainingsr\u00e4ume &amp; Bildungseinrichtungen so auszustatten, dass Inhalte ansprechend pr\u00e4sentiert werden k\u00f6nnen.\" \/>\n<meta property=\"og:url\" content=\"https:\/\/lindy.com\/de\/bildung\/\" \/>\n<meta property=\"og:site_name\" content=\"Lindy - German\" \/>\n<meta property=\"article:modified_time\" content=\"2019-11-04T16:03:50+00:00\" \/>\n<meta property=\"og:image\" content=\"https:\/\/lindy.com\/en\/wp-content\/uploads\/sites\/2\/2018\/10\/38156_AP.jpg\" \/>\n<meta name=\"twitter:card\" content=\"summary_large_image\" \/>\n<meta name=\"twitter:label1\" content=\"Gesch\u00e4tzte Lesezeit\" \/>\n\t<meta name=\"twitter:data1\" content=\"2 Minuten\" \/>\n<script type=\"application\/ld+json\" class=\"yoast-schema-graph\">{\"@context\":\"https:\/\/schema.org\",\"@graph\":[{\"@type\":\"WebPage\",\"@id\":\"https:\/\/lindy.com\/de\/bildung\/\",\"url\":\"https:\/\/lindy.com\/de\/bildung\/\",\"name\":\"Anwendungen f\u00fcr Bildung & Trainings - Lindy Elektronik\",\"isPartOf\":{\"@id\":\"https:\/\/lindy.com\/de\/#website\"},\"primaryImageOfPage\":{\"@id\":\"https:\/\/lindy.com\/de\/bildung\/#primaryimage\"},\"image\":{\"@id\":\"https:\/\/lindy.com\/de\/bildung\/#primaryimage\"},\"thumbnailUrl\":\"https:\/\/lindy.com\/en\/wp-content\/uploads\/sites\/2\/2018\/10\/38156_AP.jpg\",\"datePublished\":\"2018-10-26T12:06:19+00:00\",\"dateModified\":\"2019-11-04T16:03:50+00:00\",\"description\":\"Die neueste Collaboration-Technologie von Lindy erm\u00f6glicht es Ihnen, modernste Trainingsr\u00e4ume & Bildungseinrichtungen so auszustatten, dass Inhalte ansprechend pr\u00e4sentiert werden k\u00f6nnen.\",\"breadcrumb\":{\"@id\":\"https:\/\/lindy.com\/de\/bildung\/#breadcrumb\"},\"inLanguage\":\"de-DE\",\"potentialAction\":[{\"@type\":\"ReadAction\",\"target\":[\"https:\/\/lindy.com\/de\/bildung\/\"]}]},{\"@type\":\"ImageObject\",\"inLanguage\":\"de-DE\",\"@id\":\"https:\/\/lindy.com\/de\/bildung\/#primaryimage\",\"url\":\"https:\/\/lindy.com\/en\/wp-content\/uploads\/sites\/2\/2018\/10\/38156_AP.jpg\",\"contentUrl\":\"https:\/\/lindy.com\/en\/wp-content\/uploads\/sites\/2\/2018\/10\/38156_AP.jpg\"},{\"@type\":\"BreadcrumbList\",\"@id\":\"https:\/\/lindy.com\/de\/bildung\/#breadcrumb\",\"itemListElement\":[{\"@type\":\"ListItem\",\"position\":1,\"name\":\"Home\",\"item\":\"https:\/\/lindy.com\/de\/\"},{\"@type\":\"ListItem\",\"position\":2,\"name\":\"L\u00f6sungen f\u00fcr Bildungsbereich\"}]},{\"@type\":\"WebSite\",\"@id\":\"https:\/\/lindy.com\/de\/#website\",\"url\":\"https:\/\/lindy.com\/de\/\",\"name\":\"Lindy - German\",\"description\":\"Connection Perfection\",\"potentialAction\":[{\"@type\":\"SearchAction\",\"target\":{\"@type\":\"EntryPoint\",\"urlTemplate\":\"https:\/\/lindy.com\/de\/?s={search_term_string}\"},\"query-input\":{\"@type\":\"PropertyValueSpecification\",\"valueRequired\":true,\"valueName\":\"search_term_string\"}}],\"inLanguage\":\"de-DE\"}]}<\/script>\n<!-- \/ Yoast SEO plugin. -->","yoast_head_json":{"title":"Anwendungen f\u00fcr Bildung & Trainings - Lindy Elektronik","description":"Die neueste Collaboration-Technologie von Lindy erm\u00f6glicht es Ihnen, modernste Trainingsr\u00e4ume & Bildungseinrichtungen so auszustatten, dass Inhalte ansprechend pr\u00e4sentiert werden k\u00f6nnen.","robots":{"index":"index","follow":"follow","max-snippet":"max-snippet:-1","max-image-preview":"max-image-preview:large","max-video-preview":"max-video-preview:-1"},"canonical":"https:\/\/lindy.com\/de\/bildung\/","og_locale":"de_DE","og_type":"article","og_title":"Anwendungen f\u00fcr Bildung & Trainings - Lindy Elektronik","og_description":"Die neueste Collaboration-Technologie von Lindy erm\u00f6glicht es Ihnen, modernste Trainingsr\u00e4ume & Bildungseinrichtungen so auszustatten, dass Inhalte ansprechend pr\u00e4sentiert werden k\u00f6nnen.","og_url":"https:\/\/lindy.com\/de\/bildung\/","og_site_name":"Lindy - German","article_modified_time":"2019-11-04T16:03:50+00:00","og_image":[{"url":"https:\/\/lindy.com\/en\/wp-content\/uploads\/sites\/2\/2018\/10\/38156_AP.jpg","type":"","width":"","height":""}],"twitter_card":"summary_large_image","twitter_misc":{"Gesch\u00e4tzte Lesezeit":"2 Minuten"},"schema":{"@context":"https:\/\/schema.org","@graph":[{"@type":"WebPage","@id":"https:\/\/lindy.com\/de\/bildung\/","url":"https:\/\/lindy.com\/de\/bildung\/","name":"Anwendungen f\u00fcr Bildung & Trainings - Lindy Elektronik","isPartOf":{"@id":"https:\/\/lindy.com\/de\/#website"},"primaryImageOfPage":{"@id":"https:\/\/lindy.com\/de\/bildung\/#primaryimage"},"image":{"@id":"https:\/\/lindy.com\/de\/bildung\/#primaryimage"},"thumbnailUrl":"https:\/\/lindy.com\/en\/wp-content\/uploads\/sites\/2\/2018\/10\/38156_AP.jpg","datePublished":"2018-10-26T12:06:19+00:00","dateModified":"2019-11-04T16:03:50+00:00","description":"Die neueste Collaboration-Technologie von Lindy erm\u00f6glicht es Ihnen, modernste Trainingsr\u00e4ume & Bildungseinrichtungen so auszustatten, dass Inhalte ansprechend pr\u00e4sentiert werden k\u00f6nnen.","breadcrumb":{"@id":"https:\/\/lindy.com\/de\/bildung\/#breadcrumb"},"inLanguage":"de-DE","potentialAction":[{"@type":"ReadAction","target":["https:\/\/lindy.com\/de\/bildung\/"]}]},{"@type":"ImageObject","inLanguage":"de-DE","@id":"https:\/\/lindy.com\/de\/bildung\/#primaryimage","url":"https:\/\/lindy.com\/en\/wp-content\/uploads\/sites\/2\/2018\/10\/38156_AP.jpg","contentUrl":"https:\/\/lindy.com\/en\/wp-content\/uploads\/sites\/2\/2018\/10\/38156_AP.jpg"},{"@type":"BreadcrumbList","@id":"https:\/\/lindy.com\/de\/bildung\/#breadcrumb","itemListElement":[{"@type":"ListItem","position":1,"name":"Home","item":"https:\/\/lindy.com\/de\/"},{"@type":"ListItem","position":2,"name":"L\u00f6sungen f\u00fcr Bildungsbereich"}]},{"@type":"WebSite","@id":"https:\/\/lindy.com\/de\/#website","url":"https:\/\/lindy.com\/de\/","name":"Lindy - German","description":"Connection Perfection","potentialAction":[{"@type":"SearchAction","target":{"@type":"EntryPoint","urlTemplate":"https:\/\/lindy.com\/de\/?s={search_term_string}"},"query-input":{"@type":"PropertyValueSpecification","valueRequired":true,"valueName":"search_term_string"}}],"inLanguage":"de-DE"}]}},"_links":{"self":[{"href":"https:\/\/lindy.com\/de\/wp-json\/wp\/v2\/pages\/80","targetHints":{"allow":["GET"]}}],"collection":[{"href":"https:\/\/lindy.com\/de\/wp-json\/wp\/v2\/pages"}],"about":[{"href":"https:\/\/lindy.com\/de\/wp-json\/wp\/v2\/types\/page"}],"author":[{"embeddable":true,"href":"https:\/\/lindy.com\/de\/wp-json\/wp\/v2\/users\/15"}],"replies":[{"embeddable":true,"href":"https:\/\/lindy.com\/de\/wp-json\/wp\/v2\/comments?post=80"}],"version-history":[{"count":0,"href":"https:\/\/lindy.com\/de\/wp-json\/wp\/v2\/pages\/80\/revisions"}],"wp:attachment":[{"href":"https:\/\/lindy.com\/de\/wp-json\/wp\/v2\/media?parent=80"}],"curies":[{"name":"wp","href":"https:\/\/api.w.org\/{rel}","templated":true}]}}