{"id":8099,"date":"2024-07-31T12:08:50","date_gmt":"2024-07-31T12:08:50","guid":{"rendered":"https:\/\/lindy.com\/de\/?page_id=8099"},"modified":"2025-03-05T09:43:09","modified_gmt":"2025-03-05T09:43:09","slug":"csr-stiftung","status":"publish","type":"page","link":"https:\/\/lindy.com\/de\/csr-stiftung\/","title":{"rendered":"CSR-Stiftung"},"content":{"rendered":"\n<section class=\"wp-block-lindy-image-text-module section section--full-width-image full-width-image--with-text theme--light section--animation-none align--left  font--size-medium width--half\" style=\"background-image:url()\"><img decoding=\"async\" class=\"full-width-image__image\" src=\"\"\/><div class=\"contained\"><div class=\"full-width-image__content\"><h2 class=\"section__heading\"><span><strong>Die Lindy Stiftung<\/strong><\/span><\/h2><h2 class=\"section__subheading section__subheading__title\"><br\/><\/h2><p class=\"section__paragraph\">Gesellschaftliches Engagement wird bei Lindy mit Tradition aktiv gelebt, sowohl im Rahmen der unternehmerischen Verantwortung als auch privat innerhalb der Unternehmerfamilie und den Mitarbeitenden. Aus diesem Engagement heraus haben Klaus und Ilse Lindenberg im Jahr 2011 die Lindy Stiftung gGmbH gegr\u00fcndet. Mit der Stiftung f\u00f6rdern und unterst\u00fctzen wir ausschlie\u00dflich und unmittelbar gemeinn\u00fctzige Zwecke. Die festgelegten Stiftungszwecke sind breit gef\u00e4chert und umfassen die F\u00f6rderung der Jugend- und Altenhilfe, die Unterst\u00fctzung hilfsbed\u00fcrftiger Personen, die F\u00f6rderung der Entwicklungshilfe, der Kultur, der Bildung und des Tierschutzes.\u00a0<br\/><br\/>Das Stiftungsverm\u00f6gen speist sich im Wesentlichen aus der Beteiligung an der Lindy-Elektronik GmbH, aber auch aus direkten Zuwendungen an die Lindy-Stiftung.\u00a0<\/p><\/div><\/div><\/section>\n\n\n\n<section class=\"wp-block-lindy-image-text-module section section--full-width-image full-width-image--with-text theme--dark section--animation-none align--left  font--size-medium width--half\" style=\"background-image:url(https:\/\/lindy.com\/de\/wp-content\/uploads\/sites\/3\/2025\/01\/Stiftung-collage-2-HW.png)\"><img decoding=\"async\" class=\"full-width-image__image\" src=\"https:\/\/lindy.com\/de\/wp-content\/uploads\/sites\/3\/2025\/01\/Stiftung-collage-2-HW.png\"\/><div class=\"contained\"><div class=\"full-width-image__content\"><\/div><\/div><\/section>\n\n\n\n<section class=\"wp-block-lindy-image-text-module section section--full-width-image full-width-image--with-text theme--dark section--animation-none align--left  font--size-medium width--half\" style=\"background-image:url(https:\/\/lindy.com\/de\/wp-content\/uploads\/sites\/3\/2025\/01\/Stiftung-collage-1-HW.png)\"><img decoding=\"async\" class=\"full-width-image__image\" src=\"https:\/\/lindy.com\/de\/wp-content\/uploads\/sites\/3\/2025\/01\/Stiftung-collage-1-HW.png\"\/><div class=\"contained\"><div class=\"full-width-image__content\"><\/div><\/div><\/section>\n\n\n\n<section class=\"wp-block-lindy-image-text-module section section--full-width-image full-width-image--with-text theme--dark section--animation-none align--left  font--size-medium width--half\" style=\"background-image:url()\"><img decoding=\"async\" class=\"full-width-image__image\" src=\"\"\/><div class=\"contained\"><div class=\"full-width-image__content\"><p class=\"section__paragraph\">Im Laufe der Jahre hat die Lindy-Stiftung weltweit Projekte im Rahmen ihrer Stiftungszwecke gef\u00f6rdert. Ein besonderer Schwerpunkt liegt dabei auf der kontinuierlichen F\u00f6rderung von gemeinn\u00fctzigen Organisationen, in denen sich Mitglieder der Unternehmerfamilie selbst engagieren.\u00a0\u00a0<br\/><br\/>Dar\u00fcber hinaus unterst\u00fctzt die Stiftung Initiativen und Organisationen in akuten Krisensituationen wie der Corona-Pandemie oder dem Krieg in der Ukraine sowie bei humanit\u00e4ren und Umweltkatastrophen. Um in akuten F\u00e4llen helfen zu k\u00f6nnen, ohne andere Krisen zu vernachl\u00e4ssigen, unterst\u00fctzen wir ganz bewusst auch immer Organisationen in weniger bekannten, aber nicht weniger bed\u00fcrftigen Krisengebieten.\u00a0<br\/><br\/>Mit j\u00e4hrlichen Spendenausschreibungen haben auch die Lindy-Mitarbeitenden die M\u00f6glichkeit, Organisationen und Projekte vorzuschlagen, die ihnen pers\u00f6nlich am Herzen liegen.\u00a0<\/p><a href=\".\/csr-hf\/#society\" class=\"button button--white-transparent\" target=\"_self\" rel=\"noopener noreferrer\">Zur\u00fcck<\/a><\/div><\/div><\/section>\n\n\n\n<section id=\"toc\" class=\"wp-block-lindy-anchor-section section section--anchor\"><\/section>\n\n\n\n<section id=\"nyota\" class=\"wp-block-lindy-anchor-section section section--anchor\"><\/section>\n\n\n\n<section class=\"wp-block-lindy-image-text-module section section--full-width-image full-width-image--with-text theme--light section--animation-none align--left  font--size-small width--half\" style=\"background-image:url()\"><img decoding=\"async\" class=\"full-width-image__image\" src=\"\"\/><div class=\"contained\"><div class=\"full-width-image__content\"><h2 class=\"section__heading\"><span><strong>Unsere regelm\u00e4ssigen f\u00f6rderprojekte<\/strong><br\/><br\/><br\/><br\/>Nyota<\/span><\/h2><p class=\"section__paragraph\"><br\/>Der Mannheimer Verein Nyota e.V. betreibt im Westen Kenias eine Kindertagesst\u00e4tte, die elternlose Kinder betreut und sprachlich auf die Schule vorbereitet. Zudem f\u00f6rdert der Verein Kleinbauern mit kostenlosen Workshops zu nachhaltiger Landwirtschaft im Rahmen des Nyota Community Empowerment Programms, das Wissenstransfer und Netzwerkbildung erm\u00f6glicht. Die Lindy Stiftung unterst\u00fctzt die Arbeit mit den Waisenkindern, den Ausbau des biologischen Schulgartens zur Versorgung der Kita sowie das Empowerment Programm mit dem Ziel der Hilfe zur Selbsthilfe.\u00a0<br\/><br\/>\u2022 <strong><a href=\"https:\/\/nyota-ev.de\/\" target=\"_blank\" rel=\"noreferrer noopener\">nyota-ev.de<\/a><\/strong><\/p><\/div><\/div><\/section>\n\n\n\n<section class=\"wp-block-lindy-image-text-module section section--full-width-image full-width-image--with-text theme--light section--animation-none align--left  font--size-medium width--half\" style=\"background-image:url(https:\/\/lindy.com\/de\/wp-content\/uploads\/sites\/3\/2025\/03\/Nyota_Gruppenbild1.png)\"><img decoding=\"async\" class=\"full-width-image__image\" src=\"https:\/\/lindy.com\/de\/wp-content\/uploads\/sites\/3\/2025\/03\/Nyota_Gruppenbild1.png\"\/><div class=\"contained\"><div class=\"full-width-image__content\"><\/div><\/div><\/section>\n\n\n\n<section id=\"kibare\" class=\"wp-block-lindy-anchor-section section section--anchor\"><\/section>\n\n\n\n<section class=\"wp-block-lindy-image-text-module section section--full-width-image full-width-image--with-text theme--light section--animation-none align--left  font--size-medium width--half\" style=\"background-image:url(https:\/\/lindy.com\/de\/wp-content\/uploads\/sites\/3\/2024\/07\/Kibare-2.png)\"><img decoding=\"async\" class=\"full-width-image__image\" src=\"https:\/\/lindy.com\/de\/wp-content\/uploads\/sites\/3\/2024\/07\/Kibare-2.png\"\/><div class=\"contained\"><div class=\"full-width-image__content\"><\/div><\/div><\/section>\n\n\n\n<section class=\"wp-block-lindy-image-text-module section section--full-width-image full-width-image--with-text theme--dark section--animation-none align--left  font--size-small width--half\" style=\"background-image:url()\"><img decoding=\"async\" class=\"full-width-image__image\" src=\"\"\/><div class=\"contained\"><div class=\"full-width-image__content\"><h2 class=\"section__heading\"><span>Kibar\u00e9<\/span><\/h2><p class=\"section__paragraph\"><br\/>Die gemeinn\u00fctzige Organisation Kibar\u00e9 Onlus mit Sitz in Como (Italien) ist in der Entwicklungshilfe in Burkina Faso t\u00e4tig. Gemeinsam mit lokalen Partnern werden Projekte in den Bereichen Bildung, Ern\u00e4hrung und Gesundheit umgesetzt. Durch die F\u00f6rderung der Lindy Stiftung konnten in den vergangenen Jahren verschiedene Projekte der Organisation unterst\u00fctzt werden. Zuletzt insbesondere die Initiative \u201eFili die luce\u201c, ein Ausbildungszentrum f\u00fcr die Herstellung und Verarbeitung traditioneller Faso-Danfani-Stoffe, das jungen Menschen eine berufliche Perspektive bietet und lokale Traditionen aufwertet.\u00a0<br\/><br\/><strong>\u2022 <a href=\"https:\/\/www.kibareonlus.org\/\" target=\"_blank\" rel=\"noreferrer noopener\">kibareonlus.org<\/a>\u00a0<\/strong><\/p><\/div><\/div><\/section>\n\n\n\n<section id=\"reiterhof\" class=\"wp-block-lindy-anchor-section section section--anchor\"><\/section>\n\n\n\n<section class=\"wp-block-lindy-image-text-module section section--full-width-image full-width-image--with-text theme--light section--animation-none align--left  font--size-small width--half\" style=\"background-image:url()\"><img decoding=\"async\" class=\"full-width-image__image\" src=\"\"\/><div class=\"contained\"><div class=\"full-width-image__content\"><h2 class=\"section__heading\"><span>Jugendreiterhof<\/span><\/h2><h2 class=\"section__subheading section__subheading__title\">Mannheim<\/h2><p class=\"section__paragraph\"><br\/>Der Jugendreiterhof Mannheim e.V. ist ein gemeinn\u00fctziger Verein, der es sich zur Aufgabe gemacht hat, Kindern und Jugendlichen aus Mannheim einen naturnahen Kontakt zu Pferden zu erm\u00f6glichen. Der p\u00e4dagogische Aspekt und der artgerechte Umgang mit dem Partner Pferd steht im Vordergrund der Arbeit. Die F\u00f6rderung der Lindy-Stiftung kommt den Seniorenpferde, des Vereins zugute. Alte und kranke Pferde werden am Jugendreiterhof nicht, wie in vielen Reitvereinen \u00fcblich, aussortiert, sondern d\u00fcrfen weiterhin in ihrem gewohnten Umfeld und ihrer Herde leben und werden liebevoll betreut.\u00a0<br\/><br\/><strong>\u2022 <a href=\"https:\/\/www.jugendreiterhof-ma.de\/\" target=\"_blank\" rel=\"noreferrer noopener\">jugendreiterhof-ma.de<\/a><\/strong><\/p><a href=\".\/CSR\" class=\"button button--dark\" target=\"_self\" rel=\"noopener noreferrer\">Startseite<\/a><\/div><\/div><\/section>\n\n\n\n<section class=\"wp-block-lindy-image-text-module section section--full-width-image full-width-image--with-text theme--light section--animation-none align--left  font--size-medium width--half\" style=\"background-image:url(https:\/\/lindy.com\/de\/wp-content\/uploads\/sites\/3\/2025\/01\/Reiterhof1FW.png)\"><img decoding=\"async\" class=\"full-width-image__image\" src=\"https:\/\/lindy.com\/de\/wp-content\/uploads\/sites\/3\/2025\/01\/Reiterhof1FW.png\"\/><div class=\"contained\"><div class=\"full-width-image__content\"><\/div><\/div><\/section>\n\n\n\n<section id=\"weitere\" class=\"wp-block-lindy-anchor-section section section--anchor\"><\/section>\n\n\n\n<div style=\"height:43px\" aria-hidden=\"true\" class=\"wp-block-spacer\"><\/div>\n\n\n\n<section id=\"aktion\" class=\"wp-block-lindy-anchor-section section section--anchor\"><\/section>\n\n\n\n<div class=\"wp-block-buttons is-layout-flex wp-block-buttons-is-layout-flex\"><\/div>\n","protected":false},"excerpt":{"rendered":"","protected":false},"author":21,"featured_media":0,"parent":0,"menu_order":0,"comment_status":"closed","ping_status":"closed","template":"page-templates\/template-landing.php","meta":{"_acf_changed":false,"footnotes":""},"class_list":["post-8099","page","type-page","status-publish","hentry"],"acf":[],"yoast_head":"<!-- This site is optimized with the Yoast SEO plugin v26.6 - https:\/\/yoast.com\/wordpress\/plugins\/seo\/ -->\n<title>CSR-Stiftung - Lindy - German<\/title>\n<meta name=\"robots\" content=\"index, follow, max-snippet:-1, max-image-preview:large, max-video-preview:-1\" \/>\n<link rel=\"canonical\" href=\"https:\/\/lindy.com\/de\/csr-stiftung\/\" \/>\n<meta property=\"og:locale\" content=\"de_DE\" \/>\n<meta property=\"og:type\" content=\"article\" \/>\n<meta property=\"og:title\" content=\"CSR-Stiftung - Lindy - German\" \/>\n<meta property=\"og:url\" content=\"https:\/\/lindy.com\/de\/csr-stiftung\/\" \/>\n<meta property=\"og:site_name\" content=\"Lindy - German\" \/>\n<meta property=\"article:modified_time\" content=\"2025-03-05T09:43:09+00:00\" \/>\n<meta property=\"og:image\" content=\"https:\/\/lindy.com\/de\/wp-content\/uploads\/sites\/3\/2025\/01\/Stiftung-collage-2-HW.png\" \/>\n<meta name=\"twitter:card\" content=\"summary_large_image\" \/>\n<meta name=\"twitter:label1\" content=\"Gesch\u00e4tzte Lesezeit\" \/>\n\t<meta name=\"twitter:data1\" content=\"5 Minuten\" \/>\n<script type=\"application\/ld+json\" class=\"yoast-schema-graph\">{\"@context\":\"https:\/\/schema.org\",\"@graph\":[{\"@type\":\"WebPage\",\"@id\":\"https:\/\/lindy.com\/de\/csr-stiftung\/\",\"url\":\"https:\/\/lindy.com\/de\/csr-stiftung\/\",\"name\":\"CSR-Stiftung - Lindy - German\",\"isPartOf\":{\"@id\":\"https:\/\/lindy.com\/de\/#website\"},\"primaryImageOfPage\":{\"@id\":\"https:\/\/lindy.com\/de\/csr-stiftung\/#primaryimage\"},\"image\":{\"@id\":\"https:\/\/lindy.com\/de\/csr-stiftung\/#primaryimage\"},\"thumbnailUrl\":\"https:\/\/lindy.com\/de\/wp-content\/uploads\/sites\/3\/2025\/01\/Stiftung-collage-2-HW.png\",\"datePublished\":\"2024-07-31T12:08:50+00:00\",\"dateModified\":\"2025-03-05T09:43:09+00:00\",\"breadcrumb\":{\"@id\":\"https:\/\/lindy.com\/de\/csr-stiftung\/#breadcrumb\"},\"inLanguage\":\"de-DE\",\"potentialAction\":[{\"@type\":\"ReadAction\",\"target\":[\"https:\/\/lindy.com\/de\/csr-stiftung\/\"]}]},{\"@type\":\"ImageObject\",\"inLanguage\":\"de-DE\",\"@id\":\"https:\/\/lindy.com\/de\/csr-stiftung\/#primaryimage\",\"url\":\"https:\/\/lindy.com\/de\/wp-content\/uploads\/sites\/3\/2025\/01\/Stiftung-collage-2-HW.png\",\"contentUrl\":\"https:\/\/lindy.com\/de\/wp-content\/uploads\/sites\/3\/2025\/01\/Stiftung-collage-2-HW.png\",\"width\":950,\"height\":1000},{\"@type\":\"BreadcrumbList\",\"@id\":\"https:\/\/lindy.com\/de\/csr-stiftung\/#breadcrumb\",\"itemListElement\":[{\"@type\":\"ListItem\",\"position\":1,\"name\":\"Home\",\"item\":\"https:\/\/lindy.com\/de\/\"},{\"@type\":\"ListItem\",\"position\":2,\"name\":\"CSR-Stiftung\"}]},{\"@type\":\"WebSite\",\"@id\":\"https:\/\/lindy.com\/de\/#website\",\"url\":\"https:\/\/lindy.com\/de\/\",\"name\":\"Lindy - German\",\"description\":\"Connection Perfection\",\"potentialAction\":[{\"@type\":\"SearchAction\",\"target\":{\"@type\":\"EntryPoint\",\"urlTemplate\":\"https:\/\/lindy.com\/de\/?s={search_term_string}\"},\"query-input\":{\"@type\":\"PropertyValueSpecification\",\"valueRequired\":true,\"valueName\":\"search_term_string\"}}],\"inLanguage\":\"de-DE\"}]}<\/script>\n<!-- \/ Yoast SEO plugin. -->","yoast_head_json":{"title":"CSR-Stiftung - Lindy - German","robots":{"index":"index","follow":"follow","max-snippet":"max-snippet:-1","max-image-preview":"max-image-preview:large","max-video-preview":"max-video-preview:-1"},"canonical":"https:\/\/lindy.com\/de\/csr-stiftung\/","og_locale":"de_DE","og_type":"article","og_title":"CSR-Stiftung - Lindy - German","og_url":"https:\/\/lindy.com\/de\/csr-stiftung\/","og_site_name":"Lindy - German","article_modified_time":"2025-03-05T09:43:09+00:00","og_image":[{"url":"https:\/\/lindy.com\/de\/wp-content\/uploads\/sites\/3\/2025\/01\/Stiftung-collage-2-HW.png","type":"","width":"","height":""}],"twitter_card":"summary_large_image","twitter_misc":{"Gesch\u00e4tzte Lesezeit":"5 Minuten"},"schema":{"@context":"https:\/\/schema.org","@graph":[{"@type":"WebPage","@id":"https:\/\/lindy.com\/de\/csr-stiftung\/","url":"https:\/\/lindy.com\/de\/csr-stiftung\/","name":"CSR-Stiftung - Lindy - German","isPartOf":{"@id":"https:\/\/lindy.com\/de\/#website"},"primaryImageOfPage":{"@id":"https:\/\/lindy.com\/de\/csr-stiftung\/#primaryimage"},"image":{"@id":"https:\/\/lindy.com\/de\/csr-stiftung\/#primaryimage"},"thumbnailUrl":"https:\/\/lindy.com\/de\/wp-content\/uploads\/sites\/3\/2025\/01\/Stiftung-collage-2-HW.png","datePublished":"2024-07-31T12:08:50+00:00","dateModified":"2025-03-05T09:43:09+00:00","breadcrumb":{"@id":"https:\/\/lindy.com\/de\/csr-stiftung\/#breadcrumb"},"inLanguage":"de-DE","potentialAction":[{"@type":"ReadAction","target":["https:\/\/lindy.com\/de\/csr-stiftung\/"]}]},{"@type":"ImageObject","inLanguage":"de-DE","@id":"https:\/\/lindy.com\/de\/csr-stiftung\/#primaryimage","url":"https:\/\/lindy.com\/de\/wp-content\/uploads\/sites\/3\/2025\/01\/Stiftung-collage-2-HW.png","contentUrl":"https:\/\/lindy.com\/de\/wp-content\/uploads\/sites\/3\/2025\/01\/Stiftung-collage-2-HW.png","width":950,"height":1000},{"@type":"BreadcrumbList","@id":"https:\/\/lindy.com\/de\/csr-stiftung\/#breadcrumb","itemListElement":[{"@type":"ListItem","position":1,"name":"Home","item":"https:\/\/lindy.com\/de\/"},{"@type":"ListItem","position":2,"name":"CSR-Stiftung"}]},{"@type":"WebSite","@id":"https:\/\/lindy.com\/de\/#website","url":"https:\/\/lindy.com\/de\/","name":"Lindy - German","description":"Connection Perfection","potentialAction":[{"@type":"SearchAction","target":{"@type":"EntryPoint","urlTemplate":"https:\/\/lindy.com\/de\/?s={search_term_string}"},"query-input":{"@type":"PropertyValueSpecification","valueRequired":true,"valueName":"search_term_string"}}],"inLanguage":"de-DE"}]}},"_links":{"self":[{"href":"https:\/\/lindy.com\/de\/wp-json\/wp\/v2\/pages\/8099","targetHints":{"allow":["GET"]}}],"collection":[{"href":"https:\/\/lindy.com\/de\/wp-json\/wp\/v2\/pages"}],"about":[{"href":"https:\/\/lindy.com\/de\/wp-json\/wp\/v2\/types\/page"}],"author":[{"embeddable":true,"href":"https:\/\/lindy.com\/de\/wp-json\/wp\/v2\/users\/21"}],"replies":[{"embeddable":true,"href":"https:\/\/lindy.com\/de\/wp-json\/wp\/v2\/comments?post=8099"}],"version-history":[{"count":158,"href":"https:\/\/lindy.com\/de\/wp-json\/wp\/v2\/pages\/8099\/revisions"}],"predecessor-version":[{"id":12727,"href":"https:\/\/lindy.com\/de\/wp-json\/wp\/v2\/pages\/8099\/revisions\/12727"}],"wp:attachment":[{"href":"https:\/\/lindy.com\/de\/wp-json\/wp\/v2\/media?parent=8099"}],"curies":[{"name":"wp","href":"https:\/\/api.w.org\/{rel}","templated":true}]}}