{"id":876,"date":"2019-03-14T11:29:01","date_gmt":"2019-03-14T11:29:01","guid":{"rendered":"https:\/\/lindy.com\/de\/?page_id=876"},"modified":"2025-05-26T10:02:31","modified_gmt":"2025-05-26T10:02:31","slug":"karriere","status":"publish","type":"page","link":"https:\/\/lindy.com\/de\/karriere\/","title":{"rendered":"HR"},"content":{"rendered":"\n<section class=\"wp-block-lindy-image-text-module section section--full-width-image full-width-image--with-text theme--light section--animation-none align--center  font--size-medium\" style=\"background-image:url(https:\/\/lindy.com\/en\/wp-content\/uploads\/sites\/2\/2018\/10\/HR_Image11.jpg)\"><img decoding=\"async\" class=\"full-width-image__image\" src=\"https:\/\/lindy.com\/en\/wp-content\/uploads\/sites\/2\/2018\/10\/HR_Image11.jpg\"\/><div class=\"contained\"><div class=\"full-width-image__content\"><h2 class=\"section__heading\"><span><br\/><br\/><br\/><span style=\"color:#FFFFFF\">PASSIONATE ABOUT OUR PEOPLE<\/span><\/span><\/h2><h2 class=\"section__subheading section__subheading__title\"><span style=\"color:#FFFFFF\">PASSIONATE ABOUT WHAT WE DO<br\/><br\/><br\/><br\/><br\/><\/span><\/h2><a href=\"https:\/\/lindy.com\/de\/offene-stellen\/\" class=\"button button--dark\" target=\"_self\" rel=\"noopener noreferrer\">Offene Stellen<\/a><\/div><\/div><\/section>\n\n\n\n<section class=\"wp-block-lindy-image-text-module section section--full-width-image full-width-image--with-text theme--light section--animation-none align--center font--camber font--size-medium\" style=\"background-image:url()\"><img decoding=\"async\" class=\"full-width-image__image\" src=\"\"\/><div class=\"contained\"><div class=\"full-width-image__content\"><p class=\"section__paragraph\">Lindy ist eine dynamische, zukunftsweisende Technologie-Marke und mit Vertriebs-, Service- und Logistikt\u00e4tigkeiten in 14 L\u00e4ndern aktiv. Unsere Unternehmenswerte verbinden jahrzehntelange kaufm\u00e4nnische Erfahrung und Erfolg mit einer wertsch\u00e4tzenden, progressiven Kultur, die von innovativem Denken, Teamwork und Kooperation gepr\u00e4gt ist.<br\/><br\/>Wir begegnen Mitarbeitern, Gesch\u00e4ftspartnern und Lieferanten stets mit Respekt und auf Augenh\u00f6he. Lindy ist ein Unternehmen, in dem alle Kollegen ermutigt werden, zu wachsen und ihr volles Potenzial zu entfalten.<\/p><\/div><\/div><\/section>\n\n\n\n<section class=\"wp-block-lindy-paragraph-and-images full-width-image--with-text section section--paragraph-image  theme--light font--size-medium popmake-14902\"><div class=\"grid-noBottom-middle-reverse\"><div class=\"col-6_sm-12 full-width-image__content section section--animation-none align--left \"><div class=\"content--animate\"><div class=\"contained\"><p class=\"section__paragraph\">Unsere Lindy Kultur weiterentwickeln bedeutet engagiert sein. F\u00fcr ein kreatives und spannendes Umfeld mit flacher Hierarchie und gro\u00dfen Gestaltungsspielr\u00e4umen. So haben alle Kollegen unseres Teams die Freiheit, ihr Wissen und Talent zu entfalten. Damit sind wir alle Teil der Entwicklung hin zu einer gro\u00dfen Zukunft.<\/p><\/div><\/div><\/div><div class=\"col-6_sm-12 full-width-image--with-text align--left\" style=\"background-image:url(https:\/\/lindy.com\/en\/wp-content\/uploads\/sites\/2\/2018\/10\/HR_Imae1.jpg)\"><img decoding=\"async\" src=\"https:\/\/lindy.com\/en\/wp-content\/uploads\/sites\/2\/2018\/10\/HR_Imae1.jpg\"\/><\/div><\/div><\/section>\n\n\n\n<section class=\"wp-block-lindy-paragraph-and-images full-width-image--with-text section section--paragraph-image  theme--light font--size-medium\"><div class=\"grid-noBottom-middle\"><div class=\"col-6_sm-12 full-width-image__content section section--animation-none align--right \"><div class=\"content--animate\"><div class=\"contained\"><p class=\"section__paragraph\">Unsere Werte, die Mission und Vision von Lindy definieren die Aufgabe von Human Resources: Die Unterst\u00fctzung des gesamten Unternehmensprozesses beim Erreichen unserer Ziele durch unsere wertvollste Ressource &#8211; die Menschen in unserem Team.<\/p><\/div><\/div><\/div><div class=\"col-6_sm-12 full-width-image--with-text align--right\" style=\"background-image:url(https:\/\/lindy.com\/en\/wp-content\/uploads\/sites\/2\/2018\/10\/HR_Imae2-1.jpg)\"><img decoding=\"async\" src=\"https:\/\/lindy.com\/en\/wp-content\/uploads\/sites\/2\/2018\/10\/HR_Imae2-1.jpg\"\/><\/div><\/div><\/section>\n\n\n\n<section class=\"wp-block-lindy-paragraph-and-images full-width-image--with-text section section--paragraph-image  theme--light font--camber font--size-large\"><div class=\"grid-noBottom-middle-reverse\"><div class=\"col-6_sm-12 full-width-image__content section section--animation-none align--left \"><div class=\"content--animate\"><div class=\"contained\"><h2 class=\"section__heading\"><span>EINE VISION<br\/>ZU DENKEN<br\/>ERFORDERT <br\/>VISION\u00c4RE.<\/span><\/h2><\/div><\/div><\/div><div class=\"col-6_sm-12 full-width-image--with-text align--left\" style=\"background-image:url(https:\/\/lindy.com\/en\/wp-content\/uploads\/sites\/2\/2018\/10\/HR_Image14.jpg)\"><img decoding=\"async\" src=\"https:\/\/lindy.com\/en\/wp-content\/uploads\/sites\/2\/2018\/10\/HR_Image14.jpg\"\/><\/div><\/div><\/section>\n\n\n\n<section class=\"wp-block-lindy-image-text-module section section--full-width-image full-width-image--with-text theme--dark section--animation-none align--center font--camber font--size-large\" style=\"background-image:url()\"><img decoding=\"async\" class=\"full-width-image__image\" src=\"\"\/><div class=\"contained\"><div class=\"full-width-image__content\"><h2 class=\"section__heading\"><span>ARBEITEN BEI LINDY.<\/span><\/h2><h2 class=\"section__subheading section__subheading__title\">EINE TEAMSACHE.<br\/><br\/><\/h2><\/div><\/div><\/section>\n\n\n\n<section class=\"wp-block-lindy-paragraph-and-images full-width-image--with-text section section--paragraph-image  theme--dark font--camber font--size-medium\"><div class=\"grid-noBottom-middle-reverse\"><div class=\"col-6_sm-12 full-width-image__content section section--animation-none align--left \"><div class=\"content--animate\"><div class=\"contained\"><h2 class=\"section__subheading section__subheading__title\">\u201cMITREISSEND. MOTIVIEREND. EINE ABSOLUT LEBENDIGE ARBEITSATMOSPH\u00c4RE.\u201d\u00a0<\/h2><p class=\"section__paragraph\"><br\/>Elia LUPI \u2013 Head of European Sales<\/p><\/div><\/div><\/div><div class=\"col-6_sm-12 full-width-image--with-text align--left\" style=\"background-image:url(https:\/\/lindy.com\/en\/wp-content\/uploads\/sites\/2\/2018\/10\/ELIA.jpg)\"><img decoding=\"async\" src=\"https:\/\/lindy.com\/en\/wp-content\/uploads\/sites\/2\/2018\/10\/ELIA.jpg\"\/><\/div><\/div><\/section>\n\n\n\n<section class=\"wp-block-lindy-paragraph-and-images full-width-image--with-text section section--paragraph-image  theme--dark font--camber font--size-medium\"><div class=\"grid-noBottom-middle\"><div class=\"col-6_sm-12 full-width-image__content section section--animation-none align--right \"><div class=\"content--animate\"><div class=\"contained\"><h2 class=\"section__subheading section__subheading__title\">\u201cWIE EINE FAMILIE. \u00dcBERALL AUF DER WELt.\u201d<\/h2><p class=\"section__paragraph\"><br\/>Neil CHIU \u2013 Product Manager<\/p><\/div><\/div><\/div><div class=\"col-6_sm-12 full-width-image--with-text align--right\" style=\"background-image:url(https:\/\/lindy.com\/en\/wp-content\/uploads\/sites\/2\/2018\/10\/NEIL.jpg)\"><img decoding=\"async\" src=\"https:\/\/lindy.com\/en\/wp-content\/uploads\/sites\/2\/2018\/10\/NEIL.jpg\"\/><\/div><\/div><\/section>\n\n\n\n<section class=\"wp-block-lindy-paragraph-and-images full-width-image--with-text section section--paragraph-image  theme--dark font--camber font--size-medium\"><div class=\"grid-noBottom-middle-reverse\"><div class=\"col-6_sm-12 full-width-image__content section section--animation-none align--left \"><div class=\"content--animate\"><div class=\"contained\"><h2 class=\"section__subheading section__subheading__title\">\u201cICH MAG ES, AN EINEM ORT ZU ARBEITEN, AN DEM WIR UNS GEGENSEITIG RESPEKTIEREN UND JEDER JEDEN KENNT.\u201d<\/h2><p class=\"section__paragraph\"><br\/>John PATRICK \u2013 Tech Support Supervisor<\/p><\/div><\/div><\/div><div class=\"col-6_sm-12 full-width-image--with-text align--left\" style=\"background-image:url(https:\/\/lindy.com\/en\/wp-content\/uploads\/sites\/2\/2018\/10\/JOHN.jpg)\"><img decoding=\"async\" src=\"https:\/\/lindy.com\/en\/wp-content\/uploads\/sites\/2\/2018\/10\/JOHN.jpg\"\/><\/div><\/div><\/section>\n\n\n\n<section class=\"wp-block-lindy-paragraph-and-images full-width-image--with-text section section--paragraph-image  theme--dark font--camber font--size-medium\"><div class=\"grid-noBottom-middle\"><div class=\"col-6_sm-12 full-width-image__content section section--animation-none align--right \"><div class=\"content--animate\"><div class=\"contained\"><h2 class=\"section__subheading section__subheading__title\">&#8222;auch als Azubi wird man ernst genommen. Eigene Ideen werden eingefordert und geh\u00f6rt&#8220;<\/h2><p class=\"section__paragraph\"> <br\/>Shari Peters &#8211; Process and Project Manager<br\/>(ehemalige Auszubildende zur Kauffrau im Gro\u00df- und Au\u00dfenhandelsmanagement bei Lindy)<br\/><br\/>Erfahre mehr \u00fcber die Ausbildung bei Lindy im IHK PodCast <\/p><div class=\"section__button\"><a href=\"https:\/\/open.spotify.com\/episode\/5IdqgkOzDOVCiChi2XbbUg\" class=\"button button--white-transparent\" target=\"_blank\" rel=\"noopener\">Zum PodCast<\/a><\/div><\/div><\/div><\/div><div class=\"col-6_sm-12 full-width-image--with-text align--right\" style=\"background-image:url(https:\/\/lindy.com\/de\/wp-content\/uploads\/sites\/3\/2021\/09\/Shari-Peters_blackwhite.jpg)\"><img decoding=\"async\" src=\"https:\/\/lindy.com\/de\/wp-content\/uploads\/sites\/3\/2021\/09\/Shari-Peters_blackwhite.jpg\"\/><\/div><\/div><\/section>\n\n\n\n<section class=\"wp-block-lindy-image-text-module section section--full-width-image full-width-image--with-text theme--dark section--animation-none align--center  font--size-medium\" style=\"background-image:url()\"><img decoding=\"async\" class=\"full-width-image__image\" src=\"\"\/><div class=\"contained\"><div class=\"full-width-image__content\"><p class=\"section__paragraph\">Werde erfolgreicher Teil eines erfolgreichen gro\u00dfen Ganzen. Teil eines expandierenden Unternehmens, das Deine Pers\u00f6nlichkeit und Leistung wertsch\u00e4tzt und f\u00f6rdert. Trage bei zu unserer globalen Strategie, Marktf\u00fchrer zu sein und die Besten in dem, was wir tun.<br\/><br\/>Du arbeitest im lokalen Team und zusammen mit unseren Kollegen und Partnern auf der ganzen Welt. F\u00fcr die Kommunikation \u00fcber Grenzen hinweg und zwischen Kulturen steht Dir ein modernes Arbeitsumfeld zur Verf\u00fcgung.<br\/><br\/>Unser offener und ehrlicher F\u00fchrungsstil stellt echten und direkten Dialog immer vorne an und pr\u00e4gt so die Gemeinschaft in allen Bereichen des gesamten Unternehmens.<br\/><\/p><a href=\"https:\/\/lindy.com\/de\/offene-stellen\/\" class=\"button button--white-transparent\" target=\"_self\" rel=\"noopener noreferrer\">Offene Stellen<\/a><\/div><\/div><\/section>\n","protected":false},"excerpt":{"rendered":"","protected":false},"author":11,"featured_media":0,"parent":0,"menu_order":0,"comment_status":"closed","ping_status":"closed","template":"page-templates\/template-landing.php","meta":{"_acf_changed":false,"footnotes":""},"class_list":["post-876","page","type-page","status-publish","hentry"],"acf":[],"yoast_head":"<!-- This site is optimized with the Yoast SEO plugin v26.6 - https:\/\/yoast.com\/wordpress\/plugins\/seo\/ -->\n<title>HR - Lindy - German<\/title>\n<meta name=\"robots\" content=\"noindex, nofollow\" \/>\n<meta property=\"og:locale\" content=\"de_DE\" \/>\n<meta property=\"og:type\" content=\"article\" \/>\n<meta property=\"og:title\" content=\"HR - Lindy - German\" \/>\n<meta property=\"og:url\" content=\"https:\/\/lindy.com\/de\/karriere\/\" \/>\n<meta property=\"og:site_name\" content=\"Lindy - German\" \/>\n<meta property=\"article:modified_time\" content=\"2025-05-26T10:02:31+00:00\" \/>\n<meta property=\"og:image\" content=\"https:\/\/lindy.com\/en\/wp-content\/uploads\/sites\/2\/2018\/10\/HR_Image11.jpg\" \/>\n<meta name=\"twitter:card\" content=\"summary_large_image\" \/>\n<meta name=\"twitter:label1\" content=\"Gesch\u00e4tzte Lesezeit\" \/>\n\t<meta name=\"twitter:data1\" content=\"5 Minuten\" \/>\n<script type=\"application\/ld+json\" class=\"yoast-schema-graph\">{\"@context\":\"https:\/\/schema.org\",\"@graph\":[{\"@type\":\"WebPage\",\"@id\":\"https:\/\/lindy.com\/de\/karriere\/\",\"url\":\"https:\/\/lindy.com\/de\/karriere\/\",\"name\":\"HR - Lindy - German\",\"isPartOf\":{\"@id\":\"https:\/\/lindy.com\/de\/#website\"},\"primaryImageOfPage\":{\"@id\":\"https:\/\/lindy.com\/de\/karriere\/#primaryimage\"},\"image\":{\"@id\":\"https:\/\/lindy.com\/de\/karriere\/#primaryimage\"},\"thumbnailUrl\":\"https:\/\/lindy.com\/en\/wp-content\/uploads\/sites\/2\/2018\/10\/HR_Image11.jpg\",\"datePublished\":\"2019-03-14T11:29:01+00:00\",\"dateModified\":\"2025-05-26T10:02:31+00:00\",\"breadcrumb\":{\"@id\":\"https:\/\/lindy.com\/de\/karriere\/#breadcrumb\"},\"inLanguage\":\"de-DE\",\"potentialAction\":[{\"@type\":\"ReadAction\",\"target\":[\"https:\/\/lindy.com\/de\/karriere\/\"]}]},{\"@type\":\"ImageObject\",\"inLanguage\":\"de-DE\",\"@id\":\"https:\/\/lindy.com\/de\/karriere\/#primaryimage\",\"url\":\"https:\/\/lindy.com\/en\/wp-content\/uploads\/sites\/2\/2018\/10\/HR_Image11.jpg\",\"contentUrl\":\"https:\/\/lindy.com\/en\/wp-content\/uploads\/sites\/2\/2018\/10\/HR_Image11.jpg\"},{\"@type\":\"BreadcrumbList\",\"@id\":\"https:\/\/lindy.com\/de\/karriere\/#breadcrumb\",\"itemListElement\":[{\"@type\":\"ListItem\",\"position\":1,\"name\":\"Home\",\"item\":\"https:\/\/lindy.com\/de\/\"},{\"@type\":\"ListItem\",\"position\":2,\"name\":\"HR\"}]},{\"@type\":\"WebSite\",\"@id\":\"https:\/\/lindy.com\/de\/#website\",\"url\":\"https:\/\/lindy.com\/de\/\",\"name\":\"Lindy - German\",\"description\":\"Connection Perfection\",\"potentialAction\":[{\"@type\":\"SearchAction\",\"target\":{\"@type\":\"EntryPoint\",\"urlTemplate\":\"https:\/\/lindy.com\/de\/?s={search_term_string}\"},\"query-input\":{\"@type\":\"PropertyValueSpecification\",\"valueRequired\":true,\"valueName\":\"search_term_string\"}}],\"inLanguage\":\"de-DE\"}]}<\/script>\n<!-- \/ Yoast SEO plugin. -->","yoast_head_json":{"title":"HR - Lindy - German","robots":{"index":"noindex","follow":"nofollow"},"og_locale":"de_DE","og_type":"article","og_title":"HR - Lindy - German","og_url":"https:\/\/lindy.com\/de\/karriere\/","og_site_name":"Lindy - German","article_modified_time":"2025-05-26T10:02:31+00:00","og_image":[{"url":"https:\/\/lindy.com\/en\/wp-content\/uploads\/sites\/2\/2018\/10\/HR_Image11.jpg","type":"","width":"","height":""}],"twitter_card":"summary_large_image","twitter_misc":{"Gesch\u00e4tzte Lesezeit":"5 Minuten"},"schema":{"@context":"https:\/\/schema.org","@graph":[{"@type":"WebPage","@id":"https:\/\/lindy.com\/de\/karriere\/","url":"https:\/\/lindy.com\/de\/karriere\/","name":"HR - Lindy - German","isPartOf":{"@id":"https:\/\/lindy.com\/de\/#website"},"primaryImageOfPage":{"@id":"https:\/\/lindy.com\/de\/karriere\/#primaryimage"},"image":{"@id":"https:\/\/lindy.com\/de\/karriere\/#primaryimage"},"thumbnailUrl":"https:\/\/lindy.com\/en\/wp-content\/uploads\/sites\/2\/2018\/10\/HR_Image11.jpg","datePublished":"2019-03-14T11:29:01+00:00","dateModified":"2025-05-26T10:02:31+00:00","breadcrumb":{"@id":"https:\/\/lindy.com\/de\/karriere\/#breadcrumb"},"inLanguage":"de-DE","potentialAction":[{"@type":"ReadAction","target":["https:\/\/lindy.com\/de\/karriere\/"]}]},{"@type":"ImageObject","inLanguage":"de-DE","@id":"https:\/\/lindy.com\/de\/karriere\/#primaryimage","url":"https:\/\/lindy.com\/en\/wp-content\/uploads\/sites\/2\/2018\/10\/HR_Image11.jpg","contentUrl":"https:\/\/lindy.com\/en\/wp-content\/uploads\/sites\/2\/2018\/10\/HR_Image11.jpg"},{"@type":"BreadcrumbList","@id":"https:\/\/lindy.com\/de\/karriere\/#breadcrumb","itemListElement":[{"@type":"ListItem","position":1,"name":"Home","item":"https:\/\/lindy.com\/de\/"},{"@type":"ListItem","position":2,"name":"HR"}]},{"@type":"WebSite","@id":"https:\/\/lindy.com\/de\/#website","url":"https:\/\/lindy.com\/de\/","name":"Lindy - German","description":"Connection Perfection","potentialAction":[{"@type":"SearchAction","target":{"@type":"EntryPoint","urlTemplate":"https:\/\/lindy.com\/de\/?s={search_term_string}"},"query-input":{"@type":"PropertyValueSpecification","valueRequired":true,"valueName":"search_term_string"}}],"inLanguage":"de-DE"}]}},"_links":{"self":[{"href":"https:\/\/lindy.com\/de\/wp-json\/wp\/v2\/pages\/876","targetHints":{"allow":["GET"]}}],"collection":[{"href":"https:\/\/lindy.com\/de\/wp-json\/wp\/v2\/pages"}],"about":[{"href":"https:\/\/lindy.com\/de\/wp-json\/wp\/v2\/types\/page"}],"author":[{"embeddable":true,"href":"https:\/\/lindy.com\/de\/wp-json\/wp\/v2\/users\/11"}],"replies":[{"embeddable":true,"href":"https:\/\/lindy.com\/de\/wp-json\/wp\/v2\/comments?post=876"}],"version-history":[{"count":27,"href":"https:\/\/lindy.com\/de\/wp-json\/wp\/v2\/pages\/876\/revisions"}],"predecessor-version":[{"id":15802,"href":"https:\/\/lindy.com\/de\/wp-json\/wp\/v2\/pages\/876\/revisions\/15802"}],"wp:attachment":[{"href":"https:\/\/lindy.com\/de\/wp-json\/wp\/v2\/media?parent=876"}],"curies":[{"name":"wp","href":"https:\/\/api.w.org\/{rel}","templated":true}]}}